{"id":24835,"date":"2019-08-15T09:50:00","date_gmt":"2019-08-15T08:50:00","guid":{"rendered":"https:\/\/c-profil.se\/produkt\/chiller-ora-o-flow\/"},"modified":"2026-03-17T14:44:25","modified_gmt":"2026-03-17T13:44:25","slug":"the-chiller-ora-o-flow","status":"publish","type":"product","link":"https:\/\/c-profil.se\/english\/produkt\/chiller-ora-o-flow\/","title":{"rendered":"Chiller | ORA O-Flow"},"content":{"rendered":"<p><strong>Chiller \/ ORA O-Flow is an industrial oil cooler developed for precise temperature control of hydraulic and spindle oil in demanding applications.<\/strong><br \/>\nIt is mainly used in machine tools and machining centers to reduce deformation, improve surface finish, and increase machine precision and life.<\/p>","protected":false},"excerpt":{"rendered":"<p>Chiller \/ ORA O-Flow with Oil Cooling is indispensable in a variety of applications:<\/p>\n<ul>\n<li><strong>Mechanical engineering<\/strong> : to control the temperature of the hydraulic oil or spindle oil, prevent deformation and result in better surface finish and accuracy of the finished product.<\/li>\n<li><strong>Chip removal machines<\/strong> : Cooling the cutting oil improves the life of the machine tool and enables a better surface finish on the final product.<\/li>\n<\/ul>\n<p>Thanks to its configurability and high thermodynamic performance, ORA oil coolers can perfectly meet the requirements of these industrial applications.<\/p>\n<p><strong>Certifications<\/strong><\/p>\n<ul>\n<li>CE<\/li>\n<li>EAC<\/li>\n<\/ul>\n<p><strong>Main features<\/strong><\/p>\n<ul>\n<li>Cooling capacity between 2 and 16 kW<\/li>\n<li>Refrigerant R134a (2\u00f74kW); R407C (6\u00f716kW)<\/li>\n<li>Non-ferrous hydraulic circuit and stainless steel evaporator to preserve oil quality<\/li>\n<li>Microprocessor control programmable with proprietary software<\/li>\n<li>OA reciprocating scroll compressors<\/li>\n<li>Fully configurable units with many options and accessories<\/li>\n<li>Compact design suitable for installation in small spaces near the machine tool<\/li>\n<li>Structure designed for loop handling<\/li>\n<li>Axial fans with speed control (optional)<\/li>\n<li>10 bar gear pump (optional)<\/li>\n<li>Zero oil pressure gauge \u2013 25 bar in glycerine<\/li>\n<li>Automatic hydraulic bypass valve set at 10 bar<\/li>\n<li>The structure and design ensures full access to internal components for easy maintenance<\/li>\n<\/ul>\n<p><strong>Available versions<\/strong><\/p>\n<ul>\n<li>Direct replacement version with plate evaporator<\/li>\n<li>Direct replacement version with plate evaporator and gear pump<\/li>\n<\/ul>\n<p>ORA Process Chillers do not fall under the applicability of the regulations MT (Medium Temperature \u2013 EU 2015\/1095) and HT (High Temperature \u2013 EU 2016\/2281).<br \/>\nWorking range of the cooled liquid: +13\u00b0C \u00f7 +30\u00b0C<\/p>","protected":false},"featured_media":51439,"template":"","meta":{"_acf_changed":false},"product_brand":[735],"product_cat":[266],"product_tag":[952,962,972,971],"class_list":{"0":"post-24835","1":"product","2":"type-product","3":"status-publish","4":"has-post-thumbnail","6":"product_brand-cosmotec","7":"product_cat-chillers","8":"product_tag-kravande-miljo","9":"product_tag-kylning","10":"product_tag-maskinkylning","11":"product_tag-processindustri","13":"first","14":"instock","15":"shipping-taxable","16":"product-type-simple"},"acf":[],"yoast_head":"<!-- This site is optimized with the Yoast SEO Premium plugin v27.4 (Yoast SEO v27.4) - https:\/\/yoast.com\/product\/yoast-seo-premium-wordpress\/ -->\n<title>Chiller \/ ORA O-Flow - C-Pro<\/title>\n<meta name=\"description\" content=\"Chiller \/ ORA O-Flow \u00e4r en oljeindustrikylare Kylkapacitet: 2100W-16000W kylare f\u00f6r processkylning. Med en effekt p\u00e5 2100W-16000W. L\u00e4s Mer!\" \/>\n<meta name=\"robots\" content=\"index, follow, max-snippet:-1, max-image-preview:large, max-video-preview:-1\" \/>\n<link rel=\"canonical\" href=\"https:\/\/c-profil.se\/english\/product\/the-chiller-ora-o-flow\/\" \/>\n<meta property=\"og:locale\" content=\"en_US\" \/>\n<meta property=\"og:type\" content=\"article\" \/>\n<meta property=\"og:title\" content=\"Chiller | ORA O-Flow - C-Pro\" \/>\n<meta property=\"og:description\" content=\"Chiller \/ ORA O-Flow med Oljekylning \u00e4r oumb\u00e4rlig i en m\u00e4ngd olika till\u00e4mpningar:   Verktygsmaskiner : f\u00f6r att kontrollera temperaturen p\u00e5 hydrauloljan eller spindeloljan, f\u00f6rhindra deformation och resultera i b\u00e4ttre ytfinish och noggrannhet hos den f\u00e4rdiga produkten.  Sp\u00e5nborttagningsmaskiner : Kylning av sk\u00e4roljan f\u00f6rb\u00e4ttrar verktygsmaskinens livsl\u00e4ngd och m\u00f6jligg\u00f6r en b\u00e4ttre ytfinish p\u00e5 slutprodukten.  Tack vare sin konfigurerbarhet och h\u00f6ga termodynamiska prestanda kan ORA oljekylare perfekt uppfylla kraven f\u00f6r dessa industriella applikationer.  Certifieringar   CE  EAC  Huvuddrag   Kylkapacitet mellan 2 och 16 kW  K\u00f6ldmedium R134a (2\u00f74kW); R407C (6\u00f716kW)  Icke-j\u00e4rnhydraulisk krets och f\u00f6r\u00e5ngare av rostfritt st\u00e5l f\u00f6r att bevara oljekvaliteten  Mikroprocessorkontroll programmerbar med propriet\u00e4r programvara  OA kolvscrollkompressorer  Fullt konfigurerbara enheter med m\u00e5nga alternativ och tillbeh\u00f6r  Kompakt design l\u00e4mplig f\u00f6r installation i sm\u00e5 utrymmen n\u00e4ra verktygsmaskinen  Struktur designad f\u00f6r hantering med \u00f6gla  Axialfl\u00e4ktar med varvtalsreglering (tillval)  10 bars kugghjulspump (tillval)  Noll oljetrycksm\u00e4tare \u2013 25 bar i glycerin  Automatisk hydraulisk bypass-ventil inst\u00e4lld p\u00e5 10 bar  Strukturen och designen s\u00e4kerst\u00e4ller fullst\u00e4ndig \u00e5tkomst till interna komponenter f\u00f6r enkelt underh\u00e5ll  Tillg\u00e4ngliga versioner   Direktbytesversion med plattf\u00f6r\u00e5ngare  Direktbytesversion med plattf\u00f6r\u00e5ngare och kugghjulspump  ORA Process Chillers faller inte under till\u00e4mpligheten av reglerna MT (Medium Temperature \u2013 EU 2015\/1095) och HT (High Temperature \u2013 EU 2016\/2281). Arbetsomr\u00e5det f\u00f6r den kylda v\u00e4tskan: +13\u00b0C \u00f7 +30\u00b0C\" \/>\n<meta property=\"og:url\" content=\"https:\/\/c-profil.se\/english\/product\/the-chiller-ora-o-flow\/\" \/>\n<meta property=\"og:site_name\" content=\"C-Pro\" \/>\n<meta property=\"article:publisher\" content=\"https:\/\/www.facebook.com\/people\/C-Pro\/61561767306874\/\" \/>\n<meta property=\"article:modified_time\" content=\"2026-03-17T13:44:25+00:00\" \/>\n<meta property=\"og:image\" content=\"https:\/\/c-profil.se\/wp-content\/uploads\/2019\/08\/Chiller-ORA-O-Flow.jpg\" \/>\n\t<meta property=\"og:image:width\" content=\"1000\" \/>\n\t<meta property=\"og:image:height\" content=\"1000\" \/>\n\t<meta property=\"og:image:type\" content=\"image\/jpeg\" \/>\n<meta name=\"twitter:card\" content=\"summary_large_image\" \/>\n<meta name=\"twitter:label1\" content=\"Price\" \/>\n\t<meta name=\"twitter:data1\" content=\"\" \/>\n\t<meta name=\"twitter:label2\" content=\"Availability\" \/>\n\t<meta name=\"twitter:data2\" content=\"In stock\" \/>\n<script type=\"application\/ld+json\" class=\"yoast-schema-graph\">{\"@context\":\"https:\\\/\\\/schema.org\",\"@graph\":[{\"@type\":\"WebPage\",\"@id\":\"https:\\\/\\\/c-profil.se\\\/produkt\\\/chiller-ora-o-flow\\\/\",\"url\":\"https:\\\/\\\/c-profil.se\\\/produkt\\\/chiller-ora-o-flow\\\/\",\"name\":\"Chiller \\\/ ORA O-Flow - C-Pro\",\"isPartOf\":{\"@id\":\"https:\\\/\\\/c-profil.se\\\/#website\"},\"primaryImageOfPage\":{\"@id\":\"https:\\\/\\\/c-profil.se\\\/produkt\\\/chiller-ora-o-flow\\\/#primaryimage\"},\"image\":{\"@id\":\"https:\\\/\\\/c-profil.se\\\/produkt\\\/chiller-ora-o-flow\\\/#primaryimage\"},\"thumbnailUrl\":\"https:\\\/\\\/c-profil.se\\\/wp-content\\\/uploads\\\/2019\\\/08\\\/Chiller-ORA-O-Flow.jpg\",\"datePublished\":\"2019-08-15T08:50:00+00:00\",\"dateModified\":\"2026-03-17T13:44:25+00:00\",\"description\":\"Chiller \\\/ ORA O-Flow \u00e4r en oljeindustrikylare Kylkapacitet: 2100W-16000W kylare f\u00f6r processkylning. Med en effekt p\u00e5 2100W-16000W. L\u00e4s Mer!\",\"breadcrumb\":{\"@id\":\"https:\\\/\\\/c-profil.se\\\/produkt\\\/chiller-ora-o-flow\\\/#breadcrumb\"},\"inLanguage\":\"en\",\"potentialAction\":[{\"@type\":\"ReadAction\",\"target\":[\"https:\\\/\\\/c-profil.se\\\/produkt\\\/chiller-ora-o-flow\\\/\"]}]},{\"@type\":\"ImageObject\",\"inLanguage\":\"en\",\"@id\":\"https:\\\/\\\/c-profil.se\\\/produkt\\\/chiller-ora-o-flow\\\/#primaryimage\",\"url\":\"https:\\\/\\\/c-profil.se\\\/wp-content\\\/uploads\\\/2019\\\/08\\\/Chiller-ORA-O-Flow.jpg\",\"contentUrl\":\"https:\\\/\\\/c-profil.se\\\/wp-content\\\/uploads\\\/2019\\\/08\\\/Chiller-ORA-O-Flow.jpg\",\"width\":1000,\"height\":1000,\"caption\":\"Chiller ORA O-Flow\"},{\"@type\":\"BreadcrumbList\",\"@id\":\"https:\\\/\\\/c-profil.se\\\/produkt\\\/chiller-ora-o-flow\\\/#breadcrumb\",\"itemListElement\":[{\"@type\":\"ListItem\",\"position\":1,\"name\":\"Hem\",\"item\":\"https:\\\/\\\/c-profil.se\\\/\"},{\"@type\":\"ListItem\",\"position\":2,\"name\":\"Produkter\",\"item\":\"https:\\\/\\\/c-profil.se\\\/produkter\\\/\"},{\"@type\":\"ListItem\",\"position\":3,\"name\":\"Chillers - industrikylare\",\"item\":\"https:\\\/\\\/c-profil.se\\\/produkt-kategori\\\/chillers\\\/\"},{\"@type\":\"ListItem\",\"position\":4,\"name\":\"Chiller | ORA O-Flow\"}]},{\"@type\":\"WebSite\",\"@id\":\"https:\\\/\\\/c-profil.se\\\/#website\",\"url\":\"https:\\\/\\\/c-profil.se\\\/\",\"name\":\"C-Pro\",\"description\":\"Produkter f\u00f6r El och Automation\",\"publisher\":{\"@id\":\"https:\\\/\\\/c-profil.se\\\/#organization\"},\"potentialAction\":[{\"@type\":\"SearchAction\",\"target\":{\"@type\":\"EntryPoint\",\"urlTemplate\":\"https:\\\/\\\/c-profil.se\\\/?s={search_term_string}\"},\"query-input\":{\"@type\":\"PropertyValueSpecification\",\"valueRequired\":true,\"valueName\":\"search_term_string\"}}],\"inLanguage\":\"en\"},{\"@type\":\"Organization\",\"@id\":\"https:\\\/\\\/c-profil.se\\\/#organization\",\"name\":\"C-Pro\",\"alternateName\":\"C-PRO\",\"url\":\"https:\\\/\\\/c-profil.se\\\/\",\"logo\":{\"@type\":\"ImageObject\",\"inLanguage\":\"en\",\"@id\":\"https:\\\/\\\/c-profil.se\\\/#\\\/schema\\\/logo\\\/image\\\/\",\"url\":\"https:\\\/\\\/c-profil.se\\\/wp-content\\\/uploads\\\/2022\\\/03\\\/c-pro-logga-liggande-500x500-1.png\",\"contentUrl\":\"https:\\\/\\\/c-profil.se\\\/wp-content\\\/uploads\\\/2022\\\/03\\\/c-pro-logga-liggande-500x500-1.png\",\"width\":500,\"height\":500,\"caption\":\"C-Pro\"},\"image\":{\"@id\":\"https:\\\/\\\/c-profil.se\\\/#\\\/schema\\\/logo\\\/image\\\/\"},\"sameAs\":[\"https:\\\/\\\/www.facebook.com\\\/people\\\/C-Pro\\\/61561767306874\\\/\",\"https:\\\/\\\/www.linkedin.com\\\/company\\\/c-pro-ab\",\"https:\\\/\\\/www.instagram.com\\\/cpro.ab\\\/\"],\"description\":\"C-PRO AB \u00e4r en helt\u00e4ckande leverant\u00f6r av material f\u00f6r applikationer inom el och automation. \u00c4nda sedan starten 1987 har vi f\u00f6rsett den svenska tillverkande industrin med elmaterial. Trots v\u00e5r storlek och ledande position har vi aldrig \u00f6vergett v\u00e5r grundfilosofi, att vara en personlig leverant\u00f6r. Vi p\u00e5 C-PRO \u00e4r l\u00e4tta att komma i kontakt med, \u00e4rliga och brinner f\u00f6r att l\u00f6sa v\u00e5ra kunders problem.\",\"email\":\"info@c-profil.se\",\"telephone\":\"031575785\",\"legalName\":\"C-Profil F\u00f6rl\u00e4ggningsmaterial AB\",\"foundingDate\":\"1987-01-01\"}]}<\/script>\n<meta property=\"product:brand\" content=\"kr\u00e4vande milj\u00f6\" \/>\n<meta property=\"product:price:currency\" content=\"SEK\" \/>\n<meta property=\"og:availability\" content=\"instock\" \/>\n<meta property=\"product:availability\" content=\"instock\" \/>\n<meta property=\"product:retailer_item_id\" content=\"ORA O-Flow\" \/>\n<meta property=\"product:condition\" content=\"new\" \/>\n<!-- \/ Yoast SEO Premium plugin. -->","yoast_head_json":{"title":"Chiller \/ ORA O-Flow  2100W-16000W - C-Pro","description":"Chiller \/ ORA O-Flow is an oil industry chiller Cooling capacity: 2100W-16000W chiller for process cooling. With an output of 2100W-16000W. Read More!","robots":{"index":"index","follow":"follow","max-snippet":"max-snippet:-1","max-image-preview":"max-image-preview:large","max-video-preview":"max-video-preview:-1"},"canonical":"https:\/\/c-profil.se\/english\/product\/the-chiller-ora-o-flow\/","og_locale":"en_US","og_type":"article","og_title":"Chiller | ORA O-Flow - C-Pro","og_description":"Chiller \/ ORA O-Flow med Oljekylning \u00e4r oumb\u00e4rlig i en m\u00e4ngd olika till\u00e4mpningar:   Verktygsmaskiner : f\u00f6r att kontrollera temperaturen p\u00e5 hydrauloljan eller spindeloljan, f\u00f6rhindra deformation och resultera i b\u00e4ttre ytfinish och noggrannhet hos den f\u00e4rdiga produkten.  Sp\u00e5nborttagningsmaskiner : Kylning av sk\u00e4roljan f\u00f6rb\u00e4ttrar verktygsmaskinens livsl\u00e4ngd och m\u00f6jligg\u00f6r en b\u00e4ttre ytfinish p\u00e5 slutprodukten.  Tack vare sin konfigurerbarhet och h\u00f6ga termodynamiska prestanda kan ORA oljekylare perfekt uppfylla kraven f\u00f6r dessa industriella applikationer.  Certifieringar   CE  EAC  Huvuddrag   Kylkapacitet mellan 2 och 16 kW  K\u00f6ldmedium R134a (2\u00f74kW); R407C (6\u00f716kW)  Icke-j\u00e4rnhydraulisk krets och f\u00f6r\u00e5ngare av rostfritt st\u00e5l f\u00f6r att bevara oljekvaliteten  Mikroprocessorkontroll programmerbar med propriet\u00e4r programvara  OA kolvscrollkompressorer  Fullt konfigurerbara enheter med m\u00e5nga alternativ och tillbeh\u00f6r  Kompakt design l\u00e4mplig f\u00f6r installation i sm\u00e5 utrymmen n\u00e4ra verktygsmaskinen  Struktur designad f\u00f6r hantering med \u00f6gla  Axialfl\u00e4ktar med varvtalsreglering (tillval)  10 bars kugghjulspump (tillval)  Noll oljetrycksm\u00e4tare \u2013 25 bar i glycerin  Automatisk hydraulisk bypass-ventil inst\u00e4lld p\u00e5 10 bar  Strukturen och designen s\u00e4kerst\u00e4ller fullst\u00e4ndig \u00e5tkomst till interna komponenter f\u00f6r enkelt underh\u00e5ll  Tillg\u00e4ngliga versioner   Direktbytesversion med plattf\u00f6r\u00e5ngare  Direktbytesversion med plattf\u00f6r\u00e5ngare och kugghjulspump  ORA Process Chillers faller inte under till\u00e4mpligheten av reglerna MT (Medium Temperature \u2013 EU 2015\/1095) och HT (High Temperature \u2013 EU 2016\/2281). Arbetsomr\u00e5det f\u00f6r den kylda v\u00e4tskan: +13\u00b0C \u00f7 +30\u00b0C","og_url":"https:\/\/c-profil.se\/english\/product\/the-chiller-ora-o-flow\/","og_site_name":"C-Pro","article_publisher":"https:\/\/www.facebook.com\/people\/C-Pro\/61561767306874\/","article_modified_time":"2026-03-17T13:44:25+00:00","og_image":[{"width":1000,"height":1000,"url":"https:\/\/c-profil.se\/wp-content\/uploads\/2019\/08\/Chiller-ORA-O-Flow.jpg","type":"image\/jpeg"}],"twitter_card":"summary_large_image","twitter_misc":{"Price":"","Availability":"In stock"},"schema":{"@context":"https:\/\/schema.org","@graph":[{"@type":"WebPage","@id":"https:\/\/c-profil.se\/produkt\/chiller-ora-o-flow\/","url":"https:\/\/c-profil.se\/produkt\/chiller-ora-o-flow\/","name":"Chiller \/ ORA O-Flow  2100W-16000W - C-Pro","isPartOf":{"@id":"https:\/\/c-profil.se\/#website"},"primaryImageOfPage":{"@id":"https:\/\/c-profil.se\/produkt\/chiller-ora-o-flow\/#primaryimage"},"image":{"@id":"https:\/\/c-profil.se\/produkt\/chiller-ora-o-flow\/#primaryimage"},"thumbnailUrl":"https:\/\/c-profil.se\/wp-content\/uploads\/2019\/08\/Chiller-ORA-O-Flow.jpg","datePublished":"2019-08-15T08:50:00+00:00","dateModified":"2026-03-17T13:44:25+00:00","description":"Chiller \/ ORA O-Flow is an oil industry chiller Cooling capacity: 2100W-16000W chiller for process cooling. With an output of 2100W-16000W. Read More!","breadcrumb":{"@id":"https:\/\/c-profil.se\/produkt\/chiller-ora-o-flow\/#breadcrumb"},"inLanguage":"en","potentialAction":[{"@type":"ReadAction","target":["https:\/\/c-profil.se\/produkt\/chiller-ora-o-flow\/"]}]},{"@type":"ImageObject","inLanguage":"en","@id":"https:\/\/c-profil.se\/produkt\/chiller-ora-o-flow\/#primaryimage","url":"https:\/\/c-profil.se\/wp-content\/uploads\/2019\/08\/Chiller-ORA-O-Flow.jpg","contentUrl":"https:\/\/c-profil.se\/wp-content\/uploads\/2019\/08\/Chiller-ORA-O-Flow.jpg","width":1000,"height":1000,"caption":"Chiller ORA O-Flow"},{"@type":"BreadcrumbList","@id":"https:\/\/c-profil.se\/produkt\/chiller-ora-o-flow\/#breadcrumb","itemListElement":[{"@type":"ListItem","position":1,"name":"Hem","item":"https:\/\/c-profil.se\/"},{"@type":"ListItem","position":2,"name":"Produkter","item":"https:\/\/c-profil.se\/produkter\/"},{"@type":"ListItem","position":3,"name":"Chillers - industrikylare","item":"https:\/\/c-profil.se\/produkt-kategori\/chillers\/"},{"@type":"ListItem","position":4,"name":"Chiller | ORA O-Flow"}]},{"@type":"WebSite","@id":"https:\/\/c-profil.se\/#website","url":"https:\/\/c-profil.se\/","name":"C-Pro","description":"Products for Electricity and Automation","publisher":{"@id":"https:\/\/c-profil.se\/#organization"},"potentialAction":[{"@type":"SearchAction","target":{"@type":"EntryPoint","urlTemplate":"https:\/\/c-profil.se\/?s={search_term_string}"},"query-input":{"@type":"PropertyValueSpecification","valueRequired":true,"valueName":"search_term_string"}}],"inLanguage":"en"},{"@type":"Organization","@id":"https:\/\/c-profil.se\/#organization","name":"C-Pro","alternateName":"C-PRO","url":"https:\/\/c-profil.se\/","logo":{"@type":"ImageObject","inLanguage":"en","@id":"https:\/\/c-profil.se\/#\/schema\/logo\/image\/","url":"https:\/\/c-profil.se\/wp-content\/uploads\/2022\/03\/c-pro-logga-liggande-500x500-1.png","contentUrl":"https:\/\/c-profil.se\/wp-content\/uploads\/2022\/03\/c-pro-logga-liggande-500x500-1.png","width":500,"height":500,"caption":"C-Pro"},"image":{"@id":"https:\/\/c-profil.se\/#\/schema\/logo\/image\/"},"sameAs":["https:\/\/www.facebook.com\/people\/C-Pro\/61561767306874\/","https:\/\/www.linkedin.com\/company\/c-pro-ab","https:\/\/www.instagram.com\/cpro.ab\/"],"description":"C-PRO AB is a comprehensive supplier of materials for applications in electricity and automation. Ever since the start in 1987, we have supplied the Swedish manufacturing industry with electrical materials. Despite our size and leading position, we have never abandoned our basic philosophy, to be a personal supplier. We at C-PRO are easy to get in touch with, honest and passionate about solving our customers&#039; problems.","email":"info@c-profil.se","telephone":"031575785","legalName":"C-Profil F\u00f6rl\u00e4ggningsmaterial AB","foundingDate":"1987-01-01"}]},"product_brand":"kr\u00e4vande milj\u00f6","product_price_currency":"SEK","og_availability":"instock","product_availability":"instock","product_retailer_item_id":"ORA O-Flow","product_condition":"new"},"_links":{"self":[{"href":"https:\/\/c-profil.se\/english\/wp-json\/wp\/v2\/product\/24835","targetHints":{"allow":["GET"]}}],"collection":[{"href":"https:\/\/c-profil.se\/english\/wp-json\/wp\/v2\/product"}],"about":[{"href":"https:\/\/c-profil.se\/english\/wp-json\/wp\/v2\/types\/product"}],"version-history":[{"count":6,"href":"https:\/\/c-profil.se\/english\/wp-json\/wp\/v2\/product\/24835\/revisions"}],"predecessor-version":[{"id":74388,"href":"https:\/\/c-profil.se\/english\/wp-json\/wp\/v2\/product\/24835\/revisions\/74388"}],"wp:featuredmedia":[{"embeddable":true,"href":"https:\/\/c-profil.se\/english\/wp-json\/wp\/v2\/media\/51439"}],"wp:attachment":[{"href":"https:\/\/c-profil.se\/english\/wp-json\/wp\/v2\/media?parent=24835"}],"wp:term":[{"taxonomy":"product_brand","embeddable":true,"href":"https:\/\/c-profil.se\/english\/wp-json\/wp\/v2\/product_brand?post=24835"},{"taxonomy":"product_cat","embeddable":true,"href":"https:\/\/c-profil.se\/english\/wp-json\/wp\/v2\/product_cat?post=24835"},{"taxonomy":"product_tag","embeddable":true,"href":"https:\/\/c-profil.se\/english\/wp-json\/wp\/v2\/product_tag?post=24835"}],"curies":[{"name":"wp","href":"https:\/\/api.w.org\/{rel}","templated":true}]}}