{"id":24833,"date":"2019-08-15T09:48:00","date_gmt":"2019-08-15T08:48:00","guid":{"rendered":"https:\/\/c-profil.se\/produkt\/chiller-wsw\/"},"modified":"2026-03-17T14:44:25","modified_gmt":"2026-03-17T13:44:25","slug":"the-chiller-wsw","status":"publish","type":"product","link":"https:\/\/c-profil.se\/english\/produkt\/chiller-wsw\/","title":{"rendered":"Chiller | WSW"},"content":{"rendered":"<p><strong>Chiller \/ WSW is a water-cooled liquid chiller developed for continuous process cooling 24\/7 in industrial applications.<\/strong><br \/>\nIt combines high energy efficiency, wide operating limits and environmentally friendly refrigerant (R513A) for reliable cooling with capacities from 230 to 1530 kW, even under demanding operating conditions.<\/p>","protected":false},"excerpt":{"rendered":"<p>Chiller \/ WSW is a Liquid Chiller designed for process cooling 24\/7, 365 days a year, <strong>water cooled<\/strong>\u00a0with one or two refrigerant circuits and screw compressors optimized for its use <strong>the environmentally friendly refrigerant R513A<\/strong> , dry expansion evaporators and shell and tube condensers and cooling capacity<strong> from 230 kW to 1530 kW<\/strong> .<\/p>\n<p class=\"translation-block\">Cosmotec's experience in process cooling has led to the development of this series of industrial chillers that can meet the <strong>wide operating limits<\/strong> (both environmental and user side) required by the new technology used for energy saving.<\/p>\n<p class=\"translation-block\">All refrigeration units of the WSW series are characterized by high levels of energy efficiency (class A or B) and compliance with the limits required by the <strong>2009\/125\/EC Ecodesign ErP 2021 directive.<\/strong><\/p>\n<p class=\"translation-block\">The HT \u2013<strong>version<\/strong> is designed (on request) for applications with high temperature water (up to +25\u00b0C) and includes screw compressors with oversized motor.<\/p>\n<p class=\"translation-block\">The <strong>Electronic Expansion Valve<\/strong> (EEV) optimizes temperature and pressure for gas evaporation, increases efficiency at part loads on the user side and helps extend the unit's operating range.<\/p>\n<p><strong>Certifications<\/strong><\/p>\n<ul>\n<li>ISO 9001<\/li>\n<li>ISO 14001<\/li>\n<li>ISO 50001<\/li>\n<li>UL certificate<\/li>\n<li>EAC air conditioning<\/li>\n<li>Certificate F.GAS<\/li>\n<\/ul>\n<p><strong>Environmentally friendly version with LOW GWP<\/strong><br \/>\nWSW units are available with environmentally friendly R513A refrigerant that provides a reduction in global warming potential (GWP = 572). Classified A1 R513A is non-toxic and non-flammable.<\/p>\n<p><strong>Free cooling thanks to the WFM module<\/strong><\/p>\n<p>Thanks to the integration of the main components (plate-type water\/water exchangers, servo-controlled valves and one or more inverter-controlled pumps), the WFM CyberCool Free Cooling Booster module makes it possible to transform a system consisting of a WSW cooler and a dry cooler into an energy-saving free cooling system.<\/p>\n<p>These free cooling systems provide <strong>significant energy savings<\/strong> , especially in applications that require high coolant temperatures (plastics, data centers) and installation in areas with cold or temperate climates.<\/p>\n<p><strong>The CyberCool Free Cooling Booster control software monitors both outdoor and operating temperatures and adjusts the cooling capacity of the remote chiller<\/strong>: this ensures both optimal control of the WSW unit's condensing temperature and maximum mid-season free cooling efficiency, with low operating costs and minimal environmental impact.<\/p>\n<p>Depending on the outdoor temperature, the most efficient mode is automatically selected throughout the year, regardless of the local temperature profile.<\/p>\n<ul>\n<li><strong>Compressor mode<\/strong> (DX): the heat load for the plant is met by the WSW refrigerant circuit.<\/li>\n<li><strong>Blend mode<\/strong> : at mild temperatures, WSW works energy efficiently in mixing mode, a combination of free cooling and mechanical cooling with compressors to reduce energy consumption.<\/li>\n<li><strong>Total free cooling<\/strong> : at low outside air temperatures, the liquid is completely cooled by the surrounding air and the compressors are switched off. Energy consumption is minimized by only running the dry cooler's fans at variable speed.<\/li>\n<\/ul>","protected":false},"featured_media":51436,"template":"","meta":{"_acf_changed":false},"product_brand":[735],"product_cat":[266],"product_tag":[952,962,972,971],"class_list":{"0":"post-24833","1":"product","2":"type-product","3":"status-publish","4":"has-post-thumbnail","6":"product_brand-cosmotec","7":"product_cat-chillers","8":"product_tag-kravande-miljo","9":"product_tag-kylning","10":"product_tag-maskinkylning","11":"product_tag-processindustri","13":"first","14":"instock","15":"shipping-taxable","16":"product-type-simple"},"acf":[],"yoast_head":"<!-- This site is optimized with the Yoast SEO Premium plugin v27.4 (Yoast SEO v27.4) - https:\/\/yoast.com\/product\/yoast-seo-premium-wordpress\/ -->\n<title>Chiller \/ WSW - C-Pro<\/title>\n<meta name=\"description\" content=\"Chiller \/ WSW \u00e4r en vattenkondenserade kylare f\u00f6r installation inomhus, speciellt utformade f\u00f6r att ha h\u00f6g prestanda med litet fotavtryck.\" \/>\n<meta name=\"robots\" content=\"index, follow, max-snippet:-1, max-image-preview:large, max-video-preview:-1\" \/>\n<link rel=\"canonical\" href=\"https:\/\/c-profil.se\/english\/product\/the-chiller-wsw\/\" \/>\n<meta property=\"og:locale\" content=\"en_US\" \/>\n<meta property=\"og:type\" content=\"article\" \/>\n<meta property=\"og:title\" content=\"Chiller | WSW - C-Pro\" \/>\n<meta property=\"og:description\" content=\"Chiller \/ WSW \u00e4r en V\u00e4tskekylare designad f\u00f6r processkylning 24\/7, 365 dagar om \u00e5ret, vattenkyld\u00a0med en eller tv\u00e5 k\u00f6ldmediekretsar och skruvkompressorer optimerade f\u00f6r anv\u00e4ndning av det milj\u00f6v\u00e4nliga k\u00f6ldmediet R513A , torrexpansionsf\u00f6r\u00e5ngare och skal- och r\u00f6rkondensorer och kylkapacitet fr\u00e5n 230 kW till 1530 kW .  Cosmotecs erfarenhet av processkylning har lett till utvecklingen av denna serie av industriella kylare som kan m\u00f6ta de breda driftsgr\u00e4nserna (b\u00e5de omgivnings- och anv\u00e4ndarsidan) som kr\u00e4vs av den nya tekniken som anv\u00e4nds f\u00f6r energibesparing.  Alla kylaggregat i WSW-serien k\u00e4nnetecknas av h\u00f6ga niv\u00e5er av energieffektivitet (klass A eller B) och \u00f6verensst\u00e4mmelse med de gr\u00e4nser som kr\u00e4vs enligt 2009\/125\/EC Ecodesign ErP 2021-direktivet .  HT -versionen \u00e4r designad (p\u00e5 beg\u00e4ran) f\u00f6r applikationer med h\u00f6gtemperaturvatten (upp till +25\u00b0C) och inkluderar skruvkompressorer med \u00f6verdimensionerad motor.  Den elektroniska expansionsventilen (EEV) optimerar temperatur och tryck f\u00f6r gasavdunstning, \u00f6kar effektiviteten vid delbelastningar p\u00e5 anv\u00e4ndarsidan och hj\u00e4lper till att ut\u00f6ka enhetens arbetsomr\u00e5de.  Certifieringar   ISO 9001  ISO 14001  ISO 50001  UL-certifikat  EAC luftkonditionering  Certifikat F.GAS  Milj\u00f6v\u00e4nlig version med L\u00c5G GWP WSW-enheter finns tillg\u00e4ngliga med milj\u00f6v\u00e4nligt R513A-k\u00f6ldmedium som ger en minskning av den globala uppv\u00e4rmningspotentialen (GWP = 572). Klassad A1 R513A \u00e4r giftfri och ej brandfarlig.  Gratis kylning tack vare WFM-modulen  Tack vare integrationen av huvudkomponenterna (vatten\/vattenv\u00e4xlare av platttyp, servostyrda ventiler och en eller flera inverterstyrda pumpar) g\u00f6r WFM CyberCool Free Cooling Booster-modulen det m\u00f6jligt att transformera ett system som best\u00e5r av en WSW kylare och en torrkylare till ett energibesparande frikylningssystem.  Dessa frikylningssystem ger betydande energibesparingar , s\u00e4rskilt i applikationer som kr\u00e4ver h\u00f6ga kylv\u00e4tsketemperaturer (plast, datacenter) och installation i omr\u00e5den med kallt eller tempererat klimat.  Styrmjukvaran CyberCool Free Cooling Booster \u00f6vervakar b\u00e5de utomhus- och driftstemperaturer och justerar kylkapaciteten hos fj\u00e4rrkylaren: detta s\u00e4kerst\u00e4ller b\u00e5de optimal kontroll av WSW-enhetens kondenseringstemperatur och maximal frikylningseffektivitet under mellans\u00e4song, med l\u00e5ga driftskostnader och minimal milj\u00f6p\u00e5verkan.  Beroende p\u00e5 utomhustemperaturen v\u00e4ljs det mest effektiva l\u00e4get automatiskt under hela \u00e5ret, oavsett lokal temperaturprofil.   Kompressorl\u00e4ge (DX): v\u00e4rmebelastningen f\u00f6r anl\u00e4ggningen uppfylls av WSW-k\u00f6ldmediekretsen.  Blandningsl\u00e4ge : vid milda temperaturer fungerar WSW energieffektivt i blandningsl\u00e4ge, en kombination av frikylning och mekanisk kylning med kompressorer f\u00f6r att minska energif\u00f6rbrukningen.  Total frikylning : vid l\u00e5ga uteluftstemperaturer kyls v\u00e4tskan helt av den omgivande luften och kompressorerna st\u00e4ngs av. Energif\u00f6rbrukningen minimeras genom att endast driva torrkylarens fl\u00e4ktar med variabel hastighet.\" \/>\n<meta property=\"og:url\" content=\"https:\/\/c-profil.se\/english\/product\/the-chiller-wsw\/\" \/>\n<meta property=\"og:site_name\" content=\"C-Pro\" \/>\n<meta property=\"article:publisher\" content=\"https:\/\/www.facebook.com\/people\/C-Pro\/61561767306874\/\" \/>\n<meta property=\"article:modified_time\" content=\"2026-03-17T13:44:25+00:00\" \/>\n<meta property=\"og:image\" content=\"https:\/\/c-profil.se\/wp-content\/uploads\/2019\/08\/Chiller-WSW.jpg\" \/>\n\t<meta property=\"og:image:width\" content=\"1000\" \/>\n\t<meta property=\"og:image:height\" content=\"1000\" \/>\n\t<meta property=\"og:image:type\" content=\"image\/jpeg\" \/>\n<meta name=\"twitter:card\" content=\"summary_large_image\" \/>\n<meta name=\"twitter:label1\" content=\"Price\" \/>\n\t<meta name=\"twitter:data1\" content=\"\" \/>\n\t<meta name=\"twitter:label2\" content=\"Availability\" \/>\n\t<meta name=\"twitter:data2\" content=\"In stock\" \/>\n<script type=\"application\/ld+json\" class=\"yoast-schema-graph\">{\"@context\":\"https:\\\/\\\/schema.org\",\"@graph\":[{\"@type\":\"WebPage\",\"@id\":\"https:\\\/\\\/c-profil.se\\\/produkt\\\/chiller-wsw\\\/\",\"url\":\"https:\\\/\\\/c-profil.se\\\/produkt\\\/chiller-wsw\\\/\",\"name\":\"Chiller \\\/ WSW - C-Pro\",\"isPartOf\":{\"@id\":\"https:\\\/\\\/c-profil.se\\\/#website\"},\"primaryImageOfPage\":{\"@id\":\"https:\\\/\\\/c-profil.se\\\/produkt\\\/chiller-wsw\\\/#primaryimage\"},\"image\":{\"@id\":\"https:\\\/\\\/c-profil.se\\\/produkt\\\/chiller-wsw\\\/#primaryimage\"},\"thumbnailUrl\":\"https:\\\/\\\/c-profil.se\\\/wp-content\\\/uploads\\\/2019\\\/08\\\/Chiller-WSW.jpg\",\"datePublished\":\"2019-08-15T08:48:00+00:00\",\"dateModified\":\"2026-03-17T13:44:25+00:00\",\"description\":\"Chiller \\\/ WSW \u00e4r en vattenkondenserade kylare f\u00f6r installation inomhus, speciellt utformade f\u00f6r att ha h\u00f6g prestanda med litet fotavtryck.\",\"breadcrumb\":{\"@id\":\"https:\\\/\\\/c-profil.se\\\/produkt\\\/chiller-wsw\\\/#breadcrumb\"},\"inLanguage\":\"en\",\"potentialAction\":[{\"@type\":\"ReadAction\",\"target\":[\"https:\\\/\\\/c-profil.se\\\/produkt\\\/chiller-wsw\\\/\"]}]},{\"@type\":\"ImageObject\",\"inLanguage\":\"en\",\"@id\":\"https:\\\/\\\/c-profil.se\\\/produkt\\\/chiller-wsw\\\/#primaryimage\",\"url\":\"https:\\\/\\\/c-profil.se\\\/wp-content\\\/uploads\\\/2019\\\/08\\\/Chiller-WSW.jpg\",\"contentUrl\":\"https:\\\/\\\/c-profil.se\\\/wp-content\\\/uploads\\\/2019\\\/08\\\/Chiller-WSW.jpg\",\"width\":1000,\"height\":1000,\"caption\":\"Chiller WSW\"},{\"@type\":\"BreadcrumbList\",\"@id\":\"https:\\\/\\\/c-profil.se\\\/produkt\\\/chiller-wsw\\\/#breadcrumb\",\"itemListElement\":[{\"@type\":\"ListItem\",\"position\":1,\"name\":\"Hem\",\"item\":\"https:\\\/\\\/c-profil.se\\\/\"},{\"@type\":\"ListItem\",\"position\":2,\"name\":\"Produkter\",\"item\":\"https:\\\/\\\/c-profil.se\\\/produkter\\\/\"},{\"@type\":\"ListItem\",\"position\":3,\"name\":\"Chillers - industrikylare\",\"item\":\"https:\\\/\\\/c-profil.se\\\/produkt-kategori\\\/chillers\\\/\"},{\"@type\":\"ListItem\",\"position\":4,\"name\":\"Chiller | WSW\"}]},{\"@type\":\"WebSite\",\"@id\":\"https:\\\/\\\/c-profil.se\\\/#website\",\"url\":\"https:\\\/\\\/c-profil.se\\\/\",\"name\":\"C-Pro\",\"description\":\"Produkter f\u00f6r El och Automation\",\"publisher\":{\"@id\":\"https:\\\/\\\/c-profil.se\\\/#organization\"},\"potentialAction\":[{\"@type\":\"SearchAction\",\"target\":{\"@type\":\"EntryPoint\",\"urlTemplate\":\"https:\\\/\\\/c-profil.se\\\/?s={search_term_string}\"},\"query-input\":{\"@type\":\"PropertyValueSpecification\",\"valueRequired\":true,\"valueName\":\"search_term_string\"}}],\"inLanguage\":\"en\"},{\"@type\":\"Organization\",\"@id\":\"https:\\\/\\\/c-profil.se\\\/#organization\",\"name\":\"C-Pro\",\"alternateName\":\"C-PRO\",\"url\":\"https:\\\/\\\/c-profil.se\\\/\",\"logo\":{\"@type\":\"ImageObject\",\"inLanguage\":\"en\",\"@id\":\"https:\\\/\\\/c-profil.se\\\/#\\\/schema\\\/logo\\\/image\\\/\",\"url\":\"https:\\\/\\\/c-profil.se\\\/wp-content\\\/uploads\\\/2022\\\/03\\\/c-pro-logga-liggande-500x500-1.png\",\"contentUrl\":\"https:\\\/\\\/c-profil.se\\\/wp-content\\\/uploads\\\/2022\\\/03\\\/c-pro-logga-liggande-500x500-1.png\",\"width\":500,\"height\":500,\"caption\":\"C-Pro\"},\"image\":{\"@id\":\"https:\\\/\\\/c-profil.se\\\/#\\\/schema\\\/logo\\\/image\\\/\"},\"sameAs\":[\"https:\\\/\\\/www.facebook.com\\\/people\\\/C-Pro\\\/61561767306874\\\/\",\"https:\\\/\\\/www.linkedin.com\\\/company\\\/c-pro-ab\",\"https:\\\/\\\/www.instagram.com\\\/cpro.ab\\\/\"],\"description\":\"C-PRO AB \u00e4r en helt\u00e4ckande leverant\u00f6r av material f\u00f6r applikationer inom el och automation. \u00c4nda sedan starten 1987 har vi f\u00f6rsett den svenska tillverkande industrin med elmaterial. Trots v\u00e5r storlek och ledande position har vi aldrig \u00f6vergett v\u00e5r grundfilosofi, att vara en personlig leverant\u00f6r. Vi p\u00e5 C-PRO \u00e4r l\u00e4tta att komma i kontakt med, \u00e4rliga och brinner f\u00f6r att l\u00f6sa v\u00e5ra kunders problem.\",\"email\":\"info@c-profil.se\",\"telephone\":\"031575785\",\"legalName\":\"C-Profil F\u00f6rl\u00e4ggningsmaterial AB\",\"foundingDate\":\"1987-01-01\"}]}<\/script>\n<meta property=\"product:brand\" content=\"kr\u00e4vande milj\u00f6\" \/>\n<meta property=\"product:price:currency\" content=\"SEK\" \/>\n<meta property=\"og:availability\" content=\"instock\" \/>\n<meta property=\"product:availability\" content=\"instock\" \/>\n<meta property=\"product:retailer_item_id\" content=\"WSW\" \/>\n<meta property=\"product:condition\" content=\"new\" \/>\n<!-- \/ Yoast SEO Premium plugin. -->","yoast_head_json":{"title":"Chiller \/ WSW 230kW-1529kW - C-Pro","description":"Chiller \/ WSW is a water-condensed cooler for indoor installation, specially designed to have high performance with a small footprint.","robots":{"index":"index","follow":"follow","max-snippet":"max-snippet:-1","max-image-preview":"max-image-preview:large","max-video-preview":"max-video-preview:-1"},"canonical":"https:\/\/c-profil.se\/english\/product\/the-chiller-wsw\/","og_locale":"en_US","og_type":"article","og_title":"Chiller | WSW - C-Pro","og_description":"Chiller \/ WSW \u00e4r en V\u00e4tskekylare designad f\u00f6r processkylning 24\/7, 365 dagar om \u00e5ret, vattenkyld\u00a0med en eller tv\u00e5 k\u00f6ldmediekretsar och skruvkompressorer optimerade f\u00f6r anv\u00e4ndning av det milj\u00f6v\u00e4nliga k\u00f6ldmediet R513A , torrexpansionsf\u00f6r\u00e5ngare och skal- och r\u00f6rkondensorer och kylkapacitet fr\u00e5n 230 kW till 1530 kW .  Cosmotecs erfarenhet av processkylning har lett till utvecklingen av denna serie av industriella kylare som kan m\u00f6ta de breda driftsgr\u00e4nserna (b\u00e5de omgivnings- och anv\u00e4ndarsidan) som kr\u00e4vs av den nya tekniken som anv\u00e4nds f\u00f6r energibesparing.  Alla kylaggregat i WSW-serien k\u00e4nnetecknas av h\u00f6ga niv\u00e5er av energieffektivitet (klass A eller B) och \u00f6verensst\u00e4mmelse med de gr\u00e4nser som kr\u00e4vs enligt 2009\/125\/EC Ecodesign ErP 2021-direktivet .  HT -versionen \u00e4r designad (p\u00e5 beg\u00e4ran) f\u00f6r applikationer med h\u00f6gtemperaturvatten (upp till +25\u00b0C) och inkluderar skruvkompressorer med \u00f6verdimensionerad motor.  Den elektroniska expansionsventilen (EEV) optimerar temperatur och tryck f\u00f6r gasavdunstning, \u00f6kar effektiviteten vid delbelastningar p\u00e5 anv\u00e4ndarsidan och hj\u00e4lper till att ut\u00f6ka enhetens arbetsomr\u00e5de.  Certifieringar   ISO 9001  ISO 14001  ISO 50001  UL-certifikat  EAC luftkonditionering  Certifikat F.GAS  Milj\u00f6v\u00e4nlig version med L\u00c5G GWP WSW-enheter finns tillg\u00e4ngliga med milj\u00f6v\u00e4nligt R513A-k\u00f6ldmedium som ger en minskning av den globala uppv\u00e4rmningspotentialen (GWP = 572). Klassad A1 R513A \u00e4r giftfri och ej brandfarlig.  Gratis kylning tack vare WFM-modulen  Tack vare integrationen av huvudkomponenterna (vatten\/vattenv\u00e4xlare av platttyp, servostyrda ventiler och en eller flera inverterstyrda pumpar) g\u00f6r WFM CyberCool Free Cooling Booster-modulen det m\u00f6jligt att transformera ett system som best\u00e5r av en WSW kylare och en torrkylare till ett energibesparande frikylningssystem.  Dessa frikylningssystem ger betydande energibesparingar , s\u00e4rskilt i applikationer som kr\u00e4ver h\u00f6ga kylv\u00e4tsketemperaturer (plast, datacenter) och installation i omr\u00e5den med kallt eller tempererat klimat.  Styrmjukvaran CyberCool Free Cooling Booster \u00f6vervakar b\u00e5de utomhus- och driftstemperaturer och justerar kylkapaciteten hos fj\u00e4rrkylaren: detta s\u00e4kerst\u00e4ller b\u00e5de optimal kontroll av WSW-enhetens kondenseringstemperatur och maximal frikylningseffektivitet under mellans\u00e4song, med l\u00e5ga driftskostnader och minimal milj\u00f6p\u00e5verkan.  Beroende p\u00e5 utomhustemperaturen v\u00e4ljs det mest effektiva l\u00e4get automatiskt under hela \u00e5ret, oavsett lokal temperaturprofil.   Kompressorl\u00e4ge (DX): v\u00e4rmebelastningen f\u00f6r anl\u00e4ggningen uppfylls av WSW-k\u00f6ldmediekretsen.  Blandningsl\u00e4ge : vid milda temperaturer fungerar WSW energieffektivt i blandningsl\u00e4ge, en kombination av frikylning och mekanisk kylning med kompressorer f\u00f6r att minska energif\u00f6rbrukningen.  Total frikylning : vid l\u00e5ga uteluftstemperaturer kyls v\u00e4tskan helt av den omgivande luften och kompressorerna st\u00e4ngs av. Energif\u00f6rbrukningen minimeras genom att endast driva torrkylarens fl\u00e4ktar med variabel hastighet.","og_url":"https:\/\/c-profil.se\/english\/product\/the-chiller-wsw\/","og_site_name":"C-Pro","article_publisher":"https:\/\/www.facebook.com\/people\/C-Pro\/61561767306874\/","article_modified_time":"2026-03-17T13:44:25+00:00","og_image":[{"width":1000,"height":1000,"url":"https:\/\/c-profil.se\/wp-content\/uploads\/2019\/08\/Chiller-WSW.jpg","type":"image\/jpeg"}],"twitter_card":"summary_large_image","twitter_misc":{"Price":"","Availability":"In stock"},"schema":{"@context":"https:\/\/schema.org","@graph":[{"@type":"WebPage","@id":"https:\/\/c-profil.se\/produkt\/chiller-wsw\/","url":"https:\/\/c-profil.se\/produkt\/chiller-wsw\/","name":"Chiller \/ WSW 230kW-1529kW - C-Pro","isPartOf":{"@id":"https:\/\/c-profil.se\/#website"},"primaryImageOfPage":{"@id":"https:\/\/c-profil.se\/produkt\/chiller-wsw\/#primaryimage"},"image":{"@id":"https:\/\/c-profil.se\/produkt\/chiller-wsw\/#primaryimage"},"thumbnailUrl":"https:\/\/c-profil.se\/wp-content\/uploads\/2019\/08\/Chiller-WSW.jpg","datePublished":"2019-08-15T08:48:00+00:00","dateModified":"2026-03-17T13:44:25+00:00","description":"Chiller \/ WSW is a water-condensed cooler for indoor installation, specially designed to have high performance with a small footprint.","breadcrumb":{"@id":"https:\/\/c-profil.se\/produkt\/chiller-wsw\/#breadcrumb"},"inLanguage":"en","potentialAction":[{"@type":"ReadAction","target":["https:\/\/c-profil.se\/produkt\/chiller-wsw\/"]}]},{"@type":"ImageObject","inLanguage":"en","@id":"https:\/\/c-profil.se\/produkt\/chiller-wsw\/#primaryimage","url":"https:\/\/c-profil.se\/wp-content\/uploads\/2019\/08\/Chiller-WSW.jpg","contentUrl":"https:\/\/c-profil.se\/wp-content\/uploads\/2019\/08\/Chiller-WSW.jpg","width":1000,"height":1000,"caption":"Chiller WSW"},{"@type":"BreadcrumbList","@id":"https:\/\/c-profil.se\/produkt\/chiller-wsw\/#breadcrumb","itemListElement":[{"@type":"ListItem","position":1,"name":"Hem","item":"https:\/\/c-profil.se\/"},{"@type":"ListItem","position":2,"name":"Produkter","item":"https:\/\/c-profil.se\/produkter\/"},{"@type":"ListItem","position":3,"name":"Chillers - industrikylare","item":"https:\/\/c-profil.se\/produkt-kategori\/chillers\/"},{"@type":"ListItem","position":4,"name":"Chiller | WSW"}]},{"@type":"WebSite","@id":"https:\/\/c-profil.se\/#website","url":"https:\/\/c-profil.se\/","name":"C-Pro","description":"Products for Electricity and Automation","publisher":{"@id":"https:\/\/c-profil.se\/#organization"},"potentialAction":[{"@type":"SearchAction","target":{"@type":"EntryPoint","urlTemplate":"https:\/\/c-profil.se\/?s={search_term_string}"},"query-input":{"@type":"PropertyValueSpecification","valueRequired":true,"valueName":"search_term_string"}}],"inLanguage":"en"},{"@type":"Organization","@id":"https:\/\/c-profil.se\/#organization","name":"C-Pro","alternateName":"C-PRO","url":"https:\/\/c-profil.se\/","logo":{"@type":"ImageObject","inLanguage":"en","@id":"https:\/\/c-profil.se\/#\/schema\/logo\/image\/","url":"https:\/\/c-profil.se\/wp-content\/uploads\/2022\/03\/c-pro-logga-liggande-500x500-1.png","contentUrl":"https:\/\/c-profil.se\/wp-content\/uploads\/2022\/03\/c-pro-logga-liggande-500x500-1.png","width":500,"height":500,"caption":"C-Pro"},"image":{"@id":"https:\/\/c-profil.se\/#\/schema\/logo\/image\/"},"sameAs":["https:\/\/www.facebook.com\/people\/C-Pro\/61561767306874\/","https:\/\/www.linkedin.com\/company\/c-pro-ab","https:\/\/www.instagram.com\/cpro.ab\/"],"description":"C-PRO AB is a comprehensive supplier of materials for applications in electricity and automation. Ever since the start in 1987, we have supplied the Swedish manufacturing industry with electrical materials. Despite our size and leading position, we have never abandoned our basic philosophy, to be a personal supplier. We at C-PRO are easy to get in touch with, honest and passionate about solving our customers&#039; problems.","email":"info@c-profil.se","telephone":"031575785","legalName":"C-Profil F\u00f6rl\u00e4ggningsmaterial AB","foundingDate":"1987-01-01"}]},"product_brand":"kr\u00e4vande milj\u00f6","product_price_currency":"SEK","og_availability":"instock","product_availability":"instock","product_retailer_item_id":"WSW","product_condition":"new"},"_links":{"self":[{"href":"https:\/\/c-profil.se\/english\/wp-json\/wp\/v2\/product\/24833","targetHints":{"allow":["GET"]}}],"collection":[{"href":"https:\/\/c-profil.se\/english\/wp-json\/wp\/v2\/product"}],"about":[{"href":"https:\/\/c-profil.se\/english\/wp-json\/wp\/v2\/types\/product"}],"version-history":[{"count":5,"href":"https:\/\/c-profil.se\/english\/wp-json\/wp\/v2\/product\/24833\/revisions"}],"predecessor-version":[{"id":74387,"href":"https:\/\/c-profil.se\/english\/wp-json\/wp\/v2\/product\/24833\/revisions\/74387"}],"wp:featuredmedia":[{"embeddable":true,"href":"https:\/\/c-profil.se\/english\/wp-json\/wp\/v2\/media\/51436"}],"wp:attachment":[{"href":"https:\/\/c-profil.se\/english\/wp-json\/wp\/v2\/media?parent=24833"}],"wp:term":[{"taxonomy":"product_brand","embeddable":true,"href":"https:\/\/c-profil.se\/english\/wp-json\/wp\/v2\/product_brand?post=24833"},{"taxonomy":"product_cat","embeddable":true,"href":"https:\/\/c-profil.se\/english\/wp-json\/wp\/v2\/product_cat?post=24833"},{"taxonomy":"product_tag","embeddable":true,"href":"https:\/\/c-profil.se\/english\/wp-json\/wp\/v2\/product_tag?post=24833"}],"curies":[{"name":"wp","href":"https:\/\/api.w.org\/{rel}","templated":true}]}}