{"id":24827,"date":"2019-08-15T09:43:00","date_gmt":"2019-08-15T08:43:00","guid":{"rendered":"https:\/\/c-profil.se\/produkt\/chiller-wpa-techno\/"},"modified":"2026-03-17T14:44:28","modified_gmt":"2026-03-17T13:44:28","slug":"the-chiller-wpa-techno","status":"publish","type":"product","link":"https:\/\/c-profil.se\/english\/produkt\/chiller-wpa-techno\/","title":{"rendered":"Chiller | WPA Techno"},"content":{"rendered":"<p><strong>Chiller \/ WPA Techno is an air-cooled industrial liquid chiller for process cooling 24\/7, 365 days a year.<\/strong><br \/>\nIt is developed for demanding applications with high energy efficiency, wide operating limits and cooling capacity from 165 to 560 kW, with the option of environmentally friendly refrigerant and integrated free cooling for maximum energy savings.<\/p>","protected":false},"excerpt":{"rendered":"<p><strong>Chiller \/ WPA Techno<\/strong> Is a liquid chiller designed for cooling process applications 24\/7, 365 days a year, air-cooled with two refrigeration circuits and scroll compressors installed in tandem\/trio optimized for the use of R410A\/R454B, plate\/tube bundle evaporators, and cooling capacities from 165 kW to 560 kW.<\/p>\n<p>Cosmotec\u2019s experience in process cooling has led to the development of this range of industrial chillers capable of meeting the broad operational limits (both on the environment and user sides) required by new technologies used for energy saving. All chillers in the WP range feature high levels of energy efficiency (Class A or B) and comply with the limits required by Directive 2009\/125\/EC Ecodesign ErP 2021.<\/p>\n<h2><strong>Environmentally friendly version with LOW GWP<\/strong><\/h2>\n<ul>\n<li>On request, WPA units are available with environmentally friendly R454B refrigerant that provides a reduction in global warming potential (GWP = 467). Classified as A2L R454B is non-toxic but slightly flammable, in PED safety group 1.<\/li>\n<\/ul>\n<h2><strong>Free cooling for energy saving<\/strong><\/h2>\n<ul>\n<li>Chiller \/ WPA Techno are available in an <strong>integrated Free Cooling version<\/strong>\u00a0, which allows\u00a0<strong>significant energy savings<\/strong>\u00a0, especially in\u00a0<strong>applications requiring high coolant temperatures (plastics, data centers)<\/strong>\u00a0and installation in areas with cold or temperate climates (minimum temperature -20\u00b0C). By utilizing external air to cool the fluid, the Free Cooling system can completely replace the refrigeration circuit, thus allowing the compressors to be turned off.<\/li>\n<\/ul>\n<p>&nbsp;<\/p>","protected":false},"featured_media":51424,"template":"","meta":{"_acf_changed":false},"product_brand":[735],"product_cat":[266],"product_tag":[952,962,972,971],"class_list":{"0":"post-24827","1":"product","2":"type-product","3":"status-publish","4":"has-post-thumbnail","6":"product_brand-cosmotec","7":"product_cat-chillers","8":"product_tag-kravande-miljo","9":"product_tag-kylning","10":"product_tag-maskinkylning","11":"product_tag-processindustri","13":"first","14":"instock","15":"shipping-taxable","16":"product-type-simple"},"acf":[],"yoast_head":"<!-- This site is optimized with the Yoast SEO Premium plugin v27.5 (Yoast SEO v27.5) - https:\/\/yoast.com\/product\/yoast-seo-premium-wordpress\/ -->\n<title>Chiller \/ WPA Techno - C-Pro<\/title>\n<meta name=\"description\" content=\"Chiller \/ WPA Techno \u00e4r en luftkondenserad kylare f\u00f6r vatten, med rullkompressorer installerade i tandem eller trio. L\u00e4s Mer!\" \/>\n<meta name=\"robots\" content=\"index, follow, max-snippet:-1, max-image-preview:large, max-video-preview:-1\" \/>\n<link rel=\"canonical\" href=\"https:\/\/c-profil.se\/english\/product\/the-chiller-wpa-techno\/\" \/>\n<meta property=\"og:locale\" content=\"en_US\" \/>\n<meta property=\"og:type\" content=\"article\" \/>\n<meta property=\"og:title\" content=\"Chiller | WPA Techno - C-Pro\" \/>\n<meta property=\"og:description\" content=\"Chiller \/ WPA Techno \u00e4r en luftkyld industriell v\u00e4tskekylare designade f\u00f6r kylprocessapplikationer 24\/7, 365 dagar om \u00e5ret , luftkylda med tv\u00e5 kylkretsar och scrollkompressorer installerade i tandem\/trio optimerade f\u00f6r anv\u00e4ndning av R410A\/R454B, platt-\/r\u00f6rbuntsf\u00f6r\u00e5ngare och kylkapacitet fr\u00e5n 165 kW till 560 kW .  Cosmotecs erfarenhet av processkylning har lett till utvecklingen av denna serie av industriella kylaggregat som kan m\u00f6ta de breda driftsgr\u00e4nserna (b\u00e5de p\u00e5 milj\u00f6- och anv\u00e4ndarsidan) som kr\u00e4vs av ny teknik som anv\u00e4nds f\u00f6r energibesparing.\u00a0Alla kylaggregat i WP-serien har\u00a0h\u00f6ga niv\u00e5er av energieffektivitet (klass A eller B)\u00a0och uppfyller de gr\u00e4nser som kr\u00e4vs enligt\u00a0direktiv 2009\/125\/EC Ecodesign ErP 2021. Milj\u00f6v\u00e4nlig version med L\u00c5G GWP   P\u00e5 beg\u00e4ran finns WPA-enheter tillg\u00e4ngliga med milj\u00f6v\u00e4nlig R454B k\u00f6ldmedium som ger en minskning av global uppv\u00e4rmningspotential (GWP = 467). Klassificerad som A2L R454B \u00e4r ogiftig men l\u00e4tt brandfarlig, i PED s\u00e4kerhetsgrupp 1.  Gratis kylning f\u00f6r energibesparing   Chiller \/ WPA Techno finns i en integrerad version f\u00f6r frikylning\u00a0, vilket m\u00f6jligg\u00f6r\u00a0betydande energibesparingar\u00a0, s\u00e4rskilt i\u00a0applikationer som kr\u00e4ver h\u00f6ga kylv\u00e4tsketemperaturer (plast, datacenter)\u00a0och installation i omr\u00e5den med kallt eller tempererat klimat (minsta temperatur -20\u00b0C). Genom att anv\u00e4nda extern luft f\u00f6r att kyla v\u00e4tskan kan Free Cooling-systemet helt ers\u00e4tta kylkretsen, vilket g\u00f6r att kompressorerna kan st\u00e4ngas av.  &nbsp;\" \/>\n<meta property=\"og:url\" content=\"https:\/\/c-profil.se\/english\/product\/the-chiller-wpa-techno\/\" \/>\n<meta property=\"og:site_name\" content=\"C-Pro\" \/>\n<meta property=\"article:publisher\" content=\"https:\/\/www.facebook.com\/people\/C-Pro\/61561767306874\/\" \/>\n<meta property=\"article:modified_time\" content=\"2026-03-17T13:44:28+00:00\" \/>\n<meta property=\"og:image\" content=\"https:\/\/c-profil.se\/wp-content\/uploads\/2019\/08\/Chiller-WPA-Techno.jpg\" \/>\n\t<meta property=\"og:image:width\" content=\"1000\" \/>\n\t<meta property=\"og:image:height\" content=\"1000\" \/>\n\t<meta property=\"og:image:type\" content=\"image\/jpeg\" \/>\n<meta name=\"twitter:card\" content=\"summary_large_image\" \/>\n<meta name=\"twitter:label1\" content=\"Price\" \/>\n\t<meta name=\"twitter:data1\" content=\"\" \/>\n\t<meta name=\"twitter:label2\" content=\"Availability\" \/>\n\t<meta name=\"twitter:data2\" content=\"In stock\" \/>\n<script type=\"application\/ld+json\" class=\"yoast-schema-graph\">{\"@context\":\"https:\\\/\\\/schema.org\",\"@graph\":[{\"@type\":\"WebPage\",\"@id\":\"https:\\\/\\\/c-profil.se\\\/produkt\\\/chiller-wpa-techno\\\/\",\"url\":\"https:\\\/\\\/c-profil.se\\\/produkt\\\/chiller-wpa-techno\\\/\",\"name\":\"Chiller \\\/ WPA Techno - C-Pro\",\"isPartOf\":{\"@id\":\"https:\\\/\\\/c-profil.se\\\/#website\"},\"primaryImageOfPage\":{\"@id\":\"https:\\\/\\\/c-profil.se\\\/produkt\\\/chiller-wpa-techno\\\/#primaryimage\"},\"image\":{\"@id\":\"https:\\\/\\\/c-profil.se\\\/produkt\\\/chiller-wpa-techno\\\/#primaryimage\"},\"thumbnailUrl\":\"https:\\\/\\\/c-profil.se\\\/wp-content\\\/uploads\\\/2019\\\/08\\\/Chiller-WPA-Techno.jpg\",\"datePublished\":\"2019-08-15T08:43:00+00:00\",\"dateModified\":\"2026-03-17T13:44:28+00:00\",\"description\":\"Chiller \\\/ WPA Techno \u00e4r en luftkondenserad kylare f\u00f6r vatten, med rullkompressorer installerade i tandem eller trio. L\u00e4s Mer!\",\"breadcrumb\":{\"@id\":\"https:\\\/\\\/c-profil.se\\\/produkt\\\/chiller-wpa-techno\\\/#breadcrumb\"},\"inLanguage\":\"en\",\"potentialAction\":[{\"@type\":\"ReadAction\",\"target\":[\"https:\\\/\\\/c-profil.se\\\/produkt\\\/chiller-wpa-techno\\\/\"]}]},{\"@type\":\"ImageObject\",\"inLanguage\":\"en\",\"@id\":\"https:\\\/\\\/c-profil.se\\\/produkt\\\/chiller-wpa-techno\\\/#primaryimage\",\"url\":\"https:\\\/\\\/c-profil.se\\\/wp-content\\\/uploads\\\/2019\\\/08\\\/Chiller-WPA-Techno.jpg\",\"contentUrl\":\"https:\\\/\\\/c-profil.se\\\/wp-content\\\/uploads\\\/2019\\\/08\\\/Chiller-WPA-Techno.jpg\",\"width\":1000,\"height\":1000,\"caption\":\"Chiller WPA Techno\"},{\"@type\":\"BreadcrumbList\",\"@id\":\"https:\\\/\\\/c-profil.se\\\/produkt\\\/chiller-wpa-techno\\\/#breadcrumb\",\"itemListElement\":[{\"@type\":\"ListItem\",\"position\":1,\"name\":\"Hem\",\"item\":\"https:\\\/\\\/c-profil.se\\\/\"},{\"@type\":\"ListItem\",\"position\":2,\"name\":\"Produkter\",\"item\":\"https:\\\/\\\/c-profil.se\\\/produkter\\\/\"},{\"@type\":\"ListItem\",\"position\":3,\"name\":\"Chillers - industrikylare\",\"item\":\"https:\\\/\\\/c-profil.se\\\/produkt-kategori\\\/chillers\\\/\"},{\"@type\":\"ListItem\",\"position\":4,\"name\":\"Chiller | WPA Techno\"}]},{\"@type\":\"WebSite\",\"@id\":\"https:\\\/\\\/c-profil.se\\\/#website\",\"url\":\"https:\\\/\\\/c-profil.se\\\/\",\"name\":\"C-Pro\",\"description\":\"Produkter f\u00f6r El och Automation\",\"publisher\":{\"@id\":\"https:\\\/\\\/c-profil.se\\\/#organization\"},\"potentialAction\":[{\"@type\":\"SearchAction\",\"target\":{\"@type\":\"EntryPoint\",\"urlTemplate\":\"https:\\\/\\\/c-profil.se\\\/?s={search_term_string}\"},\"query-input\":{\"@type\":\"PropertyValueSpecification\",\"valueRequired\":true,\"valueName\":\"search_term_string\"}}],\"inLanguage\":\"en\"},{\"@type\":\"Organization\",\"@id\":\"https:\\\/\\\/c-profil.se\\\/#organization\",\"name\":\"C-Pro\",\"alternateName\":\"C-PRO\",\"url\":\"https:\\\/\\\/c-profil.se\\\/\",\"logo\":{\"@type\":\"ImageObject\",\"inLanguage\":\"en\",\"@id\":\"https:\\\/\\\/c-profil.se\\\/#\\\/schema\\\/logo\\\/image\\\/\",\"url\":\"https:\\\/\\\/c-profil.se\\\/wp-content\\\/uploads\\\/2022\\\/03\\\/c-pro-logga-liggande-500x500-1.png\",\"contentUrl\":\"https:\\\/\\\/c-profil.se\\\/wp-content\\\/uploads\\\/2022\\\/03\\\/c-pro-logga-liggande-500x500-1.png\",\"width\":500,\"height\":500,\"caption\":\"C-Pro\"},\"image\":{\"@id\":\"https:\\\/\\\/c-profil.se\\\/#\\\/schema\\\/logo\\\/image\\\/\"},\"sameAs\":[\"https:\\\/\\\/www.facebook.com\\\/people\\\/C-Pro\\\/61561767306874\\\/\",\"https:\\\/\\\/www.linkedin.com\\\/company\\\/c-pro-ab\",\"https:\\\/\\\/www.instagram.com\\\/cpro.ab\\\/\"],\"description\":\"C-PRO AB \u00e4r en helt\u00e4ckande leverant\u00f6r av material f\u00f6r applikationer inom el och automation. \u00c4nda sedan starten 1987 har vi f\u00f6rsett den svenska tillverkande industrin med elmaterial. Trots v\u00e5r storlek och ledande position har vi aldrig \u00f6vergett v\u00e5r grundfilosofi, att vara en personlig leverant\u00f6r. Vi p\u00e5 C-PRO \u00e4r l\u00e4tta att komma i kontakt med, \u00e4rliga och brinner f\u00f6r att l\u00f6sa v\u00e5ra kunders problem.\",\"email\":\"info@c-profil.se\",\"telephone\":\"031575785\",\"legalName\":\"C-Profil F\u00f6rl\u00e4ggningsmaterial AB\",\"foundingDate\":\"1987-01-01\"}]}<\/script>\n<meta property=\"product:brand\" content=\"kr\u00e4vande milj\u00f6\" \/>\n<meta property=\"product:price:currency\" content=\"SEK\" \/>\n<meta property=\"og:availability\" content=\"instock\" \/>\n<meta property=\"product:availability\" content=\"instock\" \/>\n<meta property=\"product:retailer_item_id\" content=\"WPA Techno\" \/>\n<meta property=\"product:condition\" content=\"new\" \/>\n<!-- \/ Yoast SEO Premium plugin. -->","yoast_head_json":{"title":"Chiller \/ WPA Techno - C-Pro","description":"Chiller \/ WPA Techno is an air-condensed chiller for water, with scroll compressors installed in tandem or trio. Read More!","robots":{"index":"index","follow":"follow","max-snippet":"max-snippet:-1","max-image-preview":"max-image-preview:large","max-video-preview":"max-video-preview:-1"},"canonical":"https:\/\/c-profil.se\/english\/product\/the-chiller-wpa-techno\/","og_locale":"en_US","og_type":"article","og_title":"Chiller | WPA Techno - C-Pro","og_description":"Chiller \/ WPA Techno \u00e4r en luftkyld industriell v\u00e4tskekylare designade f\u00f6r kylprocessapplikationer 24\/7, 365 dagar om \u00e5ret , luftkylda med tv\u00e5 kylkretsar och scrollkompressorer installerade i tandem\/trio optimerade f\u00f6r anv\u00e4ndning av R410A\/R454B, platt-\/r\u00f6rbuntsf\u00f6r\u00e5ngare och kylkapacitet fr\u00e5n 165 kW till 560 kW .  Cosmotecs erfarenhet av processkylning har lett till utvecklingen av denna serie av industriella kylaggregat som kan m\u00f6ta de breda driftsgr\u00e4nserna (b\u00e5de p\u00e5 milj\u00f6- och anv\u00e4ndarsidan) som kr\u00e4vs av ny teknik som anv\u00e4nds f\u00f6r energibesparing.\u00a0Alla kylaggregat i WP-serien har\u00a0h\u00f6ga niv\u00e5er av energieffektivitet (klass A eller B)\u00a0och uppfyller de gr\u00e4nser som kr\u00e4vs enligt\u00a0direktiv 2009\/125\/EC Ecodesign ErP 2021. Milj\u00f6v\u00e4nlig version med L\u00c5G GWP   P\u00e5 beg\u00e4ran finns WPA-enheter tillg\u00e4ngliga med milj\u00f6v\u00e4nlig R454B k\u00f6ldmedium som ger en minskning av global uppv\u00e4rmningspotential (GWP = 467). Klassificerad som A2L R454B \u00e4r ogiftig men l\u00e4tt brandfarlig, i PED s\u00e4kerhetsgrupp 1.  Gratis kylning f\u00f6r energibesparing   Chiller \/ WPA Techno finns i en integrerad version f\u00f6r frikylning\u00a0, vilket m\u00f6jligg\u00f6r\u00a0betydande energibesparingar\u00a0, s\u00e4rskilt i\u00a0applikationer som kr\u00e4ver h\u00f6ga kylv\u00e4tsketemperaturer (plast, datacenter)\u00a0och installation i omr\u00e5den med kallt eller tempererat klimat (minsta temperatur -20\u00b0C). Genom att anv\u00e4nda extern luft f\u00f6r att kyla v\u00e4tskan kan Free Cooling-systemet helt ers\u00e4tta kylkretsen, vilket g\u00f6r att kompressorerna kan st\u00e4ngas av.  &nbsp;","og_url":"https:\/\/c-profil.se\/english\/product\/the-chiller-wpa-techno\/","og_site_name":"C-Pro","article_publisher":"https:\/\/www.facebook.com\/people\/C-Pro\/61561767306874\/","article_modified_time":"2026-03-17T13:44:28+00:00","og_image":[{"width":1000,"height":1000,"url":"https:\/\/c-profil.se\/wp-content\/uploads\/2019\/08\/Chiller-WPA-Techno.jpg","type":"image\/jpeg"}],"twitter_card":"summary_large_image","twitter_misc":{"Price":"","Availability":"In stock"},"schema":{"@context":"https:\/\/schema.org","@graph":[{"@type":"WebPage","@id":"https:\/\/c-profil.se\/produkt\/chiller-wpa-techno\/","url":"https:\/\/c-profil.se\/produkt\/chiller-wpa-techno\/","name":"Chiller \/ WPA Techno - C-Pro","isPartOf":{"@id":"https:\/\/c-profil.se\/#website"},"primaryImageOfPage":{"@id":"https:\/\/c-profil.se\/produkt\/chiller-wpa-techno\/#primaryimage"},"image":{"@id":"https:\/\/c-profil.se\/produkt\/chiller-wpa-techno\/#primaryimage"},"thumbnailUrl":"https:\/\/c-profil.se\/wp-content\/uploads\/2019\/08\/Chiller-WPA-Techno.jpg","datePublished":"2019-08-15T08:43:00+00:00","dateModified":"2026-03-17T13:44:28+00:00","description":"Chiller \/ WPA Techno is an air-condensed chiller for water, with scroll compressors installed in tandem or trio. Read More!","breadcrumb":{"@id":"https:\/\/c-profil.se\/produkt\/chiller-wpa-techno\/#breadcrumb"},"inLanguage":"en","potentialAction":[{"@type":"ReadAction","target":["https:\/\/c-profil.se\/produkt\/chiller-wpa-techno\/"]}]},{"@type":"ImageObject","inLanguage":"en","@id":"https:\/\/c-profil.se\/produkt\/chiller-wpa-techno\/#primaryimage","url":"https:\/\/c-profil.se\/wp-content\/uploads\/2019\/08\/Chiller-WPA-Techno.jpg","contentUrl":"https:\/\/c-profil.se\/wp-content\/uploads\/2019\/08\/Chiller-WPA-Techno.jpg","width":1000,"height":1000,"caption":"Chiller WPA Techno"},{"@type":"BreadcrumbList","@id":"https:\/\/c-profil.se\/produkt\/chiller-wpa-techno\/#breadcrumb","itemListElement":[{"@type":"ListItem","position":1,"name":"Hem","item":"https:\/\/c-profil.se\/"},{"@type":"ListItem","position":2,"name":"Produkter","item":"https:\/\/c-profil.se\/produkter\/"},{"@type":"ListItem","position":3,"name":"Chillers - industrikylare","item":"https:\/\/c-profil.se\/produkt-kategori\/chillers\/"},{"@type":"ListItem","position":4,"name":"Chiller | WPA Techno"}]},{"@type":"WebSite","@id":"https:\/\/c-profil.se\/#website","url":"https:\/\/c-profil.se\/","name":"C-Pro","description":"Products for Electricity and Automation","publisher":{"@id":"https:\/\/c-profil.se\/#organization"},"potentialAction":[{"@type":"SearchAction","target":{"@type":"EntryPoint","urlTemplate":"https:\/\/c-profil.se\/?s={search_term_string}"},"query-input":{"@type":"PropertyValueSpecification","valueRequired":true,"valueName":"search_term_string"}}],"inLanguage":"en"},{"@type":"Organization","@id":"https:\/\/c-profil.se\/#organization","name":"C-Pro","alternateName":"C-PRO","url":"https:\/\/c-profil.se\/","logo":{"@type":"ImageObject","inLanguage":"en","@id":"https:\/\/c-profil.se\/#\/schema\/logo\/image\/","url":"https:\/\/c-profil.se\/wp-content\/uploads\/2022\/03\/c-pro-logga-liggande-500x500-1.png","contentUrl":"https:\/\/c-profil.se\/wp-content\/uploads\/2022\/03\/c-pro-logga-liggande-500x500-1.png","width":500,"height":500,"caption":"C-Pro"},"image":{"@id":"https:\/\/c-profil.se\/#\/schema\/logo\/image\/"},"sameAs":["https:\/\/www.facebook.com\/people\/C-Pro\/61561767306874\/","https:\/\/www.linkedin.com\/company\/c-pro-ab","https:\/\/www.instagram.com\/cpro.ab\/"],"description":"C-PRO AB is a comprehensive supplier of materials for applications in electricity and automation. Ever since the start in 1987, we have supplied the Swedish manufacturing industry with electrical materials. Despite our size and leading position, we have never abandoned our basic philosophy, to be a personal supplier. We at C-PRO are easy to get in touch with, honest and passionate about solving our customers&#039; problems.","email":"info@c-profil.se","telephone":"031575785","legalName":"C-Profil F\u00f6rl\u00e4ggningsmaterial AB","foundingDate":"1987-01-01"}]},"product_brand":"kr\u00e4vande milj\u00f6","product_price_currency":"SEK","og_availability":"instock","product_availability":"instock","product_retailer_item_id":"WPA Techno","product_condition":"new"},"_links":{"self":[{"href":"https:\/\/c-profil.se\/english\/wp-json\/wp\/v2\/product\/24827","targetHints":{"allow":["GET"]}}],"collection":[{"href":"https:\/\/c-profil.se\/english\/wp-json\/wp\/v2\/product"}],"about":[{"href":"https:\/\/c-profil.se\/english\/wp-json\/wp\/v2\/types\/product"}],"version-history":[{"count":6,"href":"https:\/\/c-profil.se\/english\/wp-json\/wp\/v2\/product\/24827\/revisions"}],"predecessor-version":[{"id":74384,"href":"https:\/\/c-profil.se\/english\/wp-json\/wp\/v2\/product\/24827\/revisions\/74384"}],"wp:featuredmedia":[{"embeddable":true,"href":"https:\/\/c-profil.se\/english\/wp-json\/wp\/v2\/media\/51424"}],"wp:attachment":[{"href":"https:\/\/c-profil.se\/english\/wp-json\/wp\/v2\/media?parent=24827"}],"wp:term":[{"taxonomy":"product_brand","embeddable":true,"href":"https:\/\/c-profil.se\/english\/wp-json\/wp\/v2\/product_brand?post=24827"},{"taxonomy":"product_cat","embeddable":true,"href":"https:\/\/c-profil.se\/english\/wp-json\/wp\/v2\/product_cat?post=24827"},{"taxonomy":"product_tag","embeddable":true,"href":"https:\/\/c-profil.se\/english\/wp-json\/wp\/v2\/product_tag?post=24827"}],"curies":[{"name":"wp","href":"https:\/\/api.w.org\/{rel}","templated":true}]}}