{"id":24817,"date":"2019-08-15T09:13:00","date_gmt":"2019-08-15T08:13:00","guid":{"rendered":"https:\/\/c-profil.se\/produkt\/chilller-wpa-compact\/"},"modified":"2026-03-17T14:44:29","modified_gmt":"2026-03-17T13:44:29","slug":"the-chilller-wpa-compact","status":"publish","type":"product","link":"https:\/\/c-profil.se\/english\/produkt\/chilller-wla-compact\/","title":{"rendered":"Chiller | WLA Compact"},"content":{"rendered":"<p><strong>Chiller \/ WLA Compact is an air-cooled industrial chiller with a compact design for precise temperature control in demanding industrial processes.<\/strong><br \/>\nIt is designed for reliable operation and stable performance in applications such as machine tools, lasers, presses, extruders, as well as in chemical, pharmaceutical, food and medical environments.<\/p>","protected":false},"excerpt":{"rendered":"<p>Chiller \/ WLA Compact is an air-cooled industrial chiller with Compact design. The performance of modern industrial processes is closely affected by variations in their operating temperature and can be compromised by dangerous overheating. The new WLA Compact industrial chillers are designed to provide precise temperature control of the process fluid and reliable operation in a wide range of industrial applications such as: Cooling of machine tools, Lasers, Presses, Extruders, Chemical, Pharmaceutical, Food, Medical sectors.<\/p>\n<p><strong>Cooling circuit:<\/strong><\/p>\n<ul>\n<li>Piston (mod. 02-03), rotary (mod. 05-08) or scroll (mod. 10-13) compressor<\/li>\n<li>New plate heat exchangers optimized for high evaporation temperatures<\/li>\n<li>New lamellar condensers protected by a metal particle filter and with reduced pipe diameter: they reduce the refrigerant supply by around 20%.<\/li>\n<li>HP high pressure switch with manual reset<\/li>\n<li>Thermostatic lamination valve<\/li>\n<\/ul>\n<p><strong>Hydraulic circuit:<\/strong><\/p>\n<ul>\n<li>Atmospheric pressure hydraulic circuit constructed of non-ferrous materials<\/li>\n<li>New HDPE inertia tank with increased volume equipped with visual level indicator, fill\/drain connections and overflow<\/li>\n<li>Automatic bypass valve in bronze as standard<\/li>\n<li>Standard flow monitor<\/li>\n<li>Manometer 0-6bar<\/li>\n<\/ul>","protected":false},"featured_media":51421,"template":"","meta":{"_acf_changed":false},"product_brand":[735],"product_cat":[266],"product_tag":[952,962,972,971],"class_list":{"0":"post-24817","1":"product","2":"type-product","3":"status-publish","4":"has-post-thumbnail","6":"product_brand-cosmotec","7":"product_cat-chillers","8":"product_tag-kravande-miljo","9":"product_tag-kylning","10":"product_tag-maskinkylning","11":"product_tag-processindustri","13":"first","14":"instock","15":"shipping-taxable","16":"product-type-simple"},"acf":[],"yoast_head":"<!-- This site is optimized with the Yoast SEO Premium plugin v27.4 (Yoast SEO v27.4) - https:\/\/yoast.com\/product\/yoast-seo-premium-wordpress\/ -->\n<title>Chilller \/ WLA Compact - C-Pro<\/title>\n<meta name=\"description\" content=\"Chilller \/ WLA Compact i kompakt design med en effekt p\u00e5 1410W-5050W. Dessa enheter \u00e4r kylare f\u00f6r processkylning. L\u00e4s Mer!\" \/>\n<meta name=\"robots\" content=\"index, follow, max-snippet:-1, max-image-preview:large, max-video-preview:-1\" \/>\n<link rel=\"canonical\" href=\"https:\/\/c-profil.se\/english\/product\/the-chilller-wpa-compact\/\" \/>\n<meta property=\"og:locale\" content=\"en_US\" \/>\n<meta property=\"og:type\" content=\"article\" \/>\n<meta property=\"og:title\" content=\"Chilller | WLA Compact - C-Pro\" \/>\n<meta property=\"og:description\" content=\"Chilller \/ WLA Compact \u00e4r en luftkyld industrikylare med Kompakt design. Prestanda hos moderna industriella processer p\u00e5verkas n\u00e4ra av variationer i deras driftstemperatur och kan \u00e4ventyras av farlig \u00f6verhettning. De nya WLA Compact industrikylaggregaten \u00e4r designade f\u00f6r att ge exakt temperaturkontroll av processv\u00e4tskan och tillf\u00f6rlitlig drift i ett brett spektrum av industriella applikationer s\u00e5som:\u00a0Kylning av verktygsmaskiner, Lasrar, Pressar, Extrudrar, Kemi, L\u00e4kemedel, Livsmedel, Medicinska sektorer.  Kylkrets:   Kolv (mod. 02-03), roterande (mod. 05-08) eller scroll (mod. 10-13) kompressor  Nya plattv\u00e4rmev\u00e4xlare optimerade f\u00f6r h\u00f6ga f\u00f6r\u00e5ngningstemperaturer  Nya lamellkondensorer skyddade av ett partikelfilter av metall och med reducerad r\u00f6rdiameter: de minskar k\u00f6ldmedietillf\u00f6rseln med cirka 20 %.  HP h\u00f6gtrycksvakt med manuell \u00e5terst\u00e4llning  Termostatisk lamineringsventil  Hydraulisk krets:   Atmosf\u00e4riskt tryck hydraulisk krets konstruerad av icke-j\u00e4rnhaltiga material  Ny HDPE tr\u00f6ghetstank med \u00f6kad volym utrustad med visuell niv\u00e5indikator, p\u00e5fyllnings-\/t\u00f6mningsanslutningar och br\u00e4ddavlopp  Automatisk bypassventil i brons som standard  Standard fl\u00f6desvakt  Manometer 0-6 barg\" \/>\n<meta property=\"og:url\" content=\"https:\/\/c-profil.se\/english\/product\/the-chilller-wpa-compact\/\" \/>\n<meta property=\"og:site_name\" content=\"C-Pro\" \/>\n<meta property=\"article:publisher\" content=\"https:\/\/www.facebook.com\/people\/C-Pro\/61561767306874\/\" \/>\n<meta property=\"article:modified_time\" content=\"2026-03-17T13:44:29+00:00\" \/>\n<meta property=\"og:image\" content=\"https:\/\/c-profil.se\/wp-content\/uploads\/2019\/08\/Chilller-WLA-Compact.jpg\" \/>\n\t<meta property=\"og:image:width\" content=\"1000\" \/>\n\t<meta property=\"og:image:height\" content=\"1000\" \/>\n\t<meta property=\"og:image:type\" content=\"image\/jpeg\" \/>\n<meta name=\"twitter:card\" content=\"summary_large_image\" \/>\n<meta name=\"twitter:label1\" content=\"Price\" \/>\n\t<meta name=\"twitter:data1\" content=\"\" \/>\n\t<meta name=\"twitter:label2\" content=\"Availability\" \/>\n\t<meta name=\"twitter:data2\" content=\"In stock\" \/>\n<script type=\"application\/ld+json\" class=\"yoast-schema-graph\">{\"@context\":\"https:\\\/\\\/schema.org\",\"@graph\":[{\"@type\":\"WebPage\",\"@id\":\"https:\\\/\\\/c-profil.se\\\/produkt\\\/chilller-wla-compact\\\/\",\"url\":\"https:\\\/\\\/c-profil.se\\\/produkt\\\/chilller-wla-compact\\\/\",\"name\":\"Chilller \\\/ WLA Compact - C-Pro\",\"isPartOf\":{\"@id\":\"https:\\\/\\\/c-profil.se\\\/#website\"},\"primaryImageOfPage\":{\"@id\":\"https:\\\/\\\/c-profil.se\\\/produkt\\\/chilller-wla-compact\\\/#primaryimage\"},\"image\":{\"@id\":\"https:\\\/\\\/c-profil.se\\\/produkt\\\/chilller-wla-compact\\\/#primaryimage\"},\"thumbnailUrl\":\"https:\\\/\\\/c-profil.se\\\/wp-content\\\/uploads\\\/2019\\\/08\\\/Chilller-WLA-Compact.jpg\",\"datePublished\":\"2019-08-15T08:13:00+00:00\",\"dateModified\":\"2026-03-17T13:44:29+00:00\",\"description\":\"Chilller \\\/ WLA Compact i kompakt design med en effekt p\u00e5 1410W-5050W. Dessa enheter \u00e4r kylare f\u00f6r processkylning. L\u00e4s Mer!\",\"breadcrumb\":{\"@id\":\"https:\\\/\\\/c-profil.se\\\/produkt\\\/chilller-wla-compact\\\/#breadcrumb\"},\"inLanguage\":\"en\",\"potentialAction\":[{\"@type\":\"ReadAction\",\"target\":[\"https:\\\/\\\/c-profil.se\\\/produkt\\\/chilller-wla-compact\\\/\"]}]},{\"@type\":\"ImageObject\",\"inLanguage\":\"en\",\"@id\":\"https:\\\/\\\/c-profil.se\\\/produkt\\\/chilller-wla-compact\\\/#primaryimage\",\"url\":\"https:\\\/\\\/c-profil.se\\\/wp-content\\\/uploads\\\/2019\\\/08\\\/Chilller-WLA-Compact.jpg\",\"contentUrl\":\"https:\\\/\\\/c-profil.se\\\/wp-content\\\/uploads\\\/2019\\\/08\\\/Chilller-WLA-Compact.jpg\",\"width\":1000,\"height\":1000,\"caption\":\"Chilller WLA Compact\"},{\"@type\":\"BreadcrumbList\",\"@id\":\"https:\\\/\\\/c-profil.se\\\/produkt\\\/chilller-wla-compact\\\/#breadcrumb\",\"itemListElement\":[{\"@type\":\"ListItem\",\"position\":1,\"name\":\"Hem\",\"item\":\"https:\\\/\\\/c-profil.se\\\/\"},{\"@type\":\"ListItem\",\"position\":2,\"name\":\"Produkter\",\"item\":\"https:\\\/\\\/c-profil.se\\\/produkter\\\/\"},{\"@type\":\"ListItem\",\"position\":3,\"name\":\"Chillers - industrikylare\",\"item\":\"https:\\\/\\\/c-profil.se\\\/produkt-kategori\\\/chillers\\\/\"},{\"@type\":\"ListItem\",\"position\":4,\"name\":\"Chilller | WLA Compact\"}]},{\"@type\":\"WebSite\",\"@id\":\"https:\\\/\\\/c-profil.se\\\/#website\",\"url\":\"https:\\\/\\\/c-profil.se\\\/\",\"name\":\"C-Pro\",\"description\":\"Produkter f\u00f6r El och Automation\",\"publisher\":{\"@id\":\"https:\\\/\\\/c-profil.se\\\/#organization\"},\"potentialAction\":[{\"@type\":\"SearchAction\",\"target\":{\"@type\":\"EntryPoint\",\"urlTemplate\":\"https:\\\/\\\/c-profil.se\\\/?s={search_term_string}\"},\"query-input\":{\"@type\":\"PropertyValueSpecification\",\"valueRequired\":true,\"valueName\":\"search_term_string\"}}],\"inLanguage\":\"en\"},{\"@type\":\"Organization\",\"@id\":\"https:\\\/\\\/c-profil.se\\\/#organization\",\"name\":\"C-Pro\",\"alternateName\":\"C-PRO\",\"url\":\"https:\\\/\\\/c-profil.se\\\/\",\"logo\":{\"@type\":\"ImageObject\",\"inLanguage\":\"en\",\"@id\":\"https:\\\/\\\/c-profil.se\\\/#\\\/schema\\\/logo\\\/image\\\/\",\"url\":\"https:\\\/\\\/c-profil.se\\\/wp-content\\\/uploads\\\/2022\\\/03\\\/c-pro-logga-liggande-500x500-1.png\",\"contentUrl\":\"https:\\\/\\\/c-profil.se\\\/wp-content\\\/uploads\\\/2022\\\/03\\\/c-pro-logga-liggande-500x500-1.png\",\"width\":500,\"height\":500,\"caption\":\"C-Pro\"},\"image\":{\"@id\":\"https:\\\/\\\/c-profil.se\\\/#\\\/schema\\\/logo\\\/image\\\/\"},\"sameAs\":[\"https:\\\/\\\/www.facebook.com\\\/people\\\/C-Pro\\\/61561767306874\\\/\",\"https:\\\/\\\/www.linkedin.com\\\/company\\\/c-pro-ab\",\"https:\\\/\\\/www.instagram.com\\\/cpro.ab\\\/\"],\"description\":\"C-PRO AB \u00e4r en helt\u00e4ckande leverant\u00f6r av material f\u00f6r applikationer inom el och automation. \u00c4nda sedan starten 1987 har vi f\u00f6rsett den svenska tillverkande industrin med elmaterial. Trots v\u00e5r storlek och ledande position har vi aldrig \u00f6vergett v\u00e5r grundfilosofi, att vara en personlig leverant\u00f6r. Vi p\u00e5 C-PRO \u00e4r l\u00e4tta att komma i kontakt med, \u00e4rliga och brinner f\u00f6r att l\u00f6sa v\u00e5ra kunders problem.\",\"email\":\"info@c-profil.se\",\"telephone\":\"031575785\",\"legalName\":\"C-Profil F\u00f6rl\u00e4ggningsmaterial AB\",\"foundingDate\":\"1987-01-01\"}]}<\/script>\n<meta property=\"product:brand\" content=\"kr\u00e4vande milj\u00f6\" \/>\n<meta property=\"product:price:currency\" content=\"SEK\" \/>\n<meta property=\"og:availability\" content=\"instock\" \/>\n<meta property=\"product:availability\" content=\"instock\" \/>\n<meta property=\"product:retailer_item_id\" content=\"WLA Compact\" \/>\n<meta property=\"product:condition\" content=\"new\" \/>\n<!-- \/ Yoast SEO Premium plugin. -->","yoast_head_json":{"title":"Chilller \/ WLA Compact - C-Pro","description":"Chiller \/ WLA Compact in compact design with an output of 1410W-5050W. These units are chillers for process cooling. Read More!","robots":{"index":"index","follow":"follow","max-snippet":"max-snippet:-1","max-image-preview":"max-image-preview:large","max-video-preview":"max-video-preview:-1"},"canonical":"https:\/\/c-profil.se\/english\/product\/the-chilller-wpa-compact\/","og_locale":"en_US","og_type":"article","og_title":"Chilller | WLA Compact - C-Pro","og_description":"Chilller \/ WLA Compact \u00e4r en luftkyld industrikylare med Kompakt design. Prestanda hos moderna industriella processer p\u00e5verkas n\u00e4ra av variationer i deras driftstemperatur och kan \u00e4ventyras av farlig \u00f6verhettning. De nya WLA Compact industrikylaggregaten \u00e4r designade f\u00f6r att ge exakt temperaturkontroll av processv\u00e4tskan och tillf\u00f6rlitlig drift i ett brett spektrum av industriella applikationer s\u00e5som:\u00a0Kylning av verktygsmaskiner, Lasrar, Pressar, Extrudrar, Kemi, L\u00e4kemedel, Livsmedel, Medicinska sektorer.  Kylkrets:   Kolv (mod. 02-03), roterande (mod. 05-08) eller scroll (mod. 10-13) kompressor  Nya plattv\u00e4rmev\u00e4xlare optimerade f\u00f6r h\u00f6ga f\u00f6r\u00e5ngningstemperaturer  Nya lamellkondensorer skyddade av ett partikelfilter av metall och med reducerad r\u00f6rdiameter: de minskar k\u00f6ldmedietillf\u00f6rseln med cirka 20 %.  HP h\u00f6gtrycksvakt med manuell \u00e5terst\u00e4llning  Termostatisk lamineringsventil  Hydraulisk krets:   Atmosf\u00e4riskt tryck hydraulisk krets konstruerad av icke-j\u00e4rnhaltiga material  Ny HDPE tr\u00f6ghetstank med \u00f6kad volym utrustad med visuell niv\u00e5indikator, p\u00e5fyllnings-\/t\u00f6mningsanslutningar och br\u00e4ddavlopp  Automatisk bypassventil i brons som standard  Standard fl\u00f6desvakt  Manometer 0-6 barg","og_url":"https:\/\/c-profil.se\/english\/product\/the-chilller-wpa-compact\/","og_site_name":"C-Pro","article_publisher":"https:\/\/www.facebook.com\/people\/C-Pro\/61561767306874\/","article_modified_time":"2026-03-17T13:44:29+00:00","og_image":[{"width":1000,"height":1000,"url":"https:\/\/c-profil.se\/wp-content\/uploads\/2019\/08\/Chilller-WLA-Compact.jpg","type":"image\/jpeg"}],"twitter_card":"summary_large_image","twitter_misc":{"Price":"","Availability":"In stock"},"schema":{"@context":"https:\/\/schema.org","@graph":[{"@type":"WebPage","@id":"https:\/\/c-profil.se\/produkt\/chilller-wla-compact\/","url":"https:\/\/c-profil.se\/produkt\/chilller-wla-compact\/","name":"Chilller \/ WLA Compact - C-Pro","isPartOf":{"@id":"https:\/\/c-profil.se\/#website"},"primaryImageOfPage":{"@id":"https:\/\/c-profil.se\/produkt\/chilller-wla-compact\/#primaryimage"},"image":{"@id":"https:\/\/c-profil.se\/produkt\/chilller-wla-compact\/#primaryimage"},"thumbnailUrl":"https:\/\/c-profil.se\/wp-content\/uploads\/2019\/08\/Chilller-WLA-Compact.jpg","datePublished":"2019-08-15T08:13:00+00:00","dateModified":"2026-03-17T13:44:29+00:00","description":"Chiller \/ WLA Compact in compact design with an output of 1410W-5050W. These units are chillers for process cooling. Read More!","breadcrumb":{"@id":"https:\/\/c-profil.se\/produkt\/chilller-wla-compact\/#breadcrumb"},"inLanguage":"en","potentialAction":[{"@type":"ReadAction","target":["https:\/\/c-profil.se\/produkt\/chilller-wla-compact\/"]}]},{"@type":"ImageObject","inLanguage":"en","@id":"https:\/\/c-profil.se\/produkt\/chilller-wla-compact\/#primaryimage","url":"https:\/\/c-profil.se\/wp-content\/uploads\/2019\/08\/Chilller-WLA-Compact.jpg","contentUrl":"https:\/\/c-profil.se\/wp-content\/uploads\/2019\/08\/Chilller-WLA-Compact.jpg","width":1000,"height":1000,"caption":"Chilller WLA Compact"},{"@type":"BreadcrumbList","@id":"https:\/\/c-profil.se\/produkt\/chilller-wla-compact\/#breadcrumb","itemListElement":[{"@type":"ListItem","position":1,"name":"Hem","item":"https:\/\/c-profil.se\/"},{"@type":"ListItem","position":2,"name":"Produkter","item":"https:\/\/c-profil.se\/produkter\/"},{"@type":"ListItem","position":3,"name":"Chillers - industrikylare","item":"https:\/\/c-profil.se\/produkt-kategori\/chillers\/"},{"@type":"ListItem","position":4,"name":"Chilller | WLA Compact"}]},{"@type":"WebSite","@id":"https:\/\/c-profil.se\/#website","url":"https:\/\/c-profil.se\/","name":"C-Pro","description":"Products for Electricity and Automation","publisher":{"@id":"https:\/\/c-profil.se\/#organization"},"potentialAction":[{"@type":"SearchAction","target":{"@type":"EntryPoint","urlTemplate":"https:\/\/c-profil.se\/?s={search_term_string}"},"query-input":{"@type":"PropertyValueSpecification","valueRequired":true,"valueName":"search_term_string"}}],"inLanguage":"en"},{"@type":"Organization","@id":"https:\/\/c-profil.se\/#organization","name":"C-Pro","alternateName":"C-PRO","url":"https:\/\/c-profil.se\/","logo":{"@type":"ImageObject","inLanguage":"en","@id":"https:\/\/c-profil.se\/#\/schema\/logo\/image\/","url":"https:\/\/c-profil.se\/wp-content\/uploads\/2022\/03\/c-pro-logga-liggande-500x500-1.png","contentUrl":"https:\/\/c-profil.se\/wp-content\/uploads\/2022\/03\/c-pro-logga-liggande-500x500-1.png","width":500,"height":500,"caption":"C-Pro"},"image":{"@id":"https:\/\/c-profil.se\/#\/schema\/logo\/image\/"},"sameAs":["https:\/\/www.facebook.com\/people\/C-Pro\/61561767306874\/","https:\/\/www.linkedin.com\/company\/c-pro-ab","https:\/\/www.instagram.com\/cpro.ab\/"],"description":"C-PRO AB is a comprehensive supplier of materials for applications in electricity and automation. Ever since the start in 1987, we have supplied the Swedish manufacturing industry with electrical materials. Despite our size and leading position, we have never abandoned our basic philosophy, to be a personal supplier. We at C-PRO are easy to get in touch with, honest and passionate about solving our customers&#039; problems.","email":"info@c-profil.se","telephone":"031575785","legalName":"C-Profil F\u00f6rl\u00e4ggningsmaterial AB","foundingDate":"1987-01-01"}]},"product_brand":"kr\u00e4vande milj\u00f6","product_price_currency":"SEK","og_availability":"instock","product_availability":"instock","product_retailer_item_id":"WLA Compact","product_condition":"new"},"_links":{"self":[{"href":"https:\/\/c-profil.se\/english\/wp-json\/wp\/v2\/product\/24817","targetHints":{"allow":["GET"]}}],"collection":[{"href":"https:\/\/c-profil.se\/english\/wp-json\/wp\/v2\/product"}],"about":[{"href":"https:\/\/c-profil.se\/english\/wp-json\/wp\/v2\/types\/product"}],"version-history":[{"count":6,"href":"https:\/\/c-profil.se\/english\/wp-json\/wp\/v2\/product\/24817\/revisions"}],"predecessor-version":[{"id":74383,"href":"https:\/\/c-profil.se\/english\/wp-json\/wp\/v2\/product\/24817\/revisions\/74383"}],"wp:featuredmedia":[{"embeddable":true,"href":"https:\/\/c-profil.se\/english\/wp-json\/wp\/v2\/media\/51421"}],"wp:attachment":[{"href":"https:\/\/c-profil.se\/english\/wp-json\/wp\/v2\/media?parent=24817"}],"wp:term":[{"taxonomy":"product_brand","embeddable":true,"href":"https:\/\/c-profil.se\/english\/wp-json\/wp\/v2\/product_brand?post=24817"},{"taxonomy":"product_cat","embeddable":true,"href":"https:\/\/c-profil.se\/english\/wp-json\/wp\/v2\/product_cat?post=24817"},{"taxonomy":"product_tag","embeddable":true,"href":"https:\/\/c-profil.se\/english\/wp-json\/wp\/v2\/product_tag?post=24817"}],"curies":[{"name":"wp","href":"https:\/\/api.w.org\/{rel}","templated":true}]}}