{"id":24815,"date":"2019-07-04T11:21:00","date_gmt":"2019-07-04T10:21:00","guid":{"rendered":"https:\/\/c-profil.se\/produkt\/dragavlastningplatta-kzl\/"},"modified":"2026-03-19T15:23:18","modified_gmt":"2026-03-19T14:23:18","slug":"strain-relief-plate-kzl","status":"publish","type":"product","link":"https:\/\/c-profil.se\/english\/produkt\/dragavlastningplatta-kzl\/","title":{"rendered":"Strain relief plate | KZL"},"content":{"rendered":"<p><strong>Strain relief plate \/ KZL is used for safe strain relief of cables and hoses in static and dynamic applications<\/strong>.<br \/>\nThe plate is mounted on a DIN rail and meets the requirements of EN 62444, with the possibility of multi-layer mounting for increased cable density.<\/p>","protected":false},"excerpt":{"rendered":"<p>Strain relief plate \/ KZL is used for static or dynamic applications to organize and secure cables on machines, control panels or zip ties. The design of the device provides safe strain relief according to EN 62444. The mounting of the cables or pneumatic hoses is made easy using cable ties. KZL<\/p>\n<ul>\n<li>Strain relief plates can be mounted on 30 mm DIN rails (C-rails) and 35 mm DIN rails.<\/li>\n<\/ul>","protected":false},"featured_media":24816,"template":"","meta":{"_acf_changed":false},"product_brand":[740],"product_cat":[301],"product_tag":[987,975,946],"class_list":{"0":"post-24815","1":"product","2":"type-product","3":"status-publish","4":"has-post-thumbnail","6":"product_brand-icotek","7":"product_cat-dragavlastning","8":"product_tag-dragavlastning","9":"product_tag-fastsattning","10":"product_tag-kabelhantering-i-apparatskap","12":"first","13":"instock","14":"shipping-taxable","15":"product-type-simple"},"acf":[],"yoast_head":"<!-- This site is optimized with the Yoast SEO Premium plugin v27.4 (Yoast SEO v27.4) - https:\/\/yoast.com\/product\/yoast-seo-premium-wordpress\/ -->\n<title>Dragavlastningplatta | KZL - C-Pro<\/title>\n<meta name=\"description\" content=\"Dragavlastningplatta \/ KZL anv\u00e4nds f\u00f6r statiska\/dynamiska applikationer f\u00f6r att organisera\/f\u00e4sta kablar p\u00e5 t.ex. maskiner &amp; kontrollpaneler. L\u00e4s Mer!\" \/>\n<meta name=\"robots\" content=\"index, follow, max-snippet:-1, max-image-preview:large, max-video-preview:-1\" \/>\n<link rel=\"canonical\" href=\"https:\/\/c-profil.se\/english\/product\/strain-relief-plate-kzl\/\" \/>\n<meta property=\"og:locale\" content=\"en_US\" \/>\n<meta property=\"og:type\" content=\"article\" \/>\n<meta property=\"og:title\" content=\"Dragavlastningplatta | KZL - C-Pro\" \/>\n<meta property=\"og:description\" content=\"Dragavlastningplatta \/ KZL anv\u00e4nds f\u00f6r statiska eller dynamiska applikationer f\u00f6r att organisera och f\u00e4sta kablar p\u00e5 maskiner, kontrollpaneler eller dragkedjor. Enhetens konstruktion ger en s\u00e4ker dragavlastning enligt EN 62444. Montering av kablarna eller pneumatiska slangar g\u00f6rs enkelt med hj\u00e4lp av kabelband. KZL  Dragavlastningsplattor kan monteras p\u00e5 30 mm DIN-skenor (C-skenor) och 35 mm DIN-skenor.\" \/>\n<meta property=\"og:url\" content=\"https:\/\/c-profil.se\/english\/product\/strain-relief-plate-kzl\/\" \/>\n<meta property=\"og:site_name\" content=\"C-Pro\" \/>\n<meta property=\"article:publisher\" content=\"https:\/\/www.facebook.com\/people\/C-Pro\/61561767306874\/\" \/>\n<meta property=\"article:modified_time\" content=\"2026-03-19T14:23:18+00:00\" \/>\n<meta property=\"og:image\" content=\"https:\/\/c-profil.se\/wp-content\/uploads\/2020\/11\/KZL.jpg\" \/>\n\t<meta property=\"og:image:width\" content=\"533\" \/>\n\t<meta property=\"og:image:height\" content=\"533\" \/>\n\t<meta property=\"og:image:type\" content=\"image\/jpeg\" \/>\n<meta name=\"twitter:card\" content=\"summary_large_image\" \/>\n<meta name=\"twitter:label1\" content=\"Price\" \/>\n\t<meta name=\"twitter:data1\" content=\"\" \/>\n\t<meta name=\"twitter:label2\" content=\"Availability\" \/>\n\t<meta name=\"twitter:data2\" content=\"In stock\" \/>\n<script type=\"application\/ld+json\" class=\"yoast-schema-graph\">{\"@context\":\"https:\\\/\\\/schema.org\",\"@graph\":[{\"@type\":\"WebPage\",\"@id\":\"https:\\\/\\\/c-profil.se\\\/produkt\\\/dragavlastningplatta-kzl\\\/\",\"url\":\"https:\\\/\\\/c-profil.se\\\/produkt\\\/dragavlastningplatta-kzl\\\/\",\"name\":\"Dragavlastningplatta | KZL - C-Pro\",\"isPartOf\":{\"@id\":\"https:\\\/\\\/c-profil.se\\\/#website\"},\"primaryImageOfPage\":{\"@id\":\"https:\\\/\\\/c-profil.se\\\/produkt\\\/dragavlastningplatta-kzl\\\/#primaryimage\"},\"image\":{\"@id\":\"https:\\\/\\\/c-profil.se\\\/produkt\\\/dragavlastningplatta-kzl\\\/#primaryimage\"},\"thumbnailUrl\":\"https:\\\/\\\/c-profil.se\\\/wp-content\\\/uploads\\\/2020\\\/11\\\/KZL.jpg\",\"datePublished\":\"2019-07-04T10:21:00+00:00\",\"dateModified\":\"2026-03-19T14:23:18+00:00\",\"description\":\"Dragavlastningplatta \\\/ KZL anv\u00e4nds f\u00f6r statiska\\\/dynamiska applikationer f\u00f6r att organisera\\\/f\u00e4sta kablar p\u00e5 t.ex. maskiner & kontrollpaneler. L\u00e4s Mer!\",\"breadcrumb\":{\"@id\":\"https:\\\/\\\/c-profil.se\\\/produkt\\\/dragavlastningplatta-kzl\\\/#breadcrumb\"},\"inLanguage\":\"en\",\"potentialAction\":[{\"@type\":\"ReadAction\",\"target\":[\"https:\\\/\\\/c-profil.se\\\/produkt\\\/dragavlastningplatta-kzl\\\/\"]}]},{\"@type\":\"ImageObject\",\"inLanguage\":\"en\",\"@id\":\"https:\\\/\\\/c-profil.se\\\/produkt\\\/dragavlastningplatta-kzl\\\/#primaryimage\",\"url\":\"https:\\\/\\\/c-profil.se\\\/wp-content\\\/uploads\\\/2020\\\/11\\\/KZL.jpg\",\"contentUrl\":\"https:\\\/\\\/c-profil.se\\\/wp-content\\\/uploads\\\/2020\\\/11\\\/KZL.jpg\",\"width\":533,\"height\":533,\"caption\":\"Dragavlastningplatta \\\/ KZL\"},{\"@type\":\"BreadcrumbList\",\"@id\":\"https:\\\/\\\/c-profil.se\\\/produkt\\\/dragavlastningplatta-kzl\\\/#breadcrumb\",\"itemListElement\":[{\"@type\":\"ListItem\",\"position\":1,\"name\":\"Hem\",\"item\":\"https:\\\/\\\/c-profil.se\\\/\"},{\"@type\":\"ListItem\",\"position\":2,\"name\":\"Produkter\",\"item\":\"https:\\\/\\\/c-profil.se\\\/produkter\\\/\"},{\"@type\":\"ListItem\",\"position\":3,\"name\":\"Dragavlastning\",\"item\":\"https:\\\/\\\/c-profil.se\\\/produkt-kategori\\\/dragavlastning\\\/\"},{\"@type\":\"ListItem\",\"position\":4,\"name\":\"Dragavlastningplatta | KZL\"}]},{\"@type\":\"WebSite\",\"@id\":\"https:\\\/\\\/c-profil.se\\\/#website\",\"url\":\"https:\\\/\\\/c-profil.se\\\/\",\"name\":\"C-Pro\",\"description\":\"Produkter f\u00f6r El och Automation\",\"publisher\":{\"@id\":\"https:\\\/\\\/c-profil.se\\\/#organization\"},\"potentialAction\":[{\"@type\":\"SearchAction\",\"target\":{\"@type\":\"EntryPoint\",\"urlTemplate\":\"https:\\\/\\\/c-profil.se\\\/?s={search_term_string}\"},\"query-input\":{\"@type\":\"PropertyValueSpecification\",\"valueRequired\":true,\"valueName\":\"search_term_string\"}}],\"inLanguage\":\"en\"},{\"@type\":\"Organization\",\"@id\":\"https:\\\/\\\/c-profil.se\\\/#organization\",\"name\":\"C-Pro\",\"alternateName\":\"C-PRO\",\"url\":\"https:\\\/\\\/c-profil.se\\\/\",\"logo\":{\"@type\":\"ImageObject\",\"inLanguage\":\"en\",\"@id\":\"https:\\\/\\\/c-profil.se\\\/#\\\/schema\\\/logo\\\/image\\\/\",\"url\":\"https:\\\/\\\/c-profil.se\\\/wp-content\\\/uploads\\\/2022\\\/03\\\/c-pro-logga-liggande-500x500-1.png\",\"contentUrl\":\"https:\\\/\\\/c-profil.se\\\/wp-content\\\/uploads\\\/2022\\\/03\\\/c-pro-logga-liggande-500x500-1.png\",\"width\":500,\"height\":500,\"caption\":\"C-Pro\"},\"image\":{\"@id\":\"https:\\\/\\\/c-profil.se\\\/#\\\/schema\\\/logo\\\/image\\\/\"},\"sameAs\":[\"https:\\\/\\\/www.facebook.com\\\/people\\\/C-Pro\\\/61561767306874\\\/\",\"https:\\\/\\\/www.linkedin.com\\\/company\\\/c-pro-ab\",\"https:\\\/\\\/www.instagram.com\\\/cpro.ab\\\/\"],\"description\":\"C-PRO AB \u00e4r en helt\u00e4ckande leverant\u00f6r av material f\u00f6r applikationer inom el och automation. \u00c4nda sedan starten 1987 har vi f\u00f6rsett den svenska tillverkande industrin med elmaterial. Trots v\u00e5r storlek och ledande position har vi aldrig \u00f6vergett v\u00e5r grundfilosofi, att vara en personlig leverant\u00f6r. Vi p\u00e5 C-PRO \u00e4r l\u00e4tta att komma i kontakt med, \u00e4rliga och brinner f\u00f6r att l\u00f6sa v\u00e5ra kunders problem.\",\"email\":\"info@c-profil.se\",\"telephone\":\"031575785\",\"legalName\":\"C-Profil F\u00f6rl\u00e4ggningsmaterial AB\",\"foundingDate\":\"1987-01-01\"}]}<\/script>\n<meta property=\"product:brand\" content=\"dragavlastning\" \/>\n<meta property=\"product:price:currency\" content=\"SEK\" \/>\n<meta property=\"og:availability\" content=\"instock\" \/>\n<meta property=\"product:availability\" content=\"instock\" \/>\n<meta property=\"product:retailer_item_id\" content=\"KZL\" \/>\n<meta property=\"product:condition\" content=\"new\" \/>\n<!-- \/ Yoast SEO Premium plugin. -->","yoast_head_json":{"title":"Strain relief plate | KZL - C-Pro","description":"Strain relief plate \/ KZL is used for static\/dynamic applications to organize\/attach cables on e.g. machines &amp; control panels. Read More!","robots":{"index":"index","follow":"follow","max-snippet":"max-snippet:-1","max-image-preview":"max-image-preview:large","max-video-preview":"max-video-preview:-1"},"canonical":"https:\/\/c-profil.se\/english\/product\/strain-relief-plate-kzl\/","og_locale":"en_US","og_type":"article","og_title":"Dragavlastningplatta | KZL - C-Pro","og_description":"Dragavlastningplatta \/ KZL anv\u00e4nds f\u00f6r statiska eller dynamiska applikationer f\u00f6r att organisera och f\u00e4sta kablar p\u00e5 maskiner, kontrollpaneler eller dragkedjor. Enhetens konstruktion ger en s\u00e4ker dragavlastning enligt EN 62444. Montering av kablarna eller pneumatiska slangar g\u00f6rs enkelt med hj\u00e4lp av kabelband. KZL  Dragavlastningsplattor kan monteras p\u00e5 30 mm DIN-skenor (C-skenor) och 35 mm DIN-skenor.","og_url":"https:\/\/c-profil.se\/english\/product\/strain-relief-plate-kzl\/","og_site_name":"C-Pro","article_publisher":"https:\/\/www.facebook.com\/people\/C-Pro\/61561767306874\/","article_modified_time":"2026-03-19T14:23:18+00:00","og_image":[{"width":533,"height":533,"url":"https:\/\/c-profil.se\/wp-content\/uploads\/2020\/11\/KZL.jpg","type":"image\/jpeg"}],"twitter_card":"summary_large_image","twitter_misc":{"Price":"","Availability":"In stock"},"schema":{"@context":"https:\/\/schema.org","@graph":[{"@type":"WebPage","@id":"https:\/\/c-profil.se\/produkt\/dragavlastningplatta-kzl\/","url":"https:\/\/c-profil.se\/produkt\/dragavlastningplatta-kzl\/","name":"Strain relief plate | KZL - C-Pro","isPartOf":{"@id":"https:\/\/c-profil.se\/#website"},"primaryImageOfPage":{"@id":"https:\/\/c-profil.se\/produkt\/dragavlastningplatta-kzl\/#primaryimage"},"image":{"@id":"https:\/\/c-profil.se\/produkt\/dragavlastningplatta-kzl\/#primaryimage"},"thumbnailUrl":"https:\/\/c-profil.se\/wp-content\/uploads\/2020\/11\/KZL.jpg","datePublished":"2019-07-04T10:21:00+00:00","dateModified":"2026-03-19T14:23:18+00:00","description":"Strain relief plate \/ KZL is used for static\/dynamic applications to organize\/attach cables on e.g. machines &amp; control panels. Read More!","breadcrumb":{"@id":"https:\/\/c-profil.se\/produkt\/dragavlastningplatta-kzl\/#breadcrumb"},"inLanguage":"en","potentialAction":[{"@type":"ReadAction","target":["https:\/\/c-profil.se\/produkt\/dragavlastningplatta-kzl\/"]}]},{"@type":"ImageObject","inLanguage":"en","@id":"https:\/\/c-profil.se\/produkt\/dragavlastningplatta-kzl\/#primaryimage","url":"https:\/\/c-profil.se\/wp-content\/uploads\/2020\/11\/KZL.jpg","contentUrl":"https:\/\/c-profil.se\/wp-content\/uploads\/2020\/11\/KZL.jpg","width":533,"height":533,"caption":"Dragavlastningplatta \/ KZL"},{"@type":"BreadcrumbList","@id":"https:\/\/c-profil.se\/produkt\/dragavlastningplatta-kzl\/#breadcrumb","itemListElement":[{"@type":"ListItem","position":1,"name":"Hem","item":"https:\/\/c-profil.se\/"},{"@type":"ListItem","position":2,"name":"Produkter","item":"https:\/\/c-profil.se\/produkter\/"},{"@type":"ListItem","position":3,"name":"Dragavlastning","item":"https:\/\/c-profil.se\/produkt-kategori\/dragavlastning\/"},{"@type":"ListItem","position":4,"name":"Dragavlastningplatta | KZL"}]},{"@type":"WebSite","@id":"https:\/\/c-profil.se\/#website","url":"https:\/\/c-profil.se\/","name":"C-Pro","description":"Products for Electricity and Automation","publisher":{"@id":"https:\/\/c-profil.se\/#organization"},"potentialAction":[{"@type":"SearchAction","target":{"@type":"EntryPoint","urlTemplate":"https:\/\/c-profil.se\/?s={search_term_string}"},"query-input":{"@type":"PropertyValueSpecification","valueRequired":true,"valueName":"search_term_string"}}],"inLanguage":"en"},{"@type":"Organization","@id":"https:\/\/c-profil.se\/#organization","name":"C-Pro","alternateName":"C-PRO","url":"https:\/\/c-profil.se\/","logo":{"@type":"ImageObject","inLanguage":"en","@id":"https:\/\/c-profil.se\/#\/schema\/logo\/image\/","url":"https:\/\/c-profil.se\/wp-content\/uploads\/2022\/03\/c-pro-logga-liggande-500x500-1.png","contentUrl":"https:\/\/c-profil.se\/wp-content\/uploads\/2022\/03\/c-pro-logga-liggande-500x500-1.png","width":500,"height":500,"caption":"C-Pro"},"image":{"@id":"https:\/\/c-profil.se\/#\/schema\/logo\/image\/"},"sameAs":["https:\/\/www.facebook.com\/people\/C-Pro\/61561767306874\/","https:\/\/www.linkedin.com\/company\/c-pro-ab","https:\/\/www.instagram.com\/cpro.ab\/"],"description":"C-PRO AB is a comprehensive supplier of materials for applications in electricity and automation. Ever since the start in 1987, we have supplied the Swedish manufacturing industry with electrical materials. Despite our size and leading position, we have never abandoned our basic philosophy, to be a personal supplier. We at C-PRO are easy to get in touch with, honest and passionate about solving our customers&#039; problems.","email":"info@c-profil.se","telephone":"031575785","legalName":"C-Profil F\u00f6rl\u00e4ggningsmaterial AB","foundingDate":"1987-01-01"}]},"product_brand":"dragavlastning","product_price_currency":"SEK","og_availability":"instock","product_availability":"instock","product_retailer_item_id":"KZL","product_condition":"new"},"_links":{"self":[{"href":"https:\/\/c-profil.se\/english\/wp-json\/wp\/v2\/product\/24815","targetHints":{"allow":["GET"]}}],"collection":[{"href":"https:\/\/c-profil.se\/english\/wp-json\/wp\/v2\/product"}],"about":[{"href":"https:\/\/c-profil.se\/english\/wp-json\/wp\/v2\/types\/product"}],"version-history":[{"count":6,"href":"https:\/\/c-profil.se\/english\/wp-json\/wp\/v2\/product\/24815\/revisions"}],"predecessor-version":[{"id":74414,"href":"https:\/\/c-profil.se\/english\/wp-json\/wp\/v2\/product\/24815\/revisions\/74414"}],"wp:featuredmedia":[{"embeddable":true,"href":"https:\/\/c-profil.se\/english\/wp-json\/wp\/v2\/media\/24816"}],"wp:attachment":[{"href":"https:\/\/c-profil.se\/english\/wp-json\/wp\/v2\/media?parent=24815"}],"wp:term":[{"taxonomy":"product_brand","embeddable":true,"href":"https:\/\/c-profil.se\/english\/wp-json\/wp\/v2\/product_brand?post=24815"},{"taxonomy":"product_cat","embeddable":true,"href":"https:\/\/c-profil.se\/english\/wp-json\/wp\/v2\/product_cat?post=24815"},{"taxonomy":"product_tag","embeddable":true,"href":"https:\/\/c-profil.se\/english\/wp-json\/wp\/v2\/product_tag?post=24815"}],"curies":[{"name":"wp","href":"https:\/\/api.w.org\/{rel}","templated":true}]}}