{"id":24764,"date":"2019-05-29T09:25:00","date_gmt":"2019-05-29T08:25:00","guid":{"rendered":"https:\/\/c-profil.se\/produkt\/kabelgenomforingsplatta-rund-kel-dp-rund-gra\/"},"modified":"2026-03-19T15:15:42","modified_gmt":"2026-03-19T14:15:42","slug":"round-entry-plate-kel-dp-round","status":"publish","type":"product","link":"https:\/\/c-profil.se\/english\/produkt\/rund-genomforingsplatta-kel-dp-rund\/","title":{"rendered":"Cable entry plate | KEL-DP-Round"},"content":{"rendered":"<p><strong>KEL-DP Round is a round cable entry plate for cables and hoses without connectors<\/strong>, adapted for metric cutouts.<br \/>\nIt provides a hygienic and space-saving solution for sealing and cable entry in industrial applications.<\/p>","protected":false},"excerpt":{"rendered":"<p class=\"ai-optimize-30 ai-optimize-introduction\">Cable entry plate multi-membrane \/ KEL-DP-Round are designed to route cables without connectors as well as pneumatic or hydraulic hoses. KEL-DP is an alternative to traditional cable glands. Quite simply, a small hole is made in the thin membrane and the cables are pushed through. KEL-DP provides protection class IP65 \/ NEMA Type 12. ST-B Plugs can be used to seal holes in the membrane if cables have been removed.<\/p>\n<p class=\"ai-optimize-31\"><strong>Advantages:<\/strong><\/p>\n<ul>\n<li class=\"ai-optimize-32\">Quick and easy assembly, no tools required<\/li>\n<li class=\"ai-optimize-33\">Round design for metric cutouts<\/li>\n<li class=\"ai-optimize-34\">Hygienic design \u2013 free from dirt-collecting recesses<\/li>\n<li class=\"ai-optimize-35\">High cable density<\/li>\n<li class=\"ai-optimize-36\">Cost effective<\/li>\n<li class=\"ai-optimize-37\">For wall thickness 1.5 \u2013 4 mm<\/li>\n<\/ul>","protected":false},"featured_media":51226,"template":"","meta":{"_acf_changed":false},"product_brand":[740],"product_cat":[307],"product_tag":[992,938,990,1005,939],"class_list":{"0":"post-24764","1":"product","2":"type-product","3":"status-publish","4":"has-post-thumbnail","6":"product_brand-icotek","7":"product_cat-kabelgenomforingsplattor-multiflansar","8":"product_tag-kabelgenomforing","9":"product_tag-kabelinforing","10":"product_tag-kapsling","11":"product_tag-platbearbetning","12":"product_tag-tatning","14":"first","15":"instock","16":"shipping-taxable","17":"product-type-simple"},"acf":[],"yoast_head":"<!-- This site is optimized with the Yoast SEO Premium plugin v27.5 (Yoast SEO v27.5) - https:\/\/yoast.com\/product\/yoast-seo-premium-wordpress\/ -->\n<title>Kabelgenomf\u00f6ringsplatta | KEL-DP-Rund - C-Pro<\/title>\n<meta name=\"description\" content=\"Kabelgenomf\u00f6ringsplatta multi-membran \/ KEL-DP-Rund \u00e4r konstruerade f\u00f6r att dirigera kablar utan kontaktdon samt pneumatiska eller hydrauliska slangar.\" \/>\n<meta name=\"robots\" content=\"index, follow, max-snippet:-1, max-image-preview:large, max-video-preview:-1\" \/>\n<link rel=\"canonical\" href=\"https:\/\/c-profil.se\/english\/product\/round-entry-plate-kel-dp-round\/\" \/>\n<meta property=\"og:locale\" content=\"en_US\" \/>\n<meta property=\"og:type\" content=\"article\" \/>\n<meta property=\"og:title\" content=\"Kabelgenomf\u00f6ringsplatta | KEL-DP-Rund - C-Pro\" \/>\n<meta property=\"og:description\" content=\"Kabelgenomf\u00f6ringsplatta multi-membran \/ KEL-DP-Rund \u00e4r konstruerade f\u00f6r att dirigera kablar utan kontaktdon samt pneumatiska eller hydrauliska slangar. KEL-DP \u00e4r ett alternativ till traditionella kabelgenomf\u00f6ringar. Helt enkelt g\u00f6rs ett litet h\u00e5l i det tunna membranet och kablarna skjuts igenom. KEL-DP ger skyddsklass IP65 \/ NEMA Typ 12. ST-B Pluggar kan anv\u00e4ndas f\u00f6r att t\u00e4ta h\u00e5l i membranet om kablar har tagits bort. F\u00f6rdelar:    Snabb och enkel montering, inga verktyg kr\u00e4vs  Rund design f\u00f6r metriska utsk\u00e4rningar  Hygienisk design - fri fr\u00e5n smutssamlande f\u00f6rdjupningar  H\u00f6g\u00a0kabelt\u00e4thet  Kostnadseffektiv  F\u00f6r v\u00e4ggtjocklek 1,5 - 4 mm\" \/>\n<meta property=\"og:url\" content=\"https:\/\/c-profil.se\/english\/product\/round-entry-plate-kel-dp-round\/\" \/>\n<meta property=\"og:site_name\" content=\"C-Pro\" \/>\n<meta property=\"article:publisher\" content=\"https:\/\/www.facebook.com\/people\/C-Pro\/61561767306874\/\" \/>\n<meta property=\"article:modified_time\" content=\"2026-03-19T14:15:42+00:00\" \/>\n<meta property=\"og:image\" content=\"https:\/\/c-profil.se\/wp-content\/uploads\/2019\/05\/Kabelgenomforingsplatta-KEL-DP-Rund.png\" \/>\n\t<meta property=\"og:image:width\" content=\"1000\" \/>\n\t<meta property=\"og:image:height\" content=\"1000\" \/>\n\t<meta property=\"og:image:type\" content=\"image\/png\" \/>\n<meta name=\"twitter:card\" content=\"summary_large_image\" \/>\n<meta name=\"twitter:label1\" content=\"Price\" \/>\n\t<meta name=\"twitter:data1\" content=\"\" \/>\n\t<meta name=\"twitter:label2\" content=\"Availability\" \/>\n\t<meta name=\"twitter:data2\" content=\"In stock\" \/>\n<script type=\"application\/ld+json\" class=\"yoast-schema-graph\">{\"@context\":\"https:\\\/\\\/schema.org\",\"@graph\":[{\"@type\":\"WebPage\",\"@id\":\"https:\\\/\\\/c-profil.se\\\/produkt\\\/rund-genomforingsplatta-kel-dp-rund\\\/\",\"url\":\"https:\\\/\\\/c-profil.se\\\/produkt\\\/rund-genomforingsplatta-kel-dp-rund\\\/\",\"name\":\"Kabelgenomf\u00f6ringsplatta | KEL-DP-Rund - C-Pro\",\"isPartOf\":{\"@id\":\"https:\\\/\\\/c-profil.se\\\/#website\"},\"primaryImageOfPage\":{\"@id\":\"https:\\\/\\\/c-profil.se\\\/produkt\\\/rund-genomforingsplatta-kel-dp-rund\\\/#primaryimage\"},\"image\":{\"@id\":\"https:\\\/\\\/c-profil.se\\\/produkt\\\/rund-genomforingsplatta-kel-dp-rund\\\/#primaryimage\"},\"thumbnailUrl\":\"https:\\\/\\\/c-profil.se\\\/wp-content\\\/uploads\\\/2019\\\/05\\\/Kabelgenomforingsplatta-KEL-DP-Rund.png\",\"datePublished\":\"2019-05-29T08:25:00+00:00\",\"dateModified\":\"2026-03-19T14:15:42+00:00\",\"description\":\"Kabelgenomf\u00f6ringsplatta multi-membran \\\/ KEL-DP-Rund \u00e4r konstruerade f\u00f6r att dirigera kablar utan kontaktdon samt pneumatiska eller hydrauliska slangar.\",\"breadcrumb\":{\"@id\":\"https:\\\/\\\/c-profil.se\\\/produkt\\\/rund-genomforingsplatta-kel-dp-rund\\\/#breadcrumb\"},\"inLanguage\":\"en\",\"potentialAction\":[{\"@type\":\"ReadAction\",\"target\":[\"https:\\\/\\\/c-profil.se\\\/produkt\\\/rund-genomforingsplatta-kel-dp-rund\\\/\"]}]},{\"@type\":\"ImageObject\",\"inLanguage\":\"en\",\"@id\":\"https:\\\/\\\/c-profil.se\\\/produkt\\\/rund-genomforingsplatta-kel-dp-rund\\\/#primaryimage\",\"url\":\"https:\\\/\\\/c-profil.se\\\/wp-content\\\/uploads\\\/2019\\\/05\\\/Kabelgenomforingsplatta-KEL-DP-Rund.png\",\"contentUrl\":\"https:\\\/\\\/c-profil.se\\\/wp-content\\\/uploads\\\/2019\\\/05\\\/Kabelgenomforingsplatta-KEL-DP-Rund.png\",\"width\":1000,\"height\":1000,\"caption\":\"Kabelgenomf\u00f6ringsplatta KEL-DP-Rund\"},{\"@type\":\"BreadcrumbList\",\"@id\":\"https:\\\/\\\/c-profil.se\\\/produkt\\\/rund-genomforingsplatta-kel-dp-rund\\\/#breadcrumb\",\"itemListElement\":[{\"@type\":\"ListItem\",\"position\":1,\"name\":\"Hem\",\"item\":\"https:\\\/\\\/c-profil.se\\\/\"},{\"@type\":\"ListItem\",\"position\":2,\"name\":\"Produkter\",\"item\":\"https:\\\/\\\/c-profil.se\\\/produkter\\\/\"},{\"@type\":\"ListItem\",\"position\":3,\"name\":\"Kabelgenomf\u00f6ringsplattor &amp; multifl\u00e4nsar\",\"item\":\"https:\\\/\\\/c-profil.se\\\/produkt-kategori\\\/kabelgenomforingsplattor-multiflansar\\\/\"},{\"@type\":\"ListItem\",\"position\":4,\"name\":\"Kabelgenomf\u00f6ringsplatta | KEL-DP-Rund\"}]},{\"@type\":\"WebSite\",\"@id\":\"https:\\\/\\\/c-profil.se\\\/#website\",\"url\":\"https:\\\/\\\/c-profil.se\\\/\",\"name\":\"C-Pro\",\"description\":\"Produkter f\u00f6r El och Automation\",\"publisher\":{\"@id\":\"https:\\\/\\\/c-profil.se\\\/#organization\"},\"potentialAction\":[{\"@type\":\"SearchAction\",\"target\":{\"@type\":\"EntryPoint\",\"urlTemplate\":\"https:\\\/\\\/c-profil.se\\\/?s={search_term_string}\"},\"query-input\":{\"@type\":\"PropertyValueSpecification\",\"valueRequired\":true,\"valueName\":\"search_term_string\"}}],\"inLanguage\":\"en\"},{\"@type\":\"Organization\",\"@id\":\"https:\\\/\\\/c-profil.se\\\/#organization\",\"name\":\"C-Pro\",\"alternateName\":\"C-PRO\",\"url\":\"https:\\\/\\\/c-profil.se\\\/\",\"logo\":{\"@type\":\"ImageObject\",\"inLanguage\":\"en\",\"@id\":\"https:\\\/\\\/c-profil.se\\\/#\\\/schema\\\/logo\\\/image\\\/\",\"url\":\"https:\\\/\\\/c-profil.se\\\/wp-content\\\/uploads\\\/2022\\\/03\\\/c-pro-logga-liggande-500x500-1.png\",\"contentUrl\":\"https:\\\/\\\/c-profil.se\\\/wp-content\\\/uploads\\\/2022\\\/03\\\/c-pro-logga-liggande-500x500-1.png\",\"width\":500,\"height\":500,\"caption\":\"C-Pro\"},\"image\":{\"@id\":\"https:\\\/\\\/c-profil.se\\\/#\\\/schema\\\/logo\\\/image\\\/\"},\"sameAs\":[\"https:\\\/\\\/www.facebook.com\\\/people\\\/C-Pro\\\/61561767306874\\\/\",\"https:\\\/\\\/www.linkedin.com\\\/company\\\/c-pro-ab\",\"https:\\\/\\\/www.instagram.com\\\/cpro.ab\\\/\"],\"description\":\"C-PRO AB \u00e4r en helt\u00e4ckande leverant\u00f6r av material f\u00f6r applikationer inom el och automation. \u00c4nda sedan starten 1987 har vi f\u00f6rsett den svenska tillverkande industrin med elmaterial. Trots v\u00e5r storlek och ledande position har vi aldrig \u00f6vergett v\u00e5r grundfilosofi, att vara en personlig leverant\u00f6r. Vi p\u00e5 C-PRO \u00e4r l\u00e4tta att komma i kontakt med, \u00e4rliga och brinner f\u00f6r att l\u00f6sa v\u00e5ra kunders problem.\",\"email\":\"info@c-profil.se\",\"telephone\":\"031575785\",\"legalName\":\"C-Profil F\u00f6rl\u00e4ggningsmaterial AB\",\"foundingDate\":\"1987-01-01\"}]}<\/script>\n<meta property=\"product:brand\" content=\"kabelgenomf\u00f6ring\" \/>\n<meta property=\"product:price:currency\" content=\"SEK\" \/>\n<meta property=\"og:availability\" content=\"instock\" \/>\n<meta property=\"product:availability\" content=\"instock\" \/>\n<meta property=\"product:retailer_item_id\" content=\"KEL-DP-Rund\" \/>\n<meta property=\"product:condition\" content=\"new\" \/>\n<!-- \/ Yoast SEO Premium plugin. -->","yoast_head_json":{"title":"Cable entry plate | KEL-DP-Round - C-Pro","description":"Cable entry plate multi-membrane \/ KEL-DP-Round are designed to route cables without connectors as well as pneumatic or hydraulic hoses.","robots":{"index":"index","follow":"follow","max-snippet":"max-snippet:-1","max-image-preview":"max-image-preview:large","max-video-preview":"max-video-preview:-1"},"canonical":"https:\/\/c-profil.se\/english\/product\/round-entry-plate-kel-dp-round\/","og_locale":"en_US","og_type":"article","og_title":"Kabelgenomf\u00f6ringsplatta | KEL-DP-Rund - C-Pro","og_description":"Kabelgenomf\u00f6ringsplatta multi-membran \/ KEL-DP-Rund \u00e4r konstruerade f\u00f6r att dirigera kablar utan kontaktdon samt pneumatiska eller hydrauliska slangar. KEL-DP \u00e4r ett alternativ till traditionella kabelgenomf\u00f6ringar. Helt enkelt g\u00f6rs ett litet h\u00e5l i det tunna membranet och kablarna skjuts igenom. KEL-DP ger skyddsklass IP65 \/ NEMA Typ 12. ST-B Pluggar kan anv\u00e4ndas f\u00f6r att t\u00e4ta h\u00e5l i membranet om kablar har tagits bort. F\u00f6rdelar:    Snabb och enkel montering, inga verktyg kr\u00e4vs  Rund design f\u00f6r metriska utsk\u00e4rningar  Hygienisk design - fri fr\u00e5n smutssamlande f\u00f6rdjupningar  H\u00f6g\u00a0kabelt\u00e4thet  Kostnadseffektiv  F\u00f6r v\u00e4ggtjocklek 1,5 - 4 mm","og_url":"https:\/\/c-profil.se\/english\/product\/round-entry-plate-kel-dp-round\/","og_site_name":"C-Pro","article_publisher":"https:\/\/www.facebook.com\/people\/C-Pro\/61561767306874\/","article_modified_time":"2026-03-19T14:15:42+00:00","og_image":[{"width":1000,"height":1000,"url":"https:\/\/c-profil.se\/wp-content\/uploads\/2019\/05\/Kabelgenomforingsplatta-KEL-DP-Rund.png","type":"image\/png"}],"twitter_card":"summary_large_image","twitter_misc":{"Price":"","Availability":"In stock"},"schema":{"@context":"https:\/\/schema.org","@graph":[{"@type":"WebPage","@id":"https:\/\/c-profil.se\/produkt\/rund-genomforingsplatta-kel-dp-rund\/","url":"https:\/\/c-profil.se\/produkt\/rund-genomforingsplatta-kel-dp-rund\/","name":"Cable entry plate | KEL-DP-Round - C-Pro","isPartOf":{"@id":"https:\/\/c-profil.se\/#website"},"primaryImageOfPage":{"@id":"https:\/\/c-profil.se\/produkt\/rund-genomforingsplatta-kel-dp-rund\/#primaryimage"},"image":{"@id":"https:\/\/c-profil.se\/produkt\/rund-genomforingsplatta-kel-dp-rund\/#primaryimage"},"thumbnailUrl":"https:\/\/c-profil.se\/wp-content\/uploads\/2019\/05\/Kabelgenomforingsplatta-KEL-DP-Rund.png","datePublished":"2019-05-29T08:25:00+00:00","dateModified":"2026-03-19T14:15:42+00:00","description":"Cable entry plate multi-membrane \/ KEL-DP-Round are designed to route cables without connectors as well as pneumatic or hydraulic hoses.","breadcrumb":{"@id":"https:\/\/c-profil.se\/produkt\/rund-genomforingsplatta-kel-dp-rund\/#breadcrumb"},"inLanguage":"en","potentialAction":[{"@type":"ReadAction","target":["https:\/\/c-profil.se\/produkt\/rund-genomforingsplatta-kel-dp-rund\/"]}]},{"@type":"ImageObject","inLanguage":"en","@id":"https:\/\/c-profil.se\/produkt\/rund-genomforingsplatta-kel-dp-rund\/#primaryimage","url":"https:\/\/c-profil.se\/wp-content\/uploads\/2019\/05\/Kabelgenomforingsplatta-KEL-DP-Rund.png","contentUrl":"https:\/\/c-profil.se\/wp-content\/uploads\/2019\/05\/Kabelgenomforingsplatta-KEL-DP-Rund.png","width":1000,"height":1000,"caption":"Kabelgenomf\u00f6ringsplatta KEL-DP-Rund"},{"@type":"BreadcrumbList","@id":"https:\/\/c-profil.se\/produkt\/rund-genomforingsplatta-kel-dp-rund\/#breadcrumb","itemListElement":[{"@type":"ListItem","position":1,"name":"Hem","item":"https:\/\/c-profil.se\/"},{"@type":"ListItem","position":2,"name":"Produkter","item":"https:\/\/c-profil.se\/produkter\/"},{"@type":"ListItem","position":3,"name":"Kabelgenomf\u00f6ringsplattor &amp; multifl\u00e4nsar","item":"https:\/\/c-profil.se\/produkt-kategori\/kabelgenomforingsplattor-multiflansar\/"},{"@type":"ListItem","position":4,"name":"Kabelgenomf\u00f6ringsplatta | KEL-DP-Rund"}]},{"@type":"WebSite","@id":"https:\/\/c-profil.se\/#website","url":"https:\/\/c-profil.se\/","name":"C-Pro","description":"Products for Electricity and Automation","publisher":{"@id":"https:\/\/c-profil.se\/#organization"},"potentialAction":[{"@type":"SearchAction","target":{"@type":"EntryPoint","urlTemplate":"https:\/\/c-profil.se\/?s={search_term_string}"},"query-input":{"@type":"PropertyValueSpecification","valueRequired":true,"valueName":"search_term_string"}}],"inLanguage":"en"},{"@type":"Organization","@id":"https:\/\/c-profil.se\/#organization","name":"C-Pro","alternateName":"C-PRO","url":"https:\/\/c-profil.se\/","logo":{"@type":"ImageObject","inLanguage":"en","@id":"https:\/\/c-profil.se\/#\/schema\/logo\/image\/","url":"https:\/\/c-profil.se\/wp-content\/uploads\/2022\/03\/c-pro-logga-liggande-500x500-1.png","contentUrl":"https:\/\/c-profil.se\/wp-content\/uploads\/2022\/03\/c-pro-logga-liggande-500x500-1.png","width":500,"height":500,"caption":"C-Pro"},"image":{"@id":"https:\/\/c-profil.se\/#\/schema\/logo\/image\/"},"sameAs":["https:\/\/www.facebook.com\/people\/C-Pro\/61561767306874\/","https:\/\/www.linkedin.com\/company\/c-pro-ab","https:\/\/www.instagram.com\/cpro.ab\/"],"description":"C-PRO AB is a comprehensive supplier of materials for applications in electricity and automation. Ever since the start in 1987, we have supplied the Swedish manufacturing industry with electrical materials. Despite our size and leading position, we have never abandoned our basic philosophy, to be a personal supplier. We at C-PRO are easy to get in touch with, honest and passionate about solving our customers&#039; problems.","email":"info@c-profil.se","telephone":"031575785","legalName":"C-Profil F\u00f6rl\u00e4ggningsmaterial AB","foundingDate":"1987-01-01"}]},"product_brand":"kabelgenomf\u00f6ring","product_price_currency":"SEK","og_availability":"instock","product_availability":"instock","product_retailer_item_id":"KEL-DP-Rund","product_condition":"new"},"_links":{"self":[{"href":"https:\/\/c-profil.se\/english\/wp-json\/wp\/v2\/product\/24764","targetHints":{"allow":["GET"]}}],"collection":[{"href":"https:\/\/c-profil.se\/english\/wp-json\/wp\/v2\/product"}],"about":[{"href":"https:\/\/c-profil.se\/english\/wp-json\/wp\/v2\/types\/product"}],"version-history":[{"count":8,"href":"https:\/\/c-profil.se\/english\/wp-json\/wp\/v2\/product\/24764\/revisions"}],"predecessor-version":[{"id":74301,"href":"https:\/\/c-profil.se\/english\/wp-json\/wp\/v2\/product\/24764\/revisions\/74301"}],"wp:featuredmedia":[{"embeddable":true,"href":"https:\/\/c-profil.se\/english\/wp-json\/wp\/v2\/media\/51226"}],"wp:attachment":[{"href":"https:\/\/c-profil.se\/english\/wp-json\/wp\/v2\/media?parent=24764"}],"wp:term":[{"taxonomy":"product_brand","embeddable":true,"href":"https:\/\/c-profil.se\/english\/wp-json\/wp\/v2\/product_brand?post=24764"},{"taxonomy":"product_cat","embeddable":true,"href":"https:\/\/c-profil.se\/english\/wp-json\/wp\/v2\/product_cat?post=24764"},{"taxonomy":"product_tag","embeddable":true,"href":"https:\/\/c-profil.se\/english\/wp-json\/wp\/v2\/product_tag?post=24764"}],"curies":[{"name":"wp","href":"https:\/\/api.w.org\/{rel}","templated":true}]}}