{"id":24758,"date":"2019-05-21T12:01:00","date_gmt":"2019-05-21T11:01:00","guid":{"rendered":"https:\/\/c-profil.se\/produkt\/rostfritt-galler-kb\/"},"modified":"2026-03-19T15:40:19","modified_gmt":"2026-03-19T14:40:19","slug":"stainless-protective-grille-kb","status":"publish","type":"product","link":"https:\/\/c-profil.se\/english\/produkt\/rostfritt-skyddsgaller-kb\/","title":{"rendered":"Stainless Steel Protective Grille | KB"},"content":{"rendered":"<p><strong>KB is a stainless steel protective grille for filter fans and exhaust filters for outdoor installation.<\/strong><br \/>\nIt provides robust protection against weather influences, corrosion and vandalism.<\/p>","protected":false},"excerpt":{"rendered":"<p>Stainless Steel Protective Grille \/ KB for outdoor use with filter fan LV and\/or Exhaust filter GV. Weather and corrosion resistant in stainless steel AISI 304. Vandal-proof solution for better protection.<\/p>\n<p>Delivered with: Gaskets, mounting accessories and gill plate with holes<\/p>\n<ul>\n<li>No screws outside the frame<\/li>\n<li>Mounting from the inside<\/li>\n<li>With gaskets and accessories<\/li>\n<li>For outdoor use of filter fans and exhaust filters<\/li>\n<li>Weather and corrosion resistant<\/li>\n<li>Solid, vandal-proof<\/li>\n<li>Retrofitting to existing enclosures is possible<\/li>\n<\/ul>","protected":false},"featured_media":46042,"template":"","meta":{"_acf_changed":false},"product_brand":[746],"product_cat":[203],"product_tag":[963,943,952,951,964],"class_list":{"0":"post-24758","1":"product","2":"type-product","3":"status-publish","4":"has-post-thumbnail","6":"product_brand-rubsamen-herr","7":"product_cat-filterflaktar","8":"product_tag-klimatisering-av-apparatskap","9":"product_tag-korrosiv-miljo","10":"product_tag-kravande-miljo","11":"product_tag-utomhusmiljo","12":"product_tag-ventilation","14":"first","15":"instock","16":"shipping-taxable","17":"product-type-simple"},"acf":[],"yoast_head":"<!-- This site is optimized with the Yoast SEO Premium plugin v27.4 (Yoast SEO v27.4) - https:\/\/yoast.com\/product\/yoast-seo-premium-wordpress\/ -->\n<title>Rostfritt Skyddsgaller \/ KB - C-Pro<\/title>\n<meta name=\"description\" content=\"Rostfritt Skyddsgaller \/ KB f\u00f6r utomhusbruk med filterfl\u00e4kt LV och\/eller Utbl\u00e5sfilter GV. V\u00e4der och korrosionsbest\u00e4ndig i rostfritt st\u00e5l. L\u00e4s Mer!\" \/>\n<meta name=\"robots\" content=\"index, follow, max-snippet:-1, max-image-preview:large, max-video-preview:-1\" \/>\n<link rel=\"canonical\" href=\"https:\/\/c-profil.se\/english\/product\/stainless-protective-grille-kb\/\" \/>\n<meta property=\"og:locale\" content=\"en_US\" \/>\n<meta property=\"og:type\" content=\"article\" \/>\n<meta property=\"og:title\" content=\"Rostfritt Skyddsgaller | KB - C-Pro\" \/>\n<meta property=\"og:description\" content=\"Rostfritt Skyddsgaller \/ KB f\u00f6r utomhusbruk med filterfl\u00e4kt LV och\/eller Utbl\u00e5sfilter GV. V\u00e4der och korrosionsbest\u00e4ndig i rostfritt AISI 304 st\u00e5l. Vandalskyddad l\u00f6sning f\u00f6r b\u00e4ttre skydd.  Levereras med: Packningar, f\u00e4sttillbeh\u00f6r och g\u00e4lplatta med h\u00e5l   Inga skruvar utanf\u00f6r ramen  Montering fr\u00e5n insidan  Med packningar och tillbeh\u00f6r  F\u00f6r utomhusbruk av filterfl\u00e4ktar och utbl\u00e5sfilter  V\u00e4der- och korrosionsbest\u00e4ndig  Solid, vandalskyddad  Eftermontering vid befintliga kapslingar \u00e4r m\u00f6jlig\" \/>\n<meta property=\"og:url\" content=\"https:\/\/c-profil.se\/english\/product\/stainless-protective-grille-kb\/\" \/>\n<meta property=\"og:site_name\" content=\"C-Pro\" \/>\n<meta property=\"article:publisher\" content=\"https:\/\/www.facebook.com\/people\/C-Pro\/61561767306874\/\" \/>\n<meta property=\"article:modified_time\" content=\"2026-03-19T14:40:19+00:00\" \/>\n<meta property=\"og:image\" content=\"https:\/\/c-profil.se\/wp-content\/uploads\/2019\/05\/Rostfritt-Skyddsgaller-KB.jpg\" \/>\n\t<meta property=\"og:image:width\" content=\"1000\" \/>\n\t<meta property=\"og:image:height\" content=\"1000\" \/>\n\t<meta property=\"og:image:type\" content=\"image\/jpeg\" \/>\n<meta name=\"twitter:card\" content=\"summary_large_image\" \/>\n<meta name=\"twitter:label1\" content=\"Price\" \/>\n\t<meta name=\"twitter:data1\" content=\"\" \/>\n\t<meta name=\"twitter:label2\" content=\"Availability\" \/>\n\t<meta name=\"twitter:data2\" content=\"In stock\" \/>\n<script type=\"application\/ld+json\" class=\"yoast-schema-graph\">{\"@context\":\"https:\\\/\\\/schema.org\",\"@graph\":[{\"@type\":\"WebPage\",\"@id\":\"https:\\\/\\\/c-profil.se\\\/produkt\\\/rostfritt-skyddsgaller-kb\\\/\",\"url\":\"https:\\\/\\\/c-profil.se\\\/produkt\\\/rostfritt-skyddsgaller-kb\\\/\",\"name\":\"Rostfritt Skyddsgaller \\\/ KB - C-Pro\",\"isPartOf\":{\"@id\":\"https:\\\/\\\/c-profil.se\\\/#website\"},\"primaryImageOfPage\":{\"@id\":\"https:\\\/\\\/c-profil.se\\\/produkt\\\/rostfritt-skyddsgaller-kb\\\/#primaryimage\"},\"image\":{\"@id\":\"https:\\\/\\\/c-profil.se\\\/produkt\\\/rostfritt-skyddsgaller-kb\\\/#primaryimage\"},\"thumbnailUrl\":\"https:\\\/\\\/c-profil.se\\\/wp-content\\\/uploads\\\/2019\\\/05\\\/Rostfritt-Skyddsgaller-KB.jpg\",\"datePublished\":\"2019-05-21T11:01:00+00:00\",\"dateModified\":\"2026-03-19T14:40:19+00:00\",\"description\":\"Rostfritt Skyddsgaller \\\/ KB f\u00f6r utomhusbruk med filterfl\u00e4kt LV och\\\/eller Utbl\u00e5sfilter GV. V\u00e4der och korrosionsbest\u00e4ndig i rostfritt st\u00e5l. L\u00e4s Mer!\",\"breadcrumb\":{\"@id\":\"https:\\\/\\\/c-profil.se\\\/produkt\\\/rostfritt-skyddsgaller-kb\\\/#breadcrumb\"},\"inLanguage\":\"en\",\"potentialAction\":[{\"@type\":\"ReadAction\",\"target\":[\"https:\\\/\\\/c-profil.se\\\/produkt\\\/rostfritt-skyddsgaller-kb\\\/\"]}]},{\"@type\":\"ImageObject\",\"inLanguage\":\"en\",\"@id\":\"https:\\\/\\\/c-profil.se\\\/produkt\\\/rostfritt-skyddsgaller-kb\\\/#primaryimage\",\"url\":\"https:\\\/\\\/c-profil.se\\\/wp-content\\\/uploads\\\/2019\\\/05\\\/Rostfritt-Skyddsgaller-KB.jpg\",\"contentUrl\":\"https:\\\/\\\/c-profil.se\\\/wp-content\\\/uploads\\\/2019\\\/05\\\/Rostfritt-Skyddsgaller-KB.jpg\",\"width\":1000,\"height\":1000,\"caption\":\"Rostfritt Skyddsgaller KB\"},{\"@type\":\"BreadcrumbList\",\"@id\":\"https:\\\/\\\/c-profil.se\\\/produkt\\\/rostfritt-skyddsgaller-kb\\\/#breadcrumb\",\"itemListElement\":[{\"@type\":\"ListItem\",\"position\":1,\"name\":\"Hem\",\"item\":\"https:\\\/\\\/c-profil.se\\\/\"},{\"@type\":\"ListItem\",\"position\":2,\"name\":\"Produkter\",\"item\":\"https:\\\/\\\/c-profil.se\\\/produkter\\\/\"},{\"@type\":\"ListItem\",\"position\":3,\"name\":\"Filterfl\u00e4ktar\",\"item\":\"https:\\\/\\\/c-profil.se\\\/produkt-kategori\\\/filterflaktar\\\/\"},{\"@type\":\"ListItem\",\"position\":4,\"name\":\"Rostfritt Skyddsgaller | KB\"}]},{\"@type\":\"WebSite\",\"@id\":\"https:\\\/\\\/c-profil.se\\\/#website\",\"url\":\"https:\\\/\\\/c-profil.se\\\/\",\"name\":\"C-Pro\",\"description\":\"Produkter f\u00f6r El och Automation\",\"publisher\":{\"@id\":\"https:\\\/\\\/c-profil.se\\\/#organization\"},\"potentialAction\":[{\"@type\":\"SearchAction\",\"target\":{\"@type\":\"EntryPoint\",\"urlTemplate\":\"https:\\\/\\\/c-profil.se\\\/?s={search_term_string}\"},\"query-input\":{\"@type\":\"PropertyValueSpecification\",\"valueRequired\":true,\"valueName\":\"search_term_string\"}}],\"inLanguage\":\"en\"},{\"@type\":\"Organization\",\"@id\":\"https:\\\/\\\/c-profil.se\\\/#organization\",\"name\":\"C-Pro\",\"alternateName\":\"C-PRO\",\"url\":\"https:\\\/\\\/c-profil.se\\\/\",\"logo\":{\"@type\":\"ImageObject\",\"inLanguage\":\"en\",\"@id\":\"https:\\\/\\\/c-profil.se\\\/#\\\/schema\\\/logo\\\/image\\\/\",\"url\":\"https:\\\/\\\/c-profil.se\\\/wp-content\\\/uploads\\\/2022\\\/03\\\/c-pro-logga-liggande-500x500-1.png\",\"contentUrl\":\"https:\\\/\\\/c-profil.se\\\/wp-content\\\/uploads\\\/2022\\\/03\\\/c-pro-logga-liggande-500x500-1.png\",\"width\":500,\"height\":500,\"caption\":\"C-Pro\"},\"image\":{\"@id\":\"https:\\\/\\\/c-profil.se\\\/#\\\/schema\\\/logo\\\/image\\\/\"},\"sameAs\":[\"https:\\\/\\\/www.facebook.com\\\/people\\\/C-Pro\\\/61561767306874\\\/\",\"https:\\\/\\\/www.linkedin.com\\\/company\\\/c-pro-ab\",\"https:\\\/\\\/www.instagram.com\\\/cpro.ab\\\/\"],\"description\":\"C-PRO AB \u00e4r en helt\u00e4ckande leverant\u00f6r av material f\u00f6r applikationer inom el och automation. \u00c4nda sedan starten 1987 har vi f\u00f6rsett den svenska tillverkande industrin med elmaterial. Trots v\u00e5r storlek och ledande position har vi aldrig \u00f6vergett v\u00e5r grundfilosofi, att vara en personlig leverant\u00f6r. Vi p\u00e5 C-PRO \u00e4r l\u00e4tta att komma i kontakt med, \u00e4rliga och brinner f\u00f6r att l\u00f6sa v\u00e5ra kunders problem.\",\"email\":\"info@c-profil.se\",\"telephone\":\"031575785\",\"legalName\":\"C-Profil F\u00f6rl\u00e4ggningsmaterial AB\",\"foundingDate\":\"1987-01-01\"}]}<\/script>\n<meta property=\"product:brand\" content=\"klimatisering av apparatsk\u00e5p\" \/>\n<meta property=\"product:price:currency\" content=\"SEK\" \/>\n<meta property=\"og:availability\" content=\"instock\" \/>\n<meta property=\"product:availability\" content=\"instock\" \/>\n<meta property=\"product:retailer_item_id\" content=\"KB\" \/>\n<meta property=\"product:condition\" content=\"new\" \/>\n<!-- \/ Yoast SEO Premium plugin. -->","yoast_head_json":{"title":"Stainless steel protective grille \/ KB - C-Pro","description":"Stainless Steel Protective grille \/ KB for outdoor use with filter fan LV and\/or exhaust filter GV. Weather and corrosion resistant stainless steel. Read more!","robots":{"index":"index","follow":"follow","max-snippet":"max-snippet:-1","max-image-preview":"max-image-preview:large","max-video-preview":"max-video-preview:-1"},"canonical":"https:\/\/c-profil.se\/english\/product\/stainless-protective-grille-kb\/","og_locale":"en_US","og_type":"article","og_title":"Rostfritt Skyddsgaller | KB - C-Pro","og_description":"Rostfritt Skyddsgaller \/ KB f\u00f6r utomhusbruk med filterfl\u00e4kt LV och\/eller Utbl\u00e5sfilter GV. V\u00e4der och korrosionsbest\u00e4ndig i rostfritt AISI 304 st\u00e5l. Vandalskyddad l\u00f6sning f\u00f6r b\u00e4ttre skydd.  Levereras med: Packningar, f\u00e4sttillbeh\u00f6r och g\u00e4lplatta med h\u00e5l   Inga skruvar utanf\u00f6r ramen  Montering fr\u00e5n insidan  Med packningar och tillbeh\u00f6r  F\u00f6r utomhusbruk av filterfl\u00e4ktar och utbl\u00e5sfilter  V\u00e4der- och korrosionsbest\u00e4ndig  Solid, vandalskyddad  Eftermontering vid befintliga kapslingar \u00e4r m\u00f6jlig","og_url":"https:\/\/c-profil.se\/english\/product\/stainless-protective-grille-kb\/","og_site_name":"C-Pro","article_publisher":"https:\/\/www.facebook.com\/people\/C-Pro\/61561767306874\/","article_modified_time":"2026-03-19T14:40:19+00:00","og_image":[{"width":1000,"height":1000,"url":"https:\/\/c-profil.se\/wp-content\/uploads\/2019\/05\/Rostfritt-Skyddsgaller-KB.jpg","type":"image\/jpeg"}],"twitter_card":"summary_large_image","twitter_misc":{"Price":"","Availability":"In stock"},"schema":{"@context":"https:\/\/schema.org","@graph":[{"@type":"WebPage","@id":"https:\/\/c-profil.se\/produkt\/rostfritt-skyddsgaller-kb\/","url":"https:\/\/c-profil.se\/produkt\/rostfritt-skyddsgaller-kb\/","name":"Stainless steel protective grille \/ KB - C-Pro","isPartOf":{"@id":"https:\/\/c-profil.se\/#website"},"primaryImageOfPage":{"@id":"https:\/\/c-profil.se\/produkt\/rostfritt-skyddsgaller-kb\/#primaryimage"},"image":{"@id":"https:\/\/c-profil.se\/produkt\/rostfritt-skyddsgaller-kb\/#primaryimage"},"thumbnailUrl":"https:\/\/c-profil.se\/wp-content\/uploads\/2019\/05\/Rostfritt-Skyddsgaller-KB.jpg","datePublished":"2019-05-21T11:01:00+00:00","dateModified":"2026-03-19T14:40:19+00:00","description":"Stainless Steel Protective grille \/ KB for outdoor use with filter fan LV and\/or exhaust filter GV. Weather and corrosion resistant stainless steel. Read more!","breadcrumb":{"@id":"https:\/\/c-profil.se\/produkt\/rostfritt-skyddsgaller-kb\/#breadcrumb"},"inLanguage":"en","potentialAction":[{"@type":"ReadAction","target":["https:\/\/c-profil.se\/produkt\/rostfritt-skyddsgaller-kb\/"]}]},{"@type":"ImageObject","inLanguage":"en","@id":"https:\/\/c-profil.se\/produkt\/rostfritt-skyddsgaller-kb\/#primaryimage","url":"https:\/\/c-profil.se\/wp-content\/uploads\/2019\/05\/Rostfritt-Skyddsgaller-KB.jpg","contentUrl":"https:\/\/c-profil.se\/wp-content\/uploads\/2019\/05\/Rostfritt-Skyddsgaller-KB.jpg","width":1000,"height":1000,"caption":"Rostfritt Skyddsgaller KB"},{"@type":"BreadcrumbList","@id":"https:\/\/c-profil.se\/produkt\/rostfritt-skyddsgaller-kb\/#breadcrumb","itemListElement":[{"@type":"ListItem","position":1,"name":"Hem","item":"https:\/\/c-profil.se\/"},{"@type":"ListItem","position":2,"name":"Produkter","item":"https:\/\/c-profil.se\/produkter\/"},{"@type":"ListItem","position":3,"name":"Filterfl\u00e4ktar","item":"https:\/\/c-profil.se\/produkt-kategori\/filterflaktar\/"},{"@type":"ListItem","position":4,"name":"Rostfritt Skyddsgaller | KB"}]},{"@type":"WebSite","@id":"https:\/\/c-profil.se\/#website","url":"https:\/\/c-profil.se\/","name":"C-Pro","description":"Products for Electricity and Automation","publisher":{"@id":"https:\/\/c-profil.se\/#organization"},"potentialAction":[{"@type":"SearchAction","target":{"@type":"EntryPoint","urlTemplate":"https:\/\/c-profil.se\/?s={search_term_string}"},"query-input":{"@type":"PropertyValueSpecification","valueRequired":true,"valueName":"search_term_string"}}],"inLanguage":"en"},{"@type":"Organization","@id":"https:\/\/c-profil.se\/#organization","name":"C-Pro","alternateName":"C-PRO","url":"https:\/\/c-profil.se\/","logo":{"@type":"ImageObject","inLanguage":"en","@id":"https:\/\/c-profil.se\/#\/schema\/logo\/image\/","url":"https:\/\/c-profil.se\/wp-content\/uploads\/2022\/03\/c-pro-logga-liggande-500x500-1.png","contentUrl":"https:\/\/c-profil.se\/wp-content\/uploads\/2022\/03\/c-pro-logga-liggande-500x500-1.png","width":500,"height":500,"caption":"C-Pro"},"image":{"@id":"https:\/\/c-profil.se\/#\/schema\/logo\/image\/"},"sameAs":["https:\/\/www.facebook.com\/people\/C-Pro\/61561767306874\/","https:\/\/www.linkedin.com\/company\/c-pro-ab","https:\/\/www.instagram.com\/cpro.ab\/"],"description":"C-PRO AB is a comprehensive supplier of materials for applications in electricity and automation. Ever since the start in 1987, we have supplied the Swedish manufacturing industry with electrical materials. Despite our size and leading position, we have never abandoned our basic philosophy, to be a personal supplier. We at C-PRO are easy to get in touch with, honest and passionate about solving our customers&#039; problems.","email":"info@c-profil.se","telephone":"031575785","legalName":"C-Profil F\u00f6rl\u00e4ggningsmaterial AB","foundingDate":"1987-01-01"}]},"product_brand":"klimatisering av apparatsk\u00e5p","product_price_currency":"SEK","og_availability":"instock","product_availability":"instock","product_retailer_item_id":"KB","product_condition":"new"},"_links":{"self":[{"href":"https:\/\/c-profil.se\/english\/wp-json\/wp\/v2\/product\/24758","targetHints":{"allow":["GET"]}}],"collection":[{"href":"https:\/\/c-profil.se\/english\/wp-json\/wp\/v2\/product"}],"about":[{"href":"https:\/\/c-profil.se\/english\/wp-json\/wp\/v2\/types\/product"}],"version-history":[{"count":6,"href":"https:\/\/c-profil.se\/english\/wp-json\/wp\/v2\/product\/24758\/revisions"}],"predecessor-version":[{"id":74362,"href":"https:\/\/c-profil.se\/english\/wp-json\/wp\/v2\/product\/24758\/revisions\/74362"}],"wp:featuredmedia":[{"embeddable":true,"href":"https:\/\/c-profil.se\/english\/wp-json\/wp\/v2\/media\/46042"}],"wp:attachment":[{"href":"https:\/\/c-profil.se\/english\/wp-json\/wp\/v2\/media?parent=24758"}],"wp:term":[{"taxonomy":"product_brand","embeddable":true,"href":"https:\/\/c-profil.se\/english\/wp-json\/wp\/v2\/product_brand?post=24758"},{"taxonomy":"product_cat","embeddable":true,"href":"https:\/\/c-profil.se\/english\/wp-json\/wp\/v2\/product_cat?post=24758"},{"taxonomy":"product_tag","embeddable":true,"href":"https:\/\/c-profil.se\/english\/wp-json\/wp\/v2\/product_tag?post=24758"}],"curies":[{"name":"wp","href":"https:\/\/api.w.org\/{rel}","templated":true}]}}