{"id":24750,"date":"2019-05-20T09:26:00","date_gmt":"2019-05-20T08:26:00","guid":{"rendered":"https:\/\/c-profil.se\/produkt\/kabelgenomforingsplatta-rund-kel-dpz-rund-gra\/"},"modified":"2026-03-19T15:15:43","modified_gmt":"2026-03-19T14:15:43","slug":"cable-entry-plate-round-kel-dpz","status":"publish","type":"product","link":"https:\/\/c-profil.se\/english\/produkt\/kabelgenomforingsplatta-multi-membran-kel-dpz-rund\/","title":{"rendered":"Cable entry plate | KEL-DPZ-Round"},"content":{"rendered":"<p><strong>KEL-DPZ Round is a cable entry plate for sealing cables without contact or fiber<\/strong>, developed for applications with high requirements for protection class.<br \/>\nIt enables quick installation in metric holes with high cable density and effective strain relief.<\/p>","protected":false},"excerpt":{"rendered":"<p class=\"ai-optimize-51\"><strong>Cable entry plate \/ KEL-DPZ-Round<\/strong> are designed to route and seal cables without connectors or fiber optics (from 1.5 mm to 22 mm in diameter) in limited space.<\/p>\n<p class=\"ai-optimize-52\">The KEL-DPZ round can be installed with cables or pneumatic hoses quickly and easily. Simply make a small hole in the thin membrane and push the cables through. The KEL-DPZ round provides strain relief and protection IP66 \/ IP68 \/ UL type 4X*.<\/p>\n<ul>\n<li class=\"ai-optimize-34\">The round versions of the KEL-DPZ series have a thread that fits into metric holes from M25 to M63.<\/li>\n<li class=\"ai-optimize-53\"><a class=\"zn-inspecting-element zn-inspecting-element--relative\" href=\"https:\/\/www.icotek.com\/sv\/produkter\/kabelgenomfoeringsplatta\/st-b\">ST-B plugs <\/a>can be used to seal pierced diaphragms if cables have been removed.<\/li>\n<li class=\"ai-optimize-54\">*4X for indoor use only<\/li>\n<\/ul>\n<p class=\"ai-optimize-39\"><strong>Advantages:<\/strong><\/p>\n<ul>\n<li class=\"ai-optimize-40\">Quick assembly<\/li>\n<li class=\"ai-optimize-40\">High cable density<\/li>\n<li class=\"ai-optimize-40\">Certified protection types IP66\/IP68 (according to EN 60529)<\/li>\n<li class=\"ai-optimize-40\">Automatic sealing and strain relief for the cable<\/li>\n<li class=\"ai-optimize-40\">Suitable for metric hole punching<\/li>\n<li class=\"ai-optimize-40\">Lock nut included<\/li>\n<li class=\"ai-optimize-40\">Hygienic design \u2013 free from dirt-collecting depressions<\/li>\n<\/ul>\n<p>&nbsp;<\/p>","protected":false},"featured_media":51164,"template":"","meta":{"_acf_changed":false},"product_brand":[740],"product_cat":[307],"product_tag":[992,938,990,1005,939],"class_list":{"0":"post-24750","1":"product","2":"type-product","3":"status-publish","4":"has-post-thumbnail","6":"product_brand-icotek","7":"product_cat-kabelgenomforingsplattor-multiflansar","8":"product_tag-kabelgenomforing","9":"product_tag-kabelinforing","10":"product_tag-kapsling","11":"product_tag-platbearbetning","12":"product_tag-tatning","14":"first","15":"instock","16":"shipping-taxable","17":"product-type-simple"},"acf":[],"yoast_head":"<!-- This site is optimized with the Yoast SEO Premium plugin v27.4 (Yoast SEO v27.4) - https:\/\/yoast.com\/product\/yoast-seo-premium-wordpress\/ -->\n<title>Kabelgenomf\u00f6ringsplatta | KEL-DPZ-Rund - C-Pro<\/title>\n<meta name=\"description\" content=\"Kabelgenomf\u00f6ringsplatta \/ KEL-DPZ-Rund \u00e4r konstruerade f\u00f6r att genomf\u00f6ra och t\u00e4ta kablar utan kontakter eller fiberoptik. L\u00e4s Mer!\" \/>\n<meta name=\"robots\" content=\"index, follow, max-snippet:-1, max-image-preview:large, max-video-preview:-1\" \/>\n<link rel=\"canonical\" href=\"https:\/\/c-profil.se\/english\/product\/cable-entry-plate-round-kel-dpz\/\" \/>\n<meta property=\"og:locale\" content=\"en_US\" \/>\n<meta property=\"og:type\" content=\"article\" \/>\n<meta property=\"og:title\" content=\"Kabelgenomf\u00f6ringsplatta | KEL-DPZ-Rund - C-Pro\" \/>\n<meta property=\"og:description\" content=\"Kabelgenomf\u00f6ringsplatta \/ KEL-DPZ-Rund \u00e4r konstruerade f\u00f6r att genomf\u00f6ra och t\u00e4ta kablar utan kontakter eller fiberoptik (fr\u00e5n 1,5 mm till 22 mm i diameter) i begr\u00e4nsat utrymme. Monteringen av KEL-DPZ-rund med kablar eller pneumatiska slangar kan ske snabbt och enkelt. G\u00f6r bara ett litet h\u00e5l i det tunna membranet, tryck kablarna igenom. KEL-DPZ-rund ger dragavlastning och skydd IP66 \/ IP68 \/ UL typ 4X*.    De runda versionerna av KEL-DPZ-serien har en tr\u00e5d som passar in i metrisk h\u00e5ltagning fr\u00e5n M25 till M63.  ST-B-pluggar kan anv\u00e4ndas f\u00f6r att f\u00f6rsegla genomborrade membran om kablar har tagits bort.  *4X endast f\u00f6r inomhusbruk  F\u00f6rdelar:    Snabbt montage  H\u00f6g kabelt\u00e4thet  Certifierade skydd typer IP66\/IP68 (efter EN 60529)  Automatisk t\u00e4tning och dragavlastning f\u00f6r kabeln  L\u00e4mplig f\u00f6r metrisk h\u00e5ltagning  L\u00e5smutter ing\u00e5r  Hygienisk design \u2013 fria fr\u00e5n smutssamlande f\u00f6rdjupningar  &nbsp;\" \/>\n<meta property=\"og:url\" content=\"https:\/\/c-profil.se\/english\/product\/cable-entry-plate-round-kel-dpz\/\" \/>\n<meta property=\"og:site_name\" content=\"C-Pro\" \/>\n<meta property=\"article:publisher\" content=\"https:\/\/www.facebook.com\/people\/C-Pro\/61561767306874\/\" \/>\n<meta property=\"article:modified_time\" content=\"2026-03-19T14:15:43+00:00\" \/>\n<meta property=\"og:image\" content=\"https:\/\/c-profil.se\/wp-content\/uploads\/2019\/05\/Kabelgenomforingsplatta-KEL-DPZ-Rund-1.jpg\" \/>\n\t<meta property=\"og:image:width\" content=\"1000\" \/>\n\t<meta property=\"og:image:height\" content=\"1000\" \/>\n\t<meta property=\"og:image:type\" content=\"image\/jpeg\" \/>\n<meta name=\"twitter:card\" content=\"summary_large_image\" \/>\n<meta name=\"twitter:label1\" content=\"Price\" \/>\n\t<meta name=\"twitter:data1\" content=\"\" \/>\n\t<meta name=\"twitter:label2\" content=\"Availability\" \/>\n\t<meta name=\"twitter:data2\" content=\"In stock\" \/>\n<script type=\"application\/ld+json\" class=\"yoast-schema-graph\">{\"@context\":\"https:\\\/\\\/schema.org\",\"@graph\":[{\"@type\":\"WebPage\",\"@id\":\"https:\\\/\\\/c-profil.se\\\/produkt\\\/kabelgenomforingsplatta-multi-membran-kel-dpz-rund\\\/\",\"url\":\"https:\\\/\\\/c-profil.se\\\/produkt\\\/kabelgenomforingsplatta-multi-membran-kel-dpz-rund\\\/\",\"name\":\"Kabelgenomf\u00f6ringsplatta | KEL-DPZ-Rund - C-Pro\",\"isPartOf\":{\"@id\":\"https:\\\/\\\/c-profil.se\\\/#website\"},\"primaryImageOfPage\":{\"@id\":\"https:\\\/\\\/c-profil.se\\\/produkt\\\/kabelgenomforingsplatta-multi-membran-kel-dpz-rund\\\/#primaryimage\"},\"image\":{\"@id\":\"https:\\\/\\\/c-profil.se\\\/produkt\\\/kabelgenomforingsplatta-multi-membran-kel-dpz-rund\\\/#primaryimage\"},\"thumbnailUrl\":\"https:\\\/\\\/c-profil.se\\\/wp-content\\\/uploads\\\/2019\\\/05\\\/Kabelgenomforingsplatta-KEL-DPZ-Rund-1.jpg\",\"datePublished\":\"2019-05-20T08:26:00+00:00\",\"dateModified\":\"2026-03-19T14:15:43+00:00\",\"description\":\"Kabelgenomf\u00f6ringsplatta \\\/ KEL-DPZ-Rund \u00e4r konstruerade f\u00f6r att genomf\u00f6ra och t\u00e4ta kablar utan kontakter eller fiberoptik. L\u00e4s Mer!\",\"breadcrumb\":{\"@id\":\"https:\\\/\\\/c-profil.se\\\/produkt\\\/kabelgenomforingsplatta-multi-membran-kel-dpz-rund\\\/#breadcrumb\"},\"inLanguage\":\"en\",\"potentialAction\":[{\"@type\":\"ReadAction\",\"target\":[\"https:\\\/\\\/c-profil.se\\\/produkt\\\/kabelgenomforingsplatta-multi-membran-kel-dpz-rund\\\/\"]}]},{\"@type\":\"ImageObject\",\"inLanguage\":\"en\",\"@id\":\"https:\\\/\\\/c-profil.se\\\/produkt\\\/kabelgenomforingsplatta-multi-membran-kel-dpz-rund\\\/#primaryimage\",\"url\":\"https:\\\/\\\/c-profil.se\\\/wp-content\\\/uploads\\\/2019\\\/05\\\/Kabelgenomforingsplatta-KEL-DPZ-Rund-1.jpg\",\"contentUrl\":\"https:\\\/\\\/c-profil.se\\\/wp-content\\\/uploads\\\/2019\\\/05\\\/Kabelgenomforingsplatta-KEL-DPZ-Rund-1.jpg\",\"width\":1000,\"height\":1000,\"caption\":\"Kabelgenomf\u00f6ringsplatta KEL-DPZ-Rund\"},{\"@type\":\"BreadcrumbList\",\"@id\":\"https:\\\/\\\/c-profil.se\\\/produkt\\\/kabelgenomforingsplatta-multi-membran-kel-dpz-rund\\\/#breadcrumb\",\"itemListElement\":[{\"@type\":\"ListItem\",\"position\":1,\"name\":\"Hem\",\"item\":\"https:\\\/\\\/c-profil.se\\\/\"},{\"@type\":\"ListItem\",\"position\":2,\"name\":\"Produkter\",\"item\":\"https:\\\/\\\/c-profil.se\\\/produkter\\\/\"},{\"@type\":\"ListItem\",\"position\":3,\"name\":\"Kabelgenomf\u00f6ringsplattor &amp; multifl\u00e4nsar\",\"item\":\"https:\\\/\\\/c-profil.se\\\/produkt-kategori\\\/kabelgenomforingsplattor-multiflansar\\\/\"},{\"@type\":\"ListItem\",\"position\":4,\"name\":\"Kabelgenomf\u00f6ringsplatta | KEL-DPZ-Rund\"}]},{\"@type\":\"WebSite\",\"@id\":\"https:\\\/\\\/c-profil.se\\\/#website\",\"url\":\"https:\\\/\\\/c-profil.se\\\/\",\"name\":\"C-Pro\",\"description\":\"Produkter f\u00f6r El och Automation\",\"publisher\":{\"@id\":\"https:\\\/\\\/c-profil.se\\\/#organization\"},\"potentialAction\":[{\"@type\":\"SearchAction\",\"target\":{\"@type\":\"EntryPoint\",\"urlTemplate\":\"https:\\\/\\\/c-profil.se\\\/?s={search_term_string}\"},\"query-input\":{\"@type\":\"PropertyValueSpecification\",\"valueRequired\":true,\"valueName\":\"search_term_string\"}}],\"inLanguage\":\"en\"},{\"@type\":\"Organization\",\"@id\":\"https:\\\/\\\/c-profil.se\\\/#organization\",\"name\":\"C-Pro\",\"alternateName\":\"C-PRO\",\"url\":\"https:\\\/\\\/c-profil.se\\\/\",\"logo\":{\"@type\":\"ImageObject\",\"inLanguage\":\"en\",\"@id\":\"https:\\\/\\\/c-profil.se\\\/#\\\/schema\\\/logo\\\/image\\\/\",\"url\":\"https:\\\/\\\/c-profil.se\\\/wp-content\\\/uploads\\\/2022\\\/03\\\/c-pro-logga-liggande-500x500-1.png\",\"contentUrl\":\"https:\\\/\\\/c-profil.se\\\/wp-content\\\/uploads\\\/2022\\\/03\\\/c-pro-logga-liggande-500x500-1.png\",\"width\":500,\"height\":500,\"caption\":\"C-Pro\"},\"image\":{\"@id\":\"https:\\\/\\\/c-profil.se\\\/#\\\/schema\\\/logo\\\/image\\\/\"},\"sameAs\":[\"https:\\\/\\\/www.facebook.com\\\/people\\\/C-Pro\\\/61561767306874\\\/\",\"https:\\\/\\\/www.linkedin.com\\\/company\\\/c-pro-ab\",\"https:\\\/\\\/www.instagram.com\\\/cpro.ab\\\/\"],\"description\":\"C-PRO AB \u00e4r en helt\u00e4ckande leverant\u00f6r av material f\u00f6r applikationer inom el och automation. \u00c4nda sedan starten 1987 har vi f\u00f6rsett den svenska tillverkande industrin med elmaterial. Trots v\u00e5r storlek och ledande position har vi aldrig \u00f6vergett v\u00e5r grundfilosofi, att vara en personlig leverant\u00f6r. Vi p\u00e5 C-PRO \u00e4r l\u00e4tta att komma i kontakt med, \u00e4rliga och brinner f\u00f6r att l\u00f6sa v\u00e5ra kunders problem.\",\"email\":\"info@c-profil.se\",\"telephone\":\"031575785\",\"legalName\":\"C-Profil F\u00f6rl\u00e4ggningsmaterial AB\",\"foundingDate\":\"1987-01-01\"}]}<\/script>\n<meta property=\"product:brand\" content=\"kabelgenomf\u00f6ring\" \/>\n<meta property=\"product:price:currency\" content=\"SEK\" \/>\n<meta property=\"og:availability\" content=\"instock\" \/>\n<meta property=\"product:availability\" content=\"instock\" \/>\n<meta property=\"product:retailer_item_id\" content=\"KEL-DPZ-Rund\" \/>\n<meta property=\"product:condition\" content=\"new\" \/>\n<!-- \/ Yoast SEO Premium plugin. -->","yoast_head_json":{"title":"Cable entry plate | KEL-DPZ-Round - C-Pro","description":"Cable entry plate \/ KEL-DPZ-Round is designed to pass through and seal cables without connectors or fiber optics. Read More!","robots":{"index":"index","follow":"follow","max-snippet":"max-snippet:-1","max-image-preview":"max-image-preview:large","max-video-preview":"max-video-preview:-1"},"canonical":"https:\/\/c-profil.se\/english\/product\/cable-entry-plate-round-kel-dpz\/","og_locale":"en_US","og_type":"article","og_title":"Kabelgenomf\u00f6ringsplatta | KEL-DPZ-Rund - C-Pro","og_description":"Kabelgenomf\u00f6ringsplatta \/ KEL-DPZ-Rund \u00e4r konstruerade f\u00f6r att genomf\u00f6ra och t\u00e4ta kablar utan kontakter eller fiberoptik (fr\u00e5n 1,5 mm till 22 mm i diameter) i begr\u00e4nsat utrymme. Monteringen av KEL-DPZ-rund med kablar eller pneumatiska slangar kan ske snabbt och enkelt. G\u00f6r bara ett litet h\u00e5l i det tunna membranet, tryck kablarna igenom. KEL-DPZ-rund ger dragavlastning och skydd IP66 \/ IP68 \/ UL typ 4X*.    De runda versionerna av KEL-DPZ-serien har en tr\u00e5d som passar in i metrisk h\u00e5ltagning fr\u00e5n M25 till M63.  ST-B-pluggar kan anv\u00e4ndas f\u00f6r att f\u00f6rsegla genomborrade membran om kablar har tagits bort.  *4X endast f\u00f6r inomhusbruk  F\u00f6rdelar:    Snabbt montage  H\u00f6g kabelt\u00e4thet  Certifierade skydd typer IP66\/IP68 (efter EN 60529)  Automatisk t\u00e4tning och dragavlastning f\u00f6r kabeln  L\u00e4mplig f\u00f6r metrisk h\u00e5ltagning  L\u00e5smutter ing\u00e5r  Hygienisk design \u2013 fria fr\u00e5n smutssamlande f\u00f6rdjupningar  &nbsp;","og_url":"https:\/\/c-profil.se\/english\/product\/cable-entry-plate-round-kel-dpz\/","og_site_name":"C-Pro","article_publisher":"https:\/\/www.facebook.com\/people\/C-Pro\/61561767306874\/","article_modified_time":"2026-03-19T14:15:43+00:00","og_image":[{"width":1000,"height":1000,"url":"https:\/\/c-profil.se\/wp-content\/uploads\/2019\/05\/Kabelgenomforingsplatta-KEL-DPZ-Rund-1.jpg","type":"image\/jpeg"}],"twitter_card":"summary_large_image","twitter_misc":{"Price":"","Availability":"In stock"},"schema":{"@context":"https:\/\/schema.org","@graph":[{"@type":"WebPage","@id":"https:\/\/c-profil.se\/produkt\/kabelgenomforingsplatta-multi-membran-kel-dpz-rund\/","url":"https:\/\/c-profil.se\/produkt\/kabelgenomforingsplatta-multi-membran-kel-dpz-rund\/","name":"Cable entry plate | KEL-DPZ-Round - C-Pro","isPartOf":{"@id":"https:\/\/c-profil.se\/#website"},"primaryImageOfPage":{"@id":"https:\/\/c-profil.se\/produkt\/kabelgenomforingsplatta-multi-membran-kel-dpz-rund\/#primaryimage"},"image":{"@id":"https:\/\/c-profil.se\/produkt\/kabelgenomforingsplatta-multi-membran-kel-dpz-rund\/#primaryimage"},"thumbnailUrl":"https:\/\/c-profil.se\/wp-content\/uploads\/2019\/05\/Kabelgenomforingsplatta-KEL-DPZ-Rund-1.jpg","datePublished":"2019-05-20T08:26:00+00:00","dateModified":"2026-03-19T14:15:43+00:00","description":"Cable entry plate \/ KEL-DPZ-Round is designed to pass through and seal cables without connectors or fiber optics. Read More!","breadcrumb":{"@id":"https:\/\/c-profil.se\/produkt\/kabelgenomforingsplatta-multi-membran-kel-dpz-rund\/#breadcrumb"},"inLanguage":"en","potentialAction":[{"@type":"ReadAction","target":["https:\/\/c-profil.se\/produkt\/kabelgenomforingsplatta-multi-membran-kel-dpz-rund\/"]}]},{"@type":"ImageObject","inLanguage":"en","@id":"https:\/\/c-profil.se\/produkt\/kabelgenomforingsplatta-multi-membran-kel-dpz-rund\/#primaryimage","url":"https:\/\/c-profil.se\/wp-content\/uploads\/2019\/05\/Kabelgenomforingsplatta-KEL-DPZ-Rund-1.jpg","contentUrl":"https:\/\/c-profil.se\/wp-content\/uploads\/2019\/05\/Kabelgenomforingsplatta-KEL-DPZ-Rund-1.jpg","width":1000,"height":1000,"caption":"Kabelgenomf\u00f6ringsplatta KEL-DPZ-Rund"},{"@type":"BreadcrumbList","@id":"https:\/\/c-profil.se\/produkt\/kabelgenomforingsplatta-multi-membran-kel-dpz-rund\/#breadcrumb","itemListElement":[{"@type":"ListItem","position":1,"name":"Hem","item":"https:\/\/c-profil.se\/"},{"@type":"ListItem","position":2,"name":"Produkter","item":"https:\/\/c-profil.se\/produkter\/"},{"@type":"ListItem","position":3,"name":"Kabelgenomf\u00f6ringsplattor &amp; multifl\u00e4nsar","item":"https:\/\/c-profil.se\/produkt-kategori\/kabelgenomforingsplattor-multiflansar\/"},{"@type":"ListItem","position":4,"name":"Kabelgenomf\u00f6ringsplatta | KEL-DPZ-Rund"}]},{"@type":"WebSite","@id":"https:\/\/c-profil.se\/#website","url":"https:\/\/c-profil.se\/","name":"C-Pro","description":"Products for Electricity and Automation","publisher":{"@id":"https:\/\/c-profil.se\/#organization"},"potentialAction":[{"@type":"SearchAction","target":{"@type":"EntryPoint","urlTemplate":"https:\/\/c-profil.se\/?s={search_term_string}"},"query-input":{"@type":"PropertyValueSpecification","valueRequired":true,"valueName":"search_term_string"}}],"inLanguage":"en"},{"@type":"Organization","@id":"https:\/\/c-profil.se\/#organization","name":"C-Pro","alternateName":"C-PRO","url":"https:\/\/c-profil.se\/","logo":{"@type":"ImageObject","inLanguage":"en","@id":"https:\/\/c-profil.se\/#\/schema\/logo\/image\/","url":"https:\/\/c-profil.se\/wp-content\/uploads\/2022\/03\/c-pro-logga-liggande-500x500-1.png","contentUrl":"https:\/\/c-profil.se\/wp-content\/uploads\/2022\/03\/c-pro-logga-liggande-500x500-1.png","width":500,"height":500,"caption":"C-Pro"},"image":{"@id":"https:\/\/c-profil.se\/#\/schema\/logo\/image\/"},"sameAs":["https:\/\/www.facebook.com\/people\/C-Pro\/61561767306874\/","https:\/\/www.linkedin.com\/company\/c-pro-ab","https:\/\/www.instagram.com\/cpro.ab\/"],"description":"C-PRO AB is a comprehensive supplier of materials for applications in electricity and automation. Ever since the start in 1987, we have supplied the Swedish manufacturing industry with electrical materials. Despite our size and leading position, we have never abandoned our basic philosophy, to be a personal supplier. We at C-PRO are easy to get in touch with, honest and passionate about solving our customers&#039; problems.","email":"info@c-profil.se","telephone":"031575785","legalName":"C-Profil F\u00f6rl\u00e4ggningsmaterial AB","foundingDate":"1987-01-01"}]},"product_brand":"kabelgenomf\u00f6ring","product_price_currency":"SEK","og_availability":"instock","product_availability":"instock","product_retailer_item_id":"KEL-DPZ-Rund","product_condition":"new"},"_links":{"self":[{"href":"https:\/\/c-profil.se\/english\/wp-json\/wp\/v2\/product\/24750","targetHints":{"allow":["GET"]}}],"collection":[{"href":"https:\/\/c-profil.se\/english\/wp-json\/wp\/v2\/product"}],"about":[{"href":"https:\/\/c-profil.se\/english\/wp-json\/wp\/v2\/types\/product"}],"version-history":[{"count":8,"href":"https:\/\/c-profil.se\/english\/wp-json\/wp\/v2\/product\/24750\/revisions"}],"predecessor-version":[{"id":74302,"href":"https:\/\/c-profil.se\/english\/wp-json\/wp\/v2\/product\/24750\/revisions\/74302"}],"wp:featuredmedia":[{"embeddable":true,"href":"https:\/\/c-profil.se\/english\/wp-json\/wp\/v2\/media\/51164"}],"wp:attachment":[{"href":"https:\/\/c-profil.se\/english\/wp-json\/wp\/v2\/media?parent=24750"}],"wp:term":[{"taxonomy":"product_brand","embeddable":true,"href":"https:\/\/c-profil.se\/english\/wp-json\/wp\/v2\/product_brand?post=24750"},{"taxonomy":"product_cat","embeddable":true,"href":"https:\/\/c-profil.se\/english\/wp-json\/wp\/v2\/product_cat?post=24750"},{"taxonomy":"product_tag","embeddable":true,"href":"https:\/\/c-profil.se\/english\/wp-json\/wp\/v2\/product_tag?post=24750"}],"curies":[{"name":"wp","href":"https:\/\/api.w.org\/{rel}","templated":true}]}}