{"id":24746,"date":"2019-05-20T09:02:00","date_gmt":"2019-05-20T08:02:00","guid":{"rendered":"https:\/\/c-profil.se\/produkt\/kabelgenomforingsplatta-for-rittal-kl-kel-dpz-kl-gra\/"},"modified":"2026-03-19T15:15:44","modified_gmt":"2026-03-19T14:15:44","slug":"cable-entry-plate-kel-dpz","status":"publish","type":"product","link":"https:\/\/c-profil.se\/english\/produkt\/kabelgenomforingsplatta-multi-membran-kel-dpz\/","title":{"rendered":"Cable entry plate | KEL-DPZ"},"content":{"rendered":"<p><strong>KEL-DPZ is a cable gland plate for sealing a large number of cables without connectors<\/strong>, developed for applications with very high cable density in limited space.<br \/>\nIt offers quick assembly, automatic sealing and strain relief up to IP66.<\/p>","protected":false},"excerpt":{"rendered":"<p class=\"ai-optimize-31\">Cable entry plate multi-membrane \/ KEL-DPZ are designed to guide and seal up to 121 cables without connectors or fiber optics (from 2.5 mm to 22 mm in diameter) in limited space. The KEL-DPZ products are a cost- and time-saving alternative to traditional cable glands. The installation of the cable entry plate \/ KEL-DPZ with cables or pneumatic hoses can be done quickly and easily. Just make a small hole in the thin membrane, push the cables through. KEL-DPZ provides strain relief and protection up to IP66 \/ UL type 12.<\/p>\n<ul>\n<li class=\"ai-optimize-32\">The KEL-DPZ size precisely matches cut-out dimensions of 6-\/16-\/24-pin standard industrial connectors. KEL-DPZ-B plate exactly matches hole dimensions 46x46mm.<\/li>\n<li class=\"ai-optimize-33\">KEL-DPZ-KL matches on terminal boxes KL by Rittal. The cable entry plate KEL-DPZ-KL is designed for the entry of up to 72 cables without connectors<\/li>\n<li class=\"ai-optimize-34\"><a href=\"https:\/\/www.icotek.com\/sv\/produkter\/kabelgenomfoeringsplatta\/st-b\">ST-B plugs<\/a> can be used to seal pierced membranes if cables have been removed<\/li>\n<\/ul>\n<p class=\"ai-optimize-36\"><strong>Advantages:<\/strong><\/p>\n<ul class=\"list-unstyled list-ico\">\n<li class=\"ai-optimize-37\">Quick assembly<\/li>\n<li class=\"ai-optimize-38\">High cable density<\/li>\n<li class=\"ai-optimize-39\">Certified protection types IP66 (according to EN 60529)<\/li>\n<li class=\"ai-optimize-40\">Automatic sealing and strain relief for the cable<\/li>\n<li class=\"ai-optimize-41\">Hygienic design \u2013 free from dirt-collecting depressions<\/li>\n<li class=\"ai-optimize-42\">Space-saving design<\/li>\n<\/ul>","protected":false},"featured_media":51199,"template":"","meta":{"_acf_changed":false},"product_brand":[740],"product_cat":[307],"product_tag":[992,938,990,1005,939],"class_list":{"0":"post-24746","1":"product","2":"type-product","3":"status-publish","4":"has-post-thumbnail","6":"product_brand-icotek","7":"product_cat-kabelgenomforingsplattor-multiflansar","8":"product_tag-kabelgenomforing","9":"product_tag-kabelinforing","10":"product_tag-kapsling","11":"product_tag-platbearbetning","12":"product_tag-tatning","14":"first","15":"instock","16":"shipping-taxable","17":"product-type-simple"},"acf":[],"yoast_head":"<!-- This site is optimized with the Yoast SEO Premium plugin v27.4 (Yoast SEO v27.4) - https:\/\/yoast.com\/product\/yoast-seo-premium-wordpress\/ -->\n<title>Kabelgenomf\u00f6ringsplatta | KEL-DPZ - C-Pro<\/title>\n<meta name=\"description\" content=\"Kabelgenomf\u00f6ringsplatta multi-membran \/ KEL-DPZ\u00a0 f\u00f6r att styra och t\u00e4ta upp till 121 kablar utan kontakter eller fiberoptik. L\u00e4s Mer!\" \/>\n<meta name=\"robots\" content=\"index, follow, max-snippet:-1, max-image-preview:large, max-video-preview:-1\" \/>\n<link rel=\"canonical\" href=\"https:\/\/c-profil.se\/english\/product\/cable-entry-plate-kel-dpz\/\" \/>\n<meta property=\"og:locale\" content=\"en_US\" \/>\n<meta property=\"og:type\" content=\"article\" \/>\n<meta property=\"og:title\" content=\"Kabelgenomf\u00f6ringsplatta | KEL-DPZ - C-Pro\" \/>\n<meta property=\"og:description\" content=\"Kabelgenomf\u00f6ringsplatta multi-membran \/ KEL-DPZ \u00e4r konstruerade f\u00f6r att styra och t\u00e4ta upp till 121 kablar utan kontakter eller fiberoptik (fr\u00e5n 2,5 mm till 22 mm i diameter) i begr\u00e4nsat utrymme.\u00a0KEL-DPZ-produkterna \u00e4r ett kostnads- och tidsbesparande alternativ till traditionella kabelf\u00f6rskruvningar.\u00a0Monteringen av Kabelgenomf\u00f6ringsplattan \/ KEL-DPZ med kablar eller pneumatiska slangar kan utf\u00f6ras snabbt och enkelt. G\u00f6r bara ett litet h\u00e5l i det tunna membranet, tryck kablarna igenom. KEL-DPZ ger dragavlastning och skydd upp till IP66 \/ UL typ 12.    Storleken KEL-DPZ matchar exakt utskurna dimensioner av 6-\/16-\/24-stifts standard industriella kontakter. KEL-DPZ-B platta matchar exakt h\u00e5ltagningsm\u00e5tt 46x46mm.  KEL-DPZ-KL matchar p\u00e5 terminall\u00e5dor KL av Rittal. Kabelgenomf\u00f6ringsplattan KEL-DPZ-KL \u00e4r konstruerad f\u00f6r genomf\u00f6ring av upp till 72 kablar utan kontakter  ST-B-pluggar kan anv\u00e4ndas f\u00f6r att f\u00f6rsegla genomborrade membran om kablar har tagits bort  F\u00f6rdelar:    Snabbt montage  H\u00f6g kabelt\u00e4thet  Certifierade skydd typer IP66 (efter EN 60529)  Automatisk t\u00e4tning och dragavlastning f\u00f6r kabeln  Hygienisk design \u2013 fria fr\u00e5n smutssamlande f\u00f6rdjupningar  Platsbesparande design\" \/>\n<meta property=\"og:url\" content=\"https:\/\/c-profil.se\/english\/product\/cable-entry-plate-kel-dpz\/\" \/>\n<meta property=\"og:site_name\" content=\"C-Pro\" \/>\n<meta property=\"article:publisher\" content=\"https:\/\/www.facebook.com\/people\/C-Pro\/61561767306874\/\" \/>\n<meta property=\"article:modified_time\" content=\"2026-03-19T14:15:44+00:00\" \/>\n<meta property=\"og:image\" content=\"https:\/\/c-profil.se\/wp-content\/uploads\/2019\/05\/Kabelgenomforingsplatta-KEL-DPZ.jpg\" \/>\n\t<meta property=\"og:image:width\" content=\"1000\" \/>\n\t<meta property=\"og:image:height\" content=\"1000\" \/>\n\t<meta property=\"og:image:type\" content=\"image\/jpeg\" \/>\n<meta name=\"twitter:card\" content=\"summary_large_image\" \/>\n<meta name=\"twitter:label1\" content=\"Price\" \/>\n\t<meta name=\"twitter:data1\" content=\"\" \/>\n\t<meta name=\"twitter:label2\" content=\"Availability\" \/>\n\t<meta name=\"twitter:data2\" content=\"In stock\" \/>\n<script type=\"application\/ld+json\" class=\"yoast-schema-graph\">{\"@context\":\"https:\\\/\\\/schema.org\",\"@graph\":[{\"@type\":\"WebPage\",\"@id\":\"https:\\\/\\\/c-profil.se\\\/produkt\\\/kabelgenomforingsplatta-multi-membran-kel-dpz\\\/\",\"url\":\"https:\\\/\\\/c-profil.se\\\/produkt\\\/kabelgenomforingsplatta-multi-membran-kel-dpz\\\/\",\"name\":\"Kabelgenomf\u00f6ringsplatta | KEL-DPZ - C-Pro\",\"isPartOf\":{\"@id\":\"https:\\\/\\\/c-profil.se\\\/#website\"},\"primaryImageOfPage\":{\"@id\":\"https:\\\/\\\/c-profil.se\\\/produkt\\\/kabelgenomforingsplatta-multi-membran-kel-dpz\\\/#primaryimage\"},\"image\":{\"@id\":\"https:\\\/\\\/c-profil.se\\\/produkt\\\/kabelgenomforingsplatta-multi-membran-kel-dpz\\\/#primaryimage\"},\"thumbnailUrl\":\"https:\\\/\\\/c-profil.se\\\/wp-content\\\/uploads\\\/2019\\\/05\\\/Kabelgenomforingsplatta-KEL-DPZ.jpg\",\"datePublished\":\"2019-05-20T08:02:00+00:00\",\"dateModified\":\"2026-03-19T14:15:44+00:00\",\"description\":\"Kabelgenomf\u00f6ringsplatta multi-membran \\\/ KEL-DPZ\u00a0 f\u00f6r att styra och t\u00e4ta upp till 121 kablar utan kontakter eller fiberoptik. L\u00e4s Mer!\",\"breadcrumb\":{\"@id\":\"https:\\\/\\\/c-profil.se\\\/produkt\\\/kabelgenomforingsplatta-multi-membran-kel-dpz\\\/#breadcrumb\"},\"inLanguage\":\"en\",\"potentialAction\":[{\"@type\":\"ReadAction\",\"target\":[\"https:\\\/\\\/c-profil.se\\\/produkt\\\/kabelgenomforingsplatta-multi-membran-kel-dpz\\\/\"]}]},{\"@type\":\"ImageObject\",\"inLanguage\":\"en\",\"@id\":\"https:\\\/\\\/c-profil.se\\\/produkt\\\/kabelgenomforingsplatta-multi-membran-kel-dpz\\\/#primaryimage\",\"url\":\"https:\\\/\\\/c-profil.se\\\/wp-content\\\/uploads\\\/2019\\\/05\\\/Kabelgenomforingsplatta-KEL-DPZ.jpg\",\"contentUrl\":\"https:\\\/\\\/c-profil.se\\\/wp-content\\\/uploads\\\/2019\\\/05\\\/Kabelgenomforingsplatta-KEL-DPZ.jpg\",\"width\":1000,\"height\":1000,\"caption\":\"Kabelgenomf\u00f6ringsplatta KEL-DPZ\"},{\"@type\":\"BreadcrumbList\",\"@id\":\"https:\\\/\\\/c-profil.se\\\/produkt\\\/kabelgenomforingsplatta-multi-membran-kel-dpz\\\/#breadcrumb\",\"itemListElement\":[{\"@type\":\"ListItem\",\"position\":1,\"name\":\"Hem\",\"item\":\"https:\\\/\\\/c-profil.se\\\/\"},{\"@type\":\"ListItem\",\"position\":2,\"name\":\"Produkter\",\"item\":\"https:\\\/\\\/c-profil.se\\\/produkter\\\/\"},{\"@type\":\"ListItem\",\"position\":3,\"name\":\"Kabelgenomf\u00f6ringsplattor &amp; multifl\u00e4nsar\",\"item\":\"https:\\\/\\\/c-profil.se\\\/produkt-kategori\\\/kabelgenomforingsplattor-multiflansar\\\/\"},{\"@type\":\"ListItem\",\"position\":4,\"name\":\"Kabelgenomf\u00f6ringsplatta | KEL-DPZ\"}]},{\"@type\":\"WebSite\",\"@id\":\"https:\\\/\\\/c-profil.se\\\/#website\",\"url\":\"https:\\\/\\\/c-profil.se\\\/\",\"name\":\"C-Pro\",\"description\":\"Produkter f\u00f6r El och Automation\",\"publisher\":{\"@id\":\"https:\\\/\\\/c-profil.se\\\/#organization\"},\"potentialAction\":[{\"@type\":\"SearchAction\",\"target\":{\"@type\":\"EntryPoint\",\"urlTemplate\":\"https:\\\/\\\/c-profil.se\\\/?s={search_term_string}\"},\"query-input\":{\"@type\":\"PropertyValueSpecification\",\"valueRequired\":true,\"valueName\":\"search_term_string\"}}],\"inLanguage\":\"en\"},{\"@type\":\"Organization\",\"@id\":\"https:\\\/\\\/c-profil.se\\\/#organization\",\"name\":\"C-Pro\",\"alternateName\":\"C-PRO\",\"url\":\"https:\\\/\\\/c-profil.se\\\/\",\"logo\":{\"@type\":\"ImageObject\",\"inLanguage\":\"en\",\"@id\":\"https:\\\/\\\/c-profil.se\\\/#\\\/schema\\\/logo\\\/image\\\/\",\"url\":\"https:\\\/\\\/c-profil.se\\\/wp-content\\\/uploads\\\/2022\\\/03\\\/c-pro-logga-liggande-500x500-1.png\",\"contentUrl\":\"https:\\\/\\\/c-profil.se\\\/wp-content\\\/uploads\\\/2022\\\/03\\\/c-pro-logga-liggande-500x500-1.png\",\"width\":500,\"height\":500,\"caption\":\"C-Pro\"},\"image\":{\"@id\":\"https:\\\/\\\/c-profil.se\\\/#\\\/schema\\\/logo\\\/image\\\/\"},\"sameAs\":[\"https:\\\/\\\/www.facebook.com\\\/people\\\/C-Pro\\\/61561767306874\\\/\",\"https:\\\/\\\/www.linkedin.com\\\/company\\\/c-pro-ab\",\"https:\\\/\\\/www.instagram.com\\\/cpro.ab\\\/\"],\"description\":\"C-PRO AB \u00e4r en helt\u00e4ckande leverant\u00f6r av material f\u00f6r applikationer inom el och automation. \u00c4nda sedan starten 1987 har vi f\u00f6rsett den svenska tillverkande industrin med elmaterial. Trots v\u00e5r storlek och ledande position har vi aldrig \u00f6vergett v\u00e5r grundfilosofi, att vara en personlig leverant\u00f6r. Vi p\u00e5 C-PRO \u00e4r l\u00e4tta att komma i kontakt med, \u00e4rliga och brinner f\u00f6r att l\u00f6sa v\u00e5ra kunders problem.\",\"email\":\"info@c-profil.se\",\"telephone\":\"031575785\",\"legalName\":\"C-Profil F\u00f6rl\u00e4ggningsmaterial AB\",\"foundingDate\":\"1987-01-01\"}]}<\/script>\n<meta property=\"product:brand\" content=\"kabelgenomf\u00f6ring\" \/>\n<meta property=\"product:price:currency\" content=\"SEK\" \/>\n<meta property=\"og:availability\" content=\"instock\" \/>\n<meta property=\"product:availability\" content=\"instock\" \/>\n<meta property=\"product:retailer_item_id\" content=\"KEL-DPZ\" \/>\n<meta property=\"product:condition\" content=\"new\" \/>\n<!-- \/ Yoast SEO Premium plugin. -->","yoast_head_json":{"title":"Cable entry plate | KEL-DPZ - C-Pro","description":"Cable entry plate multi-membrane \/ KEL-DPZ  to guide and seal up to 121 cables without connectors or fiber optics (from 2.5 mm to 22 mm in diameter).","robots":{"index":"index","follow":"follow","max-snippet":"max-snippet:-1","max-image-preview":"max-image-preview:large","max-video-preview":"max-video-preview:-1"},"canonical":"https:\/\/c-profil.se\/english\/product\/cable-entry-plate-kel-dpz\/","og_locale":"en_US","og_type":"article","og_title":"Kabelgenomf\u00f6ringsplatta | KEL-DPZ - C-Pro","og_description":"Kabelgenomf\u00f6ringsplatta multi-membran \/ KEL-DPZ \u00e4r konstruerade f\u00f6r att styra och t\u00e4ta upp till 121 kablar utan kontakter eller fiberoptik (fr\u00e5n 2,5 mm till 22 mm i diameter) i begr\u00e4nsat utrymme.\u00a0KEL-DPZ-produkterna \u00e4r ett kostnads- och tidsbesparande alternativ till traditionella kabelf\u00f6rskruvningar.\u00a0Monteringen av Kabelgenomf\u00f6ringsplattan \/ KEL-DPZ med kablar eller pneumatiska slangar kan utf\u00f6ras snabbt och enkelt. G\u00f6r bara ett litet h\u00e5l i det tunna membranet, tryck kablarna igenom. KEL-DPZ ger dragavlastning och skydd upp till IP66 \/ UL typ 12.    Storleken KEL-DPZ matchar exakt utskurna dimensioner av 6-\/16-\/24-stifts standard industriella kontakter. KEL-DPZ-B platta matchar exakt h\u00e5ltagningsm\u00e5tt 46x46mm.  KEL-DPZ-KL matchar p\u00e5 terminall\u00e5dor KL av Rittal. Kabelgenomf\u00f6ringsplattan KEL-DPZ-KL \u00e4r konstruerad f\u00f6r genomf\u00f6ring av upp till 72 kablar utan kontakter  ST-B-pluggar kan anv\u00e4ndas f\u00f6r att f\u00f6rsegla genomborrade membran om kablar har tagits bort  F\u00f6rdelar:    Snabbt montage  H\u00f6g kabelt\u00e4thet  Certifierade skydd typer IP66 (efter EN 60529)  Automatisk t\u00e4tning och dragavlastning f\u00f6r kabeln  Hygienisk design \u2013 fria fr\u00e5n smutssamlande f\u00f6rdjupningar  Platsbesparande design","og_url":"https:\/\/c-profil.se\/english\/product\/cable-entry-plate-kel-dpz\/","og_site_name":"C-Pro","article_publisher":"https:\/\/www.facebook.com\/people\/C-Pro\/61561767306874\/","article_modified_time":"2026-03-19T14:15:44+00:00","og_image":[{"width":1000,"height":1000,"url":"https:\/\/c-profil.se\/wp-content\/uploads\/2019\/05\/Kabelgenomforingsplatta-KEL-DPZ.jpg","type":"image\/jpeg"}],"twitter_card":"summary_large_image","twitter_misc":{"Price":"","Availability":"In stock"},"schema":{"@context":"https:\/\/schema.org","@graph":[{"@type":"WebPage","@id":"https:\/\/c-profil.se\/produkt\/kabelgenomforingsplatta-multi-membran-kel-dpz\/","url":"https:\/\/c-profil.se\/produkt\/kabelgenomforingsplatta-multi-membran-kel-dpz\/","name":"Cable entry plate | KEL-DPZ - C-Pro","isPartOf":{"@id":"https:\/\/c-profil.se\/#website"},"primaryImageOfPage":{"@id":"https:\/\/c-profil.se\/produkt\/kabelgenomforingsplatta-multi-membran-kel-dpz\/#primaryimage"},"image":{"@id":"https:\/\/c-profil.se\/produkt\/kabelgenomforingsplatta-multi-membran-kel-dpz\/#primaryimage"},"thumbnailUrl":"https:\/\/c-profil.se\/wp-content\/uploads\/2019\/05\/Kabelgenomforingsplatta-KEL-DPZ.jpg","datePublished":"2019-05-20T08:02:00+00:00","dateModified":"2026-03-19T14:15:44+00:00","description":"Cable entry plate multi-membrane \/ KEL-DPZ  to guide and seal up to 121 cables without connectors or fiber optics (from 2.5 mm to 22 mm in diameter).","breadcrumb":{"@id":"https:\/\/c-profil.se\/produkt\/kabelgenomforingsplatta-multi-membran-kel-dpz\/#breadcrumb"},"inLanguage":"en","potentialAction":[{"@type":"ReadAction","target":["https:\/\/c-profil.se\/produkt\/kabelgenomforingsplatta-multi-membran-kel-dpz\/"]}]},{"@type":"ImageObject","inLanguage":"en","@id":"https:\/\/c-profil.se\/produkt\/kabelgenomforingsplatta-multi-membran-kel-dpz\/#primaryimage","url":"https:\/\/c-profil.se\/wp-content\/uploads\/2019\/05\/Kabelgenomforingsplatta-KEL-DPZ.jpg","contentUrl":"https:\/\/c-profil.se\/wp-content\/uploads\/2019\/05\/Kabelgenomforingsplatta-KEL-DPZ.jpg","width":1000,"height":1000,"caption":"Kabelgenomf\u00f6ringsplatta KEL-DPZ"},{"@type":"BreadcrumbList","@id":"https:\/\/c-profil.se\/produkt\/kabelgenomforingsplatta-multi-membran-kel-dpz\/#breadcrumb","itemListElement":[{"@type":"ListItem","position":1,"name":"Hem","item":"https:\/\/c-profil.se\/"},{"@type":"ListItem","position":2,"name":"Produkter","item":"https:\/\/c-profil.se\/produkter\/"},{"@type":"ListItem","position":3,"name":"Kabelgenomf\u00f6ringsplattor &amp; multifl\u00e4nsar","item":"https:\/\/c-profil.se\/produkt-kategori\/kabelgenomforingsplattor-multiflansar\/"},{"@type":"ListItem","position":4,"name":"Kabelgenomf\u00f6ringsplatta | KEL-DPZ"}]},{"@type":"WebSite","@id":"https:\/\/c-profil.se\/#website","url":"https:\/\/c-profil.se\/","name":"C-Pro","description":"Products for Electricity and Automation","publisher":{"@id":"https:\/\/c-profil.se\/#organization"},"potentialAction":[{"@type":"SearchAction","target":{"@type":"EntryPoint","urlTemplate":"https:\/\/c-profil.se\/?s={search_term_string}"},"query-input":{"@type":"PropertyValueSpecification","valueRequired":true,"valueName":"search_term_string"}}],"inLanguage":"en"},{"@type":"Organization","@id":"https:\/\/c-profil.se\/#organization","name":"C-Pro","alternateName":"C-PRO","url":"https:\/\/c-profil.se\/","logo":{"@type":"ImageObject","inLanguage":"en","@id":"https:\/\/c-profil.se\/#\/schema\/logo\/image\/","url":"https:\/\/c-profil.se\/wp-content\/uploads\/2022\/03\/c-pro-logga-liggande-500x500-1.png","contentUrl":"https:\/\/c-profil.se\/wp-content\/uploads\/2022\/03\/c-pro-logga-liggande-500x500-1.png","width":500,"height":500,"caption":"C-Pro"},"image":{"@id":"https:\/\/c-profil.se\/#\/schema\/logo\/image\/"},"sameAs":["https:\/\/www.facebook.com\/people\/C-Pro\/61561767306874\/","https:\/\/www.linkedin.com\/company\/c-pro-ab","https:\/\/www.instagram.com\/cpro.ab\/"],"description":"C-PRO AB is a comprehensive supplier of materials for applications in electricity and automation. Ever since the start in 1987, we have supplied the Swedish manufacturing industry with electrical materials. Despite our size and leading position, we have never abandoned our basic philosophy, to be a personal supplier. We at C-PRO are easy to get in touch with, honest and passionate about solving our customers&#039; problems.","email":"info@c-profil.se","telephone":"031575785","legalName":"C-Profil F\u00f6rl\u00e4ggningsmaterial AB","foundingDate":"1987-01-01"}]},"product_brand":"kabelgenomf\u00f6ring","product_price_currency":"SEK","og_availability":"instock","product_availability":"instock","product_retailer_item_id":"KEL-DPZ","product_condition":"new"},"_links":{"self":[{"href":"https:\/\/c-profil.se\/english\/wp-json\/wp\/v2\/product\/24746","targetHints":{"allow":["GET"]}}],"collection":[{"href":"https:\/\/c-profil.se\/english\/wp-json\/wp\/v2\/product"}],"about":[{"href":"https:\/\/c-profil.se\/english\/wp-json\/wp\/v2\/types\/product"}],"version-history":[{"count":8,"href":"https:\/\/c-profil.se\/english\/wp-json\/wp\/v2\/product\/24746\/revisions"}],"predecessor-version":[{"id":74303,"href":"https:\/\/c-profil.se\/english\/wp-json\/wp\/v2\/product\/24746\/revisions\/74303"}],"wp:featuredmedia":[{"embeddable":true,"href":"https:\/\/c-profil.se\/english\/wp-json\/wp\/v2\/media\/51199"}],"wp:attachment":[{"href":"https:\/\/c-profil.se\/english\/wp-json\/wp\/v2\/media?parent=24746"}],"wp:term":[{"taxonomy":"product_brand","embeddable":true,"href":"https:\/\/c-profil.se\/english\/wp-json\/wp\/v2\/product_brand?post=24746"},{"taxonomy":"product_cat","embeddable":true,"href":"https:\/\/c-profil.se\/english\/wp-json\/wp\/v2\/product_cat?post=24746"},{"taxonomy":"product_tag","embeddable":true,"href":"https:\/\/c-profil.se\/english\/wp-json\/wp\/v2\/product_tag?post=24746"}],"curies":[{"name":"wp","href":"https:\/\/api.w.org\/{rel}","templated":true}]}}