{"id":24682,"date":"2019-03-19T14:33:00","date_gmt":"2019-03-19T13:33:00","guid":{"rendered":"https:\/\/c-profil.se\/produkt\/kabelgenomforing-qvt-click\/"},"modified":"2026-03-19T15:10:44","modified_gmt":"2026-03-19T14:10:44","slug":"split-cable-gland-qvt-click","status":"publish","type":"product","link":"https:\/\/c-profil.se\/english\/produkt\/kabelforskruvning-delbar-qvt-klick\/","title":{"rendered":"Cable gland | QVT-CLICK"},"content":{"rendered":"<p><strong>QVT-CLICK is a divisible, circular cable entry frame for industrial installations<\/strong>, developed for quick and tool-free installation of cables with or without contacts from the front of the housing.<br \/>\nThe compact design makes the series particularly suitable for small machines, instruments and devices.<\/p>","protected":false},"excerpt":{"rendered":"<p class=\"ai-optimize-42 ai-optimize-introduction\"><strong>Cable gland \/ QVT-CLICK<\/strong> is a split frame that is circular to install cables with connectors or complete cable harnesses quickly and easily. QVT-CLICK can be mounted from the front of the enclosure wall without tools. Because of its very compact design, the QVT-CLICK series is particularly suitable for small machines, instruments and devices.<\/p>\n<ul>\n<li class=\"ai-optimize-43\">QVT-CLICK 16, 20, 40|1 and 50 are snap-on or screw-on with a lock nut.<\/li>\n<li class=\"ai-optimize-44\">The shipment includes a sealing ring.<\/li>\n<\/ul>\n<p class=\"ai-optimize-46\"><strong>Advantages:<\/strong><\/p>\n<ul>\n<li class=\"ai-optimize-46\">Simple assembly\/disassembly from the front<\/li>\n<li class=\"ai-optimize-46\">Space-saving design<\/li>\n<li class=\"ai-optimize-46\">Cable entry with or without contact<\/li>\n<li class=\"ai-optimize-46\">Warranties on pre-connected cables are maintained<\/li>\n<li class=\"ai-optimize-46\">Remodeling, repairs and maintenance can be done much easier and faster<\/li>\n<li class=\"ai-optimize-46\">Quick assembly by clicking into the cutout<\/li>\n<li class=\"ai-optimize-46\">Increased packing density when using double or quadruple bushings<\/li>\n<\/ul>","protected":false},"featured_media":50987,"template":"","meta":{"_acf_changed":false},"product_brand":[740],"product_cat":[304],"product_tag":[953,992,938,1005,939],"class_list":{"0":"post-24682","1":"product","2":"type-product","3":"status-publish","4":"has-post-thumbnail","6":"product_brand-icotek","7":"product_cat-kabelforskruvningar-for-kablar-med-kontakt","8":"product_tag-eftermontering","9":"product_tag-kabelgenomforing","10":"product_tag-kabelinforing","11":"product_tag-platbearbetning","12":"product_tag-tatning","14":"first","15":"instock","16":"shipping-taxable","17":"product-type-simple"},"acf":[],"yoast_head":"<!-- This site is optimized with the Yoast SEO Premium plugin v27.4 (Yoast SEO v27.4) - https:\/\/yoast.com\/product\/yoast-seo-premium-wordpress\/ -->\n<title>Kabelf\u00f6rskruvning | QVT-CLICK - C-Pro<\/title>\n<meta name=\"description\" content=\"Kabelf\u00f6rskruvning \/ QVT-CLICK \u00e4r en rund delad ram f\u00f6r snabb och enkel installation av kablar med kontakter eller kompletta kabeln\u00e4t. L\u00e4s Mer!\" \/>\n<meta name=\"robots\" content=\"index, follow, max-snippet:-1, max-image-preview:large, max-video-preview:-1\" \/>\n<link rel=\"canonical\" href=\"https:\/\/c-profil.se\/english\/product\/split-cable-gland-qvt-click\/\" \/>\n<meta property=\"og:locale\" content=\"en_US\" \/>\n<meta property=\"og:type\" content=\"article\" \/>\n<meta property=\"og:title\" content=\"Kabelf\u00f6rskruvning | QVT-CLICK - C-Pro\" \/>\n<meta property=\"og:description\" content=\"Kabelf\u00f6rskruvning \/ QVT-CLICK \u00e4r en delad ram som \u00e4r cirkul\u00e4r f\u00f6r att installera kablar med kontakter eller kompletta kabeln\u00e4t snabbt och enkelt.\u00a0 QVT-CLICK kan bli monterad fr\u00e5n framsidan av h\u00f6ljets v\u00e4gg utan verktyg. Eftersom den har en v\u00e4ldigt kompakt design passar QVT-CLICK-serien speciellt till sm\u00e5 maskiner instrument och enheter.    QVT-CLICK 16, 20, 40|1\u00a0och 50 \u00e4r sn\u00e4ppbara eller skruvbara med en l\u00e5smutter.  S\u00e4ndningen inneh\u00e5ller en f\u00f6rseglingsring.  F\u00f6rdelar:    Simpel montage\/demontage fr\u00e5n frontsidan  Platsbesparande design  Genomf\u00f6ring av kablar med eller utan kontakt  Garantier p\u00e5 f\u00f6rkontakterade kablar bibeh\u00e5lles  Ombyggnation, reparationer och underh\u00e5ll kan g\u00f6ras mycket enklare och snabbare  Snabbt montage genom inklickning i utbrytningen  \u00d6kad packningst\u00e4thet vid anv\u00e4ndning av dubbla eller fyrdubbla genomf\u00f6ringar\" \/>\n<meta property=\"og:url\" content=\"https:\/\/c-profil.se\/english\/product\/split-cable-gland-qvt-click\/\" \/>\n<meta property=\"og:site_name\" content=\"C-Pro\" \/>\n<meta property=\"article:publisher\" content=\"https:\/\/www.facebook.com\/people\/C-Pro\/61561767306874\/\" \/>\n<meta property=\"article:modified_time\" content=\"2026-03-19T14:10:44+00:00\" \/>\n<meta property=\"og:image\" content=\"https:\/\/c-profil.se\/wp-content\/uploads\/2019\/03\/Kabelforskruvning-delbar-QVT-KLICK.jpg\" \/>\n\t<meta property=\"og:image:width\" content=\"1000\" \/>\n\t<meta property=\"og:image:height\" content=\"1000\" \/>\n\t<meta property=\"og:image:type\" content=\"image\/jpeg\" \/>\n<meta name=\"twitter:card\" content=\"summary_large_image\" \/>\n<meta name=\"twitter:label1\" content=\"Price\" \/>\n\t<meta name=\"twitter:data1\" content=\"\" \/>\n\t<meta name=\"twitter:label2\" content=\"Availability\" \/>\n\t<meta name=\"twitter:data2\" content=\"In stock\" \/>\n<script type=\"application\/ld+json\" class=\"yoast-schema-graph\">{\"@context\":\"https:\\\/\\\/schema.org\",\"@graph\":[{\"@type\":\"WebPage\",\"@id\":\"https:\\\/\\\/c-profil.se\\\/produkt\\\/kabelforskruvning-delbar-qvt-klick\\\/\",\"url\":\"https:\\\/\\\/c-profil.se\\\/produkt\\\/kabelforskruvning-delbar-qvt-klick\\\/\",\"name\":\"Kabelf\u00f6rskruvning | QVT-CLICK - C-Pro\",\"isPartOf\":{\"@id\":\"https:\\\/\\\/c-profil.se\\\/#website\"},\"primaryImageOfPage\":{\"@id\":\"https:\\\/\\\/c-profil.se\\\/produkt\\\/kabelforskruvning-delbar-qvt-klick\\\/#primaryimage\"},\"image\":{\"@id\":\"https:\\\/\\\/c-profil.se\\\/produkt\\\/kabelforskruvning-delbar-qvt-klick\\\/#primaryimage\"},\"thumbnailUrl\":\"https:\\\/\\\/c-profil.se\\\/wp-content\\\/uploads\\\/2019\\\/03\\\/Kabelforskruvning-delbar-QVT-KLICK.jpg\",\"datePublished\":\"2019-03-19T13:33:00+00:00\",\"dateModified\":\"2026-03-19T14:10:44+00:00\",\"description\":\"Kabelf\u00f6rskruvning \\\/ QVT-CLICK \u00e4r en rund delad ram f\u00f6r snabb och enkel installation av kablar med kontakter eller kompletta kabeln\u00e4t. L\u00e4s Mer!\",\"breadcrumb\":{\"@id\":\"https:\\\/\\\/c-profil.se\\\/produkt\\\/kabelforskruvning-delbar-qvt-klick\\\/#breadcrumb\"},\"inLanguage\":\"en\",\"potentialAction\":[{\"@type\":\"ReadAction\",\"target\":[\"https:\\\/\\\/c-profil.se\\\/produkt\\\/kabelforskruvning-delbar-qvt-klick\\\/\"]}]},{\"@type\":\"ImageObject\",\"inLanguage\":\"en\",\"@id\":\"https:\\\/\\\/c-profil.se\\\/produkt\\\/kabelforskruvning-delbar-qvt-klick\\\/#primaryimage\",\"url\":\"https:\\\/\\\/c-profil.se\\\/wp-content\\\/uploads\\\/2019\\\/03\\\/Kabelforskruvning-delbar-QVT-KLICK.jpg\",\"contentUrl\":\"https:\\\/\\\/c-profil.se\\\/wp-content\\\/uploads\\\/2019\\\/03\\\/Kabelforskruvning-delbar-QVT-KLICK.jpg\",\"width\":1000,\"height\":1000,\"caption\":\"Kabelf\u00f6rskruvning, delbar QVT-KLICK\"},{\"@type\":\"BreadcrumbList\",\"@id\":\"https:\\\/\\\/c-profil.se\\\/produkt\\\/kabelforskruvning-delbar-qvt-klick\\\/#breadcrumb\",\"itemListElement\":[{\"@type\":\"ListItem\",\"position\":1,\"name\":\"Hem\",\"item\":\"https:\\\/\\\/c-profil.se\\\/\"},{\"@type\":\"ListItem\",\"position\":2,\"name\":\"Produkter\",\"item\":\"https:\\\/\\\/c-profil.se\\\/produkter\\\/\"},{\"@type\":\"ListItem\",\"position\":3,\"name\":\"Kabelf\u00f6rskruvningar f\u00f6r kablar med kontakt\",\"item\":\"https:\\\/\\\/c-profil.se\\\/produkt-kategori\\\/kabelforskruvningar-for-kablar-med-kontakt\\\/\"},{\"@type\":\"ListItem\",\"position\":4,\"name\":\"Kabelf\u00f6rskruvning | QVT-CLICK\"}]},{\"@type\":\"WebSite\",\"@id\":\"https:\\\/\\\/c-profil.se\\\/#website\",\"url\":\"https:\\\/\\\/c-profil.se\\\/\",\"name\":\"C-Pro\",\"description\":\"Produkter f\u00f6r El och Automation\",\"publisher\":{\"@id\":\"https:\\\/\\\/c-profil.se\\\/#organization\"},\"potentialAction\":[{\"@type\":\"SearchAction\",\"target\":{\"@type\":\"EntryPoint\",\"urlTemplate\":\"https:\\\/\\\/c-profil.se\\\/?s={search_term_string}\"},\"query-input\":{\"@type\":\"PropertyValueSpecification\",\"valueRequired\":true,\"valueName\":\"search_term_string\"}}],\"inLanguage\":\"en\"},{\"@type\":\"Organization\",\"@id\":\"https:\\\/\\\/c-profil.se\\\/#organization\",\"name\":\"C-Pro\",\"alternateName\":\"C-PRO\",\"url\":\"https:\\\/\\\/c-profil.se\\\/\",\"logo\":{\"@type\":\"ImageObject\",\"inLanguage\":\"en\",\"@id\":\"https:\\\/\\\/c-profil.se\\\/#\\\/schema\\\/logo\\\/image\\\/\",\"url\":\"https:\\\/\\\/c-profil.se\\\/wp-content\\\/uploads\\\/2022\\\/03\\\/c-pro-logga-liggande-500x500-1.png\",\"contentUrl\":\"https:\\\/\\\/c-profil.se\\\/wp-content\\\/uploads\\\/2022\\\/03\\\/c-pro-logga-liggande-500x500-1.png\",\"width\":500,\"height\":500,\"caption\":\"C-Pro\"},\"image\":{\"@id\":\"https:\\\/\\\/c-profil.se\\\/#\\\/schema\\\/logo\\\/image\\\/\"},\"sameAs\":[\"https:\\\/\\\/www.facebook.com\\\/people\\\/C-Pro\\\/61561767306874\\\/\",\"https:\\\/\\\/www.linkedin.com\\\/company\\\/c-pro-ab\",\"https:\\\/\\\/www.instagram.com\\\/cpro.ab\\\/\"],\"description\":\"C-PRO AB \u00e4r en helt\u00e4ckande leverant\u00f6r av material f\u00f6r applikationer inom el och automation. \u00c4nda sedan starten 1987 har vi f\u00f6rsett den svenska tillverkande industrin med elmaterial. Trots v\u00e5r storlek och ledande position har vi aldrig \u00f6vergett v\u00e5r grundfilosofi, att vara en personlig leverant\u00f6r. Vi p\u00e5 C-PRO \u00e4r l\u00e4tta att komma i kontakt med, \u00e4rliga och brinner f\u00f6r att l\u00f6sa v\u00e5ra kunders problem.\",\"email\":\"info@c-profil.se\",\"telephone\":\"031575785\",\"legalName\":\"C-Profil F\u00f6rl\u00e4ggningsmaterial AB\",\"foundingDate\":\"1987-01-01\"}]}<\/script>\n<meta property=\"product:brand\" content=\"eftermontering\" \/>\n<meta property=\"product:price:currency\" content=\"SEK\" \/>\n<meta property=\"og:availability\" content=\"instock\" \/>\n<meta property=\"product:availability\" content=\"instock\" \/>\n<meta property=\"product:retailer_item_id\" content=\"QVT-CLICK\" \/>\n<meta property=\"product:condition\" content=\"new\" \/>\n<!-- \/ Yoast SEO Premium plugin. -->","yoast_head_json":{"title":"Cable gland | QVT-CLICK - C-Pro","description":"Cable gland \/ QVT-CLICK is a round split frame for quick and easy installation of cables with connectors or complete cable harnesses. Read More!","robots":{"index":"index","follow":"follow","max-snippet":"max-snippet:-1","max-image-preview":"max-image-preview:large","max-video-preview":"max-video-preview:-1"},"canonical":"https:\/\/c-profil.se\/english\/product\/split-cable-gland-qvt-click\/","og_locale":"en_US","og_type":"article","og_title":"Kabelf\u00f6rskruvning | QVT-CLICK - C-Pro","og_description":"Kabelf\u00f6rskruvning \/ QVT-CLICK \u00e4r en delad ram som \u00e4r cirkul\u00e4r f\u00f6r att installera kablar med kontakter eller kompletta kabeln\u00e4t snabbt och enkelt.\u00a0 QVT-CLICK kan bli monterad fr\u00e5n framsidan av h\u00f6ljets v\u00e4gg utan verktyg. Eftersom den har en v\u00e4ldigt kompakt design passar QVT-CLICK-serien speciellt till sm\u00e5 maskiner instrument och enheter.    QVT-CLICK 16, 20, 40|1\u00a0och 50 \u00e4r sn\u00e4ppbara eller skruvbara med en l\u00e5smutter.  S\u00e4ndningen inneh\u00e5ller en f\u00f6rseglingsring.  F\u00f6rdelar:    Simpel montage\/demontage fr\u00e5n frontsidan  Platsbesparande design  Genomf\u00f6ring av kablar med eller utan kontakt  Garantier p\u00e5 f\u00f6rkontakterade kablar bibeh\u00e5lles  Ombyggnation, reparationer och underh\u00e5ll kan g\u00f6ras mycket enklare och snabbare  Snabbt montage genom inklickning i utbrytningen  \u00d6kad packningst\u00e4thet vid anv\u00e4ndning av dubbla eller fyrdubbla genomf\u00f6ringar","og_url":"https:\/\/c-profil.se\/english\/product\/split-cable-gland-qvt-click\/","og_site_name":"C-Pro","article_publisher":"https:\/\/www.facebook.com\/people\/C-Pro\/61561767306874\/","article_modified_time":"2026-03-19T14:10:44+00:00","og_image":[{"width":1000,"height":1000,"url":"https:\/\/c-profil.se\/wp-content\/uploads\/2019\/03\/Kabelforskruvning-delbar-QVT-KLICK.jpg","type":"image\/jpeg"}],"twitter_card":"summary_large_image","twitter_misc":{"Price":"","Availability":"In stock"},"schema":{"@context":"https:\/\/schema.org","@graph":[{"@type":"WebPage","@id":"https:\/\/c-profil.se\/produkt\/kabelforskruvning-delbar-qvt-klick\/","url":"https:\/\/c-profil.se\/produkt\/kabelforskruvning-delbar-qvt-klick\/","name":"Cable gland | QVT-CLICK - C-Pro","isPartOf":{"@id":"https:\/\/c-profil.se\/#website"},"primaryImageOfPage":{"@id":"https:\/\/c-profil.se\/produkt\/kabelforskruvning-delbar-qvt-klick\/#primaryimage"},"image":{"@id":"https:\/\/c-profil.se\/produkt\/kabelforskruvning-delbar-qvt-klick\/#primaryimage"},"thumbnailUrl":"https:\/\/c-profil.se\/wp-content\/uploads\/2019\/03\/Kabelforskruvning-delbar-QVT-KLICK.jpg","datePublished":"2019-03-19T13:33:00+00:00","dateModified":"2026-03-19T14:10:44+00:00","description":"Cable gland \/ QVT-CLICK is a round split frame for quick and easy installation of cables with connectors or complete cable harnesses. Read More!","breadcrumb":{"@id":"https:\/\/c-profil.se\/produkt\/kabelforskruvning-delbar-qvt-klick\/#breadcrumb"},"inLanguage":"en","potentialAction":[{"@type":"ReadAction","target":["https:\/\/c-profil.se\/produkt\/kabelforskruvning-delbar-qvt-klick\/"]}]},{"@type":"ImageObject","inLanguage":"en","@id":"https:\/\/c-profil.se\/produkt\/kabelforskruvning-delbar-qvt-klick\/#primaryimage","url":"https:\/\/c-profil.se\/wp-content\/uploads\/2019\/03\/Kabelforskruvning-delbar-QVT-KLICK.jpg","contentUrl":"https:\/\/c-profil.se\/wp-content\/uploads\/2019\/03\/Kabelforskruvning-delbar-QVT-KLICK.jpg","width":1000,"height":1000,"caption":"Kabelf\u00f6rskruvning, delbar QVT-KLICK"},{"@type":"BreadcrumbList","@id":"https:\/\/c-profil.se\/produkt\/kabelforskruvning-delbar-qvt-klick\/#breadcrumb","itemListElement":[{"@type":"ListItem","position":1,"name":"Hem","item":"https:\/\/c-profil.se\/"},{"@type":"ListItem","position":2,"name":"Produkter","item":"https:\/\/c-profil.se\/produkter\/"},{"@type":"ListItem","position":3,"name":"Kabelf\u00f6rskruvningar f\u00f6r kablar med kontakt","item":"https:\/\/c-profil.se\/produkt-kategori\/kabelforskruvningar-for-kablar-med-kontakt\/"},{"@type":"ListItem","position":4,"name":"Kabelf\u00f6rskruvning | QVT-CLICK"}]},{"@type":"WebSite","@id":"https:\/\/c-profil.se\/#website","url":"https:\/\/c-profil.se\/","name":"C-Pro","description":"Products for Electricity and Automation","publisher":{"@id":"https:\/\/c-profil.se\/#organization"},"potentialAction":[{"@type":"SearchAction","target":{"@type":"EntryPoint","urlTemplate":"https:\/\/c-profil.se\/?s={search_term_string}"},"query-input":{"@type":"PropertyValueSpecification","valueRequired":true,"valueName":"search_term_string"}}],"inLanguage":"en"},{"@type":"Organization","@id":"https:\/\/c-profil.se\/#organization","name":"C-Pro","alternateName":"C-PRO","url":"https:\/\/c-profil.se\/","logo":{"@type":"ImageObject","inLanguage":"en","@id":"https:\/\/c-profil.se\/#\/schema\/logo\/image\/","url":"https:\/\/c-profil.se\/wp-content\/uploads\/2022\/03\/c-pro-logga-liggande-500x500-1.png","contentUrl":"https:\/\/c-profil.se\/wp-content\/uploads\/2022\/03\/c-pro-logga-liggande-500x500-1.png","width":500,"height":500,"caption":"C-Pro"},"image":{"@id":"https:\/\/c-profil.se\/#\/schema\/logo\/image\/"},"sameAs":["https:\/\/www.facebook.com\/people\/C-Pro\/61561767306874\/","https:\/\/www.linkedin.com\/company\/c-pro-ab","https:\/\/www.instagram.com\/cpro.ab\/"],"description":"C-PRO AB is a comprehensive supplier of materials for applications in electricity and automation. Ever since the start in 1987, we have supplied the Swedish manufacturing industry with electrical materials. Despite our size and leading position, we have never abandoned our basic philosophy, to be a personal supplier. We at C-PRO are easy to get in touch with, honest and passionate about solving our customers&#039; problems.","email":"info@c-profil.se","telephone":"031575785","legalName":"C-Profil F\u00f6rl\u00e4ggningsmaterial AB","foundingDate":"1987-01-01"}]},"product_brand":"eftermontering","product_price_currency":"SEK","og_availability":"instock","product_availability":"instock","product_retailer_item_id":"QVT-CLICK","product_condition":"new"},"_links":{"self":[{"href":"https:\/\/c-profil.se\/english\/wp-json\/wp\/v2\/product\/24682","targetHints":{"allow":["GET"]}}],"collection":[{"href":"https:\/\/c-profil.se\/english\/wp-json\/wp\/v2\/product"}],"about":[{"href":"https:\/\/c-profil.se\/english\/wp-json\/wp\/v2\/types\/product"}],"version-history":[{"count":10,"href":"https:\/\/c-profil.se\/english\/wp-json\/wp\/v2\/product\/24682\/revisions"}],"predecessor-version":[{"id":74275,"href":"https:\/\/c-profil.se\/english\/wp-json\/wp\/v2\/product\/24682\/revisions\/74275"}],"wp:featuredmedia":[{"embeddable":true,"href":"https:\/\/c-profil.se\/english\/wp-json\/wp\/v2\/media\/50987"}],"wp:attachment":[{"href":"https:\/\/c-profil.se\/english\/wp-json\/wp\/v2\/media?parent=24682"}],"wp:term":[{"taxonomy":"product_brand","embeddable":true,"href":"https:\/\/c-profil.se\/english\/wp-json\/wp\/v2\/product_brand?post=24682"},{"taxonomy":"product_cat","embeddable":true,"href":"https:\/\/c-profil.se\/english\/wp-json\/wp\/v2\/product_cat?post=24682"},{"taxonomy":"product_tag","embeddable":true,"href":"https:\/\/c-profil.se\/english\/wp-json\/wp\/v2\/product_tag?post=24682"}],"curies":[{"name":"wp","href":"https:\/\/api.w.org\/{rel}","templated":true}]}}