{"id":24546,"date":"2018-10-18T10:46:00","date_gmt":"2018-10-18T09:46:00","guid":{"rendered":"https:\/\/c-profil.se\/produkt\/kabelforskruvning-kvt-er\/"},"modified":"2026-04-24T08:49:11","modified_gmt":"2026-04-24T07:49:11","slug":"split-cable-gland-kvt-er","status":"publish","type":"product","link":"https:\/\/c-profil.se\/english\/produkt\/kabelforskruvning-kvt-er\/","title":{"rendered":"Cable gland | KVT-ER"},"content":{"rendered":"<p><strong>KVT-ER is a series of divisible cable glands for industrial installations<\/strong>, developed for sealing and strain relief of cables with or without contact.<br \/>\nThe screw connections are adapted for metric holes and achieve a high degree of protection and safe strain relief according to current standards.<\/p>","protected":false},"excerpt":{"rendered":"<p class=\"ai-optimize-27 ai-optimize-introduction\">KVT-ER are split cable glands for routing and sealing cables with connectors, with diameters from 1 to 16 mm (KT 1 - 15) and 13 to 35 mm (KTG 13 - KT 34). But also electric, pneumatic or hydraulic lines without terminals or connectors as well as corrugated conduits can be easily routed (e.g. into control panels, enclosures or machinery), sealed and strain relieved acc. to EN 62444.\nThe KVT-ER sizes are based on metric standard cut-outs M25, M32, M50 and M63. Hexagonal locknuts are included in the shipment. For assembly, we recommend to tighten the cover lid screws with max. 2 Nm.<\/p>\n<p class=\"ai-optimize-28\"><strong>Advantages:<\/strong><\/p>\n<ul>\n<li class=\"ai-optimize-45\">Certified protection types IP66\/IP68 (according to EN 60529)<\/li>\n<li class=\"ai-optimize-45\">Strain relief according to EN 62444<\/li>\n<li class=\"ai-optimize-45\">Warranties on pre-connected cables are maintained<\/li>\n<li class=\"ai-optimize-45\">Remodeling, repairs and maintenance can be done much easier and faster<\/li>\n<li class=\"ai-optimize-45\">High cable density<\/li>\n<li class=\"ai-optimize-45\">Suitable for metric hole punching<\/li>\n<li class=\"ai-optimize-45\">Lock nut included<\/li>\n<li class=\"ai-optimize-45\">High stability, vibration resistant<\/li>\n<\/ul>","protected":false},"featured_media":50860,"template":"","meta":{"_acf_changed":false},"product_brand":[740],"product_cat":[304],"product_tag":[953,992,938,1005,939],"class_list":{"0":"post-24546","1":"product","2":"type-product","3":"status-publish","4":"has-post-thumbnail","6":"product_brand-icotek","7":"product_cat-kabelforskruvningar-for-kablar-med-kontakt","8":"product_tag-eftermontering","9":"product_tag-kabelgenomforing","10":"product_tag-kabelinforing","11":"product_tag-platbearbetning","12":"product_tag-tatning","14":"first","15":"instock","16":"shipping-taxable","17":"product-type-simple"},"acf":[],"yoast_head":"<!-- This site is optimized with the Yoast SEO Premium plugin v27.5 (Yoast SEO v27.5) - https:\/\/yoast.com\/product\/yoast-seo-premium-wordpress\/ -->\n<title>Kabelf\u00f6rskruvning | KVT-ER - C-Pro<\/title>\n<meta name=\"description\" content=\"Kabelf\u00f6rskruvning \/ KVT-ER \u00e4r en serie delbara f\u00f6rskruvningar f\u00f6r bl.a. kontakterade kablage. Kablar med diameter upp till 35 mm. L\u00e4s Mer!\" \/>\n<meta name=\"robots\" content=\"index, follow, max-snippet:-1, max-image-preview:large, max-video-preview:-1\" \/>\n<link rel=\"canonical\" href=\"https:\/\/c-profil.se\/english\/product\/split-cable-gland-kvt-er\/\" \/>\n<meta property=\"og:locale\" content=\"en_US\" \/>\n<meta property=\"og:type\" content=\"article\" \/>\n<meta property=\"og:title\" content=\"Kabelf\u00f6rskruvning | KVT-ER - C-Pro\" \/>\n<meta property=\"og:description\" content=\"Kabelf\u00f6rskruvning \/ KVT-ER \u00e4r en serie delbara f\u00f6rskruvningar f\u00f6r bl.a. kontakterade kablage. Kablar med diameter upp till 35 mm kan t\u00e4tas och dragavlastas. Tack vare den ingjutna packningen erh\u00e5lls IP-klass \u00e4nda upp till IP68. H\u00e5ltagningsm\u00e5tten f\u00f6r Delbar f\u00f6rskruvning \/ KVT-ER f\u00f6ljer metrisk standard i storlekarna M32, M50 och M63. Rostfri (v2A) insexkruv medf\u00f6ljer vid leverans. Vid montering b\u00f6r skruvarna \u00e5tdras till maximalt 2 Nm. F\u00f6rdelar:    Certifierade skydd typer IP66\/IP68 (efter EN 60529)  Dragavlastning enligt EN 62444  Garantier p\u00e5 f\u00f6rkontakterade kablar bibeh\u00e5lles  Ombyggnation, reparationer och underh\u00e5ll kan g\u00f6ras mycket enklare och snabbare  H\u00f6g kabelt\u00e4thet  L\u00e4mplig f\u00f6r metrisk h\u00e5ltagning  L\u00e5smutter ing\u00e5r  H\u00f6g stabilitet, vibrationst\u00e5lig\" \/>\n<meta property=\"og:url\" content=\"https:\/\/c-profil.se\/english\/product\/split-cable-gland-kvt-er\/\" \/>\n<meta property=\"og:site_name\" content=\"C-Pro\" \/>\n<meta property=\"article:publisher\" content=\"https:\/\/www.facebook.com\/people\/C-Pro\/61561767306874\/\" \/>\n<meta property=\"article:modified_time\" content=\"2026-04-24T07:49:11+00:00\" \/>\n<meta property=\"og:image\" content=\"https:\/\/c-profil.se\/wp-content\/uploads\/2018\/10\/Kabelforskruvning-KVT-ER.jpg\" \/>\n\t<meta property=\"og:image:width\" content=\"1000\" \/>\n\t<meta property=\"og:image:height\" content=\"1000\" \/>\n\t<meta property=\"og:image:type\" content=\"image\/jpeg\" \/>\n<meta name=\"twitter:card\" content=\"summary_large_image\" \/>\n<meta name=\"twitter:label1\" content=\"Price\" \/>\n\t<meta name=\"twitter:data1\" content=\"\" \/>\n\t<meta name=\"twitter:label2\" content=\"Availability\" \/>\n\t<meta name=\"twitter:data2\" content=\"In stock\" \/>\n<script type=\"application\/ld+json\" class=\"yoast-schema-graph\">{\"@context\":\"https:\\\/\\\/schema.org\",\"@graph\":[{\"@type\":\"WebPage\",\"@id\":\"https:\\\/\\\/c-profil.se\\\/produkt\\\/kabelforskruvning-kvt-er\\\/\",\"url\":\"https:\\\/\\\/c-profil.se\\\/produkt\\\/kabelforskruvning-kvt-er\\\/\",\"name\":\"Kabelf\u00f6rskruvning | KVT-ER - C-Pro\",\"isPartOf\":{\"@id\":\"https:\\\/\\\/c-profil.se\\\/#website\"},\"primaryImageOfPage\":{\"@id\":\"https:\\\/\\\/c-profil.se\\\/produkt\\\/kabelforskruvning-kvt-er\\\/#primaryimage\"},\"image\":{\"@id\":\"https:\\\/\\\/c-profil.se\\\/produkt\\\/kabelforskruvning-kvt-er\\\/#primaryimage\"},\"thumbnailUrl\":\"https:\\\/\\\/c-profil.se\\\/wp-content\\\/uploads\\\/2018\\\/10\\\/Kabelforskruvning-KVT-ER.jpg\",\"datePublished\":\"2018-10-18T09:46:00+00:00\",\"dateModified\":\"2026-04-24T07:49:11+00:00\",\"description\":\"Kabelf\u00f6rskruvning \\\/ KVT-ER \u00e4r en serie delbara f\u00f6rskruvningar f\u00f6r bl.a. kontakterade kablage. Kablar med diameter upp till 35 mm. L\u00e4s Mer!\",\"breadcrumb\":{\"@id\":\"https:\\\/\\\/c-profil.se\\\/produkt\\\/kabelforskruvning-kvt-er\\\/#breadcrumb\"},\"inLanguage\":\"en\",\"potentialAction\":[{\"@type\":\"ReadAction\",\"target\":[\"https:\\\/\\\/c-profil.se\\\/produkt\\\/kabelforskruvning-kvt-er\\\/\"]}]},{\"@type\":\"ImageObject\",\"inLanguage\":\"en\",\"@id\":\"https:\\\/\\\/c-profil.se\\\/produkt\\\/kabelforskruvning-kvt-er\\\/#primaryimage\",\"url\":\"https:\\\/\\\/c-profil.se\\\/wp-content\\\/uploads\\\/2018\\\/10\\\/Kabelforskruvning-KVT-ER.jpg\",\"contentUrl\":\"https:\\\/\\\/c-profil.se\\\/wp-content\\\/uploads\\\/2018\\\/10\\\/Kabelforskruvning-KVT-ER.jpg\",\"width\":1000,\"height\":1000,\"caption\":\"Kabelf\u00f6rskruvning KVT-ER\"},{\"@type\":\"BreadcrumbList\",\"@id\":\"https:\\\/\\\/c-profil.se\\\/produkt\\\/kabelforskruvning-kvt-er\\\/#breadcrumb\",\"itemListElement\":[{\"@type\":\"ListItem\",\"position\":1,\"name\":\"Hem\",\"item\":\"https:\\\/\\\/c-profil.se\\\/\"},{\"@type\":\"ListItem\",\"position\":2,\"name\":\"Produkter\",\"item\":\"https:\\\/\\\/c-profil.se\\\/produkter\\\/\"},{\"@type\":\"ListItem\",\"position\":3,\"name\":\"Kabelf\u00f6rskruvningar f\u00f6r kablar med kontakt\",\"item\":\"https:\\\/\\\/c-profil.se\\\/produkt-kategori\\\/kabelforskruvningar-for-kablar-med-kontakt\\\/\"},{\"@type\":\"ListItem\",\"position\":4,\"name\":\"Kabelf\u00f6rskruvning | KVT-ER\"}]},{\"@type\":\"WebSite\",\"@id\":\"https:\\\/\\\/c-profil.se\\\/#website\",\"url\":\"https:\\\/\\\/c-profil.se\\\/\",\"name\":\"C-Pro\",\"description\":\"Produkter f\u00f6r El och Automation\",\"publisher\":{\"@id\":\"https:\\\/\\\/c-profil.se\\\/#organization\"},\"potentialAction\":[{\"@type\":\"SearchAction\",\"target\":{\"@type\":\"EntryPoint\",\"urlTemplate\":\"https:\\\/\\\/c-profil.se\\\/?s={search_term_string}\"},\"query-input\":{\"@type\":\"PropertyValueSpecification\",\"valueRequired\":true,\"valueName\":\"search_term_string\"}}],\"inLanguage\":\"en\"},{\"@type\":\"Organization\",\"@id\":\"https:\\\/\\\/c-profil.se\\\/#organization\",\"name\":\"C-Pro\",\"alternateName\":\"C-PRO\",\"url\":\"https:\\\/\\\/c-profil.se\\\/\",\"logo\":{\"@type\":\"ImageObject\",\"inLanguage\":\"en\",\"@id\":\"https:\\\/\\\/c-profil.se\\\/#\\\/schema\\\/logo\\\/image\\\/\",\"url\":\"https:\\\/\\\/c-profil.se\\\/wp-content\\\/uploads\\\/2022\\\/03\\\/c-pro-logga-liggande-500x500-1.png\",\"contentUrl\":\"https:\\\/\\\/c-profil.se\\\/wp-content\\\/uploads\\\/2022\\\/03\\\/c-pro-logga-liggande-500x500-1.png\",\"width\":500,\"height\":500,\"caption\":\"C-Pro\"},\"image\":{\"@id\":\"https:\\\/\\\/c-profil.se\\\/#\\\/schema\\\/logo\\\/image\\\/\"},\"sameAs\":[\"https:\\\/\\\/www.facebook.com\\\/people\\\/C-Pro\\\/61561767306874\\\/\",\"https:\\\/\\\/www.linkedin.com\\\/company\\\/c-pro-ab\",\"https:\\\/\\\/www.instagram.com\\\/cpro.ab\\\/\"],\"description\":\"C-PRO AB \u00e4r en helt\u00e4ckande leverant\u00f6r av material f\u00f6r applikationer inom el och automation. \u00c4nda sedan starten 1987 har vi f\u00f6rsett den svenska tillverkande industrin med elmaterial. Trots v\u00e5r storlek och ledande position har vi aldrig \u00f6vergett v\u00e5r grundfilosofi, att vara en personlig leverant\u00f6r. Vi p\u00e5 C-PRO \u00e4r l\u00e4tta att komma i kontakt med, \u00e4rliga och brinner f\u00f6r att l\u00f6sa v\u00e5ra kunders problem.\",\"email\":\"info@c-profil.se\",\"telephone\":\"031575785\",\"legalName\":\"C-Profil F\u00f6rl\u00e4ggningsmaterial AB\",\"foundingDate\":\"1987-01-01\"}]}<\/script>\n<meta property=\"product:brand\" content=\"eftermontering\" \/>\n<meta property=\"product:price:currency\" content=\"SEK\" \/>\n<meta property=\"og:availability\" content=\"instock\" \/>\n<meta property=\"product:availability\" content=\"instock\" \/>\n<meta property=\"product:retailer_item_id\" content=\"KVT-ER\" \/>\n<meta property=\"product:condition\" content=\"new\" \/>\n<!-- \/ Yoast SEO Premium plugin. -->","yoast_head_json":{"title":"Cable gland | KVT-ER - C-Pro","description":"Kabelf\u00f6rskruvning \/ KVT-ER is a series of split cable glands for e.g. contacted wiring. Cables with diameter up to 35 mm. Read more!","robots":{"index":"index","follow":"follow","max-snippet":"max-snippet:-1","max-image-preview":"max-image-preview:large","max-video-preview":"max-video-preview:-1"},"canonical":"https:\/\/c-profil.se\/english\/product\/split-cable-gland-kvt-er\/","og_locale":"en_US","og_type":"article","og_title":"Kabelf\u00f6rskruvning | KVT-ER - C-Pro","og_description":"Kabelf\u00f6rskruvning \/ KVT-ER \u00e4r en serie delbara f\u00f6rskruvningar f\u00f6r bl.a. kontakterade kablage. Kablar med diameter upp till 35 mm kan t\u00e4tas och dragavlastas. Tack vare den ingjutna packningen erh\u00e5lls IP-klass \u00e4nda upp till IP68. H\u00e5ltagningsm\u00e5tten f\u00f6r Delbar f\u00f6rskruvning \/ KVT-ER f\u00f6ljer metrisk standard i storlekarna M32, M50 och M63. Rostfri (v2A) insexkruv medf\u00f6ljer vid leverans. Vid montering b\u00f6r skruvarna \u00e5tdras till maximalt 2 Nm. F\u00f6rdelar:    Certifierade skydd typer IP66\/IP68 (efter EN 60529)  Dragavlastning enligt EN 62444  Garantier p\u00e5 f\u00f6rkontakterade kablar bibeh\u00e5lles  Ombyggnation, reparationer och underh\u00e5ll kan g\u00f6ras mycket enklare och snabbare  H\u00f6g kabelt\u00e4thet  L\u00e4mplig f\u00f6r metrisk h\u00e5ltagning  L\u00e5smutter ing\u00e5r  H\u00f6g stabilitet, vibrationst\u00e5lig","og_url":"https:\/\/c-profil.se\/english\/product\/split-cable-gland-kvt-er\/","og_site_name":"C-Pro","article_publisher":"https:\/\/www.facebook.com\/people\/C-Pro\/61561767306874\/","article_modified_time":"2026-04-24T07:49:11+00:00","og_image":[{"width":1000,"height":1000,"url":"https:\/\/c-profil.se\/wp-content\/uploads\/2018\/10\/Kabelforskruvning-KVT-ER.jpg","type":"image\/jpeg"}],"twitter_card":"summary_large_image","twitter_misc":{"Price":"","Availability":"In stock"},"schema":{"@context":"https:\/\/schema.org","@graph":[{"@type":"WebPage","@id":"https:\/\/c-profil.se\/produkt\/kabelforskruvning-kvt-er\/","url":"https:\/\/c-profil.se\/produkt\/kabelforskruvning-kvt-er\/","name":"Cable gland | KVT-ER - C-Pro","isPartOf":{"@id":"https:\/\/c-profil.se\/#website"},"primaryImageOfPage":{"@id":"https:\/\/c-profil.se\/produkt\/kabelforskruvning-kvt-er\/#primaryimage"},"image":{"@id":"https:\/\/c-profil.se\/produkt\/kabelforskruvning-kvt-er\/#primaryimage"},"thumbnailUrl":"https:\/\/c-profil.se\/wp-content\/uploads\/2018\/10\/Kabelforskruvning-KVT-ER.jpg","datePublished":"2018-10-18T09:46:00+00:00","dateModified":"2026-04-24T07:49:11+00:00","description":"Kabelf\u00f6rskruvning \/ KVT-ER is a series of split cable glands for e.g. contacted wiring. Cables with diameter up to 35 mm. Read more!","breadcrumb":{"@id":"https:\/\/c-profil.se\/produkt\/kabelforskruvning-kvt-er\/#breadcrumb"},"inLanguage":"en","potentialAction":[{"@type":"ReadAction","target":["https:\/\/c-profil.se\/produkt\/kabelforskruvning-kvt-er\/"]}]},{"@type":"ImageObject","inLanguage":"en","@id":"https:\/\/c-profil.se\/produkt\/kabelforskruvning-kvt-er\/#primaryimage","url":"https:\/\/c-profil.se\/wp-content\/uploads\/2018\/10\/Kabelforskruvning-KVT-ER.jpg","contentUrl":"https:\/\/c-profil.se\/wp-content\/uploads\/2018\/10\/Kabelforskruvning-KVT-ER.jpg","width":1000,"height":1000,"caption":"Kabelf\u00f6rskruvning KVT-ER"},{"@type":"BreadcrumbList","@id":"https:\/\/c-profil.se\/produkt\/kabelforskruvning-kvt-er\/#breadcrumb","itemListElement":[{"@type":"ListItem","position":1,"name":"Hem","item":"https:\/\/c-profil.se\/"},{"@type":"ListItem","position":2,"name":"Produkter","item":"https:\/\/c-profil.se\/produkter\/"},{"@type":"ListItem","position":3,"name":"Kabelf\u00f6rskruvningar f\u00f6r kablar med kontakt","item":"https:\/\/c-profil.se\/produkt-kategori\/kabelforskruvningar-for-kablar-med-kontakt\/"},{"@type":"ListItem","position":4,"name":"Kabelf\u00f6rskruvning | KVT-ER"}]},{"@type":"WebSite","@id":"https:\/\/c-profil.se\/#website","url":"https:\/\/c-profil.se\/","name":"C-Pro","description":"Products for Electricity and Automation","publisher":{"@id":"https:\/\/c-profil.se\/#organization"},"potentialAction":[{"@type":"SearchAction","target":{"@type":"EntryPoint","urlTemplate":"https:\/\/c-profil.se\/?s={search_term_string}"},"query-input":{"@type":"PropertyValueSpecification","valueRequired":true,"valueName":"search_term_string"}}],"inLanguage":"en"},{"@type":"Organization","@id":"https:\/\/c-profil.se\/#organization","name":"C-Pro","alternateName":"C-PRO","url":"https:\/\/c-profil.se\/","logo":{"@type":"ImageObject","inLanguage":"en","@id":"https:\/\/c-profil.se\/#\/schema\/logo\/image\/","url":"https:\/\/c-profil.se\/wp-content\/uploads\/2022\/03\/c-pro-logga-liggande-500x500-1.png","contentUrl":"https:\/\/c-profil.se\/wp-content\/uploads\/2022\/03\/c-pro-logga-liggande-500x500-1.png","width":500,"height":500,"caption":"C-Pro"},"image":{"@id":"https:\/\/c-profil.se\/#\/schema\/logo\/image\/"},"sameAs":["https:\/\/www.facebook.com\/people\/C-Pro\/61561767306874\/","https:\/\/www.linkedin.com\/company\/c-pro-ab","https:\/\/www.instagram.com\/cpro.ab\/"],"description":"C-PRO AB is a comprehensive supplier of materials for applications in electricity and automation. Ever since the start in 1987, we have supplied the Swedish manufacturing industry with electrical materials. Despite our size and leading position, we have never abandoned our basic philosophy, to be a personal supplier. We at C-PRO are easy to get in touch with, honest and passionate about solving our customers&#039; problems.","email":"info@c-profil.se","telephone":"031575785","legalName":"C-Profil F\u00f6rl\u00e4ggningsmaterial AB","foundingDate":"1987-01-01"}]},"product_brand":"eftermontering","product_price_currency":"SEK","og_availability":"instock","product_availability":"instock","product_retailer_item_id":"KVT-ER","product_condition":"new"},"_links":{"self":[{"href":"https:\/\/c-profil.se\/english\/wp-json\/wp\/v2\/product\/24546","targetHints":{"allow":["GET"]}}],"collection":[{"href":"https:\/\/c-profil.se\/english\/wp-json\/wp\/v2\/product"}],"about":[{"href":"https:\/\/c-profil.se\/english\/wp-json\/wp\/v2\/types\/product"}],"version-history":[{"count":12,"href":"https:\/\/c-profil.se\/english\/wp-json\/wp\/v2\/product\/24546\/revisions"}],"predecessor-version":[{"id":75188,"href":"https:\/\/c-profil.se\/english\/wp-json\/wp\/v2\/product\/24546\/revisions\/75188"}],"wp:featuredmedia":[{"embeddable":true,"href":"https:\/\/c-profil.se\/english\/wp-json\/wp\/v2\/media\/50860"}],"wp:attachment":[{"href":"https:\/\/c-profil.se\/english\/wp-json\/wp\/v2\/media?parent=24546"}],"wp:term":[{"taxonomy":"product_brand","embeddable":true,"href":"https:\/\/c-profil.se\/english\/wp-json\/wp\/v2\/product_brand?post=24546"},{"taxonomy":"product_cat","embeddable":true,"href":"https:\/\/c-profil.se\/english\/wp-json\/wp\/v2\/product_cat?post=24546"},{"taxonomy":"product_tag","embeddable":true,"href":"https:\/\/c-profil.se\/english\/wp-json\/wp\/v2\/product_tag?post=24546"}],"curies":[{"name":"wp","href":"https:\/\/api.w.org\/{rel}","templated":true}]}}