{"id":24538,"date":"2018-03-22T15:42:00","date_gmt":"2018-03-22T14:42:00","guid":{"rendered":"https:\/\/c-profil.se\/produkt\/vaggmonterade-skap-kaplingar\/"},"modified":"2026-05-11T14:34:34","modified_gmt":"2026-05-11T13:34:34","slug":"cabinet-e-cor","status":"publish","type":"product","link":"https:\/\/c-profil.se\/english\/produkt\/apparatskap-e-cor\/","title":{"rendered":"Cabinet | E COR"},"content":{"rendered":"<p><strong>E COR is a wall-mounted steel enclosure for industrial installations<\/strong>, developed to protect electrical and electronic equipment in demanding environments.<br \/>\nThe enclosure is delivered with a door and mounting plate and is adapted for flexible cable entry and easy installation.<\/p>","protected":false},"excerpt":{"rendered":"<p><strong>E COR control cabinet \u2013 <\/strong>Wall Box with monting plate<\/p>\n<p><strong>E COR<\/strong> is a wall-mounted enclosure from ETA&#039;s E COR series, designed to protect electrical and electronic equipment in demanding industrial environments. The enclosure is made of 1.2 mm <strong>galvanized steel sheet<\/strong>, which provides reliable corrosion protection and excellent mechanical strength.<\/p>\n<p>The surface is treated with electrophoresis primer and powder coating in <strong>RAL 7035 (light grey)<\/strong> for additional protection and a professional appearance. The door is fitted with a polyurethane seal (foam-molded) and together with the fully welded construction provides tight protection according to <strong>IP66 \/ NEMA 4 and impact resistance IK10<\/strong>, making the enclosure suitable for both dusty and humid environments.<\/p>\n<p>E COR is ideal for smaller installations where reliability and ease of assembly are the focus. The enclosure is supplied complete with door, backplate, and screw set for ground connection.<\/p>\n<p><strong>Included in delivery<\/strong><\/p>\n<ul>\n<li>Enclosure \u2013 Fully welded frame in 1.2 mm Sendzimir galvanized steel sheet, painted in RAL 7035.<\/li>\n<li>Reversible door \u2013 Fitted with foam-molded seal and fitted with 3.0 mm double-bit locking system.<\/li>\n<li>Mounting plate \u2013 In galvanized steel 2 mm.<\/li>\n<li>Cable gland flange \u2013 For tight and flexible cable routing.<\/li>\n<li>Screw set \u2013 For grounding and internal mounting.<\/li>\n<\/ul>\n<p class=\"ai-optimize-35\"><strong>Can be equipped with<\/strong><\/p>\n<ul>\n<li class=\"ai-optimize-36\">Wall brackets<\/li>\n<li class=\"ai-optimize-37\">FL21 and FL13 transition flanges<\/li>\n<li class=\"ai-optimize-38\">Door stop<\/li>\n<li class=\"ai-optimize-39\">Various locking systems: padlock, key, ASSA system, etc.<\/li>\n<li class=\"ai-optimize-40\">Door profiles (horizontal)<\/li>\n<li class=\"ai-optimize-41\">Rain Roof<\/li>\n<li class=\"ai-optimize-42\">Door switch<\/li>\n<li class=\"ai-optimize-43\">Inner door<\/li>\n<li class=\"ai-optimize-44\">Modular kit<\/li>\n<li class=\"ai-optimize-45\">Accessories for adjusting the depth of the mounting plate<\/li>\n<li class=\"ai-optimize-46\">Base for free-standing mounting<\/li>\n<li class=\"ai-optimize-47\">Microperforated mounting plate<\/li>\n<li class=\"ai-optimize-48\">Tripod mount for outdoor installation<\/li>\n<\/ul>\n<p><img decoding=\"async\" class=\"alignnone wp-image-55123\" src=\"https:\/\/c-profil.se\/wp-content\/uploads\/2018\/03\/E-COR-logo-e1751274241187-500x186.png\" alt=\"E COR logo\" width=\"108\" height=\"40\" srcset=\"https:\/\/c-profil.se\/wp-content\/uploads\/2018\/03\/E-COR-logo-e1751274241187-500x186.png 500w, https:\/\/c-profil.se\/wp-content\/uploads\/2018\/03\/E-COR-logo-e1751274241187-18x7.png 18w, https:\/\/c-profil.se\/wp-content\/uploads\/2018\/03\/E-COR-logo-e1751274241187-64x24.png 64w, https:\/\/c-profil.se\/wp-content\/uploads\/2018\/03\/E-COR-logo-e1751274241187.png 719w\" sizes=\"(max-width: 108px) 100vw, 108px\" \/><\/p>","protected":false},"featured_media":72099,"template":"","meta":{"_acf_changed":false},"product_brand":[738],"product_cat":[770,247],"product_tag":[940,944,946,945],"class_list":{"0":"post-24538","1":"product","2":"type-product","3":"status-publish","4":"has-post-thumbnail","6":"product_brand-eta","7":"product_cat-apparatskap-e-cor","8":"product_cat-apparatskap-plat","9":"product_tag-apparatskap","10":"product_tag-automation","11":"product_tag-kabelhantering-i-apparatskap","12":"product_tag-vaggmontage","14":"first","15":"instock","16":"shipping-taxable","17":"product-type-simple"},"acf":[],"yoast_head":"<!-- This site is optimized with the Yoast SEO Premium plugin v27.6 (Yoast SEO v27.6) - https:\/\/yoast.com\/product\/yoast-seo-premium-wordpress\/ -->\n<title>Apparatsk\u00e5p | E COR: V\u00e4ggsk\u00e5p IP66 - C-Pro<\/title>\n<meta name=\"description\" content=\"Uppt\u00e4ck Apparatsk\u00e5p | E COR, perfekt f\u00f6r kr\u00e4vande milj\u00f6er. Med IP66 skydd och h\u00f6g mekanisk h\u00e5llfasthet \u00e4r den din p\u00e5litliga l\u00f6sning!\" \/>\n<meta name=\"robots\" content=\"index, follow, max-snippet:-1, max-image-preview:large, max-video-preview:-1\" \/>\n<link rel=\"canonical\" href=\"https:\/\/c-profil.se\/english\/product\/cabinet-e-cor\/\" \/>\n<meta property=\"og:locale\" content=\"en_US\" \/>\n<meta property=\"og:type\" content=\"article\" \/>\n<meta property=\"og:title\" content=\"Apparatsk\u00e5p | E COR - C-Pro\" \/>\n<meta property=\"og:description\" content=\"Apparatsk\u00e5p E COR - V\u00e4ggsk\u00e5p med montagepl\u00e5t  E COR \u00e4r ett v\u00e4ggmonterat apparatsk\u00e5p fr\u00e5n ETA:s E COR-serie, framtagen f\u00f6r att skydda elektrisk och elektronisk utrustning i kr\u00e4vande industrimilj\u00f6er. Kapslingen \u00e4r tillverkad i 1,2 mm f\u00f6rzinkad st\u00e5lpl\u00e5t, vilket ger ett p\u00e5litligt korrosionsskydd och utm\u00e4rkt mekanisk h\u00e5llfasthet.  Ytan \u00e4r behandlad med elektroforesgrund och pulverlack i RAL 7035 (ljusgr\u00e5) f\u00f6r ytterligare skydd och ett professionellt utseende. D\u00f6rren \u00e4r f\u00f6rsedd med polyuretant\u00e4tning (skumgjuten) och ger tillsammans med den helsvetsade konstruktionen ett t\u00e4tt skydd enligt IP66 \/ NEMA 4 och slagfasthet IK10, vilket g\u00f6r kapslingen l\u00e4mplig f\u00f6r b\u00e5de dammiga och fuktiga milj\u00f6er.  E COR \u00e4r idealisk f\u00f6r mindre installationer d\u00e4r tillf\u00f6rlitlighet och enkel montering \u00e4r i fokus. Kapslingen levereras komplett med d\u00f6rr, bakpl\u00e5t, och skruvsats f\u00f6r jordanslutning.  Ing\u00e5r i leveransen   Kapsling \u2013 Helsvetsad stomme i 1,2 mm Sendzimirf\u00f6rzinkad st\u00e5lpl\u00e5t, lackerad i RAL 7035.  V\u00e4ndbar d\u00f6rr \u2013 Monterad med skumgjuten t\u00e4tning och f\u00f6rsett med 3,0 mm dubbelbits l\u00e5ssystem.  Montagepl\u00e5t \u2013 I f\u00f6rzinkat st\u00e5l 2 mm.  Kabelgenomf\u00f6ringsfl\u00e4ns \u2013 F\u00f6r t\u00e4t och flexibel kabeldragning.  Skruvsats \u2013 F\u00f6r jordning och inv\u00e4ndig montering.  Kan kompletteras med    V\u00e4ggf\u00e4sten  FL21 och FL13 \u00f6verg\u00e5ngsfl\u00e4nsar  D\u00f6rrstopp  Olika l\u00e5ssystem: h\u00e4ngl\u00e5s, nyckel, ASSA system o.s.v.  D\u00f6rrprofiler (horisontella)  Regntak  D\u00f6rrbrytare  Innerd\u00f6rr  Modul\u00e4rt kit  Tillbeh\u00f6r f\u00f6r justering av montagepl\u00e5tens djup  Sockel f\u00f6r frist\u00e5ende montering  Mikroperforerad montagepl\u00e5t  Stativf\u00e4ste f\u00f6r utomhusinstallation\" \/>\n<meta property=\"og:url\" content=\"https:\/\/c-profil.se\/english\/product\/cabinet-e-cor\/\" \/>\n<meta property=\"og:site_name\" content=\"C-Pro\" \/>\n<meta property=\"article:publisher\" content=\"https:\/\/www.facebook.com\/people\/C-Pro\/61561767306874\/\" \/>\n<meta property=\"article:modified_time\" content=\"2026-05-11T13:34:34+00:00\" \/>\n<meta property=\"og:image\" content=\"https:\/\/c-profil.se\/wp-content\/uploads\/2026\/02\/Apparatskap-ECOR-ny2.jpg\" \/>\n\t<meta property=\"og:image:width\" content=\"1000\" \/>\n\t<meta property=\"og:image:height\" content=\"1000\" \/>\n\t<meta property=\"og:image:type\" content=\"image\/jpeg\" \/>\n<meta name=\"twitter:card\" content=\"summary_large_image\" \/>\n<meta name=\"twitter:label1\" content=\"Price\" \/>\n\t<meta name=\"twitter:data1\" content=\"\" \/>\n\t<meta name=\"twitter:label2\" content=\"Availability\" \/>\n\t<meta name=\"twitter:data2\" content=\"In stock\" \/>\n<script type=\"application\/ld+json\" class=\"yoast-schema-graph\">{\"@context\":\"https:\\\/\\\/schema.org\",\"@graph\":[{\"@type\":\"WebPage\",\"@id\":\"https:\\\/\\\/c-profil.se\\\/produkt\\\/apparatskap-e-cor\\\/\",\"url\":\"https:\\\/\\\/c-profil.se\\\/produkt\\\/apparatskap-e-cor\\\/\",\"name\":\"Apparatsk\u00e5p | E COR: V\u00e4ggsk\u00e5p IP66 - C-Pro\",\"isPartOf\":{\"@id\":\"https:\\\/\\\/c-profil.se\\\/#website\"},\"primaryImageOfPage\":{\"@id\":\"https:\\\/\\\/c-profil.se\\\/produkt\\\/apparatskap-e-cor\\\/#primaryimage\"},\"image\":{\"@id\":\"https:\\\/\\\/c-profil.se\\\/produkt\\\/apparatskap-e-cor\\\/#primaryimage\"},\"thumbnailUrl\":\"https:\\\/\\\/c-profil.se\\\/wp-content\\\/uploads\\\/2026\\\/02\\\/Apparatskap-ECOR-ny2.jpg\",\"datePublished\":\"2018-03-22T14:42:00+00:00\",\"dateModified\":\"2026-05-11T13:34:34+00:00\",\"description\":\"Uppt\u00e4ck Apparatsk\u00e5p | E COR, perfekt f\u00f6r kr\u00e4vande milj\u00f6er. Med IP66 skydd och h\u00f6g mekanisk h\u00e5llfasthet \u00e4r den din p\u00e5litliga l\u00f6sning!\",\"breadcrumb\":{\"@id\":\"https:\\\/\\\/c-profil.se\\\/produkt\\\/apparatskap-e-cor\\\/#breadcrumb\"},\"inLanguage\":\"en\",\"potentialAction\":[{\"@type\":\"ReadAction\",\"target\":[\"https:\\\/\\\/c-profil.se\\\/produkt\\\/apparatskap-e-cor\\\/\"]}]},{\"@type\":\"ImageObject\",\"inLanguage\":\"en\",\"@id\":\"https:\\\/\\\/c-profil.se\\\/produkt\\\/apparatskap-e-cor\\\/#primaryimage\",\"url\":\"https:\\\/\\\/c-profil.se\\\/wp-content\\\/uploads\\\/2026\\\/02\\\/Apparatskap-ECOR-ny2.jpg\",\"contentUrl\":\"https:\\\/\\\/c-profil.se\\\/wp-content\\\/uploads\\\/2026\\\/02\\\/Apparatskap-ECOR-ny2.jpg\",\"width\":1000,\"height\":1000,\"caption\":\"Apparatsk\u00e5p ECOR\"},{\"@type\":\"BreadcrumbList\",\"@id\":\"https:\\\/\\\/c-profil.se\\\/produkt\\\/apparatskap-e-cor\\\/#breadcrumb\",\"itemListElement\":[{\"@type\":\"ListItem\",\"position\":1,\"name\":\"Hem\",\"item\":\"https:\\\/\\\/c-profil.se\\\/\"},{\"@type\":\"ListItem\",\"position\":2,\"name\":\"Produkter\",\"item\":\"https:\\\/\\\/c-profil.se\\\/produkter\\\/\"},{\"@type\":\"ListItem\",\"position\":3,\"name\":\"Apparatsk\u00e5p i Pl\u00e5t\",\"item\":\"https:\\\/\\\/c-profil.se\\\/produkt-kategori\\\/apparatskap-plat\\\/\"},{\"@type\":\"ListItem\",\"position\":4,\"name\":\"Apparatsk\u00e5p | E COR\"}]},{\"@type\":\"WebSite\",\"@id\":\"https:\\\/\\\/c-profil.se\\\/#website\",\"url\":\"https:\\\/\\\/c-profil.se\\\/\",\"name\":\"C-Pro\",\"description\":\"Produkter f\u00f6r El och Automation\",\"publisher\":{\"@id\":\"https:\\\/\\\/c-profil.se\\\/#organization\"},\"potentialAction\":[{\"@type\":\"SearchAction\",\"target\":{\"@type\":\"EntryPoint\",\"urlTemplate\":\"https:\\\/\\\/c-profil.se\\\/?s={search_term_string}\"},\"query-input\":{\"@type\":\"PropertyValueSpecification\",\"valueRequired\":true,\"valueName\":\"search_term_string\"}}],\"inLanguage\":\"en\"},{\"@type\":\"Organization\",\"@id\":\"https:\\\/\\\/c-profil.se\\\/#organization\",\"name\":\"C-Pro\",\"alternateName\":\"C-PRO\",\"url\":\"https:\\\/\\\/c-profil.se\\\/\",\"logo\":{\"@type\":\"ImageObject\",\"inLanguage\":\"en\",\"@id\":\"https:\\\/\\\/c-profil.se\\\/#\\\/schema\\\/logo\\\/image\\\/\",\"url\":\"https:\\\/\\\/c-profil.se\\\/wp-content\\\/uploads\\\/2022\\\/03\\\/c-pro-logga-liggande-500x500-1.png\",\"contentUrl\":\"https:\\\/\\\/c-profil.se\\\/wp-content\\\/uploads\\\/2022\\\/03\\\/c-pro-logga-liggande-500x500-1.png\",\"width\":500,\"height\":500,\"caption\":\"C-Pro\"},\"image\":{\"@id\":\"https:\\\/\\\/c-profil.se\\\/#\\\/schema\\\/logo\\\/image\\\/\"},\"sameAs\":[\"https:\\\/\\\/www.facebook.com\\\/people\\\/C-Pro\\\/61561767306874\\\/\",\"https:\\\/\\\/www.linkedin.com\\\/company\\\/c-pro-ab\",\"https:\\\/\\\/www.instagram.com\\\/cpro.ab\\\/\"],\"description\":\"C-PRO AB \u00e4r en helt\u00e4ckande leverant\u00f6r av material f\u00f6r applikationer inom el och automation. \u00c4nda sedan starten 1987 har vi f\u00f6rsett den svenska tillverkande industrin med elmaterial. Trots v\u00e5r storlek och ledande position har vi aldrig \u00f6vergett v\u00e5r grundfilosofi, att vara en personlig leverant\u00f6r. Vi p\u00e5 C-PRO \u00e4r l\u00e4tta att komma i kontakt med, \u00e4rliga och brinner f\u00f6r att l\u00f6sa v\u00e5ra kunders problem.\",\"email\":\"info@c-profil.se\",\"telephone\":\"031575785\",\"legalName\":\"C-Profil F\u00f6rl\u00e4ggningsmaterial AB\",\"foundingDate\":\"1987-01-01\"}]}<\/script>\n<meta property=\"product:brand\" content=\"apparatsk\u00e5p\" \/>\n<meta property=\"product:price:currency\" content=\"SEK\" \/>\n<meta property=\"og:availability\" content=\"instock\" \/>\n<meta property=\"product:availability\" content=\"instock\" \/>\n<meta property=\"product:retailer_item_id\" content=\"E COR\" \/>\n<meta property=\"product:condition\" content=\"new\" \/>\n<!-- \/ Yoast SEO Premium plugin. -->","yoast_head_json":{"title":"Enclosures | E COR: Wall-mounted enclosure IP66 - C-Pro","description":"Discover Appliance Cabinets | E COR, perfect for demanding environments. With IP66 protection and high mechanical strength, it's your reliable solution!","robots":{"index":"index","follow":"follow","max-snippet":"max-snippet:-1","max-image-preview":"max-image-preview:large","max-video-preview":"max-video-preview:-1"},"canonical":"https:\/\/c-profil.se\/english\/product\/cabinet-e-cor\/","og_locale":"en_US","og_type":"article","og_title":"Apparatsk\u00e5p | E COR - C-Pro","og_description":"Apparatsk\u00e5p E COR - V\u00e4ggsk\u00e5p med montagepl\u00e5t  E COR \u00e4r ett v\u00e4ggmonterat apparatsk\u00e5p fr\u00e5n ETA:s E COR-serie, framtagen f\u00f6r att skydda elektrisk och elektronisk utrustning i kr\u00e4vande industrimilj\u00f6er. Kapslingen \u00e4r tillverkad i 1,2 mm f\u00f6rzinkad st\u00e5lpl\u00e5t, vilket ger ett p\u00e5litligt korrosionsskydd och utm\u00e4rkt mekanisk h\u00e5llfasthet.  Ytan \u00e4r behandlad med elektroforesgrund och pulverlack i RAL 7035 (ljusgr\u00e5) f\u00f6r ytterligare skydd och ett professionellt utseende. D\u00f6rren \u00e4r f\u00f6rsedd med polyuretant\u00e4tning (skumgjuten) och ger tillsammans med den helsvetsade konstruktionen ett t\u00e4tt skydd enligt IP66 \/ NEMA 4 och slagfasthet IK10, vilket g\u00f6r kapslingen l\u00e4mplig f\u00f6r b\u00e5de dammiga och fuktiga milj\u00f6er.  E COR \u00e4r idealisk f\u00f6r mindre installationer d\u00e4r tillf\u00f6rlitlighet och enkel montering \u00e4r i fokus. Kapslingen levereras komplett med d\u00f6rr, bakpl\u00e5t, och skruvsats f\u00f6r jordanslutning.  Ing\u00e5r i leveransen   Kapsling \u2013 Helsvetsad stomme i 1,2 mm Sendzimirf\u00f6rzinkad st\u00e5lpl\u00e5t, lackerad i RAL 7035.  V\u00e4ndbar d\u00f6rr \u2013 Monterad med skumgjuten t\u00e4tning och f\u00f6rsett med 3,0 mm dubbelbits l\u00e5ssystem.  Montagepl\u00e5t \u2013 I f\u00f6rzinkat st\u00e5l 2 mm.  Kabelgenomf\u00f6ringsfl\u00e4ns \u2013 F\u00f6r t\u00e4t och flexibel kabeldragning.  Skruvsats \u2013 F\u00f6r jordning och inv\u00e4ndig montering.  Kan kompletteras med    V\u00e4ggf\u00e4sten  FL21 och FL13 \u00f6verg\u00e5ngsfl\u00e4nsar  D\u00f6rrstopp  Olika l\u00e5ssystem: h\u00e4ngl\u00e5s, nyckel, ASSA system o.s.v.  D\u00f6rrprofiler (horisontella)  Regntak  D\u00f6rrbrytare  Innerd\u00f6rr  Modul\u00e4rt kit  Tillbeh\u00f6r f\u00f6r justering av montagepl\u00e5tens djup  Sockel f\u00f6r frist\u00e5ende montering  Mikroperforerad montagepl\u00e5t  Stativf\u00e4ste f\u00f6r utomhusinstallation","og_url":"https:\/\/c-profil.se\/english\/product\/cabinet-e-cor\/","og_site_name":"C-Pro","article_publisher":"https:\/\/www.facebook.com\/people\/C-Pro\/61561767306874\/","article_modified_time":"2026-05-11T13:34:34+00:00","og_image":[{"width":1000,"height":1000,"url":"https:\/\/c-profil.se\/wp-content\/uploads\/2026\/02\/Apparatskap-ECOR-ny2.jpg","type":"image\/jpeg"}],"twitter_card":"summary_large_image","twitter_misc":{"Price":"","Availability":"In stock"},"schema":{"@context":"https:\/\/schema.org","@graph":[{"@type":"WebPage","@id":"https:\/\/c-profil.se\/produkt\/apparatskap-e-cor\/","url":"https:\/\/c-profil.se\/produkt\/apparatskap-e-cor\/","name":"Enclosures | E COR: Wall-mounted enclosure IP66 - C-Pro","isPartOf":{"@id":"https:\/\/c-profil.se\/#website"},"primaryImageOfPage":{"@id":"https:\/\/c-profil.se\/produkt\/apparatskap-e-cor\/#primaryimage"},"image":{"@id":"https:\/\/c-profil.se\/produkt\/apparatskap-e-cor\/#primaryimage"},"thumbnailUrl":"https:\/\/c-profil.se\/wp-content\/uploads\/2026\/02\/Apparatskap-ECOR-ny2.jpg","datePublished":"2018-03-22T14:42:00+00:00","dateModified":"2026-05-11T13:34:34+00:00","description":"Discover Appliance Cabinets | E COR, perfect for demanding environments. With IP66 protection and high mechanical strength, it's your reliable solution!","breadcrumb":{"@id":"https:\/\/c-profil.se\/produkt\/apparatskap-e-cor\/#breadcrumb"},"inLanguage":"en","potentialAction":[{"@type":"ReadAction","target":["https:\/\/c-profil.se\/produkt\/apparatskap-e-cor\/"]}]},{"@type":"ImageObject","inLanguage":"en","@id":"https:\/\/c-profil.se\/produkt\/apparatskap-e-cor\/#primaryimage","url":"https:\/\/c-profil.se\/wp-content\/uploads\/2026\/02\/Apparatskap-ECOR-ny2.jpg","contentUrl":"https:\/\/c-profil.se\/wp-content\/uploads\/2026\/02\/Apparatskap-ECOR-ny2.jpg","width":1000,"height":1000,"caption":"Apparatsk\u00e5p ECOR"},{"@type":"BreadcrumbList","@id":"https:\/\/c-profil.se\/produkt\/apparatskap-e-cor\/#breadcrumb","itemListElement":[{"@type":"ListItem","position":1,"name":"Hem","item":"https:\/\/c-profil.se\/"},{"@type":"ListItem","position":2,"name":"Produkter","item":"https:\/\/c-profil.se\/produkter\/"},{"@type":"ListItem","position":3,"name":"Apparatsk\u00e5p i Pl\u00e5t","item":"https:\/\/c-profil.se\/produkt-kategori\/apparatskap-plat\/"},{"@type":"ListItem","position":4,"name":"Apparatsk\u00e5p | E COR"}]},{"@type":"WebSite","@id":"https:\/\/c-profil.se\/#website","url":"https:\/\/c-profil.se\/","name":"C-Pro","description":"Products for Electricity and Automation","publisher":{"@id":"https:\/\/c-profil.se\/#organization"},"potentialAction":[{"@type":"SearchAction","target":{"@type":"EntryPoint","urlTemplate":"https:\/\/c-profil.se\/?s={search_term_string}"},"query-input":{"@type":"PropertyValueSpecification","valueRequired":true,"valueName":"search_term_string"}}],"inLanguage":"en"},{"@type":"Organization","@id":"https:\/\/c-profil.se\/#organization","name":"C-Pro","alternateName":"C-PRO","url":"https:\/\/c-profil.se\/","logo":{"@type":"ImageObject","inLanguage":"en","@id":"https:\/\/c-profil.se\/#\/schema\/logo\/image\/","url":"https:\/\/c-profil.se\/wp-content\/uploads\/2022\/03\/c-pro-logga-liggande-500x500-1.png","contentUrl":"https:\/\/c-profil.se\/wp-content\/uploads\/2022\/03\/c-pro-logga-liggande-500x500-1.png","width":500,"height":500,"caption":"C-Pro"},"image":{"@id":"https:\/\/c-profil.se\/#\/schema\/logo\/image\/"},"sameAs":["https:\/\/www.facebook.com\/people\/C-Pro\/61561767306874\/","https:\/\/www.linkedin.com\/company\/c-pro-ab","https:\/\/www.instagram.com\/cpro.ab\/"],"description":"C-PRO AB is a comprehensive supplier of materials for applications in electricity and automation. Ever since the start in 1987, we have supplied the Swedish manufacturing industry with electrical materials. Despite our size and leading position, we have never abandoned our basic philosophy, to be a personal supplier. We at C-PRO are easy to get in touch with, honest and passionate about solving our customers&#039; problems.","email":"info@c-profil.se","telephone":"031575785","legalName":"C-Profil F\u00f6rl\u00e4ggningsmaterial AB","foundingDate":"1987-01-01"}]},"product_brand":"apparatsk\u00e5p","product_price_currency":"SEK","og_availability":"instock","product_availability":"instock","product_retailer_item_id":"E COR","product_condition":"new"},"_links":{"self":[{"href":"https:\/\/c-profil.se\/english\/wp-json\/wp\/v2\/product\/24538","targetHints":{"allow":["GET"]}}],"collection":[{"href":"https:\/\/c-profil.se\/english\/wp-json\/wp\/v2\/product"}],"about":[{"href":"https:\/\/c-profil.se\/english\/wp-json\/wp\/v2\/types\/product"}],"version-history":[{"count":27,"href":"https:\/\/c-profil.se\/english\/wp-json\/wp\/v2\/product\/24538\/revisions"}],"predecessor-version":[{"id":75550,"href":"https:\/\/c-profil.se\/english\/wp-json\/wp\/v2\/product\/24538\/revisions\/75550"}],"wp:featuredmedia":[{"embeddable":true,"href":"https:\/\/c-profil.se\/english\/wp-json\/wp\/v2\/media\/72099"}],"wp:attachment":[{"href":"https:\/\/c-profil.se\/english\/wp-json\/wp\/v2\/media?parent=24538"}],"wp:term":[{"taxonomy":"product_brand","embeddable":true,"href":"https:\/\/c-profil.se\/english\/wp-json\/wp\/v2\/product_brand?post=24538"},{"taxonomy":"product_cat","embeddable":true,"href":"https:\/\/c-profil.se\/english\/wp-json\/wp\/v2\/product_cat?post=24538"},{"taxonomy":"product_tag","embeddable":true,"href":"https:\/\/c-profil.se\/english\/wp-json\/wp\/v2\/product_tag?post=24538"}],"curies":[{"name":"wp","href":"https:\/\/api.w.org\/{rel}","templated":true}]}}