{"id":24536,"date":"2018-03-15T13:02:00","date_gmt":"2018-03-15T12:02:00","guid":{"rendered":"https:\/\/c-profil.se\/produkt\/rostfri-kopplingslada-e-gran\/"},"modified":"2026-03-19T15:37:46","modified_gmt":"2026-03-19T14:37:46","slug":"enclosure-e-gran-x","status":"publish","type":"product","link":"https:\/\/c-profil.se\/english\/produkt\/kapsling-e-gran-x\/","title":{"rendered":"Enclosure E GRAN X"},"content":{"rendered":"<p><strong>E GRAN X is a stainless steel enclosure for industrial installations<\/strong>, developed for environments with requirements for corrosion resistance, tightness and long service life.<br \/>\nThe enclosure has a lid with fixing screws, silicone seal and shaped corners for safe and functional installation.<\/p>","protected":false},"excerpt":{"rendered":"<p class=\"ai-optimize-31\">Enclosure E GRAN X, box and door made of 1.2 mm thick AISI 304L stainless steel sheet (AISI 316L on request). The lid is equipped with stainless steel fixing screws, silicone seal and shaped corners for improved aesthetics.<\/p>\n<ul>\n<li class=\"ai-optimize-32\">Protection level guaranteed by two-component silicone foam seal<\/li>\n<\/ul>\n<p class=\"ai-optimize-33\"><strong>Advantages<\/strong><\/p>\n<ul>\n<li class=\"ai-optimize-34\"><strong>Security and simplicity<\/strong> - thanks to the innovative cover which is fixed with \u00bc twisted fixing screws.<\/li>\n<li class=\"ai-optimize-35\"><strong>Performance<\/strong> - thanks to the shaped corners and the silicone seal.<\/li>\n<li class=\"ai-optimize-36\"><strong>Eye-friendly<\/strong> <strong>aesthetic<\/strong> - with new small wall brackets.<\/li>\n<\/ul>\n<p><img decoding=\"async\" class=\"alignnone wp-image-55134\" src=\"https:\/\/c-profil.se\/wp-content\/uploads\/2018\/03\/E-GRAN-X.png\" alt=\"E GRAN X logo\" width=\"300\" height=\"40\" \/><\/p>","protected":false},"featured_media":72378,"template":"","meta":{"_acf_changed":false},"product_brand":[738],"product_cat":[246],"product_tag":[944,949,990,943,952,950,945],"class_list":{"0":"post-24536","1":"product","2":"type-product","3":"status-publish","4":"has-post-thumbnail","6":"product_brand-eta","7":"product_cat-apparatskap-rostfritt","8":"product_tag-automation","9":"product_tag-hygienisk-miljo","10":"product_tag-kapsling","11":"product_tag-korrosiv-miljo","12":"product_tag-kravande-miljo","13":"product_tag-livsmedelsindustri","14":"product_tag-vaggmontage","16":"first","17":"instock","18":"shipping-taxable","19":"product-type-simple"},"acf":[],"yoast_head":"<!-- This site is optimized with the Yoast SEO Premium plugin v27.4 (Yoast SEO v27.4) - https:\/\/yoast.com\/product\/yoast-seo-premium-wordpress\/ -->\n<title>Kapsling E GRAN X: Robust konstruktion i rostfritt st\u00e5l - C-Pro<\/title>\n<meta name=\"description\" content=\"Kapsling E GRAN X, kapsling och d\u00f6rr tillverkad av 1,2 mm tjock AISI 304L rostfritt st\u00e5lpl\u00e5t. Lock f\u00f6rsett med rostfria f\u00e4stskruvar. L\u00e4s Mer!\" \/>\n<meta name=\"robots\" content=\"index, follow, max-snippet:-1, max-image-preview:large, max-video-preview:-1\" \/>\n<link rel=\"canonical\" href=\"https:\/\/c-profil.se\/english\/product\/enclosure-e-gran-x\/\" \/>\n<meta property=\"og:locale\" content=\"en_US\" \/>\n<meta property=\"og:type\" content=\"article\" \/>\n<meta property=\"og:title\" content=\"Kapsling E GRAN X - C-Pro\" \/>\n<meta property=\"og:description\" content=\"Kapsling E GRAN X, l\u00e5da och d\u00f6rr tillverkad av 1,2 mm tjock AISI 304L rostfritt st\u00e5lpl\u00e5t (AISI 316L p\u00e5 beg\u00e4ran). Locket f\u00f6rsedd med f\u00e4stskruvar av rostfritt st\u00e5l, silikonf\u00f6rsegling och formade h\u00f6rn f\u00f6r f\u00f6rb\u00e4ttrad estetik.    Skyddsniv\u00e5 garanterad av tv\u00e5komponents silikonskumt\u00e4tning  F\u00f6rdelar    S\u00e4kerhet och enkelhet - tack vare det innovativa locket som \u00e4r fixerat med \u00bc vrids f\u00e4stskruvar.  Prestanda - tack vare de formade h\u00f6rnen och silikonf\u00f6rseglingen.  \u00d6gonv\u00e4nliga estetik - med nya lilla v\u00e4ggf\u00e4sten.\" \/>\n<meta property=\"og:url\" content=\"https:\/\/c-profil.se\/english\/product\/enclosure-e-gran-x\/\" \/>\n<meta property=\"og:site_name\" content=\"C-Pro\" \/>\n<meta property=\"article:publisher\" content=\"https:\/\/www.facebook.com\/people\/C-Pro\/61561767306874\/\" \/>\n<meta property=\"article:modified_time\" content=\"2026-03-19T14:37:46+00:00\" \/>\n<meta property=\"og:image\" content=\"https:\/\/c-profil.se\/wp-content\/uploads\/2018\/03\/Kapsling-E-GRAN-X.jpg\" \/>\n\t<meta property=\"og:image:width\" content=\"1000\" \/>\n\t<meta property=\"og:image:height\" content=\"1000\" \/>\n\t<meta property=\"og:image:type\" content=\"image\/jpeg\" \/>\n<meta name=\"twitter:card\" content=\"summary_large_image\" \/>\n<meta name=\"twitter:label1\" content=\"Price\" \/>\n\t<meta name=\"twitter:data1\" content=\"\" \/>\n\t<meta name=\"twitter:label2\" content=\"Availability\" \/>\n\t<meta name=\"twitter:data2\" content=\"In stock\" \/>\n<script type=\"application\/ld+json\" class=\"yoast-schema-graph\">{\"@context\":\"https:\\\/\\\/schema.org\",\"@graph\":[{\"@type\":\"WebPage\",\"@id\":\"https:\\\/\\\/c-profil.se\\\/produkt\\\/kapsling-e-gran-x\\\/\",\"url\":\"https:\\\/\\\/c-profil.se\\\/produkt\\\/kapsling-e-gran-x\\\/\",\"name\":\"Kapsling E GRAN X: Robust konstruktion i rostfritt st\u00e5l - C-Pro\",\"isPartOf\":{\"@id\":\"https:\\\/\\\/c-profil.se\\\/#website\"},\"primaryImageOfPage\":{\"@id\":\"https:\\\/\\\/c-profil.se\\\/produkt\\\/kapsling-e-gran-x\\\/#primaryimage\"},\"image\":{\"@id\":\"https:\\\/\\\/c-profil.se\\\/produkt\\\/kapsling-e-gran-x\\\/#primaryimage\"},\"thumbnailUrl\":\"https:\\\/\\\/c-profil.se\\\/wp-content\\\/uploads\\\/2018\\\/03\\\/Kapsling-E-GRAN-X.jpg\",\"datePublished\":\"2018-03-15T12:02:00+00:00\",\"dateModified\":\"2026-03-19T14:37:46+00:00\",\"description\":\"Kapsling E GRAN X, kapsling och d\u00f6rr tillverkad av 1,2 mm tjock AISI 304L rostfritt st\u00e5lpl\u00e5t. Lock f\u00f6rsett med rostfria f\u00e4stskruvar. L\u00e4s Mer!\",\"breadcrumb\":{\"@id\":\"https:\\\/\\\/c-profil.se\\\/produkt\\\/kapsling-e-gran-x\\\/#breadcrumb\"},\"inLanguage\":\"en\",\"potentialAction\":[{\"@type\":\"ReadAction\",\"target\":[\"https:\\\/\\\/c-profil.se\\\/produkt\\\/kapsling-e-gran-x\\\/\"]}]},{\"@type\":\"ImageObject\",\"inLanguage\":\"en\",\"@id\":\"https:\\\/\\\/c-profil.se\\\/produkt\\\/kapsling-e-gran-x\\\/#primaryimage\",\"url\":\"https:\\\/\\\/c-profil.se\\\/wp-content\\\/uploads\\\/2018\\\/03\\\/Kapsling-E-GRAN-X.jpg\",\"contentUrl\":\"https:\\\/\\\/c-profil.se\\\/wp-content\\\/uploads\\\/2018\\\/03\\\/Kapsling-E-GRAN-X.jpg\",\"width\":1000,\"height\":1000,\"caption\":\"Kapsling E GRAN X\"},{\"@type\":\"BreadcrumbList\",\"@id\":\"https:\\\/\\\/c-profil.se\\\/produkt\\\/kapsling-e-gran-x\\\/#breadcrumb\",\"itemListElement\":[{\"@type\":\"ListItem\",\"position\":1,\"name\":\"Hem\",\"item\":\"https:\\\/\\\/c-profil.se\\\/\"},{\"@type\":\"ListItem\",\"position\":2,\"name\":\"Produkter\",\"item\":\"https:\\\/\\\/c-profil.se\\\/produkter\\\/\"},{\"@type\":\"ListItem\",\"position\":3,\"name\":\"Apparatsk\u00e5p i Rostfritt St\u00e5l\",\"item\":\"https:\\\/\\\/c-profil.se\\\/produkt-kategori\\\/apparatskap-rostfritt\\\/\"},{\"@type\":\"ListItem\",\"position\":4,\"name\":\"Kapsling E GRAN X\"}]},{\"@type\":\"WebSite\",\"@id\":\"https:\\\/\\\/c-profil.se\\\/#website\",\"url\":\"https:\\\/\\\/c-profil.se\\\/\",\"name\":\"C-Pro\",\"description\":\"Produkter f\u00f6r El och Automation\",\"publisher\":{\"@id\":\"https:\\\/\\\/c-profil.se\\\/#organization\"},\"potentialAction\":[{\"@type\":\"SearchAction\",\"target\":{\"@type\":\"EntryPoint\",\"urlTemplate\":\"https:\\\/\\\/c-profil.se\\\/?s={search_term_string}\"},\"query-input\":{\"@type\":\"PropertyValueSpecification\",\"valueRequired\":true,\"valueName\":\"search_term_string\"}}],\"inLanguage\":\"en\"},{\"@type\":\"Organization\",\"@id\":\"https:\\\/\\\/c-profil.se\\\/#organization\",\"name\":\"C-Pro\",\"alternateName\":\"C-PRO\",\"url\":\"https:\\\/\\\/c-profil.se\\\/\",\"logo\":{\"@type\":\"ImageObject\",\"inLanguage\":\"en\",\"@id\":\"https:\\\/\\\/c-profil.se\\\/#\\\/schema\\\/logo\\\/image\\\/\",\"url\":\"https:\\\/\\\/c-profil.se\\\/wp-content\\\/uploads\\\/2022\\\/03\\\/c-pro-logga-liggande-500x500-1.png\",\"contentUrl\":\"https:\\\/\\\/c-profil.se\\\/wp-content\\\/uploads\\\/2022\\\/03\\\/c-pro-logga-liggande-500x500-1.png\",\"width\":500,\"height\":500,\"caption\":\"C-Pro\"},\"image\":{\"@id\":\"https:\\\/\\\/c-profil.se\\\/#\\\/schema\\\/logo\\\/image\\\/\"},\"sameAs\":[\"https:\\\/\\\/www.facebook.com\\\/people\\\/C-Pro\\\/61561767306874\\\/\",\"https:\\\/\\\/www.linkedin.com\\\/company\\\/c-pro-ab\",\"https:\\\/\\\/www.instagram.com\\\/cpro.ab\\\/\"],\"description\":\"C-PRO AB \u00e4r en helt\u00e4ckande leverant\u00f6r av material f\u00f6r applikationer inom el och automation. \u00c4nda sedan starten 1987 har vi f\u00f6rsett den svenska tillverkande industrin med elmaterial. Trots v\u00e5r storlek och ledande position har vi aldrig \u00f6vergett v\u00e5r grundfilosofi, att vara en personlig leverant\u00f6r. Vi p\u00e5 C-PRO \u00e4r l\u00e4tta att komma i kontakt med, \u00e4rliga och brinner f\u00f6r att l\u00f6sa v\u00e5ra kunders problem.\",\"email\":\"info@c-profil.se\",\"telephone\":\"031575785\",\"legalName\":\"C-Profil F\u00f6rl\u00e4ggningsmaterial AB\",\"foundingDate\":\"1987-01-01\"}]}<\/script>\n<meta property=\"product:brand\" content=\"automation\" \/>\n<meta property=\"product:price:currency\" content=\"SEK\" \/>\n<meta property=\"og:availability\" content=\"instock\" \/>\n<meta property=\"product:availability\" content=\"instock\" \/>\n<meta property=\"product:retailer_item_id\" content=\"E GRAN X\" \/>\n<meta property=\"product:condition\" content=\"new\" \/>\n<!-- \/ Yoast SEO Premium plugin. -->","yoast_head_json":{"title":"Enclosure E GRAN X: Robust stainless steel construction - C-Pro","description":"Enclosure E GRAN X, enclosure and door made of 1.2 mm thick AISI 304L stainless steel sheet. Lid equipped with stainless steel fastening screws. Read More!","robots":{"index":"index","follow":"follow","max-snippet":"max-snippet:-1","max-image-preview":"max-image-preview:large","max-video-preview":"max-video-preview:-1"},"canonical":"https:\/\/c-profil.se\/english\/product\/enclosure-e-gran-x\/","og_locale":"en_US","og_type":"article","og_title":"Kapsling E GRAN X - C-Pro","og_description":"Kapsling E GRAN X, l\u00e5da och d\u00f6rr tillverkad av 1,2 mm tjock AISI 304L rostfritt st\u00e5lpl\u00e5t (AISI 316L p\u00e5 beg\u00e4ran). Locket f\u00f6rsedd med f\u00e4stskruvar av rostfritt st\u00e5l, silikonf\u00f6rsegling och formade h\u00f6rn f\u00f6r f\u00f6rb\u00e4ttrad estetik.    Skyddsniv\u00e5 garanterad av tv\u00e5komponents silikonskumt\u00e4tning  F\u00f6rdelar    S\u00e4kerhet och enkelhet - tack vare det innovativa locket som \u00e4r fixerat med \u00bc vrids f\u00e4stskruvar.  Prestanda - tack vare de formade h\u00f6rnen och silikonf\u00f6rseglingen.  \u00d6gonv\u00e4nliga estetik - med nya lilla v\u00e4ggf\u00e4sten.","og_url":"https:\/\/c-profil.se\/english\/product\/enclosure-e-gran-x\/","og_site_name":"C-Pro","article_publisher":"https:\/\/www.facebook.com\/people\/C-Pro\/61561767306874\/","article_modified_time":"2026-03-19T14:37:46+00:00","og_image":[{"width":1000,"height":1000,"url":"https:\/\/c-profil.se\/wp-content\/uploads\/2018\/03\/Kapsling-E-GRAN-X.jpg","type":"image\/jpeg"}],"twitter_card":"summary_large_image","twitter_misc":{"Price":"","Availability":"In stock"},"schema":{"@context":"https:\/\/schema.org","@graph":[{"@type":"WebPage","@id":"https:\/\/c-profil.se\/produkt\/kapsling-e-gran-x\/","url":"https:\/\/c-profil.se\/produkt\/kapsling-e-gran-x\/","name":"Enclosure E GRAN X: Robust stainless steel construction - C-Pro","isPartOf":{"@id":"https:\/\/c-profil.se\/#website"},"primaryImageOfPage":{"@id":"https:\/\/c-profil.se\/produkt\/kapsling-e-gran-x\/#primaryimage"},"image":{"@id":"https:\/\/c-profil.se\/produkt\/kapsling-e-gran-x\/#primaryimage"},"thumbnailUrl":"https:\/\/c-profil.se\/wp-content\/uploads\/2018\/03\/Kapsling-E-GRAN-X.jpg","datePublished":"2018-03-15T12:02:00+00:00","dateModified":"2026-03-19T14:37:46+00:00","description":"Enclosure E GRAN X, enclosure and door made of 1.2 mm thick AISI 304L stainless steel sheet. Lid equipped with stainless steel fastening screws. Read More!","breadcrumb":{"@id":"https:\/\/c-profil.se\/produkt\/kapsling-e-gran-x\/#breadcrumb"},"inLanguage":"en","potentialAction":[{"@type":"ReadAction","target":["https:\/\/c-profil.se\/produkt\/kapsling-e-gran-x\/"]}]},{"@type":"ImageObject","inLanguage":"en","@id":"https:\/\/c-profil.se\/produkt\/kapsling-e-gran-x\/#primaryimage","url":"https:\/\/c-profil.se\/wp-content\/uploads\/2018\/03\/Kapsling-E-GRAN-X.jpg","contentUrl":"https:\/\/c-profil.se\/wp-content\/uploads\/2018\/03\/Kapsling-E-GRAN-X.jpg","width":1000,"height":1000,"caption":"Kapsling E GRAN X"},{"@type":"BreadcrumbList","@id":"https:\/\/c-profil.se\/produkt\/kapsling-e-gran-x\/#breadcrumb","itemListElement":[{"@type":"ListItem","position":1,"name":"Hem","item":"https:\/\/c-profil.se\/"},{"@type":"ListItem","position":2,"name":"Produkter","item":"https:\/\/c-profil.se\/produkter\/"},{"@type":"ListItem","position":3,"name":"Apparatsk\u00e5p i Rostfritt St\u00e5l","item":"https:\/\/c-profil.se\/produkt-kategori\/apparatskap-rostfritt\/"},{"@type":"ListItem","position":4,"name":"Kapsling E GRAN X"}]},{"@type":"WebSite","@id":"https:\/\/c-profil.se\/#website","url":"https:\/\/c-profil.se\/","name":"C-Pro","description":"Products for Electricity and Automation","publisher":{"@id":"https:\/\/c-profil.se\/#organization"},"potentialAction":[{"@type":"SearchAction","target":{"@type":"EntryPoint","urlTemplate":"https:\/\/c-profil.se\/?s={search_term_string}"},"query-input":{"@type":"PropertyValueSpecification","valueRequired":true,"valueName":"search_term_string"}}],"inLanguage":"en"},{"@type":"Organization","@id":"https:\/\/c-profil.se\/#organization","name":"C-Pro","alternateName":"C-PRO","url":"https:\/\/c-profil.se\/","logo":{"@type":"ImageObject","inLanguage":"en","@id":"https:\/\/c-profil.se\/#\/schema\/logo\/image\/","url":"https:\/\/c-profil.se\/wp-content\/uploads\/2022\/03\/c-pro-logga-liggande-500x500-1.png","contentUrl":"https:\/\/c-profil.se\/wp-content\/uploads\/2022\/03\/c-pro-logga-liggande-500x500-1.png","width":500,"height":500,"caption":"C-Pro"},"image":{"@id":"https:\/\/c-profil.se\/#\/schema\/logo\/image\/"},"sameAs":["https:\/\/www.facebook.com\/people\/C-Pro\/61561767306874\/","https:\/\/www.linkedin.com\/company\/c-pro-ab","https:\/\/www.instagram.com\/cpro.ab\/"],"description":"C-PRO AB is a comprehensive supplier of materials for applications in electricity and automation. Ever since the start in 1987, we have supplied the Swedish manufacturing industry with electrical materials. Despite our size and leading position, we have never abandoned our basic philosophy, to be a personal supplier. We at C-PRO are easy to get in touch with, honest and passionate about solving our customers&#039; problems.","email":"info@c-profil.se","telephone":"031575785","legalName":"C-Profil F\u00f6rl\u00e4ggningsmaterial AB","foundingDate":"1987-01-01"}]},"product_brand":"automation","product_price_currency":"SEK","og_availability":"instock","product_availability":"instock","product_retailer_item_id":"E GRAN X","product_condition":"new"},"_links":{"self":[{"href":"https:\/\/c-profil.se\/english\/wp-json\/wp\/v2\/product\/24536","targetHints":{"allow":["GET"]}}],"collection":[{"href":"https:\/\/c-profil.se\/english\/wp-json\/wp\/v2\/product"}],"about":[{"href":"https:\/\/c-profil.se\/english\/wp-json\/wp\/v2\/types\/product"}],"version-history":[{"count":12,"href":"https:\/\/c-profil.se\/english\/wp-json\/wp\/v2\/product\/24536\/revisions"}],"predecessor-version":[{"id":72377,"href":"https:\/\/c-profil.se\/english\/wp-json\/wp\/v2\/product\/24536\/revisions\/72377"}],"wp:featuredmedia":[{"embeddable":true,"href":"https:\/\/c-profil.se\/english\/wp-json\/wp\/v2\/media\/72378"}],"wp:attachment":[{"href":"https:\/\/c-profil.se\/english\/wp-json\/wp\/v2\/media?parent=24536"}],"wp:term":[{"taxonomy":"product_brand","embeddable":true,"href":"https:\/\/c-profil.se\/english\/wp-json\/wp\/v2\/product_brand?post=24536"},{"taxonomy":"product_cat","embeddable":true,"href":"https:\/\/c-profil.se\/english\/wp-json\/wp\/v2\/product_cat?post=24536"},{"taxonomy":"product_tag","embeddable":true,"href":"https:\/\/c-profil.se\/english\/wp-json\/wp\/v2\/product_tag?post=24536"}],"curies":[{"name":"wp","href":"https:\/\/api.w.org\/{rel}","templated":true}]}}