{"id":24534,"date":"2018-03-15T09:20:00","date_gmt":"2018-03-15T08:20:00","guid":{"rendered":"https:\/\/c-profil.se\/produkt\/rostfri-vaggskap-ecor\/"},"modified":"2026-04-21T09:43:45","modified_gmt":"2026-04-21T08:43:45","slug":"cabinet-e-cor-x","status":"publish","type":"product","link":"https:\/\/c-profil.se\/english\/produkt\/apparatskap-e-cor-x\/","title":{"rendered":"Cabinet | E COR X"},"content":{"rendered":"<p><strong>E COR X is a wall-mounted stainless steel enclosure for industrial installations<\/strong>, developed for environments with requirements for corrosion resistance, hygiene and long service life.<br \/>\nThe enclosure has a fully welded construction and is supplied with a door and mounting plate for flexible internal mounting.<\/p>","protected":false},"excerpt":{"rendered":"<p class=\"ai-optimize-35\"><strong>Cabinet | E COR X<\/strong> is a stainless steel wall cabinet. The enclosure is designed with a fully welded housing without cable entry and is supplied with a mounting plate. The wall cabinet is available in 22 standard dimensions with a blank door, 6 standard dimensions with a plexi door, and many accessories (wall bracket, inner door, module kit, and plinth, which are supplied separately). The E COR X has a door with formed corners made of 1.5 mm thick AISI 3O4L stainless steel sheet (AISI 316L on request). Flat mounting plate made of 2.5 mm thick zinc-plated sheet with slots in the corners. Stainless steel hinges.<\/p>\n<ul>\n<li class=\"ai-optimize-36\">Enclosure and door (with shaped corners) in stainless steel sheet with silicone foam seal.<\/li>\n<li class=\"ai-optimize-37\">Insert in zinc alloy and lever in stainless steel.<\/li>\n<li class=\"ai-optimize-38\">Protection level guaranteed by two-component silicone foam seal *<\/li>\n<\/ul>\n<p class=\"ai-optimize-39\"><strong>Delivery includes:<\/strong><\/p>\n<ul>\n<li class=\"ai-optimize-40\">Mounting plate<\/li>\n<li class=\"ai-optimize-41\">Door with locking system (drawer and insert in zinc alloy, stainless steel lever) with 0 3mm double bar wrench<\/li>\n<li class=\"ai-optimize-42\">Packaging with screws for earth connection and mounting plate.<\/li>\n<\/ul>\n<p><img decoding=\"async\" class=\"alignnone wp-image-55130\" src=\"https:\/\/c-profil.se\/wp-content\/uploads\/2018\/03\/ECOR-X.png\" alt=\"ECOR X logo\" width=\"300\" height=\"40\" \/><\/p>","protected":false},"featured_media":72351,"template":"","meta":{"_acf_changed":false},"product_brand":[738],"product_cat":[246],"product_tag":[940,944,949,943,952,950,945],"class_list":{"0":"post-24534","1":"product","2":"type-product","3":"status-publish","4":"has-post-thumbnail","6":"product_brand-eta","7":"product_cat-apparatskap-rostfritt","8":"product_tag-apparatskap","9":"product_tag-automation","10":"product_tag-hygienisk-miljo","11":"product_tag-korrosiv-miljo","12":"product_tag-kravande-miljo","13":"product_tag-livsmedelsindustri","14":"product_tag-vaggmontage","16":"first","17":"instock","18":"shipping-taxable","19":"product-type-simple"},"acf":[],"yoast_head":"<!-- This site is optimized with the Yoast SEO Premium plugin v27.6 (Yoast SEO v27.6) - https:\/\/yoast.com\/product\/yoast-seo-premium-wordpress\/ -->\n<title>Apparatsk\u00e5p | E COR X: Helt svetsat h\u00f6lje f\u00f6r optimalt skydd - C-Pro - Rostfri<\/title>\n<meta name=\"description\" content=\"Apparatsk\u00e5p | E COR X \u00e4r ett v\u00e4ggsk\u00e5p i Rostfritt st\u00e5l, IP66, AISI304L. Kapslingen har ett helsvetsat h\u00f6lje utan kabeling\u00e5ng och levereras med montagepl\u00e5t.\" \/>\n<meta name=\"robots\" content=\"index, follow, max-snippet:-1, max-image-preview:large, max-video-preview:-1\" \/>\n<link rel=\"canonical\" href=\"https:\/\/c-profil.se\/english\/product\/cabinet-e-cor-x\/\" \/>\n<meta property=\"og:locale\" content=\"en_US\" \/>\n<meta property=\"og:type\" content=\"article\" \/>\n<meta property=\"og:title\" content=\"Apparatsk\u00e5p | E COR X - C-Pro\" \/>\n<meta property=\"og:description\" content=\"Apparatsk\u00e5p | E COR X \u00e4r ett v\u00e4ggsk\u00e5p i rostfritt st\u00e5l. Kapslingen \u00e4r utformad med ett helsvetsat h\u00f6lje utan kabeling\u00e5ng och levereras med montagepl\u00e5t. V\u00e4ggsk\u00e5pet finns i 22 st standarddimensioner med blank d\u00f6rr, 6 standarddimensioner med plexid\u00f6rr och m\u00e5nga tillbeh\u00f6r (v\u00e4ggf\u00e4ste, innerd\u00f6rr, modulkit och sockel som levereras separat). E COR X har en d\u00f6rr med formade h\u00f6rn som \u00e4r tillverkad av 1,5 mm tjock AISI 3O4L rostfritt st\u00e5lpl\u00e5t (AISI 316L p\u00e5 beg\u00e4ran). Platt montagepl\u00e5t tillverkad av 2,5 mm tjock f\u00f6rzinkad pl\u00e5t med slitsar i h\u00f6rnen. G\u00e5ngj\u00e4rn i rostfritt st\u00e5l.    Kapsling och d\u00f6rr (med formade h\u00f6rn) i rostfri st\u00e5lpl\u00e5t\u00a0 med t\u00e4tning av silikonskum.  Insats i zinklegering och l\u00e5s i rostfritt st\u00e5l.  Skyddsniv\u00e5 garanterad av tv\u00e5komponents silikonskumt\u00e4tning *  Leveransen inkluderar:    Montagepl\u00e5t  D\u00f6rr med l\u00e5ssystem (l\u00e5dan och insatsen i zinklegering, spak i rostfritt st\u00e5l) med 0 3mm dubbelst\u00e5ngsnyckel.  F\u00f6rpackning med skruvar f\u00f6r jordanslutning och monteringsplatta.\" \/>\n<meta property=\"og:url\" content=\"https:\/\/c-profil.se\/english\/product\/cabinet-e-cor-x\/\" \/>\n<meta property=\"og:site_name\" content=\"C-Pro\" \/>\n<meta property=\"article:publisher\" content=\"https:\/\/www.facebook.com\/people\/C-Pro\/61561767306874\/\" \/>\n<meta property=\"article:modified_time\" content=\"2026-04-21T08:43:45+00:00\" \/>\n<meta property=\"og:image\" content=\"https:\/\/c-profil.se\/wp-content\/uploads\/2018\/03\/Apparatskap-ECOR-X.jpg\" \/>\n\t<meta property=\"og:image:width\" content=\"1000\" \/>\n\t<meta property=\"og:image:height\" content=\"1000\" \/>\n\t<meta property=\"og:image:type\" content=\"image\/jpeg\" \/>\n<meta name=\"twitter:card\" content=\"summary_large_image\" \/>\n<meta name=\"twitter:label1\" content=\"Price\" \/>\n\t<meta name=\"twitter:data1\" content=\"\" \/>\n\t<meta name=\"twitter:label2\" content=\"Availability\" \/>\n\t<meta name=\"twitter:data2\" content=\"In stock\" \/>\n<script type=\"application\/ld+json\" class=\"yoast-schema-graph\">{\"@context\":\"https:\\\/\\\/schema.org\",\"@graph\":[{\"@type\":\"WebPage\",\"@id\":\"https:\\\/\\\/c-profil.se\\\/produkt\\\/apparatskap-e-cor-x\\\/\",\"url\":\"https:\\\/\\\/c-profil.se\\\/produkt\\\/apparatskap-e-cor-x\\\/\",\"name\":\"Apparatsk\u00e5p | E COR X: Helt svetsat h\u00f6lje f\u00f6r optimalt skydd - C-Pro - Rostfri\",\"isPartOf\":{\"@id\":\"https:\\\/\\\/c-profil.se\\\/#website\"},\"primaryImageOfPage\":{\"@id\":\"https:\\\/\\\/c-profil.se\\\/produkt\\\/apparatskap-e-cor-x\\\/#primaryimage\"},\"image\":{\"@id\":\"https:\\\/\\\/c-profil.se\\\/produkt\\\/apparatskap-e-cor-x\\\/#primaryimage\"},\"thumbnailUrl\":\"https:\\\/\\\/c-profil.se\\\/wp-content\\\/uploads\\\/2018\\\/03\\\/Apparatskap-ECOR-X.jpg\",\"datePublished\":\"2018-03-15T08:20:00+00:00\",\"dateModified\":\"2026-04-21T08:43:45+00:00\",\"description\":\"Apparatsk\u00e5p | E COR X \u00e4r ett v\u00e4ggsk\u00e5p i Rostfritt st\u00e5l, IP66, AISI304L. Kapslingen har ett helsvetsat h\u00f6lje utan kabeling\u00e5ng och levereras med montagepl\u00e5t.\",\"breadcrumb\":{\"@id\":\"https:\\\/\\\/c-profil.se\\\/produkt\\\/apparatskap-e-cor-x\\\/#breadcrumb\"},\"inLanguage\":\"en\",\"potentialAction\":[{\"@type\":\"ReadAction\",\"target\":[\"https:\\\/\\\/c-profil.se\\\/produkt\\\/apparatskap-e-cor-x\\\/\"]}]},{\"@type\":\"ImageObject\",\"inLanguage\":\"en\",\"@id\":\"https:\\\/\\\/c-profil.se\\\/produkt\\\/apparatskap-e-cor-x\\\/#primaryimage\",\"url\":\"https:\\\/\\\/c-profil.se\\\/wp-content\\\/uploads\\\/2018\\\/03\\\/Apparatskap-ECOR-X.jpg\",\"contentUrl\":\"https:\\\/\\\/c-profil.se\\\/wp-content\\\/uploads\\\/2018\\\/03\\\/Apparatskap-ECOR-X.jpg\",\"width\":1000,\"height\":1000,\"caption\":\"Apparatsk\u00e5p ECOR X\"},{\"@type\":\"BreadcrumbList\",\"@id\":\"https:\\\/\\\/c-profil.se\\\/produkt\\\/apparatskap-e-cor-x\\\/#breadcrumb\",\"itemListElement\":[{\"@type\":\"ListItem\",\"position\":1,\"name\":\"Hem\",\"item\":\"https:\\\/\\\/c-profil.se\\\/\"},{\"@type\":\"ListItem\",\"position\":2,\"name\":\"Produkter\",\"item\":\"https:\\\/\\\/c-profil.se\\\/produkter\\\/\"},{\"@type\":\"ListItem\",\"position\":3,\"name\":\"Apparatsk\u00e5p i Rostfritt St\u00e5l\",\"item\":\"https:\\\/\\\/c-profil.se\\\/produkt-kategori\\\/apparatskap-rostfritt\\\/\"},{\"@type\":\"ListItem\",\"position\":4,\"name\":\"Apparatsk\u00e5p | E COR X\"}]},{\"@type\":\"WebSite\",\"@id\":\"https:\\\/\\\/c-profil.se\\\/#website\",\"url\":\"https:\\\/\\\/c-profil.se\\\/\",\"name\":\"C-Pro\",\"description\":\"Produkter f\u00f6r El och Automation\",\"publisher\":{\"@id\":\"https:\\\/\\\/c-profil.se\\\/#organization\"},\"potentialAction\":[{\"@type\":\"SearchAction\",\"target\":{\"@type\":\"EntryPoint\",\"urlTemplate\":\"https:\\\/\\\/c-profil.se\\\/?s={search_term_string}\"},\"query-input\":{\"@type\":\"PropertyValueSpecification\",\"valueRequired\":true,\"valueName\":\"search_term_string\"}}],\"inLanguage\":\"en\"},{\"@type\":\"Organization\",\"@id\":\"https:\\\/\\\/c-profil.se\\\/#organization\",\"name\":\"C-Pro\",\"alternateName\":\"C-PRO\",\"url\":\"https:\\\/\\\/c-profil.se\\\/\",\"logo\":{\"@type\":\"ImageObject\",\"inLanguage\":\"en\",\"@id\":\"https:\\\/\\\/c-profil.se\\\/#\\\/schema\\\/logo\\\/image\\\/\",\"url\":\"https:\\\/\\\/c-profil.se\\\/wp-content\\\/uploads\\\/2022\\\/03\\\/c-pro-logga-liggande-500x500-1.png\",\"contentUrl\":\"https:\\\/\\\/c-profil.se\\\/wp-content\\\/uploads\\\/2022\\\/03\\\/c-pro-logga-liggande-500x500-1.png\",\"width\":500,\"height\":500,\"caption\":\"C-Pro\"},\"image\":{\"@id\":\"https:\\\/\\\/c-profil.se\\\/#\\\/schema\\\/logo\\\/image\\\/\"},\"sameAs\":[\"https:\\\/\\\/www.facebook.com\\\/people\\\/C-Pro\\\/61561767306874\\\/\",\"https:\\\/\\\/www.linkedin.com\\\/company\\\/c-pro-ab\",\"https:\\\/\\\/www.instagram.com\\\/cpro.ab\\\/\"],\"description\":\"C-PRO AB \u00e4r en helt\u00e4ckande leverant\u00f6r av material f\u00f6r applikationer inom el och automation. \u00c4nda sedan starten 1987 har vi f\u00f6rsett den svenska tillverkande industrin med elmaterial. Trots v\u00e5r storlek och ledande position har vi aldrig \u00f6vergett v\u00e5r grundfilosofi, att vara en personlig leverant\u00f6r. Vi p\u00e5 C-PRO \u00e4r l\u00e4tta att komma i kontakt med, \u00e4rliga och brinner f\u00f6r att l\u00f6sa v\u00e5ra kunders problem.\",\"email\":\"info@c-profil.se\",\"telephone\":\"031575785\",\"legalName\":\"C-Profil F\u00f6rl\u00e4ggningsmaterial AB\",\"foundingDate\":\"1987-01-01\"}]}<\/script>\n<meta property=\"product:brand\" content=\"apparatsk\u00e5p\" \/>\n<meta property=\"product:price:currency\" content=\"SEK\" \/>\n<meta property=\"og:availability\" content=\"instock\" \/>\n<meta property=\"product:availability\" content=\"instock\" \/>\n<meta property=\"product:retailer_item_id\" content=\"E COR X\" \/>\n<meta property=\"product:condition\" content=\"new\" \/>\n<!-- \/ Yoast SEO Premium plugin. -->","yoast_head_json":{"title":"Appliance cabinet | E COR X: Fully welded housing for optimal protection - C-Pro - Stainless steel","description":"Apparatus cabinet | E COR X is a wall-mounted cabinet made of Stainless Steel, IP66, AISI304L. The enclosure has a fully welded housing without cable entry and is supplied with a mounting plate.","robots":{"index":"index","follow":"follow","max-snippet":"max-snippet:-1","max-image-preview":"max-image-preview:large","max-video-preview":"max-video-preview:-1"},"canonical":"https:\/\/c-profil.se\/english\/product\/cabinet-e-cor-x\/","og_locale":"en_US","og_type":"article","og_title":"Apparatsk\u00e5p | E COR X - C-Pro","og_description":"Apparatsk\u00e5p | E COR X \u00e4r ett v\u00e4ggsk\u00e5p i rostfritt st\u00e5l. Kapslingen \u00e4r utformad med ett helsvetsat h\u00f6lje utan kabeling\u00e5ng och levereras med montagepl\u00e5t. V\u00e4ggsk\u00e5pet finns i 22 st standarddimensioner med blank d\u00f6rr, 6 standarddimensioner med plexid\u00f6rr och m\u00e5nga tillbeh\u00f6r (v\u00e4ggf\u00e4ste, innerd\u00f6rr, modulkit och sockel som levereras separat). E COR X har en d\u00f6rr med formade h\u00f6rn som \u00e4r tillverkad av 1,5 mm tjock AISI 3O4L rostfritt st\u00e5lpl\u00e5t (AISI 316L p\u00e5 beg\u00e4ran). Platt montagepl\u00e5t tillverkad av 2,5 mm tjock f\u00f6rzinkad pl\u00e5t med slitsar i h\u00f6rnen. G\u00e5ngj\u00e4rn i rostfritt st\u00e5l.    Kapsling och d\u00f6rr (med formade h\u00f6rn) i rostfri st\u00e5lpl\u00e5t\u00a0 med t\u00e4tning av silikonskum.  Insats i zinklegering och l\u00e5s i rostfritt st\u00e5l.  Skyddsniv\u00e5 garanterad av tv\u00e5komponents silikonskumt\u00e4tning *  Leveransen inkluderar:    Montagepl\u00e5t  D\u00f6rr med l\u00e5ssystem (l\u00e5dan och insatsen i zinklegering, spak i rostfritt st\u00e5l) med 0 3mm dubbelst\u00e5ngsnyckel.  F\u00f6rpackning med skruvar f\u00f6r jordanslutning och monteringsplatta.","og_url":"https:\/\/c-profil.se\/english\/product\/cabinet-e-cor-x\/","og_site_name":"C-Pro","article_publisher":"https:\/\/www.facebook.com\/people\/C-Pro\/61561767306874\/","article_modified_time":"2026-04-21T08:43:45+00:00","og_image":[{"width":1000,"height":1000,"url":"https:\/\/c-profil.se\/wp-content\/uploads\/2018\/03\/Apparatskap-ECOR-X.jpg","type":"image\/jpeg"}],"twitter_card":"summary_large_image","twitter_misc":{"Price":"","Availability":"In stock"},"schema":{"@context":"https:\/\/schema.org","@graph":[{"@type":"WebPage","@id":"https:\/\/c-profil.se\/produkt\/apparatskap-e-cor-x\/","url":"https:\/\/c-profil.se\/produkt\/apparatskap-e-cor-x\/","name":"Appliance cabinet | E COR X: Fully welded housing for optimal protection - C-Pro - Stainless steel","isPartOf":{"@id":"https:\/\/c-profil.se\/#website"},"primaryImageOfPage":{"@id":"https:\/\/c-profil.se\/produkt\/apparatskap-e-cor-x\/#primaryimage"},"image":{"@id":"https:\/\/c-profil.se\/produkt\/apparatskap-e-cor-x\/#primaryimage"},"thumbnailUrl":"https:\/\/c-profil.se\/wp-content\/uploads\/2018\/03\/Apparatskap-ECOR-X.jpg","datePublished":"2018-03-15T08:20:00+00:00","dateModified":"2026-04-21T08:43:45+00:00","description":"Apparatus cabinet | E COR X is a wall-mounted cabinet made of Stainless Steel, IP66, AISI304L. The enclosure has a fully welded housing without cable entry and is supplied with a mounting plate.","breadcrumb":{"@id":"https:\/\/c-profil.se\/produkt\/apparatskap-e-cor-x\/#breadcrumb"},"inLanguage":"en","potentialAction":[{"@type":"ReadAction","target":["https:\/\/c-profil.se\/produkt\/apparatskap-e-cor-x\/"]}]},{"@type":"ImageObject","inLanguage":"en","@id":"https:\/\/c-profil.se\/produkt\/apparatskap-e-cor-x\/#primaryimage","url":"https:\/\/c-profil.se\/wp-content\/uploads\/2018\/03\/Apparatskap-ECOR-X.jpg","contentUrl":"https:\/\/c-profil.se\/wp-content\/uploads\/2018\/03\/Apparatskap-ECOR-X.jpg","width":1000,"height":1000,"caption":"Apparatsk\u00e5p ECOR X"},{"@type":"BreadcrumbList","@id":"https:\/\/c-profil.se\/produkt\/apparatskap-e-cor-x\/#breadcrumb","itemListElement":[{"@type":"ListItem","position":1,"name":"Hem","item":"https:\/\/c-profil.se\/"},{"@type":"ListItem","position":2,"name":"Produkter","item":"https:\/\/c-profil.se\/produkter\/"},{"@type":"ListItem","position":3,"name":"Apparatsk\u00e5p i Rostfritt St\u00e5l","item":"https:\/\/c-profil.se\/produkt-kategori\/apparatskap-rostfritt\/"},{"@type":"ListItem","position":4,"name":"Apparatsk\u00e5p | E COR X"}]},{"@type":"WebSite","@id":"https:\/\/c-profil.se\/#website","url":"https:\/\/c-profil.se\/","name":"C-Pro","description":"Products for Electricity and Automation","publisher":{"@id":"https:\/\/c-profil.se\/#organization"},"potentialAction":[{"@type":"SearchAction","target":{"@type":"EntryPoint","urlTemplate":"https:\/\/c-profil.se\/?s={search_term_string}"},"query-input":{"@type":"PropertyValueSpecification","valueRequired":true,"valueName":"search_term_string"}}],"inLanguage":"en"},{"@type":"Organization","@id":"https:\/\/c-profil.se\/#organization","name":"C-Pro","alternateName":"C-PRO","url":"https:\/\/c-profil.se\/","logo":{"@type":"ImageObject","inLanguage":"en","@id":"https:\/\/c-profil.se\/#\/schema\/logo\/image\/","url":"https:\/\/c-profil.se\/wp-content\/uploads\/2022\/03\/c-pro-logga-liggande-500x500-1.png","contentUrl":"https:\/\/c-profil.se\/wp-content\/uploads\/2022\/03\/c-pro-logga-liggande-500x500-1.png","width":500,"height":500,"caption":"C-Pro"},"image":{"@id":"https:\/\/c-profil.se\/#\/schema\/logo\/image\/"},"sameAs":["https:\/\/www.facebook.com\/people\/C-Pro\/61561767306874\/","https:\/\/www.linkedin.com\/company\/c-pro-ab","https:\/\/www.instagram.com\/cpro.ab\/"],"description":"C-PRO AB is a comprehensive supplier of materials for applications in electricity and automation. Ever since the start in 1987, we have supplied the Swedish manufacturing industry with electrical materials. Despite our size and leading position, we have never abandoned our basic philosophy, to be a personal supplier. We at C-PRO are easy to get in touch with, honest and passionate about solving our customers&#039; problems.","email":"info@c-profil.se","telephone":"031575785","legalName":"C-Profil F\u00f6rl\u00e4ggningsmaterial AB","foundingDate":"1987-01-01"}]},"product_brand":"apparatsk\u00e5p","product_price_currency":"SEK","og_availability":"instock","product_availability":"instock","product_retailer_item_id":"E COR X","product_condition":"new"},"_links":{"self":[{"href":"https:\/\/c-profil.se\/english\/wp-json\/wp\/v2\/product\/24534","targetHints":{"allow":["GET"]}}],"collection":[{"href":"https:\/\/c-profil.se\/english\/wp-json\/wp\/v2\/product"}],"about":[{"href":"https:\/\/c-profil.se\/english\/wp-json\/wp\/v2\/types\/product"}],"version-history":[{"count":18,"href":"https:\/\/c-profil.se\/english\/wp-json\/wp\/v2\/product\/24534\/revisions"}],"predecessor-version":[{"id":75065,"href":"https:\/\/c-profil.se\/english\/wp-json\/wp\/v2\/product\/24534\/revisions\/75065"}],"wp:featuredmedia":[{"embeddable":true,"href":"https:\/\/c-profil.se\/english\/wp-json\/wp\/v2\/media\/72351"}],"wp:attachment":[{"href":"https:\/\/c-profil.se\/english\/wp-json\/wp\/v2\/media?parent=24534"}],"wp:term":[{"taxonomy":"product_brand","embeddable":true,"href":"https:\/\/c-profil.se\/english\/wp-json\/wp\/v2\/product_brand?post=24534"},{"taxonomy":"product_cat","embeddable":true,"href":"https:\/\/c-profil.se\/english\/wp-json\/wp\/v2\/product_cat?post=24534"},{"taxonomy":"product_tag","embeddable":true,"href":"https:\/\/c-profil.se\/english\/wp-json\/wp\/v2\/product_tag?post=24534"}],"curies":[{"name":"wp","href":"https:\/\/api.w.org\/{rel}","templated":true}]}}