{"id":24532,"date":"2018-03-08T14:17:00","date_gmt":"2018-03-08T13:17:00","guid":{"rendered":"https:\/\/c-profil.se\/produkt\/rostfritt-vaggskap-golvskap-ecomp\/"},"modified":"2026-04-21T10:47:57","modified_gmt":"2026-04-21T09:47:57","slug":"cabinet-ecomp-x","status":"publish","type":"product","link":"https:\/\/c-profil.se\/english\/produkt\/apparatskap-ecomp-x\/","title":{"rendered":"Cabinet | E COMP X"},"content":{"rendered":"<p><strong>E COMP X is a compact stainless steel enclosure for industrial installations<\/strong>, developed for applications with limited space and requirements for corrosion resistance.<br \/>\nThe series includes both wall-mounted and floor-standing cabinets with modular cable entry and compatibility with ETA&#039;s standard accessories.<\/p>","protected":false},"excerpt":{"rendered":"<p>The E COMP X enclosure is a fully welded compact wall and\/or floor standing enclosure with a structure made of 1.5 mm thick AISI304L stainless steel sheet (AISI 316L on request). The E COMP X enclosure represents the ideal solution to meet the need for a compact solution for both freestanding and wall mounted applications. It features an advanced design, an innovative locking system and perfect compliance with industry standards. The E COMP X, with its solidity and ergonomic design, is equipped with modular cable entry and is compatible with ETA standard accessories. Compact solution in stainless steel with single or double door.<\/p>\n<ul>\n<li>Level of protection guaranteed by two-component silicone foam seal<\/li>\n<\/ul>\n<p><strong>Delivery includes:<\/strong><\/p>\n<ul>\n<li>Enclosure with single or double door<\/li>\n<li>3.0mm diam. double bar lever operated locking system<\/li>\n<li>Stiffening profiles and silicone sealing<\/li>\n<li>Front-mounted mounting plate<\/li>\n<li>Adjustable cable entry.<\/li>\n<\/ul>\n<p>&nbsp;<\/p>\n<p><strong><img decoding=\"async\" class=\"alignnone wp-image-55147\" src=\"https:\/\/c-profil.se\/wp-content\/uploads\/2018\/03\/E-COMP-X.png\" alt=\"E COMP X logo\" width=\"300\" height=\"40\" srcset=\"https:\/\/c-profil.se\/wp-content\/uploads\/2018\/03\/E-COMP-X.png 2000w, https:\/\/c-profil.se\/wp-content\/uploads\/2018\/03\/E-COMP-X-500x67.png 500w, https:\/\/c-profil.se\/wp-content\/uploads\/2018\/03\/E-COMP-X-768x103.png 768w, https:\/\/c-profil.se\/wp-content\/uploads\/2018\/03\/E-COMP-X-1024x137.png 1024w, https:\/\/c-profil.se\/wp-content\/uploads\/2018\/03\/E-COMP-X-1536x205.png 1536w, https:\/\/c-profil.se\/wp-content\/uploads\/2018\/03\/E-COMP-X-18x2.png 18w, https:\/\/c-profil.se\/wp-content\/uploads\/2018\/03\/E-COMP-X-1000x134.png 1000w, https:\/\/c-profil.se\/wp-content\/uploads\/2018\/03\/E-COMP-X-64x9.png 64w\" sizes=\"(max-width: 300px) 100vw, 300px\" \/><\/strong><\/p>","protected":false},"featured_media":72375,"template":"","meta":{"_acf_changed":false},"product_brand":[738],"product_cat":[246],"product_tag":[940,944,947,949,943,952,950],"class_list":{"0":"post-24532","1":"product","2":"type-product","3":"status-publish","4":"has-post-thumbnail","6":"product_brand-eta","7":"product_cat-apparatskap-rostfritt","8":"product_tag-apparatskap","9":"product_tag-automation","10":"product_tag-golvmontering","11":"product_tag-hygienisk-miljo","12":"product_tag-korrosiv-miljo","13":"product_tag-kravande-miljo","14":"product_tag-livsmedelsindustri","16":"first","17":"instock","18":"shipping-taxable","19":"product-type-simple"},"acf":[],"yoast_head":"<!-- This site is optimized with the Yoast SEO Premium plugin v27.6 (Yoast SEO v27.6) - https:\/\/yoast.com\/product\/yoast-seo-premium-wordpress\/ -->\n<title>Apparatsk\u00e5p E COMP X- C-Pro - Rostfritt sk\u00e5p f\u00f6r industriella applikationer<\/title>\n<meta name=\"description\" content=\"Apparatsk\u00e5p E COMP X \u00e4r ett helsvetsat kompakt v\u00e4ggsk\u00e5p och\/eller golvsk\u00e5p tillverkad i 1,5 mm tjock AISl304L eller AISI 316L rostfri st\u00e5lpl\u00e5t. L\u00e4s Mer!\" \/>\n<meta name=\"robots\" content=\"index, follow, max-snippet:-1, max-image-preview:large, max-video-preview:-1\" \/>\n<link rel=\"canonical\" href=\"https:\/\/c-profil.se\/english\/product\/cabinet-ecomp-x\/\" \/>\n<meta property=\"og:locale\" content=\"en_US\" \/>\n<meta property=\"og:type\" content=\"article\" \/>\n<meta property=\"og:title\" content=\"Apparatsk\u00e5p | E COMP X - C-Pro\" \/>\n<meta property=\"og:description\" content=\"Apparatsk\u00e5p E COMP X \u00e4r ett helsvetsat kompakt v\u00e4ggsk\u00e5p och\/eller golvsk\u00e5p med struktur tillverkad i 1,5 mm tjock AISl304L rostfri st\u00e5lpl\u00e5t (AISI 316L p\u00e5 beg\u00e4ran). Apparatsk\u00e5p \/ E COMP X representerar den idealiska l\u00f6sningen f\u00f6r att m\u00f6ta behovet av en kompakt l\u00f6sning f\u00f6r b\u00e5de frist\u00e5ende och v\u00e4ggmonterade applikationer. Den har en avancerad design, ett innovativt l\u00e5ssystem och en perfekt \u00f6verensst\u00e4mmelse med industristandarder. E COMP X, med soliditet och ergonomisk design, \u00e4r f\u00f6rsedd med modul\u00e4r kabelgenomf\u00f6ring och passar med ETA-standardtillbeh\u00f6r. Kompakt l\u00f6sning i rostfritt st\u00e5l med enkel- eller dubbeld\u00f6rr.   Skyddsniv\u00e5 garanterad av tv\u00e5komponent silikonskumt\u00e4tning  Leveransen inkluderar:   Kapsling med enkel- eller dubbeld\u00f6rr  Spakman\u00f6vrerat 3,0mm diam. dubbelst\u00e5ngsl\u00e5ssystem  F\u00f6rstyvningsprofiler och silikont\u00e4tning  Frontinsatt monteringsplatta  Justerbar kabelgenomf\u00f6ring.  &nbsp;\" \/>\n<meta property=\"og:url\" content=\"https:\/\/c-profil.se\/english\/product\/cabinet-ecomp-x\/\" \/>\n<meta property=\"og:site_name\" content=\"C-Pro\" \/>\n<meta property=\"article:publisher\" content=\"https:\/\/www.facebook.com\/people\/C-Pro\/61561767306874\/\" \/>\n<meta property=\"article:modified_time\" content=\"2026-04-21T09:47:57+00:00\" \/>\n<meta property=\"og:image\" content=\"https:\/\/c-profil.se\/wp-content\/uploads\/2018\/03\/Apparatskap-ECOMP-X-1.jpg\" \/>\n\t<meta property=\"og:image:width\" content=\"1000\" \/>\n\t<meta property=\"og:image:height\" content=\"1000\" \/>\n\t<meta property=\"og:image:type\" content=\"image\/jpeg\" \/>\n<meta name=\"twitter:card\" content=\"summary_large_image\" \/>\n<meta name=\"twitter:label1\" content=\"Price\" \/>\n\t<meta name=\"twitter:data1\" content=\"\" \/>\n\t<meta name=\"twitter:label2\" content=\"Availability\" \/>\n\t<meta name=\"twitter:data2\" content=\"In stock\" \/>\n<script type=\"application\/ld+json\" class=\"yoast-schema-graph\">{\"@context\":\"https:\\\/\\\/schema.org\",\"@graph\":[{\"@type\":\"WebPage\",\"@id\":\"https:\\\/\\\/c-profil.se\\\/produkt\\\/apparatskap-ecomp-x\\\/\",\"url\":\"https:\\\/\\\/c-profil.se\\\/produkt\\\/apparatskap-ecomp-x\\\/\",\"name\":\"Apparatsk\u00e5p E COMP X- C-Pro - Rostfritt sk\u00e5p f\u00f6r industriella applikationer\",\"isPartOf\":{\"@id\":\"https:\\\/\\\/c-profil.se\\\/#website\"},\"primaryImageOfPage\":{\"@id\":\"https:\\\/\\\/c-profil.se\\\/produkt\\\/apparatskap-ecomp-x\\\/#primaryimage\"},\"image\":{\"@id\":\"https:\\\/\\\/c-profil.se\\\/produkt\\\/apparatskap-ecomp-x\\\/#primaryimage\"},\"thumbnailUrl\":\"https:\\\/\\\/c-profil.se\\\/wp-content\\\/uploads\\\/2018\\\/03\\\/Apparatskap-ECOMP-X-1.jpg\",\"datePublished\":\"2018-03-08T13:17:00+00:00\",\"dateModified\":\"2026-04-21T09:47:57+00:00\",\"description\":\"Apparatsk\u00e5p E COMP X \u00e4r ett helsvetsat kompakt v\u00e4ggsk\u00e5p och\\\/eller golvsk\u00e5p tillverkad i 1,5 mm tjock AISl304L eller AISI 316L rostfri st\u00e5lpl\u00e5t. L\u00e4s Mer!\",\"breadcrumb\":{\"@id\":\"https:\\\/\\\/c-profil.se\\\/produkt\\\/apparatskap-ecomp-x\\\/#breadcrumb\"},\"inLanguage\":\"en\",\"potentialAction\":[{\"@type\":\"ReadAction\",\"target\":[\"https:\\\/\\\/c-profil.se\\\/produkt\\\/apparatskap-ecomp-x\\\/\"]}]},{\"@type\":\"ImageObject\",\"inLanguage\":\"en\",\"@id\":\"https:\\\/\\\/c-profil.se\\\/produkt\\\/apparatskap-ecomp-x\\\/#primaryimage\",\"url\":\"https:\\\/\\\/c-profil.se\\\/wp-content\\\/uploads\\\/2018\\\/03\\\/Apparatskap-ECOMP-X-1.jpg\",\"contentUrl\":\"https:\\\/\\\/c-profil.se\\\/wp-content\\\/uploads\\\/2018\\\/03\\\/Apparatskap-ECOMP-X-1.jpg\",\"width\":1000,\"height\":1000,\"caption\":\"Apparatsk\u00e5p ECOMP X\"},{\"@type\":\"BreadcrumbList\",\"@id\":\"https:\\\/\\\/c-profil.se\\\/produkt\\\/apparatskap-ecomp-x\\\/#breadcrumb\",\"itemListElement\":[{\"@type\":\"ListItem\",\"position\":1,\"name\":\"Hem\",\"item\":\"https:\\\/\\\/c-profil.se\\\/\"},{\"@type\":\"ListItem\",\"position\":2,\"name\":\"Produkter\",\"item\":\"https:\\\/\\\/c-profil.se\\\/produkter\\\/\"},{\"@type\":\"ListItem\",\"position\":3,\"name\":\"Apparatsk\u00e5p i Rostfritt St\u00e5l\",\"item\":\"https:\\\/\\\/c-profil.se\\\/produkt-kategori\\\/apparatskap-rostfritt\\\/\"},{\"@type\":\"ListItem\",\"position\":4,\"name\":\"Apparatsk\u00e5p | E COMP X\"}]},{\"@type\":\"WebSite\",\"@id\":\"https:\\\/\\\/c-profil.se\\\/#website\",\"url\":\"https:\\\/\\\/c-profil.se\\\/\",\"name\":\"C-Pro\",\"description\":\"Produkter f\u00f6r El och Automation\",\"publisher\":{\"@id\":\"https:\\\/\\\/c-profil.se\\\/#organization\"},\"potentialAction\":[{\"@type\":\"SearchAction\",\"target\":{\"@type\":\"EntryPoint\",\"urlTemplate\":\"https:\\\/\\\/c-profil.se\\\/?s={search_term_string}\"},\"query-input\":{\"@type\":\"PropertyValueSpecification\",\"valueRequired\":true,\"valueName\":\"search_term_string\"}}],\"inLanguage\":\"en\"},{\"@type\":\"Organization\",\"@id\":\"https:\\\/\\\/c-profil.se\\\/#organization\",\"name\":\"C-Pro\",\"alternateName\":\"C-PRO\",\"url\":\"https:\\\/\\\/c-profil.se\\\/\",\"logo\":{\"@type\":\"ImageObject\",\"inLanguage\":\"en\",\"@id\":\"https:\\\/\\\/c-profil.se\\\/#\\\/schema\\\/logo\\\/image\\\/\",\"url\":\"https:\\\/\\\/c-profil.se\\\/wp-content\\\/uploads\\\/2022\\\/03\\\/c-pro-logga-liggande-500x500-1.png\",\"contentUrl\":\"https:\\\/\\\/c-profil.se\\\/wp-content\\\/uploads\\\/2022\\\/03\\\/c-pro-logga-liggande-500x500-1.png\",\"width\":500,\"height\":500,\"caption\":\"C-Pro\"},\"image\":{\"@id\":\"https:\\\/\\\/c-profil.se\\\/#\\\/schema\\\/logo\\\/image\\\/\"},\"sameAs\":[\"https:\\\/\\\/www.facebook.com\\\/people\\\/C-Pro\\\/61561767306874\\\/\",\"https:\\\/\\\/www.linkedin.com\\\/company\\\/c-pro-ab\",\"https:\\\/\\\/www.instagram.com\\\/cpro.ab\\\/\"],\"description\":\"C-PRO AB \u00e4r en helt\u00e4ckande leverant\u00f6r av material f\u00f6r applikationer inom el och automation. \u00c4nda sedan starten 1987 har vi f\u00f6rsett den svenska tillverkande industrin med elmaterial. Trots v\u00e5r storlek och ledande position har vi aldrig \u00f6vergett v\u00e5r grundfilosofi, att vara en personlig leverant\u00f6r. Vi p\u00e5 C-PRO \u00e4r l\u00e4tta att komma i kontakt med, \u00e4rliga och brinner f\u00f6r att l\u00f6sa v\u00e5ra kunders problem.\",\"email\":\"info@c-profil.se\",\"telephone\":\"031575785\",\"legalName\":\"C-Profil F\u00f6rl\u00e4ggningsmaterial AB\",\"foundingDate\":\"1987-01-01\"}]}<\/script>\n<meta property=\"product:brand\" content=\"apparatsk\u00e5p\" \/>\n<meta property=\"product:price:currency\" content=\"SEK\" \/>\n<meta property=\"og:availability\" content=\"instock\" \/>\n<meta property=\"product:availability\" content=\"instock\" \/>\n<meta property=\"product:retailer_item_id\" content=\"E COMP X\" \/>\n<meta property=\"product:condition\" content=\"new\" \/>\n<!-- \/ Yoast SEO Premium plugin. -->","yoast_head_json":{"title":"Equipment cabinet E COMP X- C-Pro - Stainless steel cabinet for industrial applications","description":"The E COMP X enclosure is a fully welded compact wall and\/or floor cabinet made of 1.5 mm thick AISI304L or AISI 316L stainless steel sheet. Read More!","robots":{"index":"index","follow":"follow","max-snippet":"max-snippet:-1","max-image-preview":"max-image-preview:large","max-video-preview":"max-video-preview:-1"},"canonical":"https:\/\/c-profil.se\/english\/product\/cabinet-ecomp-x\/","og_locale":"en_US","og_type":"article","og_title":"Apparatsk\u00e5p | E COMP X - C-Pro","og_description":"Apparatsk\u00e5p E COMP X \u00e4r ett helsvetsat kompakt v\u00e4ggsk\u00e5p och\/eller golvsk\u00e5p med struktur tillverkad i 1,5 mm tjock AISl304L rostfri st\u00e5lpl\u00e5t (AISI 316L p\u00e5 beg\u00e4ran). Apparatsk\u00e5p \/ E COMP X representerar den idealiska l\u00f6sningen f\u00f6r att m\u00f6ta behovet av en kompakt l\u00f6sning f\u00f6r b\u00e5de frist\u00e5ende och v\u00e4ggmonterade applikationer. Den har en avancerad design, ett innovativt l\u00e5ssystem och en perfekt \u00f6verensst\u00e4mmelse med industristandarder. E COMP X, med soliditet och ergonomisk design, \u00e4r f\u00f6rsedd med modul\u00e4r kabelgenomf\u00f6ring och passar med ETA-standardtillbeh\u00f6r. Kompakt l\u00f6sning i rostfritt st\u00e5l med enkel- eller dubbeld\u00f6rr.   Skyddsniv\u00e5 garanterad av tv\u00e5komponent silikonskumt\u00e4tning  Leveransen inkluderar:   Kapsling med enkel- eller dubbeld\u00f6rr  Spakman\u00f6vrerat 3,0mm diam. dubbelst\u00e5ngsl\u00e5ssystem  F\u00f6rstyvningsprofiler och silikont\u00e4tning  Frontinsatt monteringsplatta  Justerbar kabelgenomf\u00f6ring.  &nbsp;","og_url":"https:\/\/c-profil.se\/english\/product\/cabinet-ecomp-x\/","og_site_name":"C-Pro","article_publisher":"https:\/\/www.facebook.com\/people\/C-Pro\/61561767306874\/","article_modified_time":"2026-04-21T09:47:57+00:00","og_image":[{"width":1000,"height":1000,"url":"https:\/\/c-profil.se\/wp-content\/uploads\/2018\/03\/Apparatskap-ECOMP-X-1.jpg","type":"image\/jpeg"}],"twitter_card":"summary_large_image","twitter_misc":{"Price":"","Availability":"In stock"},"schema":{"@context":"https:\/\/schema.org","@graph":[{"@type":"WebPage","@id":"https:\/\/c-profil.se\/produkt\/apparatskap-ecomp-x\/","url":"https:\/\/c-profil.se\/produkt\/apparatskap-ecomp-x\/","name":"Equipment cabinet E COMP X- C-Pro - Stainless steel cabinet for industrial applications","isPartOf":{"@id":"https:\/\/c-profil.se\/#website"},"primaryImageOfPage":{"@id":"https:\/\/c-profil.se\/produkt\/apparatskap-ecomp-x\/#primaryimage"},"image":{"@id":"https:\/\/c-profil.se\/produkt\/apparatskap-ecomp-x\/#primaryimage"},"thumbnailUrl":"https:\/\/c-profil.se\/wp-content\/uploads\/2018\/03\/Apparatskap-ECOMP-X-1.jpg","datePublished":"2018-03-08T13:17:00+00:00","dateModified":"2026-04-21T09:47:57+00:00","description":"The E COMP X enclosure is a fully welded compact wall and\/or floor cabinet made of 1.5 mm thick AISI304L or AISI 316L stainless steel sheet. Read More!","breadcrumb":{"@id":"https:\/\/c-profil.se\/produkt\/apparatskap-ecomp-x\/#breadcrumb"},"inLanguage":"en","potentialAction":[{"@type":"ReadAction","target":["https:\/\/c-profil.se\/produkt\/apparatskap-ecomp-x\/"]}]},{"@type":"ImageObject","inLanguage":"en","@id":"https:\/\/c-profil.se\/produkt\/apparatskap-ecomp-x\/#primaryimage","url":"https:\/\/c-profil.se\/wp-content\/uploads\/2018\/03\/Apparatskap-ECOMP-X-1.jpg","contentUrl":"https:\/\/c-profil.se\/wp-content\/uploads\/2018\/03\/Apparatskap-ECOMP-X-1.jpg","width":1000,"height":1000,"caption":"Apparatsk\u00e5p ECOMP X"},{"@type":"BreadcrumbList","@id":"https:\/\/c-profil.se\/produkt\/apparatskap-ecomp-x\/#breadcrumb","itemListElement":[{"@type":"ListItem","position":1,"name":"Hem","item":"https:\/\/c-profil.se\/"},{"@type":"ListItem","position":2,"name":"Produkter","item":"https:\/\/c-profil.se\/produkter\/"},{"@type":"ListItem","position":3,"name":"Apparatsk\u00e5p i Rostfritt St\u00e5l","item":"https:\/\/c-profil.se\/produkt-kategori\/apparatskap-rostfritt\/"},{"@type":"ListItem","position":4,"name":"Apparatsk\u00e5p | E COMP X"}]},{"@type":"WebSite","@id":"https:\/\/c-profil.se\/#website","url":"https:\/\/c-profil.se\/","name":"C-Pro","description":"Products for Electricity and Automation","publisher":{"@id":"https:\/\/c-profil.se\/#organization"},"potentialAction":[{"@type":"SearchAction","target":{"@type":"EntryPoint","urlTemplate":"https:\/\/c-profil.se\/?s={search_term_string}"},"query-input":{"@type":"PropertyValueSpecification","valueRequired":true,"valueName":"search_term_string"}}],"inLanguage":"en"},{"@type":"Organization","@id":"https:\/\/c-profil.se\/#organization","name":"C-Pro","alternateName":"C-PRO","url":"https:\/\/c-profil.se\/","logo":{"@type":"ImageObject","inLanguage":"en","@id":"https:\/\/c-profil.se\/#\/schema\/logo\/image\/","url":"https:\/\/c-profil.se\/wp-content\/uploads\/2022\/03\/c-pro-logga-liggande-500x500-1.png","contentUrl":"https:\/\/c-profil.se\/wp-content\/uploads\/2022\/03\/c-pro-logga-liggande-500x500-1.png","width":500,"height":500,"caption":"C-Pro"},"image":{"@id":"https:\/\/c-profil.se\/#\/schema\/logo\/image\/"},"sameAs":["https:\/\/www.facebook.com\/people\/C-Pro\/61561767306874\/","https:\/\/www.linkedin.com\/company\/c-pro-ab","https:\/\/www.instagram.com\/cpro.ab\/"],"description":"C-PRO AB is a comprehensive supplier of materials for applications in electricity and automation. Ever since the start in 1987, we have supplied the Swedish manufacturing industry with electrical materials. Despite our size and leading position, we have never abandoned our basic philosophy, to be a personal supplier. We at C-PRO are easy to get in touch with, honest and passionate about solving our customers&#039; problems.","email":"info@c-profil.se","telephone":"031575785","legalName":"C-Profil F\u00f6rl\u00e4ggningsmaterial AB","foundingDate":"1987-01-01"}]},"product_brand":"apparatsk\u00e5p","product_price_currency":"SEK","og_availability":"instock","product_availability":"instock","product_retailer_item_id":"E COMP X","product_condition":"new"},"_links":{"self":[{"href":"https:\/\/c-profil.se\/english\/wp-json\/wp\/v2\/product\/24532","targetHints":{"allow":["GET"]}}],"collection":[{"href":"https:\/\/c-profil.se\/english\/wp-json\/wp\/v2\/product"}],"about":[{"href":"https:\/\/c-profil.se\/english\/wp-json\/wp\/v2\/types\/product"}],"version-history":[{"count":15,"href":"https:\/\/c-profil.se\/english\/wp-json\/wp\/v2\/product\/24532\/revisions"}],"predecessor-version":[{"id":75072,"href":"https:\/\/c-profil.se\/english\/wp-json\/wp\/v2\/product\/24532\/revisions\/75072"}],"wp:featuredmedia":[{"embeddable":true,"href":"https:\/\/c-profil.se\/english\/wp-json\/wp\/v2\/media\/72375"}],"wp:attachment":[{"href":"https:\/\/c-profil.se\/english\/wp-json\/wp\/v2\/media?parent=24532"}],"wp:term":[{"taxonomy":"product_brand","embeddable":true,"href":"https:\/\/c-profil.se\/english\/wp-json\/wp\/v2\/product_brand?post=24532"},{"taxonomy":"product_cat","embeddable":true,"href":"https:\/\/c-profil.se\/english\/wp-json\/wp\/v2\/product_cat?post=24532"},{"taxonomy":"product_tag","embeddable":true,"href":"https:\/\/c-profil.se\/english\/wp-json\/wp\/v2\/product_tag?post=24532"}],"curies":[{"name":"wp","href":"https:\/\/api.w.org\/{rel}","templated":true}]}}