{"id":24530,"date":"2018-03-08T13:47:00","date_gmt":"2018-03-08T12:47:00","guid":{"rendered":"https:\/\/c-profil.se\/produkt\/rostfritt-golvskap-emox\/"},"modified":"2026-04-21T10:22:31","modified_gmt":"2026-04-21T09:22:31","slug":"cabinet-emox-x","status":"publish","type":"product","link":"https:\/\/c-profil.se\/english\/produkt\/apparatskap-emox-x\/","title":{"rendered":"Cabinet | E MOX X"},"content":{"rendered":"<p><strong>E MOX X is a floor-mounted stainless steel enclosure for industrial installations<\/strong>, developed for environments with high demands on corrosion resistance, hygiene and mechanical strength.<br \/>\nThe cabinet is based on a symmetrical monoblock construction and is supplied with a door, removable rear panel and mounting plate.<\/p>","protected":false},"excerpt":{"rendered":"<p class=\"ai-optimize-32\">The E MOX X stainless steel enclosure is a fully welded floor standing enclosure with removable rear panel and supplied mounting plate. The enclosure is built with a unique symmetrical monoblock structure in stainless steel with welded top, bottom and side panels and a single blank door fitted with an innovative lever-operated locking system. Supplied in 15 standard dimensions with single or double blank doors. The E MOX X offers features such as silicone sealing, door made of stainless steel with shaped corners and handles. The E MOX X has a structure made of 1.5 mm thick AISI304L stainless steel sheet with removable rear panel (AISI 316L on request). Door made of AISI304L stainless steel sheet with stiffening frame (AISI 316L on request).<\/p>\n<ul>\n<li class=\"ai-optimize-33\"><span style=\"color: #212121;\">Protection level guaranteed by two-component silicone foam seal <\/span><\/li>\n<\/ul>\n<p class=\"ai-optimize-34\"><strong>Delivery includes:<\/strong><\/p>\n<ul>\n<li>Mounting plate<\/li>\n<li class=\"ai-optimize-35\">Cabinet with removable back panel<\/li>\n<li class=\"ai-optimize-36\">Door with stiffening frame, shaped corners and complete with diam. 3.0mm double bar lever operated locking system<\/li>\n<li class=\"ai-optimize-37\">Modular and adjustable cable entry with sealing gasket<\/li>\n<li class=\"ai-optimize-38\">Hinge<\/li>\n<\/ul>\n<p><img decoding=\"async\" class=\"alignnone wp-image-55140\" src=\"https:\/\/c-profil.se\/wp-content\/uploads\/2020\/05\/E-MOX-X.png\" alt=\"E MOX X logo\" width=\"300\" height=\"40\" \/><\/p>","protected":false},"featured_media":72368,"template":"","meta":{"_acf_changed":false},"product_brand":[738],"product_cat":[246],"product_tag":[940,944,947,949,943,952,950],"class_list":{"0":"post-24530","1":"product","2":"type-product","3":"status-publish","4":"has-post-thumbnail","6":"product_brand-eta","7":"product_cat-apparatskap-rostfritt","8":"product_tag-apparatskap","9":"product_tag-automation","10":"product_tag-golvmontering","11":"product_tag-hygienisk-miljo","12":"product_tag-korrosiv-miljo","13":"product_tag-kravande-miljo","14":"product_tag-livsmedelsindustri","16":"first","17":"instock","18":"shipping-taxable","19":"product-type-simple"},"acf":[],"yoast_head":"<!-- This site is optimized with the Yoast SEO Premium plugin v27.6 (Yoast SEO v27.6) - https:\/\/yoast.com\/product\/yoast-seo-premium-wordpress\/ -->\n<title>Apparatsk\u00e5p E MOX X Rostfritt med svetsade gavlar - C-Pro<\/title>\n<meta name=\"description\" content=\"Apparatsk\u00e5p E MOX X i rostfritt st\u00e5l \u00e4r ett golvsk\u00e5p med svetsade gavla inklusive montagepl\u00e5t. Stabil monoblockkonstruktion med IP56.\" \/>\n<meta name=\"robots\" content=\"index, follow, max-snippet:-1, max-image-preview:large, max-video-preview:-1\" \/>\n<link rel=\"canonical\" href=\"https:\/\/c-profil.se\/english\/product\/cabinet-emox-x\/\" \/>\n<meta property=\"og:locale\" content=\"en_US\" \/>\n<meta property=\"og:type\" content=\"article\" \/>\n<meta property=\"og:title\" content=\"Apparatsk\u00e5p | E MOX X - C-Pro\" \/>\n<meta property=\"og:description\" content=\"Apparatsk\u00e5p E MOX X i rostfritt st\u00e5l \u00e4r ett helsvetsat golvsk\u00e5p med avtagbar bakpanel och medf\u00f6ljande montagepl\u00e5t. Apparatsk\u00e5pet \u00e4r uppbyggd med en unik symmetrisk monoblockstruktur i rostfritt st\u00e5l med svetsade topp-, botten- och sidopaneler och en enkel blank d\u00f6rr f\u00f6rsedd med ett innovativt spakman\u00f6vrerat l\u00e5ssystem. Levereras i 15st standarddimensioner med enkel eller dubbel blank d\u00f6rr. E MOX X erbjuder egenskaper s\u00e5 som silikont\u00e4tning, d\u00f6rr tillverkad av rostfritt st\u00e5l med formade h\u00f6rn och handtag. E MOX X har en struktur tillverkad av 1,5 mm tjockt AISl304L rostfritt st\u00e5lpl\u00e5t med avtagbar bakpanel (AISI 316L p\u00e5 beg\u00e4ran). D\u00f6rr tillverkad av AISl304L rostfritt st\u00e5lpl\u00e5t med f\u00f6rstyvningsram (AISI 316L p\u00e5 f\u00f6rfr\u00e5gan).    Skyddsniv\u00e5 garanterad av tv\u00e5komponents silikonskumt\u00e4tning   Leveransen inkluderar:    Montagepl\u00e5t  Sk\u00e5p med avtagbar bakpanel  D\u00f6rr med f\u00f6rstyvande ram, formade h\u00f6rn och komplett med diam. 3,0 mm spakman\u00f6vrerat l\u00e5ssystem med dubbelst\u00e5ng  Modul\u00e4r och justerbar kabelgenomf\u00f6ring med t\u00e4tande packning  G\u00e5ngj\u00e4rn\" \/>\n<meta property=\"og:url\" content=\"https:\/\/c-profil.se\/english\/product\/cabinet-emox-x\/\" \/>\n<meta property=\"og:site_name\" content=\"C-Pro\" \/>\n<meta property=\"article:publisher\" content=\"https:\/\/www.facebook.com\/people\/C-Pro\/61561767306874\/\" \/>\n<meta property=\"article:modified_time\" content=\"2026-04-21T09:22:31+00:00\" \/>\n<meta property=\"og:image\" content=\"https:\/\/c-profil.se\/wp-content\/uploads\/2018\/03\/Apparatskap-EMOX-X.jpg\" \/>\n\t<meta property=\"og:image:width\" content=\"1000\" \/>\n\t<meta property=\"og:image:height\" content=\"1000\" \/>\n\t<meta property=\"og:image:type\" content=\"image\/jpeg\" \/>\n<meta name=\"twitter:card\" content=\"summary_large_image\" \/>\n<meta name=\"twitter:label1\" content=\"Price\" \/>\n\t<meta name=\"twitter:data1\" content=\"\" \/>\n\t<meta name=\"twitter:label2\" content=\"Availability\" \/>\n\t<meta name=\"twitter:data2\" content=\"In stock\" \/>\n<script type=\"application\/ld+json\" class=\"yoast-schema-graph\">{\"@context\":\"https:\\\/\\\/schema.org\",\"@graph\":[{\"@type\":\"WebPage\",\"@id\":\"https:\\\/\\\/c-profil.se\\\/produkt\\\/apparatskap-emox-x\\\/\",\"url\":\"https:\\\/\\\/c-profil.se\\\/produkt\\\/apparatskap-emox-x\\\/\",\"name\":\"Apparatsk\u00e5p E MOX X Rostfritt med svetsade gavlar - C-Pro\",\"isPartOf\":{\"@id\":\"https:\\\/\\\/c-profil.se\\\/#website\"},\"primaryImageOfPage\":{\"@id\":\"https:\\\/\\\/c-profil.se\\\/produkt\\\/apparatskap-emox-x\\\/#primaryimage\"},\"image\":{\"@id\":\"https:\\\/\\\/c-profil.se\\\/produkt\\\/apparatskap-emox-x\\\/#primaryimage\"},\"thumbnailUrl\":\"https:\\\/\\\/c-profil.se\\\/wp-content\\\/uploads\\\/2018\\\/03\\\/Apparatskap-EMOX-X.jpg\",\"datePublished\":\"2018-03-08T12:47:00+00:00\",\"dateModified\":\"2026-04-21T09:22:31+00:00\",\"description\":\"Apparatsk\u00e5p E MOX X i rostfritt st\u00e5l \u00e4r ett golvsk\u00e5p med svetsade gavla inklusive montagepl\u00e5t. Stabil monoblockkonstruktion med IP56.\",\"breadcrumb\":{\"@id\":\"https:\\\/\\\/c-profil.se\\\/produkt\\\/apparatskap-emox-x\\\/#breadcrumb\"},\"inLanguage\":\"en\",\"potentialAction\":[{\"@type\":\"ReadAction\",\"target\":[\"https:\\\/\\\/c-profil.se\\\/produkt\\\/apparatskap-emox-x\\\/\"]}]},{\"@type\":\"ImageObject\",\"inLanguage\":\"en\",\"@id\":\"https:\\\/\\\/c-profil.se\\\/produkt\\\/apparatskap-emox-x\\\/#primaryimage\",\"url\":\"https:\\\/\\\/c-profil.se\\\/wp-content\\\/uploads\\\/2018\\\/03\\\/Apparatskap-EMOX-X.jpg\",\"contentUrl\":\"https:\\\/\\\/c-profil.se\\\/wp-content\\\/uploads\\\/2018\\\/03\\\/Apparatskap-EMOX-X.jpg\",\"width\":1000,\"height\":1000,\"caption\":\"Apparatsk\u00e5p EMOX X\"},{\"@type\":\"BreadcrumbList\",\"@id\":\"https:\\\/\\\/c-profil.se\\\/produkt\\\/apparatskap-emox-x\\\/#breadcrumb\",\"itemListElement\":[{\"@type\":\"ListItem\",\"position\":1,\"name\":\"Hem\",\"item\":\"https:\\\/\\\/c-profil.se\\\/\"},{\"@type\":\"ListItem\",\"position\":2,\"name\":\"Produkter\",\"item\":\"https:\\\/\\\/c-profil.se\\\/produkter\\\/\"},{\"@type\":\"ListItem\",\"position\":3,\"name\":\"Apparatsk\u00e5p i Rostfritt St\u00e5l\",\"item\":\"https:\\\/\\\/c-profil.se\\\/produkt-kategori\\\/apparatskap-rostfritt\\\/\"},{\"@type\":\"ListItem\",\"position\":4,\"name\":\"Apparatsk\u00e5p | E MOX X\"}]},{\"@type\":\"WebSite\",\"@id\":\"https:\\\/\\\/c-profil.se\\\/#website\",\"url\":\"https:\\\/\\\/c-profil.se\\\/\",\"name\":\"C-Pro\",\"description\":\"Produkter f\u00f6r El och Automation\",\"publisher\":{\"@id\":\"https:\\\/\\\/c-profil.se\\\/#organization\"},\"potentialAction\":[{\"@type\":\"SearchAction\",\"target\":{\"@type\":\"EntryPoint\",\"urlTemplate\":\"https:\\\/\\\/c-profil.se\\\/?s={search_term_string}\"},\"query-input\":{\"@type\":\"PropertyValueSpecification\",\"valueRequired\":true,\"valueName\":\"search_term_string\"}}],\"inLanguage\":\"en\"},{\"@type\":\"Organization\",\"@id\":\"https:\\\/\\\/c-profil.se\\\/#organization\",\"name\":\"C-Pro\",\"alternateName\":\"C-PRO\",\"url\":\"https:\\\/\\\/c-profil.se\\\/\",\"logo\":{\"@type\":\"ImageObject\",\"inLanguage\":\"en\",\"@id\":\"https:\\\/\\\/c-profil.se\\\/#\\\/schema\\\/logo\\\/image\\\/\",\"url\":\"https:\\\/\\\/c-profil.se\\\/wp-content\\\/uploads\\\/2022\\\/03\\\/c-pro-logga-liggande-500x500-1.png\",\"contentUrl\":\"https:\\\/\\\/c-profil.se\\\/wp-content\\\/uploads\\\/2022\\\/03\\\/c-pro-logga-liggande-500x500-1.png\",\"width\":500,\"height\":500,\"caption\":\"C-Pro\"},\"image\":{\"@id\":\"https:\\\/\\\/c-profil.se\\\/#\\\/schema\\\/logo\\\/image\\\/\"},\"sameAs\":[\"https:\\\/\\\/www.facebook.com\\\/people\\\/C-Pro\\\/61561767306874\\\/\",\"https:\\\/\\\/www.linkedin.com\\\/company\\\/c-pro-ab\",\"https:\\\/\\\/www.instagram.com\\\/cpro.ab\\\/\"],\"description\":\"C-PRO AB \u00e4r en helt\u00e4ckande leverant\u00f6r av material f\u00f6r applikationer inom el och automation. \u00c4nda sedan starten 1987 har vi f\u00f6rsett den svenska tillverkande industrin med elmaterial. Trots v\u00e5r storlek och ledande position har vi aldrig \u00f6vergett v\u00e5r grundfilosofi, att vara en personlig leverant\u00f6r. Vi p\u00e5 C-PRO \u00e4r l\u00e4tta att komma i kontakt med, \u00e4rliga och brinner f\u00f6r att l\u00f6sa v\u00e5ra kunders problem.\",\"email\":\"info@c-profil.se\",\"telephone\":\"031575785\",\"legalName\":\"C-Profil F\u00f6rl\u00e4ggningsmaterial AB\",\"foundingDate\":\"1987-01-01\"}]}<\/script>\n<meta property=\"product:brand\" content=\"apparatsk\u00e5p\" \/>\n<meta property=\"product:price:currency\" content=\"SEK\" \/>\n<meta property=\"og:availability\" content=\"instock\" \/>\n<meta property=\"product:availability\" content=\"instock\" \/>\n<meta property=\"product:retailer_item_id\" content=\"E MOX X\" \/>\n<meta property=\"product:condition\" content=\"new\" \/>\n<!-- \/ Yoast SEO Premium plugin. -->","yoast_head_json":{"title":"Control cabinet E MOX X Stainless with welded ends - C-Pro","description":"The E MOX X stainless steel cabinet is a floor-standing cabinet with welded end panels including mounting plate. Stable monoblock construction with IP56.","robots":{"index":"index","follow":"follow","max-snippet":"max-snippet:-1","max-image-preview":"max-image-preview:large","max-video-preview":"max-video-preview:-1"},"canonical":"https:\/\/c-profil.se\/english\/product\/cabinet-emox-x\/","og_locale":"en_US","og_type":"article","og_title":"Apparatsk\u00e5p | E MOX X - C-Pro","og_description":"Apparatsk\u00e5p E MOX X i rostfritt st\u00e5l \u00e4r ett helsvetsat golvsk\u00e5p med avtagbar bakpanel och medf\u00f6ljande montagepl\u00e5t. Apparatsk\u00e5pet \u00e4r uppbyggd med en unik symmetrisk monoblockstruktur i rostfritt st\u00e5l med svetsade topp-, botten- och sidopaneler och en enkel blank d\u00f6rr f\u00f6rsedd med ett innovativt spakman\u00f6vrerat l\u00e5ssystem. Levereras i 15st standarddimensioner med enkel eller dubbel blank d\u00f6rr. E MOX X erbjuder egenskaper s\u00e5 som silikont\u00e4tning, d\u00f6rr tillverkad av rostfritt st\u00e5l med formade h\u00f6rn och handtag. E MOX X har en struktur tillverkad av 1,5 mm tjockt AISl304L rostfritt st\u00e5lpl\u00e5t med avtagbar bakpanel (AISI 316L p\u00e5 beg\u00e4ran). D\u00f6rr tillverkad av AISl304L rostfritt st\u00e5lpl\u00e5t med f\u00f6rstyvningsram (AISI 316L p\u00e5 f\u00f6rfr\u00e5gan).    Skyddsniv\u00e5 garanterad av tv\u00e5komponents silikonskumt\u00e4tning   Leveransen inkluderar:    Montagepl\u00e5t  Sk\u00e5p med avtagbar bakpanel  D\u00f6rr med f\u00f6rstyvande ram, formade h\u00f6rn och komplett med diam. 3,0 mm spakman\u00f6vrerat l\u00e5ssystem med dubbelst\u00e5ng  Modul\u00e4r och justerbar kabelgenomf\u00f6ring med t\u00e4tande packning  G\u00e5ngj\u00e4rn","og_url":"https:\/\/c-profil.se\/english\/product\/cabinet-emox-x\/","og_site_name":"C-Pro","article_publisher":"https:\/\/www.facebook.com\/people\/C-Pro\/61561767306874\/","article_modified_time":"2026-04-21T09:22:31+00:00","og_image":[{"width":1000,"height":1000,"url":"https:\/\/c-profil.se\/wp-content\/uploads\/2018\/03\/Apparatskap-EMOX-X.jpg","type":"image\/jpeg"}],"twitter_card":"summary_large_image","twitter_misc":{"Price":"","Availability":"In stock"},"schema":{"@context":"https:\/\/schema.org","@graph":[{"@type":"WebPage","@id":"https:\/\/c-profil.se\/produkt\/apparatskap-emox-x\/","url":"https:\/\/c-profil.se\/produkt\/apparatskap-emox-x\/","name":"Control cabinet E MOX X Stainless with welded ends - C-Pro","isPartOf":{"@id":"https:\/\/c-profil.se\/#website"},"primaryImageOfPage":{"@id":"https:\/\/c-profil.se\/produkt\/apparatskap-emox-x\/#primaryimage"},"image":{"@id":"https:\/\/c-profil.se\/produkt\/apparatskap-emox-x\/#primaryimage"},"thumbnailUrl":"https:\/\/c-profil.se\/wp-content\/uploads\/2018\/03\/Apparatskap-EMOX-X.jpg","datePublished":"2018-03-08T12:47:00+00:00","dateModified":"2026-04-21T09:22:31+00:00","description":"The E MOX X stainless steel cabinet is a floor-standing cabinet with welded end panels including mounting plate. Stable monoblock construction with IP56.","breadcrumb":{"@id":"https:\/\/c-profil.se\/produkt\/apparatskap-emox-x\/#breadcrumb"},"inLanguage":"en","potentialAction":[{"@type":"ReadAction","target":["https:\/\/c-profil.se\/produkt\/apparatskap-emox-x\/"]}]},{"@type":"ImageObject","inLanguage":"en","@id":"https:\/\/c-profil.se\/produkt\/apparatskap-emox-x\/#primaryimage","url":"https:\/\/c-profil.se\/wp-content\/uploads\/2018\/03\/Apparatskap-EMOX-X.jpg","contentUrl":"https:\/\/c-profil.se\/wp-content\/uploads\/2018\/03\/Apparatskap-EMOX-X.jpg","width":1000,"height":1000,"caption":"Apparatsk\u00e5p EMOX X"},{"@type":"BreadcrumbList","@id":"https:\/\/c-profil.se\/produkt\/apparatskap-emox-x\/#breadcrumb","itemListElement":[{"@type":"ListItem","position":1,"name":"Hem","item":"https:\/\/c-profil.se\/"},{"@type":"ListItem","position":2,"name":"Produkter","item":"https:\/\/c-profil.se\/produkter\/"},{"@type":"ListItem","position":3,"name":"Apparatsk\u00e5p i Rostfritt St\u00e5l","item":"https:\/\/c-profil.se\/produkt-kategori\/apparatskap-rostfritt\/"},{"@type":"ListItem","position":4,"name":"Apparatsk\u00e5p | E MOX X"}]},{"@type":"WebSite","@id":"https:\/\/c-profil.se\/#website","url":"https:\/\/c-profil.se\/","name":"C-Pro","description":"Products for Electricity and Automation","publisher":{"@id":"https:\/\/c-profil.se\/#organization"},"potentialAction":[{"@type":"SearchAction","target":{"@type":"EntryPoint","urlTemplate":"https:\/\/c-profil.se\/?s={search_term_string}"},"query-input":{"@type":"PropertyValueSpecification","valueRequired":true,"valueName":"search_term_string"}}],"inLanguage":"en"},{"@type":"Organization","@id":"https:\/\/c-profil.se\/#organization","name":"C-Pro","alternateName":"C-PRO","url":"https:\/\/c-profil.se\/","logo":{"@type":"ImageObject","inLanguage":"en","@id":"https:\/\/c-profil.se\/#\/schema\/logo\/image\/","url":"https:\/\/c-profil.se\/wp-content\/uploads\/2022\/03\/c-pro-logga-liggande-500x500-1.png","contentUrl":"https:\/\/c-profil.se\/wp-content\/uploads\/2022\/03\/c-pro-logga-liggande-500x500-1.png","width":500,"height":500,"caption":"C-Pro"},"image":{"@id":"https:\/\/c-profil.se\/#\/schema\/logo\/image\/"},"sameAs":["https:\/\/www.facebook.com\/people\/C-Pro\/61561767306874\/","https:\/\/www.linkedin.com\/company\/c-pro-ab","https:\/\/www.instagram.com\/cpro.ab\/"],"description":"C-PRO AB is a comprehensive supplier of materials for applications in electricity and automation. Ever since the start in 1987, we have supplied the Swedish manufacturing industry with electrical materials. Despite our size and leading position, we have never abandoned our basic philosophy, to be a personal supplier. We at C-PRO are easy to get in touch with, honest and passionate about solving our customers&#039; problems.","email":"info@c-profil.se","telephone":"031575785","legalName":"C-Profil F\u00f6rl\u00e4ggningsmaterial AB","foundingDate":"1987-01-01"}]},"product_brand":"apparatsk\u00e5p","product_price_currency":"SEK","og_availability":"instock","product_availability":"instock","product_retailer_item_id":"E MOX X","product_condition":"new"},"_links":{"self":[{"href":"https:\/\/c-profil.se\/english\/wp-json\/wp\/v2\/product\/24530","targetHints":{"allow":["GET"]}}],"collection":[{"href":"https:\/\/c-profil.se\/english\/wp-json\/wp\/v2\/product"}],"about":[{"href":"https:\/\/c-profil.se\/english\/wp-json\/wp\/v2\/types\/product"}],"version-history":[{"count":22,"href":"https:\/\/c-profil.se\/english\/wp-json\/wp\/v2\/product\/24530\/revisions"}],"predecessor-version":[{"id":75071,"href":"https:\/\/c-profil.se\/english\/wp-json\/wp\/v2\/product\/24530\/revisions\/75071"}],"wp:featuredmedia":[{"embeddable":true,"href":"https:\/\/c-profil.se\/english\/wp-json\/wp\/v2\/media\/72368"}],"wp:attachment":[{"href":"https:\/\/c-profil.se\/english\/wp-json\/wp\/v2\/media?parent=24530"}],"wp:term":[{"taxonomy":"product_brand","embeddable":true,"href":"https:\/\/c-profil.se\/english\/wp-json\/wp\/v2\/product_brand?post=24530"},{"taxonomy":"product_cat","embeddable":true,"href":"https:\/\/c-profil.se\/english\/wp-json\/wp\/v2\/product_cat?post=24530"},{"taxonomy":"product_tag","embeddable":true,"href":"https:\/\/c-profil.se\/english\/wp-json\/wp\/v2\/product_tag?post=24530"}],"curies":[{"name":"wp","href":"https:\/\/api.w.org\/{rel}","templated":true}]}}