{"id":24528,"date":"2018-03-08T09:52:00","date_gmt":"2018-03-08T08:52:00","guid":{"rendered":"https:\/\/c-profil.se\/produkt\/rostfritt-golvskap-enux\/"},"modified":"2026-03-19T15:37:50","modified_gmt":"2026-03-19T14:37:50","slug":"cabinet-enux-x","status":"publish","type":"product","link":"https:\/\/c-profil.se\/english\/produkt\/apparatskap-enux-x\/","title":{"rendered":"Cabinet | E NUX X"},"content":{"rendered":"<p><strong>E NUX X is a floor-mounted stainless steel enclosure for industrial installations<\/strong>, developed for applications with high demands on corrosion resistance, hygiene and mechanical strength.<br \/>\nThe series is based on the modular design of the E NUX concept and comes with a door, back panel and roof for flexible system construction.<\/p>","protected":false},"excerpt":{"rendered":"<p class=\"ai-optimize-26\">The E NUX X enclosures are a range of stainless steel floor standing enclosures. The enclosures are designed and manufactured according to the new concept typical of E NUX. 30 standard dimensions available with blank or plexiglass doors, supplied with single or double doors in rigid structure. Available in both AISI304L and (AISI316L materials on request). The profile used for the frames and crosspieces is unique, fully welded and free from sharp edges. The base is created in one piece with a box-type structure made of press-bent welded profiles, while the frame corners are made of AISI316L. ENUX X offers the technical features introduced with the new stainless steel range. With silicone sealing, stainless steel doors with shaped corners. Components made of stainless steel, new packaging.<\/p>\n<ul>\n<li class=\"ai-optimize-27\">Level of protection guaranteed by two-component silicone foam seal<\/li>\n<\/ul>\n<p class=\"ai-optimize-28\"><strong>Delivery includes:<\/strong><\/p>\n<ul>\n<li class=\"ai-optimize-29\">Roof and back panel<\/li>\n<li class=\"ai-optimize-30\">Blank door with shaped corners fitted with a stiffening tube frame<\/li>\n<li class=\"ai-optimize-31\">3.0mm diam. double bar lever operated locking system<\/li>\n<li class=\"ai-optimize-32\">Bottom with modular and adjustable cable entry and gasket<\/li>\n<\/ul>\n<p><img decoding=\"async\" class=\"alignnone wp-image-55132\" src=\"https:\/\/c-profil.se\/wp-content\/uploads\/2018\/03\/ENUX-X.png\" alt=\"E NUX X logo\" width=\"300\" height=\"40\" \/><\/p>","protected":false},"featured_media":72362,"template":"","meta":{"_acf_changed":false},"product_brand":[738],"product_cat":[246],"product_tag":[940,944,947,949,943,952,950,948],"class_list":{"0":"post-24528","1":"product","2":"type-product","3":"status-publish","4":"has-post-thumbnail","6":"product_brand-eta","7":"product_cat-apparatskap-rostfritt","8":"product_tag-apparatskap","9":"product_tag-automation","10":"product_tag-golvmontering","11":"product_tag-hygienisk-miljo","12":"product_tag-korrosiv-miljo","13":"product_tag-kravande-miljo","14":"product_tag-livsmedelsindustri","15":"product_tag-moduluppbyggnad","17":"first","18":"instock","19":"shipping-taxable","20":"product-type-simple"},"acf":[],"yoast_head":"<!-- This site is optimized with the Yoast SEO Premium plugin v27.6 (Yoast SEO v27.6) - https:\/\/yoast.com\/product\/yoast-seo-premium-wordpress\/ -->\n<title>Apparatsk\u00e5p E NUX X Rostfritt Golvsk\u00e5p - C-Pro<\/title>\n<meta name=\"description\" content=\"Apparatsk\u00e5p E NUX X \u00e4r ett golvsk\u00e5p i rostfritt st\u00e5l som \u00e4r konstruerat enligt det nya konceptet som \u00e4r typiskt f\u00f6r E NUX. Finns i AISI304L och AISI316L,\" \/>\n<meta name=\"robots\" content=\"index, follow, max-snippet:-1, max-image-preview:large, max-video-preview:-1\" \/>\n<link rel=\"canonical\" href=\"https:\/\/c-profil.se\/english\/product\/cabinet-enux-x\/\" \/>\n<meta property=\"og:locale\" content=\"en_US\" \/>\n<meta property=\"og:type\" content=\"article\" \/>\n<meta property=\"og:title\" content=\"Apparatsk\u00e5p | E NUX X - C-Pro\" \/>\n<meta property=\"og:description\" content=\"Apparatsk\u00e5p E NUX X \u00e4r ett sortiment av golvsk\u00e5p i rostfritt st\u00e5l. Golvsk\u00e5pen \u00e4r konstruerade och tillverkade enligt det nya konceptet som \u00e4r typiskt f\u00f6r E NUX. 30st standarddimensioner tillg\u00e4ngliga med blank eller plexid\u00f6rr, levererad med enkel eller dubbeld\u00f6rr i styv struktur. Tillg\u00e4ngliga i b\u00e5de AISI304L och (AISI316L material p\u00e5 beg\u00e4ran). Profilen som anv\u00e4nds f\u00f6r stativ och korsstycken \u00e4r unik, helsvetsad och fri fr\u00e5n skarpa kanter. Botten \u00e4r skapad ur enda bit med box-typ struktur tillverkade av pressb\u00f6jda svetsade profiler, medans ramens h\u00f6rn \u00e4r tillverkade med AISI316L. ENUX X erbjuder de tekniska funktionerna som introduceras med den nya rostfria sortimentet. Med silikonf\u00f6rsegling, rostfria st\u00e5ld\u00f6rrar med formade h\u00f6rn. Komponenter tillverkade i rostfritt utf\u00f6rande, ny f\u00f6rpackning.    Skyddsniv\u00e5 garanterad av tv\u00e5komponent silikonskumt\u00e4tning  Leveransen inkluderar:    Tak och bakpanel  Blank d\u00f6rr med formade h\u00f6rn f\u00f6rsedd med f\u00f6rstyvande r\u00f6rram  3,0mm diam. dubbelst\u00e5ng spakman\u00f6vrerat l\u00e5ssystem  Botten med modul\u00e4r och justerbar kabelgenomf\u00f6ring och packning\" \/>\n<meta property=\"og:url\" content=\"https:\/\/c-profil.se\/english\/product\/cabinet-enux-x\/\" \/>\n<meta property=\"og:site_name\" content=\"C-Pro\" \/>\n<meta property=\"article:publisher\" content=\"https:\/\/www.facebook.com\/people\/C-Pro\/61561767306874\/\" \/>\n<meta property=\"article:modified_time\" content=\"2026-03-19T14:37:50+00:00\" \/>\n<meta property=\"og:image\" content=\"https:\/\/c-profil.se\/wp-content\/uploads\/2018\/03\/Apparatskap-ENUX-X.jpg\" \/>\n\t<meta property=\"og:image:width\" content=\"1000\" \/>\n\t<meta property=\"og:image:height\" content=\"1000\" \/>\n\t<meta property=\"og:image:type\" content=\"image\/jpeg\" \/>\n<meta name=\"twitter:card\" content=\"summary_large_image\" \/>\n<meta name=\"twitter:label1\" content=\"Price\" \/>\n\t<meta name=\"twitter:data1\" content=\"\" \/>\n\t<meta name=\"twitter:label2\" content=\"Availability\" \/>\n\t<meta name=\"twitter:data2\" content=\"In stock\" \/>\n<script type=\"application\/ld+json\" class=\"yoast-schema-graph\">{\"@context\":\"https:\\\/\\\/schema.org\",\"@graph\":[{\"@type\":\"WebPage\",\"@id\":\"https:\\\/\\\/c-profil.se\\\/produkt\\\/apparatskap-enux-x\\\/\",\"url\":\"https:\\\/\\\/c-profil.se\\\/produkt\\\/apparatskap-enux-x\\\/\",\"name\":\"Apparatsk\u00e5p E NUX X Rostfritt Golvsk\u00e5p - C-Pro\",\"isPartOf\":{\"@id\":\"https:\\\/\\\/c-profil.se\\\/#website\"},\"primaryImageOfPage\":{\"@id\":\"https:\\\/\\\/c-profil.se\\\/produkt\\\/apparatskap-enux-x\\\/#primaryimage\"},\"image\":{\"@id\":\"https:\\\/\\\/c-profil.se\\\/produkt\\\/apparatskap-enux-x\\\/#primaryimage\"},\"thumbnailUrl\":\"https:\\\/\\\/c-profil.se\\\/wp-content\\\/uploads\\\/2018\\\/03\\\/Apparatskap-ENUX-X.jpg\",\"datePublished\":\"2018-03-08T08:52:00+00:00\",\"dateModified\":\"2026-03-19T14:37:50+00:00\",\"description\":\"Apparatsk\u00e5p E NUX X \u00e4r ett golvsk\u00e5p i rostfritt st\u00e5l som \u00e4r konstruerat enligt det nya konceptet som \u00e4r typiskt f\u00f6r E NUX. Finns i AISI304L och AISI316L,\",\"breadcrumb\":{\"@id\":\"https:\\\/\\\/c-profil.se\\\/produkt\\\/apparatskap-enux-x\\\/#breadcrumb\"},\"inLanguage\":\"en\",\"potentialAction\":[{\"@type\":\"ReadAction\",\"target\":[\"https:\\\/\\\/c-profil.se\\\/produkt\\\/apparatskap-enux-x\\\/\"]}]},{\"@type\":\"ImageObject\",\"inLanguage\":\"en\",\"@id\":\"https:\\\/\\\/c-profil.se\\\/produkt\\\/apparatskap-enux-x\\\/#primaryimage\",\"url\":\"https:\\\/\\\/c-profil.se\\\/wp-content\\\/uploads\\\/2018\\\/03\\\/Apparatskap-ENUX-X.jpg\",\"contentUrl\":\"https:\\\/\\\/c-profil.se\\\/wp-content\\\/uploads\\\/2018\\\/03\\\/Apparatskap-ENUX-X.jpg\",\"width\":1000,\"height\":1000,\"caption\":\"Apparatsk\u00e5p ENUX X\"},{\"@type\":\"BreadcrumbList\",\"@id\":\"https:\\\/\\\/c-profil.se\\\/produkt\\\/apparatskap-enux-x\\\/#breadcrumb\",\"itemListElement\":[{\"@type\":\"ListItem\",\"position\":1,\"name\":\"Hem\",\"item\":\"https:\\\/\\\/c-profil.se\\\/\"},{\"@type\":\"ListItem\",\"position\":2,\"name\":\"Produkter\",\"item\":\"https:\\\/\\\/c-profil.se\\\/produkter\\\/\"},{\"@type\":\"ListItem\",\"position\":3,\"name\":\"Apparatsk\u00e5p i Rostfritt St\u00e5l\",\"item\":\"https:\\\/\\\/c-profil.se\\\/produkt-kategori\\\/apparatskap-rostfritt\\\/\"},{\"@type\":\"ListItem\",\"position\":4,\"name\":\"Apparatsk\u00e5p | E NUX X\"}]},{\"@type\":\"WebSite\",\"@id\":\"https:\\\/\\\/c-profil.se\\\/#website\",\"url\":\"https:\\\/\\\/c-profil.se\\\/\",\"name\":\"C-Pro\",\"description\":\"Produkter f\u00f6r El och Automation\",\"publisher\":{\"@id\":\"https:\\\/\\\/c-profil.se\\\/#organization\"},\"potentialAction\":[{\"@type\":\"SearchAction\",\"target\":{\"@type\":\"EntryPoint\",\"urlTemplate\":\"https:\\\/\\\/c-profil.se\\\/?s={search_term_string}\"},\"query-input\":{\"@type\":\"PropertyValueSpecification\",\"valueRequired\":true,\"valueName\":\"search_term_string\"}}],\"inLanguage\":\"en\"},{\"@type\":\"Organization\",\"@id\":\"https:\\\/\\\/c-profil.se\\\/#organization\",\"name\":\"C-Pro\",\"alternateName\":\"C-PRO\",\"url\":\"https:\\\/\\\/c-profil.se\\\/\",\"logo\":{\"@type\":\"ImageObject\",\"inLanguage\":\"en\",\"@id\":\"https:\\\/\\\/c-profil.se\\\/#\\\/schema\\\/logo\\\/image\\\/\",\"url\":\"https:\\\/\\\/c-profil.se\\\/wp-content\\\/uploads\\\/2022\\\/03\\\/c-pro-logga-liggande-500x500-1.png\",\"contentUrl\":\"https:\\\/\\\/c-profil.se\\\/wp-content\\\/uploads\\\/2022\\\/03\\\/c-pro-logga-liggande-500x500-1.png\",\"width\":500,\"height\":500,\"caption\":\"C-Pro\"},\"image\":{\"@id\":\"https:\\\/\\\/c-profil.se\\\/#\\\/schema\\\/logo\\\/image\\\/\"},\"sameAs\":[\"https:\\\/\\\/www.facebook.com\\\/people\\\/C-Pro\\\/61561767306874\\\/\",\"https:\\\/\\\/www.linkedin.com\\\/company\\\/c-pro-ab\",\"https:\\\/\\\/www.instagram.com\\\/cpro.ab\\\/\"],\"description\":\"C-PRO AB \u00e4r en helt\u00e4ckande leverant\u00f6r av material f\u00f6r applikationer inom el och automation. \u00c4nda sedan starten 1987 har vi f\u00f6rsett den svenska tillverkande industrin med elmaterial. Trots v\u00e5r storlek och ledande position har vi aldrig \u00f6vergett v\u00e5r grundfilosofi, att vara en personlig leverant\u00f6r. Vi p\u00e5 C-PRO \u00e4r l\u00e4tta att komma i kontakt med, \u00e4rliga och brinner f\u00f6r att l\u00f6sa v\u00e5ra kunders problem.\",\"email\":\"info@c-profil.se\",\"telephone\":\"031575785\",\"legalName\":\"C-Profil F\u00f6rl\u00e4ggningsmaterial AB\",\"foundingDate\":\"1987-01-01\"}]}<\/script>\n<meta property=\"product:brand\" content=\"apparatsk\u00e5p\" \/>\n<meta property=\"product:price:currency\" content=\"SEK\" \/>\n<meta property=\"og:availability\" content=\"instock\" \/>\n<meta property=\"product:availability\" content=\"instock\" \/>\n<meta property=\"product:retailer_item_id\" content=\"E NUX X\" \/>\n<meta property=\"product:condition\" content=\"new\" \/>\n<!-- \/ Yoast SEO Premium plugin. -->","yoast_head_json":{"title":"Appliance Cabinet E NUX X Stainless Floor Cabinet - C-Pro","description":"The E NUX X appliance cabinet is a stainless steel floor cabinet designed according to the new concept typical of E NUX. Available in AISI304L and AISI316L,","robots":{"index":"index","follow":"follow","max-snippet":"max-snippet:-1","max-image-preview":"max-image-preview:large","max-video-preview":"max-video-preview:-1"},"canonical":"https:\/\/c-profil.se\/english\/product\/cabinet-enux-x\/","og_locale":"en_US","og_type":"article","og_title":"Apparatsk\u00e5p | E NUX X - C-Pro","og_description":"Apparatsk\u00e5p E NUX X \u00e4r ett sortiment av golvsk\u00e5p i rostfritt st\u00e5l. Golvsk\u00e5pen \u00e4r konstruerade och tillverkade enligt det nya konceptet som \u00e4r typiskt f\u00f6r E NUX. 30st standarddimensioner tillg\u00e4ngliga med blank eller plexid\u00f6rr, levererad med enkel eller dubbeld\u00f6rr i styv struktur. Tillg\u00e4ngliga i b\u00e5de AISI304L och (AISI316L material p\u00e5 beg\u00e4ran). Profilen som anv\u00e4nds f\u00f6r stativ och korsstycken \u00e4r unik, helsvetsad och fri fr\u00e5n skarpa kanter. Botten \u00e4r skapad ur enda bit med box-typ struktur tillverkade av pressb\u00f6jda svetsade profiler, medans ramens h\u00f6rn \u00e4r tillverkade med AISI316L. ENUX X erbjuder de tekniska funktionerna som introduceras med den nya rostfria sortimentet. Med silikonf\u00f6rsegling, rostfria st\u00e5ld\u00f6rrar med formade h\u00f6rn. Komponenter tillverkade i rostfritt utf\u00f6rande, ny f\u00f6rpackning.    Skyddsniv\u00e5 garanterad av tv\u00e5komponent silikonskumt\u00e4tning  Leveransen inkluderar:    Tak och bakpanel  Blank d\u00f6rr med formade h\u00f6rn f\u00f6rsedd med f\u00f6rstyvande r\u00f6rram  3,0mm diam. dubbelst\u00e5ng spakman\u00f6vrerat l\u00e5ssystem  Botten med modul\u00e4r och justerbar kabelgenomf\u00f6ring och packning","og_url":"https:\/\/c-profil.se\/english\/product\/cabinet-enux-x\/","og_site_name":"C-Pro","article_publisher":"https:\/\/www.facebook.com\/people\/C-Pro\/61561767306874\/","article_modified_time":"2026-03-19T14:37:50+00:00","og_image":[{"width":1000,"height":1000,"url":"https:\/\/c-profil.se\/wp-content\/uploads\/2018\/03\/Apparatskap-ENUX-X.jpg","type":"image\/jpeg"}],"twitter_card":"summary_large_image","twitter_misc":{"Price":"","Availability":"In stock"},"schema":{"@context":"https:\/\/schema.org","@graph":[{"@type":"WebPage","@id":"https:\/\/c-profil.se\/produkt\/apparatskap-enux-x\/","url":"https:\/\/c-profil.se\/produkt\/apparatskap-enux-x\/","name":"Appliance Cabinet E NUX X Stainless Floor Cabinet - C-Pro","isPartOf":{"@id":"https:\/\/c-profil.se\/#website"},"primaryImageOfPage":{"@id":"https:\/\/c-profil.se\/produkt\/apparatskap-enux-x\/#primaryimage"},"image":{"@id":"https:\/\/c-profil.se\/produkt\/apparatskap-enux-x\/#primaryimage"},"thumbnailUrl":"https:\/\/c-profil.se\/wp-content\/uploads\/2018\/03\/Apparatskap-ENUX-X.jpg","datePublished":"2018-03-08T08:52:00+00:00","dateModified":"2026-03-19T14:37:50+00:00","description":"The E NUX X appliance cabinet is a stainless steel floor cabinet designed according to the new concept typical of E NUX. Available in AISI304L and AISI316L,","breadcrumb":{"@id":"https:\/\/c-profil.se\/produkt\/apparatskap-enux-x\/#breadcrumb"},"inLanguage":"en","potentialAction":[{"@type":"ReadAction","target":["https:\/\/c-profil.se\/produkt\/apparatskap-enux-x\/"]}]},{"@type":"ImageObject","inLanguage":"en","@id":"https:\/\/c-profil.se\/produkt\/apparatskap-enux-x\/#primaryimage","url":"https:\/\/c-profil.se\/wp-content\/uploads\/2018\/03\/Apparatskap-ENUX-X.jpg","contentUrl":"https:\/\/c-profil.se\/wp-content\/uploads\/2018\/03\/Apparatskap-ENUX-X.jpg","width":1000,"height":1000,"caption":"Apparatsk\u00e5p ENUX X"},{"@type":"BreadcrumbList","@id":"https:\/\/c-profil.se\/produkt\/apparatskap-enux-x\/#breadcrumb","itemListElement":[{"@type":"ListItem","position":1,"name":"Hem","item":"https:\/\/c-profil.se\/"},{"@type":"ListItem","position":2,"name":"Produkter","item":"https:\/\/c-profil.se\/produkter\/"},{"@type":"ListItem","position":3,"name":"Apparatsk\u00e5p i Rostfritt St\u00e5l","item":"https:\/\/c-profil.se\/produkt-kategori\/apparatskap-rostfritt\/"},{"@type":"ListItem","position":4,"name":"Apparatsk\u00e5p | E NUX X"}]},{"@type":"WebSite","@id":"https:\/\/c-profil.se\/#website","url":"https:\/\/c-profil.se\/","name":"C-Pro","description":"Products for Electricity and Automation","publisher":{"@id":"https:\/\/c-profil.se\/#organization"},"potentialAction":[{"@type":"SearchAction","target":{"@type":"EntryPoint","urlTemplate":"https:\/\/c-profil.se\/?s={search_term_string}"},"query-input":{"@type":"PropertyValueSpecification","valueRequired":true,"valueName":"search_term_string"}}],"inLanguage":"en"},{"@type":"Organization","@id":"https:\/\/c-profil.se\/#organization","name":"C-Pro","alternateName":"C-PRO","url":"https:\/\/c-profil.se\/","logo":{"@type":"ImageObject","inLanguage":"en","@id":"https:\/\/c-profil.se\/#\/schema\/logo\/image\/","url":"https:\/\/c-profil.se\/wp-content\/uploads\/2022\/03\/c-pro-logga-liggande-500x500-1.png","contentUrl":"https:\/\/c-profil.se\/wp-content\/uploads\/2022\/03\/c-pro-logga-liggande-500x500-1.png","width":500,"height":500,"caption":"C-Pro"},"image":{"@id":"https:\/\/c-profil.se\/#\/schema\/logo\/image\/"},"sameAs":["https:\/\/www.facebook.com\/people\/C-Pro\/61561767306874\/","https:\/\/www.linkedin.com\/company\/c-pro-ab","https:\/\/www.instagram.com\/cpro.ab\/"],"description":"C-PRO AB is a comprehensive supplier of materials for applications in electricity and automation. Ever since the start in 1987, we have supplied the Swedish manufacturing industry with electrical materials. Despite our size and leading position, we have never abandoned our basic philosophy, to be a personal supplier. We at C-PRO are easy to get in touch with, honest and passionate about solving our customers&#039; problems.","email":"info@c-profil.se","telephone":"031575785","legalName":"C-Profil F\u00f6rl\u00e4ggningsmaterial AB","foundingDate":"1987-01-01"}]},"product_brand":"apparatsk\u00e5p","product_price_currency":"SEK","og_availability":"instock","product_availability":"instock","product_retailer_item_id":"E NUX X","product_condition":"new"},"_links":{"self":[{"href":"https:\/\/c-profil.se\/english\/wp-json\/wp\/v2\/product\/24528","targetHints":{"allow":["GET"]}}],"collection":[{"href":"https:\/\/c-profil.se\/english\/wp-json\/wp\/v2\/product"}],"about":[{"href":"https:\/\/c-profil.se\/english\/wp-json\/wp\/v2\/types\/product"}],"version-history":[{"count":14,"href":"https:\/\/c-profil.se\/english\/wp-json\/wp\/v2\/product\/24528\/revisions"}],"predecessor-version":[{"id":74207,"href":"https:\/\/c-profil.se\/english\/wp-json\/wp\/v2\/product\/24528\/revisions\/74207"}],"wp:featuredmedia":[{"embeddable":true,"href":"https:\/\/c-profil.se\/english\/wp-json\/wp\/v2\/media\/72362"}],"wp:attachment":[{"href":"https:\/\/c-profil.se\/english\/wp-json\/wp\/v2\/media?parent=24528"}],"wp:term":[{"taxonomy":"product_brand","embeddable":true,"href":"https:\/\/c-profil.se\/english\/wp-json\/wp\/v2\/product_brand?post=24528"},{"taxonomy":"product_cat","embeddable":true,"href":"https:\/\/c-profil.se\/english\/wp-json\/wp\/v2\/product_cat?post=24528"},{"taxonomy":"product_tag","embeddable":true,"href":"https:\/\/c-profil.se\/english\/wp-json\/wp\/v2\/product_tag?post=24528"}],"curies":[{"name":"wp","href":"https:\/\/api.w.org\/{rel}","templated":true}]}}