{"id":24517,"date":"2017-11-10T09:31:00","date_gmt":"2017-11-10T08:31:00","guid":{"rendered":"https:\/\/c-profil.se\/produkt\/slang-korrugerad-ect\/"},"modified":"2026-03-19T14:27:30","modified_gmt":"2026-03-19T13:27:30","slug":"conduit-ect","status":"publish","type":"product","link":"https:\/\/c-profil.se\/english\/produkt\/skyddsslang-ect\/","title":{"rendered":"Protective hose | ECT"},"content":{"rendered":"<p><strong>Protective hose \/ ECT is a highly flexible corrugated protective hose in PA6 with a thin wall for insulation and mechanical protection of cables<\/strong>.<br \/>\nThe patented profile is adapted for ORJ O-ring and provides higher IP class in applications within mechanical engineering, automation and renewable energy.<\/p>","protected":false},"excerpt":{"rendered":"<p class=\"ai-optimize-32\">Protective hose \/ ECT is very flexible with a thin wall in PA6. The protective hose is perfect for insulation and as mechanical protection for cables. ECT has a special patented profile so that the \/ ORJ o-ring provides a higher IP class.<\/p>\n<p class=\"ai-optimize-33\"><strong>Well suited for standard applications in:<\/strong><\/p>\n<ul>\n<li class=\"ai-optimize-34\">Machine building<\/li>\n<li class=\"ai-optimize-35\">Automation &amp; Robotics<\/li>\n<li class=\"ai-optimize-36\">Renewable energy installations<\/li>\n<\/ul>\n<p><a href=\"https:\/\/c-profil.se\/wp-content\/uploads\/2017\/11\/ect_data.png\"><img fetchpriority=\"high\" decoding=\"async\" class=\"alignnone wp-image-32172 size-large\" src=\"https:\/\/c-profil.se\/wp-content\/uploads\/2017\/11\/ect_data-1024x724.png\" alt=\"Protective hose ECT Data\" width=\"1024\" height=\"724\" srcset=\"https:\/\/c-profil.se\/wp-content\/uploads\/2017\/11\/ect_data-1024x724.png 1024w, https:\/\/c-profil.se\/wp-content\/uploads\/2017\/11\/ect_data-300x212.png 300w, https:\/\/c-profil.se\/wp-content\/uploads\/2017\/11\/ect_data-768x543.png 768w, https:\/\/c-profil.se\/wp-content\/uploads\/2017\/11\/ect_data-1536x1086.png 1536w, https:\/\/c-profil.se\/wp-content\/uploads\/2017\/11\/ect_data-18x12.png 18w, https:\/\/c-profil.se\/wp-content\/uploads\/2017\/11\/ect_data-1000x707.png 1000w, https:\/\/c-profil.se\/wp-content\/uploads\/2017\/11\/ect_data-64x45.png 64w, https:\/\/c-profil.se\/wp-content\/uploads\/2017\/11\/ect_data.png 2000w\" sizes=\"(max-width: 1024px) 100vw, 1024px\" \/><\/a><\/p>","protected":false},"featured_media":51565,"template":"","meta":{"_acf_changed":false},"product_brand":[741],"product_cat":[314],"product_tag":[970,984,1004],"class_list":{"0":"post-24517","1":"product","2":"type-product","3":"status-publish","4":"has-post-thumbnail","6":"product_brand-interflex","7":"product_cat-skyddsslang","8":"product_tag-dragning-av-kablage","9":"product_tag-kabelskydd","10":"product_tag-skyddsslang","12":"first","13":"instock","14":"shipping-taxable","15":"product-type-simple"},"acf":[],"yoast_head":"<!-- This site is optimized with the Yoast SEO Premium plugin v27.6 (Yoast SEO v27.6) - https:\/\/yoast.com\/product\/yoast-seo-premium-wordpress\/ -->\n<title>Skyddsslang | ECT - C-Pro<\/title>\n<meta name=\"description\" content=\"Flexibel Skyddsslang \/ ECT med tunn v\u00e4gg, f\u00f6r isolering\/mekaniskt skydd av kablar. F\u00f6r Maskinindustri, Automation &amp; Energiinstallationer. L\u00e4s Mer!\" \/>\n<meta name=\"robots\" content=\"index, follow, max-snippet:-1, max-image-preview:large, max-video-preview:-1\" \/>\n<link rel=\"canonical\" href=\"https:\/\/c-profil.se\/english\/product\/conduit-ect\/\" \/>\n<meta property=\"og:locale\" content=\"en_US\" \/>\n<meta property=\"og:type\" content=\"article\" \/>\n<meta property=\"og:title\" content=\"Skyddsslang | ECT - C-Pro\" \/>\n<meta property=\"og:description\" content=\"Skyddsslang \/ ECT \u00e4r mycket flexibel med tunn v\u00e4gg i PA6. Skyddsslangen passar perfekt f\u00f6r isolering och som mekaniskt skydd f\u00f6r kablar. ECT har en speciell patenterad profil f\u00f6r att \/ ORJ o-ringen ska ge en h\u00f6gre IP-klass. Passar bra f\u00f6r standardapplikationer inom:    Maskinbyggnation  Automation  F\u00f6rnyelsebara energiinstallationer\" \/>\n<meta property=\"og:url\" content=\"https:\/\/c-profil.se\/english\/product\/conduit-ect\/\" \/>\n<meta property=\"og:site_name\" content=\"C-Pro\" \/>\n<meta property=\"article:publisher\" content=\"https:\/\/www.facebook.com\/people\/C-Pro\/61561767306874\/\" \/>\n<meta property=\"article:modified_time\" content=\"2026-03-19T13:27:30+00:00\" \/>\n<meta property=\"og:image\" content=\"https:\/\/c-profil.se\/wp-content\/uploads\/2022\/06\/Skyddsslang.jpg\" \/>\n\t<meta property=\"og:image:width\" content=\"1000\" \/>\n\t<meta property=\"og:image:height\" content=\"1000\" \/>\n\t<meta property=\"og:image:type\" content=\"image\/jpeg\" \/>\n<meta name=\"twitter:card\" content=\"summary_large_image\" \/>\n<meta name=\"twitter:label1\" content=\"Price\" \/>\n\t<meta name=\"twitter:data1\" content=\"\" \/>\n\t<meta name=\"twitter:label2\" content=\"Availability\" \/>\n\t<meta name=\"twitter:data2\" content=\"In stock\" \/>\n<script type=\"application\/ld+json\" class=\"yoast-schema-graph\">{\"@context\":\"https:\\\/\\\/schema.org\",\"@graph\":[{\"@type\":\"WebPage\",\"@id\":\"https:\\\/\\\/c-profil.se\\\/produkt\\\/skyddsslang-ect\\\/\",\"url\":\"https:\\\/\\\/c-profil.se\\\/produkt\\\/skyddsslang-ect\\\/\",\"name\":\"Skyddsslang | ECT - C-Pro\",\"isPartOf\":{\"@id\":\"https:\\\/\\\/c-profil.se\\\/#website\"},\"primaryImageOfPage\":{\"@id\":\"https:\\\/\\\/c-profil.se\\\/produkt\\\/skyddsslang-ect\\\/#primaryimage\"},\"image\":{\"@id\":\"https:\\\/\\\/c-profil.se\\\/produkt\\\/skyddsslang-ect\\\/#primaryimage\"},\"thumbnailUrl\":\"https:\\\/\\\/c-profil.se\\\/wp-content\\\/uploads\\\/2022\\\/06\\\/Skyddsslang.jpg\",\"datePublished\":\"2017-11-10T08:31:00+00:00\",\"dateModified\":\"2026-03-19T13:27:30+00:00\",\"description\":\"Flexibel Skyddsslang \\\/ ECT med tunn v\u00e4gg, f\u00f6r isolering\\\/mekaniskt skydd av kablar. F\u00f6r Maskinindustri, Automation & Energiinstallationer. L\u00e4s Mer!\",\"breadcrumb\":{\"@id\":\"https:\\\/\\\/c-profil.se\\\/produkt\\\/skyddsslang-ect\\\/#breadcrumb\"},\"inLanguage\":\"en\",\"potentialAction\":[{\"@type\":\"ReadAction\",\"target\":[\"https:\\\/\\\/c-profil.se\\\/produkt\\\/skyddsslang-ect\\\/\"]}]},{\"@type\":\"ImageObject\",\"inLanguage\":\"en\",\"@id\":\"https:\\\/\\\/c-profil.se\\\/produkt\\\/skyddsslang-ect\\\/#primaryimage\",\"url\":\"https:\\\/\\\/c-profil.se\\\/wp-content\\\/uploads\\\/2022\\\/06\\\/Skyddsslang.jpg\",\"contentUrl\":\"https:\\\/\\\/c-profil.se\\\/wp-content\\\/uploads\\\/2022\\\/06\\\/Skyddsslang.jpg\",\"width\":1000,\"height\":1000,\"caption\":\"Skyddsslang\"},{\"@type\":\"BreadcrumbList\",\"@id\":\"https:\\\/\\\/c-profil.se\\\/produkt\\\/skyddsslang-ect\\\/#breadcrumb\",\"itemListElement\":[{\"@type\":\"ListItem\",\"position\":1,\"name\":\"Hem\",\"item\":\"https:\\\/\\\/c-profil.se\\\/\"},{\"@type\":\"ListItem\",\"position\":2,\"name\":\"Produkter\",\"item\":\"https:\\\/\\\/c-profil.se\\\/produkter\\\/\"},{\"@type\":\"ListItem\",\"position\":3,\"name\":\"Skyddsslang\",\"item\":\"https:\\\/\\\/c-profil.se\\\/produkt-kategori\\\/skyddsslang\\\/\"},{\"@type\":\"ListItem\",\"position\":4,\"name\":\"Skyddsslang | ECT\"}]},{\"@type\":\"WebSite\",\"@id\":\"https:\\\/\\\/c-profil.se\\\/#website\",\"url\":\"https:\\\/\\\/c-profil.se\\\/\",\"name\":\"C-Pro\",\"description\":\"Produkter f\u00f6r El och Automation\",\"publisher\":{\"@id\":\"https:\\\/\\\/c-profil.se\\\/#organization\"},\"potentialAction\":[{\"@type\":\"SearchAction\",\"target\":{\"@type\":\"EntryPoint\",\"urlTemplate\":\"https:\\\/\\\/c-profil.se\\\/?s={search_term_string}\"},\"query-input\":{\"@type\":\"PropertyValueSpecification\",\"valueRequired\":true,\"valueName\":\"search_term_string\"}}],\"inLanguage\":\"en\"},{\"@type\":\"Organization\",\"@id\":\"https:\\\/\\\/c-profil.se\\\/#organization\",\"name\":\"C-Pro\",\"alternateName\":\"C-PRO\",\"url\":\"https:\\\/\\\/c-profil.se\\\/\",\"logo\":{\"@type\":\"ImageObject\",\"inLanguage\":\"en\",\"@id\":\"https:\\\/\\\/c-profil.se\\\/#\\\/schema\\\/logo\\\/image\\\/\",\"url\":\"https:\\\/\\\/c-profil.se\\\/wp-content\\\/uploads\\\/2022\\\/03\\\/c-pro-logga-liggande-500x500-1.png\",\"contentUrl\":\"https:\\\/\\\/c-profil.se\\\/wp-content\\\/uploads\\\/2022\\\/03\\\/c-pro-logga-liggande-500x500-1.png\",\"width\":500,\"height\":500,\"caption\":\"C-Pro\"},\"image\":{\"@id\":\"https:\\\/\\\/c-profil.se\\\/#\\\/schema\\\/logo\\\/image\\\/\"},\"sameAs\":[\"https:\\\/\\\/www.facebook.com\\\/people\\\/C-Pro\\\/61561767306874\\\/\",\"https:\\\/\\\/www.linkedin.com\\\/company\\\/c-pro-ab\",\"https:\\\/\\\/www.instagram.com\\\/cpro.ab\\\/\"],\"description\":\"C-PRO AB \u00e4r en helt\u00e4ckande leverant\u00f6r av material f\u00f6r applikationer inom el och automation. \u00c4nda sedan starten 1987 har vi f\u00f6rsett den svenska tillverkande industrin med elmaterial. Trots v\u00e5r storlek och ledande position har vi aldrig \u00f6vergett v\u00e5r grundfilosofi, att vara en personlig leverant\u00f6r. Vi p\u00e5 C-PRO \u00e4r l\u00e4tta att komma i kontakt med, \u00e4rliga och brinner f\u00f6r att l\u00f6sa v\u00e5ra kunders problem.\",\"email\":\"info@c-profil.se\",\"telephone\":\"031575785\",\"legalName\":\"C-Profil F\u00f6rl\u00e4ggningsmaterial AB\",\"foundingDate\":\"1987-01-01\"}]}<\/script>\n<meta property=\"product:brand\" content=\"dragning av kablage\" \/>\n<meta property=\"product:price:currency\" content=\"SEK\" \/>\n<meta property=\"og:availability\" content=\"instock\" \/>\n<meta property=\"product:availability\" content=\"instock\" \/>\n<meta property=\"product:retailer_item_id\" content=\"ECT\" \/>\n<meta property=\"product:condition\" content=\"new\" \/>\n<!-- \/ Yoast SEO Premium plugin. -->","yoast_head_json":{"title":"Protective hose | ECT - C-Pro","description":"Flexible Protective Hose \/ ECT with thin wall, for insulation\/mechanical protection of cables. For Machinery Industry, Automation &amp; Energy Installations. Read More!","robots":{"index":"index","follow":"follow","max-snippet":"max-snippet:-1","max-image-preview":"max-image-preview:large","max-video-preview":"max-video-preview:-1"},"canonical":"https:\/\/c-profil.se\/english\/product\/conduit-ect\/","og_locale":"en_US","og_type":"article","og_title":"Skyddsslang | ECT - C-Pro","og_description":"Skyddsslang \/ ECT \u00e4r mycket flexibel med tunn v\u00e4gg i PA6. Skyddsslangen passar perfekt f\u00f6r isolering och som mekaniskt skydd f\u00f6r kablar. ECT har en speciell patenterad profil f\u00f6r att \/ ORJ o-ringen ska ge en h\u00f6gre IP-klass. Passar bra f\u00f6r standardapplikationer inom:    Maskinbyggnation  Automation  F\u00f6rnyelsebara energiinstallationer","og_url":"https:\/\/c-profil.se\/english\/product\/conduit-ect\/","og_site_name":"C-Pro","article_publisher":"https:\/\/www.facebook.com\/people\/C-Pro\/61561767306874\/","article_modified_time":"2026-03-19T13:27:30+00:00","og_image":[{"width":1000,"height":1000,"url":"https:\/\/c-profil.se\/wp-content\/uploads\/2022\/06\/Skyddsslang.jpg","type":"image\/jpeg"}],"twitter_card":"summary_large_image","twitter_misc":{"Price":"","Availability":"In stock"},"schema":{"@context":"https:\/\/schema.org","@graph":[{"@type":"WebPage","@id":"https:\/\/c-profil.se\/produkt\/skyddsslang-ect\/","url":"https:\/\/c-profil.se\/produkt\/skyddsslang-ect\/","name":"Protective hose | ECT - C-Pro","isPartOf":{"@id":"https:\/\/c-profil.se\/#website"},"primaryImageOfPage":{"@id":"https:\/\/c-profil.se\/produkt\/skyddsslang-ect\/#primaryimage"},"image":{"@id":"https:\/\/c-profil.se\/produkt\/skyddsslang-ect\/#primaryimage"},"thumbnailUrl":"https:\/\/c-profil.se\/wp-content\/uploads\/2022\/06\/Skyddsslang.jpg","datePublished":"2017-11-10T08:31:00+00:00","dateModified":"2026-03-19T13:27:30+00:00","description":"Flexible Protective Hose \/ ECT with thin wall, for insulation\/mechanical protection of cables. For Machinery Industry, Automation &amp; Energy Installations. Read More!","breadcrumb":{"@id":"https:\/\/c-profil.se\/produkt\/skyddsslang-ect\/#breadcrumb"},"inLanguage":"en","potentialAction":[{"@type":"ReadAction","target":["https:\/\/c-profil.se\/produkt\/skyddsslang-ect\/"]}]},{"@type":"ImageObject","inLanguage":"en","@id":"https:\/\/c-profil.se\/produkt\/skyddsslang-ect\/#primaryimage","url":"https:\/\/c-profil.se\/wp-content\/uploads\/2022\/06\/Skyddsslang.jpg","contentUrl":"https:\/\/c-profil.se\/wp-content\/uploads\/2022\/06\/Skyddsslang.jpg","width":1000,"height":1000,"caption":"Skyddsslang"},{"@type":"BreadcrumbList","@id":"https:\/\/c-profil.se\/produkt\/skyddsslang-ect\/#breadcrumb","itemListElement":[{"@type":"ListItem","position":1,"name":"Hem","item":"https:\/\/c-profil.se\/"},{"@type":"ListItem","position":2,"name":"Produkter","item":"https:\/\/c-profil.se\/produkter\/"},{"@type":"ListItem","position":3,"name":"Skyddsslang","item":"https:\/\/c-profil.se\/produkt-kategori\/skyddsslang\/"},{"@type":"ListItem","position":4,"name":"Skyddsslang | ECT"}]},{"@type":"WebSite","@id":"https:\/\/c-profil.se\/#website","url":"https:\/\/c-profil.se\/","name":"C-Pro","description":"Products for Electricity and Automation","publisher":{"@id":"https:\/\/c-profil.se\/#organization"},"potentialAction":[{"@type":"SearchAction","target":{"@type":"EntryPoint","urlTemplate":"https:\/\/c-profil.se\/?s={search_term_string}"},"query-input":{"@type":"PropertyValueSpecification","valueRequired":true,"valueName":"search_term_string"}}],"inLanguage":"en"},{"@type":"Organization","@id":"https:\/\/c-profil.se\/#organization","name":"C-Pro","alternateName":"C-PRO","url":"https:\/\/c-profil.se\/","logo":{"@type":"ImageObject","inLanguage":"en","@id":"https:\/\/c-profil.se\/#\/schema\/logo\/image\/","url":"https:\/\/c-profil.se\/wp-content\/uploads\/2022\/03\/c-pro-logga-liggande-500x500-1.png","contentUrl":"https:\/\/c-profil.se\/wp-content\/uploads\/2022\/03\/c-pro-logga-liggande-500x500-1.png","width":500,"height":500,"caption":"C-Pro"},"image":{"@id":"https:\/\/c-profil.se\/#\/schema\/logo\/image\/"},"sameAs":["https:\/\/www.facebook.com\/people\/C-Pro\/61561767306874\/","https:\/\/www.linkedin.com\/company\/c-pro-ab","https:\/\/www.instagram.com\/cpro.ab\/"],"description":"C-PRO AB is a comprehensive supplier of materials for applications in electricity and automation. Ever since the start in 1987, we have supplied the Swedish manufacturing industry with electrical materials. Despite our size and leading position, we have never abandoned our basic philosophy, to be a personal supplier. We at C-PRO are easy to get in touch with, honest and passionate about solving our customers&#039; problems.","email":"info@c-profil.se","telephone":"031575785","legalName":"C-Profil F\u00f6rl\u00e4ggningsmaterial AB","foundingDate":"1987-01-01"}]},"product_brand":"dragning av kablage","product_price_currency":"SEK","og_availability":"instock","product_availability":"instock","product_retailer_item_id":"ECT","product_condition":"new"},"_links":{"self":[{"href":"https:\/\/c-profil.se\/english\/wp-json\/wp\/v2\/product\/24517","targetHints":{"allow":["GET"]}}],"collection":[{"href":"https:\/\/c-profil.se\/english\/wp-json\/wp\/v2\/product"}],"about":[{"href":"https:\/\/c-profil.se\/english\/wp-json\/wp\/v2\/types\/product"}],"version-history":[{"count":10,"href":"https:\/\/c-profil.se\/english\/wp-json\/wp\/v2\/product\/24517\/revisions"}],"predecessor-version":[{"id":74426,"href":"https:\/\/c-profil.se\/english\/wp-json\/wp\/v2\/product\/24517\/revisions\/74426"}],"wp:featuredmedia":[{"embeddable":true,"href":"https:\/\/c-profil.se\/english\/wp-json\/wp\/v2\/media\/51565"}],"wp:attachment":[{"href":"https:\/\/c-profil.se\/english\/wp-json\/wp\/v2\/media?parent=24517"}],"wp:term":[{"taxonomy":"product_brand","embeddable":true,"href":"https:\/\/c-profil.se\/english\/wp-json\/wp\/v2\/product_brand?post=24517"},{"taxonomy":"product_cat","embeddable":true,"href":"https:\/\/c-profil.se\/english\/wp-json\/wp\/v2\/product_cat?post=24517"},{"taxonomy":"product_tag","embeddable":true,"href":"https:\/\/c-profil.se\/english\/wp-json\/wp\/v2\/product_tag?post=24517"}],"curies":[{"name":"wp","href":"https:\/\/api.w.org\/{rel}","templated":true}]}}