{"id":24493,"date":"2017-07-14T10:52:00","date_gmt":"2017-07-14T09:52:00","guid":{"rendered":"https:\/\/c-profil.se\/produkt\/agt\/"},"modified":"2026-03-19T14:27:34","modified_gmt":"2026-03-19T13:27:34","slug":"conduit-agt","status":"publish","type":"product","link":"https:\/\/c-profil.se\/english\/produkt\/skyddsslang-agt\/","title":{"rendered":"Protective hose | AGT ECOLINE"},"content":{"rendered":"<p><strong>Protective hose \/ AGT ECOLINE is a flexible protective hose in PA6 with medium wall thickness for both standard applications and outdoor use<\/strong>.<br \/>\nIt offers reliable mechanical protection and has a patented profile that, together with the ORJ O-ring, enables a higher IP class.<\/p>","protected":false},"excerpt":{"rendered":"<p class=\"ai-optimize-31\" data-pm-slice=\"1 1 []\">Conduit \/ AGT ECOLINE is a flexible hose with medium thick walls in PA6, perfect for both standard applications and outdoor use. This innovative hose offers outstanding protection and versatility for your installations.<\/p>\n<p class=\"ai-optimize-32\" data-pm-slice=\"1 1 []\">AGT ECOLINE is the perfect choice for those looking for a durable and versatile protective hose. With its unique combination of flexibility, durability and environmental friendliness, it is ideal for a variety of applications, from standard installations to demanding outdoor environments such as solar panel installations.<\/p>\n<p class=\"ai-optimize-33\">Choose Protective Hose \/ AGT ECOLINE for reliable protection and optimal performance in your projects. AGT has a special patented profile * to give the ORJ o-ring a higher IP class.<\/p>\n<p class=\"ai-optimize-35\"><strong>Well suited for standard applications in:<\/strong><\/p>\n<ul>\n<li class=\"ai-optimize-36\">Machine building<\/li>\n<li class=\"ai-optimize-37\">Automation &amp; Robotics<\/li>\n<li class=\"ai-optimize-38\">Renewable energy installations<\/li>\n<li class=\"ai-optimize-39\">Construction<\/li>\n<li class=\"ai-optimize-40\">Railway industry<\/li>\n<\/ul>\n<p><a href=\"https:\/\/c-profil.se\/wp-content\/uploads\/2017\/07\/agt_data.png\"><img fetchpriority=\"high\" decoding=\"async\" class=\"alignnone wp-image-32171 size-large\" src=\"https:\/\/c-profil.se\/wp-content\/uploads\/2017\/07\/agt_data-1024x724.png\" alt=\"Protective hose AGT Data\" width=\"1024\" height=\"724\" srcset=\"https:\/\/c-profil.se\/wp-content\/uploads\/2017\/07\/agt_data-1024x724.png 1024w, https:\/\/c-profil.se\/wp-content\/uploads\/2017\/07\/agt_data-300x212.png 300w, https:\/\/c-profil.se\/wp-content\/uploads\/2017\/07\/agt_data-768x543.png 768w, https:\/\/c-profil.se\/wp-content\/uploads\/2017\/07\/agt_data-1536x1086.png 1536w, https:\/\/c-profil.se\/wp-content\/uploads\/2017\/07\/agt_data-18x12.png 18w, https:\/\/c-profil.se\/wp-content\/uploads\/2017\/07\/agt_data-1000x707.png 1000w, https:\/\/c-profil.se\/wp-content\/uploads\/2017\/07\/agt_data-64x45.png 64w, https:\/\/c-profil.se\/wp-content\/uploads\/2017\/07\/agt_data.png 2000w\" sizes=\"(max-width: 1024px) 100vw, 1024px\" \/><\/a><\/p>","protected":false},"featured_media":51565,"template":"","meta":{"_acf_changed":false},"product_brand":[741],"product_cat":[314],"product_tag":[970,984,1004],"class_list":{"0":"post-24493","1":"product","2":"type-product","3":"status-publish","4":"has-post-thumbnail","6":"product_brand-interflex","7":"product_cat-skyddsslang","8":"product_tag-dragning-av-kablage","9":"product_tag-kabelskydd","10":"product_tag-skyddsslang","12":"first","13":"instock","14":"shipping-taxable","15":"product-type-simple"},"acf":[],"yoast_head":"<!-- This site is optimized with the Yoast SEO Premium plugin v27.5 (Yoast SEO v27.5) - https:\/\/yoast.com\/product\/yoast-seo-premium-wordpress\/ -->\n<title>Skyddsslang | AGT ECOLINE: Flexibel slang f\u00f6r olika applikationer - C-Pro<\/title>\n<meta name=\"description\" content=\"Flexibel Skyddsslang \/ AGT ECOLINE som passar f\u00f6r: Maskinbyggnation, Automation, Energiinstallationer, Konstruktion &amp; J\u00e4rnv\u00e4gsindustri. L\u00e4s Mer!\" \/>\n<meta name=\"robots\" content=\"index, follow, max-snippet:-1, max-image-preview:large, max-video-preview:-1\" \/>\n<link rel=\"canonical\" href=\"https:\/\/c-profil.se\/english\/product\/conduit-agt\/\" \/>\n<meta property=\"og:locale\" content=\"en_US\" \/>\n<meta property=\"og:type\" content=\"article\" \/>\n<meta property=\"og:title\" content=\"Skyddsslang | AGT ECOLINE - C-Pro\" \/>\n<meta property=\"og:description\" content=\"Skyddsslang \/ AGT ECOLINE \u00e4r en flexibel slang med medeltjocka v\u00e4ggar i PA6, perfekt f\u00f6r b\u00e5de standardapplikationer och utomhusbruk. Denna innovativa slang erbjuder enast\u00e5ende skydd och m\u00e5ngsidighet f\u00f6r dina installationer. AGT ECOLINE \u00e4r det perfekta valet f\u00f6r dig som s\u00f6ker en h\u00e5llbar och m\u00e5ngsidig skyddsslang. Med sin unika kombination av flexibilitet, h\u00e5llbarhet och milj\u00f6v\u00e4nlighet \u00e4r den idealisk f\u00f6r en m\u00e4ngd olika applikationer, fr\u00e5n standardinstallationer till kr\u00e4vande utomhusmilj\u00f6er som solpanelinstallationer. V\u00e4lj Skyddsslang \/ AGT ECOLINE f\u00f6r p\u00e5litligt skydd och optimal prestanda i dina projekt. AGT har speciell patenterad profil * f\u00f6r ge ORJ-o-ringen en h\u00f6gre IP-klass. Passar bra f\u00f6r standardapplikationer inom:    Maskinbyggnation  Automation  F\u00f6rnyelsebara energiinstallationer  Konstruktion  J\u00e4rnv\u00e4gsindustri\" \/>\n<meta property=\"og:url\" content=\"https:\/\/c-profil.se\/english\/product\/conduit-agt\/\" \/>\n<meta property=\"og:site_name\" content=\"C-Pro\" \/>\n<meta property=\"article:publisher\" content=\"https:\/\/www.facebook.com\/people\/C-Pro\/61561767306874\/\" \/>\n<meta property=\"article:modified_time\" content=\"2026-03-19T13:27:34+00:00\" \/>\n<meta property=\"og:image\" content=\"https:\/\/c-profil.se\/wp-content\/uploads\/2022\/06\/Skyddsslang.jpg\" \/>\n\t<meta property=\"og:image:width\" content=\"1000\" \/>\n\t<meta property=\"og:image:height\" content=\"1000\" \/>\n\t<meta property=\"og:image:type\" content=\"image\/jpeg\" \/>\n<meta name=\"twitter:card\" content=\"summary_large_image\" \/>\n<meta name=\"twitter:label1\" content=\"Price\" \/>\n\t<meta name=\"twitter:data1\" content=\"\" \/>\n\t<meta name=\"twitter:label2\" content=\"Availability\" \/>\n\t<meta name=\"twitter:data2\" content=\"In stock\" \/>\n<script type=\"application\/ld+json\" class=\"yoast-schema-graph\">{\"@context\":\"https:\\\/\\\/schema.org\",\"@graph\":[{\"@type\":\"WebPage\",\"@id\":\"https:\\\/\\\/c-profil.se\\\/produkt\\\/skyddsslang-agt\\\/\",\"url\":\"https:\\\/\\\/c-profil.se\\\/produkt\\\/skyddsslang-agt\\\/\",\"name\":\"Skyddsslang | AGT ECOLINE: Flexibel slang f\u00f6r olika applikationer - C-Pro\",\"isPartOf\":{\"@id\":\"https:\\\/\\\/c-profil.se\\\/#website\"},\"primaryImageOfPage\":{\"@id\":\"https:\\\/\\\/c-profil.se\\\/produkt\\\/skyddsslang-agt\\\/#primaryimage\"},\"image\":{\"@id\":\"https:\\\/\\\/c-profil.se\\\/produkt\\\/skyddsslang-agt\\\/#primaryimage\"},\"thumbnailUrl\":\"https:\\\/\\\/c-profil.se\\\/wp-content\\\/uploads\\\/2022\\\/06\\\/Skyddsslang.jpg\",\"datePublished\":\"2017-07-14T09:52:00+00:00\",\"dateModified\":\"2026-03-19T13:27:34+00:00\",\"description\":\"Flexibel Skyddsslang \\\/ AGT ECOLINE som passar f\u00f6r: Maskinbyggnation, Automation, Energiinstallationer, Konstruktion & J\u00e4rnv\u00e4gsindustri. L\u00e4s Mer!\",\"breadcrumb\":{\"@id\":\"https:\\\/\\\/c-profil.se\\\/produkt\\\/skyddsslang-agt\\\/#breadcrumb\"},\"inLanguage\":\"en\",\"potentialAction\":[{\"@type\":\"ReadAction\",\"target\":[\"https:\\\/\\\/c-profil.se\\\/produkt\\\/skyddsslang-agt\\\/\"]}]},{\"@type\":\"ImageObject\",\"inLanguage\":\"en\",\"@id\":\"https:\\\/\\\/c-profil.se\\\/produkt\\\/skyddsslang-agt\\\/#primaryimage\",\"url\":\"https:\\\/\\\/c-profil.se\\\/wp-content\\\/uploads\\\/2022\\\/06\\\/Skyddsslang.jpg\",\"contentUrl\":\"https:\\\/\\\/c-profil.se\\\/wp-content\\\/uploads\\\/2022\\\/06\\\/Skyddsslang.jpg\",\"width\":1000,\"height\":1000,\"caption\":\"Skyddsslang\"},{\"@type\":\"BreadcrumbList\",\"@id\":\"https:\\\/\\\/c-profil.se\\\/produkt\\\/skyddsslang-agt\\\/#breadcrumb\",\"itemListElement\":[{\"@type\":\"ListItem\",\"position\":1,\"name\":\"Hem\",\"item\":\"https:\\\/\\\/c-profil.se\\\/\"},{\"@type\":\"ListItem\",\"position\":2,\"name\":\"Produkter\",\"item\":\"https:\\\/\\\/c-profil.se\\\/produkter\\\/\"},{\"@type\":\"ListItem\",\"position\":3,\"name\":\"Skyddsslang\",\"item\":\"https:\\\/\\\/c-profil.se\\\/produkt-kategori\\\/skyddsslang\\\/\"},{\"@type\":\"ListItem\",\"position\":4,\"name\":\"Skyddsslang | AGT ECOLINE\"}]},{\"@type\":\"WebSite\",\"@id\":\"https:\\\/\\\/c-profil.se\\\/#website\",\"url\":\"https:\\\/\\\/c-profil.se\\\/\",\"name\":\"C-Pro\",\"description\":\"Produkter f\u00f6r El och Automation\",\"publisher\":{\"@id\":\"https:\\\/\\\/c-profil.se\\\/#organization\"},\"potentialAction\":[{\"@type\":\"SearchAction\",\"target\":{\"@type\":\"EntryPoint\",\"urlTemplate\":\"https:\\\/\\\/c-profil.se\\\/?s={search_term_string}\"},\"query-input\":{\"@type\":\"PropertyValueSpecification\",\"valueRequired\":true,\"valueName\":\"search_term_string\"}}],\"inLanguage\":\"en\"},{\"@type\":\"Organization\",\"@id\":\"https:\\\/\\\/c-profil.se\\\/#organization\",\"name\":\"C-Pro\",\"alternateName\":\"C-PRO\",\"url\":\"https:\\\/\\\/c-profil.se\\\/\",\"logo\":{\"@type\":\"ImageObject\",\"inLanguage\":\"en\",\"@id\":\"https:\\\/\\\/c-profil.se\\\/#\\\/schema\\\/logo\\\/image\\\/\",\"url\":\"https:\\\/\\\/c-profil.se\\\/wp-content\\\/uploads\\\/2022\\\/03\\\/c-pro-logga-liggande-500x500-1.png\",\"contentUrl\":\"https:\\\/\\\/c-profil.se\\\/wp-content\\\/uploads\\\/2022\\\/03\\\/c-pro-logga-liggande-500x500-1.png\",\"width\":500,\"height\":500,\"caption\":\"C-Pro\"},\"image\":{\"@id\":\"https:\\\/\\\/c-profil.se\\\/#\\\/schema\\\/logo\\\/image\\\/\"},\"sameAs\":[\"https:\\\/\\\/www.facebook.com\\\/people\\\/C-Pro\\\/61561767306874\\\/\",\"https:\\\/\\\/www.linkedin.com\\\/company\\\/c-pro-ab\",\"https:\\\/\\\/www.instagram.com\\\/cpro.ab\\\/\"],\"description\":\"C-PRO AB \u00e4r en helt\u00e4ckande leverant\u00f6r av material f\u00f6r applikationer inom el och automation. \u00c4nda sedan starten 1987 har vi f\u00f6rsett den svenska tillverkande industrin med elmaterial. Trots v\u00e5r storlek och ledande position har vi aldrig \u00f6vergett v\u00e5r grundfilosofi, att vara en personlig leverant\u00f6r. Vi p\u00e5 C-PRO \u00e4r l\u00e4tta att komma i kontakt med, \u00e4rliga och brinner f\u00f6r att l\u00f6sa v\u00e5ra kunders problem.\",\"email\":\"info@c-profil.se\",\"telephone\":\"031575785\",\"legalName\":\"C-Profil F\u00f6rl\u00e4ggningsmaterial AB\",\"foundingDate\":\"1987-01-01\"}]}<\/script>\n<meta property=\"product:brand\" content=\"dragning av kablage\" \/>\n<meta property=\"product:price:currency\" content=\"SEK\" \/>\n<meta property=\"og:availability\" content=\"instock\" \/>\n<meta property=\"product:availability\" content=\"instock\" \/>\n<meta property=\"product:retailer_item_id\" content=\"AGT ECOLINE\" \/>\n<meta property=\"product:condition\" content=\"new\" \/>\n<!-- \/ Yoast SEO Premium plugin. -->","yoast_head_json":{"title":"Protective hose | AGT ECOLINE: Flexible hose for various applications - C-Pro","description":"Flexible Conduit \/ AGT ECOLINE suitable for: Mechanical engineering, Automation, Energy installations, Construction &amp; Railway industry. Read More!","robots":{"index":"index","follow":"follow","max-snippet":"max-snippet:-1","max-image-preview":"max-image-preview:large","max-video-preview":"max-video-preview:-1"},"canonical":"https:\/\/c-profil.se\/english\/product\/conduit-agt\/","og_locale":"en_US","og_type":"article","og_title":"Skyddsslang | AGT ECOLINE - C-Pro","og_description":"Skyddsslang \/ AGT ECOLINE \u00e4r en flexibel slang med medeltjocka v\u00e4ggar i PA6, perfekt f\u00f6r b\u00e5de standardapplikationer och utomhusbruk. Denna innovativa slang erbjuder enast\u00e5ende skydd och m\u00e5ngsidighet f\u00f6r dina installationer. AGT ECOLINE \u00e4r det perfekta valet f\u00f6r dig som s\u00f6ker en h\u00e5llbar och m\u00e5ngsidig skyddsslang. Med sin unika kombination av flexibilitet, h\u00e5llbarhet och milj\u00f6v\u00e4nlighet \u00e4r den idealisk f\u00f6r en m\u00e4ngd olika applikationer, fr\u00e5n standardinstallationer till kr\u00e4vande utomhusmilj\u00f6er som solpanelinstallationer. V\u00e4lj Skyddsslang \/ AGT ECOLINE f\u00f6r p\u00e5litligt skydd och optimal prestanda i dina projekt. AGT har speciell patenterad profil * f\u00f6r ge ORJ-o-ringen en h\u00f6gre IP-klass. Passar bra f\u00f6r standardapplikationer inom:    Maskinbyggnation  Automation  F\u00f6rnyelsebara energiinstallationer  Konstruktion  J\u00e4rnv\u00e4gsindustri","og_url":"https:\/\/c-profil.se\/english\/product\/conduit-agt\/","og_site_name":"C-Pro","article_publisher":"https:\/\/www.facebook.com\/people\/C-Pro\/61561767306874\/","article_modified_time":"2026-03-19T13:27:34+00:00","og_image":[{"width":1000,"height":1000,"url":"https:\/\/c-profil.se\/wp-content\/uploads\/2022\/06\/Skyddsslang.jpg","type":"image\/jpeg"}],"twitter_card":"summary_large_image","twitter_misc":{"Price":"","Availability":"In stock"},"schema":{"@context":"https:\/\/schema.org","@graph":[{"@type":"WebPage","@id":"https:\/\/c-profil.se\/produkt\/skyddsslang-agt\/","url":"https:\/\/c-profil.se\/produkt\/skyddsslang-agt\/","name":"Protective hose | AGT ECOLINE: Flexible hose for various applications - C-Pro","isPartOf":{"@id":"https:\/\/c-profil.se\/#website"},"primaryImageOfPage":{"@id":"https:\/\/c-profil.se\/produkt\/skyddsslang-agt\/#primaryimage"},"image":{"@id":"https:\/\/c-profil.se\/produkt\/skyddsslang-agt\/#primaryimage"},"thumbnailUrl":"https:\/\/c-profil.se\/wp-content\/uploads\/2022\/06\/Skyddsslang.jpg","datePublished":"2017-07-14T09:52:00+00:00","dateModified":"2026-03-19T13:27:34+00:00","description":"Flexible Conduit \/ AGT ECOLINE suitable for: Mechanical engineering, Automation, Energy installations, Construction &amp; Railway industry. Read More!","breadcrumb":{"@id":"https:\/\/c-profil.se\/produkt\/skyddsslang-agt\/#breadcrumb"},"inLanguage":"en","potentialAction":[{"@type":"ReadAction","target":["https:\/\/c-profil.se\/produkt\/skyddsslang-agt\/"]}]},{"@type":"ImageObject","inLanguage":"en","@id":"https:\/\/c-profil.se\/produkt\/skyddsslang-agt\/#primaryimage","url":"https:\/\/c-profil.se\/wp-content\/uploads\/2022\/06\/Skyddsslang.jpg","contentUrl":"https:\/\/c-profil.se\/wp-content\/uploads\/2022\/06\/Skyddsslang.jpg","width":1000,"height":1000,"caption":"Skyddsslang"},{"@type":"BreadcrumbList","@id":"https:\/\/c-profil.se\/produkt\/skyddsslang-agt\/#breadcrumb","itemListElement":[{"@type":"ListItem","position":1,"name":"Hem","item":"https:\/\/c-profil.se\/"},{"@type":"ListItem","position":2,"name":"Produkter","item":"https:\/\/c-profil.se\/produkter\/"},{"@type":"ListItem","position":3,"name":"Skyddsslang","item":"https:\/\/c-profil.se\/produkt-kategori\/skyddsslang\/"},{"@type":"ListItem","position":4,"name":"Skyddsslang | AGT ECOLINE"}]},{"@type":"WebSite","@id":"https:\/\/c-profil.se\/#website","url":"https:\/\/c-profil.se\/","name":"C-Pro","description":"Products for Electricity and Automation","publisher":{"@id":"https:\/\/c-profil.se\/#organization"},"potentialAction":[{"@type":"SearchAction","target":{"@type":"EntryPoint","urlTemplate":"https:\/\/c-profil.se\/?s={search_term_string}"},"query-input":{"@type":"PropertyValueSpecification","valueRequired":true,"valueName":"search_term_string"}}],"inLanguage":"en"},{"@type":"Organization","@id":"https:\/\/c-profil.se\/#organization","name":"C-Pro","alternateName":"C-PRO","url":"https:\/\/c-profil.se\/","logo":{"@type":"ImageObject","inLanguage":"en","@id":"https:\/\/c-profil.se\/#\/schema\/logo\/image\/","url":"https:\/\/c-profil.se\/wp-content\/uploads\/2022\/03\/c-pro-logga-liggande-500x500-1.png","contentUrl":"https:\/\/c-profil.se\/wp-content\/uploads\/2022\/03\/c-pro-logga-liggande-500x500-1.png","width":500,"height":500,"caption":"C-Pro"},"image":{"@id":"https:\/\/c-profil.se\/#\/schema\/logo\/image\/"},"sameAs":["https:\/\/www.facebook.com\/people\/C-Pro\/61561767306874\/","https:\/\/www.linkedin.com\/company\/c-pro-ab","https:\/\/www.instagram.com\/cpro.ab\/"],"description":"C-PRO AB is a comprehensive supplier of materials for applications in electricity and automation. Ever since the start in 1987, we have supplied the Swedish manufacturing industry with electrical materials. Despite our size and leading position, we have never abandoned our basic philosophy, to be a personal supplier. We at C-PRO are easy to get in touch with, honest and passionate about solving our customers&#039; problems.","email":"info@c-profil.se","telephone":"031575785","legalName":"C-Profil F\u00f6rl\u00e4ggningsmaterial AB","foundingDate":"1987-01-01"}]},"product_brand":"dragning av kablage","product_price_currency":"SEK","og_availability":"instock","product_availability":"instock","product_retailer_item_id":"AGT ECOLINE","product_condition":"new"},"_links":{"self":[{"href":"https:\/\/c-profil.se\/english\/wp-json\/wp\/v2\/product\/24493","targetHints":{"allow":["GET"]}}],"collection":[{"href":"https:\/\/c-profil.se\/english\/wp-json\/wp\/v2\/product"}],"about":[{"href":"https:\/\/c-profil.se\/english\/wp-json\/wp\/v2\/types\/product"}],"version-history":[{"count":9,"href":"https:\/\/c-profil.se\/english\/wp-json\/wp\/v2\/product\/24493\/revisions"}],"predecessor-version":[{"id":74427,"href":"https:\/\/c-profil.se\/english\/wp-json\/wp\/v2\/product\/24493\/revisions\/74427"}],"wp:featuredmedia":[{"embeddable":true,"href":"https:\/\/c-profil.se\/english\/wp-json\/wp\/v2\/media\/51565"}],"wp:attachment":[{"href":"https:\/\/c-profil.se\/english\/wp-json\/wp\/v2\/media?parent=24493"}],"wp:term":[{"taxonomy":"product_brand","embeddable":true,"href":"https:\/\/c-profil.se\/english\/wp-json\/wp\/v2\/product_brand?post=24493"},{"taxonomy":"product_cat","embeddable":true,"href":"https:\/\/c-profil.se\/english\/wp-json\/wp\/v2\/product_cat?post=24493"},{"taxonomy":"product_tag","embeddable":true,"href":"https:\/\/c-profil.se\/english\/wp-json\/wp\/v2\/product_tag?post=24493"}],"curies":[{"name":"wp","href":"https:\/\/api.w.org\/{rel}","templated":true}]}}