{"id":24489,"date":"2017-06-19T10:10:00","date_gmt":"2017-06-19T09:10:00","guid":{"rendered":"https:\/\/c-profil.se\/produkt\/runda-knockout-punchar\/"},"modified":"2026-05-06T08:41:23","modified_gmt":"2026-05-06T07:41:23","slug":"punches-metric","status":"publish","type":"product","link":"https:\/\/c-profil.se\/english\/produkt\/punchar-metriska\/","title":{"rendered":"Punches Round metric"},"content":{"rendered":"<p><strong>Round metric punches are self-centering knockout punches for precise hole making<\/strong> in stainless steel, sheet steel, aluminum and plastic.<br \/>\nThey are adapted for both manual and hydraulic operation and enable holes to be made for all icotek round cable glands with minimal effort.<\/p>","protected":false},"excerpt":{"rendered":"<p>Punches round metric are self-centering knockout punches for stainless steel (V2A versions), mild steel, aluminum and plastic walls with max. thickness 3 mm (V2A: max. 2 mm). Punches available for punching PG16, M16, M20, M25, M32, M40, M50, M63, M75 and M85. Punching for all Icotek rounds <a href=\"https:\/\/c-profil.se\/english\/cable-entry-systems\/\">cable entry systems<\/a> is possible. The punch's special cutting geometry reduces the cutting pressure and thus the required effort. The punch splits the sheet into several pieces for easy removal. We also offer a PG16 (22.5mm) punch with integrated 3mm anti-rotation. The punches are also compatible with hand hydraulic punch tools from other manufacturers. The punches are designed for manual and hydraulic operation. Metric punches fit e.g. ours <a href=\"\/english\/product\/punch-tool-set\/\">hydraulic tools<\/a>.<\/p>\n<ul>\n<li><strong>Compatible with:<\/strong>\u00a0Punching tool set: <a href=\"\/english\/product\/punch-tool-set\/\">BASIC, PRO 16-32, and PRO 16-63<\/a>.<\/li>\n<li><strong>Suitable for eg article:\u00a0<\/strong>KVT<\/li>\n<li><strong>Material punch:<\/strong> Steel, hardened and polished<\/li>\n<\/ul>\n<p><strong>The delivery includes:<\/strong><\/p>\n<ul>\n<li>Punch and counterweight (no draw stud)<\/li>\n<\/ul>","protected":false},"featured_media":45240,"template":"","meta":{"_acf_changed":false},"product_brand":[740],"product_cat":[762],"product_tag":[940,998,1005,1001],"class_list":{"0":"post-24489","1":"product","2":"type-product","3":"status-publish","4":"has-post-thumbnail","6":"product_brand-icotek","7":"product_cat-verktyg","8":"product_tag-apparatskap","9":"product_tag-haltagning","10":"product_tag-platbearbetning","11":"product_tag-verktyg","13":"first","14":"instock","15":"shipping-taxable","16":"product-type-simple"},"acf":[],"yoast_head":"<!-- This site is optimized with the Yoast SEO Premium plugin v27.5 (Yoast SEO v27.5) - https:\/\/yoast.com\/product\/yoast-seo-premium-wordpress\/ -->\n<title>Punchar Runda Metriska: Sj\u00e4lvcentrerande Punchar - C-Pro<\/title>\n<meta name=\"description\" content=\"Punchar runda metriska \u00e4r sj\u00e4lvcentrerande knockout punchar f\u00f6r rostfritt st\u00e5l (V2A-versioner), mjukt st\u00e5l, aluminium och plastv\u00e4ggar.\" \/>\n<meta name=\"robots\" content=\"index, follow, max-snippet:-1, max-image-preview:large, max-video-preview:-1\" \/>\n<link rel=\"canonical\" href=\"https:\/\/c-profil.se\/english\/product\/punches-metric\/\" \/>\n<meta property=\"og:locale\" content=\"en_US\" \/>\n<meta property=\"og:type\" content=\"article\" \/>\n<meta property=\"og:title\" content=\"Punchar Runda metriska - C-Pro\" \/>\n<meta property=\"og:description\" content=\"Punchar runda metriska \u00e4r sj\u00e4lvcentrerande knockout punchar f\u00f6r rostfritt st\u00e5l (V2A-versioner), mjukt st\u00e5l, aluminium och plastv\u00e4ggar med max. tjocklek 3 mm (V2A: max 2 mm). Stansar tillg\u00e4ngliga f\u00f6r h\u00e5ltagning PG16, M16, M20, M25, M32, M40, M50, M63, M75 och M85. H\u00e5ltagning f\u00f6r alla Icoteks runda kabelgenomf\u00f6ringar \u00e4r m\u00f6jlig. Stansens speciella sk\u00e4rgeometri minskar sk\u00e4rtrycket och d\u00e4rmed den erforderliga anstr\u00e4ngningen. Stansen splittrar pl\u00e5ten i flera bitar f\u00f6r enkelt avl\u00e4gsnande. Vi erbjuder \u00e4ven en PG16 (22,5 mm) stans med integrerad 3 mm vridskydd. Stansarna passar ocks\u00e5 med handhydrauliska punchverktyg fr\u00e5n andra tillverkare. Stansarna \u00e4r konstruerade f\u00f6r manuell och hydraulisk drift. Punchar metriska passar bl.a. v\u00e5rt hydraulverktyg.   Kompatibla med:\u00a0Punchvertygs set: BASIC, PRO 16-32 och PRO 16-63.  Passar till t.ex artikel:\u00a0KVT  Material punch: St\u00e5l, h\u00e4rdat och polerat  I leveransen ing\u00e5r:   Stans och motl\u00e4gg (ingen dragst\u00e5ng)\" \/>\n<meta property=\"og:url\" content=\"https:\/\/c-profil.se\/english\/product\/punches-metric\/\" \/>\n<meta property=\"og:site_name\" content=\"C-Pro\" \/>\n<meta property=\"article:publisher\" content=\"https:\/\/www.facebook.com\/people\/C-Pro\/61561767306874\/\" \/>\n<meta property=\"article:modified_time\" content=\"2026-05-06T07:41:23+00:00\" \/>\n<meta property=\"og:image\" content=\"https:\/\/c-profil.se\/wp-content\/uploads\/2017\/06\/Punchar-Runda-Metriska.jpg\" \/>\n\t<meta property=\"og:image:width\" content=\"1000\" \/>\n\t<meta property=\"og:image:height\" content=\"1000\" \/>\n\t<meta property=\"og:image:type\" content=\"image\/jpeg\" \/>\n<meta name=\"twitter:card\" content=\"summary_large_image\" \/>\n<meta name=\"twitter:label1\" content=\"Price\" \/>\n\t<meta name=\"twitter:data1\" content=\"\" \/>\n\t<meta name=\"twitter:label2\" content=\"Availability\" \/>\n\t<meta name=\"twitter:data2\" content=\"In stock\" \/>\n<script type=\"application\/ld+json\" class=\"yoast-schema-graph\">{\"@context\":\"https:\\\/\\\/schema.org\",\"@graph\":[{\"@type\":\"WebPage\",\"@id\":\"https:\\\/\\\/c-profil.se\\\/produkt\\\/punchar-metriska\\\/\",\"url\":\"https:\\\/\\\/c-profil.se\\\/produkt\\\/punchar-metriska\\\/\",\"name\":\"Punchar Runda Metriska: Sj\u00e4lvcentrerande Punchar - C-Pro\",\"isPartOf\":{\"@id\":\"https:\\\/\\\/c-profil.se\\\/#website\"},\"primaryImageOfPage\":{\"@id\":\"https:\\\/\\\/c-profil.se\\\/produkt\\\/punchar-metriska\\\/#primaryimage\"},\"image\":{\"@id\":\"https:\\\/\\\/c-profil.se\\\/produkt\\\/punchar-metriska\\\/#primaryimage\"},\"thumbnailUrl\":\"https:\\\/\\\/c-profil.se\\\/wp-content\\\/uploads\\\/2017\\\/06\\\/Punchar-Runda-Metriska.jpg\",\"datePublished\":\"2017-06-19T09:10:00+00:00\",\"dateModified\":\"2026-05-06T07:41:23+00:00\",\"description\":\"Punchar runda metriska \u00e4r sj\u00e4lvcentrerande knockout punchar f\u00f6r rostfritt st\u00e5l (V2A-versioner), mjukt st\u00e5l, aluminium och plastv\u00e4ggar.\",\"breadcrumb\":{\"@id\":\"https:\\\/\\\/c-profil.se\\\/produkt\\\/punchar-metriska\\\/#breadcrumb\"},\"inLanguage\":\"en\",\"potentialAction\":[{\"@type\":\"ReadAction\",\"target\":[\"https:\\\/\\\/c-profil.se\\\/produkt\\\/punchar-metriska\\\/\"]}]},{\"@type\":\"ImageObject\",\"inLanguage\":\"en\",\"@id\":\"https:\\\/\\\/c-profil.se\\\/produkt\\\/punchar-metriska\\\/#primaryimage\",\"url\":\"https:\\\/\\\/c-profil.se\\\/wp-content\\\/uploads\\\/2017\\\/06\\\/Punchar-Runda-Metriska.jpg\",\"contentUrl\":\"https:\\\/\\\/c-profil.se\\\/wp-content\\\/uploads\\\/2017\\\/06\\\/Punchar-Runda-Metriska.jpg\",\"width\":1000,\"height\":1000,\"caption\":\"Punchar Runda Metriska\"},{\"@type\":\"BreadcrumbList\",\"@id\":\"https:\\\/\\\/c-profil.se\\\/produkt\\\/punchar-metriska\\\/#breadcrumb\",\"itemListElement\":[{\"@type\":\"ListItem\",\"position\":1,\"name\":\"Hem\",\"item\":\"https:\\\/\\\/c-profil.se\\\/\"},{\"@type\":\"ListItem\",\"position\":2,\"name\":\"Produkter\",\"item\":\"https:\\\/\\\/c-profil.se\\\/produkter\\\/\"},{\"@type\":\"ListItem\",\"position\":3,\"name\":\"Verktyg\",\"item\":\"https:\\\/\\\/c-profil.se\\\/produkt-kategori\\\/verktyg\\\/\"},{\"@type\":\"ListItem\",\"position\":4,\"name\":\"Punchar Runda metriska\"}]},{\"@type\":\"WebSite\",\"@id\":\"https:\\\/\\\/c-profil.se\\\/#website\",\"url\":\"https:\\\/\\\/c-profil.se\\\/\",\"name\":\"C-Pro\",\"description\":\"Produkter f\u00f6r El och Automation\",\"publisher\":{\"@id\":\"https:\\\/\\\/c-profil.se\\\/#organization\"},\"potentialAction\":[{\"@type\":\"SearchAction\",\"target\":{\"@type\":\"EntryPoint\",\"urlTemplate\":\"https:\\\/\\\/c-profil.se\\\/?s={search_term_string}\"},\"query-input\":{\"@type\":\"PropertyValueSpecification\",\"valueRequired\":true,\"valueName\":\"search_term_string\"}}],\"inLanguage\":\"en\"},{\"@type\":\"Organization\",\"@id\":\"https:\\\/\\\/c-profil.se\\\/#organization\",\"name\":\"C-Pro\",\"alternateName\":\"C-PRO\",\"url\":\"https:\\\/\\\/c-profil.se\\\/\",\"logo\":{\"@type\":\"ImageObject\",\"inLanguage\":\"en\",\"@id\":\"https:\\\/\\\/c-profil.se\\\/#\\\/schema\\\/logo\\\/image\\\/\",\"url\":\"https:\\\/\\\/c-profil.se\\\/wp-content\\\/uploads\\\/2022\\\/03\\\/c-pro-logga-liggande-500x500-1.png\",\"contentUrl\":\"https:\\\/\\\/c-profil.se\\\/wp-content\\\/uploads\\\/2022\\\/03\\\/c-pro-logga-liggande-500x500-1.png\",\"width\":500,\"height\":500,\"caption\":\"C-Pro\"},\"image\":{\"@id\":\"https:\\\/\\\/c-profil.se\\\/#\\\/schema\\\/logo\\\/image\\\/\"},\"sameAs\":[\"https:\\\/\\\/www.facebook.com\\\/people\\\/C-Pro\\\/61561767306874\\\/\",\"https:\\\/\\\/www.linkedin.com\\\/company\\\/c-pro-ab\",\"https:\\\/\\\/www.instagram.com\\\/cpro.ab\\\/\"],\"description\":\"C-PRO AB \u00e4r en helt\u00e4ckande leverant\u00f6r av material f\u00f6r applikationer inom el och automation. \u00c4nda sedan starten 1987 har vi f\u00f6rsett den svenska tillverkande industrin med elmaterial. Trots v\u00e5r storlek och ledande position har vi aldrig \u00f6vergett v\u00e5r grundfilosofi, att vara en personlig leverant\u00f6r. Vi p\u00e5 C-PRO \u00e4r l\u00e4tta att komma i kontakt med, \u00e4rliga och brinner f\u00f6r att l\u00f6sa v\u00e5ra kunders problem.\",\"email\":\"info@c-profil.se\",\"telephone\":\"031575785\",\"legalName\":\"C-Profil F\u00f6rl\u00e4ggningsmaterial AB\",\"foundingDate\":\"1987-01-01\"}]}<\/script>\n<meta property=\"product:brand\" content=\"apparatsk\u00e5p\" \/>\n<meta property=\"product:price:currency\" content=\"SEK\" \/>\n<meta property=\"og:availability\" content=\"instock\" \/>\n<meta property=\"product:availability\" content=\"instock\" \/>\n<meta property=\"product:retailer_item_id\" content=\"Punchar runda metriska\" \/>\n<meta property=\"product:condition\" content=\"new\" \/>\n<!-- \/ Yoast SEO Premium plugin. -->","yoast_head_json":{"title":"Punches Round Metric: Self Centering Punches - C-Pro","description":"Round metric punches are self-centering knockout punches for stainless steel (V2A versions), mild steel, aluminum and plastic walls.","robots":{"index":"index","follow":"follow","max-snippet":"max-snippet:-1","max-image-preview":"max-image-preview:large","max-video-preview":"max-video-preview:-1"},"canonical":"https:\/\/c-profil.se\/english\/product\/punches-metric\/","og_locale":"en_US","og_type":"article","og_title":"Punchar Runda metriska - C-Pro","og_description":"Punchar runda metriska \u00e4r sj\u00e4lvcentrerande knockout punchar f\u00f6r rostfritt st\u00e5l (V2A-versioner), mjukt st\u00e5l, aluminium och plastv\u00e4ggar med max. tjocklek 3 mm (V2A: max 2 mm). Stansar tillg\u00e4ngliga f\u00f6r h\u00e5ltagning PG16, M16, M20, M25, M32, M40, M50, M63, M75 och M85. H\u00e5ltagning f\u00f6r alla Icoteks runda kabelgenomf\u00f6ringar \u00e4r m\u00f6jlig. Stansens speciella sk\u00e4rgeometri minskar sk\u00e4rtrycket och d\u00e4rmed den erforderliga anstr\u00e4ngningen. Stansen splittrar pl\u00e5ten i flera bitar f\u00f6r enkelt avl\u00e4gsnande. Vi erbjuder \u00e4ven en PG16 (22,5 mm) stans med integrerad 3 mm vridskydd. Stansarna passar ocks\u00e5 med handhydrauliska punchverktyg fr\u00e5n andra tillverkare. Stansarna \u00e4r konstruerade f\u00f6r manuell och hydraulisk drift. Punchar metriska passar bl.a. v\u00e5rt hydraulverktyg.   Kompatibla med:\u00a0Punchvertygs set: BASIC, PRO 16-32 och PRO 16-63.  Passar till t.ex artikel:\u00a0KVT  Material punch: St\u00e5l, h\u00e4rdat och polerat  I leveransen ing\u00e5r:   Stans och motl\u00e4gg (ingen dragst\u00e5ng)","og_url":"https:\/\/c-profil.se\/english\/product\/punches-metric\/","og_site_name":"C-Pro","article_publisher":"https:\/\/www.facebook.com\/people\/C-Pro\/61561767306874\/","article_modified_time":"2026-05-06T07:41:23+00:00","og_image":[{"width":1000,"height":1000,"url":"https:\/\/c-profil.se\/wp-content\/uploads\/2017\/06\/Punchar-Runda-Metriska.jpg","type":"image\/jpeg"}],"twitter_card":"summary_large_image","twitter_misc":{"Price":"","Availability":"In stock"},"schema":{"@context":"https:\/\/schema.org","@graph":[{"@type":"WebPage","@id":"https:\/\/c-profil.se\/produkt\/punchar-metriska\/","url":"https:\/\/c-profil.se\/produkt\/punchar-metriska\/","name":"Punches Round Metric: Self Centering Punches - C-Pro","isPartOf":{"@id":"https:\/\/c-profil.se\/#website"},"primaryImageOfPage":{"@id":"https:\/\/c-profil.se\/produkt\/punchar-metriska\/#primaryimage"},"image":{"@id":"https:\/\/c-profil.se\/produkt\/punchar-metriska\/#primaryimage"},"thumbnailUrl":"https:\/\/c-profil.se\/wp-content\/uploads\/2017\/06\/Punchar-Runda-Metriska.jpg","datePublished":"2017-06-19T09:10:00+00:00","dateModified":"2026-05-06T07:41:23+00:00","description":"Round metric punches are self-centering knockout punches for stainless steel (V2A versions), mild steel, aluminum and plastic walls.","breadcrumb":{"@id":"https:\/\/c-profil.se\/produkt\/punchar-metriska\/#breadcrumb"},"inLanguage":"en","potentialAction":[{"@type":"ReadAction","target":["https:\/\/c-profil.se\/produkt\/punchar-metriska\/"]}]},{"@type":"ImageObject","inLanguage":"en","@id":"https:\/\/c-profil.se\/produkt\/punchar-metriska\/#primaryimage","url":"https:\/\/c-profil.se\/wp-content\/uploads\/2017\/06\/Punchar-Runda-Metriska.jpg","contentUrl":"https:\/\/c-profil.se\/wp-content\/uploads\/2017\/06\/Punchar-Runda-Metriska.jpg","width":1000,"height":1000,"caption":"Punchar Runda Metriska"},{"@type":"BreadcrumbList","@id":"https:\/\/c-profil.se\/produkt\/punchar-metriska\/#breadcrumb","itemListElement":[{"@type":"ListItem","position":1,"name":"Hem","item":"https:\/\/c-profil.se\/"},{"@type":"ListItem","position":2,"name":"Produkter","item":"https:\/\/c-profil.se\/produkter\/"},{"@type":"ListItem","position":3,"name":"Verktyg","item":"https:\/\/c-profil.se\/produkt-kategori\/verktyg\/"},{"@type":"ListItem","position":4,"name":"Punchar Runda metriska"}]},{"@type":"WebSite","@id":"https:\/\/c-profil.se\/#website","url":"https:\/\/c-profil.se\/","name":"C-Pro","description":"Products for Electricity and Automation","publisher":{"@id":"https:\/\/c-profil.se\/#organization"},"potentialAction":[{"@type":"SearchAction","target":{"@type":"EntryPoint","urlTemplate":"https:\/\/c-profil.se\/?s={search_term_string}"},"query-input":{"@type":"PropertyValueSpecification","valueRequired":true,"valueName":"search_term_string"}}],"inLanguage":"en"},{"@type":"Organization","@id":"https:\/\/c-profil.se\/#organization","name":"C-Pro","alternateName":"C-PRO","url":"https:\/\/c-profil.se\/","logo":{"@type":"ImageObject","inLanguage":"en","@id":"https:\/\/c-profil.se\/#\/schema\/logo\/image\/","url":"https:\/\/c-profil.se\/wp-content\/uploads\/2022\/03\/c-pro-logga-liggande-500x500-1.png","contentUrl":"https:\/\/c-profil.se\/wp-content\/uploads\/2022\/03\/c-pro-logga-liggande-500x500-1.png","width":500,"height":500,"caption":"C-Pro"},"image":{"@id":"https:\/\/c-profil.se\/#\/schema\/logo\/image\/"},"sameAs":["https:\/\/www.facebook.com\/people\/C-Pro\/61561767306874\/","https:\/\/www.linkedin.com\/company\/c-pro-ab","https:\/\/www.instagram.com\/cpro.ab\/"],"description":"C-PRO AB is a comprehensive supplier of materials for applications in electricity and automation. Ever since the start in 1987, we have supplied the Swedish manufacturing industry with electrical materials. Despite our size and leading position, we have never abandoned our basic philosophy, to be a personal supplier. We at C-PRO are easy to get in touch with, honest and passionate about solving our customers&#039; problems.","email":"info@c-profil.se","telephone":"031575785","legalName":"C-Profil F\u00f6rl\u00e4ggningsmaterial AB","foundingDate":"1987-01-01"}]},"product_brand":"apparatsk\u00e5p","product_price_currency":"SEK","og_availability":"instock","product_availability":"instock","product_retailer_item_id":"Punchar runda metriska","product_condition":"new"},"_links":{"self":[{"href":"https:\/\/c-profil.se\/english\/wp-json\/wp\/v2\/product\/24489","targetHints":{"allow":["GET"]}}],"collection":[{"href":"https:\/\/c-profil.se\/english\/wp-json\/wp\/v2\/product"}],"about":[{"href":"https:\/\/c-profil.se\/english\/wp-json\/wp\/v2\/types\/product"}],"version-history":[{"count":11,"href":"https:\/\/c-profil.se\/english\/wp-json\/wp\/v2\/product\/24489\/revisions"}],"predecessor-version":[{"id":75386,"href":"https:\/\/c-profil.se\/english\/wp-json\/wp\/v2\/product\/24489\/revisions\/75386"}],"wp:featuredmedia":[{"embeddable":true,"href":"https:\/\/c-profil.se\/english\/wp-json\/wp\/v2\/media\/45240"}],"wp:attachment":[{"href":"https:\/\/c-profil.se\/english\/wp-json\/wp\/v2\/media?parent=24489"}],"wp:term":[{"taxonomy":"product_brand","embeddable":true,"href":"https:\/\/c-profil.se\/english\/wp-json\/wp\/v2\/product_brand?post=24489"},{"taxonomy":"product_cat","embeddable":true,"href":"https:\/\/c-profil.se\/english\/wp-json\/wp\/v2\/product_cat?post=24489"},{"taxonomy":"product_tag","embeddable":true,"href":"https:\/\/c-profil.se\/english\/wp-json\/wp\/v2\/product_tag?post=24489"}],"curies":[{"name":"wp","href":"https:\/\/api.w.org\/{rel}","templated":true}]}}