{"id":24481,"date":"2017-06-19T08:25:00","date_gmt":"2017-06-19T07:25:00","guid":{"rendered":"https:\/\/c-profil.se\/produkt\/punch-driver-set-basic\/"},"modified":"2026-03-19T14:44:44","modified_gmt":"2026-03-19T13:44:44","slug":"punch-tool-set","status":"publish","type":"product","link":"https:\/\/c-profil.se\/english\/produkt\/punchverktyg-set\/","title":{"rendered":"Punch Tool Set"},"content":{"rendered":"<p><strong>Hand-held hydraulic punch tool with hydraulic foot pump provides a powerful and flexible solution for precise hole making in sheet metal<\/strong> such as stainless steel, steel, aluminum and plastic.<br \/>\nThe rotatable cylinder in combination with the foot pump&#039;s hands-free function provides high precision, safe handling and maximum accessibility even in tight installation environments.<\/p>","protected":false},"excerpt":{"rendered":"<p><strong>Hand hydraulic punch tool<\/strong><\/p>\n<p>The compact and light hand hydraulic punch tool makes it easy to punch holes in V2A stainless steel, mild steel, aluminum or plastic with max. plate thickness of 3 mm (V2A: 2 mm) due to its high hydraulic power. The cylinder of the punch tool rotates 360 \u00b0 on 3 axes, so maximum flexibility is found even in hard-to-reach places. The punch tool can be used with all icotek punches and also with punches from other manufacturers.<\/p>\n<p><strong>The delivery includes:<\/strong><\/p>\n<p>1st hand hydraulic punching machine<br \/>\n1 pull bolt \u2205 9.5 mm (3\/8\u201d UNF) to \u2205 19 mm (3\/4\u201d UNF), L: 105 mm<br \/>\n1 pull bolt \u2205 19 mm (3\/4 \u201dUNF), L: 130 mm<br \/>\n1st distance<br \/>\n1pc pipe lubricant<br \/>\n1 HSS co-pilot drill (multi-stage drill)<br \/>\n1 sturdy plastic storage bag<br \/>\nSet PRO 16-31: 1 of each punch M16 | M20 | M25 | M32<br \/>\nSet PRO 16-63: 1 each knockout punch M16 | M20 | M25 | M32 | M40 | M50 | M63<\/p>\n<p><strong>Hydraulic Foot Pump<\/strong><\/p>\n<p>Universally usable single-stage foot pump with a fixed operating pressure of 450 bar and built-in pressure relief valve. Suitable for all icotek's round punches, rectangular and square punches. Keep your hands free to position the sheet metal punches precisely, especially when using larger sheet metal punches<\/p>\n<p><strong>The delivery includes:<\/strong><\/p>\n<p>1 foot pump<br \/>\n2.5 m high pressure conduit including quick coupling<br \/>\n1pc hydraulic cylinder to hold round and rectangular punch<br \/>\n1x draw bolt for rectangular punch, order no. 80209<br \/>\n1x draw bolt for round punch (steel) M16 \u2013 M25,<br \/>\nOrder no. 80200<br \/>\n1 multi-stage drill, order no. 80204<br \/>\n1 spacer, order no. 80202<br \/>\n1 piece pipe lubricant, order no. 8020<\/p>\n<div id=\"gtx-trans\" style=\"position: absolute;left: -2px;top: 86px\">\n<div class=\"gtx-trans-icon\"><\/div>\n<\/div>","protected":false},"featured_media":45234,"template":"","meta":{"_acf_changed":false},"product_brand":[740],"product_cat":[762],"product_tag":[940,998,1005,1001],"class_list":{"0":"post-24481","1":"product","2":"type-product","3":"status-publish","4":"has-post-thumbnail","6":"product_brand-icotek","7":"product_cat-verktyg","8":"product_tag-apparatskap","9":"product_tag-haltagning","10":"product_tag-platbearbetning","11":"product_tag-verktyg","13":"first","14":"instock","15":"shipping-taxable","16":"product-type-simple"},"acf":[],"yoast_head":"<!-- This site is optimized with the Yoast SEO Premium plugin v27.4 (Yoast SEO v27.4) - https:\/\/yoast.com\/product\/yoast-seo-premium-wordpress\/ -->\n<title>Punchverktyg set: Enkelt att stansa i olika material - C-Pro<\/title>\n<meta name=\"description\" content=\"Punchverktyg set, handhydrauliska eller med enstegsfotpump med ett fast driftstryck p\u00e5 450 bar och inbyggd tryckavlastningsventil. L\u00e4s Mer!\" \/>\n<meta name=\"robots\" content=\"index, follow, max-snippet:-1, max-image-preview:large, max-video-preview:-1\" \/>\n<link rel=\"canonical\" href=\"https:\/\/c-profil.se\/english\/product\/punch-tool-set\/\" \/>\n<meta property=\"og:locale\" content=\"en_US\" \/>\n<meta property=\"og:type\" content=\"article\" \/>\n<meta property=\"og:title\" content=\"Punchverktyg set - C-Pro\" \/>\n<meta property=\"og:description\" content=\"Handhydrauliskt Punchverktyg  Det kompakta och l\u00e4tta handhydrauliska punchverktyget g\u00f6r det enkelt att stansa h\u00e5l i rostfritt V2A-st\u00e5l, mjukt st\u00e5l, aluminium eller plast med max. pl\u00e5ttjocklek p\u00e5 3 mm (V2A: 2 mm) p\u00e5 grund av dess h\u00f6ga hydrauliska kraft. Punchverktygets cylinder roterar 360 \u00b0 p\u00e5 3 axlar, s\u00e5 maximal flexibilitet finns \u00e4ven p\u00e5 sv\u00e5r\u00e5tkomliga platser. Punchverktyget kan anv\u00e4ndas med alla icoteks stansar och \u00e4ven med stansar fr\u00e5n andra tillverkare.  I leveransen ing\u00e5r:  1st hand hydraulisk Punchmaskin 1st dragbult \u2205 9,5 mm (3\/8 &quot;UNF) till \u2205 19 mm (3\/4&quot; UNF), L: 105 mm 1st dragbult \u2205 19 mm (3\/4 &quot;UNF), L: 130 mm 1st distans 1st r\u00f6rsm\u00f6rjmedel 1st HSS co-pilot borr (flerstegs borr) 1st robust plastf\u00f6rvaringsv\u00e4ska Set PRO 16-31: 1 varje utslagsstans M16 | M20 | M25 | M32 Set PRO 16-63: 1 varje utslagsstans M16 | M20 | M25 | M32 | M40 | M50 | M63  Hydraulisk Fotpump  Universellt anv\u00e4ndbar enstegsfotpump med ett fast driftstryck p\u00e5 450 bar och inbyggd tryckavlastningsventil. L\u00e4mplig f\u00f6r alla icoteks runda stansar, rektangul\u00e4ra och fyrkantiga stansar. H\u00e5ller h\u00e4nderna fria f\u00f6r att placera pl\u00e5tstansarna exakt, s\u00e4rskilt n\u00e4r du anv\u00e4nder st\u00f6rre stansar av pl\u00e5t.  I leveransen ing\u00e5r:  1st fotpump 2,5 m h\u00f6gtrycksslang inklusive snabbkoppling 1st hydraulcylinder f\u00f6r att h\u00e5lla rund och rektangul\u00e4r stans 1st dragbult f\u00f6r rektangul\u00e4r stans, best.nr. 80209 1st dragbult f\u00f6r rundstans (st\u00e5l) M16 - M25, Best\u00e4llning nr 80200 1st flerstegsborr, best.nr. 80204 1st distans, best.nr. 80202 1st r\u00f6rsm\u00f6rjmedel, best.nr. 8020\" \/>\n<meta property=\"og:url\" content=\"https:\/\/c-profil.se\/english\/product\/punch-tool-set\/\" \/>\n<meta property=\"og:site_name\" content=\"C-Pro\" \/>\n<meta property=\"article:publisher\" content=\"https:\/\/www.facebook.com\/people\/C-Pro\/61561767306874\/\" \/>\n<meta property=\"article:modified_time\" content=\"2026-03-19T13:44:44+00:00\" \/>\n<meta property=\"og:image\" content=\"https:\/\/c-profil.se\/wp-content\/uploads\/2017\/06\/Handhydrauliskt-punchverktyg-med-tillbehor.jpg\" \/>\n\t<meta property=\"og:image:width\" content=\"1000\" \/>\n\t<meta property=\"og:image:height\" content=\"1000\" \/>\n\t<meta property=\"og:image:type\" content=\"image\/jpeg\" \/>\n<meta name=\"twitter:card\" content=\"summary_large_image\" \/>\n<meta name=\"twitter:label1\" content=\"Price\" \/>\n\t<meta name=\"twitter:data1\" content=\"\" \/>\n\t<meta name=\"twitter:label2\" content=\"Availability\" \/>\n\t<meta name=\"twitter:data2\" content=\"In stock\" \/>\n<script type=\"application\/ld+json\" class=\"yoast-schema-graph\">{\"@context\":\"https:\\\/\\\/schema.org\",\"@graph\":[{\"@type\":\"WebPage\",\"@id\":\"https:\\\/\\\/c-profil.se\\\/produkt\\\/punchverktyg-set\\\/\",\"url\":\"https:\\\/\\\/c-profil.se\\\/produkt\\\/punchverktyg-set\\\/\",\"name\":\"Punchverktyg set: Enkelt att stansa i olika material - C-Pro\",\"isPartOf\":{\"@id\":\"https:\\\/\\\/c-profil.se\\\/#website\"},\"primaryImageOfPage\":{\"@id\":\"https:\\\/\\\/c-profil.se\\\/produkt\\\/punchverktyg-set\\\/#primaryimage\"},\"image\":{\"@id\":\"https:\\\/\\\/c-profil.se\\\/produkt\\\/punchverktyg-set\\\/#primaryimage\"},\"thumbnailUrl\":\"https:\\\/\\\/c-profil.se\\\/wp-content\\\/uploads\\\/2017\\\/06\\\/Handhydrauliskt-punchverktyg-med-tillbehor.jpg\",\"datePublished\":\"2017-06-19T07:25:00+00:00\",\"dateModified\":\"2026-03-19T13:44:44+00:00\",\"description\":\"Punchverktyg set, handhydrauliska eller med enstegsfotpump med ett fast driftstryck p\u00e5 450 bar och inbyggd tryckavlastningsventil. L\u00e4s Mer!\",\"breadcrumb\":{\"@id\":\"https:\\\/\\\/c-profil.se\\\/produkt\\\/punchverktyg-set\\\/#breadcrumb\"},\"inLanguage\":\"en\",\"potentialAction\":[{\"@type\":\"ReadAction\",\"target\":[\"https:\\\/\\\/c-profil.se\\\/produkt\\\/punchverktyg-set\\\/\"]}]},{\"@type\":\"ImageObject\",\"inLanguage\":\"en\",\"@id\":\"https:\\\/\\\/c-profil.se\\\/produkt\\\/punchverktyg-set\\\/#primaryimage\",\"url\":\"https:\\\/\\\/c-profil.se\\\/wp-content\\\/uploads\\\/2017\\\/06\\\/Handhydrauliskt-punchverktyg-med-tillbehor.jpg\",\"contentUrl\":\"https:\\\/\\\/c-profil.se\\\/wp-content\\\/uploads\\\/2017\\\/06\\\/Handhydrauliskt-punchverktyg-med-tillbehor.jpg\",\"width\":1000,\"height\":1000,\"caption\":\"Handhydrauliskt punchverktyg med tillbeh\u00f6r\"},{\"@type\":\"BreadcrumbList\",\"@id\":\"https:\\\/\\\/c-profil.se\\\/produkt\\\/punchverktyg-set\\\/#breadcrumb\",\"itemListElement\":[{\"@type\":\"ListItem\",\"position\":1,\"name\":\"Hem\",\"item\":\"https:\\\/\\\/c-profil.se\\\/\"},{\"@type\":\"ListItem\",\"position\":2,\"name\":\"Produkter\",\"item\":\"https:\\\/\\\/c-profil.se\\\/produkter\\\/\"},{\"@type\":\"ListItem\",\"position\":3,\"name\":\"Verktyg\",\"item\":\"https:\\\/\\\/c-profil.se\\\/produkt-kategori\\\/verktyg\\\/\"},{\"@type\":\"ListItem\",\"position\":4,\"name\":\"Punchverktyg set\"}]},{\"@type\":\"WebSite\",\"@id\":\"https:\\\/\\\/c-profil.se\\\/#website\",\"url\":\"https:\\\/\\\/c-profil.se\\\/\",\"name\":\"C-Pro\",\"description\":\"Produkter f\u00f6r El och Automation\",\"publisher\":{\"@id\":\"https:\\\/\\\/c-profil.se\\\/#organization\"},\"potentialAction\":[{\"@type\":\"SearchAction\",\"target\":{\"@type\":\"EntryPoint\",\"urlTemplate\":\"https:\\\/\\\/c-profil.se\\\/?s={search_term_string}\"},\"query-input\":{\"@type\":\"PropertyValueSpecification\",\"valueRequired\":true,\"valueName\":\"search_term_string\"}}],\"inLanguage\":\"en\"},{\"@type\":\"Organization\",\"@id\":\"https:\\\/\\\/c-profil.se\\\/#organization\",\"name\":\"C-Pro\",\"alternateName\":\"C-PRO\",\"url\":\"https:\\\/\\\/c-profil.se\\\/\",\"logo\":{\"@type\":\"ImageObject\",\"inLanguage\":\"en\",\"@id\":\"https:\\\/\\\/c-profil.se\\\/#\\\/schema\\\/logo\\\/image\\\/\",\"url\":\"https:\\\/\\\/c-profil.se\\\/wp-content\\\/uploads\\\/2022\\\/03\\\/c-pro-logga-liggande-500x500-1.png\",\"contentUrl\":\"https:\\\/\\\/c-profil.se\\\/wp-content\\\/uploads\\\/2022\\\/03\\\/c-pro-logga-liggande-500x500-1.png\",\"width\":500,\"height\":500,\"caption\":\"C-Pro\"},\"image\":{\"@id\":\"https:\\\/\\\/c-profil.se\\\/#\\\/schema\\\/logo\\\/image\\\/\"},\"sameAs\":[\"https:\\\/\\\/www.facebook.com\\\/people\\\/C-Pro\\\/61561767306874\\\/\",\"https:\\\/\\\/www.linkedin.com\\\/company\\\/c-pro-ab\",\"https:\\\/\\\/www.instagram.com\\\/cpro.ab\\\/\"],\"description\":\"C-PRO AB \u00e4r en helt\u00e4ckande leverant\u00f6r av material f\u00f6r applikationer inom el och automation. \u00c4nda sedan starten 1987 har vi f\u00f6rsett den svenska tillverkande industrin med elmaterial. Trots v\u00e5r storlek och ledande position har vi aldrig \u00f6vergett v\u00e5r grundfilosofi, att vara en personlig leverant\u00f6r. Vi p\u00e5 C-PRO \u00e4r l\u00e4tta att komma i kontakt med, \u00e4rliga och brinner f\u00f6r att l\u00f6sa v\u00e5ra kunders problem.\",\"email\":\"info@c-profil.se\",\"telephone\":\"031575785\",\"legalName\":\"C-Profil F\u00f6rl\u00e4ggningsmaterial AB\",\"foundingDate\":\"1987-01-01\"}]}<\/script>\n<meta property=\"product:brand\" content=\"apparatsk\u00e5p\" \/>\n<meta property=\"product:price:currency\" content=\"SEK\" \/>\n<meta property=\"og:availability\" content=\"instock\" \/>\n<meta property=\"product:availability\" content=\"instock\" \/>\n<meta property=\"product:retailer_item_id\" content=\"Punchverktyg set\" \/>\n<meta property=\"product:condition\" content=\"new\" \/>\n<!-- \/ Yoast SEO Premium plugin. -->","yoast_head_json":{"title":"Punch tool set: Easy to punch in different materials - C-Pro","description":"Punch tool set, hand-hydraulic or with single-stage foot pump with a fixed operating pressure of 450 bar and built-in pressure relief valve. Read more!","robots":{"index":"index","follow":"follow","max-snippet":"max-snippet:-1","max-image-preview":"max-image-preview:large","max-video-preview":"max-video-preview:-1"},"canonical":"https:\/\/c-profil.se\/english\/product\/punch-tool-set\/","og_locale":"en_US","og_type":"article","og_title":"Punchverktyg set - C-Pro","og_description":"Handhydrauliskt Punchverktyg  Det kompakta och l\u00e4tta handhydrauliska punchverktyget g\u00f6r det enkelt att stansa h\u00e5l i rostfritt V2A-st\u00e5l, mjukt st\u00e5l, aluminium eller plast med max. pl\u00e5ttjocklek p\u00e5 3 mm (V2A: 2 mm) p\u00e5 grund av dess h\u00f6ga hydrauliska kraft. Punchverktygets cylinder roterar 360 \u00b0 p\u00e5 3 axlar, s\u00e5 maximal flexibilitet finns \u00e4ven p\u00e5 sv\u00e5r\u00e5tkomliga platser. Punchverktyget kan anv\u00e4ndas med alla icoteks stansar och \u00e4ven med stansar fr\u00e5n andra tillverkare.  I leveransen ing\u00e5r:  1st hand hydraulisk Punchmaskin 1st dragbult \u2205 9,5 mm (3\/8 \"UNF) till \u2205 19 mm (3\/4\" UNF), L: 105 mm 1st dragbult \u2205 19 mm (3\/4 \"UNF), L: 130 mm 1st distans 1st r\u00f6rsm\u00f6rjmedel 1st HSS co-pilot borr (flerstegs borr) 1st robust plastf\u00f6rvaringsv\u00e4ska Set PRO 16-31: 1 varje utslagsstans M16 | M20 | M25 | M32 Set PRO 16-63: 1 varje utslagsstans M16 | M20 | M25 | M32 | M40 | M50 | M63  Hydraulisk Fotpump  Universellt anv\u00e4ndbar enstegsfotpump med ett fast driftstryck p\u00e5 450 bar och inbyggd tryckavlastningsventil. L\u00e4mplig f\u00f6r alla icoteks runda stansar, rektangul\u00e4ra och fyrkantiga stansar. H\u00e5ller h\u00e4nderna fria f\u00f6r att placera pl\u00e5tstansarna exakt, s\u00e4rskilt n\u00e4r du anv\u00e4nder st\u00f6rre stansar av pl\u00e5t.  I leveransen ing\u00e5r:  1st fotpump 2,5 m h\u00f6gtrycksslang inklusive snabbkoppling 1st hydraulcylinder f\u00f6r att h\u00e5lla rund och rektangul\u00e4r stans 1st dragbult f\u00f6r rektangul\u00e4r stans, best.nr. 80209 1st dragbult f\u00f6r rundstans (st\u00e5l) M16 - M25, Best\u00e4llning nr 80200 1st flerstegsborr, best.nr. 80204 1st distans, best.nr. 80202 1st r\u00f6rsm\u00f6rjmedel, best.nr. 8020","og_url":"https:\/\/c-profil.se\/english\/product\/punch-tool-set\/","og_site_name":"C-Pro","article_publisher":"https:\/\/www.facebook.com\/people\/C-Pro\/61561767306874\/","article_modified_time":"2026-03-19T13:44:44+00:00","og_image":[{"width":1000,"height":1000,"url":"https:\/\/c-profil.se\/wp-content\/uploads\/2017\/06\/Handhydrauliskt-punchverktyg-med-tillbehor.jpg","type":"image\/jpeg"}],"twitter_card":"summary_large_image","twitter_misc":{"Price":"","Availability":"In stock"},"schema":{"@context":"https:\/\/schema.org","@graph":[{"@type":"WebPage","@id":"https:\/\/c-profil.se\/produkt\/punchverktyg-set\/","url":"https:\/\/c-profil.se\/produkt\/punchverktyg-set\/","name":"Punch tool set: Easy to punch in different materials - C-Pro","isPartOf":{"@id":"https:\/\/c-profil.se\/#website"},"primaryImageOfPage":{"@id":"https:\/\/c-profil.se\/produkt\/punchverktyg-set\/#primaryimage"},"image":{"@id":"https:\/\/c-profil.se\/produkt\/punchverktyg-set\/#primaryimage"},"thumbnailUrl":"https:\/\/c-profil.se\/wp-content\/uploads\/2017\/06\/Handhydrauliskt-punchverktyg-med-tillbehor.jpg","datePublished":"2017-06-19T07:25:00+00:00","dateModified":"2026-03-19T13:44:44+00:00","description":"Punch tool set, hand-hydraulic or with single-stage foot pump with a fixed operating pressure of 450 bar and built-in pressure relief valve. Read more!","breadcrumb":{"@id":"https:\/\/c-profil.se\/produkt\/punchverktyg-set\/#breadcrumb"},"inLanguage":"en","potentialAction":[{"@type":"ReadAction","target":["https:\/\/c-profil.se\/produkt\/punchverktyg-set\/"]}]},{"@type":"ImageObject","inLanguage":"en","@id":"https:\/\/c-profil.se\/produkt\/punchverktyg-set\/#primaryimage","url":"https:\/\/c-profil.se\/wp-content\/uploads\/2017\/06\/Handhydrauliskt-punchverktyg-med-tillbehor.jpg","contentUrl":"https:\/\/c-profil.se\/wp-content\/uploads\/2017\/06\/Handhydrauliskt-punchverktyg-med-tillbehor.jpg","width":1000,"height":1000,"caption":"Handhydrauliskt punchverktyg med tillbeh\u00f6r"},{"@type":"BreadcrumbList","@id":"https:\/\/c-profil.se\/produkt\/punchverktyg-set\/#breadcrumb","itemListElement":[{"@type":"ListItem","position":1,"name":"Hem","item":"https:\/\/c-profil.se\/"},{"@type":"ListItem","position":2,"name":"Produkter","item":"https:\/\/c-profil.se\/produkter\/"},{"@type":"ListItem","position":3,"name":"Verktyg","item":"https:\/\/c-profil.se\/produkt-kategori\/verktyg\/"},{"@type":"ListItem","position":4,"name":"Punchverktyg set"}]},{"@type":"WebSite","@id":"https:\/\/c-profil.se\/#website","url":"https:\/\/c-profil.se\/","name":"C-Pro","description":"Products for Electricity and Automation","publisher":{"@id":"https:\/\/c-profil.se\/#organization"},"potentialAction":[{"@type":"SearchAction","target":{"@type":"EntryPoint","urlTemplate":"https:\/\/c-profil.se\/?s={search_term_string}"},"query-input":{"@type":"PropertyValueSpecification","valueRequired":true,"valueName":"search_term_string"}}],"inLanguage":"en"},{"@type":"Organization","@id":"https:\/\/c-profil.se\/#organization","name":"C-Pro","alternateName":"C-PRO","url":"https:\/\/c-profil.se\/","logo":{"@type":"ImageObject","inLanguage":"en","@id":"https:\/\/c-profil.se\/#\/schema\/logo\/image\/","url":"https:\/\/c-profil.se\/wp-content\/uploads\/2022\/03\/c-pro-logga-liggande-500x500-1.png","contentUrl":"https:\/\/c-profil.se\/wp-content\/uploads\/2022\/03\/c-pro-logga-liggande-500x500-1.png","width":500,"height":500,"caption":"C-Pro"},"image":{"@id":"https:\/\/c-profil.se\/#\/schema\/logo\/image\/"},"sameAs":["https:\/\/www.facebook.com\/people\/C-Pro\/61561767306874\/","https:\/\/www.linkedin.com\/company\/c-pro-ab","https:\/\/www.instagram.com\/cpro.ab\/"],"description":"C-PRO AB is a comprehensive supplier of materials for applications in electricity and automation. Ever since the start in 1987, we have supplied the Swedish manufacturing industry with electrical materials. Despite our size and leading position, we have never abandoned our basic philosophy, to be a personal supplier. We at C-PRO are easy to get in touch with, honest and passionate about solving our customers&#039; problems.","email":"info@c-profil.se","telephone":"031575785","legalName":"C-Profil F\u00f6rl\u00e4ggningsmaterial AB","foundingDate":"1987-01-01"}]},"product_brand":"apparatsk\u00e5p","product_price_currency":"SEK","og_availability":"instock","product_availability":"instock","product_retailer_item_id":"Punchverktyg set","product_condition":"new"},"_links":{"self":[{"href":"https:\/\/c-profil.se\/english\/wp-json\/wp\/v2\/product\/24481","targetHints":{"allow":["GET"]}}],"collection":[{"href":"https:\/\/c-profil.se\/english\/wp-json\/wp\/v2\/product"}],"about":[{"href":"https:\/\/c-profil.se\/english\/wp-json\/wp\/v2\/types\/product"}],"version-history":[{"count":8,"href":"https:\/\/c-profil.se\/english\/wp-json\/wp\/v2\/product\/24481\/revisions"}],"predecessor-version":[{"id":71838,"href":"https:\/\/c-profil.se\/english\/wp-json\/wp\/v2\/product\/24481\/revisions\/71838"}],"wp:featuredmedia":[{"embeddable":true,"href":"https:\/\/c-profil.se\/english\/wp-json\/wp\/v2\/media\/45234"}],"wp:attachment":[{"href":"https:\/\/c-profil.se\/english\/wp-json\/wp\/v2\/media?parent=24481"}],"wp:term":[{"taxonomy":"product_brand","embeddable":true,"href":"https:\/\/c-profil.se\/english\/wp-json\/wp\/v2\/product_brand?post=24481"},{"taxonomy":"product_cat","embeddable":true,"href":"https:\/\/c-profil.se\/english\/wp-json\/wp\/v2\/product_cat?post=24481"},{"taxonomy":"product_tag","embeddable":true,"href":"https:\/\/c-profil.se\/english\/wp-json\/wp\/v2\/product_tag?post=24481"}],"curies":[{"name":"wp","href":"https:\/\/api.w.org\/{rel}","templated":true}]}}