{"id":24468,"date":"2017-04-21T09:29:00","date_gmt":"2017-04-21T08:29:00","guid":{"rendered":"https:\/\/c-profil.se\/produkt\/sfsz\/"},"modified":"2026-03-19T15:23:19","modified_gmt":"2026-03-19T14:23:19","slug":"strain-relief-plate-sfsz","status":"publish","type":"product","link":"https:\/\/c-profil.se\/english\/produkt\/dragavlastningsplatta-sfsz\/","title":{"rendered":"Strain relief plate | SF \/ SZ"},"content":{"rendered":"<p><strong>Strain relief plate \/ SF|SZ is a snap-on strain relief plate for 35 mm H-shaped DIN rail<\/strong>.<br \/>\nIt combines easy installation with high cable density and cost-effective strain relief according to EN 62444.<\/p>","protected":false},"excerpt":{"rendered":"<p>The strain relief plate SF|ZL is used for assembly on 35 mm top hat DIN rails.<br \/>\nIt can be used for strain relief of cables and conduits.<br \/>\nThe SF|ZL range is based upon the strain relief plate ZL, which is mounted on snap-in mounting feet for 35 mm top hat rails.<\/p>\n<p><strong>Assembly<\/strong>:<\/p>\n<ul>\n<li>35 mm DIN rail form H<\/li>\n<\/ul>\n<p><strong>Advantages:<\/strong><\/p>\n<ul>\n<li>Strain relief according to EN 62444<\/li>\n<li>Fast and easy mounting<\/li>\n<li>Cost-effective solution<\/li>\n<li>High cable density<\/li>\n<li>Versatile utilisation<\/li>\n<\/ul>","protected":false},"featured_media":24469,"template":"","meta":{"_acf_changed":false},"product_brand":[740],"product_cat":[301],"product_tag":[987,975,946],"class_list":{"0":"post-24468","1":"product","2":"type-product","3":"status-publish","4":"has-post-thumbnail","6":"product_brand-icotek","7":"product_cat-dragavlastning","8":"product_tag-dragavlastning","9":"product_tag-fastsattning","10":"product_tag-kabelhantering-i-apparatskap","12":"first","13":"instock","14":"shipping-taxable","15":"product-type-simple"},"acf":[],"yoast_head":"<!-- This site is optimized with the Yoast SEO Premium plugin v27.4 (Yoast SEO v27.4) - https:\/\/yoast.com\/product\/yoast-seo-premium-wordpress\/ -->\n<title>Dragavlastningsplatta | SF \/ SZ - C-Pro<\/title>\n<meta name=\"description\" content=\"Dragavlastningsplatta \/ SF|SZ anv\u00e4nds f\u00f6r montering p\u00e5 35mm H-formad DIN-skena. Den kan anv\u00e4ndas f\u00f6r dragavlastning av kablar och ledningar.\" \/>\n<meta name=\"robots\" content=\"index, follow, max-snippet:-1, max-image-preview:large, max-video-preview:-1\" \/>\n<link rel=\"canonical\" href=\"https:\/\/c-profil.se\/english\/product\/strain-relief-plate-sfsz\/\" \/>\n<meta property=\"og:locale\" content=\"en_US\" \/>\n<meta property=\"og:type\" content=\"article\" \/>\n<meta property=\"og:title\" content=\"Dragavlastningsplatta | SF \/ SZ - C-Pro\" \/>\n<meta property=\"og:description\" content=\"Dragavlastningsplatta \/ SF|SZ anv\u00e4nds f\u00f6r montering p\u00e5 35mm H-formad DIN-skena. Den kan anv\u00e4ndas f\u00f6r dragavlastning av kablar och ledningar. SF|ZL-serien \u00e4r baserad p\u00e5 dragavlastningsplattan ZL, fast monterad p\u00e5 sn\u00e4pp f\u00f6tter.  Monteringsplats:   35 mm DIN-skena form H  F\u00f6rdelar:   Dragavlastning enligt EN 62444  Enkel montering  Kostnadseffektivt  H\u00f6g kabeldensitet  Stort utbud av monteringsalternativ\" \/>\n<meta property=\"og:url\" content=\"https:\/\/c-profil.se\/english\/product\/strain-relief-plate-sfsz\/\" \/>\n<meta property=\"og:site_name\" content=\"C-Pro\" \/>\n<meta property=\"article:publisher\" content=\"https:\/\/www.facebook.com\/people\/C-Pro\/61561767306874\/\" \/>\n<meta property=\"article:modified_time\" content=\"2026-03-19T14:23:19+00:00\" \/>\n<meta property=\"og:image\" content=\"https:\/\/c-profil.se\/wp-content\/uploads\/2020\/11\/SF-ZL.jpg\" \/>\n\t<meta property=\"og:image:width\" content=\"500\" \/>\n\t<meta property=\"og:image:height\" content=\"500\" \/>\n\t<meta property=\"og:image:type\" content=\"image\/jpeg\" \/>\n<meta name=\"twitter:card\" content=\"summary_large_image\" \/>\n<meta name=\"twitter:label1\" content=\"Price\" \/>\n\t<meta name=\"twitter:data1\" content=\"\" \/>\n\t<meta name=\"twitter:label2\" content=\"Availability\" \/>\n\t<meta name=\"twitter:data2\" content=\"In stock\" \/>\n<script type=\"application\/ld+json\" class=\"yoast-schema-graph\">{\"@context\":\"https:\\\/\\\/schema.org\",\"@graph\":[{\"@type\":\"WebPage\",\"@id\":\"https:\\\/\\\/c-profil.se\\\/produkt\\\/dragavlastningsplatta-sfsz\\\/\",\"url\":\"https:\\\/\\\/c-profil.se\\\/produkt\\\/dragavlastningsplatta-sfsz\\\/\",\"name\":\"Dragavlastningsplatta | SF \\\/ SZ - C-Pro\",\"isPartOf\":{\"@id\":\"https:\\\/\\\/c-profil.se\\\/#website\"},\"primaryImageOfPage\":{\"@id\":\"https:\\\/\\\/c-profil.se\\\/produkt\\\/dragavlastningsplatta-sfsz\\\/#primaryimage\"},\"image\":{\"@id\":\"https:\\\/\\\/c-profil.se\\\/produkt\\\/dragavlastningsplatta-sfsz\\\/#primaryimage\"},\"thumbnailUrl\":\"https:\\\/\\\/c-profil.se\\\/wp-content\\\/uploads\\\/2020\\\/11\\\/SF-ZL.jpg\",\"datePublished\":\"2017-04-21T08:29:00+00:00\",\"dateModified\":\"2026-03-19T14:23:19+00:00\",\"description\":\"Dragavlastningsplatta \\\/ SF|SZ anv\u00e4nds f\u00f6r montering p\u00e5 35mm H-formad DIN-skena. Den kan anv\u00e4ndas f\u00f6r dragavlastning av kablar och ledningar.\",\"breadcrumb\":{\"@id\":\"https:\\\/\\\/c-profil.se\\\/produkt\\\/dragavlastningsplatta-sfsz\\\/#breadcrumb\"},\"inLanguage\":\"en\",\"potentialAction\":[{\"@type\":\"ReadAction\",\"target\":[\"https:\\\/\\\/c-profil.se\\\/produkt\\\/dragavlastningsplatta-sfsz\\\/\"]}]},{\"@type\":\"ImageObject\",\"inLanguage\":\"en\",\"@id\":\"https:\\\/\\\/c-profil.se\\\/produkt\\\/dragavlastningsplatta-sfsz\\\/#primaryimage\",\"url\":\"https:\\\/\\\/c-profil.se\\\/wp-content\\\/uploads\\\/2020\\\/11\\\/SF-ZL.jpg\",\"contentUrl\":\"https:\\\/\\\/c-profil.se\\\/wp-content\\\/uploads\\\/2020\\\/11\\\/SF-ZL.jpg\",\"width\":500,\"height\":500,\"caption\":\"Dragavlastningsplatta \\\/ SF|SZ\"},{\"@type\":\"BreadcrumbList\",\"@id\":\"https:\\\/\\\/c-profil.se\\\/produkt\\\/dragavlastningsplatta-sfsz\\\/#breadcrumb\",\"itemListElement\":[{\"@type\":\"ListItem\",\"position\":1,\"name\":\"Hem\",\"item\":\"https:\\\/\\\/c-profil.se\\\/\"},{\"@type\":\"ListItem\",\"position\":2,\"name\":\"Produkter\",\"item\":\"https:\\\/\\\/c-profil.se\\\/produkter\\\/\"},{\"@type\":\"ListItem\",\"position\":3,\"name\":\"Dragavlastning\",\"item\":\"https:\\\/\\\/c-profil.se\\\/produkt-kategori\\\/dragavlastning\\\/\"},{\"@type\":\"ListItem\",\"position\":4,\"name\":\"Dragavlastningsplatta | SF \\\/ SZ\"}]},{\"@type\":\"WebSite\",\"@id\":\"https:\\\/\\\/c-profil.se\\\/#website\",\"url\":\"https:\\\/\\\/c-profil.se\\\/\",\"name\":\"C-Pro\",\"description\":\"Produkter f\u00f6r El och Automation\",\"publisher\":{\"@id\":\"https:\\\/\\\/c-profil.se\\\/#organization\"},\"potentialAction\":[{\"@type\":\"SearchAction\",\"target\":{\"@type\":\"EntryPoint\",\"urlTemplate\":\"https:\\\/\\\/c-profil.se\\\/?s={search_term_string}\"},\"query-input\":{\"@type\":\"PropertyValueSpecification\",\"valueRequired\":true,\"valueName\":\"search_term_string\"}}],\"inLanguage\":\"en\"},{\"@type\":\"Organization\",\"@id\":\"https:\\\/\\\/c-profil.se\\\/#organization\",\"name\":\"C-Pro\",\"alternateName\":\"C-PRO\",\"url\":\"https:\\\/\\\/c-profil.se\\\/\",\"logo\":{\"@type\":\"ImageObject\",\"inLanguage\":\"en\",\"@id\":\"https:\\\/\\\/c-profil.se\\\/#\\\/schema\\\/logo\\\/image\\\/\",\"url\":\"https:\\\/\\\/c-profil.se\\\/wp-content\\\/uploads\\\/2022\\\/03\\\/c-pro-logga-liggande-500x500-1.png\",\"contentUrl\":\"https:\\\/\\\/c-profil.se\\\/wp-content\\\/uploads\\\/2022\\\/03\\\/c-pro-logga-liggande-500x500-1.png\",\"width\":500,\"height\":500,\"caption\":\"C-Pro\"},\"image\":{\"@id\":\"https:\\\/\\\/c-profil.se\\\/#\\\/schema\\\/logo\\\/image\\\/\"},\"sameAs\":[\"https:\\\/\\\/www.facebook.com\\\/people\\\/C-Pro\\\/61561767306874\\\/\",\"https:\\\/\\\/www.linkedin.com\\\/company\\\/c-pro-ab\",\"https:\\\/\\\/www.instagram.com\\\/cpro.ab\\\/\"],\"description\":\"C-PRO AB \u00e4r en helt\u00e4ckande leverant\u00f6r av material f\u00f6r applikationer inom el och automation. \u00c4nda sedan starten 1987 har vi f\u00f6rsett den svenska tillverkande industrin med elmaterial. Trots v\u00e5r storlek och ledande position har vi aldrig \u00f6vergett v\u00e5r grundfilosofi, att vara en personlig leverant\u00f6r. Vi p\u00e5 C-PRO \u00e4r l\u00e4tta att komma i kontakt med, \u00e4rliga och brinner f\u00f6r att l\u00f6sa v\u00e5ra kunders problem.\",\"email\":\"info@c-profil.se\",\"telephone\":\"031575785\",\"legalName\":\"C-Profil F\u00f6rl\u00e4ggningsmaterial AB\",\"foundingDate\":\"1987-01-01\"}]}<\/script>\n<meta property=\"product:brand\" content=\"dragavlastning\" \/>\n<meta property=\"product:price:currency\" content=\"SEK\" \/>\n<meta property=\"og:availability\" content=\"instock\" \/>\n<meta property=\"product:availability\" content=\"instock\" \/>\n<meta property=\"product:retailer_item_id\" content=\"SF \/ SZ\" \/>\n<meta property=\"product:condition\" content=\"new\" \/>\n<!-- \/ Yoast SEO Premium plugin. -->","yoast_head_json":{"title":"Strain relief plate | SF \/ SZ - C-Pro","description":"The strain relief plate SF|ZL is used for assembly on 35 mm top hat DIN rails. It can be used for strain relief of cables and conduits.","robots":{"index":"index","follow":"follow","max-snippet":"max-snippet:-1","max-image-preview":"max-image-preview:large","max-video-preview":"max-video-preview:-1"},"canonical":"https:\/\/c-profil.se\/english\/product\/strain-relief-plate-sfsz\/","og_locale":"en_US","og_type":"article","og_title":"Dragavlastningsplatta | SF \/ SZ - C-Pro","og_description":"Dragavlastningsplatta \/ SF|SZ anv\u00e4nds f\u00f6r montering p\u00e5 35mm H-formad DIN-skena. Den kan anv\u00e4ndas f\u00f6r dragavlastning av kablar och ledningar. SF|ZL-serien \u00e4r baserad p\u00e5 dragavlastningsplattan ZL, fast monterad p\u00e5 sn\u00e4pp f\u00f6tter.  Monteringsplats:   35 mm DIN-skena form H  F\u00f6rdelar:   Dragavlastning enligt EN 62444  Enkel montering  Kostnadseffektivt  H\u00f6g kabeldensitet  Stort utbud av monteringsalternativ","og_url":"https:\/\/c-profil.se\/english\/product\/strain-relief-plate-sfsz\/","og_site_name":"C-Pro","article_publisher":"https:\/\/www.facebook.com\/people\/C-Pro\/61561767306874\/","article_modified_time":"2026-03-19T14:23:19+00:00","og_image":[{"width":500,"height":500,"url":"https:\/\/c-profil.se\/wp-content\/uploads\/2020\/11\/SF-ZL.jpg","type":"image\/jpeg"}],"twitter_card":"summary_large_image","twitter_misc":{"Price":"","Availability":"In stock"},"schema":{"@context":"https:\/\/schema.org","@graph":[{"@type":"WebPage","@id":"https:\/\/c-profil.se\/produkt\/dragavlastningsplatta-sfsz\/","url":"https:\/\/c-profil.se\/produkt\/dragavlastningsplatta-sfsz\/","name":"Strain relief plate | SF \/ SZ - C-Pro","isPartOf":{"@id":"https:\/\/c-profil.se\/#website"},"primaryImageOfPage":{"@id":"https:\/\/c-profil.se\/produkt\/dragavlastningsplatta-sfsz\/#primaryimage"},"image":{"@id":"https:\/\/c-profil.se\/produkt\/dragavlastningsplatta-sfsz\/#primaryimage"},"thumbnailUrl":"https:\/\/c-profil.se\/wp-content\/uploads\/2020\/11\/SF-ZL.jpg","datePublished":"2017-04-21T08:29:00+00:00","dateModified":"2026-03-19T14:23:19+00:00","description":"The strain relief plate SF|ZL is used for assembly on 35 mm top hat DIN rails. It can be used for strain relief of cables and conduits.","breadcrumb":{"@id":"https:\/\/c-profil.se\/produkt\/dragavlastningsplatta-sfsz\/#breadcrumb"},"inLanguage":"en","potentialAction":[{"@type":"ReadAction","target":["https:\/\/c-profil.se\/produkt\/dragavlastningsplatta-sfsz\/"]}]},{"@type":"ImageObject","inLanguage":"en","@id":"https:\/\/c-profil.se\/produkt\/dragavlastningsplatta-sfsz\/#primaryimage","url":"https:\/\/c-profil.se\/wp-content\/uploads\/2020\/11\/SF-ZL.jpg","contentUrl":"https:\/\/c-profil.se\/wp-content\/uploads\/2020\/11\/SF-ZL.jpg","width":500,"height":500,"caption":"Dragavlastningsplatta \/ SF|SZ"},{"@type":"BreadcrumbList","@id":"https:\/\/c-profil.se\/produkt\/dragavlastningsplatta-sfsz\/#breadcrumb","itemListElement":[{"@type":"ListItem","position":1,"name":"Hem","item":"https:\/\/c-profil.se\/"},{"@type":"ListItem","position":2,"name":"Produkter","item":"https:\/\/c-profil.se\/produkter\/"},{"@type":"ListItem","position":3,"name":"Dragavlastning","item":"https:\/\/c-profil.se\/produkt-kategori\/dragavlastning\/"},{"@type":"ListItem","position":4,"name":"Dragavlastningsplatta | SF \/ SZ"}]},{"@type":"WebSite","@id":"https:\/\/c-profil.se\/#website","url":"https:\/\/c-profil.se\/","name":"C-Pro","description":"Products for Electricity and Automation","publisher":{"@id":"https:\/\/c-profil.se\/#organization"},"potentialAction":[{"@type":"SearchAction","target":{"@type":"EntryPoint","urlTemplate":"https:\/\/c-profil.se\/?s={search_term_string}"},"query-input":{"@type":"PropertyValueSpecification","valueRequired":true,"valueName":"search_term_string"}}],"inLanguage":"en"},{"@type":"Organization","@id":"https:\/\/c-profil.se\/#organization","name":"C-Pro","alternateName":"C-PRO","url":"https:\/\/c-profil.se\/","logo":{"@type":"ImageObject","inLanguage":"en","@id":"https:\/\/c-profil.se\/#\/schema\/logo\/image\/","url":"https:\/\/c-profil.se\/wp-content\/uploads\/2022\/03\/c-pro-logga-liggande-500x500-1.png","contentUrl":"https:\/\/c-profil.se\/wp-content\/uploads\/2022\/03\/c-pro-logga-liggande-500x500-1.png","width":500,"height":500,"caption":"C-Pro"},"image":{"@id":"https:\/\/c-profil.se\/#\/schema\/logo\/image\/"},"sameAs":["https:\/\/www.facebook.com\/people\/C-Pro\/61561767306874\/","https:\/\/www.linkedin.com\/company\/c-pro-ab","https:\/\/www.instagram.com\/cpro.ab\/"],"description":"C-PRO AB is a comprehensive supplier of materials for applications in electricity and automation. Ever since the start in 1987, we have supplied the Swedish manufacturing industry with electrical materials. Despite our size and leading position, we have never abandoned our basic philosophy, to be a personal supplier. We at C-PRO are easy to get in touch with, honest and passionate about solving our customers&#039; problems.","email":"info@c-profil.se","telephone":"031575785","legalName":"C-Profil F\u00f6rl\u00e4ggningsmaterial AB","foundingDate":"1987-01-01"}]},"product_brand":"dragavlastning","product_price_currency":"SEK","og_availability":"instock","product_availability":"instock","product_retailer_item_id":"SF \/ SZ","product_condition":"new"},"_links":{"self":[{"href":"https:\/\/c-profil.se\/english\/wp-json\/wp\/v2\/product\/24468","targetHints":{"allow":["GET"]}}],"collection":[{"href":"https:\/\/c-profil.se\/english\/wp-json\/wp\/v2\/product"}],"about":[{"href":"https:\/\/c-profil.se\/english\/wp-json\/wp\/v2\/types\/product"}],"version-history":[{"count":7,"href":"https:\/\/c-profil.se\/english\/wp-json\/wp\/v2\/product\/24468\/revisions"}],"predecessor-version":[{"id":74415,"href":"https:\/\/c-profil.se\/english\/wp-json\/wp\/v2\/product\/24468\/revisions\/74415"}],"wp:featuredmedia":[{"embeddable":true,"href":"https:\/\/c-profil.se\/english\/wp-json\/wp\/v2\/media\/24469"}],"wp:attachment":[{"href":"https:\/\/c-profil.se\/english\/wp-json\/wp\/v2\/media?parent=24468"}],"wp:term":[{"taxonomy":"product_brand","embeddable":true,"href":"https:\/\/c-profil.se\/english\/wp-json\/wp\/v2\/product_brand?post=24468"},{"taxonomy":"product_cat","embeddable":true,"href":"https:\/\/c-profil.se\/english\/wp-json\/wp\/v2\/product_cat?post=24468"},{"taxonomy":"product_tag","embeddable":true,"href":"https:\/\/c-profil.se\/english\/wp-json\/wp\/v2\/product_tag?post=24468"}],"curies":[{"name":"wp","href":"https:\/\/api.w.org\/{rel}","templated":true}]}}