{"id":24458,"date":"2017-04-03T13:35:00","date_gmt":"2017-04-03T12:35:00","guid":{"rendered":"https:\/\/c-profil.se\/produkt\/kel-jumbo-flex\/"},"modified":"2026-04-28T14:40:51","modified_gmt":"2026-04-28T13:40:51","slug":"cable-grommet-pyramid-kel-jumbo-flex","status":"publish","type":"product","link":"https:\/\/c-profil.se\/english\/produkt\/kabelgenomforingspyramid-kel-jumbo-flex\/","title":{"rendered":"Cable entry pyramid | KEL-JUMBO flex"},"content":{"rendered":"<p><strong>KEL-JUMBO flex is a flexible cable gland for cables without connectors with large diameters<\/strong>, adapted for electrical cabinets and power connections.<br \/>\nIt provides a compact and flexible solution for sealing thick cables while maintaining flexibility.<\/p>","protected":false},"excerpt":{"rendered":"<p class=\"ai-optimize-36\">Cable entry grommet pyramid \/ KEL-JUMBO flex is a flexible cable entry for cables without connectors with a diameter range from 27 - 68 mm. They are ideal for the supply cables into electrical cabinets.<\/p>\n<p class=\"ai-optimize-37\"><strong>Cutting KEL-JUMBO flex grommet: <\/strong><\/p>\n<ul>\n<li class=\"ai-optimize-38\">Cable diameter &lt; 25%<\/li>\n<li class=\"ai-optimize-39\">The corresponding diameters are marked on the grommet<\/li>\n<li class=\"ai-optimize-40\">It is recommended that additional strain relief be provided for cables as part of the installation<\/li>\n<\/ul>\n<p class=\"ai-optimize-41\"><strong>Advantages:<\/strong><\/p>\n<ul>\n<li class=\"ai-optimize-42\">Fast assembly<\/li>\n<li class=\"ai-optimize-43\">The grommet allows dynamic and flexible movement of rigid cables<\/li>\n<li class=\"ai-optimize-44\">Compact installation area (88 \u00d7 88 mm)<\/li>\n<\/ul>","protected":false},"featured_media":51245,"template":"","meta":{"_acf_changed":false},"product_brand":[740],"product_cat":[307],"product_tag":[992,938,990,1005,939],"class_list":{"0":"post-24458","1":"product","2":"type-product","3":"status-publish","4":"has-post-thumbnail","6":"product_brand-icotek","7":"product_cat-kabelgenomforingsplattor-multiflansar","8":"product_tag-kabelgenomforing","9":"product_tag-kabelinforing","10":"product_tag-kapsling","11":"product_tag-platbearbetning","12":"product_tag-tatning","14":"first","15":"instock","16":"shipping-taxable","17":"product-type-simple"},"acf":[],"yoast_head":"<!-- This site is optimized with the Yoast SEO Premium plugin v27.5 (Yoast SEO v27.5) - https:\/\/yoast.com\/product\/yoast-seo-premium-wordpress\/ -->\n<title>Kabelgenomf\u00f6ringspyramid | KEL-JUMBO flex - C-Pro<\/title>\n<meta name=\"description\" content=\"Kabelgenomf\u00f6ringspyramid \/ KEL-JUMBO flex\u00a0\u00e4r en flexibel kabelgenomf\u00f6ring f\u00f6r kablar utan kontaktdon med diameterintervall fr\u00e5n 27 - 68 mm.\" \/>\n<meta name=\"robots\" content=\"index, follow, max-snippet:-1, max-image-preview:large, max-video-preview:-1\" \/>\n<link rel=\"canonical\" href=\"https:\/\/c-profil.se\/english\/product\/cable-grommet-pyramid-kel-jumbo-flex\/\" \/>\n<meta property=\"og:locale\" content=\"en_US\" \/>\n<meta property=\"og:type\" content=\"article\" \/>\n<meta property=\"og:title\" content=\"Kabelgenomf\u00f6ringspyramid | KEL-JUMBO flex - C-Pro\" \/>\n<meta property=\"og:description\" content=\"Kabelgenomf\u00f6ringspyramid \/ KEL-JUMBO flex \u00e4r en flexibel kabelgenomf\u00f6ring f\u00f6r kablar utan kontaktdon med diameterintervall fr\u00e5n 27 - 68 mm. De \u00e4r idealiska f\u00f6r f\u00f6rs\u00f6rjningskablarna in i elsk\u00e5p. Kapning av KEL-JUMBO flex genomf\u00f6ringar:     Kabeldiameter &lt; 25%  De motsvarande diametrarna \u00e4r markerade p\u00e5 genomf\u00f6ringen  Det rekommenderas att ytterligare dragavlastning anordnas f\u00f6r kablar som en del av installationen  F\u00f6rdelar:    Snabb montering  Genomf\u00f6ringen till\u00e5ter dynamisk och flexibel r\u00f6relse av styva kablar  Kompakt installationsyta\u00a0(88 \u00d7 88 mm)\" \/>\n<meta property=\"og:url\" content=\"https:\/\/c-profil.se\/english\/product\/cable-grommet-pyramid-kel-jumbo-flex\/\" \/>\n<meta property=\"og:site_name\" content=\"C-Pro\" \/>\n<meta property=\"article:publisher\" content=\"https:\/\/www.facebook.com\/people\/C-Pro\/61561767306874\/\" \/>\n<meta property=\"article:modified_time\" content=\"2026-04-28T13:40:51+00:00\" \/>\n<meta property=\"og:image\" content=\"https:\/\/c-profil.se\/wp-content\/uploads\/2017\/04\/Kabelgenomforingspyramid-KEL-JUMBO-flex.jpg\" \/>\n\t<meta property=\"og:image:width\" content=\"1000\" \/>\n\t<meta property=\"og:image:height\" content=\"1000\" \/>\n\t<meta property=\"og:image:type\" content=\"image\/jpeg\" \/>\n<meta name=\"twitter:card\" content=\"summary_large_image\" \/>\n<meta name=\"twitter:label1\" content=\"Price\" \/>\n\t<meta name=\"twitter:data1\" content=\"\" \/>\n\t<meta name=\"twitter:label2\" content=\"Availability\" \/>\n\t<meta name=\"twitter:data2\" content=\"In stock\" \/>\n<script type=\"application\/ld+json\" class=\"yoast-schema-graph\">{\"@context\":\"https:\\\/\\\/schema.org\",\"@graph\":[{\"@type\":\"WebPage\",\"@id\":\"https:\\\/\\\/c-profil.se\\\/produkt\\\/kabelgenomforingspyramid-kel-jumbo-flex\\\/\",\"url\":\"https:\\\/\\\/c-profil.se\\\/produkt\\\/kabelgenomforingspyramid-kel-jumbo-flex\\\/\",\"name\":\"Kabelgenomf\u00f6ringspyramid | KEL-JUMBO flex - C-Pro\",\"isPartOf\":{\"@id\":\"https:\\\/\\\/c-profil.se\\\/#website\"},\"primaryImageOfPage\":{\"@id\":\"https:\\\/\\\/c-profil.se\\\/produkt\\\/kabelgenomforingspyramid-kel-jumbo-flex\\\/#primaryimage\"},\"image\":{\"@id\":\"https:\\\/\\\/c-profil.se\\\/produkt\\\/kabelgenomforingspyramid-kel-jumbo-flex\\\/#primaryimage\"},\"thumbnailUrl\":\"https:\\\/\\\/c-profil.se\\\/wp-content\\\/uploads\\\/2017\\\/04\\\/Kabelgenomforingspyramid-KEL-JUMBO-flex.jpg\",\"datePublished\":\"2017-04-03T12:35:00+00:00\",\"dateModified\":\"2026-04-28T13:40:51+00:00\",\"description\":\"Kabelgenomf\u00f6ringspyramid \\\/ KEL-JUMBO flex\u00a0\u00e4r en flexibel kabelgenomf\u00f6ring f\u00f6r kablar utan kontaktdon med diameterintervall fr\u00e5n 27 - 68 mm.\",\"breadcrumb\":{\"@id\":\"https:\\\/\\\/c-profil.se\\\/produkt\\\/kabelgenomforingspyramid-kel-jumbo-flex\\\/#breadcrumb\"},\"inLanguage\":\"en\",\"potentialAction\":[{\"@type\":\"ReadAction\",\"target\":[\"https:\\\/\\\/c-profil.se\\\/produkt\\\/kabelgenomforingspyramid-kel-jumbo-flex\\\/\"]}]},{\"@type\":\"ImageObject\",\"inLanguage\":\"en\",\"@id\":\"https:\\\/\\\/c-profil.se\\\/produkt\\\/kabelgenomforingspyramid-kel-jumbo-flex\\\/#primaryimage\",\"url\":\"https:\\\/\\\/c-profil.se\\\/wp-content\\\/uploads\\\/2017\\\/04\\\/Kabelgenomforingspyramid-KEL-JUMBO-flex.jpg\",\"contentUrl\":\"https:\\\/\\\/c-profil.se\\\/wp-content\\\/uploads\\\/2017\\\/04\\\/Kabelgenomforingspyramid-KEL-JUMBO-flex.jpg\",\"width\":1000,\"height\":1000,\"caption\":\"Kabelgenomf\u00f6ringspyramid KEL-JUMBO flex\"},{\"@type\":\"BreadcrumbList\",\"@id\":\"https:\\\/\\\/c-profil.se\\\/produkt\\\/kabelgenomforingspyramid-kel-jumbo-flex\\\/#breadcrumb\",\"itemListElement\":[{\"@type\":\"ListItem\",\"position\":1,\"name\":\"Hem\",\"item\":\"https:\\\/\\\/c-profil.se\\\/\"},{\"@type\":\"ListItem\",\"position\":2,\"name\":\"Produkter\",\"item\":\"https:\\\/\\\/c-profil.se\\\/produkter\\\/\"},{\"@type\":\"ListItem\",\"position\":3,\"name\":\"Kabelgenomf\u00f6ringsplattor &amp; multifl\u00e4nsar\",\"item\":\"https:\\\/\\\/c-profil.se\\\/produkt-kategori\\\/kabelgenomforingsplattor-multiflansar\\\/\"},{\"@type\":\"ListItem\",\"position\":4,\"name\":\"Kabelgenomf\u00f6ringspyramid | KEL-JUMBO flex\"}]},{\"@type\":\"WebSite\",\"@id\":\"https:\\\/\\\/c-profil.se\\\/#website\",\"url\":\"https:\\\/\\\/c-profil.se\\\/\",\"name\":\"C-Pro\",\"description\":\"Produkter f\u00f6r El och Automation\",\"publisher\":{\"@id\":\"https:\\\/\\\/c-profil.se\\\/#organization\"},\"potentialAction\":[{\"@type\":\"SearchAction\",\"target\":{\"@type\":\"EntryPoint\",\"urlTemplate\":\"https:\\\/\\\/c-profil.se\\\/?s={search_term_string}\"},\"query-input\":{\"@type\":\"PropertyValueSpecification\",\"valueRequired\":true,\"valueName\":\"search_term_string\"}}],\"inLanguage\":\"en\"},{\"@type\":\"Organization\",\"@id\":\"https:\\\/\\\/c-profil.se\\\/#organization\",\"name\":\"C-Pro\",\"alternateName\":\"C-PRO\",\"url\":\"https:\\\/\\\/c-profil.se\\\/\",\"logo\":{\"@type\":\"ImageObject\",\"inLanguage\":\"en\",\"@id\":\"https:\\\/\\\/c-profil.se\\\/#\\\/schema\\\/logo\\\/image\\\/\",\"url\":\"https:\\\/\\\/c-profil.se\\\/wp-content\\\/uploads\\\/2022\\\/03\\\/c-pro-logga-liggande-500x500-1.png\",\"contentUrl\":\"https:\\\/\\\/c-profil.se\\\/wp-content\\\/uploads\\\/2022\\\/03\\\/c-pro-logga-liggande-500x500-1.png\",\"width\":500,\"height\":500,\"caption\":\"C-Pro\"},\"image\":{\"@id\":\"https:\\\/\\\/c-profil.se\\\/#\\\/schema\\\/logo\\\/image\\\/\"},\"sameAs\":[\"https:\\\/\\\/www.facebook.com\\\/people\\\/C-Pro\\\/61561767306874\\\/\",\"https:\\\/\\\/www.linkedin.com\\\/company\\\/c-pro-ab\",\"https:\\\/\\\/www.instagram.com\\\/cpro.ab\\\/\"],\"description\":\"C-PRO AB \u00e4r en helt\u00e4ckande leverant\u00f6r av material f\u00f6r applikationer inom el och automation. \u00c4nda sedan starten 1987 har vi f\u00f6rsett den svenska tillverkande industrin med elmaterial. Trots v\u00e5r storlek och ledande position har vi aldrig \u00f6vergett v\u00e5r grundfilosofi, att vara en personlig leverant\u00f6r. Vi p\u00e5 C-PRO \u00e4r l\u00e4tta att komma i kontakt med, \u00e4rliga och brinner f\u00f6r att l\u00f6sa v\u00e5ra kunders problem.\",\"email\":\"info@c-profil.se\",\"telephone\":\"031575785\",\"legalName\":\"C-Profil F\u00f6rl\u00e4ggningsmaterial AB\",\"foundingDate\":\"1987-01-01\"}]}<\/script>\n<meta property=\"product:brand\" content=\"kabelgenomf\u00f6ring\" \/>\n<meta property=\"product:price:currency\" content=\"SEK\" \/>\n<meta property=\"og:availability\" content=\"instock\" \/>\n<meta property=\"product:availability\" content=\"instock\" \/>\n<meta property=\"product:retailer_item_id\" content=\"KEL-JUMBO flex\" \/>\n<meta property=\"product:condition\" content=\"new\" \/>\n<!-- \/ Yoast SEO Premium plugin. -->","yoast_head_json":{"title":"Cable gland pyramid | KEL-JUMBO flex - C-Pro","description":"Cable entry grommet pyramid \/ KEL-JUMBO flex is a flexible cable entry for cables without connectors with a diameter range from 27 - 68 mm.","robots":{"index":"index","follow":"follow","max-snippet":"max-snippet:-1","max-image-preview":"max-image-preview:large","max-video-preview":"max-video-preview:-1"},"canonical":"https:\/\/c-profil.se\/english\/product\/cable-grommet-pyramid-kel-jumbo-flex\/","og_locale":"en_US","og_type":"article","og_title":"Kabelgenomf\u00f6ringspyramid | KEL-JUMBO flex - C-Pro","og_description":"Kabelgenomf\u00f6ringspyramid \/ KEL-JUMBO flex \u00e4r en flexibel kabelgenomf\u00f6ring f\u00f6r kablar utan kontaktdon med diameterintervall fr\u00e5n 27 - 68 mm. De \u00e4r idealiska f\u00f6r f\u00f6rs\u00f6rjningskablarna in i elsk\u00e5p. Kapning av KEL-JUMBO flex genomf\u00f6ringar:     Kabeldiameter &lt; 25%  De motsvarande diametrarna \u00e4r markerade p\u00e5 genomf\u00f6ringen  Det rekommenderas att ytterligare dragavlastning anordnas f\u00f6r kablar som en del av installationen  F\u00f6rdelar:    Snabb montering  Genomf\u00f6ringen till\u00e5ter dynamisk och flexibel r\u00f6relse av styva kablar  Kompakt installationsyta\u00a0(88 \u00d7 88 mm)","og_url":"https:\/\/c-profil.se\/english\/product\/cable-grommet-pyramid-kel-jumbo-flex\/","og_site_name":"C-Pro","article_publisher":"https:\/\/www.facebook.com\/people\/C-Pro\/61561767306874\/","article_modified_time":"2026-04-28T13:40:51+00:00","og_image":[{"width":1000,"height":1000,"url":"https:\/\/c-profil.se\/wp-content\/uploads\/2017\/04\/Kabelgenomforingspyramid-KEL-JUMBO-flex.jpg","type":"image\/jpeg"}],"twitter_card":"summary_large_image","twitter_misc":{"Price":"","Availability":"In stock"},"schema":{"@context":"https:\/\/schema.org","@graph":[{"@type":"WebPage","@id":"https:\/\/c-profil.se\/produkt\/kabelgenomforingspyramid-kel-jumbo-flex\/","url":"https:\/\/c-profil.se\/produkt\/kabelgenomforingspyramid-kel-jumbo-flex\/","name":"Cable gland pyramid | KEL-JUMBO flex - C-Pro","isPartOf":{"@id":"https:\/\/c-profil.se\/#website"},"primaryImageOfPage":{"@id":"https:\/\/c-profil.se\/produkt\/kabelgenomforingspyramid-kel-jumbo-flex\/#primaryimage"},"image":{"@id":"https:\/\/c-profil.se\/produkt\/kabelgenomforingspyramid-kel-jumbo-flex\/#primaryimage"},"thumbnailUrl":"https:\/\/c-profil.se\/wp-content\/uploads\/2017\/04\/Kabelgenomforingspyramid-KEL-JUMBO-flex.jpg","datePublished":"2017-04-03T12:35:00+00:00","dateModified":"2026-04-28T13:40:51+00:00","description":"Cable entry grommet pyramid \/ KEL-JUMBO flex is a flexible cable entry for cables without connectors with a diameter range from 27 - 68 mm.","breadcrumb":{"@id":"https:\/\/c-profil.se\/produkt\/kabelgenomforingspyramid-kel-jumbo-flex\/#breadcrumb"},"inLanguage":"en","potentialAction":[{"@type":"ReadAction","target":["https:\/\/c-profil.se\/produkt\/kabelgenomforingspyramid-kel-jumbo-flex\/"]}]},{"@type":"ImageObject","inLanguage":"en","@id":"https:\/\/c-profil.se\/produkt\/kabelgenomforingspyramid-kel-jumbo-flex\/#primaryimage","url":"https:\/\/c-profil.se\/wp-content\/uploads\/2017\/04\/Kabelgenomforingspyramid-KEL-JUMBO-flex.jpg","contentUrl":"https:\/\/c-profil.se\/wp-content\/uploads\/2017\/04\/Kabelgenomforingspyramid-KEL-JUMBO-flex.jpg","width":1000,"height":1000,"caption":"Kabelgenomf\u00f6ringspyramid KEL-JUMBO flex"},{"@type":"BreadcrumbList","@id":"https:\/\/c-profil.se\/produkt\/kabelgenomforingspyramid-kel-jumbo-flex\/#breadcrumb","itemListElement":[{"@type":"ListItem","position":1,"name":"Hem","item":"https:\/\/c-profil.se\/"},{"@type":"ListItem","position":2,"name":"Produkter","item":"https:\/\/c-profil.se\/produkter\/"},{"@type":"ListItem","position":3,"name":"Kabelgenomf\u00f6ringsplattor &amp; multifl\u00e4nsar","item":"https:\/\/c-profil.se\/produkt-kategori\/kabelgenomforingsplattor-multiflansar\/"},{"@type":"ListItem","position":4,"name":"Kabelgenomf\u00f6ringspyramid | KEL-JUMBO flex"}]},{"@type":"WebSite","@id":"https:\/\/c-profil.se\/#website","url":"https:\/\/c-profil.se\/","name":"C-Pro","description":"Products for Electricity and Automation","publisher":{"@id":"https:\/\/c-profil.se\/#organization"},"potentialAction":[{"@type":"SearchAction","target":{"@type":"EntryPoint","urlTemplate":"https:\/\/c-profil.se\/?s={search_term_string}"},"query-input":{"@type":"PropertyValueSpecification","valueRequired":true,"valueName":"search_term_string"}}],"inLanguage":"en"},{"@type":"Organization","@id":"https:\/\/c-profil.se\/#organization","name":"C-Pro","alternateName":"C-PRO","url":"https:\/\/c-profil.se\/","logo":{"@type":"ImageObject","inLanguage":"en","@id":"https:\/\/c-profil.se\/#\/schema\/logo\/image\/","url":"https:\/\/c-profil.se\/wp-content\/uploads\/2022\/03\/c-pro-logga-liggande-500x500-1.png","contentUrl":"https:\/\/c-profil.se\/wp-content\/uploads\/2022\/03\/c-pro-logga-liggande-500x500-1.png","width":500,"height":500,"caption":"C-Pro"},"image":{"@id":"https:\/\/c-profil.se\/#\/schema\/logo\/image\/"},"sameAs":["https:\/\/www.facebook.com\/people\/C-Pro\/61561767306874\/","https:\/\/www.linkedin.com\/company\/c-pro-ab","https:\/\/www.instagram.com\/cpro.ab\/"],"description":"C-PRO AB is a comprehensive supplier of materials for applications in electricity and automation. Ever since the start in 1987, we have supplied the Swedish manufacturing industry with electrical materials. Despite our size and leading position, we have never abandoned our basic philosophy, to be a personal supplier. We at C-PRO are easy to get in touch with, honest and passionate about solving our customers&#039; problems.","email":"info@c-profil.se","telephone":"031575785","legalName":"C-Profil F\u00f6rl\u00e4ggningsmaterial AB","foundingDate":"1987-01-01"}]},"product_brand":"kabelgenomf\u00f6ring","product_price_currency":"SEK","og_availability":"instock","product_availability":"instock","product_retailer_item_id":"KEL-JUMBO flex","product_condition":"new"},"_links":{"self":[{"href":"https:\/\/c-profil.se\/english\/wp-json\/wp\/v2\/product\/24458","targetHints":{"allow":["GET"]}}],"collection":[{"href":"https:\/\/c-profil.se\/english\/wp-json\/wp\/v2\/product"}],"about":[{"href":"https:\/\/c-profil.se\/english\/wp-json\/wp\/v2\/types\/product"}],"version-history":[{"count":8,"href":"https:\/\/c-profil.se\/english\/wp-json\/wp\/v2\/product\/24458\/revisions"}],"predecessor-version":[{"id":75243,"href":"https:\/\/c-profil.se\/english\/wp-json\/wp\/v2\/product\/24458\/revisions\/75243"}],"wp:featuredmedia":[{"embeddable":true,"href":"https:\/\/c-profil.se\/english\/wp-json\/wp\/v2\/media\/51245"}],"wp:attachment":[{"href":"https:\/\/c-profil.se\/english\/wp-json\/wp\/v2\/media?parent=24458"}],"wp:term":[{"taxonomy":"product_brand","embeddable":true,"href":"https:\/\/c-profil.se\/english\/wp-json\/wp\/v2\/product_brand?post=24458"},{"taxonomy":"product_cat","embeddable":true,"href":"https:\/\/c-profil.se\/english\/wp-json\/wp\/v2\/product_cat?post=24458"},{"taxonomy":"product_tag","embeddable":true,"href":"https:\/\/c-profil.se\/english\/wp-json\/wp\/v2\/product_tag?post=24458"}],"curies":[{"name":"wp","href":"https:\/\/api.w.org\/{rel}","templated":true}]}}