{"id":24454,"date":"2017-04-03T09:07:00","date_gmt":"2017-04-03T08:07:00","guid":{"rendered":"https:\/\/c-profil.se\/produkt\/kel-jumbo\/"},"modified":"2026-03-19T15:10:48","modified_gmt":"2026-03-19T14:10:48","slug":"split-cable-entry-frame-kel-junmbo","status":"publish","type":"product","link":"https:\/\/c-profil.se\/english\/produkt\/kabelgenomforingsram-kel-jumbo\/","title":{"rendered":"Cable entry frame | KEL-JUMBO"},"content":{"rendered":"<p><strong>KEL-JUMBO is a cable entry frame for industrial installations with large cable dimensions<\/strong>, developed for the passage of cables up to 65 mm.<br \/>\nThe flexible membrane design allows for adjustment of rigid cables and safe strain relief according to EN 62444.<\/p>","protected":false},"excerpt":{"rendered":"<p class=\"ai-optimize-37\">Cable entry frame \/ KEL-JUMBO for installation of cables and wires with a diameter of up to 65 mm, especially suitable for connection cables. The innovative design with the flex membrane provides bending and adjustment of the position for larger and stiffer cables. We recommend round hole cutting for KEL-JUMBO, which can be done using a standard knockout tool.<\/p>\n<ul>\n<li class=\"ai-optimize-38\">Suggested cut-out: cable diameter 15-20%<\/li>\n<li class=\"ai-optimize-39\">A flat rubber gasket is included in the load<\/li>\n<\/ul>\n<p class=\"ai-optimize-31\"><strong>Advantages:<\/strong><\/p>\n<ul>\n<li class=\"ai-optimize-32\">Installation of cables up to 65 mm<\/li>\n<li class=\"ai-optimize-32\">It is possible to install fixed cables in angles<\/li>\n<li class=\"ai-optimize-32\">Remodeling, repairs and maintenance can be done much easier and faster<\/li>\n<li class=\"ai-optimize-32\">Strain relief according to EN 62444<\/li>\n<\/ul>","protected":false},"featured_media":51126,"template":"","meta":{"_acf_changed":false},"product_brand":[740],"product_cat":[305],"product_tag":[953,992,938,1005,939],"class_list":{"0":"post-24454","1":"product","2":"type-product","3":"status-publish","4":"has-post-thumbnail","6":"product_brand-icotek","7":"product_cat-kabelgenomforingssystem-for-kablar-med-kontakt","8":"product_tag-eftermontering","9":"product_tag-kabelgenomforing","10":"product_tag-kabelinforing","11":"product_tag-platbearbetning","12":"product_tag-tatning","14":"first","15":"instock","16":"shipping-taxable","17":"product-type-simple"},"acf":[],"yoast_head":"<!-- This site is optimized with the Yoast SEO Premium plugin v27.5 (Yoast SEO v27.5) - https:\/\/yoast.com\/product\/yoast-seo-premium-wordpress\/ -->\n<title>Kabelgenomf\u00f6ringsram | KEL-JUMBO - C-Pro<\/title>\n<meta name=\"description\" content=\"Kabelgenomf\u00f6ringsram \/ KEL-JUMBO f\u00f6r installation av kablar och ledningar med en diameter upp till 65 mm, l\u00e4mpad f\u00f6r anslutningskablar.\" \/>\n<meta name=\"robots\" content=\"index, follow, max-snippet:-1, max-image-preview:large, max-video-preview:-1\" \/>\n<link rel=\"canonical\" href=\"https:\/\/c-profil.se\/english\/product\/split-cable-entry-frame-kel-junmbo\/\" \/>\n<meta property=\"og:locale\" content=\"en_US\" \/>\n<meta property=\"og:type\" content=\"article\" \/>\n<meta property=\"og:title\" content=\"Kabelgenomf\u00f6ringsram | KEL-JUMBO - C-Pro\" \/>\n<meta property=\"og:description\" content=\"Kabelgenomf\u00f6ringsram \/ KEL-JUMBO f\u00f6r installation av kablar och ledningar med en diameter upp till 65 mm, speciellt l\u00e4mpad f\u00f6r anslutningskablar. Den innovativa designen med flex-membranet tillhandah\u00e5ller b\u00f6jning och justering av positionen f\u00f6r st\u00f6rre och styvare kablar. Vi rekommenderar rund h\u00e5ltagning f\u00f6r KEL-JUMBO, som kan g\u00f6ras med hj\u00e4lp av ett standard knockoutverktyg.    F\u00f6reslagen h\u00e5ltagning: kabeldiameter 15-20%  En platt gummipackning ing\u00e5r i lasten  F\u00f6rdelar:    Installation av kablar upp till 65 mm  Det \u00e4r m\u00f6jligt att installera fasta kablar i vinklar  Ombyggnation, reparationer och underh\u00e5ll kan g\u00f6ras mycket enklare och snabbare  Dragavlastning enligt EN 62444\" \/>\n<meta property=\"og:url\" content=\"https:\/\/c-profil.se\/english\/product\/split-cable-entry-frame-kel-junmbo\/\" \/>\n<meta property=\"og:site_name\" content=\"C-Pro\" \/>\n<meta property=\"article:publisher\" content=\"https:\/\/www.facebook.com\/people\/C-Pro\/61561767306874\/\" \/>\n<meta property=\"article:modified_time\" content=\"2026-03-19T14:10:48+00:00\" \/>\n<meta property=\"og:image\" content=\"https:\/\/c-profil.se\/wp-content\/uploads\/2017\/04\/Kabelgenomforingsram-KEL-JUMBO.jpg\" \/>\n\t<meta property=\"og:image:width\" content=\"1000\" \/>\n\t<meta property=\"og:image:height\" content=\"1000\" \/>\n\t<meta property=\"og:image:type\" content=\"image\/jpeg\" \/>\n<meta name=\"twitter:card\" content=\"summary_large_image\" \/>\n<meta name=\"twitter:label1\" content=\"Price\" \/>\n\t<meta name=\"twitter:data1\" content=\"\" \/>\n\t<meta name=\"twitter:label2\" content=\"Availability\" \/>\n\t<meta name=\"twitter:data2\" content=\"In stock\" \/>\n<script type=\"application\/ld+json\" class=\"yoast-schema-graph\">{\"@context\":\"https:\\\/\\\/schema.org\",\"@graph\":[{\"@type\":\"WebPage\",\"@id\":\"https:\\\/\\\/c-profil.se\\\/produkt\\\/kabelgenomforingsram-kel-jumbo\\\/\",\"url\":\"https:\\\/\\\/c-profil.se\\\/produkt\\\/kabelgenomforingsram-kel-jumbo\\\/\",\"name\":\"Kabelgenomf\u00f6ringsram | KEL-JUMBO - C-Pro\",\"isPartOf\":{\"@id\":\"https:\\\/\\\/c-profil.se\\\/#website\"},\"primaryImageOfPage\":{\"@id\":\"https:\\\/\\\/c-profil.se\\\/produkt\\\/kabelgenomforingsram-kel-jumbo\\\/#primaryimage\"},\"image\":{\"@id\":\"https:\\\/\\\/c-profil.se\\\/produkt\\\/kabelgenomforingsram-kel-jumbo\\\/#primaryimage\"},\"thumbnailUrl\":\"https:\\\/\\\/c-profil.se\\\/wp-content\\\/uploads\\\/2017\\\/04\\\/Kabelgenomforingsram-KEL-JUMBO.jpg\",\"datePublished\":\"2017-04-03T08:07:00+00:00\",\"dateModified\":\"2026-03-19T14:10:48+00:00\",\"description\":\"Kabelgenomf\u00f6ringsram \\\/ KEL-JUMBO f\u00f6r installation av kablar och ledningar med en diameter upp till 65 mm, l\u00e4mpad f\u00f6r anslutningskablar.\",\"breadcrumb\":{\"@id\":\"https:\\\/\\\/c-profil.se\\\/produkt\\\/kabelgenomforingsram-kel-jumbo\\\/#breadcrumb\"},\"inLanguage\":\"en\",\"potentialAction\":[{\"@type\":\"ReadAction\",\"target\":[\"https:\\\/\\\/c-profil.se\\\/produkt\\\/kabelgenomforingsram-kel-jumbo\\\/\"]}]},{\"@type\":\"ImageObject\",\"inLanguage\":\"en\",\"@id\":\"https:\\\/\\\/c-profil.se\\\/produkt\\\/kabelgenomforingsram-kel-jumbo\\\/#primaryimage\",\"url\":\"https:\\\/\\\/c-profil.se\\\/wp-content\\\/uploads\\\/2017\\\/04\\\/Kabelgenomforingsram-KEL-JUMBO.jpg\",\"contentUrl\":\"https:\\\/\\\/c-profil.se\\\/wp-content\\\/uploads\\\/2017\\\/04\\\/Kabelgenomforingsram-KEL-JUMBO.jpg\",\"width\":1000,\"height\":1000,\"caption\":\"Kabelgenomf\u00f6ringsram KEL-JUMBO\"},{\"@type\":\"BreadcrumbList\",\"@id\":\"https:\\\/\\\/c-profil.se\\\/produkt\\\/kabelgenomforingsram-kel-jumbo\\\/#breadcrumb\",\"itemListElement\":[{\"@type\":\"ListItem\",\"position\":1,\"name\":\"Hem\",\"item\":\"https:\\\/\\\/c-profil.se\\\/\"},{\"@type\":\"ListItem\",\"position\":2,\"name\":\"Produkter\",\"item\":\"https:\\\/\\\/c-profil.se\\\/produkter\\\/\"},{\"@type\":\"ListItem\",\"position\":3,\"name\":\"Kabelgenomf\u00f6ringssystem f\u00f6r kablar med kontakt\",\"item\":\"https:\\\/\\\/c-profil.se\\\/produkt-kategori\\\/kabelgenomforingssystem-for-kablar-med-kontakt\\\/\"},{\"@type\":\"ListItem\",\"position\":4,\"name\":\"Kabelgenomf\u00f6ringsram | KEL-JUMBO\"}]},{\"@type\":\"WebSite\",\"@id\":\"https:\\\/\\\/c-profil.se\\\/#website\",\"url\":\"https:\\\/\\\/c-profil.se\\\/\",\"name\":\"C-Pro\",\"description\":\"Produkter f\u00f6r El och Automation\",\"publisher\":{\"@id\":\"https:\\\/\\\/c-profil.se\\\/#organization\"},\"potentialAction\":[{\"@type\":\"SearchAction\",\"target\":{\"@type\":\"EntryPoint\",\"urlTemplate\":\"https:\\\/\\\/c-profil.se\\\/?s={search_term_string}\"},\"query-input\":{\"@type\":\"PropertyValueSpecification\",\"valueRequired\":true,\"valueName\":\"search_term_string\"}}],\"inLanguage\":\"en\"},{\"@type\":\"Organization\",\"@id\":\"https:\\\/\\\/c-profil.se\\\/#organization\",\"name\":\"C-Pro\",\"alternateName\":\"C-PRO\",\"url\":\"https:\\\/\\\/c-profil.se\\\/\",\"logo\":{\"@type\":\"ImageObject\",\"inLanguage\":\"en\",\"@id\":\"https:\\\/\\\/c-profil.se\\\/#\\\/schema\\\/logo\\\/image\\\/\",\"url\":\"https:\\\/\\\/c-profil.se\\\/wp-content\\\/uploads\\\/2022\\\/03\\\/c-pro-logga-liggande-500x500-1.png\",\"contentUrl\":\"https:\\\/\\\/c-profil.se\\\/wp-content\\\/uploads\\\/2022\\\/03\\\/c-pro-logga-liggande-500x500-1.png\",\"width\":500,\"height\":500,\"caption\":\"C-Pro\"},\"image\":{\"@id\":\"https:\\\/\\\/c-profil.se\\\/#\\\/schema\\\/logo\\\/image\\\/\"},\"sameAs\":[\"https:\\\/\\\/www.facebook.com\\\/people\\\/C-Pro\\\/61561767306874\\\/\",\"https:\\\/\\\/www.linkedin.com\\\/company\\\/c-pro-ab\",\"https:\\\/\\\/www.instagram.com\\\/cpro.ab\\\/\"],\"description\":\"C-PRO AB \u00e4r en helt\u00e4ckande leverant\u00f6r av material f\u00f6r applikationer inom el och automation. \u00c4nda sedan starten 1987 har vi f\u00f6rsett den svenska tillverkande industrin med elmaterial. Trots v\u00e5r storlek och ledande position har vi aldrig \u00f6vergett v\u00e5r grundfilosofi, att vara en personlig leverant\u00f6r. Vi p\u00e5 C-PRO \u00e4r l\u00e4tta att komma i kontakt med, \u00e4rliga och brinner f\u00f6r att l\u00f6sa v\u00e5ra kunders problem.\",\"email\":\"info@c-profil.se\",\"telephone\":\"031575785\",\"legalName\":\"C-Profil F\u00f6rl\u00e4ggningsmaterial AB\",\"foundingDate\":\"1987-01-01\"}]}<\/script>\n<meta property=\"product:brand\" content=\"eftermontering\" \/>\n<meta property=\"product:price:currency\" content=\"SEK\" \/>\n<meta property=\"og:availability\" content=\"instock\" \/>\n<meta property=\"product:availability\" content=\"instock\" \/>\n<meta property=\"product:retailer_item_id\" content=\"KEL-JUMBO\" \/>\n<meta property=\"product:condition\" content=\"new\" \/>\n<!-- \/ Yoast SEO Premium plugin. -->","yoast_head_json":{"title":"Cable entry frame | KEL-JUMBO - C-Pro","description":"Cable entry frame \/ KEL-JUMBO for the installation of cables and wires with a diameter of up to 65 mm, suitable for connection cables.","robots":{"index":"index","follow":"follow","max-snippet":"max-snippet:-1","max-image-preview":"max-image-preview:large","max-video-preview":"max-video-preview:-1"},"canonical":"https:\/\/c-profil.se\/english\/product\/split-cable-entry-frame-kel-junmbo\/","og_locale":"en_US","og_type":"article","og_title":"Kabelgenomf\u00f6ringsram | KEL-JUMBO - C-Pro","og_description":"Kabelgenomf\u00f6ringsram \/ KEL-JUMBO f\u00f6r installation av kablar och ledningar med en diameter upp till 65 mm, speciellt l\u00e4mpad f\u00f6r anslutningskablar. Den innovativa designen med flex-membranet tillhandah\u00e5ller b\u00f6jning och justering av positionen f\u00f6r st\u00f6rre och styvare kablar. Vi rekommenderar rund h\u00e5ltagning f\u00f6r KEL-JUMBO, som kan g\u00f6ras med hj\u00e4lp av ett standard knockoutverktyg.    F\u00f6reslagen h\u00e5ltagning: kabeldiameter 15-20%  En platt gummipackning ing\u00e5r i lasten  F\u00f6rdelar:    Installation av kablar upp till 65 mm  Det \u00e4r m\u00f6jligt att installera fasta kablar i vinklar  Ombyggnation, reparationer och underh\u00e5ll kan g\u00f6ras mycket enklare och snabbare  Dragavlastning enligt EN 62444","og_url":"https:\/\/c-profil.se\/english\/product\/split-cable-entry-frame-kel-junmbo\/","og_site_name":"C-Pro","article_publisher":"https:\/\/www.facebook.com\/people\/C-Pro\/61561767306874\/","article_modified_time":"2026-03-19T14:10:48+00:00","og_image":[{"width":1000,"height":1000,"url":"https:\/\/c-profil.se\/wp-content\/uploads\/2017\/04\/Kabelgenomforingsram-KEL-JUMBO.jpg","type":"image\/jpeg"}],"twitter_card":"summary_large_image","twitter_misc":{"Price":"","Availability":"In stock"},"schema":{"@context":"https:\/\/schema.org","@graph":[{"@type":"WebPage","@id":"https:\/\/c-profil.se\/produkt\/kabelgenomforingsram-kel-jumbo\/","url":"https:\/\/c-profil.se\/produkt\/kabelgenomforingsram-kel-jumbo\/","name":"Cable entry frame | KEL-JUMBO - C-Pro","isPartOf":{"@id":"https:\/\/c-profil.se\/#website"},"primaryImageOfPage":{"@id":"https:\/\/c-profil.se\/produkt\/kabelgenomforingsram-kel-jumbo\/#primaryimage"},"image":{"@id":"https:\/\/c-profil.se\/produkt\/kabelgenomforingsram-kel-jumbo\/#primaryimage"},"thumbnailUrl":"https:\/\/c-profil.se\/wp-content\/uploads\/2017\/04\/Kabelgenomforingsram-KEL-JUMBO.jpg","datePublished":"2017-04-03T08:07:00+00:00","dateModified":"2026-03-19T14:10:48+00:00","description":"Cable entry frame \/ KEL-JUMBO for the installation of cables and wires with a diameter of up to 65 mm, suitable for connection cables.","breadcrumb":{"@id":"https:\/\/c-profil.se\/produkt\/kabelgenomforingsram-kel-jumbo\/#breadcrumb"},"inLanguage":"en","potentialAction":[{"@type":"ReadAction","target":["https:\/\/c-profil.se\/produkt\/kabelgenomforingsram-kel-jumbo\/"]}]},{"@type":"ImageObject","inLanguage":"en","@id":"https:\/\/c-profil.se\/produkt\/kabelgenomforingsram-kel-jumbo\/#primaryimage","url":"https:\/\/c-profil.se\/wp-content\/uploads\/2017\/04\/Kabelgenomforingsram-KEL-JUMBO.jpg","contentUrl":"https:\/\/c-profil.se\/wp-content\/uploads\/2017\/04\/Kabelgenomforingsram-KEL-JUMBO.jpg","width":1000,"height":1000,"caption":"Kabelgenomf\u00f6ringsram KEL-JUMBO"},{"@type":"BreadcrumbList","@id":"https:\/\/c-profil.se\/produkt\/kabelgenomforingsram-kel-jumbo\/#breadcrumb","itemListElement":[{"@type":"ListItem","position":1,"name":"Hem","item":"https:\/\/c-profil.se\/"},{"@type":"ListItem","position":2,"name":"Produkter","item":"https:\/\/c-profil.se\/produkter\/"},{"@type":"ListItem","position":3,"name":"Kabelgenomf\u00f6ringssystem f\u00f6r kablar med kontakt","item":"https:\/\/c-profil.se\/produkt-kategori\/kabelgenomforingssystem-for-kablar-med-kontakt\/"},{"@type":"ListItem","position":4,"name":"Kabelgenomf\u00f6ringsram | KEL-JUMBO"}]},{"@type":"WebSite","@id":"https:\/\/c-profil.se\/#website","url":"https:\/\/c-profil.se\/","name":"C-Pro","description":"Products for Electricity and Automation","publisher":{"@id":"https:\/\/c-profil.se\/#organization"},"potentialAction":[{"@type":"SearchAction","target":{"@type":"EntryPoint","urlTemplate":"https:\/\/c-profil.se\/?s={search_term_string}"},"query-input":{"@type":"PropertyValueSpecification","valueRequired":true,"valueName":"search_term_string"}}],"inLanguage":"en"},{"@type":"Organization","@id":"https:\/\/c-profil.se\/#organization","name":"C-Pro","alternateName":"C-PRO","url":"https:\/\/c-profil.se\/","logo":{"@type":"ImageObject","inLanguage":"en","@id":"https:\/\/c-profil.se\/#\/schema\/logo\/image\/","url":"https:\/\/c-profil.se\/wp-content\/uploads\/2022\/03\/c-pro-logga-liggande-500x500-1.png","contentUrl":"https:\/\/c-profil.se\/wp-content\/uploads\/2022\/03\/c-pro-logga-liggande-500x500-1.png","width":500,"height":500,"caption":"C-Pro"},"image":{"@id":"https:\/\/c-profil.se\/#\/schema\/logo\/image\/"},"sameAs":["https:\/\/www.facebook.com\/people\/C-Pro\/61561767306874\/","https:\/\/www.linkedin.com\/company\/c-pro-ab","https:\/\/www.instagram.com\/cpro.ab\/"],"description":"C-PRO AB is a comprehensive supplier of materials for applications in electricity and automation. Ever since the start in 1987, we have supplied the Swedish manufacturing industry with electrical materials. Despite our size and leading position, we have never abandoned our basic philosophy, to be a personal supplier. We at C-PRO are easy to get in touch with, honest and passionate about solving our customers&#039; problems.","email":"info@c-profil.se","telephone":"031575785","legalName":"C-Profil F\u00f6rl\u00e4ggningsmaterial AB","foundingDate":"1987-01-01"}]},"product_brand":"eftermontering","product_price_currency":"SEK","og_availability":"instock","product_availability":"instock","product_retailer_item_id":"KEL-JUMBO","product_condition":"new"},"_links":{"self":[{"href":"https:\/\/c-profil.se\/english\/wp-json\/wp\/v2\/product\/24454","targetHints":{"allow":["GET"]}}],"collection":[{"href":"https:\/\/c-profil.se\/english\/wp-json\/wp\/v2\/product"}],"about":[{"href":"https:\/\/c-profil.se\/english\/wp-json\/wp\/v2\/types\/product"}],"version-history":[{"count":8,"href":"https:\/\/c-profil.se\/english\/wp-json\/wp\/v2\/product\/24454\/revisions"}],"predecessor-version":[{"id":74289,"href":"https:\/\/c-profil.se\/english\/wp-json\/wp\/v2\/product\/24454\/revisions\/74289"}],"wp:featuredmedia":[{"embeddable":true,"href":"https:\/\/c-profil.se\/english\/wp-json\/wp\/v2\/media\/51126"}],"wp:attachment":[{"href":"https:\/\/c-profil.se\/english\/wp-json\/wp\/v2\/media?parent=24454"}],"wp:term":[{"taxonomy":"product_brand","embeddable":true,"href":"https:\/\/c-profil.se\/english\/wp-json\/wp\/v2\/product_brand?post=24454"},{"taxonomy":"product_cat","embeddable":true,"href":"https:\/\/c-profil.se\/english\/wp-json\/wp\/v2\/product_cat?post=24454"},{"taxonomy":"product_tag","embeddable":true,"href":"https:\/\/c-profil.se\/english\/wp-json\/wp\/v2\/product_tag?post=24454"}],"curies":[{"name":"wp","href":"https:\/\/api.w.org\/{rel}","templated":true}]}}