{"id":24450,"date":"2017-03-31T14:47:00","date_gmt":"2017-03-31T13:47:00","guid":{"rendered":"https:\/\/c-profil.se\/produkt\/kel-dpu-24\/"},"modified":"2026-03-19T15:15:47","modified_gmt":"2026-03-19T14:15:47","slug":"cable-entry-plate-kel-dpu","status":"publish","type":"product","link":"https:\/\/c-profil.se\/english\/produkt\/kabelgenomforingsplatta-multi-membran-kel-dpu\/","title":{"rendered":"Cable entry plate | KEL-DPU"},"content":{"rendered":"<p><strong>KEL-DPU is a robust cable entry plate for cables without connectors<\/strong>, designed for high protection class and increased strain relief.<br \/>\nIt combines high stability with quick assembly and is well suited for industrial applications with limited space.<\/p>","protected":false},"excerpt":{"rendered":"<p class=\"ai-optimize-31\"><strong>Cable entry plate \/ KEL-DPU<\/strong> are designed to route and seal cables without connectors (from 3.2 mm to 20.5 mm in diameter) in confined spaces with IP65 \/ IP66 \/ up to UL Type 4X* ratings.<\/p>\n<p class=\"ai-optimize-32\">The KEL-DPU is particularly characterized by its fixed robust frame and the increased strain relief.<\/p>\n<p class=\"ai-optimize-33\">KEL-DPU 24 matches exact hole dimensions for 24-pin standard industrial connectors.<\/p>\n<p class=\"ai-optimize-34\">The installation of the Cable Entry Plate Multi-Membrane \/ KEL-DPU with cables or pneumatic hoses can be done quickly and easily. Simply by making a small hole in the thin membrane and then pushing the cables through.<\/p>\n<ul>\n<li class=\"ai-optimize-35\"><a href=\"https:\/\/www.icotek.com\/sv\/produkter\/kabelgenomfoeringsplatta\/st-b\">ST-B Plugs<\/a> can be used for sealing in the membrane when cables have been removed.<\/li>\n<li class=\"ai-optimize-47\">*4X for indoor use only<\/li>\n<\/ul>\n<p class=\"ai-optimize-41\"><strong>Advantages:<\/strong><\/p>\n<ul class=\"list-unstyled list-ico\">\n<li class=\"ai-optimize-42\">High stability, vibration resistant<\/li>\n<li class=\"ai-optimize-43\">Quick and easy assembly<\/li>\n<li class=\"ai-optimize-44\">High cable density<\/li>\n<li class=\"ai-optimize-45\">Certified protection types IP66\/IP68 (according to EN 60529)<\/li>\n<li class=\"ai-optimize-46\">Hygienic design \u2013 free from dirt-collecting depressions<\/li>\n<\/ul>","protected":false},"featured_media":51188,"template":"","meta":{"_acf_changed":false},"product_brand":[740],"product_cat":[307],"product_tag":[992,938,990,1005,939],"class_list":{"0":"post-24450","1":"product","2":"type-product","3":"status-publish","4":"has-post-thumbnail","6":"product_brand-icotek","7":"product_cat-kabelgenomforingsplattor-multiflansar","8":"product_tag-kabelgenomforing","9":"product_tag-kabelinforing","10":"product_tag-kapsling","11":"product_tag-platbearbetning","12":"product_tag-tatning","14":"first","15":"instock","16":"shipping-taxable","17":"product-type-simple"},"acf":[],"yoast_head":"<!-- This site is optimized with the Yoast SEO Premium plugin v27.4 (Yoast SEO v27.4) - https:\/\/yoast.com\/product\/yoast-seo-premium-wordpress\/ -->\n<title>Kabelgenomf\u00f6ringsplatta | KEL-DPU - C-Pro<\/title>\n<meta name=\"description\" content=\"Kabelgenomf\u00f6ringsplatta \/ KEL-DPU f\u00f6r att dirigera och t\u00e4ta kablar utan kontaktdon i begr\u00e4nsat utrymme. L\u00e4s Mer!\" \/>\n<meta name=\"robots\" content=\"index, follow, max-snippet:-1, max-image-preview:large, max-video-preview:-1\" \/>\n<link rel=\"canonical\" href=\"https:\/\/c-profil.se\/english\/product\/cable-entry-plate-kel-dpu\/\" \/>\n<meta property=\"og:locale\" content=\"en_US\" \/>\n<meta property=\"og:type\" content=\"article\" \/>\n<meta property=\"og:title\" content=\"Kabelgenomf\u00f6ringsplatta | KEL-DPU - C-Pro\" \/>\n<meta property=\"og:description\" content=\"Kabelgenomf\u00f6ringsplatta \/ KEL-DPU \u00e4r konstruerade f\u00f6r att dirigera och t\u00e4ta kablar utan kontaktdon (fr\u00e5n 3,2 mm till 20,5 mm i diameter) i begr\u00e4nsat utrymme med IP65 \/ IP66 \/ upp till UL typ 4X* betyg. KEL-DPU k\u00e4nnetecknas s\u00e4rskilt av sin fasta robusta ram och den \u00f6kade dragavlastningen. KEL-DPU 24 matcher exakt h\u00e5ltagningsm\u00e5tt f\u00f6r 24-stifts standard industrikontakter. Monteringen av Kabelgenomf\u00f6ringsplatta multi-membran \/ KEL-DPU med kablar eller pneumatiska slangar kan g\u00f6ras snabbt och enkelt. Helt enkelt genom att g\u00f6ra ett litet h\u00e5l i det tunna membranet och sedan skjuta kablarna genom.    ST-B Pluggar kan anv\u00e4ndas f\u00f6r t\u00e4tning i membranet d\u00e5 kablar har avl\u00e4gsnats.  *4X endast f\u00f6r inomhusbruk  F\u00f6rdelar:    H\u00f6g stabilitet, vibrationst\u00e5lig  Snabb och enkel montering  H\u00f6g kabelt\u00e4thet  Certifierade skydd typer IP66\/IP68 (efter EN 60529)  Hygienisk design \u2013 fria fr\u00e5n smutssamlande f\u00f6rdjupningar\" \/>\n<meta property=\"og:url\" content=\"https:\/\/c-profil.se\/english\/product\/cable-entry-plate-kel-dpu\/\" \/>\n<meta property=\"og:site_name\" content=\"C-Pro\" \/>\n<meta property=\"article:publisher\" content=\"https:\/\/www.facebook.com\/people\/C-Pro\/61561767306874\/\" \/>\n<meta property=\"article:modified_time\" content=\"2026-03-19T14:15:47+00:00\" \/>\n<meta property=\"og:image\" content=\"https:\/\/c-profil.se\/wp-content\/uploads\/2017\/03\/Kabelgenomforingsplatta-KEL-DPU.jpg\" \/>\n\t<meta property=\"og:image:width\" content=\"1000\" \/>\n\t<meta property=\"og:image:height\" content=\"1000\" \/>\n\t<meta property=\"og:image:type\" content=\"image\/jpeg\" \/>\n<meta name=\"twitter:card\" content=\"summary_large_image\" \/>\n<meta name=\"twitter:label1\" content=\"Price\" \/>\n\t<meta name=\"twitter:data1\" content=\"\" \/>\n\t<meta name=\"twitter:label2\" content=\"Availability\" \/>\n\t<meta name=\"twitter:data2\" content=\"In stock\" \/>\n<script type=\"application\/ld+json\" class=\"yoast-schema-graph\">{\"@context\":\"https:\\\/\\\/schema.org\",\"@graph\":[{\"@type\":\"WebPage\",\"@id\":\"https:\\\/\\\/c-profil.se\\\/produkt\\\/kabelgenomforingsplatta-multi-membran-kel-dpu\\\/\",\"url\":\"https:\\\/\\\/c-profil.se\\\/produkt\\\/kabelgenomforingsplatta-multi-membran-kel-dpu\\\/\",\"name\":\"Kabelgenomf\u00f6ringsplatta | KEL-DPU - C-Pro\",\"isPartOf\":{\"@id\":\"https:\\\/\\\/c-profil.se\\\/#website\"},\"primaryImageOfPage\":{\"@id\":\"https:\\\/\\\/c-profil.se\\\/produkt\\\/kabelgenomforingsplatta-multi-membran-kel-dpu\\\/#primaryimage\"},\"image\":{\"@id\":\"https:\\\/\\\/c-profil.se\\\/produkt\\\/kabelgenomforingsplatta-multi-membran-kel-dpu\\\/#primaryimage\"},\"thumbnailUrl\":\"https:\\\/\\\/c-profil.se\\\/wp-content\\\/uploads\\\/2017\\\/03\\\/Kabelgenomforingsplatta-KEL-DPU.jpg\",\"datePublished\":\"2017-03-31T13:47:00+00:00\",\"dateModified\":\"2026-03-19T14:15:47+00:00\",\"description\":\"Kabelgenomf\u00f6ringsplatta \\\/ KEL-DPU f\u00f6r att dirigera och t\u00e4ta kablar utan kontaktdon i begr\u00e4nsat utrymme. L\u00e4s Mer!\",\"breadcrumb\":{\"@id\":\"https:\\\/\\\/c-profil.se\\\/produkt\\\/kabelgenomforingsplatta-multi-membran-kel-dpu\\\/#breadcrumb\"},\"inLanguage\":\"en\",\"potentialAction\":[{\"@type\":\"ReadAction\",\"target\":[\"https:\\\/\\\/c-profil.se\\\/produkt\\\/kabelgenomforingsplatta-multi-membran-kel-dpu\\\/\"]}]},{\"@type\":\"ImageObject\",\"inLanguage\":\"en\",\"@id\":\"https:\\\/\\\/c-profil.se\\\/produkt\\\/kabelgenomforingsplatta-multi-membran-kel-dpu\\\/#primaryimage\",\"url\":\"https:\\\/\\\/c-profil.se\\\/wp-content\\\/uploads\\\/2017\\\/03\\\/Kabelgenomforingsplatta-KEL-DPU.jpg\",\"contentUrl\":\"https:\\\/\\\/c-profil.se\\\/wp-content\\\/uploads\\\/2017\\\/03\\\/Kabelgenomforingsplatta-KEL-DPU.jpg\",\"width\":1000,\"height\":1000,\"caption\":\"Kabelgenomf\u00f6ringsplatta KEL-DPU\"},{\"@type\":\"BreadcrumbList\",\"@id\":\"https:\\\/\\\/c-profil.se\\\/produkt\\\/kabelgenomforingsplatta-multi-membran-kel-dpu\\\/#breadcrumb\",\"itemListElement\":[{\"@type\":\"ListItem\",\"position\":1,\"name\":\"Hem\",\"item\":\"https:\\\/\\\/c-profil.se\\\/\"},{\"@type\":\"ListItem\",\"position\":2,\"name\":\"Produkter\",\"item\":\"https:\\\/\\\/c-profil.se\\\/produkter\\\/\"},{\"@type\":\"ListItem\",\"position\":3,\"name\":\"Kabelgenomf\u00f6ringsplattor &amp; multifl\u00e4nsar\",\"item\":\"https:\\\/\\\/c-profil.se\\\/produkt-kategori\\\/kabelgenomforingsplattor-multiflansar\\\/\"},{\"@type\":\"ListItem\",\"position\":4,\"name\":\"Kabelgenomf\u00f6ringsplatta | KEL-DPU\"}]},{\"@type\":\"WebSite\",\"@id\":\"https:\\\/\\\/c-profil.se\\\/#website\",\"url\":\"https:\\\/\\\/c-profil.se\\\/\",\"name\":\"C-Pro\",\"description\":\"Produkter f\u00f6r El och Automation\",\"publisher\":{\"@id\":\"https:\\\/\\\/c-profil.se\\\/#organization\"},\"potentialAction\":[{\"@type\":\"SearchAction\",\"target\":{\"@type\":\"EntryPoint\",\"urlTemplate\":\"https:\\\/\\\/c-profil.se\\\/?s={search_term_string}\"},\"query-input\":{\"@type\":\"PropertyValueSpecification\",\"valueRequired\":true,\"valueName\":\"search_term_string\"}}],\"inLanguage\":\"en\"},{\"@type\":\"Organization\",\"@id\":\"https:\\\/\\\/c-profil.se\\\/#organization\",\"name\":\"C-Pro\",\"alternateName\":\"C-PRO\",\"url\":\"https:\\\/\\\/c-profil.se\\\/\",\"logo\":{\"@type\":\"ImageObject\",\"inLanguage\":\"en\",\"@id\":\"https:\\\/\\\/c-profil.se\\\/#\\\/schema\\\/logo\\\/image\\\/\",\"url\":\"https:\\\/\\\/c-profil.se\\\/wp-content\\\/uploads\\\/2022\\\/03\\\/c-pro-logga-liggande-500x500-1.png\",\"contentUrl\":\"https:\\\/\\\/c-profil.se\\\/wp-content\\\/uploads\\\/2022\\\/03\\\/c-pro-logga-liggande-500x500-1.png\",\"width\":500,\"height\":500,\"caption\":\"C-Pro\"},\"image\":{\"@id\":\"https:\\\/\\\/c-profil.se\\\/#\\\/schema\\\/logo\\\/image\\\/\"},\"sameAs\":[\"https:\\\/\\\/www.facebook.com\\\/people\\\/C-Pro\\\/61561767306874\\\/\",\"https:\\\/\\\/www.linkedin.com\\\/company\\\/c-pro-ab\",\"https:\\\/\\\/www.instagram.com\\\/cpro.ab\\\/\"],\"description\":\"C-PRO AB \u00e4r en helt\u00e4ckande leverant\u00f6r av material f\u00f6r applikationer inom el och automation. \u00c4nda sedan starten 1987 har vi f\u00f6rsett den svenska tillverkande industrin med elmaterial. Trots v\u00e5r storlek och ledande position har vi aldrig \u00f6vergett v\u00e5r grundfilosofi, att vara en personlig leverant\u00f6r. Vi p\u00e5 C-PRO \u00e4r l\u00e4tta att komma i kontakt med, \u00e4rliga och brinner f\u00f6r att l\u00f6sa v\u00e5ra kunders problem.\",\"email\":\"info@c-profil.se\",\"telephone\":\"031575785\",\"legalName\":\"C-Profil F\u00f6rl\u00e4ggningsmaterial AB\",\"foundingDate\":\"1987-01-01\"}]}<\/script>\n<meta property=\"product:brand\" content=\"kabelgenomf\u00f6ring\" \/>\n<meta property=\"product:price:currency\" content=\"SEK\" \/>\n<meta property=\"og:availability\" content=\"instock\" \/>\n<meta property=\"product:availability\" content=\"instock\" \/>\n<meta property=\"product:retailer_item_id\" content=\"KEL-DPU\" \/>\n<meta property=\"product:condition\" content=\"new\" \/>\n<!-- \/ Yoast SEO Premium plugin. -->","yoast_head_json":{"title":"Cable entry plate | KEL-DPU - C-Pro","description":"Cable entry plate \/ KEL-DPU for routing and sealing cables without connectors in limited space. Read More!","robots":{"index":"index","follow":"follow","max-snippet":"max-snippet:-1","max-image-preview":"max-image-preview:large","max-video-preview":"max-video-preview:-1"},"canonical":"https:\/\/c-profil.se\/english\/product\/cable-entry-plate-kel-dpu\/","og_locale":"en_US","og_type":"article","og_title":"Kabelgenomf\u00f6ringsplatta | KEL-DPU - C-Pro","og_description":"Kabelgenomf\u00f6ringsplatta \/ KEL-DPU \u00e4r konstruerade f\u00f6r att dirigera och t\u00e4ta kablar utan kontaktdon (fr\u00e5n 3,2 mm till 20,5 mm i diameter) i begr\u00e4nsat utrymme med IP65 \/ IP66 \/ upp till UL typ 4X* betyg. KEL-DPU k\u00e4nnetecknas s\u00e4rskilt av sin fasta robusta ram och den \u00f6kade dragavlastningen. KEL-DPU 24 matcher exakt h\u00e5ltagningsm\u00e5tt f\u00f6r 24-stifts standard industrikontakter. Monteringen av Kabelgenomf\u00f6ringsplatta multi-membran \/ KEL-DPU med kablar eller pneumatiska slangar kan g\u00f6ras snabbt och enkelt. Helt enkelt genom att g\u00f6ra ett litet h\u00e5l i det tunna membranet och sedan skjuta kablarna genom.    ST-B Pluggar kan anv\u00e4ndas f\u00f6r t\u00e4tning i membranet d\u00e5 kablar har avl\u00e4gsnats.  *4X endast f\u00f6r inomhusbruk  F\u00f6rdelar:    H\u00f6g stabilitet, vibrationst\u00e5lig  Snabb och enkel montering  H\u00f6g kabelt\u00e4thet  Certifierade skydd typer IP66\/IP68 (efter EN 60529)  Hygienisk design \u2013 fria fr\u00e5n smutssamlande f\u00f6rdjupningar","og_url":"https:\/\/c-profil.se\/english\/product\/cable-entry-plate-kel-dpu\/","og_site_name":"C-Pro","article_publisher":"https:\/\/www.facebook.com\/people\/C-Pro\/61561767306874\/","article_modified_time":"2026-03-19T14:15:47+00:00","og_image":[{"width":1000,"height":1000,"url":"https:\/\/c-profil.se\/wp-content\/uploads\/2017\/03\/Kabelgenomforingsplatta-KEL-DPU.jpg","type":"image\/jpeg"}],"twitter_card":"summary_large_image","twitter_misc":{"Price":"","Availability":"In stock"},"schema":{"@context":"https:\/\/schema.org","@graph":[{"@type":"WebPage","@id":"https:\/\/c-profil.se\/produkt\/kabelgenomforingsplatta-multi-membran-kel-dpu\/","url":"https:\/\/c-profil.se\/produkt\/kabelgenomforingsplatta-multi-membran-kel-dpu\/","name":"Cable entry plate | KEL-DPU - C-Pro","isPartOf":{"@id":"https:\/\/c-profil.se\/#website"},"primaryImageOfPage":{"@id":"https:\/\/c-profil.se\/produkt\/kabelgenomforingsplatta-multi-membran-kel-dpu\/#primaryimage"},"image":{"@id":"https:\/\/c-profil.se\/produkt\/kabelgenomforingsplatta-multi-membran-kel-dpu\/#primaryimage"},"thumbnailUrl":"https:\/\/c-profil.se\/wp-content\/uploads\/2017\/03\/Kabelgenomforingsplatta-KEL-DPU.jpg","datePublished":"2017-03-31T13:47:00+00:00","dateModified":"2026-03-19T14:15:47+00:00","description":"Cable entry plate \/ KEL-DPU for routing and sealing cables without connectors in limited space. Read More!","breadcrumb":{"@id":"https:\/\/c-profil.se\/produkt\/kabelgenomforingsplatta-multi-membran-kel-dpu\/#breadcrumb"},"inLanguage":"en","potentialAction":[{"@type":"ReadAction","target":["https:\/\/c-profil.se\/produkt\/kabelgenomforingsplatta-multi-membran-kel-dpu\/"]}]},{"@type":"ImageObject","inLanguage":"en","@id":"https:\/\/c-profil.se\/produkt\/kabelgenomforingsplatta-multi-membran-kel-dpu\/#primaryimage","url":"https:\/\/c-profil.se\/wp-content\/uploads\/2017\/03\/Kabelgenomforingsplatta-KEL-DPU.jpg","contentUrl":"https:\/\/c-profil.se\/wp-content\/uploads\/2017\/03\/Kabelgenomforingsplatta-KEL-DPU.jpg","width":1000,"height":1000,"caption":"Kabelgenomf\u00f6ringsplatta KEL-DPU"},{"@type":"BreadcrumbList","@id":"https:\/\/c-profil.se\/produkt\/kabelgenomforingsplatta-multi-membran-kel-dpu\/#breadcrumb","itemListElement":[{"@type":"ListItem","position":1,"name":"Hem","item":"https:\/\/c-profil.se\/"},{"@type":"ListItem","position":2,"name":"Produkter","item":"https:\/\/c-profil.se\/produkter\/"},{"@type":"ListItem","position":3,"name":"Kabelgenomf\u00f6ringsplattor &amp; multifl\u00e4nsar","item":"https:\/\/c-profil.se\/produkt-kategori\/kabelgenomforingsplattor-multiflansar\/"},{"@type":"ListItem","position":4,"name":"Kabelgenomf\u00f6ringsplatta | KEL-DPU"}]},{"@type":"WebSite","@id":"https:\/\/c-profil.se\/#website","url":"https:\/\/c-profil.se\/","name":"C-Pro","description":"Products for Electricity and Automation","publisher":{"@id":"https:\/\/c-profil.se\/#organization"},"potentialAction":[{"@type":"SearchAction","target":{"@type":"EntryPoint","urlTemplate":"https:\/\/c-profil.se\/?s={search_term_string}"},"query-input":{"@type":"PropertyValueSpecification","valueRequired":true,"valueName":"search_term_string"}}],"inLanguage":"en"},{"@type":"Organization","@id":"https:\/\/c-profil.se\/#organization","name":"C-Pro","alternateName":"C-PRO","url":"https:\/\/c-profil.se\/","logo":{"@type":"ImageObject","inLanguage":"en","@id":"https:\/\/c-profil.se\/#\/schema\/logo\/image\/","url":"https:\/\/c-profil.se\/wp-content\/uploads\/2022\/03\/c-pro-logga-liggande-500x500-1.png","contentUrl":"https:\/\/c-profil.se\/wp-content\/uploads\/2022\/03\/c-pro-logga-liggande-500x500-1.png","width":500,"height":500,"caption":"C-Pro"},"image":{"@id":"https:\/\/c-profil.se\/#\/schema\/logo\/image\/"},"sameAs":["https:\/\/www.facebook.com\/people\/C-Pro\/61561767306874\/","https:\/\/www.linkedin.com\/company\/c-pro-ab","https:\/\/www.instagram.com\/cpro.ab\/"],"description":"C-PRO AB is a comprehensive supplier of materials for applications in electricity and automation. Ever since the start in 1987, we have supplied the Swedish manufacturing industry with electrical materials. Despite our size and leading position, we have never abandoned our basic philosophy, to be a personal supplier. We at C-PRO are easy to get in touch with, honest and passionate about solving our customers&#039; problems.","email":"info@c-profil.se","telephone":"031575785","legalName":"C-Profil F\u00f6rl\u00e4ggningsmaterial AB","foundingDate":"1987-01-01"}]},"product_brand":"kabelgenomf\u00f6ring","product_price_currency":"SEK","og_availability":"instock","product_availability":"instock","product_retailer_item_id":"KEL-DPU","product_condition":"new"},"_links":{"self":[{"href":"https:\/\/c-profil.se\/english\/wp-json\/wp\/v2\/product\/24450","targetHints":{"allow":["GET"]}}],"collection":[{"href":"https:\/\/c-profil.se\/english\/wp-json\/wp\/v2\/product"}],"about":[{"href":"https:\/\/c-profil.se\/english\/wp-json\/wp\/v2\/types\/product"}],"version-history":[{"count":9,"href":"https:\/\/c-profil.se\/english\/wp-json\/wp\/v2\/product\/24450\/revisions"}],"predecessor-version":[{"id":74306,"href":"https:\/\/c-profil.se\/english\/wp-json\/wp\/v2\/product\/24450\/revisions\/74306"}],"wp:featuredmedia":[{"embeddable":true,"href":"https:\/\/c-profil.se\/english\/wp-json\/wp\/v2\/media\/51188"}],"wp:attachment":[{"href":"https:\/\/c-profil.se\/english\/wp-json\/wp\/v2\/media?parent=24450"}],"wp:term":[{"taxonomy":"product_brand","embeddable":true,"href":"https:\/\/c-profil.se\/english\/wp-json\/wp\/v2\/product_brand?post=24450"},{"taxonomy":"product_cat","embeddable":true,"href":"https:\/\/c-profil.se\/english\/wp-json\/wp\/v2\/product_cat?post=24450"},{"taxonomy":"product_tag","embeddable":true,"href":"https:\/\/c-profil.se\/english\/wp-json\/wp\/v2\/product_tag?post=24450"}],"curies":[{"name":"wp","href":"https:\/\/api.w.org\/{rel}","templated":true}]}}