{"id":24442,"date":"2017-03-20T14:35:00","date_gmt":"2017-03-20T13:35:00","guid":{"rendered":"https:\/\/c-profil.se\/produkt\/kel-bes-s-rund\/"},"modified":"2026-03-19T15:16:51","modified_gmt":"2026-03-19T14:16:51","slug":"round-brush-entri-plate-kel-bes-s-round","status":"publish","type":"product","link":"https:\/\/c-profil.se\/english\/produkt\/borstplatta-delad-kel-bes-s-rund\/","title":{"rendered":"Brush plate divided | KEL-BES-S Round"},"content":{"rendered":"<p><strong>KEL-BES-S Round is a split brush plate for metric holes (M32\/M50)<\/strong>, designed for cable entry in equipment cabinets, server racks and data centers.<br \/>\nThe brush plate can be snapped in or mounted with a lock nut and allows for controlled airflow, visual screening and cable protection.<\/p>","protected":false},"excerpt":{"rendered":"<p>Brush plate divided \/ KEL-BES-S Round for round metric drilling M32\/M50. We now offer the split brush plate for cable entry KEL-BES-S. It can either be snapped directly into the \"hole\" or screwed on with a lock nut.<\/p>\n<p>A split brush plate for cable entry \"KEL-BES-S\" is used to route cables in server racks, controllers, control panels, cabinets and enclosures. KEL-BES-S is also an ideal solution for the entry and exit of cables that are laid inside raised floors, e.g. in data centers.<\/p>\n<p><strong>Note:\u00a0<\/strong>Snap-in mounting possible if the wall thickness is 1 \u2013 2.5 mm. For wall thicknesses  2.5 mm, a locking nut must be used<\/p>\n<p><strong>Advantages:<\/strong><\/p>\n<ul>\n<li>Quick and easy assembly<\/li>\n<li>Versatile use<\/li>\n<li>Allows reduced air flow while filtering out dust, hair and larger particles<\/li>\n<li>Thermal protection, separation of cold and hot air<\/li>\n<li>Visuell screening<\/li>\n<li>Protects cables against wear<\/li>\n<\/ul>","protected":false},"featured_media":51279,"template":"","meta":{"_acf_changed":false},"product_brand":[740],"product_cat":[308],"product_tag":[992,938,1005,939],"class_list":{"0":"post-24442","1":"product","2":"type-product","3":"status-publish","4":"has-post-thumbnail","6":"product_brand-icotek","7":"product_cat-kabelgenomforing-med-borsttatning","8":"product_tag-kabelgenomforing","9":"product_tag-kabelinforing","10":"product_tag-platbearbetning","11":"product_tag-tatning","13":"first","14":"instock","15":"shipping-taxable","16":"product-type-simple"},"acf":[],"yoast_head":"<!-- This site is optimized with the Yoast SEO Premium plugin v27.4 (Yoast SEO v27.4) - https:\/\/yoast.com\/product\/yoast-seo-premium-wordpress\/ -->\n<title>Borstplatta delad | KEL-BES-S Rund - C-Pro<\/title>\n<meta name=\"description\" content=\"Borstplatta delad \/ KEL-BES-S Rund f\u00f6r rund metrisk h\u00e5ltagning M32\/M50. Den kan antingen sn\u00e4ppas in direkt i \u201dh\u00e5let\u201d eller skruvas fast med en l\u00e5smutter.\" \/>\n<meta name=\"robots\" content=\"index, follow, max-snippet:-1, max-image-preview:large, max-video-preview:-1\" \/>\n<link rel=\"canonical\" href=\"https:\/\/c-profil.se\/english\/product\/round-brush-entri-plate-kel-bes-s-round\/\" \/>\n<meta property=\"og:locale\" content=\"en_US\" \/>\n<meta property=\"og:type\" content=\"article\" \/>\n<meta property=\"og:title\" content=\"Borstplatta delad | KEL-BES-S Rund - C-Pro\" \/>\n<meta property=\"og:description\" content=\"Borstplatta delad \/ KEL-BES-S Rund f\u00f6r rund metrisk h\u00e5ltagning M32\/M50. Vi erbjuder nu den delade borstplattan f\u00f6r kabelgenomf\u00f6ring KEL-BES-S. Den kan antingen sn\u00e4ppas in direkt i \u201dh\u00e5let\u201d eller skruvas fast med en l\u00e5smutter.  En delad borstplatta f\u00f6r kabelgenomf\u00f6ring \u201dKEL-BES-S\u201d anv\u00e4nds f\u00f6r att dirigera kablar i serverrack, styrenheter, kontrollpaneler, apparatsk\u00e5p och kapslingar. KEL-BES-S \u00e4r ocks\u00e5 en idealisk l\u00f6sning f\u00f6r inf\u00f6rsel och utf\u00f6rsel av kablar som \u00e4r dragna inuti upph\u00f6jda golv, t.ex. i datacentraler.  Notera:\u00a0Snap-in-montering m\u00f6jlig om v\u00e4ggtjockleken \u00e4r 1 - 2,5 mm. F\u00f6r v\u00e4ggtjocklek &lt; 1 mm och &gt; 2,5 mm m\u00e5ste en l\u00e5smutter anv\u00e4ndas.  F\u00f6rdelar:   Snabb och enkel montering  M\u00e5ngsidig anv\u00e4ndning  Till\u00e5ter minskat luftfl\u00f6de och samtidigt filtrera bort damm, h\u00e5r och st\u00f6rre partiklar  Termiskt skydd, separering av kall och varm luft  Visuell screening  Skyddar kablar mot slitage\" \/>\n<meta property=\"og:url\" content=\"https:\/\/c-profil.se\/english\/product\/round-brush-entri-plate-kel-bes-s-round\/\" \/>\n<meta property=\"og:site_name\" content=\"C-Pro\" \/>\n<meta property=\"article:publisher\" content=\"https:\/\/www.facebook.com\/people\/C-Pro\/61561767306874\/\" \/>\n<meta property=\"article:modified_time\" content=\"2026-03-19T14:16:51+00:00\" \/>\n<meta property=\"og:image\" content=\"https:\/\/c-profil.se\/wp-content\/uploads\/2017\/03\/Borstplatta-KEL-BES-1.jpg\" \/>\n\t<meta property=\"og:image:width\" content=\"1000\" \/>\n\t<meta property=\"og:image:height\" content=\"1000\" \/>\n\t<meta property=\"og:image:type\" content=\"image\/jpeg\" \/>\n<meta name=\"twitter:card\" content=\"summary_large_image\" \/>\n<meta name=\"twitter:label1\" content=\"Price\" \/>\n\t<meta name=\"twitter:data1\" content=\"\" \/>\n\t<meta name=\"twitter:label2\" content=\"Availability\" \/>\n\t<meta name=\"twitter:data2\" content=\"In stock\" \/>\n<script type=\"application\/ld+json\" class=\"yoast-schema-graph\">{\"@context\":\"https:\\\/\\\/schema.org\",\"@graph\":[{\"@type\":\"WebPage\",\"@id\":\"https:\\\/\\\/c-profil.se\\\/produkt\\\/borstplatta-delad-kel-bes-s-rund\\\/\",\"url\":\"https:\\\/\\\/c-profil.se\\\/produkt\\\/borstplatta-delad-kel-bes-s-rund\\\/\",\"name\":\"Borstplatta delad | KEL-BES-S Rund - C-Pro\",\"isPartOf\":{\"@id\":\"https:\\\/\\\/c-profil.se\\\/#website\"},\"primaryImageOfPage\":{\"@id\":\"https:\\\/\\\/c-profil.se\\\/produkt\\\/borstplatta-delad-kel-bes-s-rund\\\/#primaryimage\"},\"image\":{\"@id\":\"https:\\\/\\\/c-profil.se\\\/produkt\\\/borstplatta-delad-kel-bes-s-rund\\\/#primaryimage\"},\"thumbnailUrl\":\"https:\\\/\\\/c-profil.se\\\/wp-content\\\/uploads\\\/2017\\\/03\\\/Borstplatta-KEL-BES-1.jpg\",\"datePublished\":\"2017-03-20T13:35:00+00:00\",\"dateModified\":\"2026-03-19T14:16:51+00:00\",\"description\":\"Borstplatta delad \\\/ KEL-BES-S Rund f\u00f6r rund metrisk h\u00e5ltagning M32\\\/M50. Den kan antingen sn\u00e4ppas in direkt i \u201dh\u00e5let\u201d eller skruvas fast med en l\u00e5smutter.\",\"breadcrumb\":{\"@id\":\"https:\\\/\\\/c-profil.se\\\/produkt\\\/borstplatta-delad-kel-bes-s-rund\\\/#breadcrumb\"},\"inLanguage\":\"en\",\"potentialAction\":[{\"@type\":\"ReadAction\",\"target\":[\"https:\\\/\\\/c-profil.se\\\/produkt\\\/borstplatta-delad-kel-bes-s-rund\\\/\"]}]},{\"@type\":\"ImageObject\",\"inLanguage\":\"en\",\"@id\":\"https:\\\/\\\/c-profil.se\\\/produkt\\\/borstplatta-delad-kel-bes-s-rund\\\/#primaryimage\",\"url\":\"https:\\\/\\\/c-profil.se\\\/wp-content\\\/uploads\\\/2017\\\/03\\\/Borstplatta-KEL-BES-1.jpg\",\"contentUrl\":\"https:\\\/\\\/c-profil.se\\\/wp-content\\\/uploads\\\/2017\\\/03\\\/Borstplatta-KEL-BES-1.jpg\",\"width\":1000,\"height\":1000,\"caption\":\"Borstplatta KEL-BES-S Rund\"},{\"@type\":\"BreadcrumbList\",\"@id\":\"https:\\\/\\\/c-profil.se\\\/produkt\\\/borstplatta-delad-kel-bes-s-rund\\\/#breadcrumb\",\"itemListElement\":[{\"@type\":\"ListItem\",\"position\":1,\"name\":\"Hem\",\"item\":\"https:\\\/\\\/c-profil.se\\\/\"},{\"@type\":\"ListItem\",\"position\":2,\"name\":\"Produkter\",\"item\":\"https:\\\/\\\/c-profil.se\\\/produkter\\\/\"},{\"@type\":\"ListItem\",\"position\":3,\"name\":\"Kabelgenomf\u00f6ringar med borstt\u00e4tning\",\"item\":\"https:\\\/\\\/c-profil.se\\\/produkt-kategori\\\/kabelgenomforing-med-borsttatning\\\/\"},{\"@type\":\"ListItem\",\"position\":4,\"name\":\"Borstplatta delad | KEL-BES-S Rund\"}]},{\"@type\":\"WebSite\",\"@id\":\"https:\\\/\\\/c-profil.se\\\/#website\",\"url\":\"https:\\\/\\\/c-profil.se\\\/\",\"name\":\"C-Pro\",\"description\":\"Produkter f\u00f6r El och Automation\",\"publisher\":{\"@id\":\"https:\\\/\\\/c-profil.se\\\/#organization\"},\"potentialAction\":[{\"@type\":\"SearchAction\",\"target\":{\"@type\":\"EntryPoint\",\"urlTemplate\":\"https:\\\/\\\/c-profil.se\\\/?s={search_term_string}\"},\"query-input\":{\"@type\":\"PropertyValueSpecification\",\"valueRequired\":true,\"valueName\":\"search_term_string\"}}],\"inLanguage\":\"en\"},{\"@type\":\"Organization\",\"@id\":\"https:\\\/\\\/c-profil.se\\\/#organization\",\"name\":\"C-Pro\",\"alternateName\":\"C-PRO\",\"url\":\"https:\\\/\\\/c-profil.se\\\/\",\"logo\":{\"@type\":\"ImageObject\",\"inLanguage\":\"en\",\"@id\":\"https:\\\/\\\/c-profil.se\\\/#\\\/schema\\\/logo\\\/image\\\/\",\"url\":\"https:\\\/\\\/c-profil.se\\\/wp-content\\\/uploads\\\/2022\\\/03\\\/c-pro-logga-liggande-500x500-1.png\",\"contentUrl\":\"https:\\\/\\\/c-profil.se\\\/wp-content\\\/uploads\\\/2022\\\/03\\\/c-pro-logga-liggande-500x500-1.png\",\"width\":500,\"height\":500,\"caption\":\"C-Pro\"},\"image\":{\"@id\":\"https:\\\/\\\/c-profil.se\\\/#\\\/schema\\\/logo\\\/image\\\/\"},\"sameAs\":[\"https:\\\/\\\/www.facebook.com\\\/people\\\/C-Pro\\\/61561767306874\\\/\",\"https:\\\/\\\/www.linkedin.com\\\/company\\\/c-pro-ab\",\"https:\\\/\\\/www.instagram.com\\\/cpro.ab\\\/\"],\"description\":\"C-PRO AB \u00e4r en helt\u00e4ckande leverant\u00f6r av material f\u00f6r applikationer inom el och automation. \u00c4nda sedan starten 1987 har vi f\u00f6rsett den svenska tillverkande industrin med elmaterial. Trots v\u00e5r storlek och ledande position har vi aldrig \u00f6vergett v\u00e5r grundfilosofi, att vara en personlig leverant\u00f6r. Vi p\u00e5 C-PRO \u00e4r l\u00e4tta att komma i kontakt med, \u00e4rliga och brinner f\u00f6r att l\u00f6sa v\u00e5ra kunders problem.\",\"email\":\"info@c-profil.se\",\"telephone\":\"031575785\",\"legalName\":\"C-Profil F\u00f6rl\u00e4ggningsmaterial AB\",\"foundingDate\":\"1987-01-01\"}]}<\/script>\n<meta property=\"product:brand\" content=\"kabelgenomf\u00f6ring\" \/>\n<meta property=\"product:price:currency\" content=\"SEK\" \/>\n<meta property=\"og:availability\" content=\"instock\" \/>\n<meta property=\"product:availability\" content=\"instock\" \/>\n<meta property=\"product:retailer_item_id\" content=\"KEL-BES-S Rund\" \/>\n<meta property=\"product:condition\" content=\"new\" \/>\n<!-- \/ Yoast SEO Premium plugin. -->","yoast_head_json":{"title":"Brush plate divided | KEL-BES-S Round - C-Pro","description":"Brush plate divided \/ KEL-BES-S Round for round metric drilling M32\/M50. It can either be snapped directly into the \"hole\" or screwed on with a lock nut.","robots":{"index":"index","follow":"follow","max-snippet":"max-snippet:-1","max-image-preview":"max-image-preview:large","max-video-preview":"max-video-preview:-1"},"canonical":"https:\/\/c-profil.se\/english\/product\/round-brush-entri-plate-kel-bes-s-round\/","og_locale":"en_US","og_type":"article","og_title":"Borstplatta delad | KEL-BES-S Rund - C-Pro","og_description":"Borstplatta delad \/ KEL-BES-S Rund f\u00f6r rund metrisk h\u00e5ltagning M32\/M50. Vi erbjuder nu den delade borstplattan f\u00f6r kabelgenomf\u00f6ring KEL-BES-S. Den kan antingen sn\u00e4ppas in direkt i \u201dh\u00e5let\u201d eller skruvas fast med en l\u00e5smutter.  En delad borstplatta f\u00f6r kabelgenomf\u00f6ring \u201dKEL-BES-S\u201d anv\u00e4nds f\u00f6r att dirigera kablar i serverrack, styrenheter, kontrollpaneler, apparatsk\u00e5p och kapslingar. KEL-BES-S \u00e4r ocks\u00e5 en idealisk l\u00f6sning f\u00f6r inf\u00f6rsel och utf\u00f6rsel av kablar som \u00e4r dragna inuti upph\u00f6jda golv, t.ex. i datacentraler.  Notera:\u00a0Snap-in-montering m\u00f6jlig om v\u00e4ggtjockleken \u00e4r 1 - 2,5 mm. F\u00f6r v\u00e4ggtjocklek &lt; 1 mm och &gt; 2,5 mm m\u00e5ste en l\u00e5smutter anv\u00e4ndas.  F\u00f6rdelar:   Snabb och enkel montering  M\u00e5ngsidig anv\u00e4ndning  Till\u00e5ter minskat luftfl\u00f6de och samtidigt filtrera bort damm, h\u00e5r och st\u00f6rre partiklar  Termiskt skydd, separering av kall och varm luft  Visuell screening  Skyddar kablar mot slitage","og_url":"https:\/\/c-profil.se\/english\/product\/round-brush-entri-plate-kel-bes-s-round\/","og_site_name":"C-Pro","article_publisher":"https:\/\/www.facebook.com\/people\/C-Pro\/61561767306874\/","article_modified_time":"2026-03-19T14:16:51+00:00","og_image":[{"width":1000,"height":1000,"url":"https:\/\/c-profil.se\/wp-content\/uploads\/2017\/03\/Borstplatta-KEL-BES-1.jpg","type":"image\/jpeg"}],"twitter_card":"summary_large_image","twitter_misc":{"Price":"","Availability":"In stock"},"schema":{"@context":"https:\/\/schema.org","@graph":[{"@type":"WebPage","@id":"https:\/\/c-profil.se\/produkt\/borstplatta-delad-kel-bes-s-rund\/","url":"https:\/\/c-profil.se\/produkt\/borstplatta-delad-kel-bes-s-rund\/","name":"Brush plate divided | KEL-BES-S Round - C-Pro","isPartOf":{"@id":"https:\/\/c-profil.se\/#website"},"primaryImageOfPage":{"@id":"https:\/\/c-profil.se\/produkt\/borstplatta-delad-kel-bes-s-rund\/#primaryimage"},"image":{"@id":"https:\/\/c-profil.se\/produkt\/borstplatta-delad-kel-bes-s-rund\/#primaryimage"},"thumbnailUrl":"https:\/\/c-profil.se\/wp-content\/uploads\/2017\/03\/Borstplatta-KEL-BES-1.jpg","datePublished":"2017-03-20T13:35:00+00:00","dateModified":"2026-03-19T14:16:51+00:00","description":"Brush plate divided \/ KEL-BES-S Round for round metric drilling M32\/M50. It can either be snapped directly into the \"hole\" or screwed on with a lock nut.","breadcrumb":{"@id":"https:\/\/c-profil.se\/produkt\/borstplatta-delad-kel-bes-s-rund\/#breadcrumb"},"inLanguage":"en","potentialAction":[{"@type":"ReadAction","target":["https:\/\/c-profil.se\/produkt\/borstplatta-delad-kel-bes-s-rund\/"]}]},{"@type":"ImageObject","inLanguage":"en","@id":"https:\/\/c-profil.se\/produkt\/borstplatta-delad-kel-bes-s-rund\/#primaryimage","url":"https:\/\/c-profil.se\/wp-content\/uploads\/2017\/03\/Borstplatta-KEL-BES-1.jpg","contentUrl":"https:\/\/c-profil.se\/wp-content\/uploads\/2017\/03\/Borstplatta-KEL-BES-1.jpg","width":1000,"height":1000,"caption":"Borstplatta KEL-BES-S Rund"},{"@type":"BreadcrumbList","@id":"https:\/\/c-profil.se\/produkt\/borstplatta-delad-kel-bes-s-rund\/#breadcrumb","itemListElement":[{"@type":"ListItem","position":1,"name":"Hem","item":"https:\/\/c-profil.se\/"},{"@type":"ListItem","position":2,"name":"Produkter","item":"https:\/\/c-profil.se\/produkter\/"},{"@type":"ListItem","position":3,"name":"Kabelgenomf\u00f6ringar med borstt\u00e4tning","item":"https:\/\/c-profil.se\/produkt-kategori\/kabelgenomforing-med-borsttatning\/"},{"@type":"ListItem","position":4,"name":"Borstplatta delad | KEL-BES-S Rund"}]},{"@type":"WebSite","@id":"https:\/\/c-profil.se\/#website","url":"https:\/\/c-profil.se\/","name":"C-Pro","description":"Products for Electricity and Automation","publisher":{"@id":"https:\/\/c-profil.se\/#organization"},"potentialAction":[{"@type":"SearchAction","target":{"@type":"EntryPoint","urlTemplate":"https:\/\/c-profil.se\/?s={search_term_string}"},"query-input":{"@type":"PropertyValueSpecification","valueRequired":true,"valueName":"search_term_string"}}],"inLanguage":"en"},{"@type":"Organization","@id":"https:\/\/c-profil.se\/#organization","name":"C-Pro","alternateName":"C-PRO","url":"https:\/\/c-profil.se\/","logo":{"@type":"ImageObject","inLanguage":"en","@id":"https:\/\/c-profil.se\/#\/schema\/logo\/image\/","url":"https:\/\/c-profil.se\/wp-content\/uploads\/2022\/03\/c-pro-logga-liggande-500x500-1.png","contentUrl":"https:\/\/c-profil.se\/wp-content\/uploads\/2022\/03\/c-pro-logga-liggande-500x500-1.png","width":500,"height":500,"caption":"C-Pro"},"image":{"@id":"https:\/\/c-profil.se\/#\/schema\/logo\/image\/"},"sameAs":["https:\/\/www.facebook.com\/people\/C-Pro\/61561767306874\/","https:\/\/www.linkedin.com\/company\/c-pro-ab","https:\/\/www.instagram.com\/cpro.ab\/"],"description":"C-PRO AB is a comprehensive supplier of materials for applications in electricity and automation. Ever since the start in 1987, we have supplied the Swedish manufacturing industry with electrical materials. Despite our size and leading position, we have never abandoned our basic philosophy, to be a personal supplier. We at C-PRO are easy to get in touch with, honest and passionate about solving our customers&#039; problems.","email":"info@c-profil.se","telephone":"031575785","legalName":"C-Profil F\u00f6rl\u00e4ggningsmaterial AB","foundingDate":"1987-01-01"}]},"product_brand":"kabelgenomf\u00f6ring","product_price_currency":"SEK","og_availability":"instock","product_availability":"instock","product_retailer_item_id":"KEL-BES-S Rund","product_condition":"new"},"_links":{"self":[{"href":"https:\/\/c-profil.se\/english\/wp-json\/wp\/v2\/product\/24442","targetHints":{"allow":["GET"]}}],"collection":[{"href":"https:\/\/c-profil.se\/english\/wp-json\/wp\/v2\/product"}],"about":[{"href":"https:\/\/c-profil.se\/english\/wp-json\/wp\/v2\/types\/product"}],"version-history":[{"count":8,"href":"https:\/\/c-profil.se\/english\/wp-json\/wp\/v2\/product\/24442\/revisions"}],"predecessor-version":[{"id":74311,"href":"https:\/\/c-profil.se\/english\/wp-json\/wp\/v2\/product\/24442\/revisions\/74311"}],"wp:featuredmedia":[{"embeddable":true,"href":"https:\/\/c-profil.se\/english\/wp-json\/wp\/v2\/media\/51279"}],"wp:attachment":[{"href":"https:\/\/c-profil.se\/english\/wp-json\/wp\/v2\/media?parent=24442"}],"wp:term":[{"taxonomy":"product_brand","embeddable":true,"href":"https:\/\/c-profil.se\/english\/wp-json\/wp\/v2\/product_brand?post=24442"},{"taxonomy":"product_cat","embeddable":true,"href":"https:\/\/c-profil.se\/english\/wp-json\/wp\/v2\/product_cat?post=24442"},{"taxonomy":"product_tag","embeddable":true,"href":"https:\/\/c-profil.se\/english\/wp-json\/wp\/v2\/product_tag?post=24442"}],"curies":[{"name":"wp","href":"https:\/\/api.w.org\/{rel}","templated":true}]}}