{"id":24422,"date":"2017-03-20T08:36:00","date_gmt":"2017-03-20T07:36:00","guid":{"rendered":"https:\/\/c-profil.se\/produkt\/kvt-gra\/"},"modified":"2026-04-24T09:39:31","modified_gmt":"2026-04-24T08:39:31","slug":"split-cable-gland-kvt","status":"publish","type":"product","link":"https:\/\/c-profil.se\/english\/produkt\/kabelforskruvning-kvt\/","title":{"rendered":"Cable gland | KVT"},"content":{"rendered":"<p><strong>KVT is a round, divisible cable gland for industrial installations<\/strong>, designed for easy and safe routing of cables with or without contacts.<br \/>\nThe screw connection enables high cable density when using metric holes and maintains the warranty on pre-terminated cables.<\/p>","protected":false},"excerpt":{"rendered":"<p class=\"ai-optimize-30\">Cable gland \/ KVT is a round split cable gland for quick, easy installation and sealing of cables with connectors or complete cabling. Lock nuts in Polyamide and a sealing ring are included in the transport.<br \/>\nTo route D-Sub, DVI or PROFIBUS connectors in combination with Split screw connection \/ KVT, special locking nuts with cutouts are required.<\/p>\n<p class=\"ai-optimize-32\"><strong>Advantages<\/strong><\/p>\n<ul>\n<li class=\"ai-optimize-33\">Routing of cables with and without connectors<\/li>\n<li class=\"ai-optimize-34\">Warranty on pre-terminated cables remains<\/li>\n<li class=\"ai-optimize-35\">Retrofits, repairs and maintenance can be done much more easily and quickly<\/li>\n<li class=\"ai-optimize-36\">High cable density, wide variety of grommets<\/li>\n<li class=\"ai-optimize-37\">Suitable for metric hole punching<\/li>\n<li class=\"ai-optimize-38\">Lock nut included<\/li>\n<\/ul>","protected":false},"featured_media":50960,"template":"","meta":{"_acf_changed":false},"product_brand":[740],"product_cat":[304],"product_tag":[953,992,938,1005,939],"class_list":{"0":"post-24422","1":"product","2":"type-product","3":"status-publish","4":"has-post-thumbnail","6":"product_brand-icotek","7":"product_cat-kabelforskruvningar-for-kablar-med-kontakt","8":"product_tag-eftermontering","9":"product_tag-kabelgenomforing","10":"product_tag-kabelinforing","11":"product_tag-platbearbetning","12":"product_tag-tatning","14":"first","15":"instock","16":"shipping-taxable","17":"product-type-simple"},"acf":[],"yoast_head":"<!-- This site is optimized with the Yoast SEO Premium plugin v27.4 (Yoast SEO v27.4) - https:\/\/yoast.com\/product\/yoast-seo-premium-wordpress\/ -->\n<title>Kabelf\u00f6rskruvning | KVT - C-Pro<\/title>\n<meta name=\"description\" content=\"Kabelf\u00f6rskruvning \/ KVT \u00e4r en rund delad kabelf\u00f6rskruvning f\u00f6r snabb och enkel installation av kablar med kontakter\/kompletta kablage. L\u00e4s Mer!\" \/>\n<meta name=\"robots\" content=\"index, follow, max-snippet:-1, max-image-preview:large, max-video-preview:-1\" \/>\n<link rel=\"canonical\" href=\"https:\/\/c-profil.se\/english\/product\/split-cable-gland-kvt\/\" \/>\n<meta property=\"og:locale\" content=\"en_US\" \/>\n<meta property=\"og:type\" content=\"article\" \/>\n<meta property=\"og:title\" content=\"Kabelf\u00f6rskruvning | KVT - C-Pro\" \/>\n<meta property=\"og:description\" content=\"Kabelf\u00f6rskruvning \/ KVT \u00e4r en rund delad kabelf\u00f6rskruvning f\u00f6r snabb, enkel installation och t\u00e4tning av kablar med kontakter eller kompletta kablage. L\u00e5smuttrar i Polyamid samt en t\u00e4tningsring ing\u00e5r i transporten. F\u00f6r att dirigera D-Sub, DVI eller PROFIBUS kontakter i kombination med Delbar f\u00f6rskruvning \/ KVT kr\u00e4vs s\u00e4rskilda l\u00e5smuttrar med utsk\u00e4rningar. F\u00f6rdelar    Inf\u00f6rande av f\u00f6rkontakterade\u00a0kablar  Garantin p\u00e5 f\u00f6rkontakterade kablar beh\u00e5lls  Ombyggnationer, reparationer och underh\u00e5ll kan g\u00f6ras mycket enklare och snabbare  H\u00f6g kabelt\u00e4thet och en m\u00e4ngd olika genomf\u00f6ringar  L\u00e4mplig f\u00f6r metrisk h\u00e5ltagning  L\u00e5smutter ing\u00e5r\" \/>\n<meta property=\"og:url\" content=\"https:\/\/c-profil.se\/english\/product\/split-cable-gland-kvt\/\" \/>\n<meta property=\"og:site_name\" content=\"C-Pro\" \/>\n<meta property=\"article:publisher\" content=\"https:\/\/www.facebook.com\/people\/C-Pro\/61561767306874\/\" \/>\n<meta property=\"article:modified_time\" content=\"2026-04-24T08:39:31+00:00\" \/>\n<meta property=\"og:image\" content=\"https:\/\/c-profil.se\/wp-content\/uploads\/2017\/03\/Kabelforskruvning-KVT.jpg\" \/>\n\t<meta property=\"og:image:width\" content=\"1000\" \/>\n\t<meta property=\"og:image:height\" content=\"1000\" \/>\n\t<meta property=\"og:image:type\" content=\"image\/jpeg\" \/>\n<meta name=\"twitter:card\" content=\"summary_large_image\" \/>\n<meta name=\"twitter:label1\" content=\"Price\" \/>\n\t<meta name=\"twitter:data1\" content=\"\" \/>\n\t<meta name=\"twitter:label2\" content=\"Availability\" \/>\n\t<meta name=\"twitter:data2\" content=\"In stock\" \/>\n<script type=\"application\/ld+json\" class=\"yoast-schema-graph\">{\"@context\":\"https:\\\/\\\/schema.org\",\"@graph\":[{\"@type\":\"WebPage\",\"@id\":\"https:\\\/\\\/c-profil.se\\\/produkt\\\/kabelforskruvning-kvt\\\/\",\"url\":\"https:\\\/\\\/c-profil.se\\\/produkt\\\/kabelforskruvning-kvt\\\/\",\"name\":\"Kabelf\u00f6rskruvning | KVT - C-Pro\",\"isPartOf\":{\"@id\":\"https:\\\/\\\/c-profil.se\\\/#website\"},\"primaryImageOfPage\":{\"@id\":\"https:\\\/\\\/c-profil.se\\\/produkt\\\/kabelforskruvning-kvt\\\/#primaryimage\"},\"image\":{\"@id\":\"https:\\\/\\\/c-profil.se\\\/produkt\\\/kabelforskruvning-kvt\\\/#primaryimage\"},\"thumbnailUrl\":\"https:\\\/\\\/c-profil.se\\\/wp-content\\\/uploads\\\/2017\\\/03\\\/Kabelforskruvning-KVT.jpg\",\"datePublished\":\"2017-03-20T07:36:00+00:00\",\"dateModified\":\"2026-04-24T08:39:31+00:00\",\"description\":\"Kabelf\u00f6rskruvning \\\/ KVT \u00e4r en rund delad kabelf\u00f6rskruvning f\u00f6r snabb och enkel installation av kablar med kontakter\\\/kompletta kablage. L\u00e4s Mer!\",\"breadcrumb\":{\"@id\":\"https:\\\/\\\/c-profil.se\\\/produkt\\\/kabelforskruvning-kvt\\\/#breadcrumb\"},\"inLanguage\":\"en\",\"potentialAction\":[{\"@type\":\"ReadAction\",\"target\":[\"https:\\\/\\\/c-profil.se\\\/produkt\\\/kabelforskruvning-kvt\\\/\"]}]},{\"@type\":\"ImageObject\",\"inLanguage\":\"en\",\"@id\":\"https:\\\/\\\/c-profil.se\\\/produkt\\\/kabelforskruvning-kvt\\\/#primaryimage\",\"url\":\"https:\\\/\\\/c-profil.se\\\/wp-content\\\/uploads\\\/2017\\\/03\\\/Kabelforskruvning-KVT.jpg\",\"contentUrl\":\"https:\\\/\\\/c-profil.se\\\/wp-content\\\/uploads\\\/2017\\\/03\\\/Kabelforskruvning-KVT.jpg\",\"width\":1000,\"height\":1000,\"caption\":\"Kabelf\u00f6rskruvning KVT\"},{\"@type\":\"BreadcrumbList\",\"@id\":\"https:\\\/\\\/c-profil.se\\\/produkt\\\/kabelforskruvning-kvt\\\/#breadcrumb\",\"itemListElement\":[{\"@type\":\"ListItem\",\"position\":1,\"name\":\"Hem\",\"item\":\"https:\\\/\\\/c-profil.se\\\/\"},{\"@type\":\"ListItem\",\"position\":2,\"name\":\"Produkter\",\"item\":\"https:\\\/\\\/c-profil.se\\\/produkter\\\/\"},{\"@type\":\"ListItem\",\"position\":3,\"name\":\"Kabelf\u00f6rskruvningar f\u00f6r kablar med kontakt\",\"item\":\"https:\\\/\\\/c-profil.se\\\/produkt-kategori\\\/kabelforskruvningar-for-kablar-med-kontakt\\\/\"},{\"@type\":\"ListItem\",\"position\":4,\"name\":\"Kabelf\u00f6rskruvning | KVT\"}]},{\"@type\":\"WebSite\",\"@id\":\"https:\\\/\\\/c-profil.se\\\/#website\",\"url\":\"https:\\\/\\\/c-profil.se\\\/\",\"name\":\"C-Pro\",\"description\":\"Produkter f\u00f6r El och Automation\",\"publisher\":{\"@id\":\"https:\\\/\\\/c-profil.se\\\/#organization\"},\"potentialAction\":[{\"@type\":\"SearchAction\",\"target\":{\"@type\":\"EntryPoint\",\"urlTemplate\":\"https:\\\/\\\/c-profil.se\\\/?s={search_term_string}\"},\"query-input\":{\"@type\":\"PropertyValueSpecification\",\"valueRequired\":true,\"valueName\":\"search_term_string\"}}],\"inLanguage\":\"en\"},{\"@type\":\"Organization\",\"@id\":\"https:\\\/\\\/c-profil.se\\\/#organization\",\"name\":\"C-Pro\",\"alternateName\":\"C-PRO\",\"url\":\"https:\\\/\\\/c-profil.se\\\/\",\"logo\":{\"@type\":\"ImageObject\",\"inLanguage\":\"en\",\"@id\":\"https:\\\/\\\/c-profil.se\\\/#\\\/schema\\\/logo\\\/image\\\/\",\"url\":\"https:\\\/\\\/c-profil.se\\\/wp-content\\\/uploads\\\/2022\\\/03\\\/c-pro-logga-liggande-500x500-1.png\",\"contentUrl\":\"https:\\\/\\\/c-profil.se\\\/wp-content\\\/uploads\\\/2022\\\/03\\\/c-pro-logga-liggande-500x500-1.png\",\"width\":500,\"height\":500,\"caption\":\"C-Pro\"},\"image\":{\"@id\":\"https:\\\/\\\/c-profil.se\\\/#\\\/schema\\\/logo\\\/image\\\/\"},\"sameAs\":[\"https:\\\/\\\/www.facebook.com\\\/people\\\/C-Pro\\\/61561767306874\\\/\",\"https:\\\/\\\/www.linkedin.com\\\/company\\\/c-pro-ab\",\"https:\\\/\\\/www.instagram.com\\\/cpro.ab\\\/\"],\"description\":\"C-PRO AB \u00e4r en helt\u00e4ckande leverant\u00f6r av material f\u00f6r applikationer inom el och automation. \u00c4nda sedan starten 1987 har vi f\u00f6rsett den svenska tillverkande industrin med elmaterial. Trots v\u00e5r storlek och ledande position har vi aldrig \u00f6vergett v\u00e5r grundfilosofi, att vara en personlig leverant\u00f6r. Vi p\u00e5 C-PRO \u00e4r l\u00e4tta att komma i kontakt med, \u00e4rliga och brinner f\u00f6r att l\u00f6sa v\u00e5ra kunders problem.\",\"email\":\"info@c-profil.se\",\"telephone\":\"031575785\",\"legalName\":\"C-Profil F\u00f6rl\u00e4ggningsmaterial AB\",\"foundingDate\":\"1987-01-01\"}]}<\/script>\n<meta property=\"product:brand\" content=\"eftermontering\" \/>\n<meta property=\"product:price:currency\" content=\"SEK\" \/>\n<meta property=\"og:availability\" content=\"instock\" \/>\n<meta property=\"product:availability\" content=\"instock\" \/>\n<meta property=\"product:retailer_item_id\" content=\"KVT\" \/>\n<meta property=\"product:condition\" content=\"new\" \/>\n<!-- \/ Yoast SEO Premium plugin. -->","yoast_head_json":{"title":"Cable gland | KVT - C-Pro","description":"The Split cable gland \/ KVT is a round split cable gland for quick and easy installation of cables with connectors\/complete wiring. Read more!","robots":{"index":"index","follow":"follow","max-snippet":"max-snippet:-1","max-image-preview":"max-image-preview:large","max-video-preview":"max-video-preview:-1"},"canonical":"https:\/\/c-profil.se\/english\/product\/split-cable-gland-kvt\/","og_locale":"en_US","og_type":"article","og_title":"Kabelf\u00f6rskruvning | KVT - C-Pro","og_description":"Kabelf\u00f6rskruvning \/ KVT \u00e4r en rund delad kabelf\u00f6rskruvning f\u00f6r snabb, enkel installation och t\u00e4tning av kablar med kontakter eller kompletta kablage. L\u00e5smuttrar i Polyamid samt en t\u00e4tningsring ing\u00e5r i transporten. F\u00f6r att dirigera D-Sub, DVI eller PROFIBUS kontakter i kombination med Delbar f\u00f6rskruvning \/ KVT kr\u00e4vs s\u00e4rskilda l\u00e5smuttrar med utsk\u00e4rningar. F\u00f6rdelar    Inf\u00f6rande av f\u00f6rkontakterade\u00a0kablar  Garantin p\u00e5 f\u00f6rkontakterade kablar beh\u00e5lls  Ombyggnationer, reparationer och underh\u00e5ll kan g\u00f6ras mycket enklare och snabbare  H\u00f6g kabelt\u00e4thet och en m\u00e4ngd olika genomf\u00f6ringar  L\u00e4mplig f\u00f6r metrisk h\u00e5ltagning  L\u00e5smutter ing\u00e5r","og_url":"https:\/\/c-profil.se\/english\/product\/split-cable-gland-kvt\/","og_site_name":"C-Pro","article_publisher":"https:\/\/www.facebook.com\/people\/C-Pro\/61561767306874\/","article_modified_time":"2026-04-24T08:39:31+00:00","og_image":[{"width":1000,"height":1000,"url":"https:\/\/c-profil.se\/wp-content\/uploads\/2017\/03\/Kabelforskruvning-KVT.jpg","type":"image\/jpeg"}],"twitter_card":"summary_large_image","twitter_misc":{"Price":"","Availability":"In stock"},"schema":{"@context":"https:\/\/schema.org","@graph":[{"@type":"WebPage","@id":"https:\/\/c-profil.se\/produkt\/kabelforskruvning-kvt\/","url":"https:\/\/c-profil.se\/produkt\/kabelforskruvning-kvt\/","name":"Cable gland | KVT - C-Pro","isPartOf":{"@id":"https:\/\/c-profil.se\/#website"},"primaryImageOfPage":{"@id":"https:\/\/c-profil.se\/produkt\/kabelforskruvning-kvt\/#primaryimage"},"image":{"@id":"https:\/\/c-profil.se\/produkt\/kabelforskruvning-kvt\/#primaryimage"},"thumbnailUrl":"https:\/\/c-profil.se\/wp-content\/uploads\/2017\/03\/Kabelforskruvning-KVT.jpg","datePublished":"2017-03-20T07:36:00+00:00","dateModified":"2026-04-24T08:39:31+00:00","description":"The Split cable gland \/ KVT is a round split cable gland for quick and easy installation of cables with connectors\/complete wiring. Read more!","breadcrumb":{"@id":"https:\/\/c-profil.se\/produkt\/kabelforskruvning-kvt\/#breadcrumb"},"inLanguage":"en","potentialAction":[{"@type":"ReadAction","target":["https:\/\/c-profil.se\/produkt\/kabelforskruvning-kvt\/"]}]},{"@type":"ImageObject","inLanguage":"en","@id":"https:\/\/c-profil.se\/produkt\/kabelforskruvning-kvt\/#primaryimage","url":"https:\/\/c-profil.se\/wp-content\/uploads\/2017\/03\/Kabelforskruvning-KVT.jpg","contentUrl":"https:\/\/c-profil.se\/wp-content\/uploads\/2017\/03\/Kabelforskruvning-KVT.jpg","width":1000,"height":1000,"caption":"Kabelf\u00f6rskruvning KVT"},{"@type":"BreadcrumbList","@id":"https:\/\/c-profil.se\/produkt\/kabelforskruvning-kvt\/#breadcrumb","itemListElement":[{"@type":"ListItem","position":1,"name":"Hem","item":"https:\/\/c-profil.se\/"},{"@type":"ListItem","position":2,"name":"Produkter","item":"https:\/\/c-profil.se\/produkter\/"},{"@type":"ListItem","position":3,"name":"Kabelf\u00f6rskruvningar f\u00f6r kablar med kontakt","item":"https:\/\/c-profil.se\/produkt-kategori\/kabelforskruvningar-for-kablar-med-kontakt\/"},{"@type":"ListItem","position":4,"name":"Kabelf\u00f6rskruvning | KVT"}]},{"@type":"WebSite","@id":"https:\/\/c-profil.se\/#website","url":"https:\/\/c-profil.se\/","name":"C-Pro","description":"Products for Electricity and Automation","publisher":{"@id":"https:\/\/c-profil.se\/#organization"},"potentialAction":[{"@type":"SearchAction","target":{"@type":"EntryPoint","urlTemplate":"https:\/\/c-profil.se\/?s={search_term_string}"},"query-input":{"@type":"PropertyValueSpecification","valueRequired":true,"valueName":"search_term_string"}}],"inLanguage":"en"},{"@type":"Organization","@id":"https:\/\/c-profil.se\/#organization","name":"C-Pro","alternateName":"C-PRO","url":"https:\/\/c-profil.se\/","logo":{"@type":"ImageObject","inLanguage":"en","@id":"https:\/\/c-profil.se\/#\/schema\/logo\/image\/","url":"https:\/\/c-profil.se\/wp-content\/uploads\/2022\/03\/c-pro-logga-liggande-500x500-1.png","contentUrl":"https:\/\/c-profil.se\/wp-content\/uploads\/2022\/03\/c-pro-logga-liggande-500x500-1.png","width":500,"height":500,"caption":"C-Pro"},"image":{"@id":"https:\/\/c-profil.se\/#\/schema\/logo\/image\/"},"sameAs":["https:\/\/www.facebook.com\/people\/C-Pro\/61561767306874\/","https:\/\/www.linkedin.com\/company\/c-pro-ab","https:\/\/www.instagram.com\/cpro.ab\/"],"description":"C-PRO AB is a comprehensive supplier of materials for applications in electricity and automation. Ever since the start in 1987, we have supplied the Swedish manufacturing industry with electrical materials. Despite our size and leading position, we have never abandoned our basic philosophy, to be a personal supplier. We at C-PRO are easy to get in touch with, honest and passionate about solving our customers&#039; problems.","email":"info@c-profil.se","telephone":"031575785","legalName":"C-Profil F\u00f6rl\u00e4ggningsmaterial AB","foundingDate":"1987-01-01"}]},"product_brand":"eftermontering","product_price_currency":"SEK","og_availability":"instock","product_availability":"instock","product_retailer_item_id":"KVT","product_condition":"new"},"_links":{"self":[{"href":"https:\/\/c-profil.se\/english\/wp-json\/wp\/v2\/product\/24422","targetHints":{"allow":["GET"]}}],"collection":[{"href":"https:\/\/c-profil.se\/english\/wp-json\/wp\/v2\/product"}],"about":[{"href":"https:\/\/c-profil.se\/english\/wp-json\/wp\/v2\/types\/product"}],"version-history":[{"count":13,"href":"https:\/\/c-profil.se\/english\/wp-json\/wp\/v2\/product\/24422\/revisions"}],"predecessor-version":[{"id":75192,"href":"https:\/\/c-profil.se\/english\/wp-json\/wp\/v2\/product\/24422\/revisions\/75192"}],"wp:featuredmedia":[{"embeddable":true,"href":"https:\/\/c-profil.se\/english\/wp-json\/wp\/v2\/media\/50960"}],"wp:attachment":[{"href":"https:\/\/c-profil.se\/english\/wp-json\/wp\/v2\/media?parent=24422"}],"wp:term":[{"taxonomy":"product_brand","embeddable":true,"href":"https:\/\/c-profil.se\/english\/wp-json\/wp\/v2\/product_brand?post=24422"},{"taxonomy":"product_cat","embeddable":true,"href":"https:\/\/c-profil.se\/english\/wp-json\/wp\/v2\/product_cat?post=24422"},{"taxonomy":"product_tag","embeddable":true,"href":"https:\/\/c-profil.se\/english\/wp-json\/wp\/v2\/product_tag?post=24422"}],"curies":[{"name":"wp","href":"https:\/\/api.w.org\/{rel}","templated":true}]}}