{"id":24409,"date":"2017-02-27T12:31:00","date_gmt":"2017-02-27T11:31:00","guid":{"rendered":"https:\/\/c-profil.se\/produkt\/kvt-snap\/"},"modified":"2026-03-19T15:10:52","modified_gmt":"2026-03-19T14:10:52","slug":"spit-cable-entry-gland-kvt-snap","status":"publish","type":"product","link":"https:\/\/c-profil.se\/english\/produkt\/kabelforskruvning-delbar-kvt-snap\/","title":{"rendered":"Cable gland | KVT-SNAP"},"content":{"rendered":"<p><strong>KVT-SNAP is a round, split cable gland for tool-free assembly in industrial installations<\/strong>, developed for passing cables with or without contacts through thick walls.<br \/>\nThe cable gland is quickly mounted from the front and provides high cable density as well as simplified assembly and maintenance.<\/p>","protected":false},"excerpt":{"rendered":"<p class=\"ai-optimize-31\"><strong>Cable gland \/ KVT-SNAP<\/strong> is a round split cable gland for quick and easy installation of cables with connectors or complete wiring harnesses. By using the model KVT-SNAP, cables can be pulled through thick walls (&gt; 5 mm), e.g. through junction boxes without the use of tools. A sealing ring is included in the delivery.<\/p>\n<ul>\n<li class=\"ai-optimize-32\" style=\"text-align: left\">The snap ring is screwed into metric thread or tapped into the cut-out (it can also be fastened with a locknut).<\/li>\n<li class=\"ai-optimize-33\" style=\"text-align: left\">Once the snap ring is affixed to the housing the equipped KVT is simply pushed into it.<\/li>\n<\/ul>\n<p class=\"ai-optimize-35\"><strong>Advantages:<\/strong><\/p>\n<ul>\n<li class=\"ai-optimize-36\">Cable entry with or without contact<\/li>\n<li class=\"ai-optimize-37\">Warranties on pre-connected cables are maintained<\/li>\n<li class=\"ai-optimize-38\">Remodeling, repairs and maintenance can be done much easier and faster<\/li>\n<li class=\"ai-optimize-39\">High cable density, wide variety of grommets<\/li>\n<li class=\"ai-optimize-40\">Suitable for metric hole punching<\/li>\n<li class=\"ai-optimize-41\">Increased packing density when using double or quadruple bushings<\/li>\n<li class=\"ai-optimize-42\">Simple assembly\/disassembly from the front<\/li>\n<\/ul>","protected":false},"featured_media":50964,"template":"","meta":{"_acf_changed":false},"product_brand":[740],"product_cat":[304],"product_tag":[953,992,938,1005,939],"class_list":{"0":"post-24409","1":"product","2":"type-product","3":"status-publish","4":"has-post-thumbnail","6":"product_brand-icotek","7":"product_cat-kabelforskruvningar-for-kablar-med-kontakt","8":"product_tag-eftermontering","9":"product_tag-kabelgenomforing","10":"product_tag-kabelinforing","11":"product_tag-platbearbetning","12":"product_tag-tatning","14":"first","15":"instock","16":"shipping-taxable","17":"product-type-simple"},"acf":[],"yoast_head":"<!-- This site is optimized with the Yoast SEO Premium plugin v27.4 (Yoast SEO v27.4) - https:\/\/yoast.com\/product\/yoast-seo-premium-wordpress\/ -->\n<title>Kabelf\u00f6rskruvning | KVT-SNAP - C-Pro<\/title>\n<meta name=\"description\" content=\"Kabelf\u00f6rskruvning \/ KVT-SNAP \u00e4r en delbar rund kabelf\u00f6rskruvning f\u00f6r snabb och enkel installation av kablar med kontakter\/kompletta kablage. L\u00e4s Mer!\" \/>\n<meta name=\"robots\" content=\"index, follow, max-snippet:-1, max-image-preview:large, max-video-preview:-1\" \/>\n<link rel=\"canonical\" href=\"https:\/\/c-profil.se\/english\/product\/spit-cable-entry-gland-kvt-snap\/\" \/>\n<meta property=\"og:locale\" content=\"en_US\" \/>\n<meta property=\"og:type\" content=\"article\" \/>\n<meta property=\"og:title\" content=\"Kabelf\u00f6rskruvning | KVT-SNAP - C-Pro\" \/>\n<meta property=\"og:description\" content=\"Kabelf\u00f6rskruvning \/ KVT-SNAP \u00e4r en rund delad kabelf\u00f6rskruvning f\u00f6r snabb och enkel installation av kablar med kontakter eller kompletta kablage. Genom att anv\u00e4nda modellen KVT-SNAP, kan kablarna dras genom tjocka v\u00e4ggar (&gt; 5 mm), t.ex. genom kopplingsboxar utan anv\u00e4ndning av verktyg. En t\u00e4tningsring ing\u00e5r i transporten.    Sn\u00e4ppringen skruvas in med metrisk g\u00e4nga eller genom att knacka in den i utsk\u00e4rningen (den kan ocks\u00e5 f\u00e4stas med en l\u00e5smutter).  N\u00e4r sn\u00e4ppringen \u00e4r f\u00e4st vid h\u00f6ljet kan den utrustade KVT:en helt enkelt skjuts in i sn\u00e4ppringen.  F\u00f6rdelar:    Genomf\u00f6ring av kablar med eller utan kontakt  Garantier p\u00e5 f\u00f6rkontakterade kablar bibeh\u00e5lles  Ombyggnation, reparationer och underh\u00e5ll kan g\u00f6ras mycket enklare och snabbare  H\u00f6g kabelt\u00e4thet, brett utbud av genomf\u00f6ringar  L\u00e4mplig f\u00f6r metrisk h\u00e5ltagning  \u00d6kad packningst\u00e4thet vid anv\u00e4ndning av dubbla eller fyrdubbla genomf\u00f6ringar  Simpel montage\/demontage fr\u00e5n frontsidan\" \/>\n<meta property=\"og:url\" content=\"https:\/\/c-profil.se\/english\/product\/spit-cable-entry-gland-kvt-snap\/\" \/>\n<meta property=\"og:site_name\" content=\"C-Pro\" \/>\n<meta property=\"article:publisher\" content=\"https:\/\/www.facebook.com\/people\/C-Pro\/61561767306874\/\" \/>\n<meta property=\"article:modified_time\" content=\"2026-03-19T14:10:52+00:00\" \/>\n<meta property=\"og:image\" content=\"https:\/\/c-profil.se\/wp-content\/uploads\/2017\/02\/Kabelforskruvning-delbar-KVT-SNAP.jpg\" \/>\n\t<meta property=\"og:image:width\" content=\"1000\" \/>\n\t<meta property=\"og:image:height\" content=\"1000\" \/>\n\t<meta property=\"og:image:type\" content=\"image\/jpeg\" \/>\n<meta name=\"twitter:card\" content=\"summary_large_image\" \/>\n<meta name=\"twitter:label1\" content=\"Price\" \/>\n\t<meta name=\"twitter:data1\" content=\"\" \/>\n\t<meta name=\"twitter:label2\" content=\"Availability\" \/>\n\t<meta name=\"twitter:data2\" content=\"In stock\" \/>\n<script type=\"application\/ld+json\" class=\"yoast-schema-graph\">{\"@context\":\"https:\\\/\\\/schema.org\",\"@graph\":[{\"@type\":\"WebPage\",\"@id\":\"https:\\\/\\\/c-profil.se\\\/produkt\\\/kabelforskruvning-delbar-kvt-snap\\\/\",\"url\":\"https:\\\/\\\/c-profil.se\\\/produkt\\\/kabelforskruvning-delbar-kvt-snap\\\/\",\"name\":\"Kabelf\u00f6rskruvning | KVT-SNAP - C-Pro\",\"isPartOf\":{\"@id\":\"https:\\\/\\\/c-profil.se\\\/#website\"},\"primaryImageOfPage\":{\"@id\":\"https:\\\/\\\/c-profil.se\\\/produkt\\\/kabelforskruvning-delbar-kvt-snap\\\/#primaryimage\"},\"image\":{\"@id\":\"https:\\\/\\\/c-profil.se\\\/produkt\\\/kabelforskruvning-delbar-kvt-snap\\\/#primaryimage\"},\"thumbnailUrl\":\"https:\\\/\\\/c-profil.se\\\/wp-content\\\/uploads\\\/2017\\\/02\\\/Kabelforskruvning-delbar-KVT-SNAP.jpg\",\"datePublished\":\"2017-02-27T11:31:00+00:00\",\"dateModified\":\"2026-03-19T14:10:52+00:00\",\"description\":\"Kabelf\u00f6rskruvning \\\/ KVT-SNAP \u00e4r en delbar rund kabelf\u00f6rskruvning f\u00f6r snabb och enkel installation av kablar med kontakter\\\/kompletta kablage. L\u00e4s Mer!\",\"breadcrumb\":{\"@id\":\"https:\\\/\\\/c-profil.se\\\/produkt\\\/kabelforskruvning-delbar-kvt-snap\\\/#breadcrumb\"},\"inLanguage\":\"en\",\"potentialAction\":[{\"@type\":\"ReadAction\",\"target\":[\"https:\\\/\\\/c-profil.se\\\/produkt\\\/kabelforskruvning-delbar-kvt-snap\\\/\"]}]},{\"@type\":\"ImageObject\",\"inLanguage\":\"en\",\"@id\":\"https:\\\/\\\/c-profil.se\\\/produkt\\\/kabelforskruvning-delbar-kvt-snap\\\/#primaryimage\",\"url\":\"https:\\\/\\\/c-profil.se\\\/wp-content\\\/uploads\\\/2017\\\/02\\\/Kabelforskruvning-delbar-KVT-SNAP.jpg\",\"contentUrl\":\"https:\\\/\\\/c-profil.se\\\/wp-content\\\/uploads\\\/2017\\\/02\\\/Kabelforskruvning-delbar-KVT-SNAP.jpg\",\"width\":1000,\"height\":1000,\"caption\":\"Kabelf\u00f6rskruvning, delbar KVT-SNAP\"},{\"@type\":\"BreadcrumbList\",\"@id\":\"https:\\\/\\\/c-profil.se\\\/produkt\\\/kabelforskruvning-delbar-kvt-snap\\\/#breadcrumb\",\"itemListElement\":[{\"@type\":\"ListItem\",\"position\":1,\"name\":\"Hem\",\"item\":\"https:\\\/\\\/c-profil.se\\\/\"},{\"@type\":\"ListItem\",\"position\":2,\"name\":\"Produkter\",\"item\":\"https:\\\/\\\/c-profil.se\\\/produkter\\\/\"},{\"@type\":\"ListItem\",\"position\":3,\"name\":\"Kabelf\u00f6rskruvningar f\u00f6r kablar med kontakt\",\"item\":\"https:\\\/\\\/c-profil.se\\\/produkt-kategori\\\/kabelforskruvningar-for-kablar-med-kontakt\\\/\"},{\"@type\":\"ListItem\",\"position\":4,\"name\":\"Kabelf\u00f6rskruvning | KVT-SNAP\"}]},{\"@type\":\"WebSite\",\"@id\":\"https:\\\/\\\/c-profil.se\\\/#website\",\"url\":\"https:\\\/\\\/c-profil.se\\\/\",\"name\":\"C-Pro\",\"description\":\"Produkter f\u00f6r El och Automation\",\"publisher\":{\"@id\":\"https:\\\/\\\/c-profil.se\\\/#organization\"},\"potentialAction\":[{\"@type\":\"SearchAction\",\"target\":{\"@type\":\"EntryPoint\",\"urlTemplate\":\"https:\\\/\\\/c-profil.se\\\/?s={search_term_string}\"},\"query-input\":{\"@type\":\"PropertyValueSpecification\",\"valueRequired\":true,\"valueName\":\"search_term_string\"}}],\"inLanguage\":\"en\"},{\"@type\":\"Organization\",\"@id\":\"https:\\\/\\\/c-profil.se\\\/#organization\",\"name\":\"C-Pro\",\"alternateName\":\"C-PRO\",\"url\":\"https:\\\/\\\/c-profil.se\\\/\",\"logo\":{\"@type\":\"ImageObject\",\"inLanguage\":\"en\",\"@id\":\"https:\\\/\\\/c-profil.se\\\/#\\\/schema\\\/logo\\\/image\\\/\",\"url\":\"https:\\\/\\\/c-profil.se\\\/wp-content\\\/uploads\\\/2022\\\/03\\\/c-pro-logga-liggande-500x500-1.png\",\"contentUrl\":\"https:\\\/\\\/c-profil.se\\\/wp-content\\\/uploads\\\/2022\\\/03\\\/c-pro-logga-liggande-500x500-1.png\",\"width\":500,\"height\":500,\"caption\":\"C-Pro\"},\"image\":{\"@id\":\"https:\\\/\\\/c-profil.se\\\/#\\\/schema\\\/logo\\\/image\\\/\"},\"sameAs\":[\"https:\\\/\\\/www.facebook.com\\\/people\\\/C-Pro\\\/61561767306874\\\/\",\"https:\\\/\\\/www.linkedin.com\\\/company\\\/c-pro-ab\",\"https:\\\/\\\/www.instagram.com\\\/cpro.ab\\\/\"],\"description\":\"C-PRO AB \u00e4r en helt\u00e4ckande leverant\u00f6r av material f\u00f6r applikationer inom el och automation. \u00c4nda sedan starten 1987 har vi f\u00f6rsett den svenska tillverkande industrin med elmaterial. Trots v\u00e5r storlek och ledande position har vi aldrig \u00f6vergett v\u00e5r grundfilosofi, att vara en personlig leverant\u00f6r. Vi p\u00e5 C-PRO \u00e4r l\u00e4tta att komma i kontakt med, \u00e4rliga och brinner f\u00f6r att l\u00f6sa v\u00e5ra kunders problem.\",\"email\":\"info@c-profil.se\",\"telephone\":\"031575785\",\"legalName\":\"C-Profil F\u00f6rl\u00e4ggningsmaterial AB\",\"foundingDate\":\"1987-01-01\"}]}<\/script>\n<meta property=\"product:brand\" content=\"eftermontering\" \/>\n<meta property=\"product:price:currency\" content=\"SEK\" \/>\n<meta property=\"og:availability\" content=\"instock\" \/>\n<meta property=\"product:availability\" content=\"instock\" \/>\n<meta property=\"product:retailer_item_id\" content=\"KVT-SNAP\" \/>\n<meta property=\"product:condition\" content=\"new\" \/>\n<!-- \/ Yoast SEO Premium plugin. -->","yoast_head_json":{"title":"Cable gland | KVT-SNAP - C-Pro","description":"Cable gland \/ KVT-SNAP is a divisible round cable gland for quick and easy installation of cables with connectors\/complete wiring harnesses. Read More!","robots":{"index":"index","follow":"follow","max-snippet":"max-snippet:-1","max-image-preview":"max-image-preview:large","max-video-preview":"max-video-preview:-1"},"canonical":"https:\/\/c-profil.se\/english\/product\/spit-cable-entry-gland-kvt-snap\/","og_locale":"en_US","og_type":"article","og_title":"Kabelf\u00f6rskruvning | KVT-SNAP - C-Pro","og_description":"Kabelf\u00f6rskruvning \/ KVT-SNAP \u00e4r en rund delad kabelf\u00f6rskruvning f\u00f6r snabb och enkel installation av kablar med kontakter eller kompletta kablage. Genom att anv\u00e4nda modellen KVT-SNAP, kan kablarna dras genom tjocka v\u00e4ggar (&gt; 5 mm), t.ex. genom kopplingsboxar utan anv\u00e4ndning av verktyg. En t\u00e4tningsring ing\u00e5r i transporten.    Sn\u00e4ppringen skruvas in med metrisk g\u00e4nga eller genom att knacka in den i utsk\u00e4rningen (den kan ocks\u00e5 f\u00e4stas med en l\u00e5smutter).  N\u00e4r sn\u00e4ppringen \u00e4r f\u00e4st vid h\u00f6ljet kan den utrustade KVT:en helt enkelt skjuts in i sn\u00e4ppringen.  F\u00f6rdelar:    Genomf\u00f6ring av kablar med eller utan kontakt  Garantier p\u00e5 f\u00f6rkontakterade kablar bibeh\u00e5lles  Ombyggnation, reparationer och underh\u00e5ll kan g\u00f6ras mycket enklare och snabbare  H\u00f6g kabelt\u00e4thet, brett utbud av genomf\u00f6ringar  L\u00e4mplig f\u00f6r metrisk h\u00e5ltagning  \u00d6kad packningst\u00e4thet vid anv\u00e4ndning av dubbla eller fyrdubbla genomf\u00f6ringar  Simpel montage\/demontage fr\u00e5n frontsidan","og_url":"https:\/\/c-profil.se\/english\/product\/spit-cable-entry-gland-kvt-snap\/","og_site_name":"C-Pro","article_publisher":"https:\/\/www.facebook.com\/people\/C-Pro\/61561767306874\/","article_modified_time":"2026-03-19T14:10:52+00:00","og_image":[{"width":1000,"height":1000,"url":"https:\/\/c-profil.se\/wp-content\/uploads\/2017\/02\/Kabelforskruvning-delbar-KVT-SNAP.jpg","type":"image\/jpeg"}],"twitter_card":"summary_large_image","twitter_misc":{"Price":"","Availability":"In stock"},"schema":{"@context":"https:\/\/schema.org","@graph":[{"@type":"WebPage","@id":"https:\/\/c-profil.se\/produkt\/kabelforskruvning-delbar-kvt-snap\/","url":"https:\/\/c-profil.se\/produkt\/kabelforskruvning-delbar-kvt-snap\/","name":"Cable gland | KVT-SNAP - C-Pro","isPartOf":{"@id":"https:\/\/c-profil.se\/#website"},"primaryImageOfPage":{"@id":"https:\/\/c-profil.se\/produkt\/kabelforskruvning-delbar-kvt-snap\/#primaryimage"},"image":{"@id":"https:\/\/c-profil.se\/produkt\/kabelforskruvning-delbar-kvt-snap\/#primaryimage"},"thumbnailUrl":"https:\/\/c-profil.se\/wp-content\/uploads\/2017\/02\/Kabelforskruvning-delbar-KVT-SNAP.jpg","datePublished":"2017-02-27T11:31:00+00:00","dateModified":"2026-03-19T14:10:52+00:00","description":"Cable gland \/ KVT-SNAP is a divisible round cable gland for quick and easy installation of cables with connectors\/complete wiring harnesses. Read More!","breadcrumb":{"@id":"https:\/\/c-profil.se\/produkt\/kabelforskruvning-delbar-kvt-snap\/#breadcrumb"},"inLanguage":"en","potentialAction":[{"@type":"ReadAction","target":["https:\/\/c-profil.se\/produkt\/kabelforskruvning-delbar-kvt-snap\/"]}]},{"@type":"ImageObject","inLanguage":"en","@id":"https:\/\/c-profil.se\/produkt\/kabelforskruvning-delbar-kvt-snap\/#primaryimage","url":"https:\/\/c-profil.se\/wp-content\/uploads\/2017\/02\/Kabelforskruvning-delbar-KVT-SNAP.jpg","contentUrl":"https:\/\/c-profil.se\/wp-content\/uploads\/2017\/02\/Kabelforskruvning-delbar-KVT-SNAP.jpg","width":1000,"height":1000,"caption":"Kabelf\u00f6rskruvning, delbar KVT-SNAP"},{"@type":"BreadcrumbList","@id":"https:\/\/c-profil.se\/produkt\/kabelforskruvning-delbar-kvt-snap\/#breadcrumb","itemListElement":[{"@type":"ListItem","position":1,"name":"Hem","item":"https:\/\/c-profil.se\/"},{"@type":"ListItem","position":2,"name":"Produkter","item":"https:\/\/c-profil.se\/produkter\/"},{"@type":"ListItem","position":3,"name":"Kabelf\u00f6rskruvningar f\u00f6r kablar med kontakt","item":"https:\/\/c-profil.se\/produkt-kategori\/kabelforskruvningar-for-kablar-med-kontakt\/"},{"@type":"ListItem","position":4,"name":"Kabelf\u00f6rskruvning | KVT-SNAP"}]},{"@type":"WebSite","@id":"https:\/\/c-profil.se\/#website","url":"https:\/\/c-profil.se\/","name":"C-Pro","description":"Products for Electricity and Automation","publisher":{"@id":"https:\/\/c-profil.se\/#organization"},"potentialAction":[{"@type":"SearchAction","target":{"@type":"EntryPoint","urlTemplate":"https:\/\/c-profil.se\/?s={search_term_string}"},"query-input":{"@type":"PropertyValueSpecification","valueRequired":true,"valueName":"search_term_string"}}],"inLanguage":"en"},{"@type":"Organization","@id":"https:\/\/c-profil.se\/#organization","name":"C-Pro","alternateName":"C-PRO","url":"https:\/\/c-profil.se\/","logo":{"@type":"ImageObject","inLanguage":"en","@id":"https:\/\/c-profil.se\/#\/schema\/logo\/image\/","url":"https:\/\/c-profil.se\/wp-content\/uploads\/2022\/03\/c-pro-logga-liggande-500x500-1.png","contentUrl":"https:\/\/c-profil.se\/wp-content\/uploads\/2022\/03\/c-pro-logga-liggande-500x500-1.png","width":500,"height":500,"caption":"C-Pro"},"image":{"@id":"https:\/\/c-profil.se\/#\/schema\/logo\/image\/"},"sameAs":["https:\/\/www.facebook.com\/people\/C-Pro\/61561767306874\/","https:\/\/www.linkedin.com\/company\/c-pro-ab","https:\/\/www.instagram.com\/cpro.ab\/"],"description":"C-PRO AB is a comprehensive supplier of materials for applications in electricity and automation. Ever since the start in 1987, we have supplied the Swedish manufacturing industry with electrical materials. Despite our size and leading position, we have never abandoned our basic philosophy, to be a personal supplier. We at C-PRO are easy to get in touch with, honest and passionate about solving our customers&#039; problems.","email":"info@c-profil.se","telephone":"031575785","legalName":"C-Profil F\u00f6rl\u00e4ggningsmaterial AB","foundingDate":"1987-01-01"}]},"product_brand":"eftermontering","product_price_currency":"SEK","og_availability":"instock","product_availability":"instock","product_retailer_item_id":"KVT-SNAP","product_condition":"new"},"_links":{"self":[{"href":"https:\/\/c-profil.se\/english\/wp-json\/wp\/v2\/product\/24409","targetHints":{"allow":["GET"]}}],"collection":[{"href":"https:\/\/c-profil.se\/english\/wp-json\/wp\/v2\/product"}],"about":[{"href":"https:\/\/c-profil.se\/english\/wp-json\/wp\/v2\/types\/product"}],"version-history":[{"count":10,"href":"https:\/\/c-profil.se\/english\/wp-json\/wp\/v2\/product\/24409\/revisions"}],"predecessor-version":[{"id":74559,"href":"https:\/\/c-profil.se\/english\/wp-json\/wp\/v2\/product\/24409\/revisions\/74559"}],"wp:featuredmedia":[{"embeddable":true,"href":"https:\/\/c-profil.se\/english\/wp-json\/wp\/v2\/media\/50964"}],"wp:attachment":[{"href":"https:\/\/c-profil.se\/english\/wp-json\/wp\/v2\/media?parent=24409"}],"wp:term":[{"taxonomy":"product_brand","embeddable":true,"href":"https:\/\/c-profil.se\/english\/wp-json\/wp\/v2\/product_brand?post=24409"},{"taxonomy":"product_cat","embeddable":true,"href":"https:\/\/c-profil.se\/english\/wp-json\/wp\/v2\/product_cat?post=24409"},{"taxonomy":"product_tag","embeddable":true,"href":"https:\/\/c-profil.se\/english\/wp-json\/wp\/v2\/product_tag?post=24409"}],"curies":[{"name":"wp","href":"https:\/\/api.w.org\/{rel}","templated":true}]}}