{"id":24389,"date":"2017-01-23T14:27:00","date_gmt":"2017-01-23T13:27:00","guid":{"rendered":"https:\/\/c-profil.se\/produkt\/jordskena\/"},"modified":"2026-03-18T15:17:11","modified_gmt":"2026-03-18T14:17:11","slug":"buss-bar-brass","status":"publish","type":"product","link":"https:\/\/c-profil.se\/english\/produkt\/jordskena-massing\/","title":{"rendered":"Grounding bar | Brass"},"content":{"rendered":"<p><strong>Brass bus bar for grounding and potential equalization in industrial installations<\/strong>, equipped with 153 screw terminals for conductors up to 16 mm\u00b2.<br \/>\nThe bus bar is supplied in 1 meter lengths and can be cut to the desired length during installation.<\/p>","protected":false},"excerpt":{"rendered":"<p>Brass ground rail with 153 16mm\u00b2 screw connections.<\/p>\n<ul>\n<li>The bus bar is supplied in 1 meter lengths but can be cut to the desired length.<\/li>\n<\/ul>","protected":false},"featured_media":50786,"template":"","meta":{"_acf_changed":false},"product_brand":[],"product_cat":[312],"product_tag":[991,957],"class_list":{"0":"post-24389","1":"product","2":"type-product","3":"status-publish","4":"has-post-thumbnail","6":"product_cat-jordskenor","7":"product_tag-emc","8":"product_tag-potentialutjamning","10":"first","11":"instock","12":"shipping-taxable","13":"product-type-simple"},"acf":[],"yoast_head":"<!-- This site is optimized with the Yoast SEO Premium plugin v27.5 (Yoast SEO v27.5) - https:\/\/yoast.com\/product\/yoast-seo-premium-wordpress\/ -->\n<title>Jordskena M\u00e4ssing - C-Pro<\/title>\n<meta name=\"description\" content=\"Jordskena i m\u00e4ssing med skruvanslutningar. Jordskena i m\u00e4ssing med 153st 16mm\u00b2 skruvanslutningar. Jordskenan levereras i 1 meters l\u00e4ngd. L\u00e4s Mer!\" \/>\n<meta name=\"robots\" content=\"index, follow, max-snippet:-1, max-image-preview:large, max-video-preview:-1\" \/>\n<link rel=\"canonical\" href=\"https:\/\/c-profil.se\/english\/product\/buss-bar-brass\/\" \/>\n<meta property=\"og:locale\" content=\"en_US\" \/>\n<meta property=\"og:type\" content=\"article\" \/>\n<meta property=\"og:title\" content=\"Jordskena | M\u00e4ssing - C-Pro\" \/>\n<meta property=\"og:description\" content=\"Jordskena i m\u00e4ssing med 153st 16mm\u00b2 skruvanslutningar.   Jordskenan levereras i 1 meters l\u00e4ngder men kan kapas i \u00f6nskad l\u00e4ngd.\" \/>\n<meta property=\"og:url\" content=\"https:\/\/c-profil.se\/english\/product\/buss-bar-brass\/\" \/>\n<meta property=\"og:site_name\" content=\"C-Pro\" \/>\n<meta property=\"article:publisher\" content=\"https:\/\/www.facebook.com\/people\/C-Pro\/61561767306874\/\" \/>\n<meta property=\"article:modified_time\" content=\"2026-03-18T14:17:11+00:00\" \/>\n<meta property=\"og:image\" content=\"https:\/\/c-profil.se\/wp-content\/uploads\/2017\/01\/Jordkena-Massing.jpg\" \/>\n\t<meta property=\"og:image:width\" content=\"1000\" \/>\n\t<meta property=\"og:image:height\" content=\"1000\" \/>\n\t<meta property=\"og:image:type\" content=\"image\/jpeg\" \/>\n<meta name=\"twitter:card\" content=\"summary_large_image\" \/>\n<meta name=\"twitter:label1\" content=\"Price\" \/>\n\t<meta name=\"twitter:data1\" content=\"\" \/>\n\t<meta name=\"twitter:label2\" content=\"Availability\" \/>\n\t<meta name=\"twitter:data2\" content=\"In stock\" \/>\n<script type=\"application\/ld+json\" class=\"yoast-schema-graph\">{\"@context\":\"https:\\\/\\\/schema.org\",\"@graph\":[{\"@type\":\"WebPage\",\"@id\":\"https:\\\/\\\/c-profil.se\\\/produkt\\\/jordskena-massing\\\/\",\"url\":\"https:\\\/\\\/c-profil.se\\\/produkt\\\/jordskena-massing\\\/\",\"name\":\"Jordskena M\u00e4ssing - C-Pro\",\"isPartOf\":{\"@id\":\"https:\\\/\\\/c-profil.se\\\/#website\"},\"primaryImageOfPage\":{\"@id\":\"https:\\\/\\\/c-profil.se\\\/produkt\\\/jordskena-massing\\\/#primaryimage\"},\"image\":{\"@id\":\"https:\\\/\\\/c-profil.se\\\/produkt\\\/jordskena-massing\\\/#primaryimage\"},\"thumbnailUrl\":\"https:\\\/\\\/c-profil.se\\\/wp-content\\\/uploads\\\/2017\\\/01\\\/Jordkena-Massing.jpg\",\"datePublished\":\"2017-01-23T13:27:00+00:00\",\"dateModified\":\"2026-03-18T14:17:11+00:00\",\"description\":\"Jordskena i m\u00e4ssing med skruvanslutningar. Jordskena i m\u00e4ssing med 153st 16mm\u00b2 skruvanslutningar. Jordskenan levereras i 1 meters l\u00e4ngd. L\u00e4s Mer!\",\"breadcrumb\":{\"@id\":\"https:\\\/\\\/c-profil.se\\\/produkt\\\/jordskena-massing\\\/#breadcrumb\"},\"inLanguage\":\"en\",\"potentialAction\":[{\"@type\":\"ReadAction\",\"target\":[\"https:\\\/\\\/c-profil.se\\\/produkt\\\/jordskena-massing\\\/\"]}]},{\"@type\":\"ImageObject\",\"inLanguage\":\"en\",\"@id\":\"https:\\\/\\\/c-profil.se\\\/produkt\\\/jordskena-massing\\\/#primaryimage\",\"url\":\"https:\\\/\\\/c-profil.se\\\/wp-content\\\/uploads\\\/2017\\\/01\\\/Jordkena-Massing.jpg\",\"contentUrl\":\"https:\\\/\\\/c-profil.se\\\/wp-content\\\/uploads\\\/2017\\\/01\\\/Jordkena-Massing.jpg\",\"width\":1000,\"height\":1000,\"caption\":\"Jordskena M\u00e4ssing\"},{\"@type\":\"BreadcrumbList\",\"@id\":\"https:\\\/\\\/c-profil.se\\\/produkt\\\/jordskena-massing\\\/#breadcrumb\",\"itemListElement\":[{\"@type\":\"ListItem\",\"position\":1,\"name\":\"Hem\",\"item\":\"https:\\\/\\\/c-profil.se\\\/\"},{\"@type\":\"ListItem\",\"position\":2,\"name\":\"Produkter\",\"item\":\"https:\\\/\\\/c-profil.se\\\/produkter\\\/\"},{\"@type\":\"ListItem\",\"position\":3,\"name\":\"Jordskenor\",\"item\":\"https:\\\/\\\/c-profil.se\\\/produkt-kategori\\\/jordskenor\\\/\"},{\"@type\":\"ListItem\",\"position\":4,\"name\":\"Jordskena | M\u00e4ssing\"}]},{\"@type\":\"WebSite\",\"@id\":\"https:\\\/\\\/c-profil.se\\\/#website\",\"url\":\"https:\\\/\\\/c-profil.se\\\/\",\"name\":\"C-Pro\",\"description\":\"Produkter f\u00f6r El och Automation\",\"publisher\":{\"@id\":\"https:\\\/\\\/c-profil.se\\\/#organization\"},\"potentialAction\":[{\"@type\":\"SearchAction\",\"target\":{\"@type\":\"EntryPoint\",\"urlTemplate\":\"https:\\\/\\\/c-profil.se\\\/?s={search_term_string}\"},\"query-input\":{\"@type\":\"PropertyValueSpecification\",\"valueRequired\":true,\"valueName\":\"search_term_string\"}}],\"inLanguage\":\"en\"},{\"@type\":\"Organization\",\"@id\":\"https:\\\/\\\/c-profil.se\\\/#organization\",\"name\":\"C-Pro\",\"alternateName\":\"C-PRO\",\"url\":\"https:\\\/\\\/c-profil.se\\\/\",\"logo\":{\"@type\":\"ImageObject\",\"inLanguage\":\"en\",\"@id\":\"https:\\\/\\\/c-profil.se\\\/#\\\/schema\\\/logo\\\/image\\\/\",\"url\":\"https:\\\/\\\/c-profil.se\\\/wp-content\\\/uploads\\\/2022\\\/03\\\/c-pro-logga-liggande-500x500-1.png\",\"contentUrl\":\"https:\\\/\\\/c-profil.se\\\/wp-content\\\/uploads\\\/2022\\\/03\\\/c-pro-logga-liggande-500x500-1.png\",\"width\":500,\"height\":500,\"caption\":\"C-Pro\"},\"image\":{\"@id\":\"https:\\\/\\\/c-profil.se\\\/#\\\/schema\\\/logo\\\/image\\\/\"},\"sameAs\":[\"https:\\\/\\\/www.facebook.com\\\/people\\\/C-Pro\\\/61561767306874\\\/\",\"https:\\\/\\\/www.linkedin.com\\\/company\\\/c-pro-ab\",\"https:\\\/\\\/www.instagram.com\\\/cpro.ab\\\/\"],\"description\":\"C-PRO AB \u00e4r en helt\u00e4ckande leverant\u00f6r av material f\u00f6r applikationer inom el och automation. \u00c4nda sedan starten 1987 har vi f\u00f6rsett den svenska tillverkande industrin med elmaterial. Trots v\u00e5r storlek och ledande position har vi aldrig \u00f6vergett v\u00e5r grundfilosofi, att vara en personlig leverant\u00f6r. Vi p\u00e5 C-PRO \u00e4r l\u00e4tta att komma i kontakt med, \u00e4rliga och brinner f\u00f6r att l\u00f6sa v\u00e5ra kunders problem.\",\"email\":\"info@c-profil.se\",\"telephone\":\"031575785\",\"legalName\":\"C-Profil F\u00f6rl\u00e4ggningsmaterial AB\",\"foundingDate\":\"1987-01-01\"}]}<\/script>\n<meta property=\"product:brand\" content=\"emc\" \/>\n<meta property=\"product:price:currency\" content=\"SEK\" \/>\n<meta property=\"og:availability\" content=\"instock\" \/>\n<meta property=\"product:availability\" content=\"instock\" \/>\n<meta property=\"product:retailer_item_id\" content=\"Jordskena | M\u00e4ssing\" \/>\n<meta property=\"product:condition\" content=\"new\" \/>\n<!-- \/ Yoast SEO Premium plugin. -->","yoast_head_json":{"title":"Buss Bar Brass - C-Pro","description":"Brass buss bar with screw connections. Brass grounding bar with 153 16mm\u00b2 screw connections. The grounding bar is delivered in 1 meter length. Read More!","robots":{"index":"index","follow":"follow","max-snippet":"max-snippet:-1","max-image-preview":"max-image-preview:large","max-video-preview":"max-video-preview:-1"},"canonical":"https:\/\/c-profil.se\/english\/product\/buss-bar-brass\/","og_locale":"en_US","og_type":"article","og_title":"Jordskena | M\u00e4ssing - C-Pro","og_description":"Jordskena i m\u00e4ssing med 153st 16mm\u00b2 skruvanslutningar.   Jordskenan levereras i 1 meters l\u00e4ngder men kan kapas i \u00f6nskad l\u00e4ngd.","og_url":"https:\/\/c-profil.se\/english\/product\/buss-bar-brass\/","og_site_name":"C-Pro","article_publisher":"https:\/\/www.facebook.com\/people\/C-Pro\/61561767306874\/","article_modified_time":"2026-03-18T14:17:11+00:00","og_image":[{"width":1000,"height":1000,"url":"https:\/\/c-profil.se\/wp-content\/uploads\/2017\/01\/Jordkena-Massing.jpg","type":"image\/jpeg"}],"twitter_card":"summary_large_image","twitter_misc":{"Price":"","Availability":"In stock"},"schema":{"@context":"https:\/\/schema.org","@graph":[{"@type":"WebPage","@id":"https:\/\/c-profil.se\/produkt\/jordskena-massing\/","url":"https:\/\/c-profil.se\/produkt\/jordskena-massing\/","name":"Buss Bar Brass - C-Pro","isPartOf":{"@id":"https:\/\/c-profil.se\/#website"},"primaryImageOfPage":{"@id":"https:\/\/c-profil.se\/produkt\/jordskena-massing\/#primaryimage"},"image":{"@id":"https:\/\/c-profil.se\/produkt\/jordskena-massing\/#primaryimage"},"thumbnailUrl":"https:\/\/c-profil.se\/wp-content\/uploads\/2017\/01\/Jordkena-Massing.jpg","datePublished":"2017-01-23T13:27:00+00:00","dateModified":"2026-03-18T14:17:11+00:00","description":"Brass buss bar with screw connections. Brass grounding bar with 153 16mm\u00b2 screw connections. The grounding bar is delivered in 1 meter length. Read More!","breadcrumb":{"@id":"https:\/\/c-profil.se\/produkt\/jordskena-massing\/#breadcrumb"},"inLanguage":"en","potentialAction":[{"@type":"ReadAction","target":["https:\/\/c-profil.se\/produkt\/jordskena-massing\/"]}]},{"@type":"ImageObject","inLanguage":"en","@id":"https:\/\/c-profil.se\/produkt\/jordskena-massing\/#primaryimage","url":"https:\/\/c-profil.se\/wp-content\/uploads\/2017\/01\/Jordkena-Massing.jpg","contentUrl":"https:\/\/c-profil.se\/wp-content\/uploads\/2017\/01\/Jordkena-Massing.jpg","width":1000,"height":1000,"caption":"Jordskena M\u00e4ssing"},{"@type":"BreadcrumbList","@id":"https:\/\/c-profil.se\/produkt\/jordskena-massing\/#breadcrumb","itemListElement":[{"@type":"ListItem","position":1,"name":"Hem","item":"https:\/\/c-profil.se\/"},{"@type":"ListItem","position":2,"name":"Produkter","item":"https:\/\/c-profil.se\/produkter\/"},{"@type":"ListItem","position":3,"name":"Jordskenor","item":"https:\/\/c-profil.se\/produkt-kategori\/jordskenor\/"},{"@type":"ListItem","position":4,"name":"Jordskena | M\u00e4ssing"}]},{"@type":"WebSite","@id":"https:\/\/c-profil.se\/#website","url":"https:\/\/c-profil.se\/","name":"C-Pro","description":"Products for Electricity and Automation","publisher":{"@id":"https:\/\/c-profil.se\/#organization"},"potentialAction":[{"@type":"SearchAction","target":{"@type":"EntryPoint","urlTemplate":"https:\/\/c-profil.se\/?s={search_term_string}"},"query-input":{"@type":"PropertyValueSpecification","valueRequired":true,"valueName":"search_term_string"}}],"inLanguage":"en"},{"@type":"Organization","@id":"https:\/\/c-profil.se\/#organization","name":"C-Pro","alternateName":"C-PRO","url":"https:\/\/c-profil.se\/","logo":{"@type":"ImageObject","inLanguage":"en","@id":"https:\/\/c-profil.se\/#\/schema\/logo\/image\/","url":"https:\/\/c-profil.se\/wp-content\/uploads\/2022\/03\/c-pro-logga-liggande-500x500-1.png","contentUrl":"https:\/\/c-profil.se\/wp-content\/uploads\/2022\/03\/c-pro-logga-liggande-500x500-1.png","width":500,"height":500,"caption":"C-Pro"},"image":{"@id":"https:\/\/c-profil.se\/#\/schema\/logo\/image\/"},"sameAs":["https:\/\/www.facebook.com\/people\/C-Pro\/61561767306874\/","https:\/\/www.linkedin.com\/company\/c-pro-ab","https:\/\/www.instagram.com\/cpro.ab\/"],"description":"C-PRO AB is a comprehensive supplier of materials for applications in electricity and automation. Ever since the start in 1987, we have supplied the Swedish manufacturing industry with electrical materials. Despite our size and leading position, we have never abandoned our basic philosophy, to be a personal supplier. We at C-PRO are easy to get in touch with, honest and passionate about solving our customers&#039; problems.","email":"info@c-profil.se","telephone":"031575785","legalName":"C-Profil F\u00f6rl\u00e4ggningsmaterial AB","foundingDate":"1987-01-01"}]},"product_brand":"emc","product_price_currency":"SEK","og_availability":"instock","product_availability":"instock","product_retailer_item_id":"Jordskena | M\u00e4ssing","product_condition":"new"},"_links":{"self":[{"href":"https:\/\/c-profil.se\/english\/wp-json\/wp\/v2\/product\/24389","targetHints":{"allow":["GET"]}}],"collection":[{"href":"https:\/\/c-profil.se\/english\/wp-json\/wp\/v2\/product"}],"about":[{"href":"https:\/\/c-profil.se\/english\/wp-json\/wp\/v2\/types\/product"}],"version-history":[{"count":6,"href":"https:\/\/c-profil.se\/english\/wp-json\/wp\/v2\/product\/24389\/revisions"}],"predecessor-version":[{"id":74226,"href":"https:\/\/c-profil.se\/english\/wp-json\/wp\/v2\/product\/24389\/revisions\/74226"}],"wp:featuredmedia":[{"embeddable":true,"href":"https:\/\/c-profil.se\/english\/wp-json\/wp\/v2\/media\/50786"}],"wp:attachment":[{"href":"https:\/\/c-profil.se\/english\/wp-json\/wp\/v2\/media?parent=24389"}],"wp:term":[{"taxonomy":"product_brand","embeddable":true,"href":"https:\/\/c-profil.se\/english\/wp-json\/wp\/v2\/product_brand?post=24389"},{"taxonomy":"product_cat","embeddable":true,"href":"https:\/\/c-profil.se\/english\/wp-json\/wp\/v2\/product_cat?post=24389"},{"taxonomy":"product_tag","embeddable":true,"href":"https:\/\/c-profil.se\/english\/wp-json\/wp\/v2\/product_tag?post=24389"}],"curies":[{"name":"wp","href":"https:\/\/api.w.org\/{rel}","templated":true}]}}