{"id":24385,"date":"2017-01-23T10:20:00","date_gmt":"2017-01-23T09:20:00","guid":{"rendered":"https:\/\/c-profil.se\/produkt\/varmeelement-sl\/"},"modified":"2026-03-18T16:16:23","modified_gmt":"2026-03-18T15:16:23","slug":"ptc-heater-sl","status":"publish","type":"product","link":"https:\/\/c-profil.se\/english\/produkt\/ptc-varmare-sl\/","title":{"rendered":"PTC Heater | SL"},"content":{"rendered":"<p><strong>PTC Heaters \/ SL are compact cabinet heaters with outputs of 250\u2013650 W, developed for safe and reliable heating of equipment cabinets.<\/strong><br \/>\nThey have two heating circuits and a built-in fan for even temperature distribution, reduced moisture formation and are equipped with a temperature fuse that protects against overheating in the event of a fan failure.<\/p>","protected":false},"excerpt":{"rendered":"<p>PTC Heaters \/ SL includes four types of Cabinet Heaters with capacities: 250, 350, 500 and 650W at 20 \u00b0 C. They are designed to fit in the same compact housing. This facilitates cabinet design and makes it easy to expand capacity. The robust, high-temperature resistant housing measures only 86 mm x 100 mm x 105 mm. Our PTC Heaters are equipped with two individual heating circuits and a strong heating fan to ensure the optimum temperature in the electrical cabinet. and to also minimize moisture formation.<\/p>\n<p>All models are calibrated for optimal performance at 20\u00b0C, ensuring consistent and reliable heating under varying conditions. The element has an integrated temperature guard that shuts off in the event of fan failure and to prevent overheating.<\/p>\n<ul>\n<li>Various heating capacities ranging from 250 \u2013 650 W in the same housing<\/li>\n<li>2 heating circuits with different circuit configurations<\/li>\n<li>Fan and heater are separately connected<\/li>\n<li>Integrated temperature limiter to shutdown if the fan fails<\/li>\n<li>Compact design, low weight<\/li>\n<li>Eyelets for screw mounting and clamp for fixing on mounting rail<\/li>\n<li>Connection by spring terminals<\/li>\n<li>Cover for the terminals<\/li>\n<li>Strain relief for cable<\/li>\n<li>Various controllers for temperature and humidity for external control are  available as accessory<\/li>\n<li>Output capacity at 20\u00b0: See capacity<\/li>\n<\/ul>\n<div id=\"gtx-trans\" style=\"position: absolute;left: 73px;top: -10px\">\n<div class=\"gtx-trans-icon\"><\/div>\n<\/div>","protected":false},"featured_media":46135,"template":"","meta":{"_acf_changed":false},"product_brand":[746],"product_cat":[205],"product_tag":[963,966],"class_list":{"0":"post-24385","1":"product","2":"type-product","3":"status-publish","4":"has-post-thumbnail","6":"product_brand-rubsamen-herr","7":"product_cat-ptc-varmare","8":"product_tag-klimatisering-av-apparatskap","9":"product_tag-kondensskydd","11":"first","12":"instock","13":"shipping-taxable","14":"product-type-simple"},"acf":[],"yoast_head":"<!-- This site is optimized with the Yoast SEO Premium plugin v27.5 (Yoast SEO v27.5) - https:\/\/yoast.com\/product\/yoast-seo-premium-wordpress\/ -->\n<title>PTC-V\u00e4rmare \/ SL: Effektiva &amp; kompakta sk\u00e5psv\u00e4rmare - C-Pro<\/title>\n<meta name=\"description\" content=\"PTC-V\u00e4rmare \/ SL omfattar fyra typer av Sk\u00e5psv\u00e4rmare med v\u00e4rmekapacitet 250, 350, 500 och 650 W vid 20 \u00b0 C. PTC-Elementen har en v\u00e4rmefl\u00e4kt! L\u00e4s Mer!\" \/>\n<meta name=\"robots\" content=\"index, follow, max-snippet:-1, max-image-preview:large, max-video-preview:-1\" \/>\n<link rel=\"canonical\" href=\"https:\/\/c-profil.se\/english\/product\/ptc-heater-sl\/\" \/>\n<meta property=\"og:locale\" content=\"en_US\" \/>\n<meta property=\"og:type\" content=\"article\" \/>\n<meta property=\"og:title\" content=\"PTC-V\u00e4rmare | SL - C-Pro\" \/>\n<meta property=\"og:description\" content=\"PTC-V\u00e4rmare \/ SL omfattar fyra typer av Sk\u00e5psv\u00e4rmare med kapacitet: 250, 350, 500 och 650W vid 20 \u00b0 C. De \u00e4r utformade f\u00f6r att passa i samma kompakta h\u00f6lje. Detta underl\u00e4ttar sk\u00e5psdesignen och g\u00f6r det enkelt att ut\u00f6ka kapaciteten. Den robusta, h\u00f6gtemperaturbest\u00e4ndig h\u00f6ljet m\u00e4ter endast 86 mm x 100 mm x 105 mm. V\u00e5ra PTC-V\u00e4rmare\u00a0 \u00e4r utrustade med tv\u00e5 individuella v\u00e4rmekretsar och en stark v\u00e4rmefl\u00e4kt f\u00f6r att s\u00e4kerst\u00e4lla den optimala temperaturen i elsk\u00e5pet. och f\u00f6r att ocks\u00e5 minimera fuktbildning.  Alla modeller \u00e4r kalibrerade f\u00f6r optimal prestanda vid 20\u00b0C, vilket s\u00e4kerst\u00e4ller konsekvent och p\u00e5litlig uppv\u00e4rmning under varierande f\u00f6rh\u00e5llanden. Elementet har en integrerad temperaturvakt som st\u00e4nger av vid f\u00f6r fl\u00e4ktfel och f\u00f6r att f\u00f6rhindra \u00f6verhettning.   Olika v\u00e4rmeeffekter fr\u00e5n 250\u2013650 W i samma kapsling  Tv\u00e5 v\u00e4rmekretsar med olika kopplingskonfigurationer  Fl\u00e4kt och v\u00e4rmeelement anslutna separat  Integrerad temperaturs\u00e4kring som st\u00e4nger av vid fl\u00e4ktfel  Kompakt design med l\u00e5g vikt  F\u00e4st\u00f6glor f\u00f6r skruvmontering samt kl\u00e4mma f\u00f6r montering p\u00e5 DIN-skena  Anslutning via fj\u00e4derkl\u00e4mmor  Skyddsk\u00e5pa f\u00f6r anslutningsterminaler  Dragavlastning f\u00f6r kabel  Olika regulatorer f\u00f6r temperatur och luftfuktighet f\u00f6r extern styrning finns som tillbeh\u00f6r  Uteffekt vid 20\u00b0: Se effekt\" \/>\n<meta property=\"og:url\" content=\"https:\/\/c-profil.se\/english\/product\/ptc-heater-sl\/\" \/>\n<meta property=\"og:site_name\" content=\"C-Pro\" \/>\n<meta property=\"article:publisher\" content=\"https:\/\/www.facebook.com\/people\/C-Pro\/61561767306874\/\" \/>\n<meta property=\"article:modified_time\" content=\"2026-03-18T15:16:23+00:00\" \/>\n<meta property=\"og:image\" content=\"https:\/\/c-profil.se\/wp-content\/uploads\/2017\/01\/PTC-Varmare-SL.jpg\" \/>\n\t<meta property=\"og:image:width\" content=\"1000\" \/>\n\t<meta property=\"og:image:height\" content=\"1000\" \/>\n\t<meta property=\"og:image:type\" content=\"image\/jpeg\" \/>\n<meta name=\"twitter:card\" content=\"summary_large_image\" \/>\n<meta name=\"twitter:label1\" content=\"Price\" \/>\n\t<meta name=\"twitter:data1\" content=\"\" \/>\n\t<meta name=\"twitter:label2\" content=\"Availability\" \/>\n\t<meta name=\"twitter:data2\" content=\"In stock\" \/>\n<script type=\"application\/ld+json\" class=\"yoast-schema-graph\">{\"@context\":\"https:\\\/\\\/schema.org\",\"@graph\":[{\"@type\":\"WebPage\",\"@id\":\"https:\\\/\\\/c-profil.se\\\/produkt\\\/ptc-varmare-sl\\\/\",\"url\":\"https:\\\/\\\/c-profil.se\\\/produkt\\\/ptc-varmare-sl\\\/\",\"name\":\"PTC-V\u00e4rmare \\\/ SL: Effektiva & kompakta sk\u00e5psv\u00e4rmare - C-Pro\",\"isPartOf\":{\"@id\":\"https:\\\/\\\/c-profil.se\\\/#website\"},\"primaryImageOfPage\":{\"@id\":\"https:\\\/\\\/c-profil.se\\\/produkt\\\/ptc-varmare-sl\\\/#primaryimage\"},\"image\":{\"@id\":\"https:\\\/\\\/c-profil.se\\\/produkt\\\/ptc-varmare-sl\\\/#primaryimage\"},\"thumbnailUrl\":\"https:\\\/\\\/c-profil.se\\\/wp-content\\\/uploads\\\/2017\\\/01\\\/PTC-Varmare-SL.jpg\",\"datePublished\":\"2017-01-23T09:20:00+00:00\",\"dateModified\":\"2026-03-18T15:16:23+00:00\",\"description\":\"PTC-V\u00e4rmare \\\/ SL omfattar fyra typer av Sk\u00e5psv\u00e4rmare med v\u00e4rmekapacitet 250, 350, 500 och 650 W vid 20 \u00b0 C. PTC-Elementen har en v\u00e4rmefl\u00e4kt! L\u00e4s Mer!\",\"breadcrumb\":{\"@id\":\"https:\\\/\\\/c-profil.se\\\/produkt\\\/ptc-varmare-sl\\\/#breadcrumb\"},\"inLanguage\":\"en\",\"potentialAction\":[{\"@type\":\"ReadAction\",\"target\":[\"https:\\\/\\\/c-profil.se\\\/produkt\\\/ptc-varmare-sl\\\/\"]}]},{\"@type\":\"ImageObject\",\"inLanguage\":\"en\",\"@id\":\"https:\\\/\\\/c-profil.se\\\/produkt\\\/ptc-varmare-sl\\\/#primaryimage\",\"url\":\"https:\\\/\\\/c-profil.se\\\/wp-content\\\/uploads\\\/2017\\\/01\\\/PTC-Varmare-SL.jpg\",\"contentUrl\":\"https:\\\/\\\/c-profil.se\\\/wp-content\\\/uploads\\\/2017\\\/01\\\/PTC-Varmare-SL.jpg\",\"width\":1000,\"height\":1000,\"caption\":\"PTC V\u00e4rmare SL\"},{\"@type\":\"BreadcrumbList\",\"@id\":\"https:\\\/\\\/c-profil.se\\\/produkt\\\/ptc-varmare-sl\\\/#breadcrumb\",\"itemListElement\":[{\"@type\":\"ListItem\",\"position\":1,\"name\":\"Hem\",\"item\":\"https:\\\/\\\/c-profil.se\\\/\"},{\"@type\":\"ListItem\",\"position\":2,\"name\":\"Produkter\",\"item\":\"https:\\\/\\\/c-profil.se\\\/produkter\\\/\"},{\"@type\":\"ListItem\",\"position\":3,\"name\":\"PTC-V\u00e4rmare\",\"item\":\"https:\\\/\\\/c-profil.se\\\/produkt-kategori\\\/ptc-varmare\\\/\"},{\"@type\":\"ListItem\",\"position\":4,\"name\":\"PTC-V\u00e4rmare | SL\"}]},{\"@type\":\"WebSite\",\"@id\":\"https:\\\/\\\/c-profil.se\\\/#website\",\"url\":\"https:\\\/\\\/c-profil.se\\\/\",\"name\":\"C-Pro\",\"description\":\"Produkter f\u00f6r El och Automation\",\"publisher\":{\"@id\":\"https:\\\/\\\/c-profil.se\\\/#organization\"},\"potentialAction\":[{\"@type\":\"SearchAction\",\"target\":{\"@type\":\"EntryPoint\",\"urlTemplate\":\"https:\\\/\\\/c-profil.se\\\/?s={search_term_string}\"},\"query-input\":{\"@type\":\"PropertyValueSpecification\",\"valueRequired\":true,\"valueName\":\"search_term_string\"}}],\"inLanguage\":\"en\"},{\"@type\":\"Organization\",\"@id\":\"https:\\\/\\\/c-profil.se\\\/#organization\",\"name\":\"C-Pro\",\"alternateName\":\"C-PRO\",\"url\":\"https:\\\/\\\/c-profil.se\\\/\",\"logo\":{\"@type\":\"ImageObject\",\"inLanguage\":\"en\",\"@id\":\"https:\\\/\\\/c-profil.se\\\/#\\\/schema\\\/logo\\\/image\\\/\",\"url\":\"https:\\\/\\\/c-profil.se\\\/wp-content\\\/uploads\\\/2022\\\/03\\\/c-pro-logga-liggande-500x500-1.png\",\"contentUrl\":\"https:\\\/\\\/c-profil.se\\\/wp-content\\\/uploads\\\/2022\\\/03\\\/c-pro-logga-liggande-500x500-1.png\",\"width\":500,\"height\":500,\"caption\":\"C-Pro\"},\"image\":{\"@id\":\"https:\\\/\\\/c-profil.se\\\/#\\\/schema\\\/logo\\\/image\\\/\"},\"sameAs\":[\"https:\\\/\\\/www.facebook.com\\\/people\\\/C-Pro\\\/61561767306874\\\/\",\"https:\\\/\\\/www.linkedin.com\\\/company\\\/c-pro-ab\",\"https:\\\/\\\/www.instagram.com\\\/cpro.ab\\\/\"],\"description\":\"C-PRO AB \u00e4r en helt\u00e4ckande leverant\u00f6r av material f\u00f6r applikationer inom el och automation. \u00c4nda sedan starten 1987 har vi f\u00f6rsett den svenska tillverkande industrin med elmaterial. Trots v\u00e5r storlek och ledande position har vi aldrig \u00f6vergett v\u00e5r grundfilosofi, att vara en personlig leverant\u00f6r. Vi p\u00e5 C-PRO \u00e4r l\u00e4tta att komma i kontakt med, \u00e4rliga och brinner f\u00f6r att l\u00f6sa v\u00e5ra kunders problem.\",\"email\":\"info@c-profil.se\",\"telephone\":\"031575785\",\"legalName\":\"C-Profil F\u00f6rl\u00e4ggningsmaterial AB\",\"foundingDate\":\"1987-01-01\"}]}<\/script>\n<meta property=\"product:brand\" content=\"klimatisering av apparatsk\u00e5p\" \/>\n<meta property=\"product:price:currency\" content=\"SEK\" \/>\n<meta property=\"og:availability\" content=\"instock\" \/>\n<meta property=\"product:availability\" content=\"instock\" \/>\n<meta property=\"product:retailer_item_id\" content=\"SL\" \/>\n<meta property=\"product:condition\" content=\"new\" \/>\n<!-- \/ Yoast SEO Premium plugin. -->","yoast_head_json":{"title":"PTC Heaters \/ SL: Efficient &amp; compact cabinet heaters - C-Pro","description":"PTC Heater \/ SL includes four types of Cabinet Heaters with heating capacity 250, 350, 500 and 650 W at 20 \u00b0 C. The PTC Elements have a heating fan! Read more!","robots":{"index":"index","follow":"follow","max-snippet":"max-snippet:-1","max-image-preview":"max-image-preview:large","max-video-preview":"max-video-preview:-1"},"canonical":"https:\/\/c-profil.se\/english\/product\/ptc-heater-sl\/","og_locale":"en_US","og_type":"article","og_title":"PTC-V\u00e4rmare | SL - C-Pro","og_description":"PTC-V\u00e4rmare \/ SL omfattar fyra typer av Sk\u00e5psv\u00e4rmare med kapacitet: 250, 350, 500 och 650W vid 20 \u00b0 C. De \u00e4r utformade f\u00f6r att passa i samma kompakta h\u00f6lje. Detta underl\u00e4ttar sk\u00e5psdesignen och g\u00f6r det enkelt att ut\u00f6ka kapaciteten. Den robusta, h\u00f6gtemperaturbest\u00e4ndig h\u00f6ljet m\u00e4ter endast 86 mm x 100 mm x 105 mm. V\u00e5ra PTC-V\u00e4rmare\u00a0 \u00e4r utrustade med tv\u00e5 individuella v\u00e4rmekretsar och en stark v\u00e4rmefl\u00e4kt f\u00f6r att s\u00e4kerst\u00e4lla den optimala temperaturen i elsk\u00e5pet. och f\u00f6r att ocks\u00e5 minimera fuktbildning.  Alla modeller \u00e4r kalibrerade f\u00f6r optimal prestanda vid 20\u00b0C, vilket s\u00e4kerst\u00e4ller konsekvent och p\u00e5litlig uppv\u00e4rmning under varierande f\u00f6rh\u00e5llanden. Elementet har en integrerad temperaturvakt som st\u00e4nger av vid f\u00f6r fl\u00e4ktfel och f\u00f6r att f\u00f6rhindra \u00f6verhettning.   Olika v\u00e4rmeeffekter fr\u00e5n 250\u2013650 W i samma kapsling  Tv\u00e5 v\u00e4rmekretsar med olika kopplingskonfigurationer  Fl\u00e4kt och v\u00e4rmeelement anslutna separat  Integrerad temperaturs\u00e4kring som st\u00e4nger av vid fl\u00e4ktfel  Kompakt design med l\u00e5g vikt  F\u00e4st\u00f6glor f\u00f6r skruvmontering samt kl\u00e4mma f\u00f6r montering p\u00e5 DIN-skena  Anslutning via fj\u00e4derkl\u00e4mmor  Skyddsk\u00e5pa f\u00f6r anslutningsterminaler  Dragavlastning f\u00f6r kabel  Olika regulatorer f\u00f6r temperatur och luftfuktighet f\u00f6r extern styrning finns som tillbeh\u00f6r  Uteffekt vid 20\u00b0: Se effekt","og_url":"https:\/\/c-profil.se\/english\/product\/ptc-heater-sl\/","og_site_name":"C-Pro","article_publisher":"https:\/\/www.facebook.com\/people\/C-Pro\/61561767306874\/","article_modified_time":"2026-03-18T15:16:23+00:00","og_image":[{"width":1000,"height":1000,"url":"https:\/\/c-profil.se\/wp-content\/uploads\/2017\/01\/PTC-Varmare-SL.jpg","type":"image\/jpeg"}],"twitter_card":"summary_large_image","twitter_misc":{"Price":"","Availability":"In stock"},"schema":{"@context":"https:\/\/schema.org","@graph":[{"@type":"WebPage","@id":"https:\/\/c-profil.se\/produkt\/ptc-varmare-sl\/","url":"https:\/\/c-profil.se\/produkt\/ptc-varmare-sl\/","name":"PTC Heaters \/ SL: Efficient &amp; compact cabinet heaters - C-Pro","isPartOf":{"@id":"https:\/\/c-profil.se\/#website"},"primaryImageOfPage":{"@id":"https:\/\/c-profil.se\/produkt\/ptc-varmare-sl\/#primaryimage"},"image":{"@id":"https:\/\/c-profil.se\/produkt\/ptc-varmare-sl\/#primaryimage"},"thumbnailUrl":"https:\/\/c-profil.se\/wp-content\/uploads\/2017\/01\/PTC-Varmare-SL.jpg","datePublished":"2017-01-23T09:20:00+00:00","dateModified":"2026-03-18T15:16:23+00:00","description":"PTC Heater \/ SL includes four types of Cabinet Heaters with heating capacity 250, 350, 500 and 650 W at 20 \u00b0 C. The PTC Elements have a heating fan! Read more!","breadcrumb":{"@id":"https:\/\/c-profil.se\/produkt\/ptc-varmare-sl\/#breadcrumb"},"inLanguage":"en","potentialAction":[{"@type":"ReadAction","target":["https:\/\/c-profil.se\/produkt\/ptc-varmare-sl\/"]}]},{"@type":"ImageObject","inLanguage":"en","@id":"https:\/\/c-profil.se\/produkt\/ptc-varmare-sl\/#primaryimage","url":"https:\/\/c-profil.se\/wp-content\/uploads\/2017\/01\/PTC-Varmare-SL.jpg","contentUrl":"https:\/\/c-profil.se\/wp-content\/uploads\/2017\/01\/PTC-Varmare-SL.jpg","width":1000,"height":1000,"caption":"PTC V\u00e4rmare SL"},{"@type":"BreadcrumbList","@id":"https:\/\/c-profil.se\/produkt\/ptc-varmare-sl\/#breadcrumb","itemListElement":[{"@type":"ListItem","position":1,"name":"Hem","item":"https:\/\/c-profil.se\/"},{"@type":"ListItem","position":2,"name":"Produkter","item":"https:\/\/c-profil.se\/produkter\/"},{"@type":"ListItem","position":3,"name":"PTC-V\u00e4rmare","item":"https:\/\/c-profil.se\/produkt-kategori\/ptc-varmare\/"},{"@type":"ListItem","position":4,"name":"PTC-V\u00e4rmare | SL"}]},{"@type":"WebSite","@id":"https:\/\/c-profil.se\/#website","url":"https:\/\/c-profil.se\/","name":"C-Pro","description":"Products for Electricity and Automation","publisher":{"@id":"https:\/\/c-profil.se\/#organization"},"potentialAction":[{"@type":"SearchAction","target":{"@type":"EntryPoint","urlTemplate":"https:\/\/c-profil.se\/?s={search_term_string}"},"query-input":{"@type":"PropertyValueSpecification","valueRequired":true,"valueName":"search_term_string"}}],"inLanguage":"en"},{"@type":"Organization","@id":"https:\/\/c-profil.se\/#organization","name":"C-Pro","alternateName":"C-PRO","url":"https:\/\/c-profil.se\/","logo":{"@type":"ImageObject","inLanguage":"en","@id":"https:\/\/c-profil.se\/#\/schema\/logo\/image\/","url":"https:\/\/c-profil.se\/wp-content\/uploads\/2022\/03\/c-pro-logga-liggande-500x500-1.png","contentUrl":"https:\/\/c-profil.se\/wp-content\/uploads\/2022\/03\/c-pro-logga-liggande-500x500-1.png","width":500,"height":500,"caption":"C-Pro"},"image":{"@id":"https:\/\/c-profil.se\/#\/schema\/logo\/image\/"},"sameAs":["https:\/\/www.facebook.com\/people\/C-Pro\/61561767306874\/","https:\/\/www.linkedin.com\/company\/c-pro-ab","https:\/\/www.instagram.com\/cpro.ab\/"],"description":"C-PRO AB is a comprehensive supplier of materials for applications in electricity and automation. Ever since the start in 1987, we have supplied the Swedish manufacturing industry with electrical materials. Despite our size and leading position, we have never abandoned our basic philosophy, to be a personal supplier. We at C-PRO are easy to get in touch with, honest and passionate about solving our customers&#039; problems.","email":"info@c-profil.se","telephone":"031575785","legalName":"C-Profil F\u00f6rl\u00e4ggningsmaterial AB","foundingDate":"1987-01-01"}]},"product_brand":"klimatisering av apparatsk\u00e5p","product_price_currency":"SEK","og_availability":"instock","product_availability":"instock","product_retailer_item_id":"SL","product_condition":"new"},"_links":{"self":[{"href":"https:\/\/c-profil.se\/english\/wp-json\/wp\/v2\/product\/24385","targetHints":{"allow":["GET"]}}],"collection":[{"href":"https:\/\/c-profil.se\/english\/wp-json\/wp\/v2\/product"}],"about":[{"href":"https:\/\/c-profil.se\/english\/wp-json\/wp\/v2\/types\/product"}],"version-history":[{"count":11,"href":"https:\/\/c-profil.se\/english\/wp-json\/wp\/v2\/product\/24385\/revisions"}],"predecessor-version":[{"id":74371,"href":"https:\/\/c-profil.se\/english\/wp-json\/wp\/v2\/product\/24385\/revisions\/74371"}],"wp:featuredmedia":[{"embeddable":true,"href":"https:\/\/c-profil.se\/english\/wp-json\/wp\/v2\/media\/46135"}],"wp:attachment":[{"href":"https:\/\/c-profil.se\/english\/wp-json\/wp\/v2\/media?parent=24385"}],"wp:term":[{"taxonomy":"product_brand","embeddable":true,"href":"https:\/\/c-profil.se\/english\/wp-json\/wp\/v2\/product_brand?post=24385"},{"taxonomy":"product_cat","embeddable":true,"href":"https:\/\/c-profil.se\/english\/wp-json\/wp\/v2\/product_cat?post=24385"},{"taxonomy":"product_tag","embeddable":true,"href":"https:\/\/c-profil.se\/english\/wp-json\/wp\/v2\/product_tag?post=24385"}],"curies":[{"name":"wp","href":"https:\/\/api.w.org\/{rel}","templated":true}]}}