{"id":24380,"date":"2017-01-20T11:29:00","date_gmt":"2017-01-20T10:29:00","guid":{"rendered":"https:\/\/c-profil.se\/produkt\/spiralslang-partex\/"},"modified":"2026-05-06T13:27:13","modified_gmt":"2026-05-06T12:27:13","slug":"cable-spiral-sp-spz","status":"publish","type":"product","link":"https:\/\/c-profil.se\/english\/produkt\/spiralslang-sp-spz\/","title":{"rendered":"Spiral hose | SP\/SPZ"},"content":{"rendered":"<p><strong>Flexible Spiral Hose \/ SP\/SPZ is a bendable spiral hose for protection and collection of cables, wires and hoses<\/strong>.<br \/>\nIt can be easily retrofitted around existing cabling and provides a smooth connection between cabinets and door-mounted units.<\/p>","protected":false},"excerpt":{"rendered":"<p style=\"text-align: left;\">Flexible <strong>Spiral hose | SP\/SPZ<\/strong> for cable and wire routing is a tubular, flexible spiral hose. Excellent protection for wire bundles, cables, pipes, hoses, etc. Can be advantageously installed afterwards around wiring. Allows smooth connection between cabinets and door-mounted units. Also available in halogen-free version. Reduces cable and wire breakage and thus maintenance and downtime costs.<\/p>\n<ul>\n<li>Snap-in bracket that is threaded on before mounting holds the spiral conduit firmly in place.<\/li>\n<\/ul>","protected":false},"featured_media":51588,"template":"","meta":{"_acf_changed":false},"product_brand":[744],"product_cat":[315],"product_tag":[970,984],"class_list":{"0":"post-24380","1":"product","2":"type-product","3":"status-publish","4":"has-post-thumbnail","6":"product_brand-partex","7":"product_cat-spiralslang","8":"product_tag-dragning-av-kablage","9":"product_tag-kabelskydd","11":"first","12":"instock","13":"shipping-taxable","14":"product-type-simple"},"acf":[],"yoast_head":"<!-- This site is optimized with the Yoast SEO Premium plugin v27.6 (Yoast SEO v27.6) - https:\/\/yoast.com\/product\/yoast-seo-premium-wordpress\/ -->\n<title>Spiralslang \/ SP\/SPZ - C-Pro<\/title>\n<meta name=\"description\" content=\"Flexibel Spiralslang \/ SP\/SPZ f\u00f6r kabel- och ledningsf\u00f6rl\u00e4ggning. Utm\u00e4rkt skydd f\u00f6r ledningsbuntar, kablar, r\u00f6r, slangar etc. L\u00e4s Mer!\" \/>\n<meta name=\"robots\" content=\"index, follow, max-snippet:-1, max-image-preview:large, max-video-preview:-1\" \/>\n<link rel=\"canonical\" href=\"https:\/\/c-profil.se\/english\/product\/cable-spiral-sp-spz\/\" \/>\n<meta property=\"og:locale\" content=\"en_US\" \/>\n<meta property=\"og:type\" content=\"article\" \/>\n<meta property=\"og:title\" content=\"Spiralslang | SP\/SPZ - C-Pro\" \/>\n<meta property=\"og:description\" content=\"Flexibel Spiralslang | SP\/SPZ f\u00f6r kabel- och ledningsf\u00f6rl\u00e4ggning \u00e4r en r\u00f6rformad b\u00f6jbar spiralslang. Utm\u00e4rkt skydd f\u00f6r ledningsbuntar, kablar, r\u00f6r, slangar etc. Kan med f\u00f6rdel monteras efter\u00e5t runt kablage. Medger smidig f\u00f6rbindelse mellan sk\u00e5p och d\u00f6rrmonterade enheter. Finns \u00e4ven i halogenfritt utf\u00f6rande. Minskar kabel- och ledningsbrott och d\u00e4rmed underh\u00e5lls och stillest\u00e5ndskostnader.    Sn\u00e4pp-in-f\u00e4ste som tr\u00e4s p\u00e5 f\u00f6re montaget h\u00e5ller spiralslangen stadigt p\u00e5 plats.\" \/>\n<meta property=\"og:url\" content=\"https:\/\/c-profil.se\/english\/product\/cable-spiral-sp-spz\/\" \/>\n<meta property=\"og:site_name\" content=\"C-Pro\" \/>\n<meta property=\"article:publisher\" content=\"https:\/\/www.facebook.com\/people\/C-Pro\/61561767306874\/\" \/>\n<meta property=\"article:modified_time\" content=\"2026-05-06T12:27:13+00:00\" \/>\n<meta property=\"og:image\" content=\"https:\/\/c-profil.se\/wp-content\/uploads\/2024\/11\/Spiralslang.jpg\" \/>\n\t<meta property=\"og:image:width\" content=\"1000\" \/>\n\t<meta property=\"og:image:height\" content=\"1000\" \/>\n\t<meta property=\"og:image:type\" content=\"image\/jpeg\" \/>\n<meta name=\"twitter:card\" content=\"summary_large_image\" \/>\n<meta name=\"twitter:label1\" content=\"Price\" \/>\n\t<meta name=\"twitter:data1\" content=\"\" \/>\n\t<meta name=\"twitter:label2\" content=\"Availability\" \/>\n\t<meta name=\"twitter:data2\" content=\"In stock\" \/>\n<script type=\"application\/ld+json\" class=\"yoast-schema-graph\">{\"@context\":\"https:\\\/\\\/schema.org\",\"@graph\":[{\"@type\":\"WebPage\",\"@id\":\"https:\\\/\\\/c-profil.se\\\/produkt\\\/spiralslang-sp-spz\\\/\",\"url\":\"https:\\\/\\\/c-profil.se\\\/produkt\\\/spiralslang-sp-spz\\\/\",\"name\":\"Spiralslang \\\/ SP\\\/SPZ - C-Pro\",\"isPartOf\":{\"@id\":\"https:\\\/\\\/c-profil.se\\\/#website\"},\"primaryImageOfPage\":{\"@id\":\"https:\\\/\\\/c-profil.se\\\/produkt\\\/spiralslang-sp-spz\\\/#primaryimage\"},\"image\":{\"@id\":\"https:\\\/\\\/c-profil.se\\\/produkt\\\/spiralslang-sp-spz\\\/#primaryimage\"},\"thumbnailUrl\":\"https:\\\/\\\/c-profil.se\\\/wp-content\\\/uploads\\\/2024\\\/11\\\/Spiralslang.jpg\",\"datePublished\":\"2017-01-20T10:29:00+00:00\",\"dateModified\":\"2026-05-06T12:27:13+00:00\",\"description\":\"Flexibel Spiralslang \\\/ SP\\\/SPZ f\u00f6r kabel- och ledningsf\u00f6rl\u00e4ggning. Utm\u00e4rkt skydd f\u00f6r ledningsbuntar, kablar, r\u00f6r, slangar etc. L\u00e4s Mer!\",\"breadcrumb\":{\"@id\":\"https:\\\/\\\/c-profil.se\\\/produkt\\\/spiralslang-sp-spz\\\/#breadcrumb\"},\"inLanguage\":\"en\",\"potentialAction\":[{\"@type\":\"ReadAction\",\"target\":[\"https:\\\/\\\/c-profil.se\\\/produkt\\\/spiralslang-sp-spz\\\/\"]}]},{\"@type\":\"ImageObject\",\"inLanguage\":\"en\",\"@id\":\"https:\\\/\\\/c-profil.se\\\/produkt\\\/spiralslang-sp-spz\\\/#primaryimage\",\"url\":\"https:\\\/\\\/c-profil.se\\\/wp-content\\\/uploads\\\/2024\\\/11\\\/Spiralslang.jpg\",\"contentUrl\":\"https:\\\/\\\/c-profil.se\\\/wp-content\\\/uploads\\\/2024\\\/11\\\/Spiralslang.jpg\",\"width\":1000,\"height\":1000,\"caption\":\"Spiralslang\"},{\"@type\":\"BreadcrumbList\",\"@id\":\"https:\\\/\\\/c-profil.se\\\/produkt\\\/spiralslang-sp-spz\\\/#breadcrumb\",\"itemListElement\":[{\"@type\":\"ListItem\",\"position\":1,\"name\":\"Hem\",\"item\":\"https:\\\/\\\/c-profil.se\\\/\"},{\"@type\":\"ListItem\",\"position\":2,\"name\":\"Produkter\",\"item\":\"https:\\\/\\\/c-profil.se\\\/produkter\\\/\"},{\"@type\":\"ListItem\",\"position\":3,\"name\":\"Spiralslang\",\"item\":\"https:\\\/\\\/c-profil.se\\\/produkt-kategori\\\/spiralslang\\\/\"},{\"@type\":\"ListItem\",\"position\":4,\"name\":\"Spiralslang | SP\\\/SPZ\"}]},{\"@type\":\"WebSite\",\"@id\":\"https:\\\/\\\/c-profil.se\\\/#website\",\"url\":\"https:\\\/\\\/c-profil.se\\\/\",\"name\":\"C-Pro\",\"description\":\"Produkter f\u00f6r El och Automation\",\"publisher\":{\"@id\":\"https:\\\/\\\/c-profil.se\\\/#organization\"},\"potentialAction\":[{\"@type\":\"SearchAction\",\"target\":{\"@type\":\"EntryPoint\",\"urlTemplate\":\"https:\\\/\\\/c-profil.se\\\/?s={search_term_string}\"},\"query-input\":{\"@type\":\"PropertyValueSpecification\",\"valueRequired\":true,\"valueName\":\"search_term_string\"}}],\"inLanguage\":\"en\"},{\"@type\":\"Organization\",\"@id\":\"https:\\\/\\\/c-profil.se\\\/#organization\",\"name\":\"C-Pro\",\"alternateName\":\"C-PRO\",\"url\":\"https:\\\/\\\/c-profil.se\\\/\",\"logo\":{\"@type\":\"ImageObject\",\"inLanguage\":\"en\",\"@id\":\"https:\\\/\\\/c-profil.se\\\/#\\\/schema\\\/logo\\\/image\\\/\",\"url\":\"https:\\\/\\\/c-profil.se\\\/wp-content\\\/uploads\\\/2022\\\/03\\\/c-pro-logga-liggande-500x500-1.png\",\"contentUrl\":\"https:\\\/\\\/c-profil.se\\\/wp-content\\\/uploads\\\/2022\\\/03\\\/c-pro-logga-liggande-500x500-1.png\",\"width\":500,\"height\":500,\"caption\":\"C-Pro\"},\"image\":{\"@id\":\"https:\\\/\\\/c-profil.se\\\/#\\\/schema\\\/logo\\\/image\\\/\"},\"sameAs\":[\"https:\\\/\\\/www.facebook.com\\\/people\\\/C-Pro\\\/61561767306874\\\/\",\"https:\\\/\\\/www.linkedin.com\\\/company\\\/c-pro-ab\",\"https:\\\/\\\/www.instagram.com\\\/cpro.ab\\\/\"],\"description\":\"C-PRO AB \u00e4r en helt\u00e4ckande leverant\u00f6r av material f\u00f6r applikationer inom el och automation. \u00c4nda sedan starten 1987 har vi f\u00f6rsett den svenska tillverkande industrin med elmaterial. Trots v\u00e5r storlek och ledande position har vi aldrig \u00f6vergett v\u00e5r grundfilosofi, att vara en personlig leverant\u00f6r. Vi p\u00e5 C-PRO \u00e4r l\u00e4tta att komma i kontakt med, \u00e4rliga och brinner f\u00f6r att l\u00f6sa v\u00e5ra kunders problem.\",\"email\":\"info@c-profil.se\",\"telephone\":\"031575785\",\"legalName\":\"C-Profil F\u00f6rl\u00e4ggningsmaterial AB\",\"foundingDate\":\"1987-01-01\"}]}<\/script>\n<meta property=\"product:brand\" content=\"dragning av kablage\" \/>\n<meta property=\"product:price:currency\" content=\"SEK\" \/>\n<meta property=\"og:availability\" content=\"instock\" \/>\n<meta property=\"product:availability\" content=\"instock\" \/>\n<meta property=\"product:retailer_item_id\" content=\"SP\/SPZ\" \/>\n<meta property=\"product:condition\" content=\"new\" \/>\n<!-- \/ Yoast SEO Premium plugin. -->","yoast_head_json":{"title":"Spiral conduit \/ SP|SPZ - C-Pro","description":"Flexible Spiral Hose \/ SP\/SPZ for cable and wire routing. Excellent protection for wire bundles, cables, pipes, hoses, etc. Read More!","robots":{"index":"index","follow":"follow","max-snippet":"max-snippet:-1","max-image-preview":"max-image-preview:large","max-video-preview":"max-video-preview:-1"},"canonical":"https:\/\/c-profil.se\/english\/product\/cable-spiral-sp-spz\/","og_locale":"en_US","og_type":"article","og_title":"Spiralslang | SP\/SPZ - C-Pro","og_description":"Flexibel Spiralslang | SP\/SPZ f\u00f6r kabel- och ledningsf\u00f6rl\u00e4ggning \u00e4r en r\u00f6rformad b\u00f6jbar spiralslang. Utm\u00e4rkt skydd f\u00f6r ledningsbuntar, kablar, r\u00f6r, slangar etc. Kan med f\u00f6rdel monteras efter\u00e5t runt kablage. Medger smidig f\u00f6rbindelse mellan sk\u00e5p och d\u00f6rrmonterade enheter. Finns \u00e4ven i halogenfritt utf\u00f6rande. Minskar kabel- och ledningsbrott och d\u00e4rmed underh\u00e5lls och stillest\u00e5ndskostnader.    Sn\u00e4pp-in-f\u00e4ste som tr\u00e4s p\u00e5 f\u00f6re montaget h\u00e5ller spiralslangen stadigt p\u00e5 plats.","og_url":"https:\/\/c-profil.se\/english\/product\/cable-spiral-sp-spz\/","og_site_name":"C-Pro","article_publisher":"https:\/\/www.facebook.com\/people\/C-Pro\/61561767306874\/","article_modified_time":"2026-05-06T12:27:13+00:00","og_image":[{"width":1000,"height":1000,"url":"https:\/\/c-profil.se\/wp-content\/uploads\/2024\/11\/Spiralslang.jpg","type":"image\/jpeg"}],"twitter_card":"summary_large_image","twitter_misc":{"Price":"","Availability":"In stock"},"schema":{"@context":"https:\/\/schema.org","@graph":[{"@type":"WebPage","@id":"https:\/\/c-profil.se\/produkt\/spiralslang-sp-spz\/","url":"https:\/\/c-profil.se\/produkt\/spiralslang-sp-spz\/","name":"Spiral conduit \/ SP|SPZ - C-Pro","isPartOf":{"@id":"https:\/\/c-profil.se\/#website"},"primaryImageOfPage":{"@id":"https:\/\/c-profil.se\/produkt\/spiralslang-sp-spz\/#primaryimage"},"image":{"@id":"https:\/\/c-profil.se\/produkt\/spiralslang-sp-spz\/#primaryimage"},"thumbnailUrl":"https:\/\/c-profil.se\/wp-content\/uploads\/2024\/11\/Spiralslang.jpg","datePublished":"2017-01-20T10:29:00+00:00","dateModified":"2026-05-06T12:27:13+00:00","description":"Flexible Spiral Hose \/ SP\/SPZ for cable and wire routing. Excellent protection for wire bundles, cables, pipes, hoses, etc. Read More!","breadcrumb":{"@id":"https:\/\/c-profil.se\/produkt\/spiralslang-sp-spz\/#breadcrumb"},"inLanguage":"en","potentialAction":[{"@type":"ReadAction","target":["https:\/\/c-profil.se\/produkt\/spiralslang-sp-spz\/"]}]},{"@type":"ImageObject","inLanguage":"en","@id":"https:\/\/c-profil.se\/produkt\/spiralslang-sp-spz\/#primaryimage","url":"https:\/\/c-profil.se\/wp-content\/uploads\/2024\/11\/Spiralslang.jpg","contentUrl":"https:\/\/c-profil.se\/wp-content\/uploads\/2024\/11\/Spiralslang.jpg","width":1000,"height":1000,"caption":"Spiralslang"},{"@type":"BreadcrumbList","@id":"https:\/\/c-profil.se\/produkt\/spiralslang-sp-spz\/#breadcrumb","itemListElement":[{"@type":"ListItem","position":1,"name":"Hem","item":"https:\/\/c-profil.se\/"},{"@type":"ListItem","position":2,"name":"Produkter","item":"https:\/\/c-profil.se\/produkter\/"},{"@type":"ListItem","position":3,"name":"Spiralslang","item":"https:\/\/c-profil.se\/produkt-kategori\/spiralslang\/"},{"@type":"ListItem","position":4,"name":"Spiralslang | SP\/SPZ"}]},{"@type":"WebSite","@id":"https:\/\/c-profil.se\/#website","url":"https:\/\/c-profil.se\/","name":"C-Pro","description":"Products for Electricity and Automation","publisher":{"@id":"https:\/\/c-profil.se\/#organization"},"potentialAction":[{"@type":"SearchAction","target":{"@type":"EntryPoint","urlTemplate":"https:\/\/c-profil.se\/?s={search_term_string}"},"query-input":{"@type":"PropertyValueSpecification","valueRequired":true,"valueName":"search_term_string"}}],"inLanguage":"en"},{"@type":"Organization","@id":"https:\/\/c-profil.se\/#organization","name":"C-Pro","alternateName":"C-PRO","url":"https:\/\/c-profil.se\/","logo":{"@type":"ImageObject","inLanguage":"en","@id":"https:\/\/c-profil.se\/#\/schema\/logo\/image\/","url":"https:\/\/c-profil.se\/wp-content\/uploads\/2022\/03\/c-pro-logga-liggande-500x500-1.png","contentUrl":"https:\/\/c-profil.se\/wp-content\/uploads\/2022\/03\/c-pro-logga-liggande-500x500-1.png","width":500,"height":500,"caption":"C-Pro"},"image":{"@id":"https:\/\/c-profil.se\/#\/schema\/logo\/image\/"},"sameAs":["https:\/\/www.facebook.com\/people\/C-Pro\/61561767306874\/","https:\/\/www.linkedin.com\/company\/c-pro-ab","https:\/\/www.instagram.com\/cpro.ab\/"],"description":"C-PRO AB is a comprehensive supplier of materials for applications in electricity and automation. Ever since the start in 1987, we have supplied the Swedish manufacturing industry with electrical materials. Despite our size and leading position, we have never abandoned our basic philosophy, to be a personal supplier. We at C-PRO are easy to get in touch with, honest and passionate about solving our customers&#039; problems.","email":"info@c-profil.se","telephone":"031575785","legalName":"C-Profil F\u00f6rl\u00e4ggningsmaterial AB","foundingDate":"1987-01-01"}]},"product_brand":"dragning av kablage","product_price_currency":"SEK","og_availability":"instock","product_availability":"instock","product_retailer_item_id":"SP\/SPZ","product_condition":"new"},"_links":{"self":[{"href":"https:\/\/c-profil.se\/english\/wp-json\/wp\/v2\/product\/24380","targetHints":{"allow":["GET"]}}],"collection":[{"href":"https:\/\/c-profil.se\/english\/wp-json\/wp\/v2\/product"}],"about":[{"href":"https:\/\/c-profil.se\/english\/wp-json\/wp\/v2\/types\/product"}],"version-history":[{"count":11,"href":"https:\/\/c-profil.se\/english\/wp-json\/wp\/v2\/product\/24380\/revisions"}],"predecessor-version":[{"id":75405,"href":"https:\/\/c-profil.se\/english\/wp-json\/wp\/v2\/product\/24380\/revisions\/75405"}],"wp:featuredmedia":[{"embeddable":true,"href":"https:\/\/c-profil.se\/english\/wp-json\/wp\/v2\/media\/51588"}],"wp:attachment":[{"href":"https:\/\/c-profil.se\/english\/wp-json\/wp\/v2\/media?parent=24380"}],"wp:term":[{"taxonomy":"product_brand","embeddable":true,"href":"https:\/\/c-profil.se\/english\/wp-json\/wp\/v2\/product_brand?post=24380"},{"taxonomy":"product_cat","embeddable":true,"href":"https:\/\/c-profil.se\/english\/wp-json\/wp\/v2\/product_cat?post=24380"},{"taxonomy":"product_tag","embeddable":true,"href":"https:\/\/c-profil.se\/english\/wp-json\/wp\/v2\/product_tag?post=24380"}],"curies":[{"name":"wp","href":"https:\/\/api.w.org\/{rel}","templated":true}]}}