{"id":24378,"date":"2017-01-20T10:55:00","date_gmt":"2017-01-20T09:55:00","guid":{"rendered":"https:\/\/c-profil.se\/produkt\/vaggplugg-ale\/"},"modified":"2026-03-18T14:53:49","modified_gmt":"2026-03-18T13:53:49","slug":"wall-plug-ale","status":"publish","type":"product","link":"https:\/\/c-profil.se\/english\/produkt\/vaggplugg-ale\/","title":{"rendered":"Wall plug | ALE"},"content":{"rendered":"","protected":false},"excerpt":{"rendered":"<p>Wall Plug \/ ALE is a plastic winged wall plug for installation in 8mm holes. The wall plug consists of a body with a press-fit support that is anchored in blind holes and a slotted rectangular head that allows the application of cable ties (maximum width 9 mm).<\/p>","protected":false},"featured_media":51527,"template":"","meta":{"_acf_changed":false},"product_brand":[747],"product_cat":[224],"product_tag":[975,968],"class_list":{"0":"post-24378","1":"product","2":"type-product","3":"status-publish","4":"has-post-thumbnail","6":"product_brand-sapiselco","7":"product_cat-buntband","8":"product_tag-fastsattning","9":"product_tag-montage","11":"first","12":"instock","13":"shipping-taxable","14":"product-type-simple"},"acf":[],"yoast_head":"<!-- This site is optimized with the Yoast SEO Premium plugin v27.5 (Yoast SEO v27.5) - https:\/\/yoast.com\/product\/yoast-seo-premium-wordpress\/ -->\n<title>V\u00e4ggplugg \/ ALE - C-Pro<\/title>\n<meta name=\"description\" content=\"V\u00e4ggplugg \/ ALE \u00e4r en vingad v\u00e4ggplugg i plast f\u00f6r montering i 8mm h\u00e5l. V\u00e4ggpluggen best\u00e5r av en kropp ett slitsat rektangul\u00e4rt huvud. L\u00e4s Mer\" \/>\n<meta name=\"robots\" content=\"index, follow, max-snippet:-1, max-image-preview:large, max-video-preview:-1\" \/>\n<link rel=\"canonical\" href=\"https:\/\/c-profil.se\/english\/product\/wall-plug-ale\/\" \/>\n<meta property=\"og:locale\" content=\"en_US\" \/>\n<meta property=\"og:type\" content=\"article\" \/>\n<meta property=\"og:title\" content=\"V\u00e4ggplugg | ALE - C-Pro\" \/>\n<meta property=\"og:description\" content=\"V\u00e4ggplugg \/ ALE \u00e4r en vingad v\u00e4ggplugg i plast f\u00f6r montering i 8mm h\u00e5l. V\u00e4ggpluggen best\u00e5r av en kropp med ett presspassningsst\u00f6d som f\u00f6rankras i blinda h\u00e5l och ett slitsat rektangul\u00e4rt huvud som till\u00e5ter applicering av buntband (maximal bredd 9 mm).\" \/>\n<meta property=\"og:url\" content=\"https:\/\/c-profil.se\/english\/product\/wall-plug-ale\/\" \/>\n<meta property=\"og:site_name\" content=\"C-Pro\" \/>\n<meta property=\"article:publisher\" content=\"https:\/\/www.facebook.com\/people\/C-Pro\/61561767306874\/\" \/>\n<meta property=\"article:modified_time\" content=\"2026-03-18T13:53:49+00:00\" \/>\n<meta property=\"og:image\" content=\"https:\/\/c-profil.se\/wp-content\/uploads\/2017\/01\/Vaggplugg-ALE.jpg\" \/>\n\t<meta property=\"og:image:width\" content=\"1000\" \/>\n\t<meta property=\"og:image:height\" content=\"1000\" \/>\n\t<meta property=\"og:image:type\" content=\"image\/jpeg\" \/>\n<meta name=\"twitter:card\" content=\"summary_large_image\" \/>\n<meta name=\"twitter:label1\" content=\"Price\" \/>\n\t<meta name=\"twitter:data1\" content=\"\" \/>\n\t<meta name=\"twitter:label2\" content=\"Availability\" \/>\n\t<meta name=\"twitter:data2\" content=\"In stock\" \/>\n<script type=\"application\/ld+json\" class=\"yoast-schema-graph\">{\"@context\":\"https:\\\/\\\/schema.org\",\"@graph\":[{\"@type\":\"WebPage\",\"@id\":\"https:\\\/\\\/c-profil.se\\\/produkt\\\/vaggplugg-ale\\\/\",\"url\":\"https:\\\/\\\/c-profil.se\\\/produkt\\\/vaggplugg-ale\\\/\",\"name\":\"V\u00e4ggplugg \\\/ ALE - C-Pro\",\"isPartOf\":{\"@id\":\"https:\\\/\\\/c-profil.se\\\/#website\"},\"primaryImageOfPage\":{\"@id\":\"https:\\\/\\\/c-profil.se\\\/produkt\\\/vaggplugg-ale\\\/#primaryimage\"},\"image\":{\"@id\":\"https:\\\/\\\/c-profil.se\\\/produkt\\\/vaggplugg-ale\\\/#primaryimage\"},\"thumbnailUrl\":\"https:\\\/\\\/c-profil.se\\\/wp-content\\\/uploads\\\/2017\\\/01\\\/Vaggplugg-ALE.jpg\",\"datePublished\":\"2017-01-20T09:55:00+00:00\",\"dateModified\":\"2026-03-18T13:53:49+00:00\",\"description\":\"V\u00e4ggplugg \\\/ ALE \u00e4r en vingad v\u00e4ggplugg i plast f\u00f6r montering i 8mm h\u00e5l. V\u00e4ggpluggen best\u00e5r av en kropp ett slitsat rektangul\u00e4rt huvud. L\u00e4s Mer\",\"breadcrumb\":{\"@id\":\"https:\\\/\\\/c-profil.se\\\/produkt\\\/vaggplugg-ale\\\/#breadcrumb\"},\"inLanguage\":\"en\",\"potentialAction\":[{\"@type\":\"ReadAction\",\"target\":[\"https:\\\/\\\/c-profil.se\\\/produkt\\\/vaggplugg-ale\\\/\"]}]},{\"@type\":\"ImageObject\",\"inLanguage\":\"en\",\"@id\":\"https:\\\/\\\/c-profil.se\\\/produkt\\\/vaggplugg-ale\\\/#primaryimage\",\"url\":\"https:\\\/\\\/c-profil.se\\\/wp-content\\\/uploads\\\/2017\\\/01\\\/Vaggplugg-ALE.jpg\",\"contentUrl\":\"https:\\\/\\\/c-profil.se\\\/wp-content\\\/uploads\\\/2017\\\/01\\\/Vaggplugg-ALE.jpg\",\"width\":1000,\"height\":1000,\"caption\":\"V\u00e4ggplugg ALE\"},{\"@type\":\"BreadcrumbList\",\"@id\":\"https:\\\/\\\/c-profil.se\\\/produkt\\\/vaggplugg-ale\\\/#breadcrumb\",\"itemListElement\":[{\"@type\":\"ListItem\",\"position\":1,\"name\":\"Hem\",\"item\":\"https:\\\/\\\/c-profil.se\\\/\"},{\"@type\":\"ListItem\",\"position\":2,\"name\":\"Produkter\",\"item\":\"https:\\\/\\\/c-profil.se\\\/produkter\\\/\"},{\"@type\":\"ListItem\",\"position\":3,\"name\":\"Buntband\",\"item\":\"https:\\\/\\\/c-profil.se\\\/produkt-kategori\\\/buntband\\\/\"},{\"@type\":\"ListItem\",\"position\":4,\"name\":\"V\u00e4ggplugg | ALE\"}]},{\"@type\":\"WebSite\",\"@id\":\"https:\\\/\\\/c-profil.se\\\/#website\",\"url\":\"https:\\\/\\\/c-profil.se\\\/\",\"name\":\"C-Pro\",\"description\":\"Produkter f\u00f6r El och Automation\",\"publisher\":{\"@id\":\"https:\\\/\\\/c-profil.se\\\/#organization\"},\"potentialAction\":[{\"@type\":\"SearchAction\",\"target\":{\"@type\":\"EntryPoint\",\"urlTemplate\":\"https:\\\/\\\/c-profil.se\\\/?s={search_term_string}\"},\"query-input\":{\"@type\":\"PropertyValueSpecification\",\"valueRequired\":true,\"valueName\":\"search_term_string\"}}],\"inLanguage\":\"en\"},{\"@type\":\"Organization\",\"@id\":\"https:\\\/\\\/c-profil.se\\\/#organization\",\"name\":\"C-Pro\",\"alternateName\":\"C-PRO\",\"url\":\"https:\\\/\\\/c-profil.se\\\/\",\"logo\":{\"@type\":\"ImageObject\",\"inLanguage\":\"en\",\"@id\":\"https:\\\/\\\/c-profil.se\\\/#\\\/schema\\\/logo\\\/image\\\/\",\"url\":\"https:\\\/\\\/c-profil.se\\\/wp-content\\\/uploads\\\/2022\\\/03\\\/c-pro-logga-liggande-500x500-1.png\",\"contentUrl\":\"https:\\\/\\\/c-profil.se\\\/wp-content\\\/uploads\\\/2022\\\/03\\\/c-pro-logga-liggande-500x500-1.png\",\"width\":500,\"height\":500,\"caption\":\"C-Pro\"},\"image\":{\"@id\":\"https:\\\/\\\/c-profil.se\\\/#\\\/schema\\\/logo\\\/image\\\/\"},\"sameAs\":[\"https:\\\/\\\/www.facebook.com\\\/people\\\/C-Pro\\\/61561767306874\\\/\",\"https:\\\/\\\/www.linkedin.com\\\/company\\\/c-pro-ab\",\"https:\\\/\\\/www.instagram.com\\\/cpro.ab\\\/\"],\"description\":\"C-PRO AB \u00e4r en helt\u00e4ckande leverant\u00f6r av material f\u00f6r applikationer inom el och automation. \u00c4nda sedan starten 1987 har vi f\u00f6rsett den svenska tillverkande industrin med elmaterial. Trots v\u00e5r storlek och ledande position har vi aldrig \u00f6vergett v\u00e5r grundfilosofi, att vara en personlig leverant\u00f6r. Vi p\u00e5 C-PRO \u00e4r l\u00e4tta att komma i kontakt med, \u00e4rliga och brinner f\u00f6r att l\u00f6sa v\u00e5ra kunders problem.\",\"email\":\"info@c-profil.se\",\"telephone\":\"031575785\",\"legalName\":\"C-Profil F\u00f6rl\u00e4ggningsmaterial AB\",\"foundingDate\":\"1987-01-01\"}]}<\/script>\n<meta property=\"product:brand\" content=\"fasts\u00e4ttning\" \/>\n<meta property=\"product:price:currency\" content=\"SEK\" \/>\n<meta property=\"og:availability\" content=\"instock\" \/>\n<meta property=\"product:availability\" content=\"instock\" \/>\n<meta property=\"product:retailer_item_id\" content=\"ALE\" \/>\n<meta property=\"product:condition\" content=\"new\" \/>\n<!-- \/ Yoast SEO Premium plugin. -->","yoast_head_json":{"title":"Wall Plug \/ ALE - C-Pro","description":"Wall Plug \/ ALE is a plastic winged wall plug for installation in 8mm holes. The wall plug consists of a body and a slotted rectangular head. Read More!","robots":{"index":"index","follow":"follow","max-snippet":"max-snippet:-1","max-image-preview":"max-image-preview:large","max-video-preview":"max-video-preview:-1"},"canonical":"https:\/\/c-profil.se\/english\/product\/wall-plug-ale\/","og_locale":"en_US","og_type":"article","og_title":"V\u00e4ggplugg | ALE - C-Pro","og_description":"V\u00e4ggplugg \/ ALE \u00e4r en vingad v\u00e4ggplugg i plast f\u00f6r montering i 8mm h\u00e5l. V\u00e4ggpluggen best\u00e5r av en kropp med ett presspassningsst\u00f6d som f\u00f6rankras i blinda h\u00e5l och ett slitsat rektangul\u00e4rt huvud som till\u00e5ter applicering av buntband (maximal bredd 9 mm).","og_url":"https:\/\/c-profil.se\/english\/product\/wall-plug-ale\/","og_site_name":"C-Pro","article_publisher":"https:\/\/www.facebook.com\/people\/C-Pro\/61561767306874\/","article_modified_time":"2026-03-18T13:53:49+00:00","og_image":[{"width":1000,"height":1000,"url":"https:\/\/c-profil.se\/wp-content\/uploads\/2017\/01\/Vaggplugg-ALE.jpg","type":"image\/jpeg"}],"twitter_card":"summary_large_image","twitter_misc":{"Price":"","Availability":"In stock"},"schema":{"@context":"https:\/\/schema.org","@graph":[{"@type":"WebPage","@id":"https:\/\/c-profil.se\/produkt\/vaggplugg-ale\/","url":"https:\/\/c-profil.se\/produkt\/vaggplugg-ale\/","name":"Wall Plug \/ ALE - C-Pro","isPartOf":{"@id":"https:\/\/c-profil.se\/#website"},"primaryImageOfPage":{"@id":"https:\/\/c-profil.se\/produkt\/vaggplugg-ale\/#primaryimage"},"image":{"@id":"https:\/\/c-profil.se\/produkt\/vaggplugg-ale\/#primaryimage"},"thumbnailUrl":"https:\/\/c-profil.se\/wp-content\/uploads\/2017\/01\/Vaggplugg-ALE.jpg","datePublished":"2017-01-20T09:55:00+00:00","dateModified":"2026-03-18T13:53:49+00:00","description":"Wall Plug \/ ALE is a plastic winged wall plug for installation in 8mm holes. The wall plug consists of a body and a slotted rectangular head. Read More!","breadcrumb":{"@id":"https:\/\/c-profil.se\/produkt\/vaggplugg-ale\/#breadcrumb"},"inLanguage":"en","potentialAction":[{"@type":"ReadAction","target":["https:\/\/c-profil.se\/produkt\/vaggplugg-ale\/"]}]},{"@type":"ImageObject","inLanguage":"en","@id":"https:\/\/c-profil.se\/produkt\/vaggplugg-ale\/#primaryimage","url":"https:\/\/c-profil.se\/wp-content\/uploads\/2017\/01\/Vaggplugg-ALE.jpg","contentUrl":"https:\/\/c-profil.se\/wp-content\/uploads\/2017\/01\/Vaggplugg-ALE.jpg","width":1000,"height":1000,"caption":"V\u00e4ggplugg ALE"},{"@type":"BreadcrumbList","@id":"https:\/\/c-profil.se\/produkt\/vaggplugg-ale\/#breadcrumb","itemListElement":[{"@type":"ListItem","position":1,"name":"Hem","item":"https:\/\/c-profil.se\/"},{"@type":"ListItem","position":2,"name":"Produkter","item":"https:\/\/c-profil.se\/produkter\/"},{"@type":"ListItem","position":3,"name":"Buntband","item":"https:\/\/c-profil.se\/produkt-kategori\/buntband\/"},{"@type":"ListItem","position":4,"name":"V\u00e4ggplugg | ALE"}]},{"@type":"WebSite","@id":"https:\/\/c-profil.se\/#website","url":"https:\/\/c-profil.se\/","name":"C-Pro","description":"Products for Electricity and Automation","publisher":{"@id":"https:\/\/c-profil.se\/#organization"},"potentialAction":[{"@type":"SearchAction","target":{"@type":"EntryPoint","urlTemplate":"https:\/\/c-profil.se\/?s={search_term_string}"},"query-input":{"@type":"PropertyValueSpecification","valueRequired":true,"valueName":"search_term_string"}}],"inLanguage":"en"},{"@type":"Organization","@id":"https:\/\/c-profil.se\/#organization","name":"C-Pro","alternateName":"C-PRO","url":"https:\/\/c-profil.se\/","logo":{"@type":"ImageObject","inLanguage":"en","@id":"https:\/\/c-profil.se\/#\/schema\/logo\/image\/","url":"https:\/\/c-profil.se\/wp-content\/uploads\/2022\/03\/c-pro-logga-liggande-500x500-1.png","contentUrl":"https:\/\/c-profil.se\/wp-content\/uploads\/2022\/03\/c-pro-logga-liggande-500x500-1.png","width":500,"height":500,"caption":"C-Pro"},"image":{"@id":"https:\/\/c-profil.se\/#\/schema\/logo\/image\/"},"sameAs":["https:\/\/www.facebook.com\/people\/C-Pro\/61561767306874\/","https:\/\/www.linkedin.com\/company\/c-pro-ab","https:\/\/www.instagram.com\/cpro.ab\/"],"description":"C-PRO AB is a comprehensive supplier of materials for applications in electricity and automation. Ever since the start in 1987, we have supplied the Swedish manufacturing industry with electrical materials. Despite our size and leading position, we have never abandoned our basic philosophy, to be a personal supplier. We at C-PRO are easy to get in touch with, honest and passionate about solving our customers&#039; problems.","email":"info@c-profil.se","telephone":"031575785","legalName":"C-Profil F\u00f6rl\u00e4ggningsmaterial AB","foundingDate":"1987-01-01"}]},"product_brand":"fasts\u00e4ttning","product_price_currency":"SEK","og_availability":"instock","product_availability":"instock","product_retailer_item_id":"ALE","product_condition":"new"},"_links":{"self":[{"href":"https:\/\/c-profil.se\/english\/wp-json\/wp\/v2\/product\/24378","targetHints":{"allow":["GET"]}}],"collection":[{"href":"https:\/\/c-profil.se\/english\/wp-json\/wp\/v2\/product"}],"about":[{"href":"https:\/\/c-profil.se\/english\/wp-json\/wp\/v2\/types\/product"}],"version-history":[{"count":6,"href":"https:\/\/c-profil.se\/english\/wp-json\/wp\/v2\/product\/24378\/revisions"}],"predecessor-version":[{"id":74403,"href":"https:\/\/c-profil.se\/english\/wp-json\/wp\/v2\/product\/24378\/revisions\/74403"}],"wp:featuredmedia":[{"embeddable":true,"href":"https:\/\/c-profil.se\/english\/wp-json\/wp\/v2\/media\/51527"}],"wp:attachment":[{"href":"https:\/\/c-profil.se\/english\/wp-json\/wp\/v2\/media?parent=24378"}],"wp:term":[{"taxonomy":"product_brand","embeddable":true,"href":"https:\/\/c-profil.se\/english\/wp-json\/wp\/v2\/product_brand?post=24378"},{"taxonomy":"product_cat","embeddable":true,"href":"https:\/\/c-profil.se\/english\/wp-json\/wp\/v2\/product_cat?post=24378"},{"taxonomy":"product_tag","embeddable":true,"href":"https:\/\/c-profil.se\/english\/wp-json\/wp\/v2\/product_tag?post=24378"}],"curies":[{"name":"wp","href":"https:\/\/api.w.org\/{rel}","templated":true}]}}