{"id":24372,"date":"2017-01-20T10:32:00","date_gmt":"2017-01-20T09:32:00","guid":{"rendered":"https:\/\/c-profil.se\/produkt\/buntband-sel\/"},"modified":"2026-03-18T08:39:42","modified_gmt":"2026-03-18T07:39:42","slug":"cable-tie-sel","status":"publish","type":"product","link":"https:\/\/c-profil.se\/english\/produkt\/buntband-sel\/","title":{"rendered":"Cable ties | SEL"},"content":{"rendered":"","protected":false},"excerpt":{"rendered":"<p>Cable ties \/ SEL are made from self-extinguishing Nylon 66 (UL94:V2). They consist of a body with an internal rack with smooth rounded edges and a square head with a polyamide tension tooth. The product comes in a wide range of sizes to meet all application needs, with tensile strengths in the range: <strong>80N \/ 8kg \u2013 980N \/ 98kg<\/strong><\/p>\n<ul>\n<li>Selfit standard cable ties can be applied by hand or with a cable tie tightening tool.<\/li>\n<\/ul>\n<div id=\"gtx-trans\" style=\"position: absolute;left: -85px;top: -10px\">\n<h3 class=\"gtx-trans-icon\"><\/h3>\n<\/div>\n<div id=\"gtx-trans\" style=\"position: absolute;left: -85px;top: -10px\">\n<h3 class=\"gtx-trans-icon\"><\/h3>\n<\/div>","protected":false},"featured_media":51517,"template":"","meta":{"_acf_changed":false},"product_brand":[747],"product_cat":[224],"product_tag":[970,975,946],"class_list":{"0":"post-24372","1":"product","2":"type-product","3":"status-publish","4":"has-post-thumbnail","6":"product_brand-sapiselco","7":"product_cat-buntband","8":"product_tag-dragning-av-kablage","9":"product_tag-fastsattning","10":"product_tag-kabelhantering-i-apparatskap","12":"first","13":"instock","14":"shipping-taxable","15":"product-type-simple"},"acf":[],"yoast_head":"<!-- This site is optimized with the Yoast SEO Premium plugin v27.4 (Yoast SEO v27.4) - https:\/\/yoast.com\/product\/yoast-seo-premium-wordpress\/ -->\n<title>Buntband \/ SEL - C-Pro<\/title>\n<meta name=\"description\" content=\"Buntband \/ SEL \u00e4r tillverkade av sj\u00e4lvslocknande polyamid 6.6 (UL94:V2). De best\u00e5r av en kropp och ett fyrkantigt huvud med sp\u00e4nntand av polyamid. L\u00e4s Mer!\" \/>\n<meta name=\"robots\" content=\"index, follow, max-snippet:-1, max-image-preview:large, max-video-preview:-1\" \/>\n<link rel=\"canonical\" href=\"https:\/\/c-profil.se\/english\/product\/cable-tie-sel\/\" \/>\n<meta property=\"og:locale\" content=\"en_US\" \/>\n<meta property=\"og:type\" content=\"article\" \/>\n<meta property=\"og:title\" content=\"Buntband | SEL - C-Pro\" \/>\n<meta property=\"og:description\" content=\"Buntband \/ SEL \u00e4r tillverkade av sj\u00e4lvslocknande Nylon 66 (UL94:V2). De best\u00e5r av en kropp med en inv\u00e4ndig kuggst\u00e5ng med sl\u00e4ta rundade kanter och ett fyrkantigt huvud med sp\u00e4nntand av polyamid. Produkten kommer i ett brett utbud av storlekar f\u00f6r att m\u00f6ta alla applikationsbehov, med dragh\u00e5llfastheter i sortimentet: 80N \/ 8kg \u2013 980N \/ 98kg   Selfit standard buntband kan appliceras f\u00f6r hand eller med ett buntbandssp\u00e4nnverktyg.\" \/>\n<meta property=\"og:url\" content=\"https:\/\/c-profil.se\/english\/product\/cable-tie-sel\/\" \/>\n<meta property=\"og:site_name\" content=\"C-Pro\" \/>\n<meta property=\"article:publisher\" content=\"https:\/\/www.facebook.com\/people\/C-Pro\/61561767306874\/\" \/>\n<meta property=\"article:modified_time\" content=\"2026-03-18T07:39:42+00:00\" \/>\n<meta property=\"og:image\" content=\"https:\/\/c-profil.se\/wp-content\/uploads\/2017\/01\/Buntband-SEL.jpg\" \/>\n\t<meta property=\"og:image:width\" content=\"1000\" \/>\n\t<meta property=\"og:image:height\" content=\"1000\" \/>\n\t<meta property=\"og:image:type\" content=\"image\/jpeg\" \/>\n<meta name=\"twitter:card\" content=\"summary_large_image\" \/>\n<meta name=\"twitter:label1\" content=\"Price\" \/>\n\t<meta name=\"twitter:data1\" content=\"\" \/>\n\t<meta name=\"twitter:label2\" content=\"Availability\" \/>\n\t<meta name=\"twitter:data2\" content=\"In stock\" \/>\n<script type=\"application\/ld+json\" class=\"yoast-schema-graph\">{\"@context\":\"https:\\\/\\\/schema.org\",\"@graph\":[{\"@type\":\"WebPage\",\"@id\":\"https:\\\/\\\/c-profil.se\\\/produkt\\\/buntband-sel\\\/\",\"url\":\"https:\\\/\\\/c-profil.se\\\/produkt\\\/buntband-sel\\\/\",\"name\":\"Buntband \\\/ SEL - C-Pro\",\"isPartOf\":{\"@id\":\"https:\\\/\\\/c-profil.se\\\/#website\"},\"primaryImageOfPage\":{\"@id\":\"https:\\\/\\\/c-profil.se\\\/produkt\\\/buntband-sel\\\/#primaryimage\"},\"image\":{\"@id\":\"https:\\\/\\\/c-profil.se\\\/produkt\\\/buntband-sel\\\/#primaryimage\"},\"thumbnailUrl\":\"https:\\\/\\\/c-profil.se\\\/wp-content\\\/uploads\\\/2017\\\/01\\\/Buntband-SEL.jpg\",\"datePublished\":\"2017-01-20T09:32:00+00:00\",\"dateModified\":\"2026-03-18T07:39:42+00:00\",\"description\":\"Buntband \\\/ SEL \u00e4r tillverkade av sj\u00e4lvslocknande polyamid 6.6 (UL94:V2). De best\u00e5r av en kropp och ett fyrkantigt huvud med sp\u00e4nntand av polyamid. L\u00e4s Mer!\",\"breadcrumb\":{\"@id\":\"https:\\\/\\\/c-profil.se\\\/produkt\\\/buntband-sel\\\/#breadcrumb\"},\"inLanguage\":\"en\",\"potentialAction\":[{\"@type\":\"ReadAction\",\"target\":[\"https:\\\/\\\/c-profil.se\\\/produkt\\\/buntband-sel\\\/\"]}]},{\"@type\":\"ImageObject\",\"inLanguage\":\"en\",\"@id\":\"https:\\\/\\\/c-profil.se\\\/produkt\\\/buntband-sel\\\/#primaryimage\",\"url\":\"https:\\\/\\\/c-profil.se\\\/wp-content\\\/uploads\\\/2017\\\/01\\\/Buntband-SEL.jpg\",\"contentUrl\":\"https:\\\/\\\/c-profil.se\\\/wp-content\\\/uploads\\\/2017\\\/01\\\/Buntband-SEL.jpg\",\"width\":1000,\"height\":1000,\"caption\":\"Buntband SEL\"},{\"@type\":\"BreadcrumbList\",\"@id\":\"https:\\\/\\\/c-profil.se\\\/produkt\\\/buntband-sel\\\/#breadcrumb\",\"itemListElement\":[{\"@type\":\"ListItem\",\"position\":1,\"name\":\"Hem\",\"item\":\"https:\\\/\\\/c-profil.se\\\/\"},{\"@type\":\"ListItem\",\"position\":2,\"name\":\"Produkter\",\"item\":\"https:\\\/\\\/c-profil.se\\\/produkter\\\/\"},{\"@type\":\"ListItem\",\"position\":3,\"name\":\"Buntband\",\"item\":\"https:\\\/\\\/c-profil.se\\\/produkt-kategori\\\/buntband\\\/\"},{\"@type\":\"ListItem\",\"position\":4,\"name\":\"Buntband | SEL\"}]},{\"@type\":\"WebSite\",\"@id\":\"https:\\\/\\\/c-profil.se\\\/#website\",\"url\":\"https:\\\/\\\/c-profil.se\\\/\",\"name\":\"C-Pro\",\"description\":\"Produkter f\u00f6r El och Automation\",\"publisher\":{\"@id\":\"https:\\\/\\\/c-profil.se\\\/#organization\"},\"potentialAction\":[{\"@type\":\"SearchAction\",\"target\":{\"@type\":\"EntryPoint\",\"urlTemplate\":\"https:\\\/\\\/c-profil.se\\\/?s={search_term_string}\"},\"query-input\":{\"@type\":\"PropertyValueSpecification\",\"valueRequired\":true,\"valueName\":\"search_term_string\"}}],\"inLanguage\":\"en\"},{\"@type\":\"Organization\",\"@id\":\"https:\\\/\\\/c-profil.se\\\/#organization\",\"name\":\"C-Pro\",\"alternateName\":\"C-PRO\",\"url\":\"https:\\\/\\\/c-profil.se\\\/\",\"logo\":{\"@type\":\"ImageObject\",\"inLanguage\":\"en\",\"@id\":\"https:\\\/\\\/c-profil.se\\\/#\\\/schema\\\/logo\\\/image\\\/\",\"url\":\"https:\\\/\\\/c-profil.se\\\/wp-content\\\/uploads\\\/2022\\\/03\\\/c-pro-logga-liggande-500x500-1.png\",\"contentUrl\":\"https:\\\/\\\/c-profil.se\\\/wp-content\\\/uploads\\\/2022\\\/03\\\/c-pro-logga-liggande-500x500-1.png\",\"width\":500,\"height\":500,\"caption\":\"C-Pro\"},\"image\":{\"@id\":\"https:\\\/\\\/c-profil.se\\\/#\\\/schema\\\/logo\\\/image\\\/\"},\"sameAs\":[\"https:\\\/\\\/www.facebook.com\\\/people\\\/C-Pro\\\/61561767306874\\\/\",\"https:\\\/\\\/www.linkedin.com\\\/company\\\/c-pro-ab\",\"https:\\\/\\\/www.instagram.com\\\/cpro.ab\\\/\"],\"description\":\"C-PRO AB \u00e4r en helt\u00e4ckande leverant\u00f6r av material f\u00f6r applikationer inom el och automation. \u00c4nda sedan starten 1987 har vi f\u00f6rsett den svenska tillverkande industrin med elmaterial. Trots v\u00e5r storlek och ledande position har vi aldrig \u00f6vergett v\u00e5r grundfilosofi, att vara en personlig leverant\u00f6r. Vi p\u00e5 C-PRO \u00e4r l\u00e4tta att komma i kontakt med, \u00e4rliga och brinner f\u00f6r att l\u00f6sa v\u00e5ra kunders problem.\",\"email\":\"info@c-profil.se\",\"telephone\":\"031575785\",\"legalName\":\"C-Profil F\u00f6rl\u00e4ggningsmaterial AB\",\"foundingDate\":\"1987-01-01\"}]}<\/script>\n<meta property=\"product:brand\" content=\"dragning av kablage\" \/>\n<meta property=\"product:price:currency\" content=\"SEK\" \/>\n<meta property=\"og:availability\" content=\"instock\" \/>\n<meta property=\"product:availability\" content=\"instock\" \/>\n<meta property=\"product:retailer_item_id\" content=\"SEL\" \/>\n<meta property=\"product:condition\" content=\"new\" \/>\n<!-- \/ Yoast SEO Premium plugin. -->","yoast_head_json":{"title":"Cable Ties \/ SEL - C-Pro","description":"Cable ties \/ SEL are made of self-extinguishing polyamide 6.6 (UL94:V2). They consist of a body and a square head with clamping teeth made of polyamide. Read More!","robots":{"index":"index","follow":"follow","max-snippet":"max-snippet:-1","max-image-preview":"max-image-preview:large","max-video-preview":"max-video-preview:-1"},"canonical":"https:\/\/c-profil.se\/english\/product\/cable-tie-sel\/","og_locale":"en_US","og_type":"article","og_title":"Buntband | SEL - C-Pro","og_description":"Buntband \/ SEL \u00e4r tillverkade av sj\u00e4lvslocknande Nylon 66 (UL94:V2). De best\u00e5r av en kropp med en inv\u00e4ndig kuggst\u00e5ng med sl\u00e4ta rundade kanter och ett fyrkantigt huvud med sp\u00e4nntand av polyamid. Produkten kommer i ett brett utbud av storlekar f\u00f6r att m\u00f6ta alla applikationsbehov, med dragh\u00e5llfastheter i sortimentet: 80N \/ 8kg \u2013 980N \/ 98kg   Selfit standard buntband kan appliceras f\u00f6r hand eller med ett buntbandssp\u00e4nnverktyg.","og_url":"https:\/\/c-profil.se\/english\/product\/cable-tie-sel\/","og_site_name":"C-Pro","article_publisher":"https:\/\/www.facebook.com\/people\/C-Pro\/61561767306874\/","article_modified_time":"2026-03-18T07:39:42+00:00","og_image":[{"width":1000,"height":1000,"url":"https:\/\/c-profil.se\/wp-content\/uploads\/2017\/01\/Buntband-SEL.jpg","type":"image\/jpeg"}],"twitter_card":"summary_large_image","twitter_misc":{"Price":"","Availability":"In stock"},"schema":{"@context":"https:\/\/schema.org","@graph":[{"@type":"WebPage","@id":"https:\/\/c-profil.se\/produkt\/buntband-sel\/","url":"https:\/\/c-profil.se\/produkt\/buntband-sel\/","name":"Cable Ties \/ SEL - C-Pro","isPartOf":{"@id":"https:\/\/c-profil.se\/#website"},"primaryImageOfPage":{"@id":"https:\/\/c-profil.se\/produkt\/buntband-sel\/#primaryimage"},"image":{"@id":"https:\/\/c-profil.se\/produkt\/buntband-sel\/#primaryimage"},"thumbnailUrl":"https:\/\/c-profil.se\/wp-content\/uploads\/2017\/01\/Buntband-SEL.jpg","datePublished":"2017-01-20T09:32:00+00:00","dateModified":"2026-03-18T07:39:42+00:00","description":"Cable ties \/ SEL are made of self-extinguishing polyamide 6.6 (UL94:V2). They consist of a body and a square head with clamping teeth made of polyamide. Read More!","breadcrumb":{"@id":"https:\/\/c-profil.se\/produkt\/buntband-sel\/#breadcrumb"},"inLanguage":"en","potentialAction":[{"@type":"ReadAction","target":["https:\/\/c-profil.se\/produkt\/buntband-sel\/"]}]},{"@type":"ImageObject","inLanguage":"en","@id":"https:\/\/c-profil.se\/produkt\/buntband-sel\/#primaryimage","url":"https:\/\/c-profil.se\/wp-content\/uploads\/2017\/01\/Buntband-SEL.jpg","contentUrl":"https:\/\/c-profil.se\/wp-content\/uploads\/2017\/01\/Buntband-SEL.jpg","width":1000,"height":1000,"caption":"Buntband SEL"},{"@type":"BreadcrumbList","@id":"https:\/\/c-profil.se\/produkt\/buntband-sel\/#breadcrumb","itemListElement":[{"@type":"ListItem","position":1,"name":"Hem","item":"https:\/\/c-profil.se\/"},{"@type":"ListItem","position":2,"name":"Produkter","item":"https:\/\/c-profil.se\/produkter\/"},{"@type":"ListItem","position":3,"name":"Buntband","item":"https:\/\/c-profil.se\/produkt-kategori\/buntband\/"},{"@type":"ListItem","position":4,"name":"Buntband | SEL"}]},{"@type":"WebSite","@id":"https:\/\/c-profil.se\/#website","url":"https:\/\/c-profil.se\/","name":"C-Pro","description":"Products for Electricity and Automation","publisher":{"@id":"https:\/\/c-profil.se\/#organization"},"potentialAction":[{"@type":"SearchAction","target":{"@type":"EntryPoint","urlTemplate":"https:\/\/c-profil.se\/?s={search_term_string}"},"query-input":{"@type":"PropertyValueSpecification","valueRequired":true,"valueName":"search_term_string"}}],"inLanguage":"en"},{"@type":"Organization","@id":"https:\/\/c-profil.se\/#organization","name":"C-Pro","alternateName":"C-PRO","url":"https:\/\/c-profil.se\/","logo":{"@type":"ImageObject","inLanguage":"en","@id":"https:\/\/c-profil.se\/#\/schema\/logo\/image\/","url":"https:\/\/c-profil.se\/wp-content\/uploads\/2022\/03\/c-pro-logga-liggande-500x500-1.png","contentUrl":"https:\/\/c-profil.se\/wp-content\/uploads\/2022\/03\/c-pro-logga-liggande-500x500-1.png","width":500,"height":500,"caption":"C-Pro"},"image":{"@id":"https:\/\/c-profil.se\/#\/schema\/logo\/image\/"},"sameAs":["https:\/\/www.facebook.com\/people\/C-Pro\/61561767306874\/","https:\/\/www.linkedin.com\/company\/c-pro-ab","https:\/\/www.instagram.com\/cpro.ab\/"],"description":"C-PRO AB is a comprehensive supplier of materials for applications in electricity and automation. Ever since the start in 1987, we have supplied the Swedish manufacturing industry with electrical materials. Despite our size and leading position, we have never abandoned our basic philosophy, to be a personal supplier. We at C-PRO are easy to get in touch with, honest and passionate about solving our customers&#039; problems.","email":"info@c-profil.se","telephone":"031575785","legalName":"C-Profil F\u00f6rl\u00e4ggningsmaterial AB","foundingDate":"1987-01-01"}]},"product_brand":"dragning av kablage","product_price_currency":"SEK","og_availability":"instock","product_availability":"instock","product_retailer_item_id":"SEL","product_condition":"new"},"_links":{"self":[{"href":"https:\/\/c-profil.se\/english\/wp-json\/wp\/v2\/product\/24372","targetHints":{"allow":["GET"]}}],"collection":[{"href":"https:\/\/c-profil.se\/english\/wp-json\/wp\/v2\/product"}],"about":[{"href":"https:\/\/c-profil.se\/english\/wp-json\/wp\/v2\/types\/product"}],"version-history":[{"count":8,"href":"https:\/\/c-profil.se\/english\/wp-json\/wp\/v2\/product\/24372\/revisions"}],"predecessor-version":[{"id":74562,"href":"https:\/\/c-profil.se\/english\/wp-json\/wp\/v2\/product\/24372\/revisions\/74562"}],"wp:featuredmedia":[{"embeddable":true,"href":"https:\/\/c-profil.se\/english\/wp-json\/wp\/v2\/media\/51517"}],"wp:attachment":[{"href":"https:\/\/c-profil.se\/english\/wp-json\/wp\/v2\/media?parent=24372"}],"wp:term":[{"taxonomy":"product_brand","embeddable":true,"href":"https:\/\/c-profil.se\/english\/wp-json\/wp\/v2\/product_brand?post=24372"},{"taxonomy":"product_cat","embeddable":true,"href":"https:\/\/c-profil.se\/english\/wp-json\/wp\/v2\/product_cat?post=24372"},{"taxonomy":"product_tag","embeddable":true,"href":"https:\/\/c-profil.se\/english\/wp-json\/wp\/v2\/product_tag?post=24372"}],"curies":[{"name":"wp","href":"https:\/\/api.w.org\/{rel}","templated":true}]}}