{"id":24367,"date":"2017-01-16T14:05:00","date_gmt":"2017-01-16T13:05:00","guid":{"rendered":"https:\/\/c-profil.se\/produkt\/din-kap\/"},"modified":"2026-03-19T14:28:45","modified_gmt":"2026-03-19T13:28:45","slug":"cutter-for-din-rails","status":"publish","type":"product","link":"https:\/\/c-profil.se\/english\/produkt\/kap-for-din-profiler\/","title":{"rendered":"Cutter for DIN Rails"},"content":{"rendered":"<p><strong>Our DIN profile cutter enables precise and burr-free cutting of DIN rails with perfect 90\u00b0 cuts<\/strong> thanks to integrated length stop and stable guide device.<br \/>\nThe smart cutting mechanism provides optimal power transmission, making cutting easy and safe without the profile moving during work.<\/p>","protected":false},"excerpt":{"rendered":"<p>Our DIN profile cutter cuts various profiles precisely with a clean, burr-free cut. The length stop with guide device ensures that nothing slips during cutting and that the cut is always 90\u00b0 at an exact angle. Thanks to the optimal power transmission of the cutting device, only little force is required for cutting.<\/p>\n<ul>\n<li>Not suitable for stainless steel rails<\/li>\n<\/ul>\n<p><strong>DIN-RC 1 is suitable for cutting:<\/strong><\/p>\n<ul>\n<li>DIN Rails 35 x 7,5 mm<\/li>\n<li>DIN Rails 35 x 15 mm<\/li>\n<\/ul>\n<p><strong>DIN-RC 2 is suitable for cutting:<\/strong><\/p>\n<ul>\n<li>DIN Rails 35 x 7,5 mm<\/li>\n<li>DIN Rails 35 x 15 mm<\/li>\n<li>Rails 15 x 5,5 mm<\/li>\n<li>Buss bars 10 x 3 mm<\/li>\n<\/ul>\n<p><strong>Advantages:<\/strong><\/p>\n<ul class=\"list-unstyled list-ico\">\n<li>Precise 90\u00b0 cuts<\/li>\n<li>Clean cuts<\/li>\n<li>With length stop 1000 mm and guide device<\/li>\n<\/ul>","protected":false},"featured_media":51559,"template":"","meta":{"_acf_changed":false},"product_brand":[740],"product_cat":[762],"product_tag":[959,1003,1001],"class_list":{"0":"post-24367","1":"product","2":"type-product","3":"status-publish","4":"has-post-thumbnail","6":"product_brand-icotek","7":"product_cat-verktyg","8":"product_tag-din-skena","9":"product_tag-kapning","10":"product_tag-verktyg","12":"first","13":"instock","14":"shipping-taxable","15":"product-type-simple"},"acf":[],"yoast_head":"<!-- This site is optimized with the Yoast SEO Premium plugin v27.5 (Yoast SEO v27.5) - https:\/\/yoast.com\/product\/yoast-seo-premium-wordpress\/ -->\n<title>Kap f\u00f6r DIN-Profiler: Exakt och Rent Snitt f\u00f6r Dina Profiler<\/title>\n<meta name=\"description\" content=\"Kap f\u00f6r DIN-Profiler, Kapa DIN-profiler noggrant med v\u00e5rt h\u00f6gkvalitativa kap. Perfekt snitt utan grader och en exakt vinkel p\u00e5 90 \u00b0 varje g\u00e5ng.\" \/>\n<meta name=\"robots\" content=\"index, follow, max-snippet:-1, max-image-preview:large, max-video-preview:-1\" \/>\n<link rel=\"canonical\" href=\"https:\/\/c-profil.se\/english\/product\/cutter-for-din-rails\/\" \/>\n<meta property=\"og:locale\" content=\"en_US\" \/>\n<meta property=\"og:type\" content=\"article\" \/>\n<meta property=\"og:title\" content=\"Kap f\u00f6r DIN-Profiler - C-Pro\" \/>\n<meta property=\"og:description\" content=\"V\u00e5r kap f\u00f6r DIN-profiler kapar olika profiler noggrant med ett rent snitt som \u00e4r\u00a0 fritt fr\u00e5n grader. L\u00e4ngdstoppet med styranordning s\u00e4kerst\u00e4ller att ingenting glider under kapningen och att snittet alltid \u00e4r 90 \u00b0 i en exakt vinkel. Tack vare den optimala kraft\u00f6verf\u00f6ringen av klippanordningen kr\u00e4vs endast lite kraft f\u00f6r kapning.   Ej l\u00e4mplig f\u00f6r skenor av rostfritt st\u00e5l  DIN-RC 1 \u00e4r l\u00e4mplig f\u00f6r kapning av:   DIN-skenor 35 x 7,5 mm  DIN-skenor 35 x 15 mm  DIN-RC 2 \u00e4r l\u00e4mplig f\u00f6r kapning av:   DIN-skenor 35 x 7,5 mm  DIN-skenor 35 x 15 mm  Najskenor 15 x 5,5 mm  Jordskenor 10 x 3 mm  F\u00f6rdelar:   Exakta 90 \u00b0 snitt  Rena snitt  Med l\u00e4ngdstopp 1000 mm och styranordning\" \/>\n<meta property=\"og:url\" content=\"https:\/\/c-profil.se\/english\/product\/cutter-for-din-rails\/\" \/>\n<meta property=\"og:site_name\" content=\"C-Pro\" \/>\n<meta property=\"article:publisher\" content=\"https:\/\/www.facebook.com\/people\/C-Pro\/61561767306874\/\" \/>\n<meta property=\"article:modified_time\" content=\"2026-03-19T13:28:45+00:00\" \/>\n<meta property=\"og:image\" content=\"https:\/\/c-profil.se\/wp-content\/uploads\/2017\/01\/Kap-for-DIN-Profiler-RC2.jpg\" \/>\n\t<meta property=\"og:image:width\" content=\"1000\" \/>\n\t<meta property=\"og:image:height\" content=\"1000\" \/>\n\t<meta property=\"og:image:type\" content=\"image\/jpeg\" \/>\n<meta name=\"twitter:card\" content=\"summary_large_image\" \/>\n<meta name=\"twitter:label1\" content=\"Price\" \/>\n\t<meta name=\"twitter:data1\" content=\"\" \/>\n\t<meta name=\"twitter:label2\" content=\"Availability\" \/>\n\t<meta name=\"twitter:data2\" content=\"In stock\" \/>\n<script type=\"application\/ld+json\" class=\"yoast-schema-graph\">{\"@context\":\"https:\\\/\\\/schema.org\",\"@graph\":[{\"@type\":\"WebPage\",\"@id\":\"https:\\\/\\\/c-profil.se\\\/produkt\\\/kap-for-din-profiler\\\/\",\"url\":\"https:\\\/\\\/c-profil.se\\\/produkt\\\/kap-for-din-profiler\\\/\",\"name\":\"Kap f\u00f6r DIN-Profiler: Exakt och Rent Snitt f\u00f6r Dina Profiler\",\"isPartOf\":{\"@id\":\"https:\\\/\\\/c-profil.se\\\/#website\"},\"primaryImageOfPage\":{\"@id\":\"https:\\\/\\\/c-profil.se\\\/produkt\\\/kap-for-din-profiler\\\/#primaryimage\"},\"image\":{\"@id\":\"https:\\\/\\\/c-profil.se\\\/produkt\\\/kap-for-din-profiler\\\/#primaryimage\"},\"thumbnailUrl\":\"https:\\\/\\\/c-profil.se\\\/wp-content\\\/uploads\\\/2017\\\/01\\\/Kap-for-DIN-Profiler-RC2.jpg\",\"datePublished\":\"2017-01-16T13:05:00+00:00\",\"dateModified\":\"2026-03-19T13:28:45+00:00\",\"description\":\"Kap f\u00f6r DIN-Profiler, Kapa DIN-profiler noggrant med v\u00e5rt h\u00f6gkvalitativa kap. Perfekt snitt utan grader och en exakt vinkel p\u00e5 90 \u00b0 varje g\u00e5ng.\",\"breadcrumb\":{\"@id\":\"https:\\\/\\\/c-profil.se\\\/produkt\\\/kap-for-din-profiler\\\/#breadcrumb\"},\"inLanguage\":\"en\",\"potentialAction\":[{\"@type\":\"ReadAction\",\"target\":[\"https:\\\/\\\/c-profil.se\\\/produkt\\\/kap-for-din-profiler\\\/\"]}]},{\"@type\":\"ImageObject\",\"inLanguage\":\"en\",\"@id\":\"https:\\\/\\\/c-profil.se\\\/produkt\\\/kap-for-din-profiler\\\/#primaryimage\",\"url\":\"https:\\\/\\\/c-profil.se\\\/wp-content\\\/uploads\\\/2017\\\/01\\\/Kap-for-DIN-Profiler-RC2.jpg\",\"contentUrl\":\"https:\\\/\\\/c-profil.se\\\/wp-content\\\/uploads\\\/2017\\\/01\\\/Kap-for-DIN-Profiler-RC2.jpg\",\"width\":1000,\"height\":1000,\"caption\":\"Kap f\u00f6r DIN-Profiler RC2\"},{\"@type\":\"BreadcrumbList\",\"@id\":\"https:\\\/\\\/c-profil.se\\\/produkt\\\/kap-for-din-profiler\\\/#breadcrumb\",\"itemListElement\":[{\"@type\":\"ListItem\",\"position\":1,\"name\":\"Hem\",\"item\":\"https:\\\/\\\/c-profil.se\\\/\"},{\"@type\":\"ListItem\",\"position\":2,\"name\":\"Produkter\",\"item\":\"https:\\\/\\\/c-profil.se\\\/produkter\\\/\"},{\"@type\":\"ListItem\",\"position\":3,\"name\":\"Verktyg\",\"item\":\"https:\\\/\\\/c-profil.se\\\/produkt-kategori\\\/verktyg\\\/\"},{\"@type\":\"ListItem\",\"position\":4,\"name\":\"Kap f\u00f6r DIN-Profiler\"}]},{\"@type\":\"WebSite\",\"@id\":\"https:\\\/\\\/c-profil.se\\\/#website\",\"url\":\"https:\\\/\\\/c-profil.se\\\/\",\"name\":\"C-Pro\",\"description\":\"Produkter f\u00f6r El och Automation\",\"publisher\":{\"@id\":\"https:\\\/\\\/c-profil.se\\\/#organization\"},\"potentialAction\":[{\"@type\":\"SearchAction\",\"target\":{\"@type\":\"EntryPoint\",\"urlTemplate\":\"https:\\\/\\\/c-profil.se\\\/?s={search_term_string}\"},\"query-input\":{\"@type\":\"PropertyValueSpecification\",\"valueRequired\":true,\"valueName\":\"search_term_string\"}}],\"inLanguage\":\"en\"},{\"@type\":\"Organization\",\"@id\":\"https:\\\/\\\/c-profil.se\\\/#organization\",\"name\":\"C-Pro\",\"alternateName\":\"C-PRO\",\"url\":\"https:\\\/\\\/c-profil.se\\\/\",\"logo\":{\"@type\":\"ImageObject\",\"inLanguage\":\"en\",\"@id\":\"https:\\\/\\\/c-profil.se\\\/#\\\/schema\\\/logo\\\/image\\\/\",\"url\":\"https:\\\/\\\/c-profil.se\\\/wp-content\\\/uploads\\\/2022\\\/03\\\/c-pro-logga-liggande-500x500-1.png\",\"contentUrl\":\"https:\\\/\\\/c-profil.se\\\/wp-content\\\/uploads\\\/2022\\\/03\\\/c-pro-logga-liggande-500x500-1.png\",\"width\":500,\"height\":500,\"caption\":\"C-Pro\"},\"image\":{\"@id\":\"https:\\\/\\\/c-profil.se\\\/#\\\/schema\\\/logo\\\/image\\\/\"},\"sameAs\":[\"https:\\\/\\\/www.facebook.com\\\/people\\\/C-Pro\\\/61561767306874\\\/\",\"https:\\\/\\\/www.linkedin.com\\\/company\\\/c-pro-ab\",\"https:\\\/\\\/www.instagram.com\\\/cpro.ab\\\/\"],\"description\":\"C-PRO AB \u00e4r en helt\u00e4ckande leverant\u00f6r av material f\u00f6r applikationer inom el och automation. \u00c4nda sedan starten 1987 har vi f\u00f6rsett den svenska tillverkande industrin med elmaterial. Trots v\u00e5r storlek och ledande position har vi aldrig \u00f6vergett v\u00e5r grundfilosofi, att vara en personlig leverant\u00f6r. Vi p\u00e5 C-PRO \u00e4r l\u00e4tta att komma i kontakt med, \u00e4rliga och brinner f\u00f6r att l\u00f6sa v\u00e5ra kunders problem.\",\"email\":\"info@c-profil.se\",\"telephone\":\"031575785\",\"legalName\":\"C-Profil F\u00f6rl\u00e4ggningsmaterial AB\",\"foundingDate\":\"1987-01-01\"}]}<\/script>\n<meta property=\"product:brand\" content=\"DIN-skena\" \/>\n<meta property=\"product:price:currency\" content=\"SEK\" \/>\n<meta property=\"og:availability\" content=\"instock\" \/>\n<meta property=\"product:availability\" content=\"instock\" \/>\n<meta property=\"product:retailer_item_id\" content=\"80189 \/ 80190\" \/>\n<meta property=\"product:condition\" content=\"new\" \/>\n<!-- \/ Yoast SEO Premium plugin. -->","yoast_head_json":{"title":"Cutter for DIN Rails: Precise and Clean Cuts for Your Profiles","description":"Cut for DIN profiles, Cut DIN profiles accurately with our high-quality cutter. Perfect cut without burrs and a precise 90\u00b0 angle every time.","robots":{"index":"index","follow":"follow","max-snippet":"max-snippet:-1","max-image-preview":"max-image-preview:large","max-video-preview":"max-video-preview:-1"},"canonical":"https:\/\/c-profil.se\/english\/product\/cutter-for-din-rails\/","og_locale":"en_US","og_type":"article","og_title":"Kap f\u00f6r DIN-Profiler - C-Pro","og_description":"V\u00e5r kap f\u00f6r DIN-profiler kapar olika profiler noggrant med ett rent snitt som \u00e4r\u00a0 fritt fr\u00e5n grader. L\u00e4ngdstoppet med styranordning s\u00e4kerst\u00e4ller att ingenting glider under kapningen och att snittet alltid \u00e4r 90 \u00b0 i en exakt vinkel. Tack vare den optimala kraft\u00f6verf\u00f6ringen av klippanordningen kr\u00e4vs endast lite kraft f\u00f6r kapning.   Ej l\u00e4mplig f\u00f6r skenor av rostfritt st\u00e5l  DIN-RC 1 \u00e4r l\u00e4mplig f\u00f6r kapning av:   DIN-skenor 35 x 7,5 mm  DIN-skenor 35 x 15 mm  DIN-RC 2 \u00e4r l\u00e4mplig f\u00f6r kapning av:   DIN-skenor 35 x 7,5 mm  DIN-skenor 35 x 15 mm  Najskenor 15 x 5,5 mm  Jordskenor 10 x 3 mm  F\u00f6rdelar:   Exakta 90 \u00b0 snitt  Rena snitt  Med l\u00e4ngdstopp 1000 mm och styranordning","og_url":"https:\/\/c-profil.se\/english\/product\/cutter-for-din-rails\/","og_site_name":"C-Pro","article_publisher":"https:\/\/www.facebook.com\/people\/C-Pro\/61561767306874\/","article_modified_time":"2026-03-19T13:28:45+00:00","og_image":[{"width":1000,"height":1000,"url":"https:\/\/c-profil.se\/wp-content\/uploads\/2017\/01\/Kap-for-DIN-Profiler-RC2.jpg","type":"image\/jpeg"}],"twitter_card":"summary_large_image","twitter_misc":{"Price":"","Availability":"In stock"},"schema":{"@context":"https:\/\/schema.org","@graph":[{"@type":"WebPage","@id":"https:\/\/c-profil.se\/produkt\/kap-for-din-profiler\/","url":"https:\/\/c-profil.se\/produkt\/kap-for-din-profiler\/","name":"Cutter for DIN Rails: Precise and Clean Cuts for Your Profiles","isPartOf":{"@id":"https:\/\/c-profil.se\/#website"},"primaryImageOfPage":{"@id":"https:\/\/c-profil.se\/produkt\/kap-for-din-profiler\/#primaryimage"},"image":{"@id":"https:\/\/c-profil.se\/produkt\/kap-for-din-profiler\/#primaryimage"},"thumbnailUrl":"https:\/\/c-profil.se\/wp-content\/uploads\/2017\/01\/Kap-for-DIN-Profiler-RC2.jpg","datePublished":"2017-01-16T13:05:00+00:00","dateModified":"2026-03-19T13:28:45+00:00","description":"Cut for DIN profiles, Cut DIN profiles accurately with our high-quality cutter. Perfect cut without burrs and a precise 90\u00b0 angle every time.","breadcrumb":{"@id":"https:\/\/c-profil.se\/produkt\/kap-for-din-profiler\/#breadcrumb"},"inLanguage":"en","potentialAction":[{"@type":"ReadAction","target":["https:\/\/c-profil.se\/produkt\/kap-for-din-profiler\/"]}]},{"@type":"ImageObject","inLanguage":"en","@id":"https:\/\/c-profil.se\/produkt\/kap-for-din-profiler\/#primaryimage","url":"https:\/\/c-profil.se\/wp-content\/uploads\/2017\/01\/Kap-for-DIN-Profiler-RC2.jpg","contentUrl":"https:\/\/c-profil.se\/wp-content\/uploads\/2017\/01\/Kap-for-DIN-Profiler-RC2.jpg","width":1000,"height":1000,"caption":"Kap f\u00f6r DIN-Profiler RC2"},{"@type":"BreadcrumbList","@id":"https:\/\/c-profil.se\/produkt\/kap-for-din-profiler\/#breadcrumb","itemListElement":[{"@type":"ListItem","position":1,"name":"Hem","item":"https:\/\/c-profil.se\/"},{"@type":"ListItem","position":2,"name":"Produkter","item":"https:\/\/c-profil.se\/produkter\/"},{"@type":"ListItem","position":3,"name":"Verktyg","item":"https:\/\/c-profil.se\/produkt-kategori\/verktyg\/"},{"@type":"ListItem","position":4,"name":"Kap f\u00f6r DIN-Profiler"}]},{"@type":"WebSite","@id":"https:\/\/c-profil.se\/#website","url":"https:\/\/c-profil.se\/","name":"C-Pro","description":"Products for Electricity and Automation","publisher":{"@id":"https:\/\/c-profil.se\/#organization"},"potentialAction":[{"@type":"SearchAction","target":{"@type":"EntryPoint","urlTemplate":"https:\/\/c-profil.se\/?s={search_term_string}"},"query-input":{"@type":"PropertyValueSpecification","valueRequired":true,"valueName":"search_term_string"}}],"inLanguage":"en"},{"@type":"Organization","@id":"https:\/\/c-profil.se\/#organization","name":"C-Pro","alternateName":"C-PRO","url":"https:\/\/c-profil.se\/","logo":{"@type":"ImageObject","inLanguage":"en","@id":"https:\/\/c-profil.se\/#\/schema\/logo\/image\/","url":"https:\/\/c-profil.se\/wp-content\/uploads\/2022\/03\/c-pro-logga-liggande-500x500-1.png","contentUrl":"https:\/\/c-profil.se\/wp-content\/uploads\/2022\/03\/c-pro-logga-liggande-500x500-1.png","width":500,"height":500,"caption":"C-Pro"},"image":{"@id":"https:\/\/c-profil.se\/#\/schema\/logo\/image\/"},"sameAs":["https:\/\/www.facebook.com\/people\/C-Pro\/61561767306874\/","https:\/\/www.linkedin.com\/company\/c-pro-ab","https:\/\/www.instagram.com\/cpro.ab\/"],"description":"C-PRO AB is a comprehensive supplier of materials for applications in electricity and automation. Ever since the start in 1987, we have supplied the Swedish manufacturing industry with electrical materials. Despite our size and leading position, we have never abandoned our basic philosophy, to be a personal supplier. We at C-PRO are easy to get in touch with, honest and passionate about solving our customers&#039; problems.","email":"info@c-profil.se","telephone":"031575785","legalName":"C-Profil F\u00f6rl\u00e4ggningsmaterial AB","foundingDate":"1987-01-01"}]},"product_brand":"DIN-skena","product_price_currency":"SEK","og_availability":"instock","product_availability":"instock","product_retailer_item_id":"80189 \/ 80190","product_condition":"new"},"_links":{"self":[{"href":"https:\/\/c-profil.se\/english\/wp-json\/wp\/v2\/product\/24367","targetHints":{"allow":["GET"]}}],"collection":[{"href":"https:\/\/c-profil.se\/english\/wp-json\/wp\/v2\/product"}],"about":[{"href":"https:\/\/c-profil.se\/english\/wp-json\/wp\/v2\/types\/product"}],"version-history":[{"count":12,"href":"https:\/\/c-profil.se\/english\/wp-json\/wp\/v2\/product\/24367\/revisions"}],"predecessor-version":[{"id":74423,"href":"https:\/\/c-profil.se\/english\/wp-json\/wp\/v2\/product\/24367\/revisions\/74423"}],"wp:featuredmedia":[{"embeddable":true,"href":"https:\/\/c-profil.se\/english\/wp-json\/wp\/v2\/media\/51559"}],"wp:attachment":[{"href":"https:\/\/c-profil.se\/english\/wp-json\/wp\/v2\/media?parent=24367"}],"wp:term":[{"taxonomy":"product_brand","embeddable":true,"href":"https:\/\/c-profil.se\/english\/wp-json\/wp\/v2\/product_brand?post=24367"},{"taxonomy":"product_cat","embeddable":true,"href":"https:\/\/c-profil.se\/english\/wp-json\/wp\/v2\/product_cat?post=24367"},{"taxonomy":"product_tag","embeddable":true,"href":"https:\/\/c-profil.se\/english\/wp-json\/wp\/v2\/product_tag?post=24367"}],"curies":[{"name":"wp","href":"https:\/\/api.w.org\/{rel}","templated":true}]}}