{"id":24308,"date":"2017-01-03T11:57:00","date_gmt":"2017-01-03T10:57:00","guid":{"rendered":"https:\/\/c-profil.se\/produkt\/borstlist-quick-seal\/"},"modified":"2026-03-19T15:16:54","modified_gmt":"2026-03-19T14:16:54","slug":"brush-strip-0750","status":"publish","type":"product","link":"https:\/\/c-profil.se\/english\/produkt\/borstlist-0750\/","title":{"rendered":"Brush strip | 0750"},"content":{"rendered":"<p><strong>Brush strip 0750 is a flexible brush seal with malleable synthetic material<\/strong>, developed for fast sealing, guiding and protection in industrial applications.<br \/>\nThe adaptable design makes the brush strip suitable for sealing, drying, braking and cable management in many different environments.<\/p>","protected":false},"excerpt":{"rendered":"<p style=\"text-align: left\">Brush strip \/ 0750 with flexible character. The big advantage of Brush strip \/ 0750 is that the quick seal is made of malleable synthetic material. Because of this, it can be used almost anywhere. Quick Seal can be used for: sealing, guiding, drying and braking.<\/p>\n<ul>\n<li style=\"text-align: left\">We cut the strip according to the customer's wishes!<\/li>\n<\/ul>","protected":false},"featured_media":51269,"template":"","meta":{"_acf_changed":false},"product_brand":[],"product_cat":[308],"product_tag":[940,992,938,1005,939],"class_list":{"0":"post-24308","1":"product","2":"type-product","3":"status-publish","4":"has-post-thumbnail","6":"product_cat-kabelgenomforing-med-borsttatning","7":"product_tag-apparatskap","8":"product_tag-kabelgenomforing","9":"product_tag-kabelinforing","10":"product_tag-platbearbetning","11":"product_tag-tatning","13":"first","14":"instock","15":"shipping-taxable","16":"product-type-simple"},"acf":[],"yoast_head":"<!-- This site is optimized with the Yoast SEO Premium plugin v27.4 (Yoast SEO v27.4) - https:\/\/yoast.com\/product\/yoast-seo-premium-wordpress\/ -->\n<title>Borstlist \/ 0750 - C-Pro<\/title>\n<meta name=\"description\" content=\"Borstlist \/ 0750 med flexibel karakt\u00e4r. Den stora f\u00f6rdelen med Borstlist \/ 0750 \u00e4r att snabbt\u00e4tningen \u00e4r gjord av formbart syntetiskt material. L\u00e4s Mer!\" \/>\n<meta name=\"robots\" content=\"index, follow, max-snippet:-1, max-image-preview:large, max-video-preview:-1\" \/>\n<link rel=\"canonical\" href=\"https:\/\/c-profil.se\/english\/product\/brush-strip-0750\/\" \/>\n<meta property=\"og:locale\" content=\"en_US\" \/>\n<meta property=\"og:type\" content=\"article\" \/>\n<meta property=\"og:title\" content=\"Borstlist | 0750 - C-Pro\" \/>\n<meta property=\"og:description\" content=\"Borstlist \/ 0750 med flexibel karakt\u00e4r. Den stora f\u00f6rdelen med Borstlist \/ 0750 \u00e4r att snabbt\u00e4tningen \u00e4r gjord av formbart syntetiskt material. P\u00e5 grund av detta kan den anv\u00e4ndas n\u00e4stan var som helst. Quick Seal kan bl.a. anv\u00e4ndas f\u00f6r: t\u00e4tning, guidning, torkning och bromsning.    Vi kapar borstlisten efter kunds \u00f6nskem\u00e5l\" \/>\n<meta property=\"og:url\" content=\"https:\/\/c-profil.se\/english\/product\/brush-strip-0750\/\" \/>\n<meta property=\"og:site_name\" content=\"C-Pro\" \/>\n<meta property=\"article:publisher\" content=\"https:\/\/www.facebook.com\/people\/C-Pro\/61561767306874\/\" \/>\n<meta property=\"article:modified_time\" content=\"2026-03-19T14:16:54+00:00\" \/>\n<meta property=\"og:image\" content=\"https:\/\/c-profil.se\/wp-content\/uploads\/2017\/01\/Borstlist-0750.jpg\" \/>\n\t<meta property=\"og:image:width\" content=\"1000\" \/>\n\t<meta property=\"og:image:height\" content=\"1000\" \/>\n\t<meta property=\"og:image:type\" content=\"image\/jpeg\" \/>\n<meta name=\"twitter:card\" content=\"summary_large_image\" \/>\n<meta name=\"twitter:label1\" content=\"Price\" \/>\n\t<meta name=\"twitter:data1\" content=\"\" \/>\n\t<meta name=\"twitter:label2\" content=\"Availability\" \/>\n\t<meta name=\"twitter:data2\" content=\"In stock\" \/>\n<script type=\"application\/ld+json\" class=\"yoast-schema-graph\">{\"@context\":\"https:\\\/\\\/schema.org\",\"@graph\":[{\"@type\":\"WebPage\",\"@id\":\"https:\\\/\\\/c-profil.se\\\/produkt\\\/borstlist-0750\\\/\",\"url\":\"https:\\\/\\\/c-profil.se\\\/produkt\\\/borstlist-0750\\\/\",\"name\":\"Borstlist \\\/ 0750 - C-Pro\",\"isPartOf\":{\"@id\":\"https:\\\/\\\/c-profil.se\\\/#website\"},\"primaryImageOfPage\":{\"@id\":\"https:\\\/\\\/c-profil.se\\\/produkt\\\/borstlist-0750\\\/#primaryimage\"},\"image\":{\"@id\":\"https:\\\/\\\/c-profil.se\\\/produkt\\\/borstlist-0750\\\/#primaryimage\"},\"thumbnailUrl\":\"https:\\\/\\\/c-profil.se\\\/wp-content\\\/uploads\\\/2017\\\/01\\\/Borstlist-0750.jpg\",\"datePublished\":\"2017-01-03T10:57:00+00:00\",\"dateModified\":\"2026-03-19T14:16:54+00:00\",\"description\":\"Borstlist \\\/ 0750 med flexibel karakt\u00e4r. Den stora f\u00f6rdelen med Borstlist \\\/ 0750 \u00e4r att snabbt\u00e4tningen \u00e4r gjord av formbart syntetiskt material. L\u00e4s Mer!\",\"breadcrumb\":{\"@id\":\"https:\\\/\\\/c-profil.se\\\/produkt\\\/borstlist-0750\\\/#breadcrumb\"},\"inLanguage\":\"en\",\"potentialAction\":[{\"@type\":\"ReadAction\",\"target\":[\"https:\\\/\\\/c-profil.se\\\/produkt\\\/borstlist-0750\\\/\"]}]},{\"@type\":\"ImageObject\",\"inLanguage\":\"en\",\"@id\":\"https:\\\/\\\/c-profil.se\\\/produkt\\\/borstlist-0750\\\/#primaryimage\",\"url\":\"https:\\\/\\\/c-profil.se\\\/wp-content\\\/uploads\\\/2017\\\/01\\\/Borstlist-0750.jpg\",\"contentUrl\":\"https:\\\/\\\/c-profil.se\\\/wp-content\\\/uploads\\\/2017\\\/01\\\/Borstlist-0750.jpg\",\"width\":1000,\"height\":1000,\"caption\":\"Borstlist 0750\"},{\"@type\":\"BreadcrumbList\",\"@id\":\"https:\\\/\\\/c-profil.se\\\/produkt\\\/borstlist-0750\\\/#breadcrumb\",\"itemListElement\":[{\"@type\":\"ListItem\",\"position\":1,\"name\":\"Hem\",\"item\":\"https:\\\/\\\/c-profil.se\\\/\"},{\"@type\":\"ListItem\",\"position\":2,\"name\":\"Produkter\",\"item\":\"https:\\\/\\\/c-profil.se\\\/produkter\\\/\"},{\"@type\":\"ListItem\",\"position\":3,\"name\":\"Kabelgenomf\u00f6ringar med borstt\u00e4tning\",\"item\":\"https:\\\/\\\/c-profil.se\\\/produkt-kategori\\\/kabelgenomforing-med-borsttatning\\\/\"},{\"@type\":\"ListItem\",\"position\":4,\"name\":\"Borstlist | 0750\"}]},{\"@type\":\"WebSite\",\"@id\":\"https:\\\/\\\/c-profil.se\\\/#website\",\"url\":\"https:\\\/\\\/c-profil.se\\\/\",\"name\":\"C-Pro\",\"description\":\"Produkter f\u00f6r El och Automation\",\"publisher\":{\"@id\":\"https:\\\/\\\/c-profil.se\\\/#organization\"},\"potentialAction\":[{\"@type\":\"SearchAction\",\"target\":{\"@type\":\"EntryPoint\",\"urlTemplate\":\"https:\\\/\\\/c-profil.se\\\/?s={search_term_string}\"},\"query-input\":{\"@type\":\"PropertyValueSpecification\",\"valueRequired\":true,\"valueName\":\"search_term_string\"}}],\"inLanguage\":\"en\"},{\"@type\":\"Organization\",\"@id\":\"https:\\\/\\\/c-profil.se\\\/#organization\",\"name\":\"C-Pro\",\"alternateName\":\"C-PRO\",\"url\":\"https:\\\/\\\/c-profil.se\\\/\",\"logo\":{\"@type\":\"ImageObject\",\"inLanguage\":\"en\",\"@id\":\"https:\\\/\\\/c-profil.se\\\/#\\\/schema\\\/logo\\\/image\\\/\",\"url\":\"https:\\\/\\\/c-profil.se\\\/wp-content\\\/uploads\\\/2022\\\/03\\\/c-pro-logga-liggande-500x500-1.png\",\"contentUrl\":\"https:\\\/\\\/c-profil.se\\\/wp-content\\\/uploads\\\/2022\\\/03\\\/c-pro-logga-liggande-500x500-1.png\",\"width\":500,\"height\":500,\"caption\":\"C-Pro\"},\"image\":{\"@id\":\"https:\\\/\\\/c-profil.se\\\/#\\\/schema\\\/logo\\\/image\\\/\"},\"sameAs\":[\"https:\\\/\\\/www.facebook.com\\\/people\\\/C-Pro\\\/61561767306874\\\/\",\"https:\\\/\\\/www.linkedin.com\\\/company\\\/c-pro-ab\",\"https:\\\/\\\/www.instagram.com\\\/cpro.ab\\\/\"],\"description\":\"C-PRO AB \u00e4r en helt\u00e4ckande leverant\u00f6r av material f\u00f6r applikationer inom el och automation. \u00c4nda sedan starten 1987 har vi f\u00f6rsett den svenska tillverkande industrin med elmaterial. Trots v\u00e5r storlek och ledande position har vi aldrig \u00f6vergett v\u00e5r grundfilosofi, att vara en personlig leverant\u00f6r. Vi p\u00e5 C-PRO \u00e4r l\u00e4tta att komma i kontakt med, \u00e4rliga och brinner f\u00f6r att l\u00f6sa v\u00e5ra kunders problem.\",\"email\":\"info@c-profil.se\",\"telephone\":\"031575785\",\"legalName\":\"C-Profil F\u00f6rl\u00e4ggningsmaterial AB\",\"foundingDate\":\"1987-01-01\"}]}<\/script>\n<meta property=\"product:brand\" content=\"apparatsk\u00e5p\" \/>\n<meta property=\"product:price:currency\" content=\"SEK\" \/>\n<meta property=\"og:availability\" content=\"instock\" \/>\n<meta property=\"product:availability\" content=\"instock\" \/>\n<meta property=\"product:retailer_item_id\" content=\"0750\" \/>\n<meta property=\"product:condition\" content=\"new\" \/>\n<!-- \/ Yoast SEO Premium plugin. -->","yoast_head_json":{"title":"Brush strip \/ 0750 - C-Pro","description":"Brush strip \/ 0750 with flexible character. The big advantage of Brush strip \/ 0750 is that the quick seal is made of malleable synthetic material. Read More!","robots":{"index":"index","follow":"follow","max-snippet":"max-snippet:-1","max-image-preview":"max-image-preview:large","max-video-preview":"max-video-preview:-1"},"canonical":"https:\/\/c-profil.se\/english\/product\/brush-strip-0750\/","og_locale":"en_US","og_type":"article","og_title":"Borstlist | 0750 - C-Pro","og_description":"Borstlist \/ 0750 med flexibel karakt\u00e4r. Den stora f\u00f6rdelen med Borstlist \/ 0750 \u00e4r att snabbt\u00e4tningen \u00e4r gjord av formbart syntetiskt material. P\u00e5 grund av detta kan den anv\u00e4ndas n\u00e4stan var som helst. Quick Seal kan bl.a. anv\u00e4ndas f\u00f6r: t\u00e4tning, guidning, torkning och bromsning.    Vi kapar borstlisten efter kunds \u00f6nskem\u00e5l","og_url":"https:\/\/c-profil.se\/english\/product\/brush-strip-0750\/","og_site_name":"C-Pro","article_publisher":"https:\/\/www.facebook.com\/people\/C-Pro\/61561767306874\/","article_modified_time":"2026-03-19T14:16:54+00:00","og_image":[{"width":1000,"height":1000,"url":"https:\/\/c-profil.se\/wp-content\/uploads\/2017\/01\/Borstlist-0750.jpg","type":"image\/jpeg"}],"twitter_card":"summary_large_image","twitter_misc":{"Price":"","Availability":"In stock"},"schema":{"@context":"https:\/\/schema.org","@graph":[{"@type":"WebPage","@id":"https:\/\/c-profil.se\/produkt\/borstlist-0750\/","url":"https:\/\/c-profil.se\/produkt\/borstlist-0750\/","name":"Brush strip \/ 0750 - C-Pro","isPartOf":{"@id":"https:\/\/c-profil.se\/#website"},"primaryImageOfPage":{"@id":"https:\/\/c-profil.se\/produkt\/borstlist-0750\/#primaryimage"},"image":{"@id":"https:\/\/c-profil.se\/produkt\/borstlist-0750\/#primaryimage"},"thumbnailUrl":"https:\/\/c-profil.se\/wp-content\/uploads\/2017\/01\/Borstlist-0750.jpg","datePublished":"2017-01-03T10:57:00+00:00","dateModified":"2026-03-19T14:16:54+00:00","description":"Brush strip \/ 0750 with flexible character. The big advantage of Brush strip \/ 0750 is that the quick seal is made of malleable synthetic material. Read More!","breadcrumb":{"@id":"https:\/\/c-profil.se\/produkt\/borstlist-0750\/#breadcrumb"},"inLanguage":"en","potentialAction":[{"@type":"ReadAction","target":["https:\/\/c-profil.se\/produkt\/borstlist-0750\/"]}]},{"@type":"ImageObject","inLanguage":"en","@id":"https:\/\/c-profil.se\/produkt\/borstlist-0750\/#primaryimage","url":"https:\/\/c-profil.se\/wp-content\/uploads\/2017\/01\/Borstlist-0750.jpg","contentUrl":"https:\/\/c-profil.se\/wp-content\/uploads\/2017\/01\/Borstlist-0750.jpg","width":1000,"height":1000,"caption":"Borstlist 0750"},{"@type":"BreadcrumbList","@id":"https:\/\/c-profil.se\/produkt\/borstlist-0750\/#breadcrumb","itemListElement":[{"@type":"ListItem","position":1,"name":"Hem","item":"https:\/\/c-profil.se\/"},{"@type":"ListItem","position":2,"name":"Produkter","item":"https:\/\/c-profil.se\/produkter\/"},{"@type":"ListItem","position":3,"name":"Kabelgenomf\u00f6ringar med borstt\u00e4tning","item":"https:\/\/c-profil.se\/produkt-kategori\/kabelgenomforing-med-borsttatning\/"},{"@type":"ListItem","position":4,"name":"Borstlist | 0750"}]},{"@type":"WebSite","@id":"https:\/\/c-profil.se\/#website","url":"https:\/\/c-profil.se\/","name":"C-Pro","description":"Products for Electricity and Automation","publisher":{"@id":"https:\/\/c-profil.se\/#organization"},"potentialAction":[{"@type":"SearchAction","target":{"@type":"EntryPoint","urlTemplate":"https:\/\/c-profil.se\/?s={search_term_string}"},"query-input":{"@type":"PropertyValueSpecification","valueRequired":true,"valueName":"search_term_string"}}],"inLanguage":"en"},{"@type":"Organization","@id":"https:\/\/c-profil.se\/#organization","name":"C-Pro","alternateName":"C-PRO","url":"https:\/\/c-profil.se\/","logo":{"@type":"ImageObject","inLanguage":"en","@id":"https:\/\/c-profil.se\/#\/schema\/logo\/image\/","url":"https:\/\/c-profil.se\/wp-content\/uploads\/2022\/03\/c-pro-logga-liggande-500x500-1.png","contentUrl":"https:\/\/c-profil.se\/wp-content\/uploads\/2022\/03\/c-pro-logga-liggande-500x500-1.png","width":500,"height":500,"caption":"C-Pro"},"image":{"@id":"https:\/\/c-profil.se\/#\/schema\/logo\/image\/"},"sameAs":["https:\/\/www.facebook.com\/people\/C-Pro\/61561767306874\/","https:\/\/www.linkedin.com\/company\/c-pro-ab","https:\/\/www.instagram.com\/cpro.ab\/"],"description":"C-PRO AB is a comprehensive supplier of materials for applications in electricity and automation. Ever since the start in 1987, we have supplied the Swedish manufacturing industry with electrical materials. Despite our size and leading position, we have never abandoned our basic philosophy, to be a personal supplier. We at C-PRO are easy to get in touch with, honest and passionate about solving our customers&#039; problems.","email":"info@c-profil.se","telephone":"031575785","legalName":"C-Profil F\u00f6rl\u00e4ggningsmaterial AB","foundingDate":"1987-01-01"}]},"product_brand":"apparatsk\u00e5p","product_price_currency":"SEK","og_availability":"instock","product_availability":"instock","product_retailer_item_id":"0750","product_condition":"new"},"_links":{"self":[{"href":"https:\/\/c-profil.se\/english\/wp-json\/wp\/v2\/product\/24308","targetHints":{"allow":["GET"]}}],"collection":[{"href":"https:\/\/c-profil.se\/english\/wp-json\/wp\/v2\/product"}],"about":[{"href":"https:\/\/c-profil.se\/english\/wp-json\/wp\/v2\/types\/product"}],"version-history":[{"count":8,"href":"https:\/\/c-profil.se\/english\/wp-json\/wp\/v2\/product\/24308\/revisions"}],"predecessor-version":[{"id":74563,"href":"https:\/\/c-profil.se\/english\/wp-json\/wp\/v2\/product\/24308\/revisions\/74563"}],"wp:featuredmedia":[{"embeddable":true,"href":"https:\/\/c-profil.se\/english\/wp-json\/wp\/v2\/media\/51269"}],"wp:attachment":[{"href":"https:\/\/c-profil.se\/english\/wp-json\/wp\/v2\/media?parent=24308"}],"wp:term":[{"taxonomy":"product_brand","embeddable":true,"href":"https:\/\/c-profil.se\/english\/wp-json\/wp\/v2\/product_brand?post=24308"},{"taxonomy":"product_cat","embeddable":true,"href":"https:\/\/c-profil.se\/english\/wp-json\/wp\/v2\/product_cat?post=24308"},{"taxonomy":"product_tag","embeddable":true,"href":"https:\/\/c-profil.se\/english\/wp-json\/wp\/v2\/product_tag?post=24308"}],"curies":[{"name":"wp","href":"https:\/\/api.w.org\/{rel}","templated":true}]}}