{"id":24286,"date":"2017-01-03T11:42:00","date_gmt":"2017-01-03T10:42:00","guid":{"rendered":"https:\/\/c-profil.se\/produkt\/multiflans-fl21\/"},"modified":"2026-03-19T15:15:50","modified_gmt":"2026-03-19T14:15:50","slug":"fl21-multi-flange-htc","status":"publish","type":"product","link":"https:\/\/c-profil.se\/english\/produkt\/fl21-multiflans-htc\/","title":{"rendered":"FL21 Multiflange | HTC"},"content":{"rendered":"<p><strong>FL21 multi-flange HTC is a robust multi-flange for safe and efficient cable entry<\/strong>, designed for high stability and reliable sealing.<br \/>\nWith a steel core, halogen-free plastic and a high IP rating, it is well suited for both indoor and outdoor use.<\/p>","protected":false},"excerpt":{"rendered":"<p class=\"ai-optimize-31\">FL21 Multiflange \/ HTC is the perfect solution for safe and efficient cable entry in various applications. With their innovative design and high quality construction, these multi flanges offer outstanding performance and reliability.<\/p>\n<p class=\"ai-optimize-33\"><strong>Advantages:<\/strong><\/p>\n<ul>\n<li class=\"ai-optimize-41\">Steel core for superior stability<\/li>\n<li class=\"ai-optimize-42\">High IP class for excellent protection<\/li>\n<li class=\"ai-optimize-43\">Comes with 4 expansion rivets for easy installation<\/li>\n<li class=\"ai-optimize-44\">Made of halogen-free plastic (TPE-SEPS)<\/li>\n<li class=\"ai-optimize-45\">Suitable for both indoor and outdoor use<\/li>\n<li class=\"ai-optimize-46\"><strong>To guarantee IP65 for outdoor use, use screw and nut<\/strong><\/li>\n<\/ul>","protected":false},"featured_media":51148,"template":"","meta":{"_acf_changed":false},"product_brand":[],"product_cat":[307],"product_tag":[940,992,938,990,1005,939],"class_list":{"0":"post-24286","1":"product","2":"type-product","3":"status-publish","4":"has-post-thumbnail","6":"product_cat-kabelgenomforingsplattor-multiflansar","7":"product_tag-apparatskap","8":"product_tag-kabelgenomforing","9":"product_tag-kabelinforing","10":"product_tag-kapsling","11":"product_tag-platbearbetning","12":"product_tag-tatning","14":"first","15":"instock","16":"shipping-taxable","17":"product-type-simple"},"acf":[],"yoast_head":"<!-- This site is optimized with the Yoast SEO Premium plugin v27.5 (Yoast SEO v27.5) - https:\/\/yoast.com\/product\/yoast-seo-premium-wordpress\/ -->\n<title>FL21 Multifl\u00e4ns \/ HTC: Stabilitet och h\u00f6g IP-klass - C-Pro<\/title>\n<meta name=\"description\" content=\"FL21 Multifl\u00e4ns \/ HTC med membrangenomf\u00f6ringar. V\u00e5ra multifl\u00e4nsar har en st\u00e5lk\u00e4rna som ger stabilitet och h\u00f6g IP-klass. Plast TPE-SEPS (halogenfria).\" \/>\n<meta name=\"robots\" content=\"index, follow, max-snippet:-1, max-image-preview:large, max-video-preview:-1\" \/>\n<link rel=\"canonical\" href=\"https:\/\/c-profil.se\/english\/product\/fl21-multi-flange-htc\/\" \/>\n<meta property=\"og:locale\" content=\"en_US\" \/>\n<meta property=\"og:type\" content=\"article\" \/>\n<meta property=\"og:title\" content=\"FL21 Multifl\u00e4ns | HTC - C-Pro\" \/>\n<meta property=\"og:description\" content=\"FL21 Multifl\u00e4ns \/ HTC \u00e4r den perfekta l\u00f6sningen f\u00f6r s\u00e4ker och effektiv kabelgenomf\u00f6ring i olika applikationer. Med sin innovativa design och h\u00f6gkvalitativa konstruktion erbjuder dessa multifl\u00e4nsar enast\u00e5ende prestanda och tillf\u00f6rlitlighet. F\u00f6rdelar:    St\u00e5lk\u00e4rna f\u00f6r \u00f6verl\u00e4gsen stabilitet  H\u00f6g IP-klass f\u00f6r utm\u00e4rkt skydd  Levereras med 4st expandernitar f\u00f6r enkel installation  Tillverkad av halogenfri plast (TPE-SEPS)  L\u00e4mplig f\u00f6r b\u00e5de inomhus- och utomhusbruk  F\u00f6r att garantera IP65 vid utomhusbruk anv\u00e4nd skruv och mutter\" \/>\n<meta property=\"og:url\" content=\"https:\/\/c-profil.se\/english\/product\/fl21-multi-flange-htc\/\" \/>\n<meta property=\"og:site_name\" content=\"C-Pro\" \/>\n<meta property=\"article:publisher\" content=\"https:\/\/www.facebook.com\/people\/C-Pro\/61561767306874\/\" \/>\n<meta property=\"article:modified_time\" content=\"2026-03-19T14:15:50+00:00\" \/>\n<meta property=\"og:image\" content=\"https:\/\/c-profil.se\/wp-content\/uploads\/2017\/01\/FL21-Multiflans-HTC.jpg\" \/>\n\t<meta property=\"og:image:width\" content=\"1000\" \/>\n\t<meta property=\"og:image:height\" content=\"1000\" \/>\n\t<meta property=\"og:image:type\" content=\"image\/jpeg\" \/>\n<meta name=\"twitter:card\" content=\"summary_large_image\" \/>\n<meta name=\"twitter:label1\" content=\"Price\" \/>\n\t<meta name=\"twitter:data1\" content=\"\" \/>\n\t<meta name=\"twitter:label2\" content=\"Availability\" \/>\n\t<meta name=\"twitter:data2\" content=\"In stock\" \/>\n<script type=\"application\/ld+json\" class=\"yoast-schema-graph\">{\"@context\":\"https:\\\/\\\/schema.org\",\"@graph\":[{\"@type\":\"WebPage\",\"@id\":\"https:\\\/\\\/c-profil.se\\\/produkt\\\/fl21-multiflans-htc\\\/\",\"url\":\"https:\\\/\\\/c-profil.se\\\/produkt\\\/fl21-multiflans-htc\\\/\",\"name\":\"FL21 Multifl\u00e4ns \\\/ HTC: Stabilitet och h\u00f6g IP-klass - C-Pro\",\"isPartOf\":{\"@id\":\"https:\\\/\\\/c-profil.se\\\/#website\"},\"primaryImageOfPage\":{\"@id\":\"https:\\\/\\\/c-profil.se\\\/produkt\\\/fl21-multiflans-htc\\\/#primaryimage\"},\"image\":{\"@id\":\"https:\\\/\\\/c-profil.se\\\/produkt\\\/fl21-multiflans-htc\\\/#primaryimage\"},\"thumbnailUrl\":\"https:\\\/\\\/c-profil.se\\\/wp-content\\\/uploads\\\/2017\\\/01\\\/FL21-Multiflans-HTC.jpg\",\"datePublished\":\"2017-01-03T10:42:00+00:00\",\"dateModified\":\"2026-03-19T14:15:50+00:00\",\"description\":\"FL21 Multifl\u00e4ns \\\/ HTC med membrangenomf\u00f6ringar. V\u00e5ra multifl\u00e4nsar har en st\u00e5lk\u00e4rna som ger stabilitet och h\u00f6g IP-klass. Plast TPE-SEPS (halogenfria).\",\"breadcrumb\":{\"@id\":\"https:\\\/\\\/c-profil.se\\\/produkt\\\/fl21-multiflans-htc\\\/#breadcrumb\"},\"inLanguage\":\"en\",\"potentialAction\":[{\"@type\":\"ReadAction\",\"target\":[\"https:\\\/\\\/c-profil.se\\\/produkt\\\/fl21-multiflans-htc\\\/\"]}]},{\"@type\":\"ImageObject\",\"inLanguage\":\"en\",\"@id\":\"https:\\\/\\\/c-profil.se\\\/produkt\\\/fl21-multiflans-htc\\\/#primaryimage\",\"url\":\"https:\\\/\\\/c-profil.se\\\/wp-content\\\/uploads\\\/2017\\\/01\\\/FL21-Multiflans-HTC.jpg\",\"contentUrl\":\"https:\\\/\\\/c-profil.se\\\/wp-content\\\/uploads\\\/2017\\\/01\\\/FL21-Multiflans-HTC.jpg\",\"width\":1000,\"height\":1000,\"caption\":\"FL21 Multifl\u00e4ns HTC\"},{\"@type\":\"BreadcrumbList\",\"@id\":\"https:\\\/\\\/c-profil.se\\\/produkt\\\/fl21-multiflans-htc\\\/#breadcrumb\",\"itemListElement\":[{\"@type\":\"ListItem\",\"position\":1,\"name\":\"Hem\",\"item\":\"https:\\\/\\\/c-profil.se\\\/\"},{\"@type\":\"ListItem\",\"position\":2,\"name\":\"Produkter\",\"item\":\"https:\\\/\\\/c-profil.se\\\/produkter\\\/\"},{\"@type\":\"ListItem\",\"position\":3,\"name\":\"Kabelgenomf\u00f6ringsplattor &amp; multifl\u00e4nsar\",\"item\":\"https:\\\/\\\/c-profil.se\\\/produkt-kategori\\\/kabelgenomforingsplattor-multiflansar\\\/\"},{\"@type\":\"ListItem\",\"position\":4,\"name\":\"FL21 Multifl\u00e4ns | HTC\"}]},{\"@type\":\"WebSite\",\"@id\":\"https:\\\/\\\/c-profil.se\\\/#website\",\"url\":\"https:\\\/\\\/c-profil.se\\\/\",\"name\":\"C-Pro\",\"description\":\"Produkter f\u00f6r El och Automation\",\"publisher\":{\"@id\":\"https:\\\/\\\/c-profil.se\\\/#organization\"},\"potentialAction\":[{\"@type\":\"SearchAction\",\"target\":{\"@type\":\"EntryPoint\",\"urlTemplate\":\"https:\\\/\\\/c-profil.se\\\/?s={search_term_string}\"},\"query-input\":{\"@type\":\"PropertyValueSpecification\",\"valueRequired\":true,\"valueName\":\"search_term_string\"}}],\"inLanguage\":\"en\"},{\"@type\":\"Organization\",\"@id\":\"https:\\\/\\\/c-profil.se\\\/#organization\",\"name\":\"C-Pro\",\"alternateName\":\"C-PRO\",\"url\":\"https:\\\/\\\/c-profil.se\\\/\",\"logo\":{\"@type\":\"ImageObject\",\"inLanguage\":\"en\",\"@id\":\"https:\\\/\\\/c-profil.se\\\/#\\\/schema\\\/logo\\\/image\\\/\",\"url\":\"https:\\\/\\\/c-profil.se\\\/wp-content\\\/uploads\\\/2022\\\/03\\\/c-pro-logga-liggande-500x500-1.png\",\"contentUrl\":\"https:\\\/\\\/c-profil.se\\\/wp-content\\\/uploads\\\/2022\\\/03\\\/c-pro-logga-liggande-500x500-1.png\",\"width\":500,\"height\":500,\"caption\":\"C-Pro\"},\"image\":{\"@id\":\"https:\\\/\\\/c-profil.se\\\/#\\\/schema\\\/logo\\\/image\\\/\"},\"sameAs\":[\"https:\\\/\\\/www.facebook.com\\\/people\\\/C-Pro\\\/61561767306874\\\/\",\"https:\\\/\\\/www.linkedin.com\\\/company\\\/c-pro-ab\",\"https:\\\/\\\/www.instagram.com\\\/cpro.ab\\\/\"],\"description\":\"C-PRO AB \u00e4r en helt\u00e4ckande leverant\u00f6r av material f\u00f6r applikationer inom el och automation. \u00c4nda sedan starten 1987 har vi f\u00f6rsett den svenska tillverkande industrin med elmaterial. Trots v\u00e5r storlek och ledande position har vi aldrig \u00f6vergett v\u00e5r grundfilosofi, att vara en personlig leverant\u00f6r. Vi p\u00e5 C-PRO \u00e4r l\u00e4tta att komma i kontakt med, \u00e4rliga och brinner f\u00f6r att l\u00f6sa v\u00e5ra kunders problem.\",\"email\":\"info@c-profil.se\",\"telephone\":\"031575785\",\"legalName\":\"C-Profil F\u00f6rl\u00e4ggningsmaterial AB\",\"foundingDate\":\"1987-01-01\"}]}<\/script>\n<meta property=\"product:brand\" content=\"apparatsk\u00e5p\" \/>\n<meta property=\"product:price:currency\" content=\"SEK\" \/>\n<meta property=\"og:availability\" content=\"instock\" \/>\n<meta property=\"product:availability\" content=\"instock\" \/>\n<meta property=\"product:retailer_item_id\" content=\"HTC\" \/>\n<meta property=\"product:condition\" content=\"new\" \/>\n<!-- \/ Yoast SEO Premium plugin. -->","yoast_head_json":{"title":"FL21 Multiflange \/ HTC: Stability and high IP class - C-Pro","description":"FL21 Multiflange \/ HTC with membrane penetrations. Our multi flanges have a steel core that provides stability and a high IP class. Plastic TPE-SEPS (halogen-free).","robots":{"index":"index","follow":"follow","max-snippet":"max-snippet:-1","max-image-preview":"max-image-preview:large","max-video-preview":"max-video-preview:-1"},"canonical":"https:\/\/c-profil.se\/english\/product\/fl21-multi-flange-htc\/","og_locale":"en_US","og_type":"article","og_title":"FL21 Multifl\u00e4ns | HTC - C-Pro","og_description":"FL21 Multifl\u00e4ns \/ HTC \u00e4r den perfekta l\u00f6sningen f\u00f6r s\u00e4ker och effektiv kabelgenomf\u00f6ring i olika applikationer. Med sin innovativa design och h\u00f6gkvalitativa konstruktion erbjuder dessa multifl\u00e4nsar enast\u00e5ende prestanda och tillf\u00f6rlitlighet. F\u00f6rdelar:    St\u00e5lk\u00e4rna f\u00f6r \u00f6verl\u00e4gsen stabilitet  H\u00f6g IP-klass f\u00f6r utm\u00e4rkt skydd  Levereras med 4st expandernitar f\u00f6r enkel installation  Tillverkad av halogenfri plast (TPE-SEPS)  L\u00e4mplig f\u00f6r b\u00e5de inomhus- och utomhusbruk  F\u00f6r att garantera IP65 vid utomhusbruk anv\u00e4nd skruv och mutter","og_url":"https:\/\/c-profil.se\/english\/product\/fl21-multi-flange-htc\/","og_site_name":"C-Pro","article_publisher":"https:\/\/www.facebook.com\/people\/C-Pro\/61561767306874\/","article_modified_time":"2026-03-19T14:15:50+00:00","og_image":[{"width":1000,"height":1000,"url":"https:\/\/c-profil.se\/wp-content\/uploads\/2017\/01\/FL21-Multiflans-HTC.jpg","type":"image\/jpeg"}],"twitter_card":"summary_large_image","twitter_misc":{"Price":"","Availability":"In stock"},"schema":{"@context":"https:\/\/schema.org","@graph":[{"@type":"WebPage","@id":"https:\/\/c-profil.se\/produkt\/fl21-multiflans-htc\/","url":"https:\/\/c-profil.se\/produkt\/fl21-multiflans-htc\/","name":"FL21 Multiflange \/ HTC: Stability and high IP class - C-Pro","isPartOf":{"@id":"https:\/\/c-profil.se\/#website"},"primaryImageOfPage":{"@id":"https:\/\/c-profil.se\/produkt\/fl21-multiflans-htc\/#primaryimage"},"image":{"@id":"https:\/\/c-profil.se\/produkt\/fl21-multiflans-htc\/#primaryimage"},"thumbnailUrl":"https:\/\/c-profil.se\/wp-content\/uploads\/2017\/01\/FL21-Multiflans-HTC.jpg","datePublished":"2017-01-03T10:42:00+00:00","dateModified":"2026-03-19T14:15:50+00:00","description":"FL21 Multiflange \/ HTC with membrane penetrations. Our multi flanges have a steel core that provides stability and a high IP class. Plastic TPE-SEPS (halogen-free).","breadcrumb":{"@id":"https:\/\/c-profil.se\/produkt\/fl21-multiflans-htc\/#breadcrumb"},"inLanguage":"en","potentialAction":[{"@type":"ReadAction","target":["https:\/\/c-profil.se\/produkt\/fl21-multiflans-htc\/"]}]},{"@type":"ImageObject","inLanguage":"en","@id":"https:\/\/c-profil.se\/produkt\/fl21-multiflans-htc\/#primaryimage","url":"https:\/\/c-profil.se\/wp-content\/uploads\/2017\/01\/FL21-Multiflans-HTC.jpg","contentUrl":"https:\/\/c-profil.se\/wp-content\/uploads\/2017\/01\/FL21-Multiflans-HTC.jpg","width":1000,"height":1000,"caption":"FL21 Multifl\u00e4ns HTC"},{"@type":"BreadcrumbList","@id":"https:\/\/c-profil.se\/produkt\/fl21-multiflans-htc\/#breadcrumb","itemListElement":[{"@type":"ListItem","position":1,"name":"Hem","item":"https:\/\/c-profil.se\/"},{"@type":"ListItem","position":2,"name":"Produkter","item":"https:\/\/c-profil.se\/produkter\/"},{"@type":"ListItem","position":3,"name":"Kabelgenomf\u00f6ringsplattor &amp; multifl\u00e4nsar","item":"https:\/\/c-profil.se\/produkt-kategori\/kabelgenomforingsplattor-multiflansar\/"},{"@type":"ListItem","position":4,"name":"FL21 Multifl\u00e4ns | HTC"}]},{"@type":"WebSite","@id":"https:\/\/c-profil.se\/#website","url":"https:\/\/c-profil.se\/","name":"C-Pro","description":"Products for Electricity and Automation","publisher":{"@id":"https:\/\/c-profil.se\/#organization"},"potentialAction":[{"@type":"SearchAction","target":{"@type":"EntryPoint","urlTemplate":"https:\/\/c-profil.se\/?s={search_term_string}"},"query-input":{"@type":"PropertyValueSpecification","valueRequired":true,"valueName":"search_term_string"}}],"inLanguage":"en"},{"@type":"Organization","@id":"https:\/\/c-profil.se\/#organization","name":"C-Pro","alternateName":"C-PRO","url":"https:\/\/c-profil.se\/","logo":{"@type":"ImageObject","inLanguage":"en","@id":"https:\/\/c-profil.se\/#\/schema\/logo\/image\/","url":"https:\/\/c-profil.se\/wp-content\/uploads\/2022\/03\/c-pro-logga-liggande-500x500-1.png","contentUrl":"https:\/\/c-profil.se\/wp-content\/uploads\/2022\/03\/c-pro-logga-liggande-500x500-1.png","width":500,"height":500,"caption":"C-Pro"},"image":{"@id":"https:\/\/c-profil.se\/#\/schema\/logo\/image\/"},"sameAs":["https:\/\/www.facebook.com\/people\/C-Pro\/61561767306874\/","https:\/\/www.linkedin.com\/company\/c-pro-ab","https:\/\/www.instagram.com\/cpro.ab\/"],"description":"C-PRO AB is a comprehensive supplier of materials for applications in electricity and automation. Ever since the start in 1987, we have supplied the Swedish manufacturing industry with electrical materials. Despite our size and leading position, we have never abandoned our basic philosophy, to be a personal supplier. We at C-PRO are easy to get in touch with, honest and passionate about solving our customers&#039; problems.","email":"info@c-profil.se","telephone":"031575785","legalName":"C-Profil F\u00f6rl\u00e4ggningsmaterial AB","foundingDate":"1987-01-01"}]},"product_brand":"apparatsk\u00e5p","product_price_currency":"SEK","og_availability":"instock","product_availability":"instock","product_retailer_item_id":"HTC","product_condition":"new"},"_links":{"self":[{"href":"https:\/\/c-profil.se\/english\/wp-json\/wp\/v2\/product\/24286","targetHints":{"allow":["GET"]}}],"collection":[{"href":"https:\/\/c-profil.se\/english\/wp-json\/wp\/v2\/product"}],"about":[{"href":"https:\/\/c-profil.se\/english\/wp-json\/wp\/v2\/types\/product"}],"version-history":[{"count":8,"href":"https:\/\/c-profil.se\/english\/wp-json\/wp\/v2\/product\/24286\/revisions"}],"predecessor-version":[{"id":74195,"href":"https:\/\/c-profil.se\/english\/wp-json\/wp\/v2\/product\/24286\/revisions\/74195"}],"wp:featuredmedia":[{"embeddable":true,"href":"https:\/\/c-profil.se\/english\/wp-json\/wp\/v2\/media\/51148"}],"wp:attachment":[{"href":"https:\/\/c-profil.se\/english\/wp-json\/wp\/v2\/media?parent=24286"}],"wp:term":[{"taxonomy":"product_brand","embeddable":true,"href":"https:\/\/c-profil.se\/english\/wp-json\/wp\/v2\/product_brand?post=24286"},{"taxonomy":"product_cat","embeddable":true,"href":"https:\/\/c-profil.se\/english\/wp-json\/wp\/v2\/product_cat?post=24286"},{"taxonomy":"product_tag","embeddable":true,"href":"https:\/\/c-profil.se\/english\/wp-json\/wp\/v2\/product_tag?post=24286"}],"curies":[{"name":"wp","href":"https:\/\/api.w.org\/{rel}","templated":true}]}}