{"id":24265,"date":"2016-10-31T15:39:00","date_gmt":"2016-10-31T14:39:00","guid":{"rendered":"https:\/\/c-profil.se\/produkt\/filterflaktar-lv-serien\/"},"modified":"2026-03-19T15:40:16","modified_gmt":"2026-03-19T14:40:16","slug":"filter-fan-lv","status":"publish","type":"product","link":"https:\/\/c-profil.se\/english\/produkt\/filterflakt-lv\/","title":{"rendered":"Filter fan | LV"},"content":{"rendered":"<p><strong>The LV filter fan is one of the market&#039;s most complete series with up to 15 performance classes and air flows from 15 to 930 m\u00b3\/h.<\/strong><br \/>\nThe series is available in voltages from 12V DC to 400V AC and can be upgraded with Z-Line filters (F5) for increased protection up to IP55.<\/p>","protected":false},"excerpt":{"rendered":"<p>Discover the most comprehensive series of filter fans on the market with Filter fan \/ LV from C-Pro. This series offers no less than 15 different performance classes, making it possible to adapt the fan to your specific needs. With an impressive output from 15 to 930 m\u00b3\/h (free blowing), you can be sure of excellent results regardless of the application.<\/p>\n<p>One of the great advantages of Filter fans \/ LV is their flexibility in terms of operating voltage. With available voltages from 12V DC to 400V AC, you can adapt the fan to your unique operating conditions. To further improve the protection of  you can choose to upgrade with Z-Line filters of filter class F5, which gives you IP55. This not only guarantees optimal airflow, but also effective protection against dust and dirt.<\/p>\n<ul>\n<li>With our filter fans, you get a reliable and high-performance solution for air conditioning in <a href=\"https:\/\/c-profil.se\/english\/cabinets\/\">Cabinets &amp; Enclosures<\/a> with the option of tailoring to your specific needs and requirements.<\/li>\n<\/ul>","protected":false},"featured_media":46008,"template":"","meta":{"_acf_changed":false},"product_brand":[746],"product_cat":[203],"product_tag":[940,963,964],"class_list":{"0":"post-24265","1":"product","2":"type-product","3":"status-publish","4":"has-post-thumbnail","6":"product_brand-rubsamen-herr","7":"product_cat-filterflaktar","8":"product_tag-apparatskap","9":"product_tag-klimatisering-av-apparatskap","10":"product_tag-ventilation","12":"first","13":"instock","14":"shipping-taxable","15":"product-type-simple"},"acf":[],"yoast_head":"<!-- This site is optimized with the Yoast SEO Premium plugin v27.4 (Yoast SEO v27.4) - https:\/\/yoast.com\/product\/yoast-seo-premium-wordpress\/ -->\n<title>Filterfl\u00e4kt \/ LV fr\u00e5n C-Pro: En serie med 15 Prestandaklasser<\/title>\n<meta name=\"description\" content=\"Uppt\u00e4ck den mest omfattande serien av filterfl\u00e4ktar p\u00e5 marknaden med Filterfl\u00e4kt \/ LV fr\u00e5n C-Pro. Serien erbjuder 15 olika prestandaklasser. L\u00e4s Mer!\" \/>\n<meta name=\"robots\" content=\"index, follow, max-snippet:-1, max-image-preview:large, max-video-preview:-1\" \/>\n<link rel=\"canonical\" href=\"https:\/\/c-profil.se\/english\/product\/filter-fan-lv\/\" \/>\n<meta property=\"og:locale\" content=\"en_US\" \/>\n<meta property=\"og:type\" content=\"article\" \/>\n<meta property=\"og:title\" content=\"Filterfl\u00e4kt | LV - C-Pro\" \/>\n<meta property=\"og:description\" content=\"Uppt\u00e4ck den mest omfattande serien av filterfl\u00e4ktar p\u00e5 marknaden med Filterfl\u00e4kt \/ LV fr\u00e5n C-Pro. Denna serie erbjuder inte mindre \u00e4n 15 olika prestandaklasser, vilket g\u00f6r det m\u00f6jligt att anpassa fl\u00e4kten efter dina specifika behov. Med en imponerande effekt fr\u00e5n 15 till 930 m\u00b3\/h (fribl\u00e5sning) kan du vara s\u00e4ker p\u00e5 att f\u00e5 utm\u00e4rkta resultat oavsett applikation.  En av de stora f\u00f6rdelarna med Filterfl\u00e4ktar \/ LV \u00e4r deras flexibilitet n\u00e4r det g\u00e4ller driftsp\u00e4nning. Med tillg\u00e4ngliga sp\u00e4nningar fr\u00e5n 12V DC till 400V AC kan du anpassa fl\u00e4kten efter dina unika driftsf\u00f6rh\u00e5llanden. F\u00f6r att ytterligare f\u00f6rb\u00e4ttra skyddet av\u00a0 kan du v\u00e4lja att uppgradera med Z-Line-filter av filterklass F5, vilket ger dig IP55. Detta garanterar inte bara optimal luftstr\u00f6m, utan ocks\u00e5 ett effektivt skydd mot damm och smuts.   Med v\u00e5ra filterfl\u00e4ktar f\u00e5r du en p\u00e5litlig och h\u00f6gpresterande l\u00f6sning f\u00f6r luftkonditionering i Apparatsk\u00e5p &amp; Kapslingar med m\u00f6jlighet att skr\u00e4ddarsy efter dina specifika behov och krav.\" \/>\n<meta property=\"og:url\" content=\"https:\/\/c-profil.se\/english\/product\/filter-fan-lv\/\" \/>\n<meta property=\"og:site_name\" content=\"C-Pro\" \/>\n<meta property=\"article:publisher\" content=\"https:\/\/www.facebook.com\/people\/C-Pro\/61561767306874\/\" \/>\n<meta property=\"article:modified_time\" content=\"2026-03-19T14:40:16+00:00\" \/>\n<meta property=\"og:image\" content=\"https:\/\/c-profil.se\/wp-content\/uploads\/2016\/10\/Filterflakt-LV.jpg\" \/>\n\t<meta property=\"og:image:width\" content=\"1000\" \/>\n\t<meta property=\"og:image:height\" content=\"1000\" \/>\n\t<meta property=\"og:image:type\" content=\"image\/jpeg\" \/>\n<meta name=\"twitter:card\" content=\"summary_large_image\" \/>\n<meta name=\"twitter:label1\" content=\"Price\" \/>\n\t<meta name=\"twitter:data1\" content=\"\" \/>\n\t<meta name=\"twitter:label2\" content=\"Availability\" \/>\n\t<meta name=\"twitter:data2\" content=\"In stock\" \/>\n<script type=\"application\/ld+json\" class=\"yoast-schema-graph\">{\"@context\":\"https:\\\/\\\/schema.org\",\"@graph\":[{\"@type\":\"WebPage\",\"@id\":\"https:\\\/\\\/c-profil.se\\\/produkt\\\/filterflakt-lv\\\/\",\"url\":\"https:\\\/\\\/c-profil.se\\\/produkt\\\/filterflakt-lv\\\/\",\"name\":\"Filterfl\u00e4kt \\\/ LV fr\u00e5n C-Pro: En serie med 15 Prestandaklasser\",\"isPartOf\":{\"@id\":\"https:\\\/\\\/c-profil.se\\\/#website\"},\"primaryImageOfPage\":{\"@id\":\"https:\\\/\\\/c-profil.se\\\/produkt\\\/filterflakt-lv\\\/#primaryimage\"},\"image\":{\"@id\":\"https:\\\/\\\/c-profil.se\\\/produkt\\\/filterflakt-lv\\\/#primaryimage\"},\"thumbnailUrl\":\"https:\\\/\\\/c-profil.se\\\/wp-content\\\/uploads\\\/2016\\\/10\\\/Filterflakt-LV.jpg\",\"datePublished\":\"2016-10-31T14:39:00+00:00\",\"dateModified\":\"2026-03-19T14:40:16+00:00\",\"description\":\"Uppt\u00e4ck den mest omfattande serien av filterfl\u00e4ktar p\u00e5 marknaden med Filterfl\u00e4kt \\\/ LV fr\u00e5n C-Pro. Serien erbjuder 15 olika prestandaklasser. L\u00e4s Mer!\",\"breadcrumb\":{\"@id\":\"https:\\\/\\\/c-profil.se\\\/produkt\\\/filterflakt-lv\\\/#breadcrumb\"},\"inLanguage\":\"en\",\"potentialAction\":[{\"@type\":\"ReadAction\",\"target\":[\"https:\\\/\\\/c-profil.se\\\/produkt\\\/filterflakt-lv\\\/\"]}]},{\"@type\":\"ImageObject\",\"inLanguage\":\"en\",\"@id\":\"https:\\\/\\\/c-profil.se\\\/produkt\\\/filterflakt-lv\\\/#primaryimage\",\"url\":\"https:\\\/\\\/c-profil.se\\\/wp-content\\\/uploads\\\/2016\\\/10\\\/Filterflakt-LV.jpg\",\"contentUrl\":\"https:\\\/\\\/c-profil.se\\\/wp-content\\\/uploads\\\/2016\\\/10\\\/Filterflakt-LV.jpg\",\"width\":1000,\"height\":1000,\"caption\":\"Filterfl\u00e4kt f\u00f6r apparatsk\u00e5p \u2013 effektiv kylning\"},{\"@type\":\"BreadcrumbList\",\"@id\":\"https:\\\/\\\/c-profil.se\\\/produkt\\\/filterflakt-lv\\\/#breadcrumb\",\"itemListElement\":[{\"@type\":\"ListItem\",\"position\":1,\"name\":\"Hem\",\"item\":\"https:\\\/\\\/c-profil.se\\\/\"},{\"@type\":\"ListItem\",\"position\":2,\"name\":\"Produkter\",\"item\":\"https:\\\/\\\/c-profil.se\\\/produkter\\\/\"},{\"@type\":\"ListItem\",\"position\":3,\"name\":\"Filterfl\u00e4ktar\",\"item\":\"https:\\\/\\\/c-profil.se\\\/produkt-kategori\\\/filterflaktar\\\/\"},{\"@type\":\"ListItem\",\"position\":4,\"name\":\"Filterfl\u00e4kt | LV\"}]},{\"@type\":\"WebSite\",\"@id\":\"https:\\\/\\\/c-profil.se\\\/#website\",\"url\":\"https:\\\/\\\/c-profil.se\\\/\",\"name\":\"C-Pro\",\"description\":\"Produkter f\u00f6r El och Automation\",\"publisher\":{\"@id\":\"https:\\\/\\\/c-profil.se\\\/#organization\"},\"potentialAction\":[{\"@type\":\"SearchAction\",\"target\":{\"@type\":\"EntryPoint\",\"urlTemplate\":\"https:\\\/\\\/c-profil.se\\\/?s={search_term_string}\"},\"query-input\":{\"@type\":\"PropertyValueSpecification\",\"valueRequired\":true,\"valueName\":\"search_term_string\"}}],\"inLanguage\":\"en\"},{\"@type\":\"Organization\",\"@id\":\"https:\\\/\\\/c-profil.se\\\/#organization\",\"name\":\"C-Pro\",\"alternateName\":\"C-PRO\",\"url\":\"https:\\\/\\\/c-profil.se\\\/\",\"logo\":{\"@type\":\"ImageObject\",\"inLanguage\":\"en\",\"@id\":\"https:\\\/\\\/c-profil.se\\\/#\\\/schema\\\/logo\\\/image\\\/\",\"url\":\"https:\\\/\\\/c-profil.se\\\/wp-content\\\/uploads\\\/2022\\\/03\\\/c-pro-logga-liggande-500x500-1.png\",\"contentUrl\":\"https:\\\/\\\/c-profil.se\\\/wp-content\\\/uploads\\\/2022\\\/03\\\/c-pro-logga-liggande-500x500-1.png\",\"width\":500,\"height\":500,\"caption\":\"C-Pro\"},\"image\":{\"@id\":\"https:\\\/\\\/c-profil.se\\\/#\\\/schema\\\/logo\\\/image\\\/\"},\"sameAs\":[\"https:\\\/\\\/www.facebook.com\\\/people\\\/C-Pro\\\/61561767306874\\\/\",\"https:\\\/\\\/www.linkedin.com\\\/company\\\/c-pro-ab\",\"https:\\\/\\\/www.instagram.com\\\/cpro.ab\\\/\"],\"description\":\"C-PRO AB \u00e4r en helt\u00e4ckande leverant\u00f6r av material f\u00f6r applikationer inom el och automation. \u00c4nda sedan starten 1987 har vi f\u00f6rsett den svenska tillverkande industrin med elmaterial. Trots v\u00e5r storlek och ledande position har vi aldrig \u00f6vergett v\u00e5r grundfilosofi, att vara en personlig leverant\u00f6r. Vi p\u00e5 C-PRO \u00e4r l\u00e4tta att komma i kontakt med, \u00e4rliga och brinner f\u00f6r att l\u00f6sa v\u00e5ra kunders problem.\",\"email\":\"info@c-profil.se\",\"telephone\":\"031575785\",\"legalName\":\"C-Profil F\u00f6rl\u00e4ggningsmaterial AB\",\"foundingDate\":\"1987-01-01\"}]}<\/script>\n<meta property=\"product:brand\" content=\"apparatsk\u00e5p\" \/>\n<meta property=\"product:price:currency\" content=\"SEK\" \/>\n<meta property=\"og:availability\" content=\"instock\" \/>\n<meta property=\"product:availability\" content=\"instock\" \/>\n<meta property=\"product:retailer_item_id\" content=\"LV\" \/>\n<meta property=\"product:condition\" content=\"new\" \/>\n<!-- \/ Yoast SEO Premium plugin. -->","yoast_head_json":{"title":"Filter fan \/ LV from C-Pro: A series with 15 performance classes","description":"Discover the most comprehensive series of filter fans on the market with Filter fan \/ LV from C-Pro. The series offers 15 different performance classes. Read More!","robots":{"index":"index","follow":"follow","max-snippet":"max-snippet:-1","max-image-preview":"max-image-preview:large","max-video-preview":"max-video-preview:-1"},"canonical":"https:\/\/c-profil.se\/english\/product\/filter-fan-lv\/","og_locale":"en_US","og_type":"article","og_title":"Filterfl\u00e4kt | LV - C-Pro","og_description":"Uppt\u00e4ck den mest omfattande serien av filterfl\u00e4ktar p\u00e5 marknaden med Filterfl\u00e4kt \/ LV fr\u00e5n C-Pro. Denna serie erbjuder inte mindre \u00e4n 15 olika prestandaklasser, vilket g\u00f6r det m\u00f6jligt att anpassa fl\u00e4kten efter dina specifika behov. Med en imponerande effekt fr\u00e5n 15 till 930 m\u00b3\/h (fribl\u00e5sning) kan du vara s\u00e4ker p\u00e5 att f\u00e5 utm\u00e4rkta resultat oavsett applikation.  En av de stora f\u00f6rdelarna med Filterfl\u00e4ktar \/ LV \u00e4r deras flexibilitet n\u00e4r det g\u00e4ller driftsp\u00e4nning. Med tillg\u00e4ngliga sp\u00e4nningar fr\u00e5n 12V DC till 400V AC kan du anpassa fl\u00e4kten efter dina unika driftsf\u00f6rh\u00e5llanden. F\u00f6r att ytterligare f\u00f6rb\u00e4ttra skyddet av\u00a0 kan du v\u00e4lja att uppgradera med Z-Line-filter av filterklass F5, vilket ger dig IP55. Detta garanterar inte bara optimal luftstr\u00f6m, utan ocks\u00e5 ett effektivt skydd mot damm och smuts.   Med v\u00e5ra filterfl\u00e4ktar f\u00e5r du en p\u00e5litlig och h\u00f6gpresterande l\u00f6sning f\u00f6r luftkonditionering i Apparatsk\u00e5p &amp; Kapslingar med m\u00f6jlighet att skr\u00e4ddarsy efter dina specifika behov och krav.","og_url":"https:\/\/c-profil.se\/english\/product\/filter-fan-lv\/","og_site_name":"C-Pro","article_publisher":"https:\/\/www.facebook.com\/people\/C-Pro\/61561767306874\/","article_modified_time":"2026-03-19T14:40:16+00:00","og_image":[{"width":1000,"height":1000,"url":"https:\/\/c-profil.se\/wp-content\/uploads\/2016\/10\/Filterflakt-LV.jpg","type":"image\/jpeg"}],"twitter_card":"summary_large_image","twitter_misc":{"Price":"","Availability":"In stock"},"schema":{"@context":"https:\/\/schema.org","@graph":[{"@type":"WebPage","@id":"https:\/\/c-profil.se\/produkt\/filterflakt-lv\/","url":"https:\/\/c-profil.se\/produkt\/filterflakt-lv\/","name":"Filter fan \/ LV from C-Pro: A series with 15 performance classes","isPartOf":{"@id":"https:\/\/c-profil.se\/#website"},"primaryImageOfPage":{"@id":"https:\/\/c-profil.se\/produkt\/filterflakt-lv\/#primaryimage"},"image":{"@id":"https:\/\/c-profil.se\/produkt\/filterflakt-lv\/#primaryimage"},"thumbnailUrl":"https:\/\/c-profil.se\/wp-content\/uploads\/2016\/10\/Filterflakt-LV.jpg","datePublished":"2016-10-31T14:39:00+00:00","dateModified":"2026-03-19T14:40:16+00:00","description":"Discover the most comprehensive series of filter fans on the market with Filter fan \/ LV from C-Pro. The series offers 15 different performance classes. Read More!","breadcrumb":{"@id":"https:\/\/c-profil.se\/produkt\/filterflakt-lv\/#breadcrumb"},"inLanguage":"en","potentialAction":[{"@type":"ReadAction","target":["https:\/\/c-profil.se\/produkt\/filterflakt-lv\/"]}]},{"@type":"ImageObject","inLanguage":"en","@id":"https:\/\/c-profil.se\/produkt\/filterflakt-lv\/#primaryimage","url":"https:\/\/c-profil.se\/wp-content\/uploads\/2016\/10\/Filterflakt-LV.jpg","contentUrl":"https:\/\/c-profil.se\/wp-content\/uploads\/2016\/10\/Filterflakt-LV.jpg","width":1000,"height":1000,"caption":"Filterfl\u00e4kt f\u00f6r apparatsk\u00e5p \u2013 effektiv kylning"},{"@type":"BreadcrumbList","@id":"https:\/\/c-profil.se\/produkt\/filterflakt-lv\/#breadcrumb","itemListElement":[{"@type":"ListItem","position":1,"name":"Hem","item":"https:\/\/c-profil.se\/"},{"@type":"ListItem","position":2,"name":"Produkter","item":"https:\/\/c-profil.se\/produkter\/"},{"@type":"ListItem","position":3,"name":"Filterfl\u00e4ktar","item":"https:\/\/c-profil.se\/produkt-kategori\/filterflaktar\/"},{"@type":"ListItem","position":4,"name":"Filterfl\u00e4kt | LV"}]},{"@type":"WebSite","@id":"https:\/\/c-profil.se\/#website","url":"https:\/\/c-profil.se\/","name":"C-Pro","description":"Products for Electricity and Automation","publisher":{"@id":"https:\/\/c-profil.se\/#organization"},"potentialAction":[{"@type":"SearchAction","target":{"@type":"EntryPoint","urlTemplate":"https:\/\/c-profil.se\/?s={search_term_string}"},"query-input":{"@type":"PropertyValueSpecification","valueRequired":true,"valueName":"search_term_string"}}],"inLanguage":"en"},{"@type":"Organization","@id":"https:\/\/c-profil.se\/#organization","name":"C-Pro","alternateName":"C-PRO","url":"https:\/\/c-profil.se\/","logo":{"@type":"ImageObject","inLanguage":"en","@id":"https:\/\/c-profil.se\/#\/schema\/logo\/image\/","url":"https:\/\/c-profil.se\/wp-content\/uploads\/2022\/03\/c-pro-logga-liggande-500x500-1.png","contentUrl":"https:\/\/c-profil.se\/wp-content\/uploads\/2022\/03\/c-pro-logga-liggande-500x500-1.png","width":500,"height":500,"caption":"C-Pro"},"image":{"@id":"https:\/\/c-profil.se\/#\/schema\/logo\/image\/"},"sameAs":["https:\/\/www.facebook.com\/people\/C-Pro\/61561767306874\/","https:\/\/www.linkedin.com\/company\/c-pro-ab","https:\/\/www.instagram.com\/cpro.ab\/"],"description":"C-PRO AB is a comprehensive supplier of materials for applications in electricity and automation. Ever since the start in 1987, we have supplied the Swedish manufacturing industry with electrical materials. Despite our size and leading position, we have never abandoned our basic philosophy, to be a personal supplier. We at C-PRO are easy to get in touch with, honest and passionate about solving our customers&#039; problems.","email":"info@c-profil.se","telephone":"031575785","legalName":"C-Profil F\u00f6rl\u00e4ggningsmaterial AB","foundingDate":"1987-01-01"}]},"product_brand":"apparatsk\u00e5p","product_price_currency":"SEK","og_availability":"instock","product_availability":"instock","product_retailer_item_id":"LV","product_condition":"new"},"_links":{"self":[{"href":"https:\/\/c-profil.se\/english\/wp-json\/wp\/v2\/product\/24265","targetHints":{"allow":["GET"]}}],"collection":[{"href":"https:\/\/c-profil.se\/english\/wp-json\/wp\/v2\/product"}],"about":[{"href":"https:\/\/c-profil.se\/english\/wp-json\/wp\/v2\/types\/product"}],"version-history":[{"count":10,"href":"https:\/\/c-profil.se\/english\/wp-json\/wp\/v2\/product\/24265\/revisions"}],"predecessor-version":[{"id":74363,"href":"https:\/\/c-profil.se\/english\/wp-json\/wp\/v2\/product\/24265\/revisions\/74363"}],"wp:featuredmedia":[{"embeddable":true,"href":"https:\/\/c-profil.se\/english\/wp-json\/wp\/v2\/media\/46008"}],"wp:attachment":[{"href":"https:\/\/c-profil.se\/english\/wp-json\/wp\/v2\/media?parent=24265"}],"wp:term":[{"taxonomy":"product_brand","embeddable":true,"href":"https:\/\/c-profil.se\/english\/wp-json\/wp\/v2\/product_brand?post=24265"},{"taxonomy":"product_cat","embeddable":true,"href":"https:\/\/c-profil.se\/english\/wp-json\/wp\/v2\/product_cat?post=24265"},{"taxonomy":"product_tag","embeddable":true,"href":"https:\/\/c-profil.se\/english\/wp-json\/wp\/v2\/product_tag?post=24265"}],"curies":[{"name":"wp","href":"https:\/\/api.w.org\/{rel}","templated":true}]}}