{"id":23977,"date":"2016-08-18T13:35:00","date_gmt":"2016-08-18T12:35:00","guid":{"rendered":"https:\/\/c-profil.se\/produkt\/varmevaxlare-luftvatten\/"},"modified":"2026-03-19T15:43:05","modified_gmt":"2026-03-19T14:43:05","slug":"heat-exchanger-air-water","status":"publish","type":"product","link":"https:\/\/c-profil.se\/english\/produkt\/varmevaxlare-luft-vatten\/","title":{"rendered":"Air\/Water Heat Exchanger | BLU"},"content":{"rendered":"<p><strong>Air\/water heat exchangers cool the inside of the enclosure using an internal water-borne cooling package.<\/strong><br \/>\nOnly an internal fan is used, eliminating the need for filters and external maintenance, but requires access to external cooling water.<\/p>","protected":false},"excerpt":{"rendered":"<p>Heat exchanger air \/ water, cools the inner part of the cabinet with the help of an inner water-borne cooling package.<br \/>\nOnly internal fan which means no external maintenance of filters etc.<\/p>\n<ul>\n<li>Available external cooling water is required.<\/li>\n<\/ul>","protected":false},"featured_media":51385,"template":"","meta":{"_acf_changed":false},"product_brand":[746],"product_cat":[208],"product_tag":[940,963,952,964],"class_list":{"0":"post-23977","1":"product","2":"type-product","3":"status-publish","4":"has-post-thumbnail","6":"product_brand-rubsamen-herr","7":"product_cat-varmevaxlare","8":"product_tag-apparatskap","9":"product_tag-klimatisering-av-apparatskap","10":"product_tag-kravande-miljo","11":"product_tag-ventilation","13":"first","14":"instock","15":"shipping-taxable","16":"product-type-simple"},"acf":[],"yoast_head":"<!-- This site is optimized with the Yoast SEO Premium plugin v27.4 (Yoast SEO v27.4) - https:\/\/yoast.com\/product\/yoast-seo-premium-wordpress\/ -->\n<title>V\u00e4rmev\u00e4xlare Luft\/Vatten - C-Pro<\/title>\n<meta name=\"description\" content=\"V\u00e4rmev\u00e4xlare luft\/vatten, kyler inre delen av sk\u00e5pet med hj\u00e4lp av en inre vattenburet kylpaket. V\u00e4rmev\u00e4xlaren har en inre fl\u00e4kt. L\u00e4s Mer!\" \/>\n<meta name=\"robots\" content=\"index, follow, max-snippet:-1, max-image-preview:large, max-video-preview:-1\" \/>\n<link rel=\"canonical\" href=\"https:\/\/c-profil.se\/english\/product\/heat-exchanger-air-water\/\" \/>\n<meta property=\"og:locale\" content=\"en_US\" \/>\n<meta property=\"og:type\" content=\"article\" \/>\n<meta property=\"og:title\" content=\"V\u00e4rmev\u00e4xlare Luft\/Vatten | BLU - C-Pro\" \/>\n<meta property=\"og:description\" content=\"V\u00e4rmev\u00e4xlare luft\/vatten, kyler inre delen av sk\u00e5pet med hj\u00e4lp av en inre vattenburet kylpaket. Endast inre fl\u00e4kt vilket inneb\u00e4r inget yttre underh\u00e5ll av filter etc.  Tillg\u00e4ngligt yttre kylvatten kr\u00e4vs.\" \/>\n<meta property=\"og:url\" content=\"https:\/\/c-profil.se\/english\/product\/heat-exchanger-air-water\/\" \/>\n<meta property=\"og:site_name\" content=\"C-Pro\" \/>\n<meta property=\"article:publisher\" content=\"https:\/\/www.facebook.com\/people\/C-Pro\/61561767306874\/\" \/>\n<meta property=\"article:modified_time\" content=\"2026-03-19T14:43:05+00:00\" \/>\n<meta property=\"og:image\" content=\"https:\/\/c-profil.se\/wp-content\/uploads\/2016\/08\/Varmevaxlare-LuftVatten.jpg\" \/>\n\t<meta property=\"og:image:width\" content=\"1000\" \/>\n\t<meta property=\"og:image:height\" content=\"1000\" \/>\n\t<meta property=\"og:image:type\" content=\"image\/jpeg\" \/>\n<meta name=\"twitter:card\" content=\"summary_large_image\" \/>\n<meta name=\"twitter:label1\" content=\"Price\" \/>\n\t<meta name=\"twitter:data1\" content=\"\" \/>\n\t<meta name=\"twitter:label2\" content=\"Availability\" \/>\n\t<meta name=\"twitter:data2\" content=\"In stock\" \/>\n<script type=\"application\/ld+json\" class=\"yoast-schema-graph\">{\"@context\":\"https:\\\/\\\/schema.org\",\"@graph\":[{\"@type\":\"WebPage\",\"@id\":\"https:\\\/\\\/c-profil.se\\\/produkt\\\/varmevaxlare-luft-vatten\\\/\",\"url\":\"https:\\\/\\\/c-profil.se\\\/produkt\\\/varmevaxlare-luft-vatten\\\/\",\"name\":\"V\u00e4rmev\u00e4xlare Luft\\\/Vatten - C-Pro\",\"isPartOf\":{\"@id\":\"https:\\\/\\\/c-profil.se\\\/#website\"},\"primaryImageOfPage\":{\"@id\":\"https:\\\/\\\/c-profil.se\\\/produkt\\\/varmevaxlare-luft-vatten\\\/#primaryimage\"},\"image\":{\"@id\":\"https:\\\/\\\/c-profil.se\\\/produkt\\\/varmevaxlare-luft-vatten\\\/#primaryimage\"},\"thumbnailUrl\":\"https:\\\/\\\/c-profil.se\\\/wp-content\\\/uploads\\\/2016\\\/08\\\/Varmevaxlare-LuftVatten.jpg\",\"datePublished\":\"2016-08-18T12:35:00+00:00\",\"dateModified\":\"2026-03-19T14:43:05+00:00\",\"description\":\"V\u00e4rmev\u00e4xlare luft\\\/vatten, kyler inre delen av sk\u00e5pet med hj\u00e4lp av en inre vattenburet kylpaket. V\u00e4rmev\u00e4xlaren har en inre fl\u00e4kt. L\u00e4s Mer!\",\"breadcrumb\":{\"@id\":\"https:\\\/\\\/c-profil.se\\\/produkt\\\/varmevaxlare-luft-vatten\\\/#breadcrumb\"},\"inLanguage\":\"en\",\"potentialAction\":[{\"@type\":\"ReadAction\",\"target\":[\"https:\\\/\\\/c-profil.se\\\/produkt\\\/varmevaxlare-luft-vatten\\\/\"]}]},{\"@type\":\"ImageObject\",\"inLanguage\":\"en\",\"@id\":\"https:\\\/\\\/c-profil.se\\\/produkt\\\/varmevaxlare-luft-vatten\\\/#primaryimage\",\"url\":\"https:\\\/\\\/c-profil.se\\\/wp-content\\\/uploads\\\/2016\\\/08\\\/Varmevaxlare-LuftVatten.jpg\",\"contentUrl\":\"https:\\\/\\\/c-profil.se\\\/wp-content\\\/uploads\\\/2016\\\/08\\\/Varmevaxlare-LuftVatten.jpg\",\"width\":1000,\"height\":1000,\"caption\":\"V\u00e4rmev\u00e4xlare Luft\\\/Vatten\"},{\"@type\":\"BreadcrumbList\",\"@id\":\"https:\\\/\\\/c-profil.se\\\/produkt\\\/varmevaxlare-luft-vatten\\\/#breadcrumb\",\"itemListElement\":[{\"@type\":\"ListItem\",\"position\":1,\"name\":\"Hem\",\"item\":\"https:\\\/\\\/c-profil.se\\\/\"},{\"@type\":\"ListItem\",\"position\":2,\"name\":\"Produkter\",\"item\":\"https:\\\/\\\/c-profil.se\\\/produkter\\\/\"},{\"@type\":\"ListItem\",\"position\":3,\"name\":\"V\u00e4rmev\u00e4xlare\",\"item\":\"https:\\\/\\\/c-profil.se\\\/produkt-kategori\\\/varmevaxlare\\\/\"},{\"@type\":\"ListItem\",\"position\":4,\"name\":\"V\u00e4rmev\u00e4xlare Luft\\\/Vatten | BLU\"}]},{\"@type\":\"WebSite\",\"@id\":\"https:\\\/\\\/c-profil.se\\\/#website\",\"url\":\"https:\\\/\\\/c-profil.se\\\/\",\"name\":\"C-Pro\",\"description\":\"Produkter f\u00f6r El och Automation\",\"publisher\":{\"@id\":\"https:\\\/\\\/c-profil.se\\\/#organization\"},\"potentialAction\":[{\"@type\":\"SearchAction\",\"target\":{\"@type\":\"EntryPoint\",\"urlTemplate\":\"https:\\\/\\\/c-profil.se\\\/?s={search_term_string}\"},\"query-input\":{\"@type\":\"PropertyValueSpecification\",\"valueRequired\":true,\"valueName\":\"search_term_string\"}}],\"inLanguage\":\"en\"},{\"@type\":\"Organization\",\"@id\":\"https:\\\/\\\/c-profil.se\\\/#organization\",\"name\":\"C-Pro\",\"alternateName\":\"C-PRO\",\"url\":\"https:\\\/\\\/c-profil.se\\\/\",\"logo\":{\"@type\":\"ImageObject\",\"inLanguage\":\"en\",\"@id\":\"https:\\\/\\\/c-profil.se\\\/#\\\/schema\\\/logo\\\/image\\\/\",\"url\":\"https:\\\/\\\/c-profil.se\\\/wp-content\\\/uploads\\\/2022\\\/03\\\/c-pro-logga-liggande-500x500-1.png\",\"contentUrl\":\"https:\\\/\\\/c-profil.se\\\/wp-content\\\/uploads\\\/2022\\\/03\\\/c-pro-logga-liggande-500x500-1.png\",\"width\":500,\"height\":500,\"caption\":\"C-Pro\"},\"image\":{\"@id\":\"https:\\\/\\\/c-profil.se\\\/#\\\/schema\\\/logo\\\/image\\\/\"},\"sameAs\":[\"https:\\\/\\\/www.facebook.com\\\/people\\\/C-Pro\\\/61561767306874\\\/\",\"https:\\\/\\\/www.linkedin.com\\\/company\\\/c-pro-ab\",\"https:\\\/\\\/www.instagram.com\\\/cpro.ab\\\/\"],\"description\":\"C-PRO AB \u00e4r en helt\u00e4ckande leverant\u00f6r av material f\u00f6r applikationer inom el och automation. \u00c4nda sedan starten 1987 har vi f\u00f6rsett den svenska tillverkande industrin med elmaterial. Trots v\u00e5r storlek och ledande position har vi aldrig \u00f6vergett v\u00e5r grundfilosofi, att vara en personlig leverant\u00f6r. Vi p\u00e5 C-PRO \u00e4r l\u00e4tta att komma i kontakt med, \u00e4rliga och brinner f\u00f6r att l\u00f6sa v\u00e5ra kunders problem.\",\"email\":\"info@c-profil.se\",\"telephone\":\"031575785\",\"legalName\":\"C-Profil F\u00f6rl\u00e4ggningsmaterial AB\",\"foundingDate\":\"1987-01-01\"}]}<\/script>\n<meta property=\"product:brand\" content=\"apparatsk\u00e5p\" \/>\n<meta property=\"product:price:currency\" content=\"SEK\" \/>\n<meta property=\"og:availability\" content=\"instock\" \/>\n<meta property=\"product:availability\" content=\"instock\" \/>\n<meta property=\"product:retailer_item_id\" content=\"BLU\" \/>\n<meta property=\"product:condition\" content=\"new\" \/>\n<!-- \/ Yoast SEO Premium plugin. -->","yoast_head_json":{"title":"Heat exchanger Air \/ Water - C-Pro","description":"Air\/water heat exchanger, cools the interior of the cabinet using an internal water-borne cooling package. The heat exchanger has an internal fan. Read More!","robots":{"index":"index","follow":"follow","max-snippet":"max-snippet:-1","max-image-preview":"max-image-preview:large","max-video-preview":"max-video-preview:-1"},"canonical":"https:\/\/c-profil.se\/english\/product\/heat-exchanger-air-water\/","og_locale":"en_US","og_type":"article","og_title":"V\u00e4rmev\u00e4xlare Luft\/Vatten | BLU - C-Pro","og_description":"V\u00e4rmev\u00e4xlare luft\/vatten, kyler inre delen av sk\u00e5pet med hj\u00e4lp av en inre vattenburet kylpaket. Endast inre fl\u00e4kt vilket inneb\u00e4r inget yttre underh\u00e5ll av filter etc.  Tillg\u00e4ngligt yttre kylvatten kr\u00e4vs.","og_url":"https:\/\/c-profil.se\/english\/product\/heat-exchanger-air-water\/","og_site_name":"C-Pro","article_publisher":"https:\/\/www.facebook.com\/people\/C-Pro\/61561767306874\/","article_modified_time":"2026-03-19T14:43:05+00:00","og_image":[{"width":1000,"height":1000,"url":"https:\/\/c-profil.se\/wp-content\/uploads\/2016\/08\/Varmevaxlare-LuftVatten.jpg","type":"image\/jpeg"}],"twitter_card":"summary_large_image","twitter_misc":{"Price":"","Availability":"In stock"},"schema":{"@context":"https:\/\/schema.org","@graph":[{"@type":"WebPage","@id":"https:\/\/c-profil.se\/produkt\/varmevaxlare-luft-vatten\/","url":"https:\/\/c-profil.se\/produkt\/varmevaxlare-luft-vatten\/","name":"Heat exchanger Air \/ Water - C-Pro","isPartOf":{"@id":"https:\/\/c-profil.se\/#website"},"primaryImageOfPage":{"@id":"https:\/\/c-profil.se\/produkt\/varmevaxlare-luft-vatten\/#primaryimage"},"image":{"@id":"https:\/\/c-profil.se\/produkt\/varmevaxlare-luft-vatten\/#primaryimage"},"thumbnailUrl":"https:\/\/c-profil.se\/wp-content\/uploads\/2016\/08\/Varmevaxlare-LuftVatten.jpg","datePublished":"2016-08-18T12:35:00+00:00","dateModified":"2026-03-19T14:43:05+00:00","description":"Air\/water heat exchanger, cools the interior of the cabinet using an internal water-borne cooling package. The heat exchanger has an internal fan. Read More!","breadcrumb":{"@id":"https:\/\/c-profil.se\/produkt\/varmevaxlare-luft-vatten\/#breadcrumb"},"inLanguage":"en","potentialAction":[{"@type":"ReadAction","target":["https:\/\/c-profil.se\/produkt\/varmevaxlare-luft-vatten\/"]}]},{"@type":"ImageObject","inLanguage":"en","@id":"https:\/\/c-profil.se\/produkt\/varmevaxlare-luft-vatten\/#primaryimage","url":"https:\/\/c-profil.se\/wp-content\/uploads\/2016\/08\/Varmevaxlare-LuftVatten.jpg","contentUrl":"https:\/\/c-profil.se\/wp-content\/uploads\/2016\/08\/Varmevaxlare-LuftVatten.jpg","width":1000,"height":1000,"caption":"V\u00e4rmev\u00e4xlare Luft\/Vatten"},{"@type":"BreadcrumbList","@id":"https:\/\/c-profil.se\/produkt\/varmevaxlare-luft-vatten\/#breadcrumb","itemListElement":[{"@type":"ListItem","position":1,"name":"Hem","item":"https:\/\/c-profil.se\/"},{"@type":"ListItem","position":2,"name":"Produkter","item":"https:\/\/c-profil.se\/produkter\/"},{"@type":"ListItem","position":3,"name":"V\u00e4rmev\u00e4xlare","item":"https:\/\/c-profil.se\/produkt-kategori\/varmevaxlare\/"},{"@type":"ListItem","position":4,"name":"V\u00e4rmev\u00e4xlare Luft\/Vatten | BLU"}]},{"@type":"WebSite","@id":"https:\/\/c-profil.se\/#website","url":"https:\/\/c-profil.se\/","name":"C-Pro","description":"Products for Electricity and Automation","publisher":{"@id":"https:\/\/c-profil.se\/#organization"},"potentialAction":[{"@type":"SearchAction","target":{"@type":"EntryPoint","urlTemplate":"https:\/\/c-profil.se\/?s={search_term_string}"},"query-input":{"@type":"PropertyValueSpecification","valueRequired":true,"valueName":"search_term_string"}}],"inLanguage":"en"},{"@type":"Organization","@id":"https:\/\/c-profil.se\/#organization","name":"C-Pro","alternateName":"C-PRO","url":"https:\/\/c-profil.se\/","logo":{"@type":"ImageObject","inLanguage":"en","@id":"https:\/\/c-profil.se\/#\/schema\/logo\/image\/","url":"https:\/\/c-profil.se\/wp-content\/uploads\/2022\/03\/c-pro-logga-liggande-500x500-1.png","contentUrl":"https:\/\/c-profil.se\/wp-content\/uploads\/2022\/03\/c-pro-logga-liggande-500x500-1.png","width":500,"height":500,"caption":"C-Pro"},"image":{"@id":"https:\/\/c-profil.se\/#\/schema\/logo\/image\/"},"sameAs":["https:\/\/www.facebook.com\/people\/C-Pro\/61561767306874\/","https:\/\/www.linkedin.com\/company\/c-pro-ab","https:\/\/www.instagram.com\/cpro.ab\/"],"description":"C-PRO AB is a comprehensive supplier of materials for applications in electricity and automation. Ever since the start in 1987, we have supplied the Swedish manufacturing industry with electrical materials. Despite our size and leading position, we have never abandoned our basic philosophy, to be a personal supplier. We at C-PRO are easy to get in touch with, honest and passionate about solving our customers&#039; problems.","email":"info@c-profil.se","telephone":"031575785","legalName":"C-Profil F\u00f6rl\u00e4ggningsmaterial AB","foundingDate":"1987-01-01"}]},"product_brand":"apparatsk\u00e5p","product_price_currency":"SEK","og_availability":"instock","product_availability":"instock","product_retailer_item_id":"BLU","product_condition":"new"},"_links":{"self":[{"href":"https:\/\/c-profil.se\/english\/wp-json\/wp\/v2\/product\/23977","targetHints":{"allow":["GET"]}}],"collection":[{"href":"https:\/\/c-profil.se\/english\/wp-json\/wp\/v2\/product"}],"about":[{"href":"https:\/\/c-profil.se\/english\/wp-json\/wp\/v2\/types\/product"}],"version-history":[{"count":8,"href":"https:\/\/c-profil.se\/english\/wp-json\/wp\/v2\/product\/23977\/revisions"}],"predecessor-version":[{"id":74378,"href":"https:\/\/c-profil.se\/english\/wp-json\/wp\/v2\/product\/23977\/revisions\/74378"}],"wp:featuredmedia":[{"embeddable":true,"href":"https:\/\/c-profil.se\/english\/wp-json\/wp\/v2\/media\/51385"}],"wp:attachment":[{"href":"https:\/\/c-profil.se\/english\/wp-json\/wp\/v2\/media?parent=23977"}],"wp:term":[{"taxonomy":"product_brand","embeddable":true,"href":"https:\/\/c-profil.se\/english\/wp-json\/wp\/v2\/product_brand?post=23977"},{"taxonomy":"product_cat","embeddable":true,"href":"https:\/\/c-profil.se\/english\/wp-json\/wp\/v2\/product_cat?post=23977"},{"taxonomy":"product_tag","embeddable":true,"href":"https:\/\/c-profil.se\/english\/wp-json\/wp\/v2\/product_tag?post=23977"}],"curies":[{"name":"wp","href":"https:\/\/api.w.org\/{rel}","templated":true}]}}