{"id":23971,"date":"2016-08-18T13:21:00","date_gmt":"2016-08-18T12:21:00","guid":{"rendered":"https:\/\/c-profil.se\/produkt\/kylaggregat-peltier\/"},"modified":"2026-03-19T15:42:23","modified_gmt":"2026-03-19T14:42:23","slug":"peltier-cooler","status":"publish","type":"product","link":"https:\/\/c-profil.se\/english\/produkt\/peltierkylare\/","title":{"rendered":"Peltier cooler | PK"},"content":{"rendered":"<p><strong>Efficient Peltier cooler for smaller control cabinets, panels and control tables.<\/strong><br \/>\nAn environmentally friendly alternative without liquid refrigerant that offers both cooling and heating functions in a compact design, ideal where space is limited.<\/p>","protected":false},"excerpt":{"rendered":"<p>Efficient Peltier cooler for smaller cabinets and control panels. A more environmentally friendly alternative for cooling without liquid fluids. If you need cooling\/heating but not the space, use a Peltier.<\/p>\n<ul>\n<li>Air conditioning for small cabinets, panels and control tables<\/li>\n<li>Environmentally friendly with thermoelectric cooling elements, without liquid refrigerant<\/li>\n<li>Separate inner and outer air cycles<\/li>\n<li>Small dimensions, function in all positions<\/li>\n<li>Heating and cooling function with one unit is possible and can be ordered as an option<\/li>\n<\/ul>","protected":false},"featured_media":45534,"template":"","meta":{"_acf_changed":false},"product_brand":[746],"product_cat":[207],"product_tag":[940,963,952,962,964],"class_list":{"0":"post-23971","1":"product","2":"type-product","3":"status-publish","4":"has-post-thumbnail","6":"product_brand-rubsamen-herr","7":"product_cat-kylaggregat","8":"product_tag-apparatskap","9":"product_tag-klimatisering-av-apparatskap","10":"product_tag-kravande-miljo","11":"product_tag-kylning","12":"product_tag-ventilation","14":"first","15":"instock","16":"shipping-taxable","17":"product-type-simple"},"acf":[],"yoast_head":"<!-- This site is optimized with the Yoast SEO Premium plugin v27.4 (Yoast SEO v27.4) - https:\/\/yoast.com\/product\/yoast-seo-premium-wordpress\/ -->\n<title>Peltierkylare - C-Pro<\/title>\n<meta name=\"description\" content=\"Effektiv Peltierkylare f\u00f6r mindre sk\u00e5p och kontrollpaneler. Ett milj\u00f6v\u00e4nligare alternativ f\u00f6r kylning utan flytande v\u00e4tskor. L\u00e4s Mer!\" \/>\n<meta name=\"robots\" content=\"index, follow, max-snippet:-1, max-image-preview:large, max-video-preview:-1\" \/>\n<link rel=\"canonical\" href=\"https:\/\/c-profil.se\/english\/product\/peltier-cooler\/\" \/>\n<meta property=\"og:locale\" content=\"en_US\" \/>\n<meta property=\"og:type\" content=\"article\" \/>\n<meta property=\"og:title\" content=\"Peltierkylare | PK - C-Pro\" \/>\n<meta property=\"og:description\" content=\"Effektiv Peltierkylare f\u00f6r mindre sk\u00e5p och kontrollpaneler. Ett milj\u00f6v\u00e4nligare alternativ f\u00f6r kylning utan flytande v\u00e4tskor. Har du behov av kyla\/v\u00e4rme men inte platsen, anv\u00e4nda ett Peltier.   Luftkonditionering f\u00f6r sm\u00e5 sk\u00e5p, paneler och kontrollbord  Milj\u00f6v\u00e4nlig med termoelektriska kylelement, utan flytande k\u00f6ldmedium  Separata inre och yttre luftcykler  Sm\u00e5 dimensioner, funktion i alla positioner  V\u00e4rme- och kylfunktion med en enhet \u00e4r m\u00f6jlig och kan best\u00e4llas som tillval\" \/>\n<meta property=\"og:url\" content=\"https:\/\/c-profil.se\/english\/product\/peltier-cooler\/\" \/>\n<meta property=\"og:site_name\" content=\"C-Pro\" \/>\n<meta property=\"article:publisher\" content=\"https:\/\/www.facebook.com\/people\/C-Pro\/61561767306874\/\" \/>\n<meta property=\"article:modified_time\" content=\"2026-03-19T14:42:23+00:00\" \/>\n<meta property=\"og:image\" content=\"https:\/\/c-profil.se\/wp-content\/uploads\/2016\/08\/Peltierkylare.jpg\" \/>\n\t<meta property=\"og:image:width\" content=\"1000\" \/>\n\t<meta property=\"og:image:height\" content=\"1000\" \/>\n\t<meta property=\"og:image:type\" content=\"image\/jpeg\" \/>\n<meta name=\"twitter:card\" content=\"summary_large_image\" \/>\n<meta name=\"twitter:label1\" content=\"Price\" \/>\n\t<meta name=\"twitter:data1\" content=\"\" \/>\n\t<meta name=\"twitter:label2\" content=\"Availability\" \/>\n\t<meta name=\"twitter:data2\" content=\"In stock\" \/>\n<script type=\"application\/ld+json\" class=\"yoast-schema-graph\">{\"@context\":\"https:\\\/\\\/schema.org\",\"@graph\":[{\"@type\":\"WebPage\",\"@id\":\"https:\\\/\\\/c-profil.se\\\/produkt\\\/peltierkylare\\\/\",\"url\":\"https:\\\/\\\/c-profil.se\\\/produkt\\\/peltierkylare\\\/\",\"name\":\"Peltierkylare - C-Pro\",\"isPartOf\":{\"@id\":\"https:\\\/\\\/c-profil.se\\\/#website\"},\"primaryImageOfPage\":{\"@id\":\"https:\\\/\\\/c-profil.se\\\/produkt\\\/peltierkylare\\\/#primaryimage\"},\"image\":{\"@id\":\"https:\\\/\\\/c-profil.se\\\/produkt\\\/peltierkylare\\\/#primaryimage\"},\"thumbnailUrl\":\"https:\\\/\\\/c-profil.se\\\/wp-content\\\/uploads\\\/2016\\\/08\\\/Peltierkylare.jpg\",\"datePublished\":\"2016-08-18T12:21:00+00:00\",\"dateModified\":\"2026-03-19T14:42:23+00:00\",\"description\":\"Effektiv Peltierkylare f\u00f6r mindre sk\u00e5p och kontrollpaneler. Ett milj\u00f6v\u00e4nligare alternativ f\u00f6r kylning utan flytande v\u00e4tskor. L\u00e4s Mer!\",\"breadcrumb\":{\"@id\":\"https:\\\/\\\/c-profil.se\\\/produkt\\\/peltierkylare\\\/#breadcrumb\"},\"inLanguage\":\"en\",\"potentialAction\":[{\"@type\":\"ReadAction\",\"target\":[\"https:\\\/\\\/c-profil.se\\\/produkt\\\/peltierkylare\\\/\"]}]},{\"@type\":\"ImageObject\",\"inLanguage\":\"en\",\"@id\":\"https:\\\/\\\/c-profil.se\\\/produkt\\\/peltierkylare\\\/#primaryimage\",\"url\":\"https:\\\/\\\/c-profil.se\\\/wp-content\\\/uploads\\\/2016\\\/08\\\/Peltierkylare.jpg\",\"contentUrl\":\"https:\\\/\\\/c-profil.se\\\/wp-content\\\/uploads\\\/2016\\\/08\\\/Peltierkylare.jpg\",\"width\":1000,\"height\":1000,\"caption\":\"Peltierkylare\"},{\"@type\":\"BreadcrumbList\",\"@id\":\"https:\\\/\\\/c-profil.se\\\/produkt\\\/peltierkylare\\\/#breadcrumb\",\"itemListElement\":[{\"@type\":\"ListItem\",\"position\":1,\"name\":\"Hem\",\"item\":\"https:\\\/\\\/c-profil.se\\\/\"},{\"@type\":\"ListItem\",\"position\":2,\"name\":\"Produkter\",\"item\":\"https:\\\/\\\/c-profil.se\\\/produkter\\\/\"},{\"@type\":\"ListItem\",\"position\":3,\"name\":\"Kylaggregat\",\"item\":\"https:\\\/\\\/c-profil.se\\\/produkt-kategori\\\/kylaggregat\\\/\"},{\"@type\":\"ListItem\",\"position\":4,\"name\":\"Peltierkylare | PK\"}]},{\"@type\":\"WebSite\",\"@id\":\"https:\\\/\\\/c-profil.se\\\/#website\",\"url\":\"https:\\\/\\\/c-profil.se\\\/\",\"name\":\"C-Pro\",\"description\":\"Produkter f\u00f6r El och Automation\",\"publisher\":{\"@id\":\"https:\\\/\\\/c-profil.se\\\/#organization\"},\"potentialAction\":[{\"@type\":\"SearchAction\",\"target\":{\"@type\":\"EntryPoint\",\"urlTemplate\":\"https:\\\/\\\/c-profil.se\\\/?s={search_term_string}\"},\"query-input\":{\"@type\":\"PropertyValueSpecification\",\"valueRequired\":true,\"valueName\":\"search_term_string\"}}],\"inLanguage\":\"en\"},{\"@type\":\"Organization\",\"@id\":\"https:\\\/\\\/c-profil.se\\\/#organization\",\"name\":\"C-Pro\",\"alternateName\":\"C-PRO\",\"url\":\"https:\\\/\\\/c-profil.se\\\/\",\"logo\":{\"@type\":\"ImageObject\",\"inLanguage\":\"en\",\"@id\":\"https:\\\/\\\/c-profil.se\\\/#\\\/schema\\\/logo\\\/image\\\/\",\"url\":\"https:\\\/\\\/c-profil.se\\\/wp-content\\\/uploads\\\/2022\\\/03\\\/c-pro-logga-liggande-500x500-1.png\",\"contentUrl\":\"https:\\\/\\\/c-profil.se\\\/wp-content\\\/uploads\\\/2022\\\/03\\\/c-pro-logga-liggande-500x500-1.png\",\"width\":500,\"height\":500,\"caption\":\"C-Pro\"},\"image\":{\"@id\":\"https:\\\/\\\/c-profil.se\\\/#\\\/schema\\\/logo\\\/image\\\/\"},\"sameAs\":[\"https:\\\/\\\/www.facebook.com\\\/people\\\/C-Pro\\\/61561767306874\\\/\",\"https:\\\/\\\/www.linkedin.com\\\/company\\\/c-pro-ab\",\"https:\\\/\\\/www.instagram.com\\\/cpro.ab\\\/\"],\"description\":\"C-PRO AB \u00e4r en helt\u00e4ckande leverant\u00f6r av material f\u00f6r applikationer inom el och automation. \u00c4nda sedan starten 1987 har vi f\u00f6rsett den svenska tillverkande industrin med elmaterial. Trots v\u00e5r storlek och ledande position har vi aldrig \u00f6vergett v\u00e5r grundfilosofi, att vara en personlig leverant\u00f6r. Vi p\u00e5 C-PRO \u00e4r l\u00e4tta att komma i kontakt med, \u00e4rliga och brinner f\u00f6r att l\u00f6sa v\u00e5ra kunders problem.\",\"email\":\"info@c-profil.se\",\"telephone\":\"031575785\",\"legalName\":\"C-Profil F\u00f6rl\u00e4ggningsmaterial AB\",\"foundingDate\":\"1987-01-01\"}]}<\/script>\n<meta property=\"product:brand\" content=\"apparatsk\u00e5p\" \/>\n<meta property=\"product:price:currency\" content=\"SEK\" \/>\n<meta property=\"og:availability\" content=\"instock\" \/>\n<meta property=\"product:availability\" content=\"instock\" \/>\n<meta property=\"product:retailer_item_id\" content=\"PK\" \/>\n<meta property=\"product:condition\" content=\"new\" \/>\n<!-- \/ Yoast SEO Premium plugin. -->","yoast_head_json":{"title":"Peltier cooler - C-Pro","description":"Efficient Peltier cooler for smaller cabinets and control panels. A more environmentally friendly alternative for cooling without liquid fluids. Read More!","robots":{"index":"index","follow":"follow","max-snippet":"max-snippet:-1","max-image-preview":"max-image-preview:large","max-video-preview":"max-video-preview:-1"},"canonical":"https:\/\/c-profil.se\/english\/product\/peltier-cooler\/","og_locale":"en_US","og_type":"article","og_title":"Peltierkylare | PK - C-Pro","og_description":"Effektiv Peltierkylare f\u00f6r mindre sk\u00e5p och kontrollpaneler. Ett milj\u00f6v\u00e4nligare alternativ f\u00f6r kylning utan flytande v\u00e4tskor. Har du behov av kyla\/v\u00e4rme men inte platsen, anv\u00e4nda ett Peltier.   Luftkonditionering f\u00f6r sm\u00e5 sk\u00e5p, paneler och kontrollbord  Milj\u00f6v\u00e4nlig med termoelektriska kylelement, utan flytande k\u00f6ldmedium  Separata inre och yttre luftcykler  Sm\u00e5 dimensioner, funktion i alla positioner  V\u00e4rme- och kylfunktion med en enhet \u00e4r m\u00f6jlig och kan best\u00e4llas som tillval","og_url":"https:\/\/c-profil.se\/english\/product\/peltier-cooler\/","og_site_name":"C-Pro","article_publisher":"https:\/\/www.facebook.com\/people\/C-Pro\/61561767306874\/","article_modified_time":"2026-03-19T14:42:23+00:00","og_image":[{"width":1000,"height":1000,"url":"https:\/\/c-profil.se\/wp-content\/uploads\/2016\/08\/Peltierkylare.jpg","type":"image\/jpeg"}],"twitter_card":"summary_large_image","twitter_misc":{"Price":"","Availability":"In stock"},"schema":{"@context":"https:\/\/schema.org","@graph":[{"@type":"WebPage","@id":"https:\/\/c-profil.se\/produkt\/peltierkylare\/","url":"https:\/\/c-profil.se\/produkt\/peltierkylare\/","name":"Peltier cooler - C-Pro","isPartOf":{"@id":"https:\/\/c-profil.se\/#website"},"primaryImageOfPage":{"@id":"https:\/\/c-profil.se\/produkt\/peltierkylare\/#primaryimage"},"image":{"@id":"https:\/\/c-profil.se\/produkt\/peltierkylare\/#primaryimage"},"thumbnailUrl":"https:\/\/c-profil.se\/wp-content\/uploads\/2016\/08\/Peltierkylare.jpg","datePublished":"2016-08-18T12:21:00+00:00","dateModified":"2026-03-19T14:42:23+00:00","description":"Efficient Peltier cooler for smaller cabinets and control panels. A more environmentally friendly alternative for cooling without liquid fluids. Read More!","breadcrumb":{"@id":"https:\/\/c-profil.se\/produkt\/peltierkylare\/#breadcrumb"},"inLanguage":"en","potentialAction":[{"@type":"ReadAction","target":["https:\/\/c-profil.se\/produkt\/peltierkylare\/"]}]},{"@type":"ImageObject","inLanguage":"en","@id":"https:\/\/c-profil.se\/produkt\/peltierkylare\/#primaryimage","url":"https:\/\/c-profil.se\/wp-content\/uploads\/2016\/08\/Peltierkylare.jpg","contentUrl":"https:\/\/c-profil.se\/wp-content\/uploads\/2016\/08\/Peltierkylare.jpg","width":1000,"height":1000,"caption":"Peltierkylare"},{"@type":"BreadcrumbList","@id":"https:\/\/c-profil.se\/produkt\/peltierkylare\/#breadcrumb","itemListElement":[{"@type":"ListItem","position":1,"name":"Hem","item":"https:\/\/c-profil.se\/"},{"@type":"ListItem","position":2,"name":"Produkter","item":"https:\/\/c-profil.se\/produkter\/"},{"@type":"ListItem","position":3,"name":"Kylaggregat","item":"https:\/\/c-profil.se\/produkt-kategori\/kylaggregat\/"},{"@type":"ListItem","position":4,"name":"Peltierkylare | PK"}]},{"@type":"WebSite","@id":"https:\/\/c-profil.se\/#website","url":"https:\/\/c-profil.se\/","name":"C-Pro","description":"Products for Electricity and Automation","publisher":{"@id":"https:\/\/c-profil.se\/#organization"},"potentialAction":[{"@type":"SearchAction","target":{"@type":"EntryPoint","urlTemplate":"https:\/\/c-profil.se\/?s={search_term_string}"},"query-input":{"@type":"PropertyValueSpecification","valueRequired":true,"valueName":"search_term_string"}}],"inLanguage":"en"},{"@type":"Organization","@id":"https:\/\/c-profil.se\/#organization","name":"C-Pro","alternateName":"C-PRO","url":"https:\/\/c-profil.se\/","logo":{"@type":"ImageObject","inLanguage":"en","@id":"https:\/\/c-profil.se\/#\/schema\/logo\/image\/","url":"https:\/\/c-profil.se\/wp-content\/uploads\/2022\/03\/c-pro-logga-liggande-500x500-1.png","contentUrl":"https:\/\/c-profil.se\/wp-content\/uploads\/2022\/03\/c-pro-logga-liggande-500x500-1.png","width":500,"height":500,"caption":"C-Pro"},"image":{"@id":"https:\/\/c-profil.se\/#\/schema\/logo\/image\/"},"sameAs":["https:\/\/www.facebook.com\/people\/C-Pro\/61561767306874\/","https:\/\/www.linkedin.com\/company\/c-pro-ab","https:\/\/www.instagram.com\/cpro.ab\/"],"description":"C-PRO AB is a comprehensive supplier of materials for applications in electricity and automation. Ever since the start in 1987, we have supplied the Swedish manufacturing industry with electrical materials. Despite our size and leading position, we have never abandoned our basic philosophy, to be a personal supplier. We at C-PRO are easy to get in touch with, honest and passionate about solving our customers&#039; problems.","email":"info@c-profil.se","telephone":"031575785","legalName":"C-Profil F\u00f6rl\u00e4ggningsmaterial AB","foundingDate":"1987-01-01"}]},"product_brand":"apparatsk\u00e5p","product_price_currency":"SEK","og_availability":"instock","product_availability":"instock","product_retailer_item_id":"PK","product_condition":"new"},"_links":{"self":[{"href":"https:\/\/c-profil.se\/english\/wp-json\/wp\/v2\/product\/23971","targetHints":{"allow":["GET"]}}],"collection":[{"href":"https:\/\/c-profil.se\/english\/wp-json\/wp\/v2\/product"}],"about":[{"href":"https:\/\/c-profil.se\/english\/wp-json\/wp\/v2\/types\/product"}],"version-history":[{"count":7,"href":"https:\/\/c-profil.se\/english\/wp-json\/wp\/v2\/product\/23971\/revisions"}],"predecessor-version":[{"id":74356,"href":"https:\/\/c-profil.se\/english\/wp-json\/wp\/v2\/product\/23971\/revisions\/74356"}],"wp:featuredmedia":[{"embeddable":true,"href":"https:\/\/c-profil.se\/english\/wp-json\/wp\/v2\/media\/45534"}],"wp:attachment":[{"href":"https:\/\/c-profil.se\/english\/wp-json\/wp\/v2\/media?parent=23971"}],"wp:term":[{"taxonomy":"product_brand","embeddable":true,"href":"https:\/\/c-profil.se\/english\/wp-json\/wp\/v2\/product_brand?post=23971"},{"taxonomy":"product_cat","embeddable":true,"href":"https:\/\/c-profil.se\/english\/wp-json\/wp\/v2\/product_cat?post=23971"},{"taxonomy":"product_tag","embeddable":true,"href":"https:\/\/c-profil.se\/english\/wp-json\/wp\/v2\/product_tag?post=23971"}],"curies":[{"name":"wp","href":"https:\/\/api.w.org\/{rel}","templated":true}]}}