{"id":23969,"date":"2016-08-18T13:16:00","date_gmt":"2016-08-18T12:16:00","guid":{"rendered":"https:\/\/c-profil.se\/produkt\/kylaggregat-tak\/"},"modified":"2026-03-19T15:42:23","modified_gmt":"2026-03-19T14:42:23","slug":"cooling-unit-roof","status":"publish","type":"product","link":"https:\/\/c-profil.se\/english\/produkt\/kylaggregat-tak\/","title":{"rendered":"Cooling unit | Roof"},"content":{"rendered":"<p><strong>Ceiling-mounted cooling units with cooling capacity from 300 to 6000 W for effective temperature control in control cabinets.<\/strong><br \/>\nThe unit has a double cooling fin, built-in hot-pipe for evaporation of condensation water and a protective shutdown in case of flooding of the condensation tray, with a visual alarm as standard.<\/p>","protected":false},"excerpt":{"rendered":"<p>Cooling unit \/ Ceiling for ceiling mounting, with a power from 300W-6000W. The units have double cooling fins and visual alarm as standard. Filter grids and filter mats are not included. The cooling units have a built-in &quot;hot-pipe&quot; loop that evaporates the condensation water from the collection tray. If the condensation tray overflows, the cooling unit is switched off.<\/p>\n<ul>\n<li><strong>The cooling units are also available with UL certification.<\/strong><\/li>\n<\/ul>\n<p><strong>Top version:<\/strong><\/p>\n<ul>\n<li>2 PLUG-IN connectors for power supply<\/li>\n<li>Control with alarm for overtemperature<\/li>\n<li>Remote ON\/OFF (door contact switch)<\/li>\n<li>RS485 serial interface for remote control (ordered separately)<\/li>\n<\/ul>\n<p><strong>Other:<\/strong><\/p>\n<ul>\n<li>Foamed polyurethane gasket on the back of the unit.<\/li>\n<li>Built-in \"hot-pipe\" loop in the condensate tray that evaporates the condensate water.<\/li>\n<li>Protective shut-off in case of flooding of troughs.<\/li>\n<li>External washable air filter.<\/li>\n<li>Texture coated in RAL7035.<\/li>\n<li>Other RAL colors are available.<\/li>\n<li>Visual alarm.<\/li>\n<li>RS485 serial protocol is available on request.<\/li>\n<li>Other voltage possible.<\/li>\n<\/ul>\n<p>&nbsp;<\/p>","protected":false},"featured_media":56164,"template":"","meta":{"_acf_changed":false},"product_brand":[737],"product_cat":[207],"product_tag":[940,963,952,962,964],"class_list":{"0":"post-23969","1":"product","2":"type-product","3":"status-publish","4":"has-post-thumbnail","6":"product_brand-dkc","7":"product_cat-kylaggregat","8":"product_tag-apparatskap","9":"product_tag-klimatisering-av-apparatskap","10":"product_tag-kravande-miljo","11":"product_tag-kylning","12":"product_tag-ventilation","14":"first","15":"instock","16":"shipping-taxable","17":"product-type-simple"},"acf":[],"yoast_head":"<!-- This site is optimized with the Yoast SEO Premium plugin v27.5 (Yoast SEO v27.5) - https:\/\/yoast.com\/product\/yoast-seo-premium-wordpress\/ -->\n<title>Kylaggregat \/ Tak - C-Pro<\/title>\n<meta name=\"description\" content=\"Kylaggregat \/ Tak f\u00f6r takmontage, med en effekt fr\u00e5n 300W-6000W. Aggregaten har dubbel kylfl\u00e4ns och visuellt larm som standard. L\u00e4s Mer!\" \/>\n<meta name=\"robots\" content=\"index, follow, max-snippet:-1, max-image-preview:large, max-video-preview:-1\" \/>\n<link rel=\"canonical\" href=\"https:\/\/c-profil.se\/english\/product\/cooling-unit-roof\/\" \/>\n<meta property=\"og:locale\" content=\"en_US\" \/>\n<meta property=\"og:type\" content=\"article\" \/>\n<meta property=\"og:title\" content=\"Kylaggregat | Tak - C-Pro\" \/>\n<meta property=\"og:description\" content=\"Kylaggregat \/ Tak f\u00f6r takmontage, med en effekt fr\u00e5n 300W-6000W. Aggregaten har dubbel kylfl\u00e4ns och visuellt larm som standard. Filtergaller och filtermattor medf\u00f6ljer inte. Kylaggregaten har en inbyggd &quot;hot-pipe&quot; - slinga som avdunstar kondensvattnet fr\u00e5n uppsamlingstr\u00e5get. Vid \u00f6versv\u00e4mning av kondenstr\u00e5get st\u00e4ngs kylaggregatet av.   Kylaggregaten finns ocks\u00e5 med UL-certifiering  Top-version:   2st PLUG-IN kontakter f\u00f6r str\u00f6mf\u00f6rs\u00f6rjning  Kontroll med larm f\u00f6r \u00f6vertemperatur  Fj\u00e4rrstyrd ON\/OFF (d\u00f6rrkontaktbrytare)  RS485 seriellt gr\u00e4nssnitt f\u00f6r fj\u00e4rrkontroll (best\u00e4lls separat)  \u00d6vrigt:   Skummad polyuretan packning p\u00e5 baksidan av aggregatet.  Inbyggd \u201dhot-pipe\u201d slinga i kondenstr\u00e5get som avdunstar kondensvattnet.  Skyddsavst\u00e4ngning vid \u00f6versv\u00e4mning av tr\u00e5g.  Yttre tv\u00e4ttbart luftfilter.  Strukturlackerade i RAL7035.  Andra RAL kul\u00f6rer finns tillg\u00e4ngliga.  Visuellt larm.  RS485 seriellt protokoll kan f\u00e5s p\u00e5 beg\u00e4ran.  Annan str\u00f6msp\u00e4nning m\u00f6jlig.  &nbsp;\" \/>\n<meta property=\"og:url\" content=\"https:\/\/c-profil.se\/english\/product\/cooling-unit-roof\/\" \/>\n<meta property=\"og:site_name\" content=\"C-Pro\" \/>\n<meta property=\"article:publisher\" content=\"https:\/\/www.facebook.com\/people\/C-Pro\/61561767306874\/\" \/>\n<meta property=\"article:modified_time\" content=\"2026-03-19T14:42:23+00:00\" \/>\n<meta property=\"og:image\" content=\"https:\/\/c-profil.se\/wp-content\/uploads\/2016\/08\/Kylaggregat-Takmontage-Ny.jpg\" \/>\n\t<meta property=\"og:image:width\" content=\"1000\" \/>\n\t<meta property=\"og:image:height\" content=\"1000\" \/>\n\t<meta property=\"og:image:type\" content=\"image\/jpeg\" \/>\n<meta name=\"twitter:card\" content=\"summary_large_image\" \/>\n<meta name=\"twitter:label1\" content=\"Price\" \/>\n\t<meta name=\"twitter:data1\" content=\"\" \/>\n\t<meta name=\"twitter:label2\" content=\"Availability\" \/>\n\t<meta name=\"twitter:data2\" content=\"In stock\" \/>\n<script type=\"application\/ld+json\" class=\"yoast-schema-graph\">{\"@context\":\"https:\\\/\\\/schema.org\",\"@graph\":[{\"@type\":\"WebPage\",\"@id\":\"https:\\\/\\\/c-profil.se\\\/produkt\\\/kylaggregat-tak\\\/\",\"url\":\"https:\\\/\\\/c-profil.se\\\/produkt\\\/kylaggregat-tak\\\/\",\"name\":\"Kylaggregat \\\/ Tak - C-Pro\",\"isPartOf\":{\"@id\":\"https:\\\/\\\/c-profil.se\\\/#website\"},\"primaryImageOfPage\":{\"@id\":\"https:\\\/\\\/c-profil.se\\\/produkt\\\/kylaggregat-tak\\\/#primaryimage\"},\"image\":{\"@id\":\"https:\\\/\\\/c-profil.se\\\/produkt\\\/kylaggregat-tak\\\/#primaryimage\"},\"thumbnailUrl\":\"https:\\\/\\\/c-profil.se\\\/wp-content\\\/uploads\\\/2016\\\/08\\\/Kylaggregat-Takmontage-Ny.jpg\",\"datePublished\":\"2016-08-18T12:16:00+00:00\",\"dateModified\":\"2026-03-19T14:42:23+00:00\",\"description\":\"Kylaggregat \\\/ Tak f\u00f6r takmontage, med en effekt fr\u00e5n 300W-6000W. Aggregaten har dubbel kylfl\u00e4ns och visuellt larm som standard. L\u00e4s Mer!\",\"breadcrumb\":{\"@id\":\"https:\\\/\\\/c-profil.se\\\/produkt\\\/kylaggregat-tak\\\/#breadcrumb\"},\"inLanguage\":\"en\",\"potentialAction\":[{\"@type\":\"ReadAction\",\"target\":[\"https:\\\/\\\/c-profil.se\\\/produkt\\\/kylaggregat-tak\\\/\"]}]},{\"@type\":\"ImageObject\",\"inLanguage\":\"en\",\"@id\":\"https:\\\/\\\/c-profil.se\\\/produkt\\\/kylaggregat-tak\\\/#primaryimage\",\"url\":\"https:\\\/\\\/c-profil.se\\\/wp-content\\\/uploads\\\/2016\\\/08\\\/Kylaggregat-Takmontage-Ny.jpg\",\"contentUrl\":\"https:\\\/\\\/c-profil.se\\\/wp-content\\\/uploads\\\/2016\\\/08\\\/Kylaggregat-Takmontage-Ny.jpg\",\"width\":1000,\"height\":1000,\"caption\":\"Kylaggregat Takmontage\"},{\"@type\":\"BreadcrumbList\",\"@id\":\"https:\\\/\\\/c-profil.se\\\/produkt\\\/kylaggregat-tak\\\/#breadcrumb\",\"itemListElement\":[{\"@type\":\"ListItem\",\"position\":1,\"name\":\"Hem\",\"item\":\"https:\\\/\\\/c-profil.se\\\/\"},{\"@type\":\"ListItem\",\"position\":2,\"name\":\"Produkter\",\"item\":\"https:\\\/\\\/c-profil.se\\\/produkter\\\/\"},{\"@type\":\"ListItem\",\"position\":3,\"name\":\"Kylaggregat\",\"item\":\"https:\\\/\\\/c-profil.se\\\/produkt-kategori\\\/kylaggregat\\\/\"},{\"@type\":\"ListItem\",\"position\":4,\"name\":\"Kylaggregat | Tak\"}]},{\"@type\":\"WebSite\",\"@id\":\"https:\\\/\\\/c-profil.se\\\/#website\",\"url\":\"https:\\\/\\\/c-profil.se\\\/\",\"name\":\"C-Pro\",\"description\":\"Produkter f\u00f6r El och Automation\",\"publisher\":{\"@id\":\"https:\\\/\\\/c-profil.se\\\/#organization\"},\"potentialAction\":[{\"@type\":\"SearchAction\",\"target\":{\"@type\":\"EntryPoint\",\"urlTemplate\":\"https:\\\/\\\/c-profil.se\\\/?s={search_term_string}\"},\"query-input\":{\"@type\":\"PropertyValueSpecification\",\"valueRequired\":true,\"valueName\":\"search_term_string\"}}],\"inLanguage\":\"en\"},{\"@type\":\"Organization\",\"@id\":\"https:\\\/\\\/c-profil.se\\\/#organization\",\"name\":\"C-Pro\",\"alternateName\":\"C-PRO\",\"url\":\"https:\\\/\\\/c-profil.se\\\/\",\"logo\":{\"@type\":\"ImageObject\",\"inLanguage\":\"en\",\"@id\":\"https:\\\/\\\/c-profil.se\\\/#\\\/schema\\\/logo\\\/image\\\/\",\"url\":\"https:\\\/\\\/c-profil.se\\\/wp-content\\\/uploads\\\/2022\\\/03\\\/c-pro-logga-liggande-500x500-1.png\",\"contentUrl\":\"https:\\\/\\\/c-profil.se\\\/wp-content\\\/uploads\\\/2022\\\/03\\\/c-pro-logga-liggande-500x500-1.png\",\"width\":500,\"height\":500,\"caption\":\"C-Pro\"},\"image\":{\"@id\":\"https:\\\/\\\/c-profil.se\\\/#\\\/schema\\\/logo\\\/image\\\/\"},\"sameAs\":[\"https:\\\/\\\/www.facebook.com\\\/people\\\/C-Pro\\\/61561767306874\\\/\",\"https:\\\/\\\/www.linkedin.com\\\/company\\\/c-pro-ab\",\"https:\\\/\\\/www.instagram.com\\\/cpro.ab\\\/\"],\"description\":\"C-PRO AB \u00e4r en helt\u00e4ckande leverant\u00f6r av material f\u00f6r applikationer inom el och automation. \u00c4nda sedan starten 1987 har vi f\u00f6rsett den svenska tillverkande industrin med elmaterial. Trots v\u00e5r storlek och ledande position har vi aldrig \u00f6vergett v\u00e5r grundfilosofi, att vara en personlig leverant\u00f6r. Vi p\u00e5 C-PRO \u00e4r l\u00e4tta att komma i kontakt med, \u00e4rliga och brinner f\u00f6r att l\u00f6sa v\u00e5ra kunders problem.\",\"email\":\"info@c-profil.se\",\"telephone\":\"031575785\",\"legalName\":\"C-Profil F\u00f6rl\u00e4ggningsmaterial AB\",\"foundingDate\":\"1987-01-01\"}]}<\/script>\n<meta property=\"product:brand\" content=\"apparatsk\u00e5p\" \/>\n<meta property=\"product:price:currency\" content=\"SEK\" \/>\n<meta property=\"og:availability\" content=\"instock\" \/>\n<meta property=\"product:availability\" content=\"instock\" \/>\n<meta property=\"product:retailer_item_id\" content=\"Kylaggregat | Tak\" \/>\n<meta property=\"product:condition\" content=\"new\" \/>\n<!-- \/ Yoast SEO Premium plugin. -->","yoast_head_json":{"title":"Cooling unit \/ Roof - C-Pro","description":"Cooling unit \/ Ceiling for ceiling mounting, with a power from 300W-6000W. The units have double heat sink and visual alarm as standard. Read More!","robots":{"index":"index","follow":"follow","max-snippet":"max-snippet:-1","max-image-preview":"max-image-preview:large","max-video-preview":"max-video-preview:-1"},"canonical":"https:\/\/c-profil.se\/english\/product\/cooling-unit-roof\/","og_locale":"en_US","og_type":"article","og_title":"Kylaggregat | Tak - C-Pro","og_description":"Kylaggregat \/ Tak f\u00f6r takmontage, med en effekt fr\u00e5n 300W-6000W. Aggregaten har dubbel kylfl\u00e4ns och visuellt larm som standard. Filtergaller och filtermattor medf\u00f6ljer inte. Kylaggregaten har en inbyggd \"hot-pipe\" - slinga som avdunstar kondensvattnet fr\u00e5n uppsamlingstr\u00e5get. Vid \u00f6versv\u00e4mning av kondenstr\u00e5get st\u00e4ngs kylaggregatet av.   Kylaggregaten finns ocks\u00e5 med UL-certifiering  Top-version:   2st PLUG-IN kontakter f\u00f6r str\u00f6mf\u00f6rs\u00f6rjning  Kontroll med larm f\u00f6r \u00f6vertemperatur  Fj\u00e4rrstyrd ON\/OFF (d\u00f6rrkontaktbrytare)  RS485 seriellt gr\u00e4nssnitt f\u00f6r fj\u00e4rrkontroll (best\u00e4lls separat)  \u00d6vrigt:   Skummad polyuretan packning p\u00e5 baksidan av aggregatet.  Inbyggd \u201dhot-pipe\u201d slinga i kondenstr\u00e5get som avdunstar kondensvattnet.  Skyddsavst\u00e4ngning vid \u00f6versv\u00e4mning av tr\u00e5g.  Yttre tv\u00e4ttbart luftfilter.  Strukturlackerade i RAL7035.  Andra RAL kul\u00f6rer finns tillg\u00e4ngliga.  Visuellt larm.  RS485 seriellt protokoll kan f\u00e5s p\u00e5 beg\u00e4ran.  Annan str\u00f6msp\u00e4nning m\u00f6jlig.  &nbsp;","og_url":"https:\/\/c-profil.se\/english\/product\/cooling-unit-roof\/","og_site_name":"C-Pro","article_publisher":"https:\/\/www.facebook.com\/people\/C-Pro\/61561767306874\/","article_modified_time":"2026-03-19T14:42:23+00:00","og_image":[{"width":1000,"height":1000,"url":"https:\/\/c-profil.se\/wp-content\/uploads\/2016\/08\/Kylaggregat-Takmontage-Ny.jpg","type":"image\/jpeg"}],"twitter_card":"summary_large_image","twitter_misc":{"Price":"","Availability":"In stock"},"schema":{"@context":"https:\/\/schema.org","@graph":[{"@type":"WebPage","@id":"https:\/\/c-profil.se\/produkt\/kylaggregat-tak\/","url":"https:\/\/c-profil.se\/produkt\/kylaggregat-tak\/","name":"Cooling unit \/ Roof - C-Pro","isPartOf":{"@id":"https:\/\/c-profil.se\/#website"},"primaryImageOfPage":{"@id":"https:\/\/c-profil.se\/produkt\/kylaggregat-tak\/#primaryimage"},"image":{"@id":"https:\/\/c-profil.se\/produkt\/kylaggregat-tak\/#primaryimage"},"thumbnailUrl":"https:\/\/c-profil.se\/wp-content\/uploads\/2016\/08\/Kylaggregat-Takmontage-Ny.jpg","datePublished":"2016-08-18T12:16:00+00:00","dateModified":"2026-03-19T14:42:23+00:00","description":"Cooling unit \/ Ceiling for ceiling mounting, with a power from 300W-6000W. The units have double heat sink and visual alarm as standard. Read More!","breadcrumb":{"@id":"https:\/\/c-profil.se\/produkt\/kylaggregat-tak\/#breadcrumb"},"inLanguage":"en","potentialAction":[{"@type":"ReadAction","target":["https:\/\/c-profil.se\/produkt\/kylaggregat-tak\/"]}]},{"@type":"ImageObject","inLanguage":"en","@id":"https:\/\/c-profil.se\/produkt\/kylaggregat-tak\/#primaryimage","url":"https:\/\/c-profil.se\/wp-content\/uploads\/2016\/08\/Kylaggregat-Takmontage-Ny.jpg","contentUrl":"https:\/\/c-profil.se\/wp-content\/uploads\/2016\/08\/Kylaggregat-Takmontage-Ny.jpg","width":1000,"height":1000,"caption":"Kylaggregat Takmontage"},{"@type":"BreadcrumbList","@id":"https:\/\/c-profil.se\/produkt\/kylaggregat-tak\/#breadcrumb","itemListElement":[{"@type":"ListItem","position":1,"name":"Hem","item":"https:\/\/c-profil.se\/"},{"@type":"ListItem","position":2,"name":"Produkter","item":"https:\/\/c-profil.se\/produkter\/"},{"@type":"ListItem","position":3,"name":"Kylaggregat","item":"https:\/\/c-profil.se\/produkt-kategori\/kylaggregat\/"},{"@type":"ListItem","position":4,"name":"Kylaggregat | Tak"}]},{"@type":"WebSite","@id":"https:\/\/c-profil.se\/#website","url":"https:\/\/c-profil.se\/","name":"C-Pro","description":"Products for Electricity and Automation","publisher":{"@id":"https:\/\/c-profil.se\/#organization"},"potentialAction":[{"@type":"SearchAction","target":{"@type":"EntryPoint","urlTemplate":"https:\/\/c-profil.se\/?s={search_term_string}"},"query-input":{"@type":"PropertyValueSpecification","valueRequired":true,"valueName":"search_term_string"}}],"inLanguage":"en"},{"@type":"Organization","@id":"https:\/\/c-profil.se\/#organization","name":"C-Pro","alternateName":"C-PRO","url":"https:\/\/c-profil.se\/","logo":{"@type":"ImageObject","inLanguage":"en","@id":"https:\/\/c-profil.se\/#\/schema\/logo\/image\/","url":"https:\/\/c-profil.se\/wp-content\/uploads\/2022\/03\/c-pro-logga-liggande-500x500-1.png","contentUrl":"https:\/\/c-profil.se\/wp-content\/uploads\/2022\/03\/c-pro-logga-liggande-500x500-1.png","width":500,"height":500,"caption":"C-Pro"},"image":{"@id":"https:\/\/c-profil.se\/#\/schema\/logo\/image\/"},"sameAs":["https:\/\/www.facebook.com\/people\/C-Pro\/61561767306874\/","https:\/\/www.linkedin.com\/company\/c-pro-ab","https:\/\/www.instagram.com\/cpro.ab\/"],"description":"C-PRO AB is a comprehensive supplier of materials for applications in electricity and automation. Ever since the start in 1987, we have supplied the Swedish manufacturing industry with electrical materials. Despite our size and leading position, we have never abandoned our basic philosophy, to be a personal supplier. We at C-PRO are easy to get in touch with, honest and passionate about solving our customers&#039; problems.","email":"info@c-profil.se","telephone":"031575785","legalName":"C-Profil F\u00f6rl\u00e4ggningsmaterial AB","foundingDate":"1987-01-01"}]},"product_brand":"apparatsk\u00e5p","product_price_currency":"SEK","og_availability":"instock","product_availability":"instock","product_retailer_item_id":"Kylaggregat | Tak","product_condition":"new"},"_links":{"self":[{"href":"https:\/\/c-profil.se\/english\/wp-json\/wp\/v2\/product\/23969","targetHints":{"allow":["GET"]}}],"collection":[{"href":"https:\/\/c-profil.se\/english\/wp-json\/wp\/v2\/product"}],"about":[{"href":"https:\/\/c-profil.se\/english\/wp-json\/wp\/v2\/types\/product"}],"version-history":[{"count":12,"href":"https:\/\/c-profil.se\/english\/wp-json\/wp\/v2\/product\/23969\/revisions"}],"predecessor-version":[{"id":74357,"href":"https:\/\/c-profil.se\/english\/wp-json\/wp\/v2\/product\/23969\/revisions\/74357"}],"wp:featuredmedia":[{"embeddable":true,"href":"https:\/\/c-profil.se\/english\/wp-json\/wp\/v2\/media\/56164"}],"wp:attachment":[{"href":"https:\/\/c-profil.se\/english\/wp-json\/wp\/v2\/media?parent=23969"}],"wp:term":[{"taxonomy":"product_brand","embeddable":true,"href":"https:\/\/c-profil.se\/english\/wp-json\/wp\/v2\/product_brand?post=23969"},{"taxonomy":"product_cat","embeddable":true,"href":"https:\/\/c-profil.se\/english\/wp-json\/wp\/v2\/product_cat?post=23969"},{"taxonomy":"product_tag","embeddable":true,"href":"https:\/\/c-profil.se\/english\/wp-json\/wp\/v2\/product_tag?post=23969"}],"curies":[{"name":"wp","href":"https:\/\/api.w.org\/{rel}","templated":true}]}}