{"id":23965,"date":"2016-08-18T13:04:00","date_gmt":"2016-08-18T12:04:00","guid":{"rendered":"https:\/\/c-profil.se\/produkt\/kontrollenheter\/"},"modified":"2026-04-30T07:20:24","modified_gmt":"2026-04-30T06:20:24","slug":"speed-controller-eng","status":"publish","type":"product","link":"https:\/\/c-profil.se\/english\/produkt\/speed-controller\/","title":{"rendered":"Speed Controller | TLR 400"},"content":{"rendered":"<p><strong>Speed Controller \/ TLR 400 is an intelligent speed controller with display for temperature-controlled fan control.<\/strong><br \/>\nIt is intended for single-phase AC motors up to 400 W and enables quieter operation, energy savings and monitoring with alarms for temperature, sensor failure or fan stop.<\/p>","protected":false},"excerpt":{"rendered":"<p>Speed \u200b\u200bController \/ TLR 400 is a speed regulator with display and:<\/p>\n<ul>\n<li>Microcontrollers with display for temperature and error message<\/li>\n<li>Suitable for single-phase AC motors up to 400W<\/li>\n<li>Continuous thermal speed control for fans and heat exchangers<\/li>\n<li>Noise reduction \u2022 Energy saving<\/li>\n<li>Easy programming of setpoints for temperature, minimum and maximum speed<\/li>\n<li>Alarm signal for high temperature, damage to sensor or stationary fan<\/li>\n<li>Delivery content: speed controller with housing and external digital sensor<\/li>\n<\/ul>","protected":false},"featured_media":46117,"template":"","meta":{"_acf_changed":false},"product_brand":[746],"product_cat":[206],"product_tag":[983,963,980,981,967,964],"class_list":{"0":"post-23965","1":"product","2":"type-product","3":"status-publish","4":"has-post-thumbnail","6":"product_brand-rubsamen-herr","7":"product_cat-styrenheter","8":"product_tag-energibesparing","9":"product_tag-klimatisering-av-apparatskap","10":"product_tag-overvakning","11":"product_tag-styrning","12":"product_tag-temperaturstyrning","13":"product_tag-ventilation","15":"first","16":"instock","17":"shipping-taxable","18":"product-type-simple"},"acf":[],"yoast_head":"<!-- This site is optimized with the Yoast SEO Premium plugin v27.5 (Yoast SEO v27.5) - https:\/\/yoast.com\/product\/yoast-seo-premium-wordpress\/ -->\n<title>Speed Controller | TLR 400 - C-Pro<\/title>\n<meta name=\"description\" content=\"Speed Controller \/ varvtalsregulator med display f\u00f6r temperatur- och felmeddelande. L\u00e4mplig f\u00f6r enfas v\u00e4xelstr\u00f6msmotorer upp till 400W. L\u00e4s Mer!\" \/>\n<meta name=\"robots\" content=\"index, follow, max-snippet:-1, max-image-preview:large, max-video-preview:-1\" \/>\n<link rel=\"canonical\" href=\"https:\/\/c-profil.se\/english\/product\/speed-controller-eng\/\" \/>\n<meta property=\"og:locale\" content=\"en_US\" \/>\n<meta property=\"og:type\" content=\"article\" \/>\n<meta property=\"og:title\" content=\"Speed Controller | TLR 400 - C-Pro\" \/>\n<meta property=\"og:description\" content=\"Speed Controller \/ TLR 400 \u00e4r en varvtalsregulator med display och:   Mikrokontroller med display f\u00f6r temperatur- och felmeddelande  L\u00e4mplig f\u00f6r enfas v\u00e4xelstr\u00f6msmotorer upp till 400W  Kontinuerlig termisk varvtalsreglering f\u00f6r fl\u00e4ktar och v\u00e4rmev\u00e4xlare  Minskning av ljudniv\u00e5 \u2022 Energibesparing  Enkel programmering av b\u00f6rv\u00e4rden f\u00f6r temperatur, l\u00e4gsta och maximal hastighet  Larmsignal f\u00f6r h\u00f6g temperatur, skada p\u00e5 sensor eller stillast\u00e5ende av fl\u00e4kt  Leveransinneh\u00e5ll: hastighetsregulator med h\u00f6lje och extern digital sensor\" \/>\n<meta property=\"og:url\" content=\"https:\/\/c-profil.se\/english\/product\/speed-controller-eng\/\" \/>\n<meta property=\"og:site_name\" content=\"C-Pro\" \/>\n<meta property=\"article:publisher\" content=\"https:\/\/www.facebook.com\/people\/C-Pro\/61561767306874\/\" \/>\n<meta property=\"article:modified_time\" content=\"2026-04-30T06:20:24+00:00\" \/>\n<meta property=\"og:image\" content=\"https:\/\/c-profil.se\/wp-content\/uploads\/2016\/08\/Speed-Controller-TLR-400.jpg\" \/>\n\t<meta property=\"og:image:width\" content=\"1000\" \/>\n\t<meta property=\"og:image:height\" content=\"1000\" \/>\n\t<meta property=\"og:image:type\" content=\"image\/jpeg\" \/>\n<meta name=\"twitter:card\" content=\"summary_large_image\" \/>\n<meta name=\"twitter:label1\" content=\"Price\" \/>\n\t<meta name=\"twitter:data1\" content=\"\" \/>\n\t<meta name=\"twitter:label2\" content=\"Availability\" \/>\n\t<meta name=\"twitter:data2\" content=\"In stock\" \/>\n<script type=\"application\/ld+json\" class=\"yoast-schema-graph\">{\"@context\":\"https:\\\/\\\/schema.org\",\"@graph\":[{\"@type\":\"WebPage\",\"@id\":\"https:\\\/\\\/c-profil.se\\\/produkt\\\/speed-controller\\\/\",\"url\":\"https:\\\/\\\/c-profil.se\\\/produkt\\\/speed-controller\\\/\",\"name\":\"Speed Controller | TLR 400 - C-Pro\",\"isPartOf\":{\"@id\":\"https:\\\/\\\/c-profil.se\\\/#website\"},\"primaryImageOfPage\":{\"@id\":\"https:\\\/\\\/c-profil.se\\\/produkt\\\/speed-controller\\\/#primaryimage\"},\"image\":{\"@id\":\"https:\\\/\\\/c-profil.se\\\/produkt\\\/speed-controller\\\/#primaryimage\"},\"thumbnailUrl\":\"https:\\\/\\\/c-profil.se\\\/wp-content\\\/uploads\\\/2016\\\/08\\\/Speed-Controller-TLR-400.jpg\",\"datePublished\":\"2016-08-18T12:04:00+00:00\",\"dateModified\":\"2026-04-30T06:20:24+00:00\",\"description\":\"Speed Controller \\\/ varvtalsregulator med display f\u00f6r temperatur- och felmeddelande. L\u00e4mplig f\u00f6r enfas v\u00e4xelstr\u00f6msmotorer upp till 400W. L\u00e4s Mer!\",\"breadcrumb\":{\"@id\":\"https:\\\/\\\/c-profil.se\\\/produkt\\\/speed-controller\\\/#breadcrumb\"},\"inLanguage\":\"en\",\"potentialAction\":[{\"@type\":\"ReadAction\",\"target\":[\"https:\\\/\\\/c-profil.se\\\/produkt\\\/speed-controller\\\/\"]}]},{\"@type\":\"ImageObject\",\"inLanguage\":\"en\",\"@id\":\"https:\\\/\\\/c-profil.se\\\/produkt\\\/speed-controller\\\/#primaryimage\",\"url\":\"https:\\\/\\\/c-profil.se\\\/wp-content\\\/uploads\\\/2016\\\/08\\\/Speed-Controller-TLR-400.jpg\",\"contentUrl\":\"https:\\\/\\\/c-profil.se\\\/wp-content\\\/uploads\\\/2016\\\/08\\\/Speed-Controller-TLR-400.jpg\",\"width\":1000,\"height\":1000,\"caption\":\"Speed Controller TLR 400\"},{\"@type\":\"BreadcrumbList\",\"@id\":\"https:\\\/\\\/c-profil.se\\\/produkt\\\/speed-controller\\\/#breadcrumb\",\"itemListElement\":[{\"@type\":\"ListItem\",\"position\":1,\"name\":\"Hem\",\"item\":\"https:\\\/\\\/c-profil.se\\\/\"},{\"@type\":\"ListItem\",\"position\":2,\"name\":\"Produkter\",\"item\":\"https:\\\/\\\/c-profil.se\\\/produkter\\\/\"},{\"@type\":\"ListItem\",\"position\":3,\"name\":\"Styrenheter\",\"item\":\"https:\\\/\\\/c-profil.se\\\/produkt-kategori\\\/styrenheter\\\/\"},{\"@type\":\"ListItem\",\"position\":4,\"name\":\"Speed Controller | TLR 400\"}]},{\"@type\":\"WebSite\",\"@id\":\"https:\\\/\\\/c-profil.se\\\/#website\",\"url\":\"https:\\\/\\\/c-profil.se\\\/\",\"name\":\"C-Pro\",\"description\":\"Produkter f\u00f6r El och Automation\",\"publisher\":{\"@id\":\"https:\\\/\\\/c-profil.se\\\/#organization\"},\"potentialAction\":[{\"@type\":\"SearchAction\",\"target\":{\"@type\":\"EntryPoint\",\"urlTemplate\":\"https:\\\/\\\/c-profil.se\\\/?s={search_term_string}\"},\"query-input\":{\"@type\":\"PropertyValueSpecification\",\"valueRequired\":true,\"valueName\":\"search_term_string\"}}],\"inLanguage\":\"en\"},{\"@type\":\"Organization\",\"@id\":\"https:\\\/\\\/c-profil.se\\\/#organization\",\"name\":\"C-Pro\",\"alternateName\":\"C-PRO\",\"url\":\"https:\\\/\\\/c-profil.se\\\/\",\"logo\":{\"@type\":\"ImageObject\",\"inLanguage\":\"en\",\"@id\":\"https:\\\/\\\/c-profil.se\\\/#\\\/schema\\\/logo\\\/image\\\/\",\"url\":\"https:\\\/\\\/c-profil.se\\\/wp-content\\\/uploads\\\/2022\\\/03\\\/c-pro-logga-liggande-500x500-1.png\",\"contentUrl\":\"https:\\\/\\\/c-profil.se\\\/wp-content\\\/uploads\\\/2022\\\/03\\\/c-pro-logga-liggande-500x500-1.png\",\"width\":500,\"height\":500,\"caption\":\"C-Pro\"},\"image\":{\"@id\":\"https:\\\/\\\/c-profil.se\\\/#\\\/schema\\\/logo\\\/image\\\/\"},\"sameAs\":[\"https:\\\/\\\/www.facebook.com\\\/people\\\/C-Pro\\\/61561767306874\\\/\",\"https:\\\/\\\/www.linkedin.com\\\/company\\\/c-pro-ab\",\"https:\\\/\\\/www.instagram.com\\\/cpro.ab\\\/\"],\"description\":\"C-PRO AB \u00e4r en helt\u00e4ckande leverant\u00f6r av material f\u00f6r applikationer inom el och automation. \u00c4nda sedan starten 1987 har vi f\u00f6rsett den svenska tillverkande industrin med elmaterial. Trots v\u00e5r storlek och ledande position har vi aldrig \u00f6vergett v\u00e5r grundfilosofi, att vara en personlig leverant\u00f6r. Vi p\u00e5 C-PRO \u00e4r l\u00e4tta att komma i kontakt med, \u00e4rliga och brinner f\u00f6r att l\u00f6sa v\u00e5ra kunders problem.\",\"email\":\"info@c-profil.se\",\"telephone\":\"031575785\",\"legalName\":\"C-Profil F\u00f6rl\u00e4ggningsmaterial AB\",\"foundingDate\":\"1987-01-01\"}]}<\/script>\n<meta property=\"product:brand\" content=\"energibesparing\" \/>\n<meta property=\"product:price:currency\" content=\"SEK\" \/>\n<meta property=\"og:availability\" content=\"instock\" \/>\n<meta property=\"product:availability\" content=\"instock\" \/>\n<meta property=\"product:retailer_item_id\" content=\"TLR 400\" \/>\n<meta property=\"product:condition\" content=\"new\" \/>\n<!-- \/ Yoast SEO Premium plugin. -->","yoast_head_json":{"title":"Speed Controller | TLR 400 - C-Pro","description":"Speed \u200b\u200bController \/ speed regulator with display for temperature and error message. Suitable for single-phase AC motors up to 400W. Read More!","robots":{"index":"index","follow":"follow","max-snippet":"max-snippet:-1","max-image-preview":"max-image-preview:large","max-video-preview":"max-video-preview:-1"},"canonical":"https:\/\/c-profil.se\/english\/product\/speed-controller-eng\/","og_locale":"en_US","og_type":"article","og_title":"Speed Controller | TLR 400 - C-Pro","og_description":"Speed Controller \/ TLR 400 \u00e4r en varvtalsregulator med display och:   Mikrokontroller med display f\u00f6r temperatur- och felmeddelande  L\u00e4mplig f\u00f6r enfas v\u00e4xelstr\u00f6msmotorer upp till 400W  Kontinuerlig termisk varvtalsreglering f\u00f6r fl\u00e4ktar och v\u00e4rmev\u00e4xlare  Minskning av ljudniv\u00e5 \u2022 Energibesparing  Enkel programmering av b\u00f6rv\u00e4rden f\u00f6r temperatur, l\u00e4gsta och maximal hastighet  Larmsignal f\u00f6r h\u00f6g temperatur, skada p\u00e5 sensor eller stillast\u00e5ende av fl\u00e4kt  Leveransinneh\u00e5ll: hastighetsregulator med h\u00f6lje och extern digital sensor","og_url":"https:\/\/c-profil.se\/english\/product\/speed-controller-eng\/","og_site_name":"C-Pro","article_publisher":"https:\/\/www.facebook.com\/people\/C-Pro\/61561767306874\/","article_modified_time":"2026-04-30T06:20:24+00:00","og_image":[{"width":1000,"height":1000,"url":"https:\/\/c-profil.se\/wp-content\/uploads\/2016\/08\/Speed-Controller-TLR-400.jpg","type":"image\/jpeg"}],"twitter_card":"summary_large_image","twitter_misc":{"Price":"","Availability":"In stock"},"schema":{"@context":"https:\/\/schema.org","@graph":[{"@type":"WebPage","@id":"https:\/\/c-profil.se\/produkt\/speed-controller\/","url":"https:\/\/c-profil.se\/produkt\/speed-controller\/","name":"Speed Controller | TLR 400 - C-Pro","isPartOf":{"@id":"https:\/\/c-profil.se\/#website"},"primaryImageOfPage":{"@id":"https:\/\/c-profil.se\/produkt\/speed-controller\/#primaryimage"},"image":{"@id":"https:\/\/c-profil.se\/produkt\/speed-controller\/#primaryimage"},"thumbnailUrl":"https:\/\/c-profil.se\/wp-content\/uploads\/2016\/08\/Speed-Controller-TLR-400.jpg","datePublished":"2016-08-18T12:04:00+00:00","dateModified":"2026-04-30T06:20:24+00:00","description":"Speed \u200b\u200bController \/ speed regulator with display for temperature and error message. Suitable for single-phase AC motors up to 400W. Read More!","breadcrumb":{"@id":"https:\/\/c-profil.se\/produkt\/speed-controller\/#breadcrumb"},"inLanguage":"en","potentialAction":[{"@type":"ReadAction","target":["https:\/\/c-profil.se\/produkt\/speed-controller\/"]}]},{"@type":"ImageObject","inLanguage":"en","@id":"https:\/\/c-profil.se\/produkt\/speed-controller\/#primaryimage","url":"https:\/\/c-profil.se\/wp-content\/uploads\/2016\/08\/Speed-Controller-TLR-400.jpg","contentUrl":"https:\/\/c-profil.se\/wp-content\/uploads\/2016\/08\/Speed-Controller-TLR-400.jpg","width":1000,"height":1000,"caption":"Speed Controller TLR 400"},{"@type":"BreadcrumbList","@id":"https:\/\/c-profil.se\/produkt\/speed-controller\/#breadcrumb","itemListElement":[{"@type":"ListItem","position":1,"name":"Hem","item":"https:\/\/c-profil.se\/"},{"@type":"ListItem","position":2,"name":"Produkter","item":"https:\/\/c-profil.se\/produkter\/"},{"@type":"ListItem","position":3,"name":"Styrenheter","item":"https:\/\/c-profil.se\/produkt-kategori\/styrenheter\/"},{"@type":"ListItem","position":4,"name":"Speed Controller | TLR 400"}]},{"@type":"WebSite","@id":"https:\/\/c-profil.se\/#website","url":"https:\/\/c-profil.se\/","name":"C-Pro","description":"Products for Electricity and Automation","publisher":{"@id":"https:\/\/c-profil.se\/#organization"},"potentialAction":[{"@type":"SearchAction","target":{"@type":"EntryPoint","urlTemplate":"https:\/\/c-profil.se\/?s={search_term_string}"},"query-input":{"@type":"PropertyValueSpecification","valueRequired":true,"valueName":"search_term_string"}}],"inLanguage":"en"},{"@type":"Organization","@id":"https:\/\/c-profil.se\/#organization","name":"C-Pro","alternateName":"C-PRO","url":"https:\/\/c-profil.se\/","logo":{"@type":"ImageObject","inLanguage":"en","@id":"https:\/\/c-profil.se\/#\/schema\/logo\/image\/","url":"https:\/\/c-profil.se\/wp-content\/uploads\/2022\/03\/c-pro-logga-liggande-500x500-1.png","contentUrl":"https:\/\/c-profil.se\/wp-content\/uploads\/2022\/03\/c-pro-logga-liggande-500x500-1.png","width":500,"height":500,"caption":"C-Pro"},"image":{"@id":"https:\/\/c-profil.se\/#\/schema\/logo\/image\/"},"sameAs":["https:\/\/www.facebook.com\/people\/C-Pro\/61561767306874\/","https:\/\/www.linkedin.com\/company\/c-pro-ab","https:\/\/www.instagram.com\/cpro.ab\/"],"description":"C-PRO AB is a comprehensive supplier of materials for applications in electricity and automation. Ever since the start in 1987, we have supplied the Swedish manufacturing industry with electrical materials. Despite our size and leading position, we have never abandoned our basic philosophy, to be a personal supplier. We at C-PRO are easy to get in touch with, honest and passionate about solving our customers&#039; problems.","email":"info@c-profil.se","telephone":"031575785","legalName":"C-Profil F\u00f6rl\u00e4ggningsmaterial AB","foundingDate":"1987-01-01"}]},"product_brand":"energibesparing","product_price_currency":"SEK","og_availability":"instock","product_availability":"instock","product_retailer_item_id":"TLR 400","product_condition":"new"},"_links":{"self":[{"href":"https:\/\/c-profil.se\/english\/wp-json\/wp\/v2\/product\/23965","targetHints":{"allow":["GET"]}}],"collection":[{"href":"https:\/\/c-profil.se\/english\/wp-json\/wp\/v2\/product"}],"about":[{"href":"https:\/\/c-profil.se\/english\/wp-json\/wp\/v2\/types\/product"}],"version-history":[{"count":7,"href":"https:\/\/c-profil.se\/english\/wp-json\/wp\/v2\/product\/23965\/revisions"}],"predecessor-version":[{"id":75270,"href":"https:\/\/c-profil.se\/english\/wp-json\/wp\/v2\/product\/23965\/revisions\/75270"}],"wp:featuredmedia":[{"embeddable":true,"href":"https:\/\/c-profil.se\/english\/wp-json\/wp\/v2\/media\/46117"}],"wp:attachment":[{"href":"https:\/\/c-profil.se\/english\/wp-json\/wp\/v2\/media?parent=23965"}],"wp:term":[{"taxonomy":"product_brand","embeddable":true,"href":"https:\/\/c-profil.se\/english\/wp-json\/wp\/v2\/product_brand?post=23965"},{"taxonomy":"product_cat","embeddable":true,"href":"https:\/\/c-profil.se\/english\/wp-json\/wp\/v2\/product_cat?post=23965"},{"taxonomy":"product_tag","embeddable":true,"href":"https:\/\/c-profil.se\/english\/wp-json\/wp\/v2\/product_tag?post=23965"}],"curies":[{"name":"wp","href":"https:\/\/api.w.org\/{rel}","templated":true}]}}