{"id":23963,"date":"2016-08-18T13:01:00","date_gmt":"2016-08-18T12:01:00","guid":{"rendered":"https:\/\/c-profil.se\/produkt\/varmeelement-sf\/"},"modified":"2026-04-29T14:50:12","modified_gmt":"2026-04-29T13:50:12","slug":"cabinet-heaters-sf","status":"publish","type":"product","link":"https:\/\/c-profil.se\/english\/produkt\/skapsvarmare-sf\/","title":{"rendered":"Cabinet heater | SF"},"content":{"rendered":"<p><strong>Cabinet heater | SF is a compact heating solution with fixed power ratings to prevent condensation in control cabinets and enclosures.<\/strong><br \/>\nThe thermal power is 30 W or 50 W at 20 \u00b0C, depending on the voltage option selected, and provides simple and reliable protection against moisture.<\/p>","protected":false},"excerpt":{"rendered":"<p>Cabinet heater | SF with fixed values. Avoid condensation in the cabinet\/enclosure. <span class=\"\">Thermal power at 20\u00b0C is 30W or 50W depending on which voltage option you choose on your element.<\/span><\/p>\n<ul>\n<li>Avoid condensation in the cabinet\/enclosure<\/li>\n<li>Capacity is calculated from 20\u00b0 C<\/li>\n<\/ul>","protected":false},"featured_media":51381,"template":"","meta":{"_acf_changed":false},"product_brand":[746],"product_cat":[205],"product_tag":[963,966],"class_list":{"0":"post-23963","1":"product","2":"type-product","3":"status-publish","4":"has-post-thumbnail","6":"product_brand-rubsamen-herr","7":"product_cat-ptc-varmare","8":"product_tag-klimatisering-av-apparatskap","9":"product_tag-kondensskydd","11":"first","12":"instock","13":"shipping-taxable","14":"product-type-simple"},"acf":[],"yoast_head":"<!-- This site is optimized with the Yoast SEO Premium plugin v27.6 (Yoast SEO v27.6) - https:\/\/yoast.com\/product\/yoast-seo-premium-wordpress\/ -->\n<title>Sk\u00e5psv\u00e4rmare | SF - C-Pro<\/title>\n<meta name=\"description\" content=\"Sk\u00e5psv\u00e4rmare \/ SF med fasta v\u00e4rden. Slipp kondens i sk\u00e5pet\/kapslingen. Uteffekten 30W, 35W osv. r\u00e4knas fr\u00e5n 20\u00b0C. L\u00e4s Mer!\" \/>\n<meta name=\"robots\" content=\"index, follow, max-snippet:-1, max-image-preview:large, max-video-preview:-1\" \/>\n<link rel=\"canonical\" href=\"https:\/\/c-profil.se\/english\/product\/cabinet-heaters-sf\/\" \/>\n<meta property=\"og:locale\" content=\"en_US\" \/>\n<meta property=\"og:type\" content=\"article\" \/>\n<meta property=\"og:title\" content=\"Sk\u00e5psv\u00e4rmare | SF - C-Pro\" \/>\n<meta property=\"og:description\" content=\"Sk\u00e5psv\u00e4rmare | SF med fasta v\u00e4rden. Slipp kondens i sk\u00e5pet\/kapslingen. Termisk effekt vid 20\u00b0C \u00e4r 30W eller 50W beroende p\u00e5 vilket sp\u00e4nningsalternativ du v\u00e4ljer p\u00e5 ditt element.   Slipp kondens i sk\u00e5pet\/kapslingen  Effekt r\u00e4knas fr\u00e5n 20\u00b0 C\" \/>\n<meta property=\"og:url\" content=\"https:\/\/c-profil.se\/english\/product\/cabinet-heaters-sf\/\" \/>\n<meta property=\"og:site_name\" content=\"C-Pro\" \/>\n<meta property=\"article:publisher\" content=\"https:\/\/www.facebook.com\/people\/C-Pro\/61561767306874\/\" \/>\n<meta property=\"article:modified_time\" content=\"2026-04-29T13:50:12+00:00\" \/>\n<meta property=\"og:image\" content=\"https:\/\/c-profil.se\/wp-content\/uploads\/2016\/08\/PTC-Varmare-SL.jpg\" \/>\n\t<meta property=\"og:image:width\" content=\"1000\" \/>\n\t<meta property=\"og:image:height\" content=\"1000\" \/>\n\t<meta property=\"og:image:type\" content=\"image\/jpeg\" \/>\n<meta name=\"twitter:card\" content=\"summary_large_image\" \/>\n<meta name=\"twitter:label1\" content=\"Price\" \/>\n\t<meta name=\"twitter:data1\" content=\"\" \/>\n\t<meta name=\"twitter:label2\" content=\"Availability\" \/>\n\t<meta name=\"twitter:data2\" content=\"In stock\" \/>\n<script type=\"application\/ld+json\" class=\"yoast-schema-graph\">{\"@context\":\"https:\\\/\\\/schema.org\",\"@graph\":[{\"@type\":\"WebPage\",\"@id\":\"https:\\\/\\\/c-profil.se\\\/produkt\\\/skapsvarmare-sf\\\/\",\"url\":\"https:\\\/\\\/c-profil.se\\\/produkt\\\/skapsvarmare-sf\\\/\",\"name\":\"Sk\u00e5psv\u00e4rmare | SF - C-Pro\",\"isPartOf\":{\"@id\":\"https:\\\/\\\/c-profil.se\\\/#website\"},\"primaryImageOfPage\":{\"@id\":\"https:\\\/\\\/c-profil.se\\\/produkt\\\/skapsvarmare-sf\\\/#primaryimage\"},\"image\":{\"@id\":\"https:\\\/\\\/c-profil.se\\\/produkt\\\/skapsvarmare-sf\\\/#primaryimage\"},\"thumbnailUrl\":\"https:\\\/\\\/c-profil.se\\\/wp-content\\\/uploads\\\/2016\\\/08\\\/PTC-Varmare-SL.jpg\",\"datePublished\":\"2016-08-18T12:01:00+00:00\",\"dateModified\":\"2026-04-29T13:50:12+00:00\",\"description\":\"Sk\u00e5psv\u00e4rmare \\\/ SF med fasta v\u00e4rden. Slipp kondens i sk\u00e5pet\\\/kapslingen. Uteffekten 30W, 35W osv. r\u00e4knas fr\u00e5n 20\u00b0C. L\u00e4s Mer!\",\"breadcrumb\":{\"@id\":\"https:\\\/\\\/c-profil.se\\\/produkt\\\/skapsvarmare-sf\\\/#breadcrumb\"},\"inLanguage\":\"en\",\"potentialAction\":[{\"@type\":\"ReadAction\",\"target\":[\"https:\\\/\\\/c-profil.se\\\/produkt\\\/skapsvarmare-sf\\\/\"]}]},{\"@type\":\"ImageObject\",\"inLanguage\":\"en\",\"@id\":\"https:\\\/\\\/c-profil.se\\\/produkt\\\/skapsvarmare-sf\\\/#primaryimage\",\"url\":\"https:\\\/\\\/c-profil.se\\\/wp-content\\\/uploads\\\/2016\\\/08\\\/PTC-Varmare-SL.jpg\",\"contentUrl\":\"https:\\\/\\\/c-profil.se\\\/wp-content\\\/uploads\\\/2016\\\/08\\\/PTC-Varmare-SL.jpg\",\"width\":1000,\"height\":1000,\"caption\":\"PTC V\u00e4rmare SL\"},{\"@type\":\"BreadcrumbList\",\"@id\":\"https:\\\/\\\/c-profil.se\\\/produkt\\\/skapsvarmare-sf\\\/#breadcrumb\",\"itemListElement\":[{\"@type\":\"ListItem\",\"position\":1,\"name\":\"Hem\",\"item\":\"https:\\\/\\\/c-profil.se\\\/\"},{\"@type\":\"ListItem\",\"position\":2,\"name\":\"Produkter\",\"item\":\"https:\\\/\\\/c-profil.se\\\/produkter\\\/\"},{\"@type\":\"ListItem\",\"position\":3,\"name\":\"PTC-V\u00e4rmare\",\"item\":\"https:\\\/\\\/c-profil.se\\\/produkt-kategori\\\/ptc-varmare\\\/\"},{\"@type\":\"ListItem\",\"position\":4,\"name\":\"Sk\u00e5psv\u00e4rmare | SF\"}]},{\"@type\":\"WebSite\",\"@id\":\"https:\\\/\\\/c-profil.se\\\/#website\",\"url\":\"https:\\\/\\\/c-profil.se\\\/\",\"name\":\"C-Pro\",\"description\":\"Produkter f\u00f6r El och Automation\",\"publisher\":{\"@id\":\"https:\\\/\\\/c-profil.se\\\/#organization\"},\"potentialAction\":[{\"@type\":\"SearchAction\",\"target\":{\"@type\":\"EntryPoint\",\"urlTemplate\":\"https:\\\/\\\/c-profil.se\\\/?s={search_term_string}\"},\"query-input\":{\"@type\":\"PropertyValueSpecification\",\"valueRequired\":true,\"valueName\":\"search_term_string\"}}],\"inLanguage\":\"en\"},{\"@type\":\"Organization\",\"@id\":\"https:\\\/\\\/c-profil.se\\\/#organization\",\"name\":\"C-Pro\",\"alternateName\":\"C-PRO\",\"url\":\"https:\\\/\\\/c-profil.se\\\/\",\"logo\":{\"@type\":\"ImageObject\",\"inLanguage\":\"en\",\"@id\":\"https:\\\/\\\/c-profil.se\\\/#\\\/schema\\\/logo\\\/image\\\/\",\"url\":\"https:\\\/\\\/c-profil.se\\\/wp-content\\\/uploads\\\/2022\\\/03\\\/c-pro-logga-liggande-500x500-1.png\",\"contentUrl\":\"https:\\\/\\\/c-profil.se\\\/wp-content\\\/uploads\\\/2022\\\/03\\\/c-pro-logga-liggande-500x500-1.png\",\"width\":500,\"height\":500,\"caption\":\"C-Pro\"},\"image\":{\"@id\":\"https:\\\/\\\/c-profil.se\\\/#\\\/schema\\\/logo\\\/image\\\/\"},\"sameAs\":[\"https:\\\/\\\/www.facebook.com\\\/people\\\/C-Pro\\\/61561767306874\\\/\",\"https:\\\/\\\/www.linkedin.com\\\/company\\\/c-pro-ab\",\"https:\\\/\\\/www.instagram.com\\\/cpro.ab\\\/\"],\"description\":\"C-PRO AB \u00e4r en helt\u00e4ckande leverant\u00f6r av material f\u00f6r applikationer inom el och automation. \u00c4nda sedan starten 1987 har vi f\u00f6rsett den svenska tillverkande industrin med elmaterial. Trots v\u00e5r storlek och ledande position har vi aldrig \u00f6vergett v\u00e5r grundfilosofi, att vara en personlig leverant\u00f6r. Vi p\u00e5 C-PRO \u00e4r l\u00e4tta att komma i kontakt med, \u00e4rliga och brinner f\u00f6r att l\u00f6sa v\u00e5ra kunders problem.\",\"email\":\"info@c-profil.se\",\"telephone\":\"031575785\",\"legalName\":\"C-Profil F\u00f6rl\u00e4ggningsmaterial AB\",\"foundingDate\":\"1987-01-01\"}]}<\/script>\n<meta property=\"product:brand\" content=\"klimatisering av apparatsk\u00e5p\" \/>\n<meta property=\"product:price:currency\" content=\"SEK\" \/>\n<meta property=\"og:availability\" content=\"instock\" \/>\n<meta property=\"product:availability\" content=\"instock\" \/>\n<meta property=\"product:retailer_item_id\" content=\"Sk\u00e5psv\u00e4rmare | SF\" \/>\n<meta property=\"product:condition\" content=\"new\" \/>\n<!-- \/ Yoast SEO Premium plugin. -->","yoast_head_json":{"title":"Cabinet Heater | SF - C-Pro","description":"Cabinet heater \/ SF with fixed values. Avoid condensation in the cabinet\/enclosure. Output power 30W, 35W etc. calculated from 20\u00b0C. Read more!","robots":{"index":"index","follow":"follow","max-snippet":"max-snippet:-1","max-image-preview":"max-image-preview:large","max-video-preview":"max-video-preview:-1"},"canonical":"https:\/\/c-profil.se\/english\/product\/cabinet-heaters-sf\/","og_locale":"en_US","og_type":"article","og_title":"Sk\u00e5psv\u00e4rmare | SF - C-Pro","og_description":"Sk\u00e5psv\u00e4rmare | SF med fasta v\u00e4rden. Slipp kondens i sk\u00e5pet\/kapslingen. Termisk effekt vid 20\u00b0C \u00e4r 30W eller 50W beroende p\u00e5 vilket sp\u00e4nningsalternativ du v\u00e4ljer p\u00e5 ditt element.   Slipp kondens i sk\u00e5pet\/kapslingen  Effekt r\u00e4knas fr\u00e5n 20\u00b0 C","og_url":"https:\/\/c-profil.se\/english\/product\/cabinet-heaters-sf\/","og_site_name":"C-Pro","article_publisher":"https:\/\/www.facebook.com\/people\/C-Pro\/61561767306874\/","article_modified_time":"2026-04-29T13:50:12+00:00","og_image":[{"width":1000,"height":1000,"url":"https:\/\/c-profil.se\/wp-content\/uploads\/2016\/08\/PTC-Varmare-SL.jpg","type":"image\/jpeg"}],"twitter_card":"summary_large_image","twitter_misc":{"Price":"","Availability":"In stock"},"schema":{"@context":"https:\/\/schema.org","@graph":[{"@type":"WebPage","@id":"https:\/\/c-profil.se\/produkt\/skapsvarmare-sf\/","url":"https:\/\/c-profil.se\/produkt\/skapsvarmare-sf\/","name":"Cabinet Heater | SF - C-Pro","isPartOf":{"@id":"https:\/\/c-profil.se\/#website"},"primaryImageOfPage":{"@id":"https:\/\/c-profil.se\/produkt\/skapsvarmare-sf\/#primaryimage"},"image":{"@id":"https:\/\/c-profil.se\/produkt\/skapsvarmare-sf\/#primaryimage"},"thumbnailUrl":"https:\/\/c-profil.se\/wp-content\/uploads\/2016\/08\/PTC-Varmare-SL.jpg","datePublished":"2016-08-18T12:01:00+00:00","dateModified":"2026-04-29T13:50:12+00:00","description":"Cabinet heater \/ SF with fixed values. Avoid condensation in the cabinet\/enclosure. Output power 30W, 35W etc. calculated from 20\u00b0C. Read more!","breadcrumb":{"@id":"https:\/\/c-profil.se\/produkt\/skapsvarmare-sf\/#breadcrumb"},"inLanguage":"en","potentialAction":[{"@type":"ReadAction","target":["https:\/\/c-profil.se\/produkt\/skapsvarmare-sf\/"]}]},{"@type":"ImageObject","inLanguage":"en","@id":"https:\/\/c-profil.se\/produkt\/skapsvarmare-sf\/#primaryimage","url":"https:\/\/c-profil.se\/wp-content\/uploads\/2016\/08\/PTC-Varmare-SL.jpg","contentUrl":"https:\/\/c-profil.se\/wp-content\/uploads\/2016\/08\/PTC-Varmare-SL.jpg","width":1000,"height":1000,"caption":"PTC V\u00e4rmare SL"},{"@type":"BreadcrumbList","@id":"https:\/\/c-profil.se\/produkt\/skapsvarmare-sf\/#breadcrumb","itemListElement":[{"@type":"ListItem","position":1,"name":"Hem","item":"https:\/\/c-profil.se\/"},{"@type":"ListItem","position":2,"name":"Produkter","item":"https:\/\/c-profil.se\/produkter\/"},{"@type":"ListItem","position":3,"name":"PTC-V\u00e4rmare","item":"https:\/\/c-profil.se\/produkt-kategori\/ptc-varmare\/"},{"@type":"ListItem","position":4,"name":"Sk\u00e5psv\u00e4rmare | SF"}]},{"@type":"WebSite","@id":"https:\/\/c-profil.se\/#website","url":"https:\/\/c-profil.se\/","name":"C-Pro","description":"Products for Electricity and Automation","publisher":{"@id":"https:\/\/c-profil.se\/#organization"},"potentialAction":[{"@type":"SearchAction","target":{"@type":"EntryPoint","urlTemplate":"https:\/\/c-profil.se\/?s={search_term_string}"},"query-input":{"@type":"PropertyValueSpecification","valueRequired":true,"valueName":"search_term_string"}}],"inLanguage":"en"},{"@type":"Organization","@id":"https:\/\/c-profil.se\/#organization","name":"C-Pro","alternateName":"C-PRO","url":"https:\/\/c-profil.se\/","logo":{"@type":"ImageObject","inLanguage":"en","@id":"https:\/\/c-profil.se\/#\/schema\/logo\/image\/","url":"https:\/\/c-profil.se\/wp-content\/uploads\/2022\/03\/c-pro-logga-liggande-500x500-1.png","contentUrl":"https:\/\/c-profil.se\/wp-content\/uploads\/2022\/03\/c-pro-logga-liggande-500x500-1.png","width":500,"height":500,"caption":"C-Pro"},"image":{"@id":"https:\/\/c-profil.se\/#\/schema\/logo\/image\/"},"sameAs":["https:\/\/www.facebook.com\/people\/C-Pro\/61561767306874\/","https:\/\/www.linkedin.com\/company\/c-pro-ab","https:\/\/www.instagram.com\/cpro.ab\/"],"description":"C-PRO AB is a comprehensive supplier of materials for applications in electricity and automation. Ever since the start in 1987, we have supplied the Swedish manufacturing industry with electrical materials. Despite our size and leading position, we have never abandoned our basic philosophy, to be a personal supplier. We at C-PRO are easy to get in touch with, honest and passionate about solving our customers&#039; problems.","email":"info@c-profil.se","telephone":"031575785","legalName":"C-Profil F\u00f6rl\u00e4ggningsmaterial AB","foundingDate":"1987-01-01"}]},"product_brand":"klimatisering av apparatsk\u00e5p","product_price_currency":"SEK","og_availability":"instock","product_availability":"instock","product_retailer_item_id":"Sk\u00e5psv\u00e4rmare | SF","product_condition":"new"},"_links":{"self":[{"href":"https:\/\/c-profil.se\/english\/wp-json\/wp\/v2\/product\/23963","targetHints":{"allow":["GET"]}}],"collection":[{"href":"https:\/\/c-profil.se\/english\/wp-json\/wp\/v2\/product"}],"about":[{"href":"https:\/\/c-profil.se\/english\/wp-json\/wp\/v2\/types\/product"}],"version-history":[{"count":7,"href":"https:\/\/c-profil.se\/english\/wp-json\/wp\/v2\/product\/23963\/revisions"}],"predecessor-version":[{"id":56157,"href":"https:\/\/c-profil.se\/english\/wp-json\/wp\/v2\/product\/23963\/revisions\/56157"}],"wp:featuredmedia":[{"embeddable":true,"href":"https:\/\/c-profil.se\/english\/wp-json\/wp\/v2\/media\/51381"}],"wp:attachment":[{"href":"https:\/\/c-profil.se\/english\/wp-json\/wp\/v2\/media?parent=23963"}],"wp:term":[{"taxonomy":"product_brand","embeddable":true,"href":"https:\/\/c-profil.se\/english\/wp-json\/wp\/v2\/product_brand?post=23963"},{"taxonomy":"product_cat","embeddable":true,"href":"https:\/\/c-profil.se\/english\/wp-json\/wp\/v2\/product_cat?post=23963"},{"taxonomy":"product_tag","embeddable":true,"href":"https:\/\/c-profil.se\/english\/wp-json\/wp\/v2\/product_tag?post=23963"}],"curies":[{"name":"wp","href":"https:\/\/api.w.org\/{rel}","templated":true}]}}