{"id":23960,"date":"2016-08-18T12:53:00","date_gmt":"2016-08-18T11:53:00","guid":{"rendered":"https:\/\/c-profil.se\/produkt\/varmeelement-sh\/"},"modified":"2026-03-18T16:16:25","modified_gmt":"2026-03-18T15:16:25","slug":"ptc-heater-shsm","status":"publish","type":"product","link":"https:\/\/c-profil.se\/english\/produkt\/ptc-varmare-shsm\/","title":{"rendered":"PTC Heater | SH \/ SM"},"content":{"rendered":"<p><strong>PTC Heater \/ SH | SM is a compact and efficient heating solution for control cabinets and enclosures.<\/strong><br \/>\nThe smart design with aluminum profiles provides even heat dissipation and reliable operation at voltage ranges from 110\u2013240 V, with output power from 10 W up to 400 W calculated from 20 \u00b0C.<\/p>","protected":false},"excerpt":{"rendered":"<p style=\"text-align: left\">PTC Heaters \/ SH|SM use innovative technology to generate up to 150W of heat. The smart design with aluminum profiles creates an efficient airflow that spreads the heat evenly throughout the enclosure. With a voltage range of 110 \u2013 240V, you can be sure that this PTC heater will work no matter where in the world you are. Perfect for both the large control cabinet or the smaller enclosure, the reliable SH|SM series gives you the heat you need. Discover the benefits of our PTC heaters that combine powerful performance and smart design.<\/p>\n<ul>\n<li>Output effect:<strong>:<\/strong> Calculated from 20\u00b0C<\/li>\n<li>Effects from 10W up to 400W<\/li>\n<\/ul>","protected":false},"featured_media":46129,"template":"","meta":{"_acf_changed":false},"product_brand":[746],"product_cat":[205],"product_tag":[963,966],"class_list":{"0":"post-23960","1":"product","2":"type-product","3":"status-publish","4":"has-post-thumbnail","6":"product_brand-rubsamen-herr","7":"product_cat-ptc-varmare","8":"product_tag-klimatisering-av-apparatskap","9":"product_tag-kondensskydd","11":"first","12":"instock","13":"shipping-taxable","14":"product-type-simple"},"acf":[],"yoast_head":"<!-- This site is optimized with the Yoast SEO Premium plugin v27.4 (Yoast SEO v27.4) - https:\/\/yoast.com\/product\/yoast-seo-premium-wordpress\/ -->\n<title>PTC-V\u00e4rmare | SH \/ SM - C-Pro<\/title>\n<meta name=\"description\" content=\"PTC-V\u00e4rmare \/ SH|SM f\u00f6r att kompensera temperaturvariationer. Slipp kondens i sk\u00e5pet\/kapslingen. Utrustad med viss sj\u00e4lvreglerande PTC-element. L\u00e4s Mer!\" \/>\n<meta name=\"robots\" content=\"index, follow, max-snippet:-1, max-image-preview:large, max-video-preview:-1\" \/>\n<link rel=\"canonical\" href=\"https:\/\/c-profil.se\/english\/product\/ptc-heater-shsm\/\" \/>\n<meta property=\"og:locale\" content=\"en_US\" \/>\n<meta property=\"og:type\" content=\"article\" \/>\n<meta property=\"og:title\" content=\"V\u00e4rmeelement \/ SH|SM - Fr\u00e5n C-Pro AB\" \/>\n<meta property=\"og:description\" content=\"10W-400W, olika sp\u00e4nningsalternativ.\" \/>\n<meta property=\"og:url\" content=\"https:\/\/c-profil.se\/english\/product\/ptc-heater-shsm\/\" \/>\n<meta property=\"og:site_name\" content=\"C-Pro\" \/>\n<meta property=\"article:publisher\" content=\"https:\/\/www.facebook.com\/people\/C-Pro\/61561767306874\/\" \/>\n<meta property=\"article:modified_time\" content=\"2026-03-18T15:16:25+00:00\" \/>\n<meta property=\"og:image\" content=\"https:\/\/c-profil.se\/wp-content\/uploads\/2022\/03\/c-pro-logga-liggande-500x500-1.png\" \/>\n\t<meta property=\"og:image:width\" content=\"500\" \/>\n\t<meta property=\"og:image:height\" content=\"500\" \/>\n\t<meta property=\"og:image:type\" content=\"image\/png\" \/>\n<meta name=\"twitter:card\" content=\"summary_large_image\" \/>\n<meta name=\"twitter:title\" content=\"V\u00e4rmeelement \/ SH|SM - Fr\u00e5n C-Pro AB\" \/>\n<meta name=\"twitter:description\" content=\"10W-400W, olika sp\u00e4nningsalternativ.\" \/>\n<meta name=\"twitter:label1\" content=\"Price\" \/>\n\t<meta name=\"twitter:data1\" content=\"\" \/>\n\t<meta name=\"twitter:label2\" content=\"Availability\" \/>\n\t<meta name=\"twitter:data2\" content=\"In stock\" \/>\n<script type=\"application\/ld+json\" class=\"yoast-schema-graph\">{\"@context\":\"https:\\\/\\\/schema.org\",\"@graph\":[{\"@type\":\"WebPage\",\"@id\":\"https:\\\/\\\/c-profil.se\\\/produkt\\\/ptc-varmare-shsm\\\/\",\"url\":\"https:\\\/\\\/c-profil.se\\\/produkt\\\/ptc-varmare-shsm\\\/\",\"name\":\"PTC-V\u00e4rmare | SH \\\/ SM - C-Pro\",\"isPartOf\":{\"@id\":\"https:\\\/\\\/c-profil.se\\\/#website\"},\"primaryImageOfPage\":{\"@id\":\"https:\\\/\\\/c-profil.se\\\/produkt\\\/ptc-varmare-shsm\\\/#primaryimage\"},\"image\":{\"@id\":\"https:\\\/\\\/c-profil.se\\\/produkt\\\/ptc-varmare-shsm\\\/#primaryimage\"},\"thumbnailUrl\":\"https:\\\/\\\/c-profil.se\\\/wp-content\\\/uploads\\\/2024\\\/09\\\/PTC-Varmare-SH-SM.jpg\",\"datePublished\":\"2016-08-18T11:53:00+00:00\",\"dateModified\":\"2026-03-18T15:16:25+00:00\",\"description\":\"PTC-V\u00e4rmare \\\/ SH|SM f\u00f6r att kompensera temperaturvariationer. Slipp kondens i sk\u00e5pet\\\/kapslingen. Utrustad med viss sj\u00e4lvreglerande PTC-element. L\u00e4s Mer!\",\"breadcrumb\":{\"@id\":\"https:\\\/\\\/c-profil.se\\\/produkt\\\/ptc-varmare-shsm\\\/#breadcrumb\"},\"inLanguage\":\"en\",\"potentialAction\":[{\"@type\":\"ReadAction\",\"target\":[\"https:\\\/\\\/c-profil.se\\\/produkt\\\/ptc-varmare-shsm\\\/\"]}]},{\"@type\":\"ImageObject\",\"inLanguage\":\"en\",\"@id\":\"https:\\\/\\\/c-profil.se\\\/produkt\\\/ptc-varmare-shsm\\\/#primaryimage\",\"url\":\"https:\\\/\\\/c-profil.se\\\/wp-content\\\/uploads\\\/2024\\\/09\\\/PTC-Varmare-SH-SM.jpg\",\"contentUrl\":\"https:\\\/\\\/c-profil.se\\\/wp-content\\\/uploads\\\/2024\\\/09\\\/PTC-Varmare-SH-SM.jpg\",\"width\":1000,\"height\":1000,\"caption\":\"PTC V\u00e4rmare SH SM\"},{\"@type\":\"BreadcrumbList\",\"@id\":\"https:\\\/\\\/c-profil.se\\\/produkt\\\/ptc-varmare-shsm\\\/#breadcrumb\",\"itemListElement\":[{\"@type\":\"ListItem\",\"position\":1,\"name\":\"Hem\",\"item\":\"https:\\\/\\\/c-profil.se\\\/\"},{\"@type\":\"ListItem\",\"position\":2,\"name\":\"Produkter\",\"item\":\"https:\\\/\\\/c-profil.se\\\/produkter\\\/\"},{\"@type\":\"ListItem\",\"position\":3,\"name\":\"PTC-V\u00e4rmare\",\"item\":\"https:\\\/\\\/c-profil.se\\\/produkt-kategori\\\/ptc-varmare\\\/\"},{\"@type\":\"ListItem\",\"position\":4,\"name\":\"PTC-V\u00e4rmare | SH \\\/ SM\"}]},{\"@type\":\"WebSite\",\"@id\":\"https:\\\/\\\/c-profil.se\\\/#website\",\"url\":\"https:\\\/\\\/c-profil.se\\\/\",\"name\":\"C-Pro\",\"description\":\"Produkter f\u00f6r El och Automation\",\"publisher\":{\"@id\":\"https:\\\/\\\/c-profil.se\\\/#organization\"},\"potentialAction\":[{\"@type\":\"SearchAction\",\"target\":{\"@type\":\"EntryPoint\",\"urlTemplate\":\"https:\\\/\\\/c-profil.se\\\/?s={search_term_string}\"},\"query-input\":{\"@type\":\"PropertyValueSpecification\",\"valueRequired\":true,\"valueName\":\"search_term_string\"}}],\"inLanguage\":\"en\"},{\"@type\":\"Organization\",\"@id\":\"https:\\\/\\\/c-profil.se\\\/#organization\",\"name\":\"C-Pro\",\"alternateName\":\"C-PRO\",\"url\":\"https:\\\/\\\/c-profil.se\\\/\",\"logo\":{\"@type\":\"ImageObject\",\"inLanguage\":\"en\",\"@id\":\"https:\\\/\\\/c-profil.se\\\/#\\\/schema\\\/logo\\\/image\\\/\",\"url\":\"https:\\\/\\\/c-profil.se\\\/wp-content\\\/uploads\\\/2022\\\/03\\\/c-pro-logga-liggande-500x500-1.png\",\"contentUrl\":\"https:\\\/\\\/c-profil.se\\\/wp-content\\\/uploads\\\/2022\\\/03\\\/c-pro-logga-liggande-500x500-1.png\",\"width\":500,\"height\":500,\"caption\":\"C-Pro\"},\"image\":{\"@id\":\"https:\\\/\\\/c-profil.se\\\/#\\\/schema\\\/logo\\\/image\\\/\"},\"sameAs\":[\"https:\\\/\\\/www.facebook.com\\\/people\\\/C-Pro\\\/61561767306874\\\/\",\"https:\\\/\\\/www.linkedin.com\\\/company\\\/c-pro-ab\",\"https:\\\/\\\/www.instagram.com\\\/cpro.ab\\\/\"],\"description\":\"C-PRO AB \u00e4r en helt\u00e4ckande leverant\u00f6r av material f\u00f6r applikationer inom el och automation. \u00c4nda sedan starten 1987 har vi f\u00f6rsett den svenska tillverkande industrin med elmaterial. Trots v\u00e5r storlek och ledande position har vi aldrig \u00f6vergett v\u00e5r grundfilosofi, att vara en personlig leverant\u00f6r. Vi p\u00e5 C-PRO \u00e4r l\u00e4tta att komma i kontakt med, \u00e4rliga och brinner f\u00f6r att l\u00f6sa v\u00e5ra kunders problem.\",\"email\":\"info@c-profil.se\",\"telephone\":\"031575785\",\"legalName\":\"C-Profil F\u00f6rl\u00e4ggningsmaterial AB\",\"foundingDate\":\"1987-01-01\"}]}<\/script>\n<meta property=\"product:brand\" content=\"klimatisering av apparatsk\u00e5p\" \/>\n<meta property=\"product:price:currency\" content=\"SEK\" \/>\n<meta property=\"og:availability\" content=\"instock\" \/>\n<meta property=\"product:availability\" content=\"instock\" \/>\n<meta property=\"product:retailer_item_id\" content=\"SH \/ SM\" \/>\n<meta property=\"product:condition\" content=\"new\" \/>\n<!-- \/ Yoast SEO Premium plugin. -->","yoast_head_json":{"title":"PTC Heater | SH \/ SM - C-Pro","description":"PTC Heater \/ SH|SM to compensate temperature variations. Avoid condensation in the cabinet\/enclosure. Equipped with some self-regulating PTC element. Read more!","robots":{"index":"index","follow":"follow","max-snippet":"max-snippet:-1","max-image-preview":"max-image-preview:large","max-video-preview":"max-video-preview:-1"},"canonical":"https:\/\/c-profil.se\/english\/product\/ptc-heater-shsm\/","og_locale":"en_US","og_type":"article","og_title":"V\u00e4rmeelement \/ SH|SM - Fr\u00e5n C-Pro AB","og_description":"10W-400W, olika sp\u00e4nningsalternativ.","og_url":"https:\/\/c-profil.se\/english\/product\/ptc-heater-shsm\/","og_site_name":"C-Pro","article_publisher":"https:\/\/www.facebook.com\/people\/C-Pro\/61561767306874\/","article_modified_time":"2026-03-18T15:16:25+00:00","og_image":[{"width":500,"height":500,"url":"https:\/\/c-profil.se\/wp-content\/uploads\/2022\/03\/c-pro-logga-liggande-500x500-1.png","type":"image\/png"}],"twitter_card":"summary_large_image","twitter_title":"V\u00e4rmeelement \/ SH|SM - Fr\u00e5n C-Pro AB","twitter_description":"10W-400W, olika sp\u00e4nningsalternativ.","twitter_misc":{"Price":"","Availability":"In stock"},"schema":{"@context":"https:\/\/schema.org","@graph":[{"@type":"WebPage","@id":"https:\/\/c-profil.se\/produkt\/ptc-varmare-shsm\/","url":"https:\/\/c-profil.se\/produkt\/ptc-varmare-shsm\/","name":"PTC Heater | SH \/ SM - C-Pro","isPartOf":{"@id":"https:\/\/c-profil.se\/#website"},"primaryImageOfPage":{"@id":"https:\/\/c-profil.se\/produkt\/ptc-varmare-shsm\/#primaryimage"},"image":{"@id":"https:\/\/c-profil.se\/produkt\/ptc-varmare-shsm\/#primaryimage"},"thumbnailUrl":"https:\/\/c-profil.se\/wp-content\/uploads\/2024\/09\/PTC-Varmare-SH-SM.jpg","datePublished":"2016-08-18T11:53:00+00:00","dateModified":"2026-03-18T15:16:25+00:00","description":"PTC Heater \/ SH|SM to compensate temperature variations. Avoid condensation in the cabinet\/enclosure. Equipped with some self-regulating PTC element. Read more!","breadcrumb":{"@id":"https:\/\/c-profil.se\/produkt\/ptc-varmare-shsm\/#breadcrumb"},"inLanguage":"en","potentialAction":[{"@type":"ReadAction","target":["https:\/\/c-profil.se\/produkt\/ptc-varmare-shsm\/"]}]},{"@type":"ImageObject","inLanguage":"en","@id":"https:\/\/c-profil.se\/produkt\/ptc-varmare-shsm\/#primaryimage","url":"https:\/\/c-profil.se\/wp-content\/uploads\/2024\/09\/PTC-Varmare-SH-SM.jpg","contentUrl":"https:\/\/c-profil.se\/wp-content\/uploads\/2024\/09\/PTC-Varmare-SH-SM.jpg","width":1000,"height":1000,"caption":"PTC V\u00e4rmare SH SM"},{"@type":"BreadcrumbList","@id":"https:\/\/c-profil.se\/produkt\/ptc-varmare-shsm\/#breadcrumb","itemListElement":[{"@type":"ListItem","position":1,"name":"Hem","item":"https:\/\/c-profil.se\/"},{"@type":"ListItem","position":2,"name":"Produkter","item":"https:\/\/c-profil.se\/produkter\/"},{"@type":"ListItem","position":3,"name":"PTC-V\u00e4rmare","item":"https:\/\/c-profil.se\/produkt-kategori\/ptc-varmare\/"},{"@type":"ListItem","position":4,"name":"PTC-V\u00e4rmare | SH \/ SM"}]},{"@type":"WebSite","@id":"https:\/\/c-profil.se\/#website","url":"https:\/\/c-profil.se\/","name":"C-Pro","description":"Products for Electricity and Automation","publisher":{"@id":"https:\/\/c-profil.se\/#organization"},"potentialAction":[{"@type":"SearchAction","target":{"@type":"EntryPoint","urlTemplate":"https:\/\/c-profil.se\/?s={search_term_string}"},"query-input":{"@type":"PropertyValueSpecification","valueRequired":true,"valueName":"search_term_string"}}],"inLanguage":"en"},{"@type":"Organization","@id":"https:\/\/c-profil.se\/#organization","name":"C-Pro","alternateName":"C-PRO","url":"https:\/\/c-profil.se\/","logo":{"@type":"ImageObject","inLanguage":"en","@id":"https:\/\/c-profil.se\/#\/schema\/logo\/image\/","url":"https:\/\/c-profil.se\/wp-content\/uploads\/2022\/03\/c-pro-logga-liggande-500x500-1.png","contentUrl":"https:\/\/c-profil.se\/wp-content\/uploads\/2022\/03\/c-pro-logga-liggande-500x500-1.png","width":500,"height":500,"caption":"C-Pro"},"image":{"@id":"https:\/\/c-profil.se\/#\/schema\/logo\/image\/"},"sameAs":["https:\/\/www.facebook.com\/people\/C-Pro\/61561767306874\/","https:\/\/www.linkedin.com\/company\/c-pro-ab","https:\/\/www.instagram.com\/cpro.ab\/"],"description":"C-PRO AB is a comprehensive supplier of materials for applications in electricity and automation. Ever since the start in 1987, we have supplied the Swedish manufacturing industry with electrical materials. Despite our size and leading position, we have never abandoned our basic philosophy, to be a personal supplier. We at C-PRO are easy to get in touch with, honest and passionate about solving our customers&#039; problems.","email":"info@c-profil.se","telephone":"031575785","legalName":"C-Profil F\u00f6rl\u00e4ggningsmaterial AB","foundingDate":"1987-01-01"}]},"product_brand":"klimatisering av apparatsk\u00e5p","product_price_currency":"SEK","og_availability":"instock","product_availability":"instock","product_retailer_item_id":"SH \/ SM","product_condition":"new"},"_links":{"self":[{"href":"https:\/\/c-profil.se\/english\/wp-json\/wp\/v2\/product\/23960","targetHints":{"allow":["GET"]}}],"collection":[{"href":"https:\/\/c-profil.se\/english\/wp-json\/wp\/v2\/product"}],"about":[{"href":"https:\/\/c-profil.se\/english\/wp-json\/wp\/v2\/types\/product"}],"version-history":[{"count":10,"href":"https:\/\/c-profil.se\/english\/wp-json\/wp\/v2\/product\/23960\/revisions"}],"predecessor-version":[{"id":74375,"href":"https:\/\/c-profil.se\/english\/wp-json\/wp\/v2\/product\/23960\/revisions\/74375"}],"wp:featuredmedia":[{"embeddable":true,"href":"https:\/\/c-profil.se\/english\/wp-json\/wp\/v2\/media\/46129"}],"wp:attachment":[{"href":"https:\/\/c-profil.se\/english\/wp-json\/wp\/v2\/media?parent=23960"}],"wp:term":[{"taxonomy":"product_brand","embeddable":true,"href":"https:\/\/c-profil.se\/english\/wp-json\/wp\/v2\/product_brand?post=23960"},{"taxonomy":"product_cat","embeddable":true,"href":"https:\/\/c-profil.se\/english\/wp-json\/wp\/v2\/product_cat?post=23960"},{"taxonomy":"product_tag","embeddable":true,"href":"https:\/\/c-profil.se\/english\/wp-json\/wp\/v2\/product_tag?post=23960"}],"curies":[{"name":"wp","href":"https:\/\/api.w.org\/{rel}","templated":true}]}}