{"id":23953,"date":"2016-08-18T12:40:00","date_gmt":"2016-08-18T11:40:00","guid":{"rendered":"https:\/\/c-profil.se\/produkt\/flaktmotorer-tillbehor\/"},"modified":"2026-03-19T08:45:12","modified_gmt":"2026-03-19T07:45:12","slug":"accessory-to-fan-motors","status":"publish","type":"product","link":"https:\/\/c-profil.se\/english\/produkt\/tillbehor-till-flaktmotorer\/","title":{"rendered":"Accessories for fan motors"},"content":{"rendered":"<p><strong>Accessories and fan motors provide flexible and reliable solutions for ventilation and cooling.<\/strong><br \/>\nHere you will find fan frames, connection cables, touch guards, filters and high-quality fan motors with ball bearings as standard.<\/p>","protected":false},"excerpt":{"rendered":"<p>Here you will find a variety of accessories for fan motors. Fan frame with snap mount to hold your fan motor in place. Connection cable for power supply and touch protection in metal and black polyamide.<\/p>\n<ul>\n<li>We also have filters to build your own filter fan.<\/li>\n<\/ul>","protected":false},"featured_media":51443,"template":"","meta":{"_acf_changed":false},"product_brand":[],"product_cat":[334],"product_tag":[963,964],"class_list":{"0":"post-23953","1":"product","2":"type-product","3":"status-publish","4":"has-post-thumbnail","6":"product_cat-ventilation-dranering","7":"product_tag-klimatisering-av-apparatskap","8":"product_tag-ventilation","10":"first","11":"instock","12":"shipping-taxable","13":"product-type-simple"},"acf":[],"yoast_head":"<!-- This site is optimized with the Yoast SEO Premium plugin v27.4 (Yoast SEO v27.4) - https:\/\/yoast.com\/product\/yoast-seo-premium-wordpress\/ -->\n<title>Tillbeh\u00f6r till fl\u00e4ktmotorer - C-Pro<\/title>\n<meta name=\"description\" content=\"H\u00e4r hittar ni en m\u00e4ngd olika tillbeh\u00f6r till fl\u00e4ktmotorer. H\u00e4r hittar ni en m\u00e4ngd olika tillbeh\u00f6r till fl\u00e4ktmotorer. Fl\u00e4ktram &amp; Anslutningskabel. L\u00e4s mer!\" \/>\n<meta name=\"robots\" content=\"index, follow, max-snippet:-1, max-image-preview:large, max-video-preview:-1\" \/>\n<link rel=\"canonical\" href=\"https:\/\/c-profil.se\/english\/product\/accessory-to-fan-motors\/\" \/>\n<meta property=\"og:locale\" content=\"en_US\" \/>\n<meta property=\"og:type\" content=\"article\" \/>\n<meta property=\"og:title\" content=\"Tillbeh\u00f6r till fl\u00e4ktmotorer - C-Pro\" \/>\n<meta property=\"og:description\" content=\"H\u00e4r hittar ni en m\u00e4ngd olika tillbeh\u00f6r till fl\u00e4ktmotorer. Fl\u00e4ktram med sn\u00e4ppf\u00e4ste f\u00f6r att h\u00e5lla din fl\u00e4ktmotor p\u00e5 plats. Anslutningskabel f\u00f6r elf\u00f6rs\u00f6rjning och ber\u00f6ringskydd\u00a0i metall och svart polyamid.   Vi har \u00e4ven filter f\u00f6r att bygga din egna filterfl\u00e4kt.\" \/>\n<meta property=\"og:url\" content=\"https:\/\/c-profil.se\/english\/product\/accessory-to-fan-motors\/\" \/>\n<meta property=\"og:site_name\" content=\"C-Pro\" \/>\n<meta property=\"article:publisher\" content=\"https:\/\/www.facebook.com\/people\/C-Pro\/61561767306874\/\" \/>\n<meta property=\"article:modified_time\" content=\"2026-03-19T07:45:12+00:00\" \/>\n<meta property=\"og:image\" content=\"https:\/\/c-profil.se\/wp-content\/uploads\/2016\/08\/Tillbehor-for-Flaktmotorer.jpg\" \/>\n\t<meta property=\"og:image:width\" content=\"1000\" \/>\n\t<meta property=\"og:image:height\" content=\"1000\" \/>\n\t<meta property=\"og:image:type\" content=\"image\/jpeg\" \/>\n<meta name=\"twitter:card\" content=\"summary_large_image\" \/>\n<meta name=\"twitter:label1\" content=\"Price\" \/>\n\t<meta name=\"twitter:data1\" content=\"\" \/>\n\t<meta name=\"twitter:label2\" content=\"Availability\" \/>\n\t<meta name=\"twitter:data2\" content=\"In stock\" \/>\n<script type=\"application\/ld+json\" class=\"yoast-schema-graph\">{\"@context\":\"https:\\\/\\\/schema.org\",\"@graph\":[{\"@type\":\"WebPage\",\"@id\":\"https:\\\/\\\/c-profil.se\\\/produkt\\\/tillbehor-till-flaktmotorer\\\/\",\"url\":\"https:\\\/\\\/c-profil.se\\\/produkt\\\/tillbehor-till-flaktmotorer\\\/\",\"name\":\"Tillbeh\u00f6r till fl\u00e4ktmotorer - C-Pro\",\"isPartOf\":{\"@id\":\"https:\\\/\\\/c-profil.se\\\/#website\"},\"primaryImageOfPage\":{\"@id\":\"https:\\\/\\\/c-profil.se\\\/produkt\\\/tillbehor-till-flaktmotorer\\\/#primaryimage\"},\"image\":{\"@id\":\"https:\\\/\\\/c-profil.se\\\/produkt\\\/tillbehor-till-flaktmotorer\\\/#primaryimage\"},\"thumbnailUrl\":\"https:\\\/\\\/c-profil.se\\\/wp-content\\\/uploads\\\/2016\\\/08\\\/Tillbehor-for-Flaktmotorer.jpg\",\"datePublished\":\"2016-08-18T11:40:00+00:00\",\"dateModified\":\"2026-03-19T07:45:12+00:00\",\"description\":\"H\u00e4r hittar ni en m\u00e4ngd olika tillbeh\u00f6r till fl\u00e4ktmotorer. H\u00e4r hittar ni en m\u00e4ngd olika tillbeh\u00f6r till fl\u00e4ktmotorer. Fl\u00e4ktram & Anslutningskabel. L\u00e4s mer!\",\"breadcrumb\":{\"@id\":\"https:\\\/\\\/c-profil.se\\\/produkt\\\/tillbehor-till-flaktmotorer\\\/#breadcrumb\"},\"inLanguage\":\"en\",\"potentialAction\":[{\"@type\":\"ReadAction\",\"target\":[\"https:\\\/\\\/c-profil.se\\\/produkt\\\/tillbehor-till-flaktmotorer\\\/\"]}]},{\"@type\":\"ImageObject\",\"inLanguage\":\"en\",\"@id\":\"https:\\\/\\\/c-profil.se\\\/produkt\\\/tillbehor-till-flaktmotorer\\\/#primaryimage\",\"url\":\"https:\\\/\\\/c-profil.se\\\/wp-content\\\/uploads\\\/2016\\\/08\\\/Tillbehor-for-Flaktmotorer.jpg\",\"contentUrl\":\"https:\\\/\\\/c-profil.se\\\/wp-content\\\/uploads\\\/2016\\\/08\\\/Tillbehor-for-Flaktmotorer.jpg\",\"width\":1000,\"height\":1000,\"caption\":\"Tillbeh\u00f6r f\u00f6r Fl\u00e4ktmotorer\"},{\"@type\":\"BreadcrumbList\",\"@id\":\"https:\\\/\\\/c-profil.se\\\/produkt\\\/tillbehor-till-flaktmotorer\\\/#breadcrumb\",\"itemListElement\":[{\"@type\":\"ListItem\",\"position\":1,\"name\":\"Hem\",\"item\":\"https:\\\/\\\/c-profil.se\\\/\"},{\"@type\":\"ListItem\",\"position\":2,\"name\":\"Produkter\",\"item\":\"https:\\\/\\\/c-profil.se\\\/produkter\\\/\"},{\"@type\":\"ListItem\",\"position\":3,\"name\":\"Ventilation &amp; Dr\u00e4nering\",\"item\":\"https:\\\/\\\/c-profil.se\\\/produkt-kategori\\\/ventilation-dranering\\\/\"},{\"@type\":\"ListItem\",\"position\":4,\"name\":\"Tillbeh\u00f6r till fl\u00e4ktmotorer\"}]},{\"@type\":\"WebSite\",\"@id\":\"https:\\\/\\\/c-profil.se\\\/#website\",\"url\":\"https:\\\/\\\/c-profil.se\\\/\",\"name\":\"C-Pro\",\"description\":\"Produkter f\u00f6r El och Automation\",\"publisher\":{\"@id\":\"https:\\\/\\\/c-profil.se\\\/#organization\"},\"potentialAction\":[{\"@type\":\"SearchAction\",\"target\":{\"@type\":\"EntryPoint\",\"urlTemplate\":\"https:\\\/\\\/c-profil.se\\\/?s={search_term_string}\"},\"query-input\":{\"@type\":\"PropertyValueSpecification\",\"valueRequired\":true,\"valueName\":\"search_term_string\"}}],\"inLanguage\":\"en\"},{\"@type\":\"Organization\",\"@id\":\"https:\\\/\\\/c-profil.se\\\/#organization\",\"name\":\"C-Pro\",\"alternateName\":\"C-PRO\",\"url\":\"https:\\\/\\\/c-profil.se\\\/\",\"logo\":{\"@type\":\"ImageObject\",\"inLanguage\":\"en\",\"@id\":\"https:\\\/\\\/c-profil.se\\\/#\\\/schema\\\/logo\\\/image\\\/\",\"url\":\"https:\\\/\\\/c-profil.se\\\/wp-content\\\/uploads\\\/2022\\\/03\\\/c-pro-logga-liggande-500x500-1.png\",\"contentUrl\":\"https:\\\/\\\/c-profil.se\\\/wp-content\\\/uploads\\\/2022\\\/03\\\/c-pro-logga-liggande-500x500-1.png\",\"width\":500,\"height\":500,\"caption\":\"C-Pro\"},\"image\":{\"@id\":\"https:\\\/\\\/c-profil.se\\\/#\\\/schema\\\/logo\\\/image\\\/\"},\"sameAs\":[\"https:\\\/\\\/www.facebook.com\\\/people\\\/C-Pro\\\/61561767306874\\\/\",\"https:\\\/\\\/www.linkedin.com\\\/company\\\/c-pro-ab\",\"https:\\\/\\\/www.instagram.com\\\/cpro.ab\\\/\"],\"description\":\"C-PRO AB \u00e4r en helt\u00e4ckande leverant\u00f6r av material f\u00f6r applikationer inom el och automation. \u00c4nda sedan starten 1987 har vi f\u00f6rsett den svenska tillverkande industrin med elmaterial. Trots v\u00e5r storlek och ledande position har vi aldrig \u00f6vergett v\u00e5r grundfilosofi, att vara en personlig leverant\u00f6r. Vi p\u00e5 C-PRO \u00e4r l\u00e4tta att komma i kontakt med, \u00e4rliga och brinner f\u00f6r att l\u00f6sa v\u00e5ra kunders problem.\",\"email\":\"info@c-profil.se\",\"telephone\":\"031575785\",\"legalName\":\"C-Profil F\u00f6rl\u00e4ggningsmaterial AB\",\"foundingDate\":\"1987-01-01\"}]}<\/script>\n<meta property=\"product:brand\" content=\"klimatisering av apparatsk\u00e5p\" \/>\n<meta property=\"product:price:currency\" content=\"SEK\" \/>\n<meta property=\"og:availability\" content=\"instock\" \/>\n<meta property=\"product:availability\" content=\"instock\" \/>\n<meta property=\"product:retailer_item_id\" content=\"Tillbeh\u00f6r till fl\u00e4ktmotorer\" \/>\n<meta property=\"product:condition\" content=\"new\" \/>\n<!-- \/ Yoast SEO Premium plugin. -->","yoast_head_json":{"title":"Accessories for fan motors - C-Pro","description":"Here you will find a variety of accessories for fan motors. Here you will find a variety of accessories for fan motors. Fan frame &amp; Connection cable. Read more!","robots":{"index":"index","follow":"follow","max-snippet":"max-snippet:-1","max-image-preview":"max-image-preview:large","max-video-preview":"max-video-preview:-1"},"canonical":"https:\/\/c-profil.se\/english\/product\/accessory-to-fan-motors\/","og_locale":"en_US","og_type":"article","og_title":"Tillbeh\u00f6r till fl\u00e4ktmotorer - C-Pro","og_description":"H\u00e4r hittar ni en m\u00e4ngd olika tillbeh\u00f6r till fl\u00e4ktmotorer. Fl\u00e4ktram med sn\u00e4ppf\u00e4ste f\u00f6r att h\u00e5lla din fl\u00e4ktmotor p\u00e5 plats. Anslutningskabel f\u00f6r elf\u00f6rs\u00f6rjning och ber\u00f6ringskydd\u00a0i metall och svart polyamid.   Vi har \u00e4ven filter f\u00f6r att bygga din egna filterfl\u00e4kt.","og_url":"https:\/\/c-profil.se\/english\/product\/accessory-to-fan-motors\/","og_site_name":"C-Pro","article_publisher":"https:\/\/www.facebook.com\/people\/C-Pro\/61561767306874\/","article_modified_time":"2026-03-19T07:45:12+00:00","og_image":[{"width":1000,"height":1000,"url":"https:\/\/c-profil.se\/wp-content\/uploads\/2016\/08\/Tillbehor-for-Flaktmotorer.jpg","type":"image\/jpeg"}],"twitter_card":"summary_large_image","twitter_misc":{"Price":"","Availability":"In stock"},"schema":{"@context":"https:\/\/schema.org","@graph":[{"@type":"WebPage","@id":"https:\/\/c-profil.se\/produkt\/tillbehor-till-flaktmotorer\/","url":"https:\/\/c-profil.se\/produkt\/tillbehor-till-flaktmotorer\/","name":"Accessories for fan motors - C-Pro","isPartOf":{"@id":"https:\/\/c-profil.se\/#website"},"primaryImageOfPage":{"@id":"https:\/\/c-profil.se\/produkt\/tillbehor-till-flaktmotorer\/#primaryimage"},"image":{"@id":"https:\/\/c-profil.se\/produkt\/tillbehor-till-flaktmotorer\/#primaryimage"},"thumbnailUrl":"https:\/\/c-profil.se\/wp-content\/uploads\/2016\/08\/Tillbehor-for-Flaktmotorer.jpg","datePublished":"2016-08-18T11:40:00+00:00","dateModified":"2026-03-19T07:45:12+00:00","description":"Here you will find a variety of accessories for fan motors. Here you will find a variety of accessories for fan motors. Fan frame &amp; Connection cable. Read more!","breadcrumb":{"@id":"https:\/\/c-profil.se\/produkt\/tillbehor-till-flaktmotorer\/#breadcrumb"},"inLanguage":"en","potentialAction":[{"@type":"ReadAction","target":["https:\/\/c-profil.se\/produkt\/tillbehor-till-flaktmotorer\/"]}]},{"@type":"ImageObject","inLanguage":"en","@id":"https:\/\/c-profil.se\/produkt\/tillbehor-till-flaktmotorer\/#primaryimage","url":"https:\/\/c-profil.se\/wp-content\/uploads\/2016\/08\/Tillbehor-for-Flaktmotorer.jpg","contentUrl":"https:\/\/c-profil.se\/wp-content\/uploads\/2016\/08\/Tillbehor-for-Flaktmotorer.jpg","width":1000,"height":1000,"caption":"Tillbeh\u00f6r f\u00f6r Fl\u00e4ktmotorer"},{"@type":"BreadcrumbList","@id":"https:\/\/c-profil.se\/produkt\/tillbehor-till-flaktmotorer\/#breadcrumb","itemListElement":[{"@type":"ListItem","position":1,"name":"Hem","item":"https:\/\/c-profil.se\/"},{"@type":"ListItem","position":2,"name":"Produkter","item":"https:\/\/c-profil.se\/produkter\/"},{"@type":"ListItem","position":3,"name":"Ventilation &amp; Dr\u00e4nering","item":"https:\/\/c-profil.se\/produkt-kategori\/ventilation-dranering\/"},{"@type":"ListItem","position":4,"name":"Tillbeh\u00f6r till fl\u00e4ktmotorer"}]},{"@type":"WebSite","@id":"https:\/\/c-profil.se\/#website","url":"https:\/\/c-profil.se\/","name":"C-Pro","description":"Products for Electricity and Automation","publisher":{"@id":"https:\/\/c-profil.se\/#organization"},"potentialAction":[{"@type":"SearchAction","target":{"@type":"EntryPoint","urlTemplate":"https:\/\/c-profil.se\/?s={search_term_string}"},"query-input":{"@type":"PropertyValueSpecification","valueRequired":true,"valueName":"search_term_string"}}],"inLanguage":"en"},{"@type":"Organization","@id":"https:\/\/c-profil.se\/#organization","name":"C-Pro","alternateName":"C-PRO","url":"https:\/\/c-profil.se\/","logo":{"@type":"ImageObject","inLanguage":"en","@id":"https:\/\/c-profil.se\/#\/schema\/logo\/image\/","url":"https:\/\/c-profil.se\/wp-content\/uploads\/2022\/03\/c-pro-logga-liggande-500x500-1.png","contentUrl":"https:\/\/c-profil.se\/wp-content\/uploads\/2022\/03\/c-pro-logga-liggande-500x500-1.png","width":500,"height":500,"caption":"C-Pro"},"image":{"@id":"https:\/\/c-profil.se\/#\/schema\/logo\/image\/"},"sameAs":["https:\/\/www.facebook.com\/people\/C-Pro\/61561767306874\/","https:\/\/www.linkedin.com\/company\/c-pro-ab","https:\/\/www.instagram.com\/cpro.ab\/"],"description":"C-PRO AB is a comprehensive supplier of materials for applications in electricity and automation. Ever since the start in 1987, we have supplied the Swedish manufacturing industry with electrical materials. Despite our size and leading position, we have never abandoned our basic philosophy, to be a personal supplier. We at C-PRO are easy to get in touch with, honest and passionate about solving our customers&#039; problems.","email":"info@c-profil.se","telephone":"031575785","legalName":"C-Profil F\u00f6rl\u00e4ggningsmaterial AB","foundingDate":"1987-01-01"}]},"product_brand":"klimatisering av apparatsk\u00e5p","product_price_currency":"SEK","og_availability":"instock","product_availability":"instock","product_retailer_item_id":"Tillbeh\u00f6r till fl\u00e4ktmotorer","product_condition":"new"},"_links":{"self":[{"href":"https:\/\/c-profil.se\/english\/wp-json\/wp\/v2\/product\/23953","targetHints":{"allow":["GET"]}}],"collection":[{"href":"https:\/\/c-profil.se\/english\/wp-json\/wp\/v2\/product"}],"about":[{"href":"https:\/\/c-profil.se\/english\/wp-json\/wp\/v2\/types\/product"}],"version-history":[{"count":4,"href":"https:\/\/c-profil.se\/english\/wp-json\/wp\/v2\/product\/23953\/revisions"}],"predecessor-version":[{"id":71796,"href":"https:\/\/c-profil.se\/english\/wp-json\/wp\/v2\/product\/23953\/revisions\/71796"}],"wp:featuredmedia":[{"embeddable":true,"href":"https:\/\/c-profil.se\/english\/wp-json\/wp\/v2\/media\/51443"}],"wp:attachment":[{"href":"https:\/\/c-profil.se\/english\/wp-json\/wp\/v2\/media?parent=23953"}],"wp:term":[{"taxonomy":"product_brand","embeddable":true,"href":"https:\/\/c-profil.se\/english\/wp-json\/wp\/v2\/product_brand?post=23953"},{"taxonomy":"product_cat","embeddable":true,"href":"https:\/\/c-profil.se\/english\/wp-json\/wp\/v2\/product_cat?post=23953"},{"taxonomy":"product_tag","embeddable":true,"href":"https:\/\/c-profil.se\/english\/wp-json\/wp\/v2\/product_tag?post=23953"}],"curies":[{"name":"wp","href":"https:\/\/api.w.org\/{rel}","templated":true}]}}