{"id":23949,"date":"2016-08-18T12:34:00","date_gmt":"2016-08-18T11:34:00","guid":{"rendered":"https:\/\/c-profil.se\/produkt\/utblasfilter-takmonterat\/"},"modified":"2026-04-29T14:29:06","modified_gmt":"2026-04-29T13:29:06","slug":"exhaust-filter-roof-dve-2","status":"publish","type":"product","link":"https:\/\/c-profil.se\/english\/produkt\/utblasfilter-tak-dve\/","title":{"rendered":"Exhaust filter Roof | DVE"},"content":{"rendered":"<p><strong>Exhaust filter Ceiling \/ DVE is an exhaust filter for the DVL ceiling fan series with tool-free assembly.<\/strong><br \/>\nFilter replacement and installation is quick and easy without the need for tools.<\/p>","protected":false},"excerpt":{"rendered":"<p>Exhaust filter Roof \/ DVE is an exhaust filter for the roof fan series DVL. Assembly and replacement of filters is done without tools.<\/p>\n<ul>\n<li>An exhaust filter in a stylish and modern design!<\/li>\n<\/ul>","protected":false},"featured_media":46100,"template":"","meta":{"_acf_changed":false},"product_brand":[746],"product_cat":[203],"product_tag":[940,963,964],"class_list":{"0":"post-23949","1":"product","2":"type-product","3":"status-publish","4":"has-post-thumbnail","6":"product_brand-rubsamen-herr","7":"product_cat-filterflaktar","8":"product_tag-apparatskap","9":"product_tag-klimatisering-av-apparatskap","10":"product_tag-ventilation","12":"first","13":"instock","14":"shipping-taxable","15":"product-type-simple"},"acf":[],"yoast_head":"<!-- This site is optimized with the Yoast SEO Premium plugin v27.5 (Yoast SEO v27.5) - https:\/\/yoast.com\/product\/yoast-seo-premium-wordpress\/ -->\n<title>Utbl\u00e5sfilter Tak \/ DVE - C-Pro<\/title>\n<meta name=\"description\" content=\"Utbl\u00e5sfilter Tak \/ DVE \u00e4r ett utbl\u00e5sfilter till takfl\u00e4kts-serien DVL. Montering och byte av filter g\u00f6rs utan verktyg. L\u00e4s Mer!\" \/>\n<meta name=\"robots\" content=\"index, follow, max-snippet:-1, max-image-preview:large, max-video-preview:-1\" \/>\n<link rel=\"canonical\" href=\"https:\/\/c-profil.se\/english\/product\/exhaust-filter-roof-dve-2\/\" \/>\n<meta property=\"og:locale\" content=\"en_US\" \/>\n<meta property=\"og:type\" content=\"article\" \/>\n<meta property=\"og:title\" content=\"Utbl\u00e5sfilter Tak | DVE - C-Pro\" \/>\n<meta property=\"og:description\" content=\"Utbl\u00e5sfilter Tak \/ DVE \u00e4r ett utbl\u00e5sfilter till takfl\u00e4kts-serien DVL. Montering och byte av filter g\u00f6rs utan verktyg.   Ett utbl\u00e5sfilter i snyggt och modernt utf\u00f6rande!\" \/>\n<meta property=\"og:url\" content=\"https:\/\/c-profil.se\/english\/product\/exhaust-filter-roof-dve-2\/\" \/>\n<meta property=\"og:site_name\" content=\"C-Pro\" \/>\n<meta property=\"article:publisher\" content=\"https:\/\/www.facebook.com\/people\/C-Pro\/61561767306874\/\" \/>\n<meta property=\"article:modified_time\" content=\"2026-04-29T13:29:06+00:00\" \/>\n<meta property=\"og:image\" content=\"https:\/\/c-profil.se\/wp-content\/uploads\/2016\/08\/Utblasfilter-Tak-DVE.jpg\" \/>\n\t<meta property=\"og:image:width\" content=\"1000\" \/>\n\t<meta property=\"og:image:height\" content=\"1000\" \/>\n\t<meta property=\"og:image:type\" content=\"image\/jpeg\" \/>\n<meta name=\"twitter:card\" content=\"summary_large_image\" \/>\n<meta name=\"twitter:label1\" content=\"Price\" \/>\n\t<meta name=\"twitter:data1\" content=\"\" \/>\n\t<meta name=\"twitter:label2\" content=\"Availability\" \/>\n\t<meta name=\"twitter:data2\" content=\"In stock\" \/>\n<script type=\"application\/ld+json\" class=\"yoast-schema-graph\">{\"@context\":\"https:\\\/\\\/schema.org\",\"@graph\":[{\"@type\":\"WebPage\",\"@id\":\"https:\\\/\\\/c-profil.se\\\/produkt\\\/utblasfilter-tak-dve\\\/\",\"url\":\"https:\\\/\\\/c-profil.se\\\/produkt\\\/utblasfilter-tak-dve\\\/\",\"name\":\"Utbl\u00e5sfilter Tak \\\/ DVE - C-Pro\",\"isPartOf\":{\"@id\":\"https:\\\/\\\/c-profil.se\\\/#website\"},\"primaryImageOfPage\":{\"@id\":\"https:\\\/\\\/c-profil.se\\\/produkt\\\/utblasfilter-tak-dve\\\/#primaryimage\"},\"image\":{\"@id\":\"https:\\\/\\\/c-profil.se\\\/produkt\\\/utblasfilter-tak-dve\\\/#primaryimage\"},\"thumbnailUrl\":\"https:\\\/\\\/c-profil.se\\\/wp-content\\\/uploads\\\/2016\\\/08\\\/Utblasfilter-Tak-DVE.jpg\",\"datePublished\":\"2016-08-18T11:34:00+00:00\",\"dateModified\":\"2026-04-29T13:29:06+00:00\",\"description\":\"Utbl\u00e5sfilter Tak \\\/ DVE \u00e4r ett utbl\u00e5sfilter till takfl\u00e4kts-serien DVL. Montering och byte av filter g\u00f6rs utan verktyg. L\u00e4s Mer!\",\"breadcrumb\":{\"@id\":\"https:\\\/\\\/c-profil.se\\\/produkt\\\/utblasfilter-tak-dve\\\/#breadcrumb\"},\"inLanguage\":\"en\",\"potentialAction\":[{\"@type\":\"ReadAction\",\"target\":[\"https:\\\/\\\/c-profil.se\\\/produkt\\\/utblasfilter-tak-dve\\\/\"]}]},{\"@type\":\"ImageObject\",\"inLanguage\":\"en\",\"@id\":\"https:\\\/\\\/c-profil.se\\\/produkt\\\/utblasfilter-tak-dve\\\/#primaryimage\",\"url\":\"https:\\\/\\\/c-profil.se\\\/wp-content\\\/uploads\\\/2016\\\/08\\\/Utblasfilter-Tak-DVE.jpg\",\"contentUrl\":\"https:\\\/\\\/c-profil.se\\\/wp-content\\\/uploads\\\/2016\\\/08\\\/Utblasfilter-Tak-DVE.jpg\",\"width\":1000,\"height\":1000,\"caption\":\"Utbl\u00e5sfilter Tak DVE\"},{\"@type\":\"BreadcrumbList\",\"@id\":\"https:\\\/\\\/c-profil.se\\\/produkt\\\/utblasfilter-tak-dve\\\/#breadcrumb\",\"itemListElement\":[{\"@type\":\"ListItem\",\"position\":1,\"name\":\"Hem\",\"item\":\"https:\\\/\\\/c-profil.se\\\/\"},{\"@type\":\"ListItem\",\"position\":2,\"name\":\"Produkter\",\"item\":\"https:\\\/\\\/c-profil.se\\\/produkter\\\/\"},{\"@type\":\"ListItem\",\"position\":3,\"name\":\"Filterfl\u00e4ktar\",\"item\":\"https:\\\/\\\/c-profil.se\\\/produkt-kategori\\\/filterflaktar\\\/\"},{\"@type\":\"ListItem\",\"position\":4,\"name\":\"Utbl\u00e5sfilter Tak | DVE\"}]},{\"@type\":\"WebSite\",\"@id\":\"https:\\\/\\\/c-profil.se\\\/#website\",\"url\":\"https:\\\/\\\/c-profil.se\\\/\",\"name\":\"C-Pro\",\"description\":\"Produkter f\u00f6r El och Automation\",\"publisher\":{\"@id\":\"https:\\\/\\\/c-profil.se\\\/#organization\"},\"potentialAction\":[{\"@type\":\"SearchAction\",\"target\":{\"@type\":\"EntryPoint\",\"urlTemplate\":\"https:\\\/\\\/c-profil.se\\\/?s={search_term_string}\"},\"query-input\":{\"@type\":\"PropertyValueSpecification\",\"valueRequired\":true,\"valueName\":\"search_term_string\"}}],\"inLanguage\":\"en\"},{\"@type\":\"Organization\",\"@id\":\"https:\\\/\\\/c-profil.se\\\/#organization\",\"name\":\"C-Pro\",\"alternateName\":\"C-PRO\",\"url\":\"https:\\\/\\\/c-profil.se\\\/\",\"logo\":{\"@type\":\"ImageObject\",\"inLanguage\":\"en\",\"@id\":\"https:\\\/\\\/c-profil.se\\\/#\\\/schema\\\/logo\\\/image\\\/\",\"url\":\"https:\\\/\\\/c-profil.se\\\/wp-content\\\/uploads\\\/2022\\\/03\\\/c-pro-logga-liggande-500x500-1.png\",\"contentUrl\":\"https:\\\/\\\/c-profil.se\\\/wp-content\\\/uploads\\\/2022\\\/03\\\/c-pro-logga-liggande-500x500-1.png\",\"width\":500,\"height\":500,\"caption\":\"C-Pro\"},\"image\":{\"@id\":\"https:\\\/\\\/c-profil.se\\\/#\\\/schema\\\/logo\\\/image\\\/\"},\"sameAs\":[\"https:\\\/\\\/www.facebook.com\\\/people\\\/C-Pro\\\/61561767306874\\\/\",\"https:\\\/\\\/www.linkedin.com\\\/company\\\/c-pro-ab\",\"https:\\\/\\\/www.instagram.com\\\/cpro.ab\\\/\"],\"description\":\"C-PRO AB \u00e4r en helt\u00e4ckande leverant\u00f6r av material f\u00f6r applikationer inom el och automation. \u00c4nda sedan starten 1987 har vi f\u00f6rsett den svenska tillverkande industrin med elmaterial. Trots v\u00e5r storlek och ledande position har vi aldrig \u00f6vergett v\u00e5r grundfilosofi, att vara en personlig leverant\u00f6r. Vi p\u00e5 C-PRO \u00e4r l\u00e4tta att komma i kontakt med, \u00e4rliga och brinner f\u00f6r att l\u00f6sa v\u00e5ra kunders problem.\",\"email\":\"info@c-profil.se\",\"telephone\":\"031575785\",\"legalName\":\"C-Profil F\u00f6rl\u00e4ggningsmaterial AB\",\"foundingDate\":\"1987-01-01\"}]}<\/script>\n<meta property=\"product:brand\" content=\"apparatsk\u00e5p\" \/>\n<meta property=\"product:price:currency\" content=\"SEK\" \/>\n<meta property=\"og:availability\" content=\"instock\" \/>\n<meta property=\"product:availability\" content=\"instock\" \/>\n<meta property=\"product:retailer_item_id\" content=\"DVE\" \/>\n<meta property=\"product:condition\" content=\"new\" \/>\n<!-- \/ Yoast SEO Premium plugin. -->","yoast_head_json":{"title":"Exhaust filter Roof \/ DVE - C-Pro","description":"Exhaust filter Ceiling \/ DVE is an exhaust filter for the ceiling fan series DVL. Installation and replacement of the filter is done without tools. Read More!","robots":{"index":"index","follow":"follow","max-snippet":"max-snippet:-1","max-image-preview":"max-image-preview:large","max-video-preview":"max-video-preview:-1"},"canonical":"https:\/\/c-profil.se\/english\/product\/exhaust-filter-roof-dve-2\/","og_locale":"en_US","og_type":"article","og_title":"Utbl\u00e5sfilter Tak | DVE - C-Pro","og_description":"Utbl\u00e5sfilter Tak \/ DVE \u00e4r ett utbl\u00e5sfilter till takfl\u00e4kts-serien DVL. Montering och byte av filter g\u00f6rs utan verktyg.   Ett utbl\u00e5sfilter i snyggt och modernt utf\u00f6rande!","og_url":"https:\/\/c-profil.se\/english\/product\/exhaust-filter-roof-dve-2\/","og_site_name":"C-Pro","article_publisher":"https:\/\/www.facebook.com\/people\/C-Pro\/61561767306874\/","article_modified_time":"2026-04-29T13:29:06+00:00","og_image":[{"width":1000,"height":1000,"url":"https:\/\/c-profil.se\/wp-content\/uploads\/2016\/08\/Utblasfilter-Tak-DVE.jpg","type":"image\/jpeg"}],"twitter_card":"summary_large_image","twitter_misc":{"Price":"","Availability":"In stock"},"schema":{"@context":"https:\/\/schema.org","@graph":[{"@type":"WebPage","@id":"https:\/\/c-profil.se\/produkt\/utblasfilter-tak-dve\/","url":"https:\/\/c-profil.se\/produkt\/utblasfilter-tak-dve\/","name":"Exhaust filter Roof \/ DVE - C-Pro","isPartOf":{"@id":"https:\/\/c-profil.se\/#website"},"primaryImageOfPage":{"@id":"https:\/\/c-profil.se\/produkt\/utblasfilter-tak-dve\/#primaryimage"},"image":{"@id":"https:\/\/c-profil.se\/produkt\/utblasfilter-tak-dve\/#primaryimage"},"thumbnailUrl":"https:\/\/c-profil.se\/wp-content\/uploads\/2016\/08\/Utblasfilter-Tak-DVE.jpg","datePublished":"2016-08-18T11:34:00+00:00","dateModified":"2026-04-29T13:29:06+00:00","description":"Exhaust filter Ceiling \/ DVE is an exhaust filter for the ceiling fan series DVL. Installation and replacement of the filter is done without tools. Read More!","breadcrumb":{"@id":"https:\/\/c-profil.se\/produkt\/utblasfilter-tak-dve\/#breadcrumb"},"inLanguage":"en","potentialAction":[{"@type":"ReadAction","target":["https:\/\/c-profil.se\/produkt\/utblasfilter-tak-dve\/"]}]},{"@type":"ImageObject","inLanguage":"en","@id":"https:\/\/c-profil.se\/produkt\/utblasfilter-tak-dve\/#primaryimage","url":"https:\/\/c-profil.se\/wp-content\/uploads\/2016\/08\/Utblasfilter-Tak-DVE.jpg","contentUrl":"https:\/\/c-profil.se\/wp-content\/uploads\/2016\/08\/Utblasfilter-Tak-DVE.jpg","width":1000,"height":1000,"caption":"Utbl\u00e5sfilter Tak DVE"},{"@type":"BreadcrumbList","@id":"https:\/\/c-profil.se\/produkt\/utblasfilter-tak-dve\/#breadcrumb","itemListElement":[{"@type":"ListItem","position":1,"name":"Hem","item":"https:\/\/c-profil.se\/"},{"@type":"ListItem","position":2,"name":"Produkter","item":"https:\/\/c-profil.se\/produkter\/"},{"@type":"ListItem","position":3,"name":"Filterfl\u00e4ktar","item":"https:\/\/c-profil.se\/produkt-kategori\/filterflaktar\/"},{"@type":"ListItem","position":4,"name":"Utbl\u00e5sfilter Tak | DVE"}]},{"@type":"WebSite","@id":"https:\/\/c-profil.se\/#website","url":"https:\/\/c-profil.se\/","name":"C-Pro","description":"Products for Electricity and Automation","publisher":{"@id":"https:\/\/c-profil.se\/#organization"},"potentialAction":[{"@type":"SearchAction","target":{"@type":"EntryPoint","urlTemplate":"https:\/\/c-profil.se\/?s={search_term_string}"},"query-input":{"@type":"PropertyValueSpecification","valueRequired":true,"valueName":"search_term_string"}}],"inLanguage":"en"},{"@type":"Organization","@id":"https:\/\/c-profil.se\/#organization","name":"C-Pro","alternateName":"C-PRO","url":"https:\/\/c-profil.se\/","logo":{"@type":"ImageObject","inLanguage":"en","@id":"https:\/\/c-profil.se\/#\/schema\/logo\/image\/","url":"https:\/\/c-profil.se\/wp-content\/uploads\/2022\/03\/c-pro-logga-liggande-500x500-1.png","contentUrl":"https:\/\/c-profil.se\/wp-content\/uploads\/2022\/03\/c-pro-logga-liggande-500x500-1.png","width":500,"height":500,"caption":"C-Pro"},"image":{"@id":"https:\/\/c-profil.se\/#\/schema\/logo\/image\/"},"sameAs":["https:\/\/www.facebook.com\/people\/C-Pro\/61561767306874\/","https:\/\/www.linkedin.com\/company\/c-pro-ab","https:\/\/www.instagram.com\/cpro.ab\/"],"description":"C-PRO AB is a comprehensive supplier of materials for applications in electricity and automation. Ever since the start in 1987, we have supplied the Swedish manufacturing industry with electrical materials. Despite our size and leading position, we have never abandoned our basic philosophy, to be a personal supplier. We at C-PRO are easy to get in touch with, honest and passionate about solving our customers&#039; problems.","email":"info@c-profil.se","telephone":"031575785","legalName":"C-Profil F\u00f6rl\u00e4ggningsmaterial AB","foundingDate":"1987-01-01"}]},"product_brand":"apparatsk\u00e5p","product_price_currency":"SEK","og_availability":"instock","product_availability":"instock","product_retailer_item_id":"DVE","product_condition":"new"},"_links":{"self":[{"href":"https:\/\/c-profil.se\/english\/wp-json\/wp\/v2\/product\/23949","targetHints":{"allow":["GET"]}}],"collection":[{"href":"https:\/\/c-profil.se\/english\/wp-json\/wp\/v2\/product"}],"about":[{"href":"https:\/\/c-profil.se\/english\/wp-json\/wp\/v2\/types\/product"}],"version-history":[{"count":6,"href":"https:\/\/c-profil.se\/english\/wp-json\/wp\/v2\/product\/23949\/revisions"}],"predecessor-version":[{"id":75267,"href":"https:\/\/c-profil.se\/english\/wp-json\/wp\/v2\/product\/23949\/revisions\/75267"}],"wp:featuredmedia":[{"embeddable":true,"href":"https:\/\/c-profil.se\/english\/wp-json\/wp\/v2\/media\/46100"}],"wp:attachment":[{"href":"https:\/\/c-profil.se\/english\/wp-json\/wp\/v2\/media?parent=23949"}],"wp:term":[{"taxonomy":"product_brand","embeddable":true,"href":"https:\/\/c-profil.se\/english\/wp-json\/wp\/v2\/product_brand?post=23949"},{"taxonomy":"product_cat","embeddable":true,"href":"https:\/\/c-profil.se\/english\/wp-json\/wp\/v2\/product_cat?post=23949"},{"taxonomy":"product_tag","embeddable":true,"href":"https:\/\/c-profil.se\/english\/wp-json\/wp\/v2\/product_tag?post=23949"}],"curies":[{"name":"wp","href":"https:\/\/api.w.org\/{rel}","templated":true}]}}