{"id":23940,"date":"2016-08-18T10:56:00","date_gmt":"2016-08-18T09:56:00","guid":{"rendered":"https:\/\/c-profil.se\/produkt\/filterflakt-takmonterad-dvl\/"},"modified":"2026-03-19T15:40:24","modified_gmt":"2026-03-19T14:40:24","slug":"filter-fan-roof-dvl","status":"publish","type":"product","link":"https:\/\/c-profil.se\/english\/produkt\/filterflakt-tak-dvl\/","title":{"rendered":"Filter fan Ceiling | DVL"},"content":{"rendered":"<p><strong>Filter fan Ceiling \/ DVL is a filter fan for ceiling mounting with effective ventilation of equipment cabinets.<\/strong><br \/>\nIt has a labyrinthine air channel that prevents the ingress of dust and water, as well as tool-free filter replacement.<\/p>","protected":false},"excerpt":{"rendered":"<p>The Roof Filter Fan \/ DVL is the perfect solution for roof ventilation with its cost-effective options and versatile features. With a roof hood and a labyrinthine air duct, it effectively prevents the ingress of dust and water, making it ideal for various environments.<\/p>\n<p>This filter fan is designed to offer optimal airflow in the enclosure, ensuring even and efficient ventilation. In addition, the tool-free assembly and filter replacement make it easy to maintain and keep the filter fan in top condition. The filter fan Roof has the same mounting openings as <a href=\"https:\/\/c-profil.se\/english\/product\/filter-fan-lv\/\">The LV filter fan<\/a>, making it a convenient option for upgrades or replacement of existing systems.<\/p>\n<ul>\n<li>Explore the benefits of DVL and experience efficient and reliable roof ventilation.<\/li>\n<\/ul>","protected":false},"featured_media":46096,"template":"","meta":{"_acf_changed":false},"product_brand":[746],"product_cat":[203],"product_tag":[940,963,964],"class_list":{"0":"post-23940","1":"product","2":"type-product","3":"status-publish","4":"has-post-thumbnail","6":"product_brand-rubsamen-herr","7":"product_cat-filterflaktar","8":"product_tag-apparatskap","9":"product_tag-klimatisering-av-apparatskap","10":"product_tag-ventilation","12":"first","13":"instock","14":"shipping-taxable","15":"product-type-simple"},"acf":[],"yoast_head":"<!-- This site is optimized with the Yoast SEO Premium plugin v27.5 (Yoast SEO v27.5) - https:\/\/yoast.com\/product\/yoast-seo-premium-wordpress\/ -->\n<title>Filterfl\u00e4kt Tak \/ DVL - C-Pro<\/title>\n<meta name=\"description\" content=\"Filterfl\u00e4kt Tak \/ DVL \u00e4r en takmonterad filterfl\u00e4kt som ger ett optimalt luftfl\u00f6de inuti sk\u00e5pet. Montering och byte av filter g\u00f6rs enkelt. L\u00e4s Mer!\" \/>\n<meta name=\"robots\" content=\"index, follow, max-snippet:-1, max-image-preview:large, max-video-preview:-1\" \/>\n<link rel=\"canonical\" href=\"https:\/\/c-profil.se\/english\/product\/filter-fan-roof-dvl\/\" \/>\n<meta property=\"og:locale\" content=\"en_US\" \/>\n<meta property=\"og:type\" content=\"article\" \/>\n<meta property=\"og:title\" content=\"Filterfl\u00e4kt Tak | DVL - C-Pro\" \/>\n<meta property=\"og:description\" content=\"Filterfl\u00e4kt Tak \/ DVL \u00e4r den perfekta l\u00f6sningen f\u00f6r takventilation med sina kostnadseffektiva alternativ och m\u00e5ngsidiga funktioner. Med en takhuva och en labyrintisk luftkanal f\u00f6rhindrar den effektivt intr\u00e4ngning av damm och vatten, vilket g\u00f6r den idealisk f\u00f6r olika milj\u00f6er.  Denna filterfl\u00e4kt \u00e4r utformad f\u00f6r att erbjuda optimalt luftfl\u00f6de i kapslingen, vilket s\u00e4kerst\u00e4ller en j\u00e4mn och effektiv ventilation. Dessutom g\u00f6r den verktygsfria monteringen och filterbytet det enkelt att underh\u00e5lla och h\u00e5lla filterfl\u00e4kten i toppskick.\u00a0Filterfl\u00e4kten Tak har samma monterings\u00f6ppningar som LV-filterfl\u00e4kten, vilket g\u00f6r den till ett bekv\u00e4mt alternativ f\u00f6r uppgraderingar eller ers\u00e4ttning av befintliga system.   Utforska f\u00f6rdelarna med DVL och upplev en effektiv och p\u00e5litlig takventilation.\" \/>\n<meta property=\"og:url\" content=\"https:\/\/c-profil.se\/english\/product\/filter-fan-roof-dvl\/\" \/>\n<meta property=\"og:site_name\" content=\"C-Pro\" \/>\n<meta property=\"article:publisher\" content=\"https:\/\/www.facebook.com\/people\/C-Pro\/61561767306874\/\" \/>\n<meta property=\"article:modified_time\" content=\"2026-03-19T14:40:24+00:00\" \/>\n<meta property=\"og:image\" content=\"https:\/\/c-profil.se\/wp-content\/uploads\/2016\/08\/Filterflakt-Tak-DVL.jpg\" \/>\n\t<meta property=\"og:image:width\" content=\"1000\" \/>\n\t<meta property=\"og:image:height\" content=\"1000\" \/>\n\t<meta property=\"og:image:type\" content=\"image\/jpeg\" \/>\n<meta name=\"twitter:card\" content=\"summary_large_image\" \/>\n<meta name=\"twitter:label1\" content=\"Price\" \/>\n\t<meta name=\"twitter:data1\" content=\"\" \/>\n\t<meta name=\"twitter:label2\" content=\"Availability\" \/>\n\t<meta name=\"twitter:data2\" content=\"In stock\" \/>\n<script type=\"application\/ld+json\" class=\"yoast-schema-graph\">{\"@context\":\"https:\\\/\\\/schema.org\",\"@graph\":[{\"@type\":\"WebPage\",\"@id\":\"https:\\\/\\\/c-profil.se\\\/produkt\\\/filterflakt-tak-dvl\\\/\",\"url\":\"https:\\\/\\\/c-profil.se\\\/produkt\\\/filterflakt-tak-dvl\\\/\",\"name\":\"Filterfl\u00e4kt Tak \\\/ DVL - C-Pro\",\"isPartOf\":{\"@id\":\"https:\\\/\\\/c-profil.se\\\/#website\"},\"primaryImageOfPage\":{\"@id\":\"https:\\\/\\\/c-profil.se\\\/produkt\\\/filterflakt-tak-dvl\\\/#primaryimage\"},\"image\":{\"@id\":\"https:\\\/\\\/c-profil.se\\\/produkt\\\/filterflakt-tak-dvl\\\/#primaryimage\"},\"thumbnailUrl\":\"https:\\\/\\\/c-profil.se\\\/wp-content\\\/uploads\\\/2016\\\/08\\\/Filterflakt-Tak-DVL.jpg\",\"datePublished\":\"2016-08-18T09:56:00+00:00\",\"dateModified\":\"2026-03-19T14:40:24+00:00\",\"description\":\"Filterfl\u00e4kt Tak \\\/ DVL \u00e4r en takmonterad filterfl\u00e4kt som ger ett optimalt luftfl\u00f6de inuti sk\u00e5pet. Montering och byte av filter g\u00f6rs enkelt. L\u00e4s Mer!\",\"breadcrumb\":{\"@id\":\"https:\\\/\\\/c-profil.se\\\/produkt\\\/filterflakt-tak-dvl\\\/#breadcrumb\"},\"inLanguage\":\"en\",\"potentialAction\":[{\"@type\":\"ReadAction\",\"target\":[\"https:\\\/\\\/c-profil.se\\\/produkt\\\/filterflakt-tak-dvl\\\/\"]}]},{\"@type\":\"ImageObject\",\"inLanguage\":\"en\",\"@id\":\"https:\\\/\\\/c-profil.se\\\/produkt\\\/filterflakt-tak-dvl\\\/#primaryimage\",\"url\":\"https:\\\/\\\/c-profil.se\\\/wp-content\\\/uploads\\\/2016\\\/08\\\/Filterflakt-Tak-DVL.jpg\",\"contentUrl\":\"https:\\\/\\\/c-profil.se\\\/wp-content\\\/uploads\\\/2016\\\/08\\\/Filterflakt-Tak-DVL.jpg\",\"width\":1000,\"height\":1000,\"caption\":\"Filterfl\u00e4kt Tak DVL\"},{\"@type\":\"BreadcrumbList\",\"@id\":\"https:\\\/\\\/c-profil.se\\\/produkt\\\/filterflakt-tak-dvl\\\/#breadcrumb\",\"itemListElement\":[{\"@type\":\"ListItem\",\"position\":1,\"name\":\"Hem\",\"item\":\"https:\\\/\\\/c-profil.se\\\/\"},{\"@type\":\"ListItem\",\"position\":2,\"name\":\"Produkter\",\"item\":\"https:\\\/\\\/c-profil.se\\\/produkter\\\/\"},{\"@type\":\"ListItem\",\"position\":3,\"name\":\"Filterfl\u00e4ktar\",\"item\":\"https:\\\/\\\/c-profil.se\\\/produkt-kategori\\\/filterflaktar\\\/\"},{\"@type\":\"ListItem\",\"position\":4,\"name\":\"Filterfl\u00e4kt Tak | DVL\"}]},{\"@type\":\"WebSite\",\"@id\":\"https:\\\/\\\/c-profil.se\\\/#website\",\"url\":\"https:\\\/\\\/c-profil.se\\\/\",\"name\":\"C-Pro\",\"description\":\"Produkter f\u00f6r El och Automation\",\"publisher\":{\"@id\":\"https:\\\/\\\/c-profil.se\\\/#organization\"},\"potentialAction\":[{\"@type\":\"SearchAction\",\"target\":{\"@type\":\"EntryPoint\",\"urlTemplate\":\"https:\\\/\\\/c-profil.se\\\/?s={search_term_string}\"},\"query-input\":{\"@type\":\"PropertyValueSpecification\",\"valueRequired\":true,\"valueName\":\"search_term_string\"}}],\"inLanguage\":\"en\"},{\"@type\":\"Organization\",\"@id\":\"https:\\\/\\\/c-profil.se\\\/#organization\",\"name\":\"C-Pro\",\"alternateName\":\"C-PRO\",\"url\":\"https:\\\/\\\/c-profil.se\\\/\",\"logo\":{\"@type\":\"ImageObject\",\"inLanguage\":\"en\",\"@id\":\"https:\\\/\\\/c-profil.se\\\/#\\\/schema\\\/logo\\\/image\\\/\",\"url\":\"https:\\\/\\\/c-profil.se\\\/wp-content\\\/uploads\\\/2022\\\/03\\\/c-pro-logga-liggande-500x500-1.png\",\"contentUrl\":\"https:\\\/\\\/c-profil.se\\\/wp-content\\\/uploads\\\/2022\\\/03\\\/c-pro-logga-liggande-500x500-1.png\",\"width\":500,\"height\":500,\"caption\":\"C-Pro\"},\"image\":{\"@id\":\"https:\\\/\\\/c-profil.se\\\/#\\\/schema\\\/logo\\\/image\\\/\"},\"sameAs\":[\"https:\\\/\\\/www.facebook.com\\\/people\\\/C-Pro\\\/61561767306874\\\/\",\"https:\\\/\\\/www.linkedin.com\\\/company\\\/c-pro-ab\",\"https:\\\/\\\/www.instagram.com\\\/cpro.ab\\\/\"],\"description\":\"C-PRO AB \u00e4r en helt\u00e4ckande leverant\u00f6r av material f\u00f6r applikationer inom el och automation. \u00c4nda sedan starten 1987 har vi f\u00f6rsett den svenska tillverkande industrin med elmaterial. Trots v\u00e5r storlek och ledande position har vi aldrig \u00f6vergett v\u00e5r grundfilosofi, att vara en personlig leverant\u00f6r. Vi p\u00e5 C-PRO \u00e4r l\u00e4tta att komma i kontakt med, \u00e4rliga och brinner f\u00f6r att l\u00f6sa v\u00e5ra kunders problem.\",\"email\":\"info@c-profil.se\",\"telephone\":\"031575785\",\"legalName\":\"C-Profil F\u00f6rl\u00e4ggningsmaterial AB\",\"foundingDate\":\"1987-01-01\"}]}<\/script>\n<meta property=\"product:brand\" content=\"apparatsk\u00e5p\" \/>\n<meta property=\"product:price:currency\" content=\"SEK\" \/>\n<meta property=\"og:availability\" content=\"instock\" \/>\n<meta property=\"product:availability\" content=\"instock\" \/>\n<meta property=\"product:retailer_item_id\" content=\"DVL\" \/>\n<meta property=\"product:condition\" content=\"new\" \/>\n<!-- \/ Yoast SEO Premium plugin. -->","yoast_head_json":{"title":"Filter fan Roof \/ DVL - C-Pro","description":"Filter fan Ceiling \/ DVL is a ceiling-mounted filter fan that provides optimal airflow inside the cabinet. Installation and replacement of filters is easy. Read More!","robots":{"index":"index","follow":"follow","max-snippet":"max-snippet:-1","max-image-preview":"max-image-preview:large","max-video-preview":"max-video-preview:-1"},"canonical":"https:\/\/c-profil.se\/english\/product\/filter-fan-roof-dvl\/","og_locale":"en_US","og_type":"article","og_title":"Filterfl\u00e4kt Tak | DVL - C-Pro","og_description":"Filterfl\u00e4kt Tak \/ DVL \u00e4r den perfekta l\u00f6sningen f\u00f6r takventilation med sina kostnadseffektiva alternativ och m\u00e5ngsidiga funktioner. Med en takhuva och en labyrintisk luftkanal f\u00f6rhindrar den effektivt intr\u00e4ngning av damm och vatten, vilket g\u00f6r den idealisk f\u00f6r olika milj\u00f6er.  Denna filterfl\u00e4kt \u00e4r utformad f\u00f6r att erbjuda optimalt luftfl\u00f6de i kapslingen, vilket s\u00e4kerst\u00e4ller en j\u00e4mn och effektiv ventilation. Dessutom g\u00f6r den verktygsfria monteringen och filterbytet det enkelt att underh\u00e5lla och h\u00e5lla filterfl\u00e4kten i toppskick.\u00a0Filterfl\u00e4kten Tak har samma monterings\u00f6ppningar som LV-filterfl\u00e4kten, vilket g\u00f6r den till ett bekv\u00e4mt alternativ f\u00f6r uppgraderingar eller ers\u00e4ttning av befintliga system.   Utforska f\u00f6rdelarna med DVL och upplev en effektiv och p\u00e5litlig takventilation.","og_url":"https:\/\/c-profil.se\/english\/product\/filter-fan-roof-dvl\/","og_site_name":"C-Pro","article_publisher":"https:\/\/www.facebook.com\/people\/C-Pro\/61561767306874\/","article_modified_time":"2026-03-19T14:40:24+00:00","og_image":[{"width":1000,"height":1000,"url":"https:\/\/c-profil.se\/wp-content\/uploads\/2016\/08\/Filterflakt-Tak-DVL.jpg","type":"image\/jpeg"}],"twitter_card":"summary_large_image","twitter_misc":{"Price":"","Availability":"In stock"},"schema":{"@context":"https:\/\/schema.org","@graph":[{"@type":"WebPage","@id":"https:\/\/c-profil.se\/produkt\/filterflakt-tak-dvl\/","url":"https:\/\/c-profil.se\/produkt\/filterflakt-tak-dvl\/","name":"Filter fan Roof \/ DVL - C-Pro","isPartOf":{"@id":"https:\/\/c-profil.se\/#website"},"primaryImageOfPage":{"@id":"https:\/\/c-profil.se\/produkt\/filterflakt-tak-dvl\/#primaryimage"},"image":{"@id":"https:\/\/c-profil.se\/produkt\/filterflakt-tak-dvl\/#primaryimage"},"thumbnailUrl":"https:\/\/c-profil.se\/wp-content\/uploads\/2016\/08\/Filterflakt-Tak-DVL.jpg","datePublished":"2016-08-18T09:56:00+00:00","dateModified":"2026-03-19T14:40:24+00:00","description":"Filter fan Ceiling \/ DVL is a ceiling-mounted filter fan that provides optimal airflow inside the cabinet. Installation and replacement of filters is easy. Read More!","breadcrumb":{"@id":"https:\/\/c-profil.se\/produkt\/filterflakt-tak-dvl\/#breadcrumb"},"inLanguage":"en","potentialAction":[{"@type":"ReadAction","target":["https:\/\/c-profil.se\/produkt\/filterflakt-tak-dvl\/"]}]},{"@type":"ImageObject","inLanguage":"en","@id":"https:\/\/c-profil.se\/produkt\/filterflakt-tak-dvl\/#primaryimage","url":"https:\/\/c-profil.se\/wp-content\/uploads\/2016\/08\/Filterflakt-Tak-DVL.jpg","contentUrl":"https:\/\/c-profil.se\/wp-content\/uploads\/2016\/08\/Filterflakt-Tak-DVL.jpg","width":1000,"height":1000,"caption":"Filterfl\u00e4kt Tak DVL"},{"@type":"BreadcrumbList","@id":"https:\/\/c-profil.se\/produkt\/filterflakt-tak-dvl\/#breadcrumb","itemListElement":[{"@type":"ListItem","position":1,"name":"Hem","item":"https:\/\/c-profil.se\/"},{"@type":"ListItem","position":2,"name":"Produkter","item":"https:\/\/c-profil.se\/produkter\/"},{"@type":"ListItem","position":3,"name":"Filterfl\u00e4ktar","item":"https:\/\/c-profil.se\/produkt-kategori\/filterflaktar\/"},{"@type":"ListItem","position":4,"name":"Filterfl\u00e4kt Tak | DVL"}]},{"@type":"WebSite","@id":"https:\/\/c-profil.se\/#website","url":"https:\/\/c-profil.se\/","name":"C-Pro","description":"Products for Electricity and Automation","publisher":{"@id":"https:\/\/c-profil.se\/#organization"},"potentialAction":[{"@type":"SearchAction","target":{"@type":"EntryPoint","urlTemplate":"https:\/\/c-profil.se\/?s={search_term_string}"},"query-input":{"@type":"PropertyValueSpecification","valueRequired":true,"valueName":"search_term_string"}}],"inLanguage":"en"},{"@type":"Organization","@id":"https:\/\/c-profil.se\/#organization","name":"C-Pro","alternateName":"C-PRO","url":"https:\/\/c-profil.se\/","logo":{"@type":"ImageObject","inLanguage":"en","@id":"https:\/\/c-profil.se\/#\/schema\/logo\/image\/","url":"https:\/\/c-profil.se\/wp-content\/uploads\/2022\/03\/c-pro-logga-liggande-500x500-1.png","contentUrl":"https:\/\/c-profil.se\/wp-content\/uploads\/2022\/03\/c-pro-logga-liggande-500x500-1.png","width":500,"height":500,"caption":"C-Pro"},"image":{"@id":"https:\/\/c-profil.se\/#\/schema\/logo\/image\/"},"sameAs":["https:\/\/www.facebook.com\/people\/C-Pro\/61561767306874\/","https:\/\/www.linkedin.com\/company\/c-pro-ab","https:\/\/www.instagram.com\/cpro.ab\/"],"description":"C-PRO AB is a comprehensive supplier of materials for applications in electricity and automation. Ever since the start in 1987, we have supplied the Swedish manufacturing industry with electrical materials. Despite our size and leading position, we have never abandoned our basic philosophy, to be a personal supplier. We at C-PRO are easy to get in touch with, honest and passionate about solving our customers&#039; problems.","email":"info@c-profil.se","telephone":"031575785","legalName":"C-Profil F\u00f6rl\u00e4ggningsmaterial AB","foundingDate":"1987-01-01"}]},"product_brand":"apparatsk\u00e5p","product_price_currency":"SEK","og_availability":"instock","product_availability":"instock","product_retailer_item_id":"DVL","product_condition":"new"},"_links":{"self":[{"href":"https:\/\/c-profil.se\/english\/wp-json\/wp\/v2\/product\/23940","targetHints":{"allow":["GET"]}}],"collection":[{"href":"https:\/\/c-profil.se\/english\/wp-json\/wp\/v2\/product"}],"about":[{"href":"https:\/\/c-profil.se\/english\/wp-json\/wp\/v2\/types\/product"}],"version-history":[{"count":7,"href":"https:\/\/c-profil.se\/english\/wp-json\/wp\/v2\/product\/23940\/revisions"}],"predecessor-version":[{"id":74368,"href":"https:\/\/c-profil.se\/english\/wp-json\/wp\/v2\/product\/23940\/revisions\/74368"}],"wp:featuredmedia":[{"embeddable":true,"href":"https:\/\/c-profil.se\/english\/wp-json\/wp\/v2\/media\/46096"}],"wp:attachment":[{"href":"https:\/\/c-profil.se\/english\/wp-json\/wp\/v2\/media?parent=23940"}],"wp:term":[{"taxonomy":"product_brand","embeddable":true,"href":"https:\/\/c-profil.se\/english\/wp-json\/wp\/v2\/product_brand?post=23940"},{"taxonomy":"product_cat","embeddable":true,"href":"https:\/\/c-profil.se\/english\/wp-json\/wp\/v2\/product_cat?post=23940"},{"taxonomy":"product_tag","embeddable":true,"href":"https:\/\/c-profil.se\/english\/wp-json\/wp\/v2\/product_tag?post=23940"}],"curies":[{"name":"wp","href":"https:\/\/api.w.org\/{rel}","templated":true}]}}