{"id":23903,"date":"2015-10-21T09:39:00","date_gmt":"2015-10-21T08:39:00","guid":{"rendered":"https:\/\/c-profil.se\/produkt\/universalsax\/"},"modified":"2026-03-19T14:31:16","modified_gmt":"2026-03-19T13:31:16","slug":"universal-cutter-4f","status":"publish","type":"product","link":"https:\/\/c-profil.se\/english\/produkt\/universalsax-4f\/","title":{"rendered":"Universal scissors | 4F"},"content":{"rendered":"<p><strong>Universal scissors \/ 4F is a flexible and powerful cutting tool for precise cutting of pipes, ducts and profiles at various angles<\/strong> using replaceable counter plates.<br \/>\nWhen the blade becomes dull, it is easily replaced, ensuring long service life and continued high cutting quality.<\/p>","protected":false},"excerpt":{"rendered":"<p>The Universal cutter \/ 4F is a universal cutting tool with accessories. You can cut everything from pipes to angles.<\/p>\n<ul>\n<li>When the blade gets dull, you can easily replace it by buying a new one<\/li>\n<\/ul>","protected":false},"featured_media":51338,"template":"","meta":{"_acf_changed":false},"product_brand":[739],"product_cat":[762],"product_tag":[1002,1003,1001],"class_list":{"0":"post-23903","1":"product","2":"type-product","3":"status-publish","4":"has-post-thumbnail","6":"product_brand-iboco","7":"product_cat-verktyg","8":"product_tag-kabelkanaler","9":"product_tag-kapning","10":"product_tag-verktyg","12":"first","13":"instock","14":"shipping-taxable","15":"product-type-simple"},"acf":[],"yoast_head":"<!-- This site is optimized with the Yoast SEO Premium plugin v27.5 (Yoast SEO v27.5) - https:\/\/yoast.com\/product\/yoast-seo-premium-wordpress\/ -->\n<title>Universalsax \/ 4F - C-Pro<\/title>\n<meta name=\"description\" content=\"Universalsax \/ 4F \u00e4r ett universalt klippverktyg med tillbeh\u00f6r. Med de olika motl\u00e4ggen kan du klippa allt fr\u00e5n r\u00f6r till kanaler i vinklar.\" \/>\n<meta name=\"robots\" content=\"index, follow, max-snippet:-1, max-image-preview:large, max-video-preview:-1\" \/>\n<link rel=\"canonical\" href=\"https:\/\/c-profil.se\/english\/product\/universal-cutter-4f\/\" \/>\n<meta property=\"og:locale\" content=\"en_US\" \/>\n<meta property=\"og:type\" content=\"article\" \/>\n<meta property=\"og:title\" content=\"Universalsax | 4F - C-Pro\" \/>\n<meta property=\"og:description\" content=\"Universalsax \/ 4F \u00e4r ett universalt klippverktyg med tillbeh\u00f6r. Med de olika motl\u00e4ggen kan du klippa allt fr\u00e5n r\u00f6r till kanaler i vinklar.  N\u00e4r bladet blir sl\u00f6tt byter du l\u00e4tt genom att k\u00f6pa ett nytt\" \/>\n<meta property=\"og:url\" content=\"https:\/\/c-profil.se\/english\/product\/universal-cutter-4f\/\" \/>\n<meta property=\"og:site_name\" content=\"C-Pro\" \/>\n<meta property=\"article:publisher\" content=\"https:\/\/www.facebook.com\/people\/C-Pro\/61561767306874\/\" \/>\n<meta property=\"article:modified_time\" content=\"2026-03-19T13:31:16+00:00\" \/>\n<meta property=\"og:image\" content=\"https:\/\/c-profil.se\/wp-content\/uploads\/2015\/10\/Universalsax-4F.jpg\" \/>\n\t<meta property=\"og:image:width\" content=\"1000\" \/>\n\t<meta property=\"og:image:height\" content=\"1000\" \/>\n\t<meta property=\"og:image:type\" content=\"image\/jpeg\" \/>\n<meta name=\"twitter:card\" content=\"summary_large_image\" \/>\n<meta name=\"twitter:label1\" content=\"Price\" \/>\n\t<meta name=\"twitter:data1\" content=\"\" \/>\n\t<meta name=\"twitter:label2\" content=\"Availability\" \/>\n\t<meta name=\"twitter:data2\" content=\"In stock\" \/>\n<script type=\"application\/ld+json\" class=\"yoast-schema-graph\">{\"@context\":\"https:\\\/\\\/schema.org\",\"@graph\":[{\"@type\":\"WebPage\",\"@id\":\"https:\\\/\\\/c-profil.se\\\/produkt\\\/universalsax-4f\\\/\",\"url\":\"https:\\\/\\\/c-profil.se\\\/produkt\\\/universalsax-4f\\\/\",\"name\":\"Universalsax \\\/ 4F - C-Pro\",\"isPartOf\":{\"@id\":\"https:\\\/\\\/c-profil.se\\\/#website\"},\"primaryImageOfPage\":{\"@id\":\"https:\\\/\\\/c-profil.se\\\/produkt\\\/universalsax-4f\\\/#primaryimage\"},\"image\":{\"@id\":\"https:\\\/\\\/c-profil.se\\\/produkt\\\/universalsax-4f\\\/#primaryimage\"},\"thumbnailUrl\":\"https:\\\/\\\/c-profil.se\\\/wp-content\\\/uploads\\\/2015\\\/10\\\/Universalsax-4F.jpg\",\"datePublished\":\"2015-10-21T08:39:00+00:00\",\"dateModified\":\"2026-03-19T13:31:16+00:00\",\"description\":\"Universalsax \\\/ 4F \u00e4r ett universalt klippverktyg med tillbeh\u00f6r. Med de olika motl\u00e4ggen kan du klippa allt fr\u00e5n r\u00f6r till kanaler i vinklar.\",\"breadcrumb\":{\"@id\":\"https:\\\/\\\/c-profil.se\\\/produkt\\\/universalsax-4f\\\/#breadcrumb\"},\"inLanguage\":\"en\",\"potentialAction\":[{\"@type\":\"ReadAction\",\"target\":[\"https:\\\/\\\/c-profil.se\\\/produkt\\\/universalsax-4f\\\/\"]}]},{\"@type\":\"ImageObject\",\"inLanguage\":\"en\",\"@id\":\"https:\\\/\\\/c-profil.se\\\/produkt\\\/universalsax-4f\\\/#primaryimage\",\"url\":\"https:\\\/\\\/c-profil.se\\\/wp-content\\\/uploads\\\/2015\\\/10\\\/Universalsax-4F.jpg\",\"contentUrl\":\"https:\\\/\\\/c-profil.se\\\/wp-content\\\/uploads\\\/2015\\\/10\\\/Universalsax-4F.jpg\",\"width\":1000,\"height\":1000,\"caption\":\"Universalsax 4F\"},{\"@type\":\"BreadcrumbList\",\"@id\":\"https:\\\/\\\/c-profil.se\\\/produkt\\\/universalsax-4f\\\/#breadcrumb\",\"itemListElement\":[{\"@type\":\"ListItem\",\"position\":1,\"name\":\"Hem\",\"item\":\"https:\\\/\\\/c-profil.se\\\/\"},{\"@type\":\"ListItem\",\"position\":2,\"name\":\"Produkter\",\"item\":\"https:\\\/\\\/c-profil.se\\\/produkter\\\/\"},{\"@type\":\"ListItem\",\"position\":3,\"name\":\"Verktyg\",\"item\":\"https:\\\/\\\/c-profil.se\\\/produkt-kategori\\\/verktyg\\\/\"},{\"@type\":\"ListItem\",\"position\":4,\"name\":\"Universalsax | 4F\"}]},{\"@type\":\"WebSite\",\"@id\":\"https:\\\/\\\/c-profil.se\\\/#website\",\"url\":\"https:\\\/\\\/c-profil.se\\\/\",\"name\":\"C-Pro\",\"description\":\"Produkter f\u00f6r El och Automation\",\"publisher\":{\"@id\":\"https:\\\/\\\/c-profil.se\\\/#organization\"},\"potentialAction\":[{\"@type\":\"SearchAction\",\"target\":{\"@type\":\"EntryPoint\",\"urlTemplate\":\"https:\\\/\\\/c-profil.se\\\/?s={search_term_string}\"},\"query-input\":{\"@type\":\"PropertyValueSpecification\",\"valueRequired\":true,\"valueName\":\"search_term_string\"}}],\"inLanguage\":\"en\"},{\"@type\":\"Organization\",\"@id\":\"https:\\\/\\\/c-profil.se\\\/#organization\",\"name\":\"C-Pro\",\"alternateName\":\"C-PRO\",\"url\":\"https:\\\/\\\/c-profil.se\\\/\",\"logo\":{\"@type\":\"ImageObject\",\"inLanguage\":\"en\",\"@id\":\"https:\\\/\\\/c-profil.se\\\/#\\\/schema\\\/logo\\\/image\\\/\",\"url\":\"https:\\\/\\\/c-profil.se\\\/wp-content\\\/uploads\\\/2022\\\/03\\\/c-pro-logga-liggande-500x500-1.png\",\"contentUrl\":\"https:\\\/\\\/c-profil.se\\\/wp-content\\\/uploads\\\/2022\\\/03\\\/c-pro-logga-liggande-500x500-1.png\",\"width\":500,\"height\":500,\"caption\":\"C-Pro\"},\"image\":{\"@id\":\"https:\\\/\\\/c-profil.se\\\/#\\\/schema\\\/logo\\\/image\\\/\"},\"sameAs\":[\"https:\\\/\\\/www.facebook.com\\\/people\\\/C-Pro\\\/61561767306874\\\/\",\"https:\\\/\\\/www.linkedin.com\\\/company\\\/c-pro-ab\",\"https:\\\/\\\/www.instagram.com\\\/cpro.ab\\\/\"],\"description\":\"C-PRO AB \u00e4r en helt\u00e4ckande leverant\u00f6r av material f\u00f6r applikationer inom el och automation. \u00c4nda sedan starten 1987 har vi f\u00f6rsett den svenska tillverkande industrin med elmaterial. Trots v\u00e5r storlek och ledande position har vi aldrig \u00f6vergett v\u00e5r grundfilosofi, att vara en personlig leverant\u00f6r. Vi p\u00e5 C-PRO \u00e4r l\u00e4tta att komma i kontakt med, \u00e4rliga och brinner f\u00f6r att l\u00f6sa v\u00e5ra kunders problem.\",\"email\":\"info@c-profil.se\",\"telephone\":\"031575785\",\"legalName\":\"C-Profil F\u00f6rl\u00e4ggningsmaterial AB\",\"foundingDate\":\"1987-01-01\"}]}<\/script>\n<meta property=\"product:brand\" content=\"kabelkanaler\" \/>\n<meta property=\"product:price:currency\" content=\"SEK\" \/>\n<meta property=\"og:availability\" content=\"instock\" \/>\n<meta property=\"product:availability\" content=\"instock\" \/>\n<meta property=\"product:retailer_item_id\" content=\"4F\" \/>\n<meta property=\"product:condition\" content=\"new\" \/>\n<!-- \/ Yoast SEO Premium plugin. -->","yoast_head_json":{"title":"Universal cutter \/ 4F - C-Pro","description":"The Universal cutter \/ 4F is a universal cutting tool with accessories. You can cut everything from pipes to angles.","robots":{"index":"index","follow":"follow","max-snippet":"max-snippet:-1","max-image-preview":"max-image-preview:large","max-video-preview":"max-video-preview:-1"},"canonical":"https:\/\/c-profil.se\/english\/product\/universal-cutter-4f\/","og_locale":"en_US","og_type":"article","og_title":"Universalsax | 4F - C-Pro","og_description":"Universalsax \/ 4F \u00e4r ett universalt klippverktyg med tillbeh\u00f6r. Med de olika motl\u00e4ggen kan du klippa allt fr\u00e5n r\u00f6r till kanaler i vinklar.  N\u00e4r bladet blir sl\u00f6tt byter du l\u00e4tt genom att k\u00f6pa ett nytt","og_url":"https:\/\/c-profil.se\/english\/product\/universal-cutter-4f\/","og_site_name":"C-Pro","article_publisher":"https:\/\/www.facebook.com\/people\/C-Pro\/61561767306874\/","article_modified_time":"2026-03-19T13:31:16+00:00","og_image":[{"width":1000,"height":1000,"url":"https:\/\/c-profil.se\/wp-content\/uploads\/2015\/10\/Universalsax-4F.jpg","type":"image\/jpeg"}],"twitter_card":"summary_large_image","twitter_misc":{"Price":"","Availability":"In stock"},"schema":{"@context":"https:\/\/schema.org","@graph":[{"@type":"WebPage","@id":"https:\/\/c-profil.se\/produkt\/universalsax-4f\/","url":"https:\/\/c-profil.se\/produkt\/universalsax-4f\/","name":"Universal cutter \/ 4F - C-Pro","isPartOf":{"@id":"https:\/\/c-profil.se\/#website"},"primaryImageOfPage":{"@id":"https:\/\/c-profil.se\/produkt\/universalsax-4f\/#primaryimage"},"image":{"@id":"https:\/\/c-profil.se\/produkt\/universalsax-4f\/#primaryimage"},"thumbnailUrl":"https:\/\/c-profil.se\/wp-content\/uploads\/2015\/10\/Universalsax-4F.jpg","datePublished":"2015-10-21T08:39:00+00:00","dateModified":"2026-03-19T13:31:16+00:00","description":"The Universal cutter \/ 4F is a universal cutting tool with accessories. You can cut everything from pipes to angles.","breadcrumb":{"@id":"https:\/\/c-profil.se\/produkt\/universalsax-4f\/#breadcrumb"},"inLanguage":"en","potentialAction":[{"@type":"ReadAction","target":["https:\/\/c-profil.se\/produkt\/universalsax-4f\/"]}]},{"@type":"ImageObject","inLanguage":"en","@id":"https:\/\/c-profil.se\/produkt\/universalsax-4f\/#primaryimage","url":"https:\/\/c-profil.se\/wp-content\/uploads\/2015\/10\/Universalsax-4F.jpg","contentUrl":"https:\/\/c-profil.se\/wp-content\/uploads\/2015\/10\/Universalsax-4F.jpg","width":1000,"height":1000,"caption":"Universalsax 4F"},{"@type":"BreadcrumbList","@id":"https:\/\/c-profil.se\/produkt\/universalsax-4f\/#breadcrumb","itemListElement":[{"@type":"ListItem","position":1,"name":"Hem","item":"https:\/\/c-profil.se\/"},{"@type":"ListItem","position":2,"name":"Produkter","item":"https:\/\/c-profil.se\/produkter\/"},{"@type":"ListItem","position":3,"name":"Verktyg","item":"https:\/\/c-profil.se\/produkt-kategori\/verktyg\/"},{"@type":"ListItem","position":4,"name":"Universalsax | 4F"}]},{"@type":"WebSite","@id":"https:\/\/c-profil.se\/#website","url":"https:\/\/c-profil.se\/","name":"C-Pro","description":"Products for Electricity and Automation","publisher":{"@id":"https:\/\/c-profil.se\/#organization"},"potentialAction":[{"@type":"SearchAction","target":{"@type":"EntryPoint","urlTemplate":"https:\/\/c-profil.se\/?s={search_term_string}"},"query-input":{"@type":"PropertyValueSpecification","valueRequired":true,"valueName":"search_term_string"}}],"inLanguage":"en"},{"@type":"Organization","@id":"https:\/\/c-profil.se\/#organization","name":"C-Pro","alternateName":"C-PRO","url":"https:\/\/c-profil.se\/","logo":{"@type":"ImageObject","inLanguage":"en","@id":"https:\/\/c-profil.se\/#\/schema\/logo\/image\/","url":"https:\/\/c-profil.se\/wp-content\/uploads\/2022\/03\/c-pro-logga-liggande-500x500-1.png","contentUrl":"https:\/\/c-profil.se\/wp-content\/uploads\/2022\/03\/c-pro-logga-liggande-500x500-1.png","width":500,"height":500,"caption":"C-Pro"},"image":{"@id":"https:\/\/c-profil.se\/#\/schema\/logo\/image\/"},"sameAs":["https:\/\/www.facebook.com\/people\/C-Pro\/61561767306874\/","https:\/\/www.linkedin.com\/company\/c-pro-ab","https:\/\/www.instagram.com\/cpro.ab\/"],"description":"C-PRO AB is a comprehensive supplier of materials for applications in electricity and automation. Ever since the start in 1987, we have supplied the Swedish manufacturing industry with electrical materials. Despite our size and leading position, we have never abandoned our basic philosophy, to be a personal supplier. We at C-PRO are easy to get in touch with, honest and passionate about solving our customers&#039; problems.","email":"info@c-profil.se","telephone":"031575785","legalName":"C-Profil F\u00f6rl\u00e4ggningsmaterial AB","foundingDate":"1987-01-01"}]},"product_brand":"kabelkanaler","product_price_currency":"SEK","og_availability":"instock","product_availability":"instock","product_retailer_item_id":"4F","product_condition":"new"},"_links":{"self":[{"href":"https:\/\/c-profil.se\/english\/wp-json\/wp\/v2\/product\/23903","targetHints":{"allow":["GET"]}}],"collection":[{"href":"https:\/\/c-profil.se\/english\/wp-json\/wp\/v2\/product"}],"about":[{"href":"https:\/\/c-profil.se\/english\/wp-json\/wp\/v2\/types\/product"}],"version-history":[{"count":6,"href":"https:\/\/c-profil.se\/english\/wp-json\/wp\/v2\/product\/23903\/revisions"}],"predecessor-version":[{"id":74421,"href":"https:\/\/c-profil.se\/english\/wp-json\/wp\/v2\/product\/23903\/revisions\/74421"}],"wp:featuredmedia":[{"embeddable":true,"href":"https:\/\/c-profil.se\/english\/wp-json\/wp\/v2\/media\/51338"}],"wp:attachment":[{"href":"https:\/\/c-profil.se\/english\/wp-json\/wp\/v2\/media?parent=23903"}],"wp:term":[{"taxonomy":"product_brand","embeddable":true,"href":"https:\/\/c-profil.se\/english\/wp-json\/wp\/v2\/product_brand?post=23903"},{"taxonomy":"product_cat","embeddable":true,"href":"https:\/\/c-profil.se\/english\/wp-json\/wp\/v2\/product_cat?post=23903"},{"taxonomy":"product_tag","embeddable":true,"href":"https:\/\/c-profil.se\/english\/wp-json\/wp\/v2\/product_tag?post=23903"}],"curies":[{"name":"wp","href":"https:\/\/api.w.org\/{rel}","templated":true}]}}