{"id":23899,"date":"2015-10-21T09:37:00","date_gmt":"2015-10-21T08:37:00","guid":{"rendered":"https:\/\/c-profil.se\/produkt\/kanallock-cov-hf\/"},"modified":"2026-03-19T09:21:53","modified_gmt":"2026-03-19T08:21:53","slug":"cable-duct-cover-unex-cov-hf","status":"publish","type":"product","link":"https:\/\/c-profil.se\/english\/produkt\/kabelkanallock-unex-cov-hf\/","title":{"rendered":"Cable duct cover Unex | 88 COV HF"},"content":{"rendered":"<p><strong>Cable duct cover COV HF from UNEX is intended for halogen-free cable ducts<\/strong>, with a smooth and safe construction without sharp edges.<br \/>\nThe unique design ensures that the lid sits stably both horizontally and vertically.<\/p>","protected":false},"excerpt":{"rendered":"<p><strong>Cable duct cover Unex 88 \/ COV<\/strong> HF for halogen-free cable ducts. The lids are free of burrs and\/or sharp edges. Installation is easy and smooth due to UNEX&#039;s &quot;unique&quot; design. In horizontal position, the fingers on the cable duct do not bend and the lid does not fall off. In vertical position, the lid does not slide off.<\/p>\n<ul>\n<li>We cut the cable duct cover according to customer requirements.<\/li>\n<\/ul>","protected":false},"featured_media":51360,"template":"","meta":{"_acf_changed":false},"product_brand":[750],"product_cat":[302],"product_tag":[970,946,1002,952],"class_list":{"0":"post-23899","1":"product","2":"type-product","3":"status-publish","4":"has-post-thumbnail","6":"product_brand-unex","7":"product_cat-kabelkanal-unex-halogenfri","8":"product_tag-dragning-av-kablage","9":"product_tag-kabelhantering-i-apparatskap","10":"product_tag-kabelkanaler","11":"product_tag-kravande-miljo","13":"first","14":"instock","15":"shipping-taxable","16":"product-type-simple"},"acf":[],"yoast_head":"<!-- This site is optimized with the Yoast SEO Premium plugin v27.6 (Yoast SEO v27.6) - https:\/\/yoast.com\/product\/yoast-seo-premium-wordpress\/ -->\n<title>Kabelkanallock Unex 88 \/ COV - C-Pro<\/title>\n<meta name=\"description\" content=\"Kabelkanallock Unex 88 \/ COV f\u00f6r halogenfria kabelkanaler. Locken \u00e4r fria fr\u00e5n grader och\/eller vassa kanter. Monteringen sker l\u00e4tt och smidigt. L\u00e4s Mer!\" \/>\n<meta name=\"robots\" content=\"index, follow, max-snippet:-1, max-image-preview:large, max-video-preview:-1\" \/>\n<link rel=\"canonical\" href=\"https:\/\/c-profil.se\/english\/product\/cable-duct-cover-unex-cov-hf\/\" \/>\n<meta property=\"og:locale\" content=\"en_US\" \/>\n<meta property=\"og:type\" content=\"article\" \/>\n<meta property=\"og:title\" content=\"Kabelkanallock Unex | 88 COV HF - C-Pro\" \/>\n<meta property=\"og:description\" content=\"Kabelkanallock Unex 88 \/ COV HF f\u00f6r halogenfria kabelkanaler. Locken \u00e4r fria fr\u00e5n grader och\/eller vassa kanter. Monteringen sker l\u00e4tt och smidigt p\u00e5 grund av UNEX &quot;unika&quot; design. I horisontellt l\u00e4ge b\u00f6js inte fingrarna p\u00e5 kabelkanalen och locket faller inte av. I vertikalt l\u00e4ge glider locket inte av.   Vi kapar kabelkanallocket efter kunds \u00f6nskem\u00e5l\" \/>\n<meta property=\"og:url\" content=\"https:\/\/c-profil.se\/english\/product\/cable-duct-cover-unex-cov-hf\/\" \/>\n<meta property=\"og:site_name\" content=\"C-Pro\" \/>\n<meta property=\"article:publisher\" content=\"https:\/\/www.facebook.com\/people\/C-Pro\/61561767306874\/\" \/>\n<meta property=\"article:modified_time\" content=\"2026-03-19T08:21:53+00:00\" \/>\n<meta property=\"og:image\" content=\"https:\/\/c-profil.se\/wp-content\/uploads\/2015\/10\/Kabelkanallock-UNEX-COV-HF.jpg\" \/>\n\t<meta property=\"og:image:width\" content=\"1000\" \/>\n\t<meta property=\"og:image:height\" content=\"1000\" \/>\n\t<meta property=\"og:image:type\" content=\"image\/jpeg\" \/>\n<meta name=\"twitter:card\" content=\"summary_large_image\" \/>\n<meta name=\"twitter:label1\" content=\"Price\" \/>\n\t<meta name=\"twitter:data1\" content=\"\" \/>\n\t<meta name=\"twitter:label2\" content=\"Availability\" \/>\n\t<meta name=\"twitter:data2\" content=\"In stock\" \/>\n<script type=\"application\/ld+json\" class=\"yoast-schema-graph\">{\"@context\":\"https:\\\/\\\/schema.org\",\"@graph\":[{\"@type\":\"WebPage\",\"@id\":\"https:\\\/\\\/c-profil.se\\\/produkt\\\/kabelkanallock-unex-cov-hf\\\/\",\"url\":\"https:\\\/\\\/c-profil.se\\\/produkt\\\/kabelkanallock-unex-cov-hf\\\/\",\"name\":\"Kabelkanallock Unex 88 \\\/ COV - C-Pro\",\"isPartOf\":{\"@id\":\"https:\\\/\\\/c-profil.se\\\/#website\"},\"primaryImageOfPage\":{\"@id\":\"https:\\\/\\\/c-profil.se\\\/produkt\\\/kabelkanallock-unex-cov-hf\\\/#primaryimage\"},\"image\":{\"@id\":\"https:\\\/\\\/c-profil.se\\\/produkt\\\/kabelkanallock-unex-cov-hf\\\/#primaryimage\"},\"thumbnailUrl\":\"https:\\\/\\\/c-profil.se\\\/wp-content\\\/uploads\\\/2015\\\/10\\\/Kabelkanallock-UNEX-COV-HF.jpg\",\"datePublished\":\"2015-10-21T08:37:00+00:00\",\"dateModified\":\"2026-03-19T08:21:53+00:00\",\"description\":\"Kabelkanallock Unex 88 \\\/ COV f\u00f6r halogenfria kabelkanaler. Locken \u00e4r fria fr\u00e5n grader och\\\/eller vassa kanter. Monteringen sker l\u00e4tt och smidigt. L\u00e4s Mer!\",\"breadcrumb\":{\"@id\":\"https:\\\/\\\/c-profil.se\\\/produkt\\\/kabelkanallock-unex-cov-hf\\\/#breadcrumb\"},\"inLanguage\":\"en\",\"potentialAction\":[{\"@type\":\"ReadAction\",\"target\":[\"https:\\\/\\\/c-profil.se\\\/produkt\\\/kabelkanallock-unex-cov-hf\\\/\"]}]},{\"@type\":\"ImageObject\",\"inLanguage\":\"en\",\"@id\":\"https:\\\/\\\/c-profil.se\\\/produkt\\\/kabelkanallock-unex-cov-hf\\\/#primaryimage\",\"url\":\"https:\\\/\\\/c-profil.se\\\/wp-content\\\/uploads\\\/2015\\\/10\\\/Kabelkanallock-UNEX-COV-HF.jpg\",\"contentUrl\":\"https:\\\/\\\/c-profil.se\\\/wp-content\\\/uploads\\\/2015\\\/10\\\/Kabelkanallock-UNEX-COV-HF.jpg\",\"width\":1000,\"height\":1000,\"caption\":\"Kabelkanallock UNEX COV HF\"},{\"@type\":\"BreadcrumbList\",\"@id\":\"https:\\\/\\\/c-profil.se\\\/produkt\\\/kabelkanallock-unex-cov-hf\\\/#breadcrumb\",\"itemListElement\":[{\"@type\":\"ListItem\",\"position\":1,\"name\":\"Hem\",\"item\":\"https:\\\/\\\/c-profil.se\\\/\"},{\"@type\":\"ListItem\",\"position\":2,\"name\":\"Produkter\",\"item\":\"https:\\\/\\\/c-profil.se\\\/produkter\\\/\"},{\"@type\":\"ListItem\",\"position\":3,\"name\":\"Kabelkanaler halogenfria\",\"item\":\"https:\\\/\\\/c-profil.se\\\/produkt-kategori\\\/kabelkanaler-halogenfria\\\/\"},{\"@type\":\"ListItem\",\"position\":4,\"name\":\"Kabelkanal Unex Halogenfri\",\"item\":\"https:\\\/\\\/c-profil.se\\\/produkt-kategori\\\/kabelkanaler-halogenfria\\\/kabelkanal-unex-halogenfri\\\/\"},{\"@type\":\"ListItem\",\"position\":5,\"name\":\"Kabelkanallock Unex | 88 COV HF\"}]},{\"@type\":\"WebSite\",\"@id\":\"https:\\\/\\\/c-profil.se\\\/#website\",\"url\":\"https:\\\/\\\/c-profil.se\\\/\",\"name\":\"C-Pro\",\"description\":\"Produkter f\u00f6r El och Automation\",\"publisher\":{\"@id\":\"https:\\\/\\\/c-profil.se\\\/#organization\"},\"potentialAction\":[{\"@type\":\"SearchAction\",\"target\":{\"@type\":\"EntryPoint\",\"urlTemplate\":\"https:\\\/\\\/c-profil.se\\\/?s={search_term_string}\"},\"query-input\":{\"@type\":\"PropertyValueSpecification\",\"valueRequired\":true,\"valueName\":\"search_term_string\"}}],\"inLanguage\":\"en\"},{\"@type\":\"Organization\",\"@id\":\"https:\\\/\\\/c-profil.se\\\/#organization\",\"name\":\"C-Pro\",\"alternateName\":\"C-PRO\",\"url\":\"https:\\\/\\\/c-profil.se\\\/\",\"logo\":{\"@type\":\"ImageObject\",\"inLanguage\":\"en\",\"@id\":\"https:\\\/\\\/c-profil.se\\\/#\\\/schema\\\/logo\\\/image\\\/\",\"url\":\"https:\\\/\\\/c-profil.se\\\/wp-content\\\/uploads\\\/2022\\\/03\\\/c-pro-logga-liggande-500x500-1.png\",\"contentUrl\":\"https:\\\/\\\/c-profil.se\\\/wp-content\\\/uploads\\\/2022\\\/03\\\/c-pro-logga-liggande-500x500-1.png\",\"width\":500,\"height\":500,\"caption\":\"C-Pro\"},\"image\":{\"@id\":\"https:\\\/\\\/c-profil.se\\\/#\\\/schema\\\/logo\\\/image\\\/\"},\"sameAs\":[\"https:\\\/\\\/www.facebook.com\\\/people\\\/C-Pro\\\/61561767306874\\\/\",\"https:\\\/\\\/www.linkedin.com\\\/company\\\/c-pro-ab\",\"https:\\\/\\\/www.instagram.com\\\/cpro.ab\\\/\"],\"description\":\"C-PRO AB \u00e4r en helt\u00e4ckande leverant\u00f6r av material f\u00f6r applikationer inom el och automation. \u00c4nda sedan starten 1987 har vi f\u00f6rsett den svenska tillverkande industrin med elmaterial. Trots v\u00e5r storlek och ledande position har vi aldrig \u00f6vergett v\u00e5r grundfilosofi, att vara en personlig leverant\u00f6r. Vi p\u00e5 C-PRO \u00e4r l\u00e4tta att komma i kontakt med, \u00e4rliga och brinner f\u00f6r att l\u00f6sa v\u00e5ra kunders problem.\",\"email\":\"info@c-profil.se\",\"telephone\":\"031575785\",\"legalName\":\"C-Profil F\u00f6rl\u00e4ggningsmaterial AB\",\"foundingDate\":\"1987-01-01\"}]}<\/script>\n<meta property=\"product:brand\" content=\"dragning av kablage\" \/>\n<meta property=\"product:price:currency\" content=\"SEK\" \/>\n<meta property=\"og:availability\" content=\"instock\" \/>\n<meta property=\"product:availability\" content=\"instock\" \/>\n<meta property=\"product:retailer_item_id\" content=\"88 COV HF\" \/>\n<meta property=\"product:condition\" content=\"new\" \/>\n<!-- \/ Yoast SEO Premium plugin. -->","yoast_head_json":{"title":"Cable duct cover Unex 88 \/ COV - C-Pro","description":"Cable duct cover Unex 88 \/ COV for halogen-free cable ducts. The covers are free of burrs and\/or sharp edges. Installation is easy and smooth. Read more!","robots":{"index":"index","follow":"follow","max-snippet":"max-snippet:-1","max-image-preview":"max-image-preview:large","max-video-preview":"max-video-preview:-1"},"canonical":"https:\/\/c-profil.se\/english\/product\/cable-duct-cover-unex-cov-hf\/","og_locale":"en_US","og_type":"article","og_title":"Kabelkanallock Unex | 88 COV HF - C-Pro","og_description":"Kabelkanallock Unex 88 \/ COV HF f\u00f6r halogenfria kabelkanaler. Locken \u00e4r fria fr\u00e5n grader och\/eller vassa kanter. Monteringen sker l\u00e4tt och smidigt p\u00e5 grund av UNEX \"unika\" design. I horisontellt l\u00e4ge b\u00f6js inte fingrarna p\u00e5 kabelkanalen och locket faller inte av. I vertikalt l\u00e4ge glider locket inte av.   Vi kapar kabelkanallocket efter kunds \u00f6nskem\u00e5l","og_url":"https:\/\/c-profil.se\/english\/product\/cable-duct-cover-unex-cov-hf\/","og_site_name":"C-Pro","article_publisher":"https:\/\/www.facebook.com\/people\/C-Pro\/61561767306874\/","article_modified_time":"2026-03-19T08:21:53+00:00","og_image":[{"width":1000,"height":1000,"url":"https:\/\/c-profil.se\/wp-content\/uploads\/2015\/10\/Kabelkanallock-UNEX-COV-HF.jpg","type":"image\/jpeg"}],"twitter_card":"summary_large_image","twitter_misc":{"Price":"","Availability":"In stock"},"schema":{"@context":"https:\/\/schema.org","@graph":[{"@type":"WebPage","@id":"https:\/\/c-profil.se\/produkt\/kabelkanallock-unex-cov-hf\/","url":"https:\/\/c-profil.se\/produkt\/kabelkanallock-unex-cov-hf\/","name":"Cable duct cover Unex 88 \/ COV - C-Pro","isPartOf":{"@id":"https:\/\/c-profil.se\/#website"},"primaryImageOfPage":{"@id":"https:\/\/c-profil.se\/produkt\/kabelkanallock-unex-cov-hf\/#primaryimage"},"image":{"@id":"https:\/\/c-profil.se\/produkt\/kabelkanallock-unex-cov-hf\/#primaryimage"},"thumbnailUrl":"https:\/\/c-profil.se\/wp-content\/uploads\/2015\/10\/Kabelkanallock-UNEX-COV-HF.jpg","datePublished":"2015-10-21T08:37:00+00:00","dateModified":"2026-03-19T08:21:53+00:00","description":"Cable duct cover Unex 88 \/ COV for halogen-free cable ducts. The covers are free of burrs and\/or sharp edges. Installation is easy and smooth. Read more!","breadcrumb":{"@id":"https:\/\/c-profil.se\/produkt\/kabelkanallock-unex-cov-hf\/#breadcrumb"},"inLanguage":"en","potentialAction":[{"@type":"ReadAction","target":["https:\/\/c-profil.se\/produkt\/kabelkanallock-unex-cov-hf\/"]}]},{"@type":"ImageObject","inLanguage":"en","@id":"https:\/\/c-profil.se\/produkt\/kabelkanallock-unex-cov-hf\/#primaryimage","url":"https:\/\/c-profil.se\/wp-content\/uploads\/2015\/10\/Kabelkanallock-UNEX-COV-HF.jpg","contentUrl":"https:\/\/c-profil.se\/wp-content\/uploads\/2015\/10\/Kabelkanallock-UNEX-COV-HF.jpg","width":1000,"height":1000,"caption":"Kabelkanallock UNEX COV HF"},{"@type":"BreadcrumbList","@id":"https:\/\/c-profil.se\/produkt\/kabelkanallock-unex-cov-hf\/#breadcrumb","itemListElement":[{"@type":"ListItem","position":1,"name":"Hem","item":"https:\/\/c-profil.se\/"},{"@type":"ListItem","position":2,"name":"Produkter","item":"https:\/\/c-profil.se\/produkter\/"},{"@type":"ListItem","position":3,"name":"Kabelkanaler halogenfria","item":"https:\/\/c-profil.se\/produkt-kategori\/kabelkanaler-halogenfria\/"},{"@type":"ListItem","position":4,"name":"Kabelkanal Unex Halogenfri","item":"https:\/\/c-profil.se\/produkt-kategori\/kabelkanaler-halogenfria\/kabelkanal-unex-halogenfri\/"},{"@type":"ListItem","position":5,"name":"Kabelkanallock Unex | 88 COV HF"}]},{"@type":"WebSite","@id":"https:\/\/c-profil.se\/#website","url":"https:\/\/c-profil.se\/","name":"C-Pro","description":"Products for Electricity and Automation","publisher":{"@id":"https:\/\/c-profil.se\/#organization"},"potentialAction":[{"@type":"SearchAction","target":{"@type":"EntryPoint","urlTemplate":"https:\/\/c-profil.se\/?s={search_term_string}"},"query-input":{"@type":"PropertyValueSpecification","valueRequired":true,"valueName":"search_term_string"}}],"inLanguage":"en"},{"@type":"Organization","@id":"https:\/\/c-profil.se\/#organization","name":"C-Pro","alternateName":"C-PRO","url":"https:\/\/c-profil.se\/","logo":{"@type":"ImageObject","inLanguage":"en","@id":"https:\/\/c-profil.se\/#\/schema\/logo\/image\/","url":"https:\/\/c-profil.se\/wp-content\/uploads\/2022\/03\/c-pro-logga-liggande-500x500-1.png","contentUrl":"https:\/\/c-profil.se\/wp-content\/uploads\/2022\/03\/c-pro-logga-liggande-500x500-1.png","width":500,"height":500,"caption":"C-Pro"},"image":{"@id":"https:\/\/c-profil.se\/#\/schema\/logo\/image\/"},"sameAs":["https:\/\/www.facebook.com\/people\/C-Pro\/61561767306874\/","https:\/\/www.linkedin.com\/company\/c-pro-ab","https:\/\/www.instagram.com\/cpro.ab\/"],"description":"C-PRO AB is a comprehensive supplier of materials for applications in electricity and automation. Ever since the start in 1987, we have supplied the Swedish manufacturing industry with electrical materials. Despite our size and leading position, we have never abandoned our basic philosophy, to be a personal supplier. We at C-PRO are easy to get in touch with, honest and passionate about solving our customers&#039; problems.","email":"info@c-profil.se","telephone":"031575785","legalName":"C-Profil F\u00f6rl\u00e4ggningsmaterial AB","foundingDate":"1987-01-01"}]},"product_brand":"dragning av kablage","product_price_currency":"SEK","og_availability":"instock","product_availability":"instock","product_retailer_item_id":"88 COV HF","product_condition":"new"},"_links":{"self":[{"href":"https:\/\/c-profil.se\/english\/wp-json\/wp\/v2\/product\/23899","targetHints":{"allow":["GET"]}}],"collection":[{"href":"https:\/\/c-profil.se\/english\/wp-json\/wp\/v2\/product"}],"about":[{"href":"https:\/\/c-profil.se\/english\/wp-json\/wp\/v2\/types\/product"}],"version-history":[{"count":9,"href":"https:\/\/c-profil.se\/english\/wp-json\/wp\/v2\/product\/23899\/revisions"}],"predecessor-version":[{"id":74320,"href":"https:\/\/c-profil.se\/english\/wp-json\/wp\/v2\/product\/23899\/revisions\/74320"}],"wp:featuredmedia":[{"embeddable":true,"href":"https:\/\/c-profil.se\/english\/wp-json\/wp\/v2\/media\/51360"}],"wp:attachment":[{"href":"https:\/\/c-profil.se\/english\/wp-json\/wp\/v2\/media?parent=23899"}],"wp:term":[{"taxonomy":"product_brand","embeddable":true,"href":"https:\/\/c-profil.se\/english\/wp-json\/wp\/v2\/product_brand?post=23899"},{"taxonomy":"product_cat","embeddable":true,"href":"https:\/\/c-profil.se\/english\/wp-json\/wp\/v2\/product_cat?post=23899"},{"taxonomy":"product_tag","embeddable":true,"href":"https:\/\/c-profil.se\/english\/wp-json\/wp\/v2\/product_tag?post=23899"}],"curies":[{"name":"wp","href":"https:\/\/api.w.org\/{rel}","templated":true}]}}