{"id":23897,"date":"2015-10-21T09:36:00","date_gmt":"2015-10-21T08:36:00","guid":{"rendered":"https:\/\/c-profil.se\/produkt\/kabelhallare-hf\/"},"modified":"2026-03-19T09:21:54","modified_gmt":"2026-03-19T08:21:54","slug":"cable-retainer-unex-cl-hf","status":"publish","type":"product","link":"https:\/\/c-profil.se\/english\/produkt\/kabelhallare-unex-cl-hf\/","title":{"rendered":"Cable holder Unex | CL HF"},"content":{"rendered":"<p><strong>Cable holder CL HF is an accessory for UNEX halogen-free cable ducts<\/strong>, developed for secure fixation and clear cable separation.<br \/>\nThe holders can be combined in different sizes for structured cable division.<\/p>","protected":false},"excerpt":{"rendered":"<p>Cable retainer UNEX \/ CL HF for UNEX halogen-free cable ducts. The cable holders meet the highest requirements for cable mounts. Put different sizes together to get the desired distribution of the cables.<\/p>\n<ul>\n<li>Perfect for keeping track of and sorting your cables inside the cable duct<\/li>\n<\/ul>","protected":false},"featured_media":51362,"template":"","meta":{"_acf_changed":false},"product_brand":[750],"product_cat":[302],"product_tag":[970,946,1002,952],"class_list":{"0":"post-23897","1":"product","2":"type-product","3":"status-publish","4":"has-post-thumbnail","6":"product_brand-unex","7":"product_cat-kabelkanal-unex-halogenfri","8":"product_tag-dragning-av-kablage","9":"product_tag-kabelhantering-i-apparatskap","10":"product_tag-kabelkanaler","11":"product_tag-kravande-miljo","13":"first","14":"instock","15":"shipping-taxable","16":"product-type-simple"},"acf":[],"yoast_head":"<!-- This site is optimized with the Yoast SEO Premium plugin v27.6 (Yoast SEO v27.6) - https:\/\/yoast.com\/product\/yoast-seo-premium-wordpress\/ -->\n<title>Kabelh\u00e5llare UNEX \/ CL HF - C-Pro<\/title>\n<meta name=\"description\" content=\"Kabelh\u00e5llare UNEX \/ CL HF f\u00f6r UNEX halogenfria kabelkanaler. Kabelh\u00e5llarna uppfyller de h\u00f6gsta kraven f\u00f6r kabelf\u00e4sten. L\u00e4s Mer!\" \/>\n<meta name=\"robots\" content=\"index, follow, max-snippet:-1, max-image-preview:large, max-video-preview:-1\" \/>\n<link rel=\"canonical\" href=\"https:\/\/c-profil.se\/english\/product\/cable-retainer-unex-cl-hf\/\" \/>\n<meta property=\"og:locale\" content=\"en_US\" \/>\n<meta property=\"og:type\" content=\"article\" \/>\n<meta property=\"og:title\" content=\"Kabelh\u00e5llare Unex | CL HF - C-Pro\" \/>\n<meta property=\"og:description\" content=\"Kabelh\u00e5llare UNEX \/ CL HF f\u00f6r UNEX halogenfria kabelkanaler. Kabelh\u00e5llarna uppfyller de h\u00f6gsta kraven f\u00f6r kabelf\u00e4sten. S\u00e4tt ihop olika storlekar f\u00f6r att f\u00e5 en \u00f6nskad uppdelning av kablarna.   Perfekt f\u00f6r att h\u00e5lla koll och sortera upp dina kablar inuti kabelkanalen\" \/>\n<meta property=\"og:url\" content=\"https:\/\/c-profil.se\/english\/product\/cable-retainer-unex-cl-hf\/\" \/>\n<meta property=\"og:site_name\" content=\"C-Pro\" \/>\n<meta property=\"article:publisher\" content=\"https:\/\/www.facebook.com\/people\/C-Pro\/61561767306874\/\" \/>\n<meta property=\"article:modified_time\" content=\"2026-03-19T08:21:54+00:00\" \/>\n<meta property=\"og:image\" content=\"https:\/\/c-profil.se\/wp-content\/uploads\/2015\/10\/Kabelhallare-UNEX-CL-HF.jpg\" \/>\n\t<meta property=\"og:image:width\" content=\"1000\" \/>\n\t<meta property=\"og:image:height\" content=\"1000\" \/>\n\t<meta property=\"og:image:type\" content=\"image\/jpeg\" \/>\n<meta name=\"twitter:card\" content=\"summary_large_image\" \/>\n<meta name=\"twitter:label1\" content=\"Price\" \/>\n\t<meta name=\"twitter:data1\" content=\"\" \/>\n\t<meta name=\"twitter:label2\" content=\"Availability\" \/>\n\t<meta name=\"twitter:data2\" content=\"In stock\" \/>\n<script type=\"application\/ld+json\" class=\"yoast-schema-graph\">{\"@context\":\"https:\\\/\\\/schema.org\",\"@graph\":[{\"@type\":\"WebPage\",\"@id\":\"https:\\\/\\\/c-profil.se\\\/produkt\\\/kabelhallare-unex-cl-hf\\\/\",\"url\":\"https:\\\/\\\/c-profil.se\\\/produkt\\\/kabelhallare-unex-cl-hf\\\/\",\"name\":\"Kabelh\u00e5llare UNEX \\\/ CL HF - C-Pro\",\"isPartOf\":{\"@id\":\"https:\\\/\\\/c-profil.se\\\/#website\"},\"primaryImageOfPage\":{\"@id\":\"https:\\\/\\\/c-profil.se\\\/produkt\\\/kabelhallare-unex-cl-hf\\\/#primaryimage\"},\"image\":{\"@id\":\"https:\\\/\\\/c-profil.se\\\/produkt\\\/kabelhallare-unex-cl-hf\\\/#primaryimage\"},\"thumbnailUrl\":\"https:\\\/\\\/c-profil.se\\\/wp-content\\\/uploads\\\/2015\\\/10\\\/Kabelhallare-UNEX-CL-HF.jpg\",\"datePublished\":\"2015-10-21T08:36:00+00:00\",\"dateModified\":\"2026-03-19T08:21:54+00:00\",\"description\":\"Kabelh\u00e5llare UNEX \\\/ CL HF f\u00f6r UNEX halogenfria kabelkanaler. Kabelh\u00e5llarna uppfyller de h\u00f6gsta kraven f\u00f6r kabelf\u00e4sten. L\u00e4s Mer!\",\"breadcrumb\":{\"@id\":\"https:\\\/\\\/c-profil.se\\\/produkt\\\/kabelhallare-unex-cl-hf\\\/#breadcrumb\"},\"inLanguage\":\"en\",\"potentialAction\":[{\"@type\":\"ReadAction\",\"target\":[\"https:\\\/\\\/c-profil.se\\\/produkt\\\/kabelhallare-unex-cl-hf\\\/\"]}]},{\"@type\":\"ImageObject\",\"inLanguage\":\"en\",\"@id\":\"https:\\\/\\\/c-profil.se\\\/produkt\\\/kabelhallare-unex-cl-hf\\\/#primaryimage\",\"url\":\"https:\\\/\\\/c-profil.se\\\/wp-content\\\/uploads\\\/2015\\\/10\\\/Kabelhallare-UNEX-CL-HF.jpg\",\"contentUrl\":\"https:\\\/\\\/c-profil.se\\\/wp-content\\\/uploads\\\/2015\\\/10\\\/Kabelhallare-UNEX-CL-HF.jpg\",\"width\":1000,\"height\":1000,\"caption\":\"Kabelh\u00e5llare UNEX CL HF\"},{\"@type\":\"BreadcrumbList\",\"@id\":\"https:\\\/\\\/c-profil.se\\\/produkt\\\/kabelhallare-unex-cl-hf\\\/#breadcrumb\",\"itemListElement\":[{\"@type\":\"ListItem\",\"position\":1,\"name\":\"Hem\",\"item\":\"https:\\\/\\\/c-profil.se\\\/\"},{\"@type\":\"ListItem\",\"position\":2,\"name\":\"Produkter\",\"item\":\"https:\\\/\\\/c-profil.se\\\/produkter\\\/\"},{\"@type\":\"ListItem\",\"position\":3,\"name\":\"Kabelkanaler halogenfria\",\"item\":\"https:\\\/\\\/c-profil.se\\\/produkt-kategori\\\/kabelkanaler-halogenfria\\\/\"},{\"@type\":\"ListItem\",\"position\":4,\"name\":\"Kabelkanal Unex Halogenfri\",\"item\":\"https:\\\/\\\/c-profil.se\\\/produkt-kategori\\\/kabelkanaler-halogenfria\\\/kabelkanal-unex-halogenfri\\\/\"},{\"@type\":\"ListItem\",\"position\":5,\"name\":\"Kabelh\u00e5llare Unex | CL HF\"}]},{\"@type\":\"WebSite\",\"@id\":\"https:\\\/\\\/c-profil.se\\\/#website\",\"url\":\"https:\\\/\\\/c-profil.se\\\/\",\"name\":\"C-Pro\",\"description\":\"Produkter f\u00f6r El och Automation\",\"publisher\":{\"@id\":\"https:\\\/\\\/c-profil.se\\\/#organization\"},\"potentialAction\":[{\"@type\":\"SearchAction\",\"target\":{\"@type\":\"EntryPoint\",\"urlTemplate\":\"https:\\\/\\\/c-profil.se\\\/?s={search_term_string}\"},\"query-input\":{\"@type\":\"PropertyValueSpecification\",\"valueRequired\":true,\"valueName\":\"search_term_string\"}}],\"inLanguage\":\"en\"},{\"@type\":\"Organization\",\"@id\":\"https:\\\/\\\/c-profil.se\\\/#organization\",\"name\":\"C-Pro\",\"alternateName\":\"C-PRO\",\"url\":\"https:\\\/\\\/c-profil.se\\\/\",\"logo\":{\"@type\":\"ImageObject\",\"inLanguage\":\"en\",\"@id\":\"https:\\\/\\\/c-profil.se\\\/#\\\/schema\\\/logo\\\/image\\\/\",\"url\":\"https:\\\/\\\/c-profil.se\\\/wp-content\\\/uploads\\\/2022\\\/03\\\/c-pro-logga-liggande-500x500-1.png\",\"contentUrl\":\"https:\\\/\\\/c-profil.se\\\/wp-content\\\/uploads\\\/2022\\\/03\\\/c-pro-logga-liggande-500x500-1.png\",\"width\":500,\"height\":500,\"caption\":\"C-Pro\"},\"image\":{\"@id\":\"https:\\\/\\\/c-profil.se\\\/#\\\/schema\\\/logo\\\/image\\\/\"},\"sameAs\":[\"https:\\\/\\\/www.facebook.com\\\/people\\\/C-Pro\\\/61561767306874\\\/\",\"https:\\\/\\\/www.linkedin.com\\\/company\\\/c-pro-ab\",\"https:\\\/\\\/www.instagram.com\\\/cpro.ab\\\/\"],\"description\":\"C-PRO AB \u00e4r en helt\u00e4ckande leverant\u00f6r av material f\u00f6r applikationer inom el och automation. \u00c4nda sedan starten 1987 har vi f\u00f6rsett den svenska tillverkande industrin med elmaterial. Trots v\u00e5r storlek och ledande position har vi aldrig \u00f6vergett v\u00e5r grundfilosofi, att vara en personlig leverant\u00f6r. Vi p\u00e5 C-PRO \u00e4r l\u00e4tta att komma i kontakt med, \u00e4rliga och brinner f\u00f6r att l\u00f6sa v\u00e5ra kunders problem.\",\"email\":\"info@c-profil.se\",\"telephone\":\"031575785\",\"legalName\":\"C-Profil F\u00f6rl\u00e4ggningsmaterial AB\",\"foundingDate\":\"1987-01-01\"}]}<\/script>\n<meta property=\"product:brand\" content=\"dragning av kablage\" \/>\n<meta property=\"product:price:currency\" content=\"SEK\" \/>\n<meta property=\"og:availability\" content=\"instock\" \/>\n<meta property=\"product:availability\" content=\"instock\" \/>\n<meta property=\"product:retailer_item_id\" content=\"CL HF\" \/>\n<meta property=\"product:condition\" content=\"new\" \/>\n<!-- \/ Yoast SEO Premium plugin. -->","yoast_head_json":{"title":"Cable Retainer UNEX \/ CL HF - C-Pro","description":"Cable retainer UNEX \/ CL HF for UNEX halogen-free cable ducts. The cable holders meet the highest requirements for cable mounts. Read More!","robots":{"index":"index","follow":"follow","max-snippet":"max-snippet:-1","max-image-preview":"max-image-preview:large","max-video-preview":"max-video-preview:-1"},"canonical":"https:\/\/c-profil.se\/english\/product\/cable-retainer-unex-cl-hf\/","og_locale":"en_US","og_type":"article","og_title":"Kabelh\u00e5llare Unex | CL HF - C-Pro","og_description":"Kabelh\u00e5llare UNEX \/ CL HF f\u00f6r UNEX halogenfria kabelkanaler. Kabelh\u00e5llarna uppfyller de h\u00f6gsta kraven f\u00f6r kabelf\u00e4sten. S\u00e4tt ihop olika storlekar f\u00f6r att f\u00e5 en \u00f6nskad uppdelning av kablarna.   Perfekt f\u00f6r att h\u00e5lla koll och sortera upp dina kablar inuti kabelkanalen","og_url":"https:\/\/c-profil.se\/english\/product\/cable-retainer-unex-cl-hf\/","og_site_name":"C-Pro","article_publisher":"https:\/\/www.facebook.com\/people\/C-Pro\/61561767306874\/","article_modified_time":"2026-03-19T08:21:54+00:00","og_image":[{"width":1000,"height":1000,"url":"https:\/\/c-profil.se\/wp-content\/uploads\/2015\/10\/Kabelhallare-UNEX-CL-HF.jpg","type":"image\/jpeg"}],"twitter_card":"summary_large_image","twitter_misc":{"Price":"","Availability":"In stock"},"schema":{"@context":"https:\/\/schema.org","@graph":[{"@type":"WebPage","@id":"https:\/\/c-profil.se\/produkt\/kabelhallare-unex-cl-hf\/","url":"https:\/\/c-profil.se\/produkt\/kabelhallare-unex-cl-hf\/","name":"Cable Retainer UNEX \/ CL HF - C-Pro","isPartOf":{"@id":"https:\/\/c-profil.se\/#website"},"primaryImageOfPage":{"@id":"https:\/\/c-profil.se\/produkt\/kabelhallare-unex-cl-hf\/#primaryimage"},"image":{"@id":"https:\/\/c-profil.se\/produkt\/kabelhallare-unex-cl-hf\/#primaryimage"},"thumbnailUrl":"https:\/\/c-profil.se\/wp-content\/uploads\/2015\/10\/Kabelhallare-UNEX-CL-HF.jpg","datePublished":"2015-10-21T08:36:00+00:00","dateModified":"2026-03-19T08:21:54+00:00","description":"Cable retainer UNEX \/ CL HF for UNEX halogen-free cable ducts. The cable holders meet the highest requirements for cable mounts. Read More!","breadcrumb":{"@id":"https:\/\/c-profil.se\/produkt\/kabelhallare-unex-cl-hf\/#breadcrumb"},"inLanguage":"en","potentialAction":[{"@type":"ReadAction","target":["https:\/\/c-profil.se\/produkt\/kabelhallare-unex-cl-hf\/"]}]},{"@type":"ImageObject","inLanguage":"en","@id":"https:\/\/c-profil.se\/produkt\/kabelhallare-unex-cl-hf\/#primaryimage","url":"https:\/\/c-profil.se\/wp-content\/uploads\/2015\/10\/Kabelhallare-UNEX-CL-HF.jpg","contentUrl":"https:\/\/c-profil.se\/wp-content\/uploads\/2015\/10\/Kabelhallare-UNEX-CL-HF.jpg","width":1000,"height":1000,"caption":"Kabelh\u00e5llare UNEX CL HF"},{"@type":"BreadcrumbList","@id":"https:\/\/c-profil.se\/produkt\/kabelhallare-unex-cl-hf\/#breadcrumb","itemListElement":[{"@type":"ListItem","position":1,"name":"Hem","item":"https:\/\/c-profil.se\/"},{"@type":"ListItem","position":2,"name":"Produkter","item":"https:\/\/c-profil.se\/produkter\/"},{"@type":"ListItem","position":3,"name":"Kabelkanaler halogenfria","item":"https:\/\/c-profil.se\/produkt-kategori\/kabelkanaler-halogenfria\/"},{"@type":"ListItem","position":4,"name":"Kabelkanal Unex Halogenfri","item":"https:\/\/c-profil.se\/produkt-kategori\/kabelkanaler-halogenfria\/kabelkanal-unex-halogenfri\/"},{"@type":"ListItem","position":5,"name":"Kabelh\u00e5llare Unex | CL HF"}]},{"@type":"WebSite","@id":"https:\/\/c-profil.se\/#website","url":"https:\/\/c-profil.se\/","name":"C-Pro","description":"Products for Electricity and Automation","publisher":{"@id":"https:\/\/c-profil.se\/#organization"},"potentialAction":[{"@type":"SearchAction","target":{"@type":"EntryPoint","urlTemplate":"https:\/\/c-profil.se\/?s={search_term_string}"},"query-input":{"@type":"PropertyValueSpecification","valueRequired":true,"valueName":"search_term_string"}}],"inLanguage":"en"},{"@type":"Organization","@id":"https:\/\/c-profil.se\/#organization","name":"C-Pro","alternateName":"C-PRO","url":"https:\/\/c-profil.se\/","logo":{"@type":"ImageObject","inLanguage":"en","@id":"https:\/\/c-profil.se\/#\/schema\/logo\/image\/","url":"https:\/\/c-profil.se\/wp-content\/uploads\/2022\/03\/c-pro-logga-liggande-500x500-1.png","contentUrl":"https:\/\/c-profil.se\/wp-content\/uploads\/2022\/03\/c-pro-logga-liggande-500x500-1.png","width":500,"height":500,"caption":"C-Pro"},"image":{"@id":"https:\/\/c-profil.se\/#\/schema\/logo\/image\/"},"sameAs":["https:\/\/www.facebook.com\/people\/C-Pro\/61561767306874\/","https:\/\/www.linkedin.com\/company\/c-pro-ab","https:\/\/www.instagram.com\/cpro.ab\/"],"description":"C-PRO AB is a comprehensive supplier of materials for applications in electricity and automation. Ever since the start in 1987, we have supplied the Swedish manufacturing industry with electrical materials. Despite our size and leading position, we have never abandoned our basic philosophy, to be a personal supplier. We at C-PRO are easy to get in touch with, honest and passionate about solving our customers&#039; problems.","email":"info@c-profil.se","telephone":"031575785","legalName":"C-Profil F\u00f6rl\u00e4ggningsmaterial AB","foundingDate":"1987-01-01"}]},"product_brand":"dragning av kablage","product_price_currency":"SEK","og_availability":"instock","product_availability":"instock","product_retailer_item_id":"CL HF","product_condition":"new"},"_links":{"self":[{"href":"https:\/\/c-profil.se\/english\/wp-json\/wp\/v2\/product\/23897","targetHints":{"allow":["GET"]}}],"collection":[{"href":"https:\/\/c-profil.se\/english\/wp-json\/wp\/v2\/product"}],"about":[{"href":"https:\/\/c-profil.se\/english\/wp-json\/wp\/v2\/types\/product"}],"version-history":[{"count":9,"href":"https:\/\/c-profil.se\/english\/wp-json\/wp\/v2\/product\/23897\/revisions"}],"predecessor-version":[{"id":74340,"href":"https:\/\/c-profil.se\/english\/wp-json\/wp\/v2\/product\/23897\/revisions\/74340"}],"wp:featuredmedia":[{"embeddable":true,"href":"https:\/\/c-profil.se\/english\/wp-json\/wp\/v2\/media\/51362"}],"wp:attachment":[{"href":"https:\/\/c-profil.se\/english\/wp-json\/wp\/v2\/media?parent=23897"}],"wp:term":[{"taxonomy":"product_brand","embeddable":true,"href":"https:\/\/c-profil.se\/english\/wp-json\/wp\/v2\/product_brand?post=23897"},{"taxonomy":"product_cat","embeddable":true,"href":"https:\/\/c-profil.se\/english\/wp-json\/wp\/v2\/product_cat?post=23897"},{"taxonomy":"product_tag","embeddable":true,"href":"https:\/\/c-profil.se\/english\/wp-json\/wp\/v2\/product_tag?post=23897"}],"curies":[{"name":"wp","href":"https:\/\/api.w.org\/{rel}","templated":true}]}}