{"id":23887,"date":"2015-10-21T09:32:00","date_gmt":"2015-10-21T08:32:00","guid":{"rendered":"https:\/\/c-profil.se\/produkt\/nitverktyg-rt4-rt6\/"},"modified":"2026-03-19T14:32:03","modified_gmt":"2026-03-19T13:32:03","slug":"rivet-tool-rt4-rt6-2","status":"publish","type":"product","link":"https:\/\/c-profil.se\/english\/produkt\/nitverktyg-rt4-rt6\/","title":{"rendered":"Rivet tool | RT4 \/ RT6"},"content":{"rendered":"<p><strong>Rivet tool \/ RT4\u2013RT6 is a practical tool for quick and easy installation of IBOCO&#039;s rivets<\/strong> when installing cable ducts, even on hard-to-reach and high-positioned surfaces.<br \/>\nThe tool has an ergonomic plastic handle and aluminum body and is used together with the correct rivet: R4 (blue) to RT4 and R6 (orange) to RT6.<\/p>","protected":false},"excerpt":{"rendered":"<p class=\"ai-optimize-31\">Discover the Rivet Tool \/ RT4-RT6 which is a tool you use to quickly install rivets from IBOCO. The rivet tool has an ergonomic plastic handle and an elongated aluminum body, all to make your work comfortable and smooth. You can also use it to easily mount high-mounted cable ducts. Put a rivet in the \"neck\" of the tool, place it in the pre-perforated mounting hole in the cable duct and press!<\/p>\n<ul>\n<li class=\"ai-optimize-32\">For rivet tool RT4 (blue), use rivet R4 (blue).<\/li>\n<li class=\"ai-optimize-33\">For rivet tool RT6 (orange) use rivet R6 (orange)<\/li>\n<\/ul>","protected":false},"featured_media":51339,"template":"","meta":{"_acf_changed":false},"product_brand":[739],"product_cat":[762],"product_tag":[975,1002,1001],"class_list":{"0":"post-23887","1":"product","2":"type-product","3":"status-publish","4":"has-post-thumbnail","6":"product_brand-iboco","7":"product_cat-verktyg","8":"product_tag-fastsattning","9":"product_tag-kabelkanaler","10":"product_tag-verktyg","12":"first","13":"instock","14":"shipping-taxable","15":"product-type-simple"},"acf":[],"yoast_head":"<!-- This site is optimized with the Yoast SEO Premium plugin v27.4 (Yoast SEO v27.4) - https:\/\/yoast.com\/product\/yoast-seo-premium-wordpress\/ -->\n<title>Nitverktyg \/ RT4-RT6 - C-Pro<\/title>\n<meta name=\"description\" content=\"Nitverktyg \/ RT4-RT6 \u00e4r ett verktyg f\u00f6r snabb montering av f\u00e4stnitar. Med ett ergonomiskt handtag i plast, och en avl\u00e5ng kropp i aluminium.\" \/>\n<meta name=\"robots\" content=\"index, follow, max-snippet:-1, max-image-preview:large, max-video-preview:-1\" \/>\n<link rel=\"canonical\" href=\"https:\/\/c-profil.se\/english\/product\/rivet-tool-rt4-rt6-2\/\" \/>\n<meta property=\"og:locale\" content=\"en_US\" \/>\n<meta property=\"og:type\" content=\"article\" \/>\n<meta property=\"og:title\" content=\"Nitverktyg | RT4 \/ RT6 - C-Pro\" \/>\n<meta property=\"og:description\" content=\"Uppt\u00e4ck Nitverktyg \/ RT4-RT6 som \u00e4r ett verktyg du anv\u00e4nder f\u00f6r att snabbt montera f\u00e4stnitar fr\u00e5n IBOCO. Nitverktyget har ett ergonomiskt handtag i plast och en\u00a0 avl\u00e5ng kropp i aluminium, allt f\u00f6r att g\u00f6ra ditt arbete bekv\u00e4mt och smidigt. Du kan \u00e4ven anv\u00e4nda den f\u00f6r att enkel montera h\u00f6gt uppsatta kabelkanaler. S\u00e4tt en nit i &quot;halsen&quot; p\u00e5 verktyget, placera den i det f\u00f6rperforerade monteringsh\u00e5let i kabelkanalen och tryck till!    F\u00f6r nitverktyg RT4 (bl\u00e5) anv\u00e4nder du nit R4 (bl\u00e5).  F\u00f6r nitverktyg RT6 (orange) anv\u00e4nder du nit R6 (orange)\" \/>\n<meta property=\"og:url\" content=\"https:\/\/c-profil.se\/english\/product\/rivet-tool-rt4-rt6-2\/\" \/>\n<meta property=\"og:site_name\" content=\"C-Pro\" \/>\n<meta property=\"article:publisher\" content=\"https:\/\/www.facebook.com\/people\/C-Pro\/61561767306874\/\" \/>\n<meta property=\"article:modified_time\" content=\"2026-03-19T13:32:03+00:00\" \/>\n<meta property=\"og:image\" content=\"https:\/\/c-profil.se\/wp-content\/uploads\/2015\/10\/Nitverktyg-RT4-RT6.jpg\" \/>\n\t<meta property=\"og:image:width\" content=\"1000\" \/>\n\t<meta property=\"og:image:height\" content=\"1000\" \/>\n\t<meta property=\"og:image:type\" content=\"image\/jpeg\" \/>\n<meta name=\"twitter:card\" content=\"summary_large_image\" \/>\n<meta name=\"twitter:label1\" content=\"Price\" \/>\n\t<meta name=\"twitter:data1\" content=\"\" \/>\n\t<meta name=\"twitter:label2\" content=\"Availability\" \/>\n\t<meta name=\"twitter:data2\" content=\"In stock\" \/>\n<script type=\"application\/ld+json\" class=\"yoast-schema-graph\">{\"@context\":\"https:\\\/\\\/schema.org\",\"@graph\":[{\"@type\":\"WebPage\",\"@id\":\"https:\\\/\\\/c-profil.se\\\/produkt\\\/nitverktyg-rt4-rt6\\\/\",\"url\":\"https:\\\/\\\/c-profil.se\\\/produkt\\\/nitverktyg-rt4-rt6\\\/\",\"name\":\"Nitverktyg \\\/ RT4-RT6 - C-Pro\",\"isPartOf\":{\"@id\":\"https:\\\/\\\/c-profil.se\\\/#website\"},\"primaryImageOfPage\":{\"@id\":\"https:\\\/\\\/c-profil.se\\\/produkt\\\/nitverktyg-rt4-rt6\\\/#primaryimage\"},\"image\":{\"@id\":\"https:\\\/\\\/c-profil.se\\\/produkt\\\/nitverktyg-rt4-rt6\\\/#primaryimage\"},\"thumbnailUrl\":\"https:\\\/\\\/c-profil.se\\\/wp-content\\\/uploads\\\/2015\\\/10\\\/Nitverktyg-RT4-RT6.jpg\",\"datePublished\":\"2015-10-21T08:32:00+00:00\",\"dateModified\":\"2026-03-19T13:32:03+00:00\",\"description\":\"Nitverktyg \\\/ RT4-RT6 \u00e4r ett verktyg f\u00f6r snabb montering av f\u00e4stnitar. Med ett ergonomiskt handtag i plast, och en avl\u00e5ng kropp i aluminium.\",\"breadcrumb\":{\"@id\":\"https:\\\/\\\/c-profil.se\\\/produkt\\\/nitverktyg-rt4-rt6\\\/#breadcrumb\"},\"inLanguage\":\"en\",\"potentialAction\":[{\"@type\":\"ReadAction\",\"target\":[\"https:\\\/\\\/c-profil.se\\\/produkt\\\/nitverktyg-rt4-rt6\\\/\"]}]},{\"@type\":\"ImageObject\",\"inLanguage\":\"en\",\"@id\":\"https:\\\/\\\/c-profil.se\\\/produkt\\\/nitverktyg-rt4-rt6\\\/#primaryimage\",\"url\":\"https:\\\/\\\/c-profil.se\\\/wp-content\\\/uploads\\\/2015\\\/10\\\/Nitverktyg-RT4-RT6.jpg\",\"contentUrl\":\"https:\\\/\\\/c-profil.se\\\/wp-content\\\/uploads\\\/2015\\\/10\\\/Nitverktyg-RT4-RT6.jpg\",\"width\":1000,\"height\":1000,\"caption\":\"Nitverktyg RT4-RT6\"},{\"@type\":\"BreadcrumbList\",\"@id\":\"https:\\\/\\\/c-profil.se\\\/produkt\\\/nitverktyg-rt4-rt6\\\/#breadcrumb\",\"itemListElement\":[{\"@type\":\"ListItem\",\"position\":1,\"name\":\"Hem\",\"item\":\"https:\\\/\\\/c-profil.se\\\/\"},{\"@type\":\"ListItem\",\"position\":2,\"name\":\"Produkter\",\"item\":\"https:\\\/\\\/c-profil.se\\\/produkter\\\/\"},{\"@type\":\"ListItem\",\"position\":3,\"name\":\"Verktyg\",\"item\":\"https:\\\/\\\/c-profil.se\\\/produkt-kategori\\\/verktyg\\\/\"},{\"@type\":\"ListItem\",\"position\":4,\"name\":\"Nitverktyg | RT4 \\\/ RT6\"}]},{\"@type\":\"WebSite\",\"@id\":\"https:\\\/\\\/c-profil.se\\\/#website\",\"url\":\"https:\\\/\\\/c-profil.se\\\/\",\"name\":\"C-Pro\",\"description\":\"Produkter f\u00f6r El och Automation\",\"publisher\":{\"@id\":\"https:\\\/\\\/c-profil.se\\\/#organization\"},\"potentialAction\":[{\"@type\":\"SearchAction\",\"target\":{\"@type\":\"EntryPoint\",\"urlTemplate\":\"https:\\\/\\\/c-profil.se\\\/?s={search_term_string}\"},\"query-input\":{\"@type\":\"PropertyValueSpecification\",\"valueRequired\":true,\"valueName\":\"search_term_string\"}}],\"inLanguage\":\"en\"},{\"@type\":\"Organization\",\"@id\":\"https:\\\/\\\/c-profil.se\\\/#organization\",\"name\":\"C-Pro\",\"alternateName\":\"C-PRO\",\"url\":\"https:\\\/\\\/c-profil.se\\\/\",\"logo\":{\"@type\":\"ImageObject\",\"inLanguage\":\"en\",\"@id\":\"https:\\\/\\\/c-profil.se\\\/#\\\/schema\\\/logo\\\/image\\\/\",\"url\":\"https:\\\/\\\/c-profil.se\\\/wp-content\\\/uploads\\\/2022\\\/03\\\/c-pro-logga-liggande-500x500-1.png\",\"contentUrl\":\"https:\\\/\\\/c-profil.se\\\/wp-content\\\/uploads\\\/2022\\\/03\\\/c-pro-logga-liggande-500x500-1.png\",\"width\":500,\"height\":500,\"caption\":\"C-Pro\"},\"image\":{\"@id\":\"https:\\\/\\\/c-profil.se\\\/#\\\/schema\\\/logo\\\/image\\\/\"},\"sameAs\":[\"https:\\\/\\\/www.facebook.com\\\/people\\\/C-Pro\\\/61561767306874\\\/\",\"https:\\\/\\\/www.linkedin.com\\\/company\\\/c-pro-ab\",\"https:\\\/\\\/www.instagram.com\\\/cpro.ab\\\/\"],\"description\":\"C-PRO AB \u00e4r en helt\u00e4ckande leverant\u00f6r av material f\u00f6r applikationer inom el och automation. \u00c4nda sedan starten 1987 har vi f\u00f6rsett den svenska tillverkande industrin med elmaterial. Trots v\u00e5r storlek och ledande position har vi aldrig \u00f6vergett v\u00e5r grundfilosofi, att vara en personlig leverant\u00f6r. Vi p\u00e5 C-PRO \u00e4r l\u00e4tta att komma i kontakt med, \u00e4rliga och brinner f\u00f6r att l\u00f6sa v\u00e5ra kunders problem.\",\"email\":\"info@c-profil.se\",\"telephone\":\"031575785\",\"legalName\":\"C-Profil F\u00f6rl\u00e4ggningsmaterial AB\",\"foundingDate\":\"1987-01-01\"}]}<\/script>\n<meta property=\"product:brand\" content=\"fasts\u00e4ttning\" \/>\n<meta property=\"product:price:currency\" content=\"SEK\" \/>\n<meta property=\"og:availability\" content=\"instock\" \/>\n<meta property=\"product:availability\" content=\"instock\" \/>\n<meta property=\"product:retailer_item_id\" content=\"RT4 \/ RT6\" \/>\n<meta property=\"product:condition\" content=\"new\" \/>\n<!-- \/ Yoast SEO Premium plugin. -->","yoast_head_json":{"title":"Rivet tool \/ RT4|RT6 - C-Pro","description":"Rivet tool \/ RT4-RT6 is a tool for quick assembly of fastening rivets. With an ergonomic handle in plastic, and an elongated body in aluminum.","robots":{"index":"index","follow":"follow","max-snippet":"max-snippet:-1","max-image-preview":"max-image-preview:large","max-video-preview":"max-video-preview:-1"},"canonical":"https:\/\/c-profil.se\/english\/product\/rivet-tool-rt4-rt6-2\/","og_locale":"en_US","og_type":"article","og_title":"Nitverktyg | RT4 \/ RT6 - C-Pro","og_description":"Uppt\u00e4ck Nitverktyg \/ RT4-RT6 som \u00e4r ett verktyg du anv\u00e4nder f\u00f6r att snabbt montera f\u00e4stnitar fr\u00e5n IBOCO. Nitverktyget har ett ergonomiskt handtag i plast och en\u00a0 avl\u00e5ng kropp i aluminium, allt f\u00f6r att g\u00f6ra ditt arbete bekv\u00e4mt och smidigt. Du kan \u00e4ven anv\u00e4nda den f\u00f6r att enkel montera h\u00f6gt uppsatta kabelkanaler. S\u00e4tt en nit i \"halsen\" p\u00e5 verktyget, placera den i det f\u00f6rperforerade monteringsh\u00e5let i kabelkanalen och tryck till!    F\u00f6r nitverktyg RT4 (bl\u00e5) anv\u00e4nder du nit R4 (bl\u00e5).  F\u00f6r nitverktyg RT6 (orange) anv\u00e4nder du nit R6 (orange)","og_url":"https:\/\/c-profil.se\/english\/product\/rivet-tool-rt4-rt6-2\/","og_site_name":"C-Pro","article_publisher":"https:\/\/www.facebook.com\/people\/C-Pro\/61561767306874\/","article_modified_time":"2026-03-19T13:32:03+00:00","og_image":[{"width":1000,"height":1000,"url":"https:\/\/c-profil.se\/wp-content\/uploads\/2015\/10\/Nitverktyg-RT4-RT6.jpg","type":"image\/jpeg"}],"twitter_card":"summary_large_image","twitter_misc":{"Price":"","Availability":"In stock"},"schema":{"@context":"https:\/\/schema.org","@graph":[{"@type":"WebPage","@id":"https:\/\/c-profil.se\/produkt\/nitverktyg-rt4-rt6\/","url":"https:\/\/c-profil.se\/produkt\/nitverktyg-rt4-rt6\/","name":"Rivet tool \/ RT4|RT6 - C-Pro","isPartOf":{"@id":"https:\/\/c-profil.se\/#website"},"primaryImageOfPage":{"@id":"https:\/\/c-profil.se\/produkt\/nitverktyg-rt4-rt6\/#primaryimage"},"image":{"@id":"https:\/\/c-profil.se\/produkt\/nitverktyg-rt4-rt6\/#primaryimage"},"thumbnailUrl":"https:\/\/c-profil.se\/wp-content\/uploads\/2015\/10\/Nitverktyg-RT4-RT6.jpg","datePublished":"2015-10-21T08:32:00+00:00","dateModified":"2026-03-19T13:32:03+00:00","description":"Rivet tool \/ RT4-RT6 is a tool for quick assembly of fastening rivets. With an ergonomic handle in plastic, and an elongated body in aluminum.","breadcrumb":{"@id":"https:\/\/c-profil.se\/produkt\/nitverktyg-rt4-rt6\/#breadcrumb"},"inLanguage":"en","potentialAction":[{"@type":"ReadAction","target":["https:\/\/c-profil.se\/produkt\/nitverktyg-rt4-rt6\/"]}]},{"@type":"ImageObject","inLanguage":"en","@id":"https:\/\/c-profil.se\/produkt\/nitverktyg-rt4-rt6\/#primaryimage","url":"https:\/\/c-profil.se\/wp-content\/uploads\/2015\/10\/Nitverktyg-RT4-RT6.jpg","contentUrl":"https:\/\/c-profil.se\/wp-content\/uploads\/2015\/10\/Nitverktyg-RT4-RT6.jpg","width":1000,"height":1000,"caption":"Nitverktyg RT4-RT6"},{"@type":"BreadcrumbList","@id":"https:\/\/c-profil.se\/produkt\/nitverktyg-rt4-rt6\/#breadcrumb","itemListElement":[{"@type":"ListItem","position":1,"name":"Hem","item":"https:\/\/c-profil.se\/"},{"@type":"ListItem","position":2,"name":"Produkter","item":"https:\/\/c-profil.se\/produkter\/"},{"@type":"ListItem","position":3,"name":"Verktyg","item":"https:\/\/c-profil.se\/produkt-kategori\/verktyg\/"},{"@type":"ListItem","position":4,"name":"Nitverktyg | RT4 \/ RT6"}]},{"@type":"WebSite","@id":"https:\/\/c-profil.se\/#website","url":"https:\/\/c-profil.se\/","name":"C-Pro","description":"Products for Electricity and Automation","publisher":{"@id":"https:\/\/c-profil.se\/#organization"},"potentialAction":[{"@type":"SearchAction","target":{"@type":"EntryPoint","urlTemplate":"https:\/\/c-profil.se\/?s={search_term_string}"},"query-input":{"@type":"PropertyValueSpecification","valueRequired":true,"valueName":"search_term_string"}}],"inLanguage":"en"},{"@type":"Organization","@id":"https:\/\/c-profil.se\/#organization","name":"C-Pro","alternateName":"C-PRO","url":"https:\/\/c-profil.se\/","logo":{"@type":"ImageObject","inLanguage":"en","@id":"https:\/\/c-profil.se\/#\/schema\/logo\/image\/","url":"https:\/\/c-profil.se\/wp-content\/uploads\/2022\/03\/c-pro-logga-liggande-500x500-1.png","contentUrl":"https:\/\/c-profil.se\/wp-content\/uploads\/2022\/03\/c-pro-logga-liggande-500x500-1.png","width":500,"height":500,"caption":"C-Pro"},"image":{"@id":"https:\/\/c-profil.se\/#\/schema\/logo\/image\/"},"sameAs":["https:\/\/www.facebook.com\/people\/C-Pro\/61561767306874\/","https:\/\/www.linkedin.com\/company\/c-pro-ab","https:\/\/www.instagram.com\/cpro.ab\/"],"description":"C-PRO AB is a comprehensive supplier of materials for applications in electricity and automation. Ever since the start in 1987, we have supplied the Swedish manufacturing industry with electrical materials. Despite our size and leading position, we have never abandoned our basic philosophy, to be a personal supplier. We at C-PRO are easy to get in touch with, honest and passionate about solving our customers&#039; problems.","email":"info@c-profil.se","telephone":"031575785","legalName":"C-Profil F\u00f6rl\u00e4ggningsmaterial AB","foundingDate":"1987-01-01"}]},"product_brand":"fasts\u00e4ttning","product_price_currency":"SEK","og_availability":"instock","product_availability":"instock","product_retailer_item_id":"RT4 \/ RT6","product_condition":"new"},"_links":{"self":[{"href":"https:\/\/c-profil.se\/english\/wp-json\/wp\/v2\/product\/23887","targetHints":{"allow":["GET"]}}],"collection":[{"href":"https:\/\/c-profil.se\/english\/wp-json\/wp\/v2\/product"}],"about":[{"href":"https:\/\/c-profil.se\/english\/wp-json\/wp\/v2\/types\/product"}],"version-history":[{"count":7,"href":"https:\/\/c-profil.se\/english\/wp-json\/wp\/v2\/product\/23887\/revisions"}],"predecessor-version":[{"id":74419,"href":"https:\/\/c-profil.se\/english\/wp-json\/wp\/v2\/product\/23887\/revisions\/74419"}],"wp:featuredmedia":[{"embeddable":true,"href":"https:\/\/c-profil.se\/english\/wp-json\/wp\/v2\/media\/51339"}],"wp:attachment":[{"href":"https:\/\/c-profil.se\/english\/wp-json\/wp\/v2\/media?parent=23887"}],"wp:term":[{"taxonomy":"product_brand","embeddable":true,"href":"https:\/\/c-profil.se\/english\/wp-json\/wp\/v2\/product_brand?post=23887"},{"taxonomy":"product_cat","embeddable":true,"href":"https:\/\/c-profil.se\/english\/wp-json\/wp\/v2\/product_cat?post=23887"},{"taxonomy":"product_tag","embeddable":true,"href":"https:\/\/c-profil.se\/english\/wp-json\/wp\/v2\/product_tag?post=23887"}],"curies":[{"name":"wp","href":"https:\/\/api.w.org\/{rel}","templated":true}]}}